{"id":7733,"date":"2025-05-30T19:22:15","date_gmt":"2025-05-30T13:52:15","guid":{"rendered":"https:\/\/c38a2c2a6e.nxcli.io\/se\/?page_id=7733"},"modified":"2025-07-25T17:26:29","modified_gmt":"2025-07-25T11:56:29","slug":"hitta-en-aterforsaljare-nara-dig","status":"publish","type":"page","link":"https:\/\/stp.com\/se\/hitta-en-aterforsaljare-nara-dig\/","title":{"rendered":"Hitta en \u00e5terf\u00f6rs\u00e4ljare n\u00e4ra dig"},"content":{"rendered":"\t\t<div data-elementor-type=\"wp-page\" data-elementor-id=\"7733\" class=\"elementor elementor-7733\" data-elementor-post-type=\"page\">\n\t\t\t\t<div class=\"elementor-element elementor-element-31acba5 e-flex e-con-boxed e-con e-parent\" data-id=\"31acba5\" data-element_type=\"container\" data-e-type=\"container\" data-settings=\"{&quot;background_background&quot;:&quot;classic&quot;}\">\n\t\t\t\t\t<div class=\"e-con-inner\">\n\t\t\t\t<div class=\"elementor-element elementor-element-c701f02 breadcrumb elementor-widget elementor-widget-breadcrumbs\" data-id=\"c701f02\" data-element_type=\"widget\" data-e-type=\"widget\" data-widget_type=\"breadcrumbs.default\">\n\t\t\t\t<div class=\"elementor-widget-container\">\n\t\t\t\t\t<p id=\"breadcrumbs\"><span><span><a href=\"https:\/\/stp.com\/se\/\">Home<\/a><\/span><\/span><\/p>\t\t\t\t<\/div>\n\t\t\t\t<\/div>\n\t\t<div class=\"elementor-element elementor-element-16a0d7c e-con-full e-flex e-con e-child\" data-id=\"16a0d7c\" data-element_type=\"container\" data-e-type=\"container\">\n\t\t<div class=\"elementor-element elementor-element-d683660 e-con-full product__head e-flex e-con e-child\" data-id=\"d683660\" data-element_type=\"container\" data-e-type=\"container\">\n\t\t\t\t<\/div>\n\t\t\t\t<\/div>\n\t\t\t\t\t<\/div>\n\t\t\t\t<\/div>\n\t\t<div class=\"elementor-element elementor-element-1c026cb top-red-border e-flex e-con-boxed e-con e-parent\" data-id=\"1c026cb\" data-element_type=\"container\" data-e-type=\"container\" data-settings=\"{&quot;background_background&quot;:&quot;classic&quot;}\">\n\t\t\t\t\t<div class=\"e-con-inner\">\n\t\t<div class=\"elementor-element elementor-element-142765e e-con-full e-flex e-con e-child\" data-id=\"142765e\" data-element_type=\"container\" data-e-type=\"container\" data-settings=\"{&quot;background_background&quot;:&quot;classic&quot;}\">\n\t\t\t\t<div class=\"elementor-element elementor-element-cd381f8 elementor-widget elementor-widget-heading\" data-id=\"cd381f8\" data-element_type=\"widget\" data-e-type=\"widget\" data-widget_type=\"heading.default\">\n\t\t\t\t<div class=\"elementor-widget-container\">\n\t\t\t\t\t<h2 class=\"elementor-heading-title elementor-size-default\">V\u00e5ra \u00e5terf\u00f6rs\u00e4ljare\n<\/h2>\t\t\t\t<\/div>\n\t\t\t\t<\/div>\n\t\t<div class=\"elementor-element elementor-element-e2600c1 e-con-full e-grid e-con e-child\" data-id=\"e2600c1\" data-element_type=\"container\" data-e-type=\"container\">\n\t\t\t\t<div class=\"elementor-element elementor-element-fd584a4 elementor-widget elementor-widget-image\" data-id=\"fd584a4\" data-element_type=\"widget\" data-e-type=\"widget\" data-widget_type=\"image.default\">\n\t\t\t\t<div class=\"elementor-widget-container\">\n\t\t\t\t\t\t\t\t\t\t\t\t\t\t\t\t<a href=\"https:\/\/www2.bilia.se\/sok\/?query=STP\" target=\"_blank\" aria-label=\"bilia\">\n\t\t\t\t\t\t\t<img fetchpriority=\"high\" decoding=\"async\" width=\"1024\" height=\"1024\" src=\"https:\/\/stpcdnimage.imgix.net\/wp-content\/uploads\/sites\/17\/2025\/05\/Bilia_Colour.avif?w=1024&amp;h=1024\" class=\"attachment-large size-large wp-image-7736\" alt=\"\" \/>\t\t\t\t\t\t\t\t<\/a>\n\t\t\t\t\t\t\t\t\t\t\t\t\t\t\t<\/div>\n\t\t\t\t<\/div>\n\t\t\t\t<div class=\"elementor-element elementor-element-4a3f027 elementor-widget elementor-widget-image\" data-id=\"4a3f027\" data-element_type=\"widget\" data-e-type=\"widget\" data-widget_type=\"image.default\">\n\t\t\t\t<div class=\"elementor-widget-container\">\n\t\t\t\t\t\t\t\t\t\t\t\t\t\t\t\t<a href=\"https:\/\/www.jula.se\/search\/?query=STP+\" target=\"_blank\" aria-label=\"jula\">\n\t\t\t\t\t\t\t<img decoding=\"async\" width=\"1024\" height=\"1024\" src=\"https:\/\/stpcdnimage.imgix.net\/wp-content\/uploads\/sites\/17\/2025\/05\/Jula_Colour.avif?w=1024&amp;h=1024\" class=\"attachment-large size-large wp-image-7737\" alt=\"\" \/>\t\t\t\t\t\t\t\t<\/a>\n\t\t\t\t\t\t\t\t\t\t\t\t\t\t\t<\/div>\n\t\t\t\t<\/div>\n\t\t\t\t<div class=\"elementor-element elementor-element-b2026f6 elementor-widget elementor-widget-image\" data-id=\"b2026f6\" data-element_type=\"widget\" data-e-type=\"widget\" data-widget_type=\"image.default\">\n\t\t\t\t<div class=\"elementor-widget-container\">\n\t\t\t\t\t\t\t\t\t\t\t\t\t\t\t\t<a href=\"https:\/\/www.mekonomen.se\/catalogsearch\/result\/?q=STP\" target=\"_blank\" aria-label=\"mekonomen\">\n\t\t\t\t\t\t\t<img decoding=\"async\" width=\"1024\" height=\"1024\" src=\"https:\/\/stpcdnimage.imgix.net\/wp-content\/uploads\/sites\/17\/2025\/05\/Mekonomen_Colour.avif?w=1024&amp;h=1024\" class=\"attachment-large size-large wp-image-7738\" alt=\"\" \/>\t\t\t\t\t\t\t\t<\/a>\n\t\t\t\t\t\t\t\t\t\t\t\t\t\t\t<\/div>\n\t\t\t\t<\/div>\n\t\t\t\t<div class=\"elementor-element elementor-element-285ed33 elementor-widget elementor-widget-image\" data-id=\"285ed33\" data-element_type=\"widget\" data-e-type=\"widget\" data-widget_type=\"image.default\">\n\t\t\t\t<div class=\"elementor-widget-container\">\n\t\t\t\t\t\t\t\t\t\t\t\t\t\t\t\t<a href=\"https:\/\/www.okq8.se\/produkter\/varumarken\/stp\" target=\"_blank\" aria-label=\"okq8\">\n\t\t\t\t\t\t\t<img loading=\"lazy\" decoding=\"async\" width=\"1024\" height=\"1024\" src=\"https:\/\/stpcdnimage.imgix.net\/wp-content\/uploads\/sites\/17\/2025\/05\/OKQ8_Colour.avif?w=1024&amp;h=1024\" class=\"attachment-large size-large wp-image-7739\" alt=\"\" \/>\t\t\t\t\t\t\t\t<\/a>\n\t\t\t\t\t\t\t\t\t\t\t\t\t\t\t<\/div>\n\t\t\t\t<\/div>\n\t\t\t\t<\/div>\n\t\t\t\t<\/div>\n\t\t\t\t\t<\/div>\n\t\t\t\t<\/div>\n\t\t\t\t<\/div>\n\t\t","protected":false},"excerpt":{"rendered":"<p>V\u00e5ra \u00e5terf\u00f6rs\u00e4ljare<\/p>\n","protected":false},"author":1,"featured_media":0,"parent":0,"menu_order":0,"comment_status":"closed","ping_status":"closed","template":"","meta":{"_acf_changed":false,"footnotes":""},"class_list":["post-7733","page","type-page","status-publish","hentry"],"acf":[],"yoast_head":"<!-- This site is optimized with the Yoast SEO plugin v27.4 - https:\/\/yoast.com\/product\/yoast-seo-wordpress\/ -->\n<title>Hitta en \u00e5terf\u00f6rs\u00e4ljare n\u00e4ra dig - STP\u00ae Sweden<\/title>\n<meta name=\"robots\" content=\"index, follow, max-snippet:-1, max-image-preview:large, max-video-preview:-1\" \/>\n<link rel=\"canonical\" href=\"https:\/\/stp.com\/se\/hitta-en-aterforsaljare-nara-dig\/\" \/>\n<meta property=\"og:locale\" content=\"en_US\" \/>\n<meta property=\"og:type\" content=\"article\" \/>\n<meta property=\"og:title\" content=\"Hitta en \u00e5terf\u00f6rs\u00e4ljare n\u00e4ra dig - STP\u00ae Sweden\" \/>\n<meta property=\"og:description\" content=\"V\u00e5ra \u00e5terf\u00f6rs\u00e4ljare\" \/>\n<meta property=\"og:url\" content=\"https:\/\/stp.com\/se\/hitta-en-aterforsaljare-nara-dig\/\" \/>\n<meta property=\"og:site_name\" content=\"STP\u00ae Sweden\" \/>\n<meta property=\"article:modified_time\" content=\"2025-07-25T11:56:29+00:00\" \/>\n<meta name=\"twitter:card\" content=\"summary_large_image\" \/>\n<meta name=\"twitter:label1\" content=\"Est. reading time\" \/>\n\t<meta name=\"twitter:data1\" content=\"1 minute\" \/>\n<script type=\"application\/ld+json\" class=\"yoast-schema-graph\">{\"@context\":\"https:\\\/\\\/schema.org\",\"@graph\":[{\"@type\":\"WebPage\",\"@id\":\"https:\\\/\\\/stp.com\\\/se\\\/hitta-en-aterforsaljare-nara-dig\\\/\",\"url\":\"https:\\\/\\\/stp.com\\\/se\\\/hitta-en-aterforsaljare-nara-dig\\\/\",\"name\":\"Hitta en \u00e5terf\u00f6rs\u00e4ljare n\u00e4ra dig - STP\u00ae Sweden\",\"isPartOf\":{\"@id\":\"https:\\\/\\\/c38a2c2a6e.nxcli.io\\\/se\\\/#website\"},\"primaryImageOfPage\":{\"@id\":\"https:\\\/\\\/stp.com\\\/se\\\/hitta-en-aterforsaljare-nara-dig\\\/#primaryimage\"},\"image\":{\"@id\":\"https:\\\/\\\/stp.com\\\/se\\\/hitta-en-aterforsaljare-nara-dig\\\/#primaryimage\"},\"thumbnailUrl\":\"https:\\\/\\\/stpcdnimage.imgix.net\\\/wp-content\\\/uploads\\\/sites\\\/17\\\/2025\\\/05\\\/Bilia_Colour.avif?w=1024&amp;h=1024\",\"datePublished\":\"2025-05-30T13:52:15+00:00\",\"dateModified\":\"2025-07-25T11:56:29+00:00\",\"breadcrumb\":{\"@id\":\"https:\\\/\\\/stp.com\\\/se\\\/hitta-en-aterforsaljare-nara-dig\\\/#breadcrumb\"},\"inLanguage\":\"en-US\",\"potentialAction\":[{\"@type\":\"ReadAction\",\"target\":[\"https:\\\/\\\/stp.com\\\/se\\\/hitta-en-aterforsaljare-nara-dig\\\/\"]}]},{\"@type\":\"ImageObject\",\"inLanguage\":\"en-US\",\"@id\":\"https:\\\/\\\/stp.com\\\/se\\\/hitta-en-aterforsaljare-nara-dig\\\/#primaryimage\",\"url\":\"https:\\\/\\\/stpcdnimage.imgix.net\\\/wp-content\\\/uploads\\\/sites\\\/17\\\/2025\\\/05\\\/Bilia_Colour.avif?w=1024&amp;h=1024\",\"contentUrl\":\"https:\\\/\\\/stpcdnimage.imgix.net\\\/wp-content\\\/uploads\\\/sites\\\/17\\\/2025\\\/05\\\/Bilia_Colour.avif?w=1024&amp;h=1024\"},{\"@type\":\"BreadcrumbList\",\"@id\":\"https:\\\/\\\/stp.com\\\/se\\\/hitta-en-aterforsaljare-nara-dig\\\/#breadcrumb\",\"itemListElement\":[{\"@type\":\"ListItem\",\"position\":1,\"name\":\"Home\",\"item\":\"https:\\\/\\\/stp.com\\\/se\\\/\"},{\"@type\":\"ListItem\",\"position\":2,\"name\":\"Hitta en \u00e5terf\u00f6rs\u00e4ljare n\u00e4ra dig\"}]},{\"@type\":\"WebSite\",\"@id\":\"https:\\\/\\\/c38a2c2a6e.nxcli.io\\\/se\\\/#website\",\"url\":\"https:\\\/\\\/c38a2c2a6e.nxcli.io\\\/se\\\/\",\"name\":\"STP\u00ae Sweden\",\"description\":\"Science. Technology. Performance\",\"potentialAction\":[{\"@type\":\"SearchAction\",\"target\":{\"@type\":\"EntryPoint\",\"urlTemplate\":\"https:\\\/\\\/c38a2c2a6e.nxcli.io\\\/se\\\/?s={search_term_string}\"},\"query-input\":{\"@type\":\"PropertyValueSpecification\",\"valueRequired\":true,\"valueName\":\"search_term_string\"}}],\"inLanguage\":\"en-US\"}]}<\/script>\n<!-- \/ Yoast SEO plugin. -->","yoast_head_json":{"title":"Hitta en \u00e5terf\u00f6rs\u00e4ljare n\u00e4ra dig - STP\u00ae Sweden","robots":{"index":"index","follow":"follow","max-snippet":"max-snippet:-1","max-image-preview":"max-image-preview:large","max-video-preview":"max-video-preview:-1"},"canonical":"https:\/\/stp.com\/se\/hitta-en-aterforsaljare-nara-dig\/","og_locale":"en_US","og_type":"article","og_title":"Hitta en \u00e5terf\u00f6rs\u00e4ljare n\u00e4ra dig - STP\u00ae Sweden","og_description":"V\u00e5ra \u00e5terf\u00f6rs\u00e4ljare","og_url":"https:\/\/stp.com\/se\/hitta-en-aterforsaljare-nara-dig\/","og_site_name":"STP\u00ae Sweden","article_modified_time":"2025-07-25T11:56:29+00:00","twitter_card":"summary_large_image","twitter_misc":{"Est. reading time":"1 minute"},"schema":{"@context":"https:\/\/schema.org","@graph":[{"@type":"WebPage","@id":"https:\/\/stp.com\/se\/hitta-en-aterforsaljare-nara-dig\/","url":"https:\/\/stp.com\/se\/hitta-en-aterforsaljare-nara-dig\/","name":"Hitta en \u00e5terf\u00f6rs\u00e4ljare n\u00e4ra dig - STP\u00ae Sweden","isPartOf":{"@id":"https:\/\/c38a2c2a6e.nxcli.io\/se\/#website"},"primaryImageOfPage":{"@id":"https:\/\/stp.com\/se\/hitta-en-aterforsaljare-nara-dig\/#primaryimage"},"image":{"@id":"https:\/\/stp.com\/se\/hitta-en-aterforsaljare-nara-dig\/#primaryimage"},"thumbnailUrl":"https:\/\/stpcdnimage.imgix.net\/wp-content\/uploads\/sites\/17\/2025\/05\/Bilia_Colour.avif?w=1024&amp;h=1024","datePublished":"2025-05-30T13:52:15+00:00","dateModified":"2025-07-25T11:56:29+00:00","breadcrumb":{"@id":"https:\/\/stp.com\/se\/hitta-en-aterforsaljare-nara-dig\/#breadcrumb"},"inLanguage":"en-US","potentialAction":[{"@type":"ReadAction","target":["https:\/\/stp.com\/se\/hitta-en-aterforsaljare-nara-dig\/"]}]},{"@type":"ImageObject","inLanguage":"en-US","@id":"https:\/\/stp.com\/se\/hitta-en-aterforsaljare-nara-dig\/#primaryimage","url":"https:\/\/stpcdnimage.imgix.net\/wp-content\/uploads\/sites\/17\/2025\/05\/Bilia_Colour.avif?w=1024&amp;h=1024","contentUrl":"https:\/\/stpcdnimage.imgix.net\/wp-content\/uploads\/sites\/17\/2025\/05\/Bilia_Colour.avif?w=1024&amp;h=1024"},{"@type":"BreadcrumbList","@id":"https:\/\/stp.com\/se\/hitta-en-aterforsaljare-nara-dig\/#breadcrumb","itemListElement":[{"@type":"ListItem","position":1,"name":"Home","item":"https:\/\/stp.com\/se\/"},{"@type":"ListItem","position":2,"name":"Hitta en \u00e5terf\u00f6rs\u00e4ljare n\u00e4ra dig"}]},{"@type":"WebSite","@id":"https:\/\/c38a2c2a6e.nxcli.io\/se\/#website","url":"https:\/\/c38a2c2a6e.nxcli.io\/se\/","name":"STP\u00ae Sweden","description":"Science. Technology. Performance","potentialAction":[{"@type":"SearchAction","target":{"@type":"EntryPoint","urlTemplate":"https:\/\/c38a2c2a6e.nxcli.io\/se\/?s={search_term_string}"},"query-input":{"@type":"PropertyValueSpecification","valueRequired":true,"valueName":"search_term_string"}}],"inLanguage":"en-US"}]}},"_links":{"self":[{"href":"https:\/\/stp.com\/se\/wp-json\/wp\/v2\/pages\/7733","targetHints":{"allow":["GET"]}}],"collection":[{"href":"https:\/\/stp.com\/se\/wp-json\/wp\/v2\/pages"}],"about":[{"href":"https:\/\/stp.com\/se\/wp-json\/wp\/v2\/types\/page"}],"author":[{"embeddable":true,"href":"https:\/\/stp.com\/se\/wp-json\/wp\/v2\/users\/1"}],"replies":[{"embeddable":true,"href":"https:\/\/stp.com\/se\/wp-json\/wp\/v2\/comments?post=7733"}],"version-history":[{"count":19,"href":"https:\/\/stp.com\/se\/wp-json\/wp\/v2\/pages\/7733\/revisions"}],"predecessor-version":[{"id":8660,"href":"https:\/\/stp.com\/se\/wp-json\/wp\/v2\/pages\/7733\/revisions\/8660"}],"wp:attachment":[{"href":"https:\/\/stp.com\/se\/wp-json\/wp\/v2\/media?parent=7733"}],"curies":[{"name":"wp","href":"https:\/\/api.w.org\/{rel}","templated":true}]}}