{"id":7434,"date":"2025-04-16T10:12:17","date_gmt":"2025-04-16T04:42:17","guid":{"rendered":"https:\/\/c38a2c2a6e.nxcli.io\/se\/?page_id=7434"},"modified":"2025-06-24T13:37:35","modified_gmt":"2025-06-24T08:07:35","slug":"produkter","status":"publish","type":"page","link":"https:\/\/stp.com\/se\/produkter\/","title":{"rendered":"Produkter"},"content":{"rendered":"\t\t<div data-elementor-type=\"wp-page\" data-elementor-id=\"7434\" class=\"elementor elementor-7434\" data-elementor-post-type=\"page\">\n\t\t\t\t<div class=\"elementor-element elementor-element-2beaf8b e-flex e-con-boxed e-con e-parent\" data-id=\"2beaf8b\" data-element_type=\"container\" data-e-type=\"container\" data-settings=\"{&quot;background_background&quot;:&quot;classic&quot;}\">\n\t\t\t\t\t<div class=\"e-con-inner\">\n\t\t\t\t<div class=\"elementor-element elementor-element-1431fa3 breadcrumb elementor-widget elementor-widget-breadcrumbs\" data-id=\"1431fa3\" data-element_type=\"widget\" data-e-type=\"widget\" data-widget_type=\"breadcrumbs.default\">\n\t\t\t\t<div class=\"elementor-widget-container\">\n\t\t\t\t\t<p id=\"breadcrumbs\"><span><span><a href=\"https:\/\/stp.com\/se\/\">Home<\/a><\/span><\/span><\/p>\t\t\t\t<\/div>\n\t\t\t\t<\/div>\n\t\t<div class=\"elementor-element elementor-element-d7c5add e-con-full e-flex e-con e-child\" data-id=\"d7c5add\" data-element_type=\"container\" data-e-type=\"container\">\n\t\t<div class=\"elementor-element elementor-element-2ea679d e-con-full product__head e-flex e-con e-child\" data-id=\"2ea679d\" data-element_type=\"container\" data-e-type=\"container\">\n\t\t\t\t<div class=\"elementor-element elementor-element-6e1f529 elementor-widget elementor-widget-heading\" data-id=\"6e1f529\" data-element_type=\"widget\" data-e-type=\"widget\" data-widget_type=\"heading.default\">\n\t\t\t\t<div class=\"elementor-widget-container\">\n\t\t\t\t\t<h1 class=\"elementor-heading-title elementor-size-default\">Produkter<\/h1>\t\t\t\t<\/div>\n\t\t\t\t<\/div>\n\t\t\t\t<div class=\"elementor-element elementor-element-64ee759 product__subtitle elementor-widget elementor-widget-heading\" data-id=\"64ee759\" data-element_type=\"widget\" data-e-type=\"widget\" data-widget_type=\"heading.default\">\n\t\t\t\t<div class=\"elementor-widget-container\">\n\t\t\t\t\t<div class=\"elementor-heading-title elementor-size-default\">I \u00f6ver 60 \u00e5r, och efter fler mil \u00e4n n\u00e5gon kan r\u00e4kna, har STP\u00ae varit ett av de mest p\u00e5litliga namnen inom bilv\u00e5rd. Som en del av ditt vanliga grundl\u00e4ggande underh\u00e5ll kan anv\u00e4ndningen av STP\u00ae-produkter hj\u00e4lpa din motor att g\u00e5 b\u00e4ttre under en l\u00e4ngre tid.\n<\/div>\t\t\t\t<\/div>\n\t\t\t\t<\/div>\n\t\t\t\t<\/div>\n\t\t\t\t<\/div>\n\t\t\t\t\t<\/div>\n\t\t\t\t<\/div>\n\t\t<div class=\"elementor-element elementor-element-0aca8f7 top-red-border e-flex e-con-boxed e-con e-parent\" data-id=\"0aca8f7\" data-element_type=\"container\" data-e-type=\"container\" data-settings=\"{&quot;background_background&quot;:&quot;classic&quot;}\">\n\t\t\t\t\t<div class=\"e-con-inner\">\n\t\t\t\t<div class=\"elementor-element elementor-element-d980aa0 elementor-widget__width-inherit elementor-widget elementor-widget-shortcode\" data-id=\"d980aa0\" data-element_type=\"widget\" data-e-type=\"widget\" data-widget_type=\"shortcode.default\">\n\t\t\t\t<div class=\"elementor-widget-container\">\n\t\t\t\t\t\t\t<div class=\"elementor-shortcode\">\t<!--- Category filters -->\n\t<input type=\"hidden\" value=\"https:\/\/stp.com\/se\/\/\" id=\"cat-base-url\" \/>\n\t<div class=\"product-filter form--dark hidden grid-lg grid-lg-cols-4 grid-gutter-sm\">\n\t\t<div class=\"product-filter__field\">\n\t\t\t<label class=\"product-filter__label\">Produktkategori<\/label> \n\t\t\t<select class=\"product-filter__select inactive\" \n\t\t\tname=\"product-category-parent\" \n\t\t\tid=\"product-category-parent\" \n\t\t\taria-label=\"Produktkategori\">\n\n\t\t\t\t<option value=\"\">\nV\u00e4lj<\/option>\n\t\t\t\t\t\t\t<\/select>\n\t\t<\/div>\n\t\t\t\t\n\t\t<div class=\"product-filter__field\" style=\"grid-column: 4;\">\n\t\t\t<label class=\"product-filter__label\">Sortera efter<\/label> \n\t\t\t<select class=\"product-filter__select inactive\" \n\t\t\tname=\"product-category-sort\" \n\t\t\tid=\"product-category-sort\" \n\t\t\taria-label=\"Sortera efter\">\n\n\t\t\t\t<option value=\"\" selected=\"\" disabled=\"\">\nV\u00e4lj<\/option>\n\t\t\t\t<option value=\"AZ\">A to Z<\/option>\n\t\t\t\t<option value=\"ZA\">Z to A<\/option>\n\t\t\t<\/select>\n\t\t<\/div>\t\t\t\n\t<\/div>\n\t<!--- Products listings -->\n\t\t\t\t<div class=\"cards grid grid-lg-cols-4 grid-cols-2 grid-gutter-sm\" id=\"products-listings\">\n\t\t\t\t\t\t\t<div class=\"card card--product\" id=\"product-7759\"  data-title=\"Injector Cleaner &#8211; Bensin\">\n\t\t\t\t\t\t\t\t\t\t<div class=\"card__image card__image--has-rollover\">\n\n\t\t\t\t\t\t<img fetchpriority=\"high\" decoding=\"async\" src=\"https:\/\/stpcdnimage.imgix.net\/global-media\/wp-content\/uploads\/sites\/6\/product-images\/E301997900_01.png\" alt=\"Injector Cleaner &#8211; Bensin\" class=\"\" width=\"850\" height=\"850\" \/>\n\t\t\t\t\t\t<div class=\"btn btn--solid rollover\">SE Produkt<\/div>\n\t\t\t\t\t<\/div>\n\t\t\t\t\t<div class=\"card__pretitle\"><span class=\"card__category\">Produkter<\/span><\/div>\n\t\t\t\t\t<h3 class=\"h3\">\n\t\t\t\t\t\t<a href=\"https:\/\/stp.com\/se\/product\/injector-cleaner-bensin\/\" class=\"cover-link card__link\">Injector Cleaner &#8211; Bensin<\/a>\n\t\t\t\t\t<\/h3>\n\t\t\t\t\t\t\t\t\t<\/div>\n\t\t\t\t\t\t\t<div class=\"card card--product\" id=\"product-7762\"  data-title=\"Diesel Injector Cleaner\">\n\t\t\t\t\t\t\t\t\t\t<div class=\"card__image card__image--has-rollover\">\n\n\t\t\t\t\t\t<img decoding=\"async\" src=\"https:\/\/stpcdnimage.imgix.net\/global-media\/wp-content\/uploads\/sites\/6\/product-images\/E302002400_01.png\" alt=\"Diesel Injector Cleaner\" class=\"\" width=\"850\" height=\"850\" \/>\n\t\t\t\t\t\t<div class=\"btn btn--solid rollover\">SE Produkt<\/div>\n\t\t\t\t\t<\/div>\n\t\t\t\t\t<div class=\"card__pretitle\"><span class=\"card__category\">Produkter<\/span><\/div>\n\t\t\t\t\t<h3 class=\"h3\">\n\t\t\t\t\t\t<a href=\"https:\/\/stp.com\/se\/product\/diesel-injector-cleaner\/\" class=\"cover-link card__link\">Diesel Injector Cleaner<\/a>\n\t\t\t\t\t<\/h3>\n\t\t\t\t\t\t\t\t\t<\/div>\n\t\t\t\t\t\t\t<div class=\"card card--product\" id=\"product-7765\"  data-title=\"Oil Treatment (Bensinmotorer)\">\n\t\t\t\t\t\t\t\t\t\t<div class=\"card__image card__image--has-rollover\">\n\n\t\t\t\t\t\t<img decoding=\"async\" src=\"https:\/\/stpcdnimage.imgix.net\/global-media\/wp-content\/uploads\/sites\/6\/product-images\/E303202900_01.png\" alt=\"Oil Treatment (Bensinmotorer)\" class=\"\" width=\"850\" height=\"850\" \/>\n\t\t\t\t\t\t<div class=\"btn btn--solid rollover\">SE Produkt<\/div>\n\t\t\t\t\t<\/div>\n\t\t\t\t\t<div class=\"card__pretitle\"><span class=\"card__category\">Produkter<\/span><\/div>\n\t\t\t\t\t<h3 class=\"h3\">\n\t\t\t\t\t\t<a href=\"https:\/\/stp.com\/se\/product\/oil-treatment-bensinmotorer\/\" class=\"cover-link card__link\">Oil Treatment (Bensinmotorer)<\/a>\n\t\t\t\t\t<\/h3>\n\t\t\t\t\t\t\t\t\t<\/div>\n\t\t\t\t\t\t\t<div class=\"card card--product\" id=\"product-7768\"  data-title=\"Oil Treatment for Diesel Engines\">\n\t\t\t\t\t\t\t\t\t\t<div class=\"card__image card__image--has-rollover\">\n\n\t\t\t\t\t\t<img loading=\"lazy\" decoding=\"async\" src=\"https:\/\/stpcdnimage.imgix.net\/global-media\/wp-content\/uploads\/sites\/6\/product-images\/E303202700_01.png\" alt=\"Oil Treatment for Diesel Engines\" class=\"\" width=\"850\" height=\"850\" \/>\n\t\t\t\t\t\t<div class=\"btn btn--solid rollover\">SE Produkt<\/div>\n\t\t\t\t\t<\/div>\n\t\t\t\t\t<div class=\"card__pretitle\"><span class=\"card__category\">Produkter<\/span><\/div>\n\t\t\t\t\t<h3 class=\"h3\">\n\t\t\t\t\t\t<a href=\"https:\/\/stp.com\/se\/product\/oil-treatment-for-diesel-engines\/\" class=\"cover-link card__link\">Oil Treatment for Diesel Engines<\/a>\n\t\t\t\t\t<\/h3>\n\t\t\t\t\t\t\t\t\t<\/div>\n\t\t\t\t\t\t\t<div class=\"card card--product\" id=\"product-7770\"  data-title=\"Emissions Reducer &#8211; Petrol\">\n\t\t\t\t\t\t\t\t\t\t<div class=\"card__image card__image--has-rollover\">\n\n\t\t\t\t\t\t<img loading=\"lazy\" decoding=\"async\" src=\"https:\/\/stpcdnimage.imgix.net\/global-media\/wp-content\/uploads\/sites\/6\/product-images\/E303200300_01.png\" alt=\"Emissions Reducer &#8211; Petrol\" class=\"\" width=\"850\" height=\"850\" \/>\n\t\t\t\t\t\t<div class=\"btn btn--solid rollover\">SE Produkt<\/div>\n\t\t\t\t\t<\/div>\n\t\t\t\t\t<div class=\"card__pretitle\"><span class=\"card__category\">Produkter<\/span><\/div>\n\t\t\t\t\t<h3 class=\"h3\">\n\t\t\t\t\t\t<a href=\"https:\/\/stp.com\/se\/product\/emissions-reducer-petrol\/\" class=\"cover-link card__link\">Emissions Reducer &#8211; Petrol<\/a>\n\t\t\t\t\t<\/h3>\n\t\t\t\t\t\t\t\t\t<\/div>\n\t\t\t\t\t\t\t<div class=\"card card--product\" id=\"product-7774\"  data-title=\"Emissions Reducer &#8211; Diesel\">\n\t\t\t\t\t\t\t\t\t\t<div class=\"card__image card__image--has-rollover\">\n\n\t\t\t\t\t\t<img loading=\"lazy\" decoding=\"async\" src=\"https:\/\/stpcdnimage.imgix.net\/global-media\/wp-content\/uploads\/sites\/6\/product-images\/E303202300_01.png\" alt=\"Emissions Reducer &#8211; Diesel\" class=\"\" width=\"850\" height=\"850\" \/>\n\t\t\t\t\t\t<div class=\"btn btn--solid rollover\">SE Produkt<\/div>\n\t\t\t\t\t<\/div>\n\t\t\t\t\t<div class=\"card__pretitle\"><span class=\"card__category\">Produkter<\/span><\/div>\n\t\t\t\t\t<h3 class=\"h3\">\n\t\t\t\t\t\t<a href=\"https:\/\/stp.com\/se\/product\/emissions-reducer-diesel\/\" class=\"cover-link card__link\">Emissions Reducer &#8211; Diesel<\/a>\n\t\t\t\t\t<\/h3>\n\t\t\t\t\t\t\t\t\t<\/div>\n\t\t\t\t\t\t\t<div class=\"card card--product\" id=\"product-7777\"  data-title=\"Complete Fuel System Cleaner \u2013 Bensin\">\n\t\t\t\t\t\t\t\t\t\t<div class=\"card__image card__image--has-rollover\">\n\n\t\t\t\t\t\t<img loading=\"lazy\" decoding=\"async\" src=\"https:\/\/stpcdnimage.imgix.net\/global-media\/wp-content\/uploads\/sites\/6\/product-images\/E301994400_01.png\" alt=\"Complete Fuel System Cleaner \u2013 Bensin\" class=\"\" width=\"850\" height=\"850\" \/>\n\t\t\t\t\t\t<div class=\"btn btn--solid rollover\">SE Produkt<\/div>\n\t\t\t\t\t<\/div>\n\t\t\t\t\t<div class=\"card__pretitle\"><span class=\"card__category\">Produkter<\/span><\/div>\n\t\t\t\t\t<h3 class=\"h3\">\n\t\t\t\t\t\t<a href=\"https:\/\/stp.com\/se\/product\/complete-fuel-system-cleaner-bensin\/\" class=\"cover-link card__link\">Complete Fuel System Cleaner \u2013 Bensin<\/a>\n\t\t\t\t\t<\/h3>\n\t\t\t\t\t\t\t\t\t<\/div>\n\t\t\t\t\t\t\t<div class=\"card card--product\" id=\"product-7782\"  data-title=\"Complete System Cleaner \u2013 Diesel\">\n\t\t\t\t\t\t\t\t\t\t<div class=\"card__image card__image--has-rollover\">\n\n\t\t\t\t\t\t<img loading=\"lazy\" decoding=\"async\" src=\"https:\/\/stpcdnimage.imgix.net\/global-media\/wp-content\/uploads\/sites\/6\/product-images\/E302008900_01.png\" alt=\"Complete System Cleaner \u2013 Diesel\" class=\"\" width=\"850\" height=\"850\" \/>\n\t\t\t\t\t\t<div class=\"btn btn--solid rollover\">SE Produkt<\/div>\n\t\t\t\t\t<\/div>\n\t\t\t\t\t<div class=\"card__pretitle\"><span class=\"card__category\">Produkter<\/span><\/div>\n\t\t\t\t\t<h3 class=\"h3\">\n\t\t\t\t\t\t<a href=\"https:\/\/stp.com\/se\/product\/complete-system-cleaner-diesel\/\" class=\"cover-link card__link\">Complete System Cleaner \u2013 Diesel<\/a>\n\t\t\t\t\t<\/h3>\n\t\t\t\t\t\t\t\t\t<\/div>\n\t\t\t\t\t\t\t<div class=\"card card--product\" id=\"product-7787\"  data-title=\"Diesel Particulate Filter (DPF) Cleaner\">\n\t\t\t\t\t\t\t\t\t\t<div class=\"card__image card__image--has-rollover\">\n\n\t\t\t\t\t\t<img loading=\"lazy\" decoding=\"async\" src=\"https:\/\/stpcdnimage.imgix.net\/global-media\/wp-content\/uploads\/sites\/6\/product-images\/E302011400_01.png\" alt=\"Diesel Particulate Filter (DPF) Cleaner\" class=\"\" width=\"850\" height=\"850\" \/>\n\t\t\t\t\t\t<div class=\"btn btn--solid rollover\">SE Produkt<\/div>\n\t\t\t\t\t<\/div>\n\t\t\t\t\t<div class=\"card__pretitle\"><span class=\"card__category\">Produkter<\/span><\/div>\n\t\t\t\t\t<h3 class=\"h3\">\n\t\t\t\t\t\t<a href=\"https:\/\/stp.com\/se\/product\/diesel-particulate-filter-dpf-cleaner\/\" class=\"cover-link card__link\">Diesel Particulate Filter (DPF) Cleaner<\/a>\n\t\t\t\t\t<\/h3>\n\t\t\t\t\t\t\t\t\t<\/div>\n\t\t\t\t\t\t\t<div class=\"card card--product\" id=\"product-2065\"  data-title=\"Ultra 5-in-1 Diesel System Cleaner\">\n\t\t\t\t\t\t\t\t\t\t<div class=\"card__image card__image--has-rollover\">\n\n\t\t\t\t\t\t<img loading=\"lazy\" decoding=\"async\" src=\"https:\/\/stpcdnimage.imgix.net\/global-media\/wp-content\/uploads\/sites\/6\/product-images\/E302017000_01.png\" alt=\"Ultra 5-in-1 Diesel System Cleaner\" class=\"\" width=\"850\" height=\"850\" \/>\n\t\t\t\t\t\t<div class=\"btn btn--solid rollover\">SE Produkt<\/div>\n\t\t\t\t\t<\/div>\n\t\t\t\t\t<div class=\"card__pretitle\"><span class=\"card__category\">Produkter<\/span><\/div>\n\t\t\t\t\t<h3 class=\"h3\">\n\t\t\t\t\t\t<a href=\"https:\/\/stp.com\/se\/product\/ultra-5-in-1-diesel-system-cleaner\/\" class=\"cover-link card__link\">Ultra 5-in-1 Diesel System Cleaner<\/a>\n\t\t\t\t\t<\/h3>\n\t\t\t\t\t\t\t\t\t<\/div>\n\t\t\t\t\t\t\t<div class=\"card card--product\" id=\"product-7792\"  data-title=\"Start-Stop Petrol Engine Cleaner\">\n\t\t\t\t\t\t\t\t\t\t<div class=\"card__image card__image--has-rollover\">\n\n\t\t\t\t\t\t<img loading=\"lazy\" decoding=\"async\" src=\"https:\/\/stpcdnimage.imgix.net\/global-media\/wp-content\/uploads\/sites\/6\/product-images\/E302013600_01.png\" alt=\"Start-Stop Petrol Engine Cleaner\" class=\"\" width=\"850\" height=\"850\" \/>\n\t\t\t\t\t\t<div class=\"btn btn--solid rollover\">SE Produkt<\/div>\n\t\t\t\t\t<\/div>\n\t\t\t\t\t<div class=\"card__pretitle\"><span class=\"card__category\">Produkter<\/span><\/div>\n\t\t\t\t\t<h3 class=\"h3\">\n\t\t\t\t\t\t<a href=\"https:\/\/stp.com\/se\/product\/start-stop-petrol-engine-cleaner\/\" class=\"cover-link card__link\">Start-Stop Petrol Engine Cleaner<\/a>\n\t\t\t\t\t<\/h3>\n\t\t\t\t\t\t\t\t\t<\/div>\n\t\t\t\t\t\t\t<div class=\"card card--product\" id=\"product-7795\"  data-title=\"Start-Stop Diesel Engine Cleaner\">\n\t\t\t\t\t\t\t\t\t\t<div class=\"card__image card__image--has-rollover\">\n\n\t\t\t\t\t\t<img loading=\"lazy\" decoding=\"async\" src=\"https:\/\/stpcdnimage.imgix.net\/global-media\/wp-content\/uploads\/sites\/6\/product-images\/E302014800_01.png\" alt=\"Start-Stop Diesel Engine Cleaner\" class=\"\" width=\"850\" height=\"850\" \/>\n\t\t\t\t\t\t<div class=\"btn btn--solid rollover\">SE Produkt<\/div>\n\t\t\t\t\t<\/div>\n\t\t\t\t\t<div class=\"card__pretitle\"><span class=\"card__category\">Produkter<\/span><\/div>\n\t\t\t\t\t<h3 class=\"h3\">\n\t\t\t\t\t\t<a href=\"https:\/\/stp.com\/se\/product\/start-stop-diesel-engine-cleaner\/\" class=\"cover-link card__link\">Start-Stop Diesel Engine Cleaner<\/a>\n\t\t\t\t\t<\/h3>\n\t\t\t\t\t\t\t\t\t<\/div>\n\t\t\t\t\t\t\t<div class=\"card card--product\" id=\"product-7799\"  data-title=\"Diesel Injection Trim\">\n\t\t\t\t\t\t\t\t\t\t<div class=\"card__image card__image--has-rollover\">\n\n\t\t\t\t\t\t<img loading=\"lazy\" decoding=\"async\" src=\"https:\/\/stpcdnimage.imgix.net\/global-media\/wp-content\/uploads\/sites\/6\/product-images\/E301999300_01.png\" alt=\"Diesel Injection Trim\" class=\"\" width=\"850\" height=\"850\" \/>\n\t\t\t\t\t\t<div class=\"btn btn--solid rollover\">SE Produkt<\/div>\n\t\t\t\t\t<\/div>\n\t\t\t\t\t<div class=\"card__pretitle\"><span class=\"card__category\">Produkter<\/span><\/div>\n\t\t\t\t\t<h3 class=\"h3\">\n\t\t\t\t\t\t<a href=\"https:\/\/stp.com\/se\/product\/diesel-injection-trim\/\" class=\"cover-link card__link\">Diesel Injection Trim<\/a>\n\t\t\t\t\t<\/h3>\n\t\t\t\t\t\t\t\t\t<\/div>\n\t\t\t\t\t\t\t<div class=\"card card--product\" id=\"product-7803\"  data-title=\"INJECTION TRIM \u2013 Bensin\">\n\t\t\t\t\t\t\t\t\t\t<div class=\"card__image card__image--has-rollover\">\n\n\t\t\t\t\t\t<img loading=\"lazy\" decoding=\"async\" src=\"https:\/\/stpcdnimage.imgix.net\/global-media\/wp-content\/uploads\/sites\/6\/product-images\/E301995900_01.png\" alt=\"INJECTION TRIM \u2013 Bensin\" class=\"\" width=\"850\" height=\"850\" \/>\n\t\t\t\t\t\t<div class=\"btn btn--solid rollover\">SE Produkt<\/div>\n\t\t\t\t\t<\/div>\n\t\t\t\t\t<div class=\"card__pretitle\"><span class=\"card__category\">Produkter<\/span><\/div>\n\t\t\t\t\t<h3 class=\"h3\">\n\t\t\t\t\t\t<a href=\"https:\/\/stp.com\/se\/product\/injection-trim-bensin\/\" class=\"cover-link card__link\">INJECTION TRIM \u2013 Bensin<\/a>\n\t\t\t\t\t<\/h3>\n\t\t\t\t\t\t\t\t\t<\/div>\n\t\t\t\t\t\t\t<div class=\"card card--product\" id=\"product-7807\"  data-title=\"Radiator Sealer\">\n\t\t\t\t\t\t\t\t\t\t<div class=\"card__image card__image--has-rollover\">\n\n\t\t\t\t\t\t<img loading=\"lazy\" decoding=\"async\" src=\"https:\/\/stpcdnimage.imgix.net\/global-media\/wp-content\/uploads\/sites\/6\/product-images\/E302023200_01.png\" alt=\"Radiator Sealer\" class=\"\" width=\"850\" height=\"850\" \/>\n\t\t\t\t\t\t<div class=\"btn btn--solid rollover\">SE Produkt<\/div>\n\t\t\t\t\t<\/div>\n\t\t\t\t\t<div class=\"card__pretitle\"><span class=\"card__category\">Produkter<\/span><\/div>\n\t\t\t\t\t<h3 class=\"h3\">\n\t\t\t\t\t\t<a href=\"https:\/\/stp.com\/se\/product\/radiator-sealer\/\" class=\"cover-link card__link\">Radiator Sealer<\/a>\n\t\t\t\t\t<\/h3>\n\t\t\t\t\t\t\t\t\t<\/div>\n\t\t\t\t\t\t\t<div class=\"card card--product\" id=\"product-7810\"  data-title=\"Ultra 5-in-1 Petrol System Cleaner\">\n\t\t\t\t\t\t\t\t\t\t<div class=\"card__image card__image--has-rollover\">\n\n\t\t\t\t\t\t<img loading=\"lazy\" decoding=\"async\" src=\"https:\/\/stpcdnimage.imgix.net\/global-media\/wp-content\/uploads\/sites\/6\/product-images\/E302016100_01.png\" alt=\"Ultra 5-in-1 Petrol System Cleaner\" class=\"\" width=\"850\" height=\"850\" \/>\n\t\t\t\t\t\t<div class=\"btn btn--solid rollover\">SE Produkt<\/div>\n\t\t\t\t\t<\/div>\n\t\t\t\t\t<div class=\"card__pretitle\"><span class=\"card__category\">Produkter<\/span><\/div>\n\t\t\t\t\t<h3 class=\"h3\">\n\t\t\t\t\t\t<a href=\"https:\/\/stp.com\/se\/product\/ultra-5-in-1-petrol-system-cleaner\/\" class=\"cover-link card__link\">Ultra 5-in-1 Petrol System Cleaner<\/a>\n\t\t\t\t\t<\/h3>\n\t\t\t\t\t\t\t\t\t<\/div>\n\t\t\t\t\t\t\t<div class=\"card card--product\" id=\"product-7812\"  data-title=\"Power Steering Fluid with Stop Leak\">\n\t\t\t\t\t\t\t\t\t\t<div class=\"card__image card__image--has-rollover\">\n\n\t\t\t\t\t\t<img loading=\"lazy\" decoding=\"async\" src=\"https:\/\/stpcdnimage.imgix.net\/global-media\/wp-content\/uploads\/sites\/6\/product-images\/E303203200_01.png\" alt=\"Power Steering Fluid with Stop Leak\" class=\"\" width=\"850\" height=\"850\" \/>\n\t\t\t\t\t\t<div class=\"btn btn--solid rollover\">SE Produkt<\/div>\n\t\t\t\t\t<\/div>\n\t\t\t\t\t<div class=\"card__pretitle\"><span class=\"card__category\">Produkter<\/span><\/div>\n\t\t\t\t\t<h3 class=\"h3\">\n\t\t\t\t\t\t<a href=\"https:\/\/stp.com\/se\/product\/power-steering-fluid-with-stop-leak\/\" class=\"cover-link card__link\">Power Steering Fluid with Stop Leak<\/a>\n\t\t\t\t\t<\/h3>\n\t\t\t\t\t\t\t\t\t<\/div>\n\t\t\t\t\t\t\t<div class=\"card card--product\" id=\"product-7815\"  data-title=\"SYNTHETIC OIL TREATMENT (Bensin och diesel)\">\n\t\t\t\t\t\t\t\t\t\t<div class=\"card__image card__image--has-rollover\">\n\n\t\t\t\t\t\t<img loading=\"lazy\" decoding=\"async\" src=\"https:\/\/stpcdnimage.imgix.net\/global-media\/wp-content\/uploads\/sites\/6\/product-images\/E303203100_01.png\" alt=\"SYNTHETIC OIL TREATMENT (Bensin och diesel)\" class=\"\" width=\"850\" height=\"850\" \/>\n\t\t\t\t\t\t<div class=\"btn btn--solid rollover\">SE Produkt<\/div>\n\t\t\t\t\t<\/div>\n\t\t\t\t\t<div class=\"card__pretitle\"><span class=\"card__category\">Produkter<\/span><\/div>\n\t\t\t\t\t<h3 class=\"h3\">\n\t\t\t\t\t\t<a href=\"https:\/\/stp.com\/se\/product\/synthetic-oil-treatment-bensin-och-diesel\/\" class=\"cover-link card__link\">SYNTHETIC OIL TREATMENT (Bensin och diesel)<\/a>\n\t\t\t\t\t<\/h3>\n\t\t\t\t\t\t\t\t\t<\/div>\n\t\t\t\t\t\t\t<div class=\"card card--product\" id=\"product-7818\"  data-title=\"Synthetic Brake Fluid &#8211; DOT 4\">\n\t\t\t\t\t\t\t\t\t\t<div class=\"card__image card__image--has-rollover\">\n\n\t\t\t\t\t\t<img loading=\"lazy\" decoding=\"async\" src=\"https:\/\/stpcdnimage.imgix.net\/global-media\/wp-content\/uploads\/sites\/6\/product-images\/E303208200_01.png\" alt=\"Synthetic Brake Fluid &#8211; DOT 4\" class=\"\" width=\"850\" height=\"850\" \/>\n\t\t\t\t\t\t<div class=\"btn btn--solid rollover\">SE Produkt<\/div>\n\t\t\t\t\t<\/div>\n\t\t\t\t\t<div class=\"card__pretitle\"><span class=\"card__category\">Produkter<\/span><\/div>\n\t\t\t\t\t<h3 class=\"h3\">\n\t\t\t\t\t\t<a href=\"https:\/\/stp.com\/se\/product\/synthetic-brake-fluid-dot-4\/\" class=\"cover-link card__link\">Synthetic Brake Fluid &#8211; DOT 4<\/a>\n\t\t\t\t\t<\/h3>\n\t\t\t\t\t\t\t\t\t<\/div>\n\t\t\t\t\t\t<\/div>\n\t\t\t<\/div>\n\t\t\t\t\t\t<\/div>\n\t\t\t\t<\/div>\n\t\t\t\t\t<\/div>\n\t\t\t\t<\/div>\n\t\t\t\t<\/div>\n\t\t","protected":false},"excerpt":{"rendered":"<p>I \u00f6ver 60 \u00e5r, och efter fler mil \u00e4n n\u00e5gon kan r\u00e4kna, har STP\u00ae varit ett av de mest p\u00e5litliga namnen inom bilv\u00e5rd. Som en del av ditt vanliga grundl\u00e4ggande underh\u00e5ll kan anv\u00e4ndningen av STP\u00ae-produkter hj\u00e4lpa din motor att g\u00e5 b\u00e4ttre under en l\u00e4ngre tid.<\/p>\n","protected":false},"author":1,"featured_media":0,"parent":0,"menu_order":0,"comment_status":"closed","ping_status":"closed","template":"","meta":{"_acf_changed":false,"footnotes":""},"class_list":["post-7434","page","type-page","status-publish","hentry"],"acf":[],"yoast_head":"<!-- This site is optimized with the Yoast SEO plugin v27.4 - https:\/\/yoast.com\/product\/yoast-seo-wordpress\/ -->\n<title>Produkter - STP\u00ae Sweden<\/title>\n<meta name=\"robots\" content=\"index, follow, max-snippet:-1, max-image-preview:large, max-video-preview:-1\" \/>\n<link rel=\"canonical\" href=\"https:\/\/stp.com\/se\/produkter\/\" \/>\n<meta property=\"og:locale\" content=\"en_US\" \/>\n<meta property=\"og:type\" content=\"article\" \/>\n<meta property=\"og:title\" content=\"Produkter - STP\u00ae Sweden\" \/>\n<meta property=\"og:description\" content=\"I \u00f6ver 60 \u00e5r, och efter fler mil \u00e4n n\u00e5gon kan r\u00e4kna, har STP\u00ae varit ett av de mest p\u00e5litliga namnen inom bilv\u00e5rd. Som en del av ditt vanliga grundl\u00e4ggande underh\u00e5ll kan anv\u00e4ndningen av STP\u00ae-produkter hj\u00e4lpa din motor att g\u00e5 b\u00e4ttre under en l\u00e4ngre tid.\" \/>\n<meta property=\"og:url\" content=\"https:\/\/stp.com\/se\/produkter\/\" \/>\n<meta property=\"og:site_name\" content=\"STP\u00ae Sweden\" \/>\n<meta property=\"article:modified_time\" content=\"2025-06-24T08:07:35+00:00\" \/>\n<meta name=\"twitter:card\" content=\"summary_large_image\" \/>\n<meta name=\"twitter:label1\" content=\"Est. reading time\" \/>\n\t<meta name=\"twitter:data1\" content=\"1 minute\" \/>\n<script type=\"application\/ld+json\" class=\"yoast-schema-graph\">{\"@context\":\"https:\\\/\\\/schema.org\",\"@graph\":[{\"@type\":\"WebPage\",\"@id\":\"https:\\\/\\\/stp.com\\\/se\\\/produkter\\\/\",\"url\":\"https:\\\/\\\/stp.com\\\/se\\\/produkter\\\/\",\"name\":\"Produkter - STP\u00ae Sweden\",\"isPartOf\":{\"@id\":\"https:\\\/\\\/c38a2c2a6e.nxcli.io\\\/se\\\/#website\"},\"datePublished\":\"2025-04-16T04:42:17+00:00\",\"dateModified\":\"2025-06-24T08:07:35+00:00\",\"breadcrumb\":{\"@id\":\"https:\\\/\\\/stp.com\\\/se\\\/produkter\\\/#breadcrumb\"},\"inLanguage\":\"en-US\",\"potentialAction\":[{\"@type\":\"ReadAction\",\"target\":[\"https:\\\/\\\/stp.com\\\/se\\\/produkter\\\/\"]}]},{\"@type\":\"BreadcrumbList\",\"@id\":\"https:\\\/\\\/stp.com\\\/se\\\/produkter\\\/#breadcrumb\",\"itemListElement\":[{\"@type\":\"ListItem\",\"position\":1,\"name\":\"Home\",\"item\":\"https:\\\/\\\/stp.com\\\/se\\\/\"},{\"@type\":\"ListItem\",\"position\":2,\"name\":\"Produkter\"}]},{\"@type\":\"WebSite\",\"@id\":\"https:\\\/\\\/c38a2c2a6e.nxcli.io\\\/se\\\/#website\",\"url\":\"https:\\\/\\\/c38a2c2a6e.nxcli.io\\\/se\\\/\",\"name\":\"STP\u00ae Sweden\",\"description\":\"Science. Technology. Performance\",\"potentialAction\":[{\"@type\":\"SearchAction\",\"target\":{\"@type\":\"EntryPoint\",\"urlTemplate\":\"https:\\\/\\\/c38a2c2a6e.nxcli.io\\\/se\\\/?s={search_term_string}\"},\"query-input\":{\"@type\":\"PropertyValueSpecification\",\"valueRequired\":true,\"valueName\":\"search_term_string\"}}],\"inLanguage\":\"en-US\"}]}<\/script>\n<!-- \/ Yoast SEO plugin. -->","yoast_head_json":{"title":"Produkter - STP\u00ae Sweden","robots":{"index":"index","follow":"follow","max-snippet":"max-snippet:-1","max-image-preview":"max-image-preview:large","max-video-preview":"max-video-preview:-1"},"canonical":"https:\/\/stp.com\/se\/produkter\/","og_locale":"en_US","og_type":"article","og_title":"Produkter - STP\u00ae Sweden","og_description":"I \u00f6ver 60 \u00e5r, och efter fler mil \u00e4n n\u00e5gon kan r\u00e4kna, har STP\u00ae varit ett av de mest p\u00e5litliga namnen inom bilv\u00e5rd. Som en del av ditt vanliga grundl\u00e4ggande underh\u00e5ll kan anv\u00e4ndningen av STP\u00ae-produkter hj\u00e4lpa din motor att g\u00e5 b\u00e4ttre under en l\u00e4ngre tid.","og_url":"https:\/\/stp.com\/se\/produkter\/","og_site_name":"STP\u00ae Sweden","article_modified_time":"2025-06-24T08:07:35+00:00","twitter_card":"summary_large_image","twitter_misc":{"Est. reading time":"1 minute"},"schema":{"@context":"https:\/\/schema.org","@graph":[{"@type":"WebPage","@id":"https:\/\/stp.com\/se\/produkter\/","url":"https:\/\/stp.com\/se\/produkter\/","name":"Produkter - STP\u00ae Sweden","isPartOf":{"@id":"https:\/\/c38a2c2a6e.nxcli.io\/se\/#website"},"datePublished":"2025-04-16T04:42:17+00:00","dateModified":"2025-06-24T08:07:35+00:00","breadcrumb":{"@id":"https:\/\/stp.com\/se\/produkter\/#breadcrumb"},"inLanguage":"en-US","potentialAction":[{"@type":"ReadAction","target":["https:\/\/stp.com\/se\/produkter\/"]}]},{"@type":"BreadcrumbList","@id":"https:\/\/stp.com\/se\/produkter\/#breadcrumb","itemListElement":[{"@type":"ListItem","position":1,"name":"Home","item":"https:\/\/stp.com\/se\/"},{"@type":"ListItem","position":2,"name":"Produkter"}]},{"@type":"WebSite","@id":"https:\/\/c38a2c2a6e.nxcli.io\/se\/#website","url":"https:\/\/c38a2c2a6e.nxcli.io\/se\/","name":"STP\u00ae Sweden","description":"Science. Technology. Performance","potentialAction":[{"@type":"SearchAction","target":{"@type":"EntryPoint","urlTemplate":"https:\/\/c38a2c2a6e.nxcli.io\/se\/?s={search_term_string}"},"query-input":{"@type":"PropertyValueSpecification","valueRequired":true,"valueName":"search_term_string"}}],"inLanguage":"en-US"}]}},"_links":{"self":[{"href":"https:\/\/stp.com\/se\/wp-json\/wp\/v2\/pages\/7434","targetHints":{"allow":["GET"]}}],"collection":[{"href":"https:\/\/stp.com\/se\/wp-json\/wp\/v2\/pages"}],"about":[{"href":"https:\/\/stp.com\/se\/wp-json\/wp\/v2\/types\/page"}],"author":[{"embeddable":true,"href":"https:\/\/stp.com\/se\/wp-json\/wp\/v2\/users\/1"}],"replies":[{"embeddable":true,"href":"https:\/\/stp.com\/se\/wp-json\/wp\/v2\/comments?post=7434"}],"version-history":[{"count":29,"href":"https:\/\/stp.com\/se\/wp-json\/wp\/v2\/pages\/7434\/revisions"}],"predecessor-version":[{"id":8544,"href":"https:\/\/stp.com\/se\/wp-json\/wp\/v2\/pages\/7434\/revisions\/8544"}],"wp:attachment":[{"href":"https:\/\/stp.com\/se\/wp-json\/wp\/v2\/media?parent=7434"}],"curies":[{"name":"wp","href":"https:\/\/api.w.org\/{rel}","templated":true}]}}