{"id":5914,"date":"2025-04-04T19:29:30","date_gmt":"2025-04-04T13:59:30","guid":{"rendered":"https:\/\/c38a2c2a6e.nxcli.io\/se\/?page_id=5914"},"modified":"2025-06-05T15:37:37","modified_gmt":"2025-06-05T10:07:37","slug":"overdriven-oljeforbranning","status":"publish","type":"page","link":"https:\/\/stp.com\/se\/problemlosning\/overdriven-oljeforbranning\/","title":{"rendered":"\u00d6verdriven oljef\u00f6rbr\u00e4nning"},"content":{"rendered":"\t\t<div data-elementor-type=\"wp-page\" data-elementor-id=\"5914\" class=\"elementor elementor-5914\" data-elementor-post-type=\"page\">\n\t\t\t\t<div class=\"elementor-element elementor-element-27cfbbc e-flex e-con-boxed e-con e-parent\" data-id=\"27cfbbc\" data-element_type=\"container\" data-e-type=\"container\" data-settings=\"{&quot;background_background&quot;:&quot;classic&quot;}\">\n\t\t\t\t\t<div class=\"e-con-inner\">\n\t\t\t\t<div class=\"elementor-element elementor-element-779997a breadcrumb elementor-widget elementor-widget-breadcrumbs\" data-id=\"779997a\" data-element_type=\"widget\" data-e-type=\"widget\" data-widget_type=\"breadcrumbs.default\">\n\t\t\t\t<div class=\"elementor-widget-container\">\n\t\t\t\t\t<p id=\"breadcrumbs\"><span><span><a href=\"https:\/\/stp.com\/se\/\">Home<\/a><\/span><\/span><\/p>\t\t\t\t<\/div>\n\t\t\t\t<\/div>\n\t\t<div class=\"elementor-element elementor-element-a47f1de e-con-full e-flex e-con e-child\" data-id=\"a47f1de\" data-element_type=\"container\" data-e-type=\"container\">\n\t\t<div class=\"elementor-element elementor-element-b6cc8ac e-con-full product__head e-flex e-con e-child\" data-id=\"b6cc8ac\" data-element_type=\"container\" data-e-type=\"container\">\n\t\t\t\t<\/div>\n\t\t\t\t<\/div>\n\t\t\t\t\t<\/div>\n\t\t\t\t<\/div>\n\t\t<div class=\"elementor-element elementor-element-03420e7 top-red-border e-flex e-con-boxed e-con e-parent\" data-id=\"03420e7\" data-element_type=\"container\" data-e-type=\"container\" data-settings=\"{&quot;background_background&quot;:&quot;classic&quot;}\">\n\t\t\t\t\t<div class=\"e-con-inner\">\n\t\t<div class=\"elementor-element elementor-element-e3596f9 e-con-full e-flex e-con e-child\" data-id=\"e3596f9\" data-element_type=\"container\" data-e-type=\"container\">\n\t\t\t\t<div class=\"elementor-element elementor-element-384c45b elementor-position-right elementor-vertical-align-middle image-text-section elementor-widget elementor-widget-image-box\" data-id=\"384c45b\" data-element_type=\"widget\" data-e-type=\"widget\" data-widget_type=\"image-box.default\">\n\t\t\t\t<div class=\"elementor-widget-container\">\n\t\t\t\t\t<div class=\"elementor-image-box-wrapper\"><figure class=\"elementor-image-box-img\"><img fetchpriority=\"high\" decoding=\"async\" width=\"2560\" height=\"1450\" src=\"https:\/\/stpcdnimage.imgix.net\/wp-content\/uploads\/sites\/17\/2025\/04\/Excessive-Oil-Burning-scaled-1.avif\" class=\"attachment-full size-full wp-image-5920\" alt=\"\" \/><\/figure><div class=\"elementor-image-box-content\"><p class=\"elementor-image-box-description\">Ser du ett moln av gr\u00e5aktig, bl\u00e5aktig r\u00f6k bakom bilen n\u00e4r du startar den p\u00e5 morgonen, eller n\u00e4r du accelererar eller bromsar? Din bil kanske f\u00f6rbr\u00e4nner f\u00f6r mycket olja, speciellt om din motor har jobbat i \u00f6ver 12 000 mil. Om du \u00e4r orolig \u00f6ver att din bil f\u00f6rbr\u00e4nner olja kan du \u00f6verv\u00e4ga att anv\u00e4nda en av produkterna nedan.\n\n<\/p><\/div><\/div>\t\t\t\t<\/div>\n\t\t\t\t<\/div>\n\t\t\t\t<\/div>\n\t\t\t\t\t<\/div>\n\t\t\t\t<\/div>\n\t\t<div class=\"elementor-element elementor-element-0820d2b prod-related-container e-flex e-con-boxed e-con e-child\" data-id=\"0820d2b\" data-element_type=\"container\" data-e-type=\"container\" data-settings=\"{&quot;background_background&quot;:&quot;classic&quot;}\">\n\t\t\t\t\t<div class=\"e-con-inner\">\n\t\t\t\t<div class=\"elementor-element elementor-element-617f720 arm__product-related elementor-widget elementor-widget-shortcode\" data-id=\"617f720\" data-element_type=\"widget\" data-e-type=\"widget\" data-widget_type=\"shortcode.default\">\n\t\t\t\t<div class=\"elementor-widget-container\">\n\t\t\t\t\t\t\t<div class=\"elementor-shortcode\">\t<div class=\"product_related\">\n\t\t\t\t\t<div class=\"section-intro section-intro--left\" id=\"anchor-intro-block_\">\n\n\t\t\t\t\t<div class=\"section-intro__content\" id=\"anchor-intro-content_\">\n\t\t\t\t\t\t<div role=\"doc-subtitle\">Minska oljef\u00f6rbr\u00e4nningen i din bil med:\n<\/div>\n\t\t\t\t\t<\/div>\n\n\t\t\t\t<div class=\"section-intro__button\">\n\t\t\t\t\t\t\t\t\t<\/div>\n\t\t\t<\/div>\n\t\t\t\t<div class=\"building-block\">\n\t\t\t<div class=\"slider slider--listing\" role=\"region\" aria-roledescription=\"carousel\" aria-label=\"Featured product carousel\" data-items-0=\"1\" data-items-500=\"2\" data-items-900=\"3\" data-items-1200=\"4\" data-autoplay=\"false\">\n\t\t\t\t<div class=\"slider__controls\">\n\t\t\t\t\t\t\t\t\t\t\t\t\t\t<\/div>\n\t\t\t\t<div class=\"slider__wrapper\">\n\t\t\t\t\t<ul class=\"slider__panels\" id=\"slider-123\" class=\"carousel-items\" aria-live=\"polite\">\n\t\t\t\t\t\t \t\t\t\t\t\t\t<li class=\"slider__panel\" aria-hidden=\"false\" tabindex=\"-1\" aria-label=\"Slide 1 of 1\">\n\t\t\t\t\t\t\t\t <div class=\"grid grid-cols-4 grid-gutter-md\">\n\t\t\t\t\t\t\t\t\t\t\t\t\t\t\t\t\t\t\t<div class=\"card card--product\">\n\t\t\t\t\t\t\t\t\t\t\t<div class=\"card__image card__image--has-rollover\">\n\t\t\t\t\t\t\t\t\t\t\t\t<img decoding=\"async\" src=\"https:\/\/stpcdnimage.imgix.net\/global-media\/wp-content\/uploads\/sites\/6\/product-images\/E303202900_01.png\"  alt=\"Oil Treatment (Bensinmotorer) Image 1\" class=\"\" width=\"250\" height=\"250\" \/>\n\t\t\t\t\t\t\t\t\t\t\t\t<div class=\"btn btn--solid rollover\">Se Produkt<\/div>\n\t\t\t\t\t\t\t\t\t\t\t<\/div>\n\t\t\t\t\t\t\t\t\t\t\t<div class=\"card__pretitle\"><span class=\"card__category\">Motorn och br\u00e4nslesystemet<\/span><\/div>\n\t\t\t\t\t\t\t\t\t\t\t\t<h3 class=\"h3\"><a href=\"https:\/\/stp.com\/se\/product\/oil-treatment-bensinmotorer\/\" class=\"cover-link card__link\">Oil Treatment (Bensinmotorer)<\/a><\/h3>\n\t\t\t\t\t\t\t\t\t\t<\/div>\n\t\t\t\t\t\t\t\t\t\t\t\t\t\t\t\t\t\t\t<div class=\"card card--product\">\n\t\t\t\t\t\t\t\t\t\t\t<div class=\"card__image card__image--has-rollover\">\n\t\t\t\t\t\t\t\t\t\t\t\t<img decoding=\"async\" src=\"https:\/\/stpcdnimage.imgix.net\/global-media\/wp-content\/uploads\/sites\/6\/product-images\/E303202700_01.png\"  alt=\"Oil Treatment for Diesel Engines Image 1\" class=\"\" width=\"250\" height=\"250\" \/>\n\t\t\t\t\t\t\t\t\t\t\t\t<div class=\"btn btn--solid rollover\">Se Produkt<\/div>\n\t\t\t\t\t\t\t\t\t\t\t<\/div>\n\t\t\t\t\t\t\t\t\t\t\t<div class=\"card__pretitle\"><span class=\"card__category\">Motorn och br\u00e4nslesystemet<\/span><\/div>\n\t\t\t\t\t\t\t\t\t\t\t\t<h3 class=\"h3\"><a href=\"https:\/\/stp.com\/se\/product\/oil-treatment-for-diesel-engines\/\" class=\"cover-link card__link\">Oil Treatment for Diesel Engines<\/a><\/h3>\n\t\t\t\t\t\t\t\t\t\t<\/div>\n\t\t\t\t\t\t\t\t\t\t\t\t\t\t\t\t\t<\/div>\n\t\t\t\t\t\t\t<\/li>\n\t\t\t\t\t\t\t\t\t\t\t<\/ul>\n\t\t\t\t<\/div>\n\t\t\t\t<div class=\"slider__nav\">\n\t\t\t\t\t\t\t\t\t\t<\/div>\n\t\t\t<\/div>\n\t\t<\/div>\n\t<\/div>\n<\/div>\n\t\t\t\t\t\t<\/div>\n\t\t\t\t<\/div>\n\t\t\t\t\t<\/div>\n\t\t\t\t<\/div>\n\t\t\t\t<\/div>\n\t\t","protected":false},"excerpt":{"rendered":"<p>Ser du ett moln av gr\u00e5aktig, bl\u00e5aktig r\u00f6k bakom bilen n\u00e4r du startar den p\u00e5 morgonen, eller n\u00e4r du accelererar eller bromsar? Din bil kanske f\u00f6rbr\u00e4nner f\u00f6r mycket olja, speciellt om din motor har jobbat i \u00f6ver 12 000 mil. Om du \u00e4r orolig \u00f6ver att din bil f\u00f6rbr\u00e4nner olja kan du \u00f6verv\u00e4ga att anv\u00e4nda [&hellip;]<\/p>\n","protected":false},"author":1,"featured_media":0,"parent":416,"menu_order":0,"comment_status":"closed","ping_status":"closed","template":"","meta":{"_acf_changed":false,"footnotes":""},"class_list":["post-5914","page","type-page","status-publish","hentry"],"acf":[],"yoast_head":"<!-- This site is optimized with the Yoast SEO plugin v27.4 - https:\/\/yoast.com\/product\/yoast-seo-wordpress\/ -->\n<title>\u00d6verdriven oljef\u00f6rbr\u00e4nning - STP\u00ae Sweden<\/title>\n<meta name=\"robots\" content=\"index, follow, max-snippet:-1, max-image-preview:large, max-video-preview:-1\" \/>\n<link rel=\"canonical\" href=\"https:\/\/stp.com\/se\/problemlosning\/overdriven-oljeforbranning\/\" \/>\n<meta property=\"og:locale\" content=\"en_US\" \/>\n<meta property=\"og:type\" content=\"article\" \/>\n<meta property=\"og:title\" content=\"\u00d6verdriven oljef\u00f6rbr\u00e4nning - STP\u00ae Sweden\" \/>\n<meta property=\"og:description\" content=\"Ser du ett moln av gr\u00e5aktig, bl\u00e5aktig r\u00f6k bakom bilen n\u00e4r du startar den p\u00e5 morgonen, eller n\u00e4r du accelererar eller bromsar? Din bil kanske f\u00f6rbr\u00e4nner f\u00f6r mycket olja, speciellt om din motor har jobbat i \u00f6ver 12 000 mil. Om du \u00e4r orolig \u00f6ver att din bil f\u00f6rbr\u00e4nner olja kan du \u00f6verv\u00e4ga att anv\u00e4nda [&hellip;]\" \/>\n<meta property=\"og:url\" content=\"https:\/\/stp.com\/se\/problemlosning\/overdriven-oljeforbranning\/\" \/>\n<meta property=\"og:site_name\" content=\"STP\u00ae Sweden\" \/>\n<meta property=\"article:modified_time\" content=\"2025-06-05T10:07:37+00:00\" \/>\n<meta property=\"og:image\" content=\"https:\/\/stp.com\/se\/wp-content\/uploads\/sites\/17\/2025\/04\/Excessive-Oil-Burning-scaled-1.avif\" \/>\n<meta name=\"twitter:card\" content=\"summary_large_image\" \/>\n<meta name=\"twitter:label1\" content=\"Est. reading time\" \/>\n\t<meta name=\"twitter:data1\" content=\"1 minute\" \/>\n<script type=\"application\/ld+json\" class=\"yoast-schema-graph\">{\"@context\":\"https:\\\/\\\/schema.org\",\"@graph\":[{\"@type\":\"WebPage\",\"@id\":\"https:\\\/\\\/stp.com\\\/se\\\/problemlosning\\\/overdriven-oljeforbranning\\\/\",\"url\":\"https:\\\/\\\/stp.com\\\/se\\\/problemlosning\\\/overdriven-oljeforbranning\\\/\",\"name\":\"\u00d6verdriven oljef\u00f6rbr\u00e4nning - STP\u00ae Sweden\",\"isPartOf\":{\"@id\":\"https:\\\/\\\/c38a2c2a6e.nxcli.io\\\/se\\\/#website\"},\"primaryImageOfPage\":{\"@id\":\"https:\\\/\\\/stp.com\\\/se\\\/problemlosning\\\/overdriven-oljeforbranning\\\/#primaryimage\"},\"image\":{\"@id\":\"https:\\\/\\\/stp.com\\\/se\\\/problemlosning\\\/overdriven-oljeforbranning\\\/#primaryimage\"},\"thumbnailUrl\":\"https:\\\/\\\/stp.com\\\/se\\\/wp-content\\\/uploads\\\/sites\\\/17\\\/2025\\\/04\\\/Excessive-Oil-Burning-scaled-1.avif\",\"datePublished\":\"2025-04-04T13:59:30+00:00\",\"dateModified\":\"2025-06-05T10:07:37+00:00\",\"breadcrumb\":{\"@id\":\"https:\\\/\\\/stp.com\\\/se\\\/problemlosning\\\/overdriven-oljeforbranning\\\/#breadcrumb\"},\"inLanguage\":\"en-US\",\"potentialAction\":[{\"@type\":\"ReadAction\",\"target\":[\"https:\\\/\\\/stp.com\\\/se\\\/problemlosning\\\/overdriven-oljeforbranning\\\/\"]}]},{\"@type\":\"ImageObject\",\"inLanguage\":\"en-US\",\"@id\":\"https:\\\/\\\/stp.com\\\/se\\\/problemlosning\\\/overdriven-oljeforbranning\\\/#primaryimage\",\"url\":\"https:\\\/\\\/stpcdnimage.imgix.net\\\/wp-content\\\/uploads\\\/sites\\\/17\\\/2025\\\/04\\\/Excessive-Oil-Burning-scaled-1.avif\",\"contentUrl\":\"https:\\\/\\\/stpcdnimage.imgix.net\\\/wp-content\\\/uploads\\\/sites\\\/17\\\/2025\\\/04\\\/Excessive-Oil-Burning-scaled-1.avif\",\"width\":2560,\"height\":1450},{\"@type\":\"BreadcrumbList\",\"@id\":\"https:\\\/\\\/stp.com\\\/se\\\/problemlosning\\\/overdriven-oljeforbranning\\\/#breadcrumb\",\"itemListElement\":[{\"@type\":\"ListItem\",\"position\":1,\"name\":\"Home\",\"item\":\"https:\\\/\\\/stp.com\\\/se\\\/\"},{\"@type\":\"ListItem\",\"position\":2,\"name\":\"Probleml\u00f6sning\",\"item\":\"https:\\\/\\\/stp.com\\\/se\\\/problemlosning\\\/\"},{\"@type\":\"ListItem\",\"position\":3,\"name\":\"\u00d6verdriven oljef\u00f6rbr\u00e4nning\"}]},{\"@type\":\"WebSite\",\"@id\":\"https:\\\/\\\/c38a2c2a6e.nxcli.io\\\/se\\\/#website\",\"url\":\"https:\\\/\\\/c38a2c2a6e.nxcli.io\\\/se\\\/\",\"name\":\"STP\u00ae Sweden\",\"description\":\"Science. Technology. Performance\",\"potentialAction\":[{\"@type\":\"SearchAction\",\"target\":{\"@type\":\"EntryPoint\",\"urlTemplate\":\"https:\\\/\\\/c38a2c2a6e.nxcli.io\\\/se\\\/?s={search_term_string}\"},\"query-input\":{\"@type\":\"PropertyValueSpecification\",\"valueRequired\":true,\"valueName\":\"search_term_string\"}}],\"inLanguage\":\"en-US\"}]}<\/script>\n<!-- \/ Yoast SEO plugin. -->","yoast_head_json":{"title":"\u00d6verdriven oljef\u00f6rbr\u00e4nning - STP\u00ae Sweden","robots":{"index":"index","follow":"follow","max-snippet":"max-snippet:-1","max-image-preview":"max-image-preview:large","max-video-preview":"max-video-preview:-1"},"canonical":"https:\/\/stp.com\/se\/problemlosning\/overdriven-oljeforbranning\/","og_locale":"en_US","og_type":"article","og_title":"\u00d6verdriven oljef\u00f6rbr\u00e4nning - STP\u00ae Sweden","og_description":"Ser du ett moln av gr\u00e5aktig, bl\u00e5aktig r\u00f6k bakom bilen n\u00e4r du startar den p\u00e5 morgonen, eller n\u00e4r du accelererar eller bromsar? Din bil kanske f\u00f6rbr\u00e4nner f\u00f6r mycket olja, speciellt om din motor har jobbat i \u00f6ver 12 000 mil. Om du \u00e4r orolig \u00f6ver att din bil f\u00f6rbr\u00e4nner olja kan du \u00f6verv\u00e4ga att anv\u00e4nda [&hellip;]","og_url":"https:\/\/stp.com\/se\/problemlosning\/overdriven-oljeforbranning\/","og_site_name":"STP\u00ae Sweden","article_modified_time":"2025-06-05T10:07:37+00:00","og_image":[{"url":"https:\/\/stp.com\/se\/wp-content\/uploads\/sites\/17\/2025\/04\/Excessive-Oil-Burning-scaled-1.avif","type":"","width":"","height":""}],"twitter_card":"summary_large_image","twitter_misc":{"Est. reading time":"1 minute"},"schema":{"@context":"https:\/\/schema.org","@graph":[{"@type":"WebPage","@id":"https:\/\/stp.com\/se\/problemlosning\/overdriven-oljeforbranning\/","url":"https:\/\/stp.com\/se\/problemlosning\/overdriven-oljeforbranning\/","name":"\u00d6verdriven oljef\u00f6rbr\u00e4nning - STP\u00ae Sweden","isPartOf":{"@id":"https:\/\/c38a2c2a6e.nxcli.io\/se\/#website"},"primaryImageOfPage":{"@id":"https:\/\/stp.com\/se\/problemlosning\/overdriven-oljeforbranning\/#primaryimage"},"image":{"@id":"https:\/\/stp.com\/se\/problemlosning\/overdriven-oljeforbranning\/#primaryimage"},"thumbnailUrl":"https:\/\/stp.com\/se\/wp-content\/uploads\/sites\/17\/2025\/04\/Excessive-Oil-Burning-scaled-1.avif","datePublished":"2025-04-04T13:59:30+00:00","dateModified":"2025-06-05T10:07:37+00:00","breadcrumb":{"@id":"https:\/\/stp.com\/se\/problemlosning\/overdriven-oljeforbranning\/#breadcrumb"},"inLanguage":"en-US","potentialAction":[{"@type":"ReadAction","target":["https:\/\/stp.com\/se\/problemlosning\/overdriven-oljeforbranning\/"]}]},{"@type":"ImageObject","inLanguage":"en-US","@id":"https:\/\/stp.com\/se\/problemlosning\/overdriven-oljeforbranning\/#primaryimage","url":"https:\/\/stpcdnimage.imgix.net\/wp-content\/uploads\/sites\/17\/2025\/04\/Excessive-Oil-Burning-scaled-1.avif","contentUrl":"https:\/\/stpcdnimage.imgix.net\/wp-content\/uploads\/sites\/17\/2025\/04\/Excessive-Oil-Burning-scaled-1.avif","width":2560,"height":1450},{"@type":"BreadcrumbList","@id":"https:\/\/stp.com\/se\/problemlosning\/overdriven-oljeforbranning\/#breadcrumb","itemListElement":[{"@type":"ListItem","position":1,"name":"Home","item":"https:\/\/stp.com\/se\/"},{"@type":"ListItem","position":2,"name":"Probleml\u00f6sning","item":"https:\/\/stp.com\/se\/problemlosning\/"},{"@type":"ListItem","position":3,"name":"\u00d6verdriven oljef\u00f6rbr\u00e4nning"}]},{"@type":"WebSite","@id":"https:\/\/c38a2c2a6e.nxcli.io\/se\/#website","url":"https:\/\/c38a2c2a6e.nxcli.io\/se\/","name":"STP\u00ae Sweden","description":"Science. Technology. Performance","potentialAction":[{"@type":"SearchAction","target":{"@type":"EntryPoint","urlTemplate":"https:\/\/c38a2c2a6e.nxcli.io\/se\/?s={search_term_string}"},"query-input":{"@type":"PropertyValueSpecification","valueRequired":true,"valueName":"search_term_string"}}],"inLanguage":"en-US"}]}},"_links":{"self":[{"href":"https:\/\/stp.com\/se\/wp-json\/wp\/v2\/pages\/5914","targetHints":{"allow":["GET"]}}],"collection":[{"href":"https:\/\/stp.com\/se\/wp-json\/wp\/v2\/pages"}],"about":[{"href":"https:\/\/stp.com\/se\/wp-json\/wp\/v2\/types\/page"}],"author":[{"embeddable":true,"href":"https:\/\/stp.com\/se\/wp-json\/wp\/v2\/users\/1"}],"replies":[{"embeddable":true,"href":"https:\/\/stp.com\/se\/wp-json\/wp\/v2\/comments?post=5914"}],"version-history":[{"count":16,"href":"https:\/\/stp.com\/se\/wp-json\/wp\/v2\/pages\/5914\/revisions"}],"predecessor-version":[{"id":8391,"href":"https:\/\/stp.com\/se\/wp-json\/wp\/v2\/pages\/5914\/revisions\/8391"}],"up":[{"embeddable":true,"href":"https:\/\/stp.com\/se\/wp-json\/wp\/v2\/pages\/416"}],"wp:attachment":[{"href":"https:\/\/stp.com\/se\/wp-json\/wp\/v2\/media?parent=5914"}],"curies":[{"name":"wp","href":"https:\/\/api.w.org\/{rel}","templated":true}]}}