{"id":5897,"date":"2025-04-04T19:24:29","date_gmt":"2025-04-04T13:54:29","guid":{"rendered":"https:\/\/c38a2c2a6e.nxcli.io\/se\/?page_id=5897"},"modified":"2025-06-05T15:56:20","modified_gmt":"2025-06-05T10:26:20","slug":"for-hog-motorfriktion","status":"publish","type":"page","link":"https:\/\/stp.com\/se\/problemlosning\/for-hog-motorfriktion\/","title":{"rendered":"F\u00f6r h\u00f6g motorfriktion"},"content":{"rendered":"\t\t<div data-elementor-type=\"wp-page\" data-elementor-id=\"5897\" class=\"elementor elementor-5897\" data-elementor-post-type=\"page\">\n\t\t\t\t<div class=\"elementor-element elementor-element-90a0a3f e-flex e-con-boxed e-con e-parent\" data-id=\"90a0a3f\" data-element_type=\"container\" data-e-type=\"container\" data-settings=\"{&quot;background_background&quot;:&quot;classic&quot;}\">\n\t\t\t\t\t<div class=\"e-con-inner\">\n\t\t\t\t<div class=\"elementor-element elementor-element-0aea26d breadcrumb elementor-widget elementor-widget-breadcrumbs\" data-id=\"0aea26d\" data-element_type=\"widget\" data-e-type=\"widget\" data-widget_type=\"breadcrumbs.default\">\n\t\t\t\t<div class=\"elementor-widget-container\">\n\t\t\t\t\t<p id=\"breadcrumbs\"><span><span><a href=\"https:\/\/stp.com\/se\/\">Home<\/a><\/span><\/span><\/p>\t\t\t\t<\/div>\n\t\t\t\t<\/div>\n\t\t<div class=\"elementor-element elementor-element-61a135f e-con-full e-flex e-con e-child\" data-id=\"61a135f\" data-element_type=\"container\" data-e-type=\"container\">\n\t\t<div class=\"elementor-element elementor-element-cb2f714 e-con-full product__head e-flex e-con e-child\" data-id=\"cb2f714\" data-element_type=\"container\" data-e-type=\"container\">\n\t\t\t\t<\/div>\n\t\t\t\t<\/div>\n\t\t\t\t\t<\/div>\n\t\t\t\t<\/div>\n\t\t<div class=\"elementor-element elementor-element-1008165 top-red-border e-flex e-con-boxed e-con e-parent\" data-id=\"1008165\" data-element_type=\"container\" data-e-type=\"container\" data-settings=\"{&quot;background_background&quot;:&quot;classic&quot;}\">\n\t\t\t\t\t<div class=\"e-con-inner\">\n\t\t<div class=\"elementor-element elementor-element-eee9b4c e-con-full e-flex e-con e-child\" data-id=\"eee9b4c\" data-element_type=\"container\" data-e-type=\"container\">\n\t\t\t\t<div class=\"elementor-element elementor-element-73b1131 elementor-position-right elementor-vertical-align-middle image-text-section elementor-widget elementor-widget-image-box\" data-id=\"73b1131\" data-element_type=\"widget\" data-e-type=\"widget\" data-widget_type=\"image-box.default\">\n\t\t\t\t<div class=\"elementor-widget-container\">\n\t\t\t\t\t<div class=\"elementor-image-box-wrapper\"><figure class=\"elementor-image-box-img\"><img fetchpriority=\"high\" decoding=\"async\" width=\"800\" height=\"450\" src=\"https:\/\/stpcdnimage.imgix.net\/se\/wp-content\/uploads\/sites\/17\/2025\/05\/Photo-2-Functional-Fluids-.png?auto=format%2Ccompress\" class=\"attachment-full size-full wp-image-7614\" alt=\"Funktionella v\u00e4tskor\" srcset=\"https:\/\/stpcdnimage.imgix.net\/se\/wp-content\/uploads\/sites\/17\/2025\/05\/Photo-2-Functional-Fluids-.png?w=800 800w, https:\/\/stpcdnimage.imgix.net\/se\/wp-content\/uploads\/sites\/17\/2025\/05\/Photo-2-Functional-Fluids-.png?w=300 300w, https:\/\/stpcdnimage.imgix.net\/se\/wp-content\/uploads\/sites\/17\/2025\/05\/Photo-2-Functional-Fluids-.png?w=768 768w\" sizes=\"(max-width: 800px) 100vw, 800px\" \/><\/figure><div class=\"elementor-image-box-content\"><p class=\"elementor-image-box-description\">Vad \u00e4r motorfriktion, och vad orsakar detta? De r\u00f6rliga delarna i motorn arbetar under mycket sn\u00e4va marginaler. Efter l\u00e5nga k\u00f6rstr\u00e4ckor kan slitage och f\u00f6r h\u00f6g friktion uppst\u00e5. Denna metall-mot-metall-friktion kan skada din motors tillf\u00f6rlitlighet och allm\u00e4nna prestanda.\n\n<\/p><\/div><\/div>\t\t\t\t<\/div>\n\t\t\t\t<\/div>\n\t\t\t\t<\/div>\n\t\t\t\t\t<\/div>\n\t\t\t\t<\/div>\n\t\t<div class=\"elementor-element elementor-element-1daa3b4 prod-related-container e-flex e-con-boxed e-con e-child\" data-id=\"1daa3b4\" data-element_type=\"container\" data-e-type=\"container\" data-settings=\"{&quot;background_background&quot;:&quot;classic&quot;}\">\n\t\t\t\t\t<div class=\"e-con-inner\">\n\t\t\t\t<div class=\"elementor-element elementor-element-33a8e7c arm__product-related elementor-widget elementor-widget-shortcode\" data-id=\"33a8e7c\" data-element_type=\"widget\" data-e-type=\"widget\" data-widget_type=\"shortcode.default\">\n\t\t\t\t<div class=\"elementor-widget-container\">\n\t\t\t\t\t\t\t<div class=\"elementor-shortcode\">\t<div class=\"product_related\">\n\t\t\t\t\t<div class=\"section-intro section-intro--left\" id=\"anchor-intro-block_\">\n\n\t\t\t\t\t<div class=\"section-intro__content\" id=\"anchor-intro-content_\">\n\t\t\t\t\t\t<div role=\"doc-subtitle\">F\u00f6rhindra \u00f6verdriven motorfriktion med:\n<\/div>\n\t\t\t\t\t<\/div>\n\n\t\t\t\t<div class=\"section-intro__button\">\n\t\t\t\t\t\t\t\t\t<\/div>\n\t\t\t<\/div>\n\t\t\t\t<div class=\"building-block\">\n\t\t\t<div class=\"slider slider--listing\" role=\"region\" aria-roledescription=\"carousel\" aria-label=\"Featured product carousel\" data-items-0=\"1\" data-items-500=\"2\" data-items-900=\"3\" data-items-1200=\"4\" data-autoplay=\"false\">\n\t\t\t\t<div class=\"slider__controls\">\n\t\t\t\t\t\t\t\t\t\t\t\t\t\t<\/div>\n\t\t\t\t<div class=\"slider__wrapper\">\n\t\t\t\t\t<ul class=\"slider__panels\" id=\"slider-123\" class=\"carousel-items\" aria-live=\"polite\">\n\t\t\t\t\t\t \t\t\t\t\t\t\t<li class=\"slider__panel\" aria-hidden=\"false\" tabindex=\"-1\" aria-label=\"Slide 1 of 1\">\n\t\t\t\t\t\t\t\t <div class=\"grid grid-cols-4 grid-gutter-md\">\n\t\t\t\t\t\t\t\t\t\t\t\t\t\t\t\t\t\t\t<div class=\"card card--product\">\n\t\t\t\t\t\t\t\t\t\t\t<div class=\"card__image card__image--has-rollover\">\n\t\t\t\t\t\t\t\t\t\t\t\t<img decoding=\"async\" src=\"https:\/\/stpcdnimage.imgix.net\/global-media\/wp-content\/uploads\/sites\/6\/product-images\/E303202900_01.png\"  alt=\"Oil Treatment (Bensinmotorer) Image 1\" class=\"\" width=\"250\" height=\"250\" \/>\n\t\t\t\t\t\t\t\t\t\t\t\t<div class=\"btn btn--solid rollover\">Se Produkt<\/div>\n\t\t\t\t\t\t\t\t\t\t\t<\/div>\n\t\t\t\t\t\t\t\t\t\t\t<div class=\"card__pretitle\"><span class=\"card__category\">Motorn och br\u00e4nslesystemet<\/span><\/div>\n\t\t\t\t\t\t\t\t\t\t\t\t<h3 class=\"h3\"><a href=\"https:\/\/stp.com\/se\/product\/oil-treatment-bensinmotorer\/\" class=\"cover-link card__link\">Oil Treatment (Bensinmotorer)<\/a><\/h3>\n\t\t\t\t\t\t\t\t\t\t<\/div>\n\t\t\t\t\t\t\t\t\t\t\t\t\t\t\t\t\t\t\t<div class=\"card card--product\">\n\t\t\t\t\t\t\t\t\t\t\t<div class=\"card__image card__image--has-rollover\">\n\t\t\t\t\t\t\t\t\t\t\t\t<img decoding=\"async\" src=\"https:\/\/stpcdnimage.imgix.net\/global-media\/wp-content\/uploads\/sites\/6\/product-images\/E303203100_01.png\"  alt=\"SYNTHETIC OIL TREATMENT (Bensin och diesel) Image 1\" class=\"\" width=\"250\" height=\"250\" \/>\n\t\t\t\t\t\t\t\t\t\t\t\t<div class=\"btn btn--solid rollover\">Se Produkt<\/div>\n\t\t\t\t\t\t\t\t\t\t\t<\/div>\n\t\t\t\t\t\t\t\t\t\t\t<div class=\"card__pretitle\"><span class=\"card__category\">Motorn och br\u00e4nslesystemet<\/span><\/div>\n\t\t\t\t\t\t\t\t\t\t\t\t<h3 class=\"h3\"><a href=\"https:\/\/stp.com\/se\/product\/synthetic-oil-treatment-bensin-och-diesel\/\" class=\"cover-link card__link\">SYNTHETIC OIL TREATMENT (Bensin och diesel)<\/a><\/h3>\n\t\t\t\t\t\t\t\t\t\t<\/div>\n\t\t\t\t\t\t\t\t\t\t\t\t\t\t\t\t\t<\/div>\n\t\t\t\t\t\t\t<\/li>\n\t\t\t\t\t\t\t\t\t\t\t<\/ul>\n\t\t\t\t<\/div>\n\t\t\t\t<div class=\"slider__nav\">\n\t\t\t\t\t\t\t\t\t\t<\/div>\n\t\t\t<\/div>\n\t\t<\/div>\n\t<\/div>\n<\/div>\n\t\t\t\t\t\t<\/div>\n\t\t\t\t<\/div>\n\t\t\t\t\t<\/div>\n\t\t\t\t<\/div>\n\t\t\t\t<\/div>\n\t\t","protected":false},"excerpt":{"rendered":"<p>Vad \u00e4r motorfriktion, och vad orsakar detta? De r\u00f6rliga delarna i motorn arbetar under mycket sn\u00e4va marginaler. Efter l\u00e5nga k\u00f6rstr\u00e4ckor kan slitage och f\u00f6r h\u00f6g friktion uppst\u00e5. Denna metall-mot-metall-friktion kan skada din motors tillf\u00f6rlitlighet och allm\u00e4nna prestanda.<\/p>\n","protected":false},"author":1,"featured_media":0,"parent":416,"menu_order":0,"comment_status":"closed","ping_status":"closed","template":"","meta":{"_acf_changed":false,"footnotes":""},"class_list":["post-5897","page","type-page","status-publish","hentry"],"acf":[],"yoast_head":"<!-- This site is optimized with the Yoast SEO plugin v27.4 - https:\/\/yoast.com\/product\/yoast-seo-wordpress\/ -->\n<title>F\u00f6r h\u00f6g motorfriktion - STP\u00ae Sweden<\/title>\n<meta name=\"robots\" content=\"index, follow, max-snippet:-1, max-image-preview:large, max-video-preview:-1\" \/>\n<link rel=\"canonical\" href=\"https:\/\/stp.com\/se\/problemlosning\/for-hog-motorfriktion\/\" \/>\n<meta property=\"og:locale\" content=\"en_US\" \/>\n<meta property=\"og:type\" content=\"article\" \/>\n<meta property=\"og:title\" content=\"F\u00f6r h\u00f6g motorfriktion - STP\u00ae Sweden\" \/>\n<meta property=\"og:description\" content=\"Vad \u00e4r motorfriktion, och vad orsakar detta? De r\u00f6rliga delarna i motorn arbetar under mycket sn\u00e4va marginaler. Efter l\u00e5nga k\u00f6rstr\u00e4ckor kan slitage och f\u00f6r h\u00f6g friktion uppst\u00e5. Denna metall-mot-metall-friktion kan skada din motors tillf\u00f6rlitlighet och allm\u00e4nna prestanda.\" \/>\n<meta property=\"og:url\" content=\"https:\/\/stp.com\/se\/problemlosning\/for-hog-motorfriktion\/\" \/>\n<meta property=\"og:site_name\" content=\"STP\u00ae Sweden\" \/>\n<meta property=\"article:modified_time\" content=\"2025-06-05T10:26:20+00:00\" \/>\n<meta property=\"og:image\" content=\"https:\/\/stp.com\/se\/wp-content\/uploads\/sites\/17\/2025\/05\/Photo-2-Functional-Fluids-.png\" \/>\n<meta name=\"twitter:card\" content=\"summary_large_image\" \/>\n<meta name=\"twitter:label1\" content=\"Est. reading time\" \/>\n\t<meta name=\"twitter:data1\" content=\"1 minute\" \/>\n<script type=\"application\/ld+json\" class=\"yoast-schema-graph\">{\"@context\":\"https:\\\/\\\/schema.org\",\"@graph\":[{\"@type\":\"WebPage\",\"@id\":\"https:\\\/\\\/stp.com\\\/se\\\/problemlosning\\\/for-hog-motorfriktion\\\/\",\"url\":\"https:\\\/\\\/stp.com\\\/se\\\/problemlosning\\\/for-hog-motorfriktion\\\/\",\"name\":\"F\u00f6r h\u00f6g motorfriktion - STP\u00ae Sweden\",\"isPartOf\":{\"@id\":\"https:\\\/\\\/c38a2c2a6e.nxcli.io\\\/se\\\/#website\"},\"primaryImageOfPage\":{\"@id\":\"https:\\\/\\\/stp.com\\\/se\\\/problemlosning\\\/for-hog-motorfriktion\\\/#primaryimage\"},\"image\":{\"@id\":\"https:\\\/\\\/stp.com\\\/se\\\/problemlosning\\\/for-hog-motorfriktion\\\/#primaryimage\"},\"thumbnailUrl\":\"https:\\\/\\\/stp.com\\\/se\\\/wp-content\\\/uploads\\\/sites\\\/17\\\/2025\\\/05\\\/Photo-2-Functional-Fluids-.png\",\"datePublished\":\"2025-04-04T13:54:29+00:00\",\"dateModified\":\"2025-06-05T10:26:20+00:00\",\"breadcrumb\":{\"@id\":\"https:\\\/\\\/stp.com\\\/se\\\/problemlosning\\\/for-hog-motorfriktion\\\/#breadcrumb\"},\"inLanguage\":\"en-US\",\"potentialAction\":[{\"@type\":\"ReadAction\",\"target\":[\"https:\\\/\\\/stp.com\\\/se\\\/problemlosning\\\/for-hog-motorfriktion\\\/\"]}]},{\"@type\":\"ImageObject\",\"inLanguage\":\"en-US\",\"@id\":\"https:\\\/\\\/stp.com\\\/se\\\/problemlosning\\\/for-hog-motorfriktion\\\/#primaryimage\",\"url\":\"https:\\\/\\\/stpcdnimage.imgix.net\\\/se\\\/wp-content\\\/uploads\\\/sites\\\/17\\\/2025\\\/05\\\/Photo-2-Functional-Fluids-.png?auto=format%2Ccompress\",\"contentUrl\":\"https:\\\/\\\/stpcdnimage.imgix.net\\\/se\\\/wp-content\\\/uploads\\\/sites\\\/17\\\/2025\\\/05\\\/Photo-2-Functional-Fluids-.png?auto=format%2Ccompress\",\"width\":800,\"height\":450,\"caption\":\"Funktionella v\u00e4tskor\"},{\"@type\":\"BreadcrumbList\",\"@id\":\"https:\\\/\\\/stp.com\\\/se\\\/problemlosning\\\/for-hog-motorfriktion\\\/#breadcrumb\",\"itemListElement\":[{\"@type\":\"ListItem\",\"position\":1,\"name\":\"Home\",\"item\":\"https:\\\/\\\/stp.com\\\/se\\\/\"},{\"@type\":\"ListItem\",\"position\":2,\"name\":\"Probleml\u00f6sning\",\"item\":\"https:\\\/\\\/stp.com\\\/se\\\/problemlosning\\\/\"},{\"@type\":\"ListItem\",\"position\":3,\"name\":\"F\u00f6r h\u00f6g motorfriktion\"}]},{\"@type\":\"WebSite\",\"@id\":\"https:\\\/\\\/c38a2c2a6e.nxcli.io\\\/se\\\/#website\",\"url\":\"https:\\\/\\\/c38a2c2a6e.nxcli.io\\\/se\\\/\",\"name\":\"STP\u00ae Sweden\",\"description\":\"Science. Technology. Performance\",\"potentialAction\":[{\"@type\":\"SearchAction\",\"target\":{\"@type\":\"EntryPoint\",\"urlTemplate\":\"https:\\\/\\\/c38a2c2a6e.nxcli.io\\\/se\\\/?s={search_term_string}\"},\"query-input\":{\"@type\":\"PropertyValueSpecification\",\"valueRequired\":true,\"valueName\":\"search_term_string\"}}],\"inLanguage\":\"en-US\"}]}<\/script>\n<!-- \/ Yoast SEO plugin. -->","yoast_head_json":{"title":"F\u00f6r h\u00f6g motorfriktion - STP\u00ae Sweden","robots":{"index":"index","follow":"follow","max-snippet":"max-snippet:-1","max-image-preview":"max-image-preview:large","max-video-preview":"max-video-preview:-1"},"canonical":"https:\/\/stp.com\/se\/problemlosning\/for-hog-motorfriktion\/","og_locale":"en_US","og_type":"article","og_title":"F\u00f6r h\u00f6g motorfriktion - STP\u00ae Sweden","og_description":"Vad \u00e4r motorfriktion, och vad orsakar detta? De r\u00f6rliga delarna i motorn arbetar under mycket sn\u00e4va marginaler. Efter l\u00e5nga k\u00f6rstr\u00e4ckor kan slitage och f\u00f6r h\u00f6g friktion uppst\u00e5. Denna metall-mot-metall-friktion kan skada din motors tillf\u00f6rlitlighet och allm\u00e4nna prestanda.","og_url":"https:\/\/stp.com\/se\/problemlosning\/for-hog-motorfriktion\/","og_site_name":"STP\u00ae Sweden","article_modified_time":"2025-06-05T10:26:20+00:00","og_image":[{"url":"https:\/\/stp.com\/se\/wp-content\/uploads\/sites\/17\/2025\/05\/Photo-2-Functional-Fluids-.png","type":"","width":"","height":""}],"twitter_card":"summary_large_image","twitter_misc":{"Est. reading time":"1 minute"},"schema":{"@context":"https:\/\/schema.org","@graph":[{"@type":"WebPage","@id":"https:\/\/stp.com\/se\/problemlosning\/for-hog-motorfriktion\/","url":"https:\/\/stp.com\/se\/problemlosning\/for-hog-motorfriktion\/","name":"F\u00f6r h\u00f6g motorfriktion - STP\u00ae Sweden","isPartOf":{"@id":"https:\/\/c38a2c2a6e.nxcli.io\/se\/#website"},"primaryImageOfPage":{"@id":"https:\/\/stp.com\/se\/problemlosning\/for-hog-motorfriktion\/#primaryimage"},"image":{"@id":"https:\/\/stp.com\/se\/problemlosning\/for-hog-motorfriktion\/#primaryimage"},"thumbnailUrl":"https:\/\/stp.com\/se\/wp-content\/uploads\/sites\/17\/2025\/05\/Photo-2-Functional-Fluids-.png","datePublished":"2025-04-04T13:54:29+00:00","dateModified":"2025-06-05T10:26:20+00:00","breadcrumb":{"@id":"https:\/\/stp.com\/se\/problemlosning\/for-hog-motorfriktion\/#breadcrumb"},"inLanguage":"en-US","potentialAction":[{"@type":"ReadAction","target":["https:\/\/stp.com\/se\/problemlosning\/for-hog-motorfriktion\/"]}]},{"@type":"ImageObject","inLanguage":"en-US","@id":"https:\/\/stp.com\/se\/problemlosning\/for-hog-motorfriktion\/#primaryimage","url":"https:\/\/stpcdnimage.imgix.net\/se\/wp-content\/uploads\/sites\/17\/2025\/05\/Photo-2-Functional-Fluids-.png?auto=format%2Ccompress","contentUrl":"https:\/\/stpcdnimage.imgix.net\/se\/wp-content\/uploads\/sites\/17\/2025\/05\/Photo-2-Functional-Fluids-.png?auto=format%2Ccompress","width":800,"height":450,"caption":"Funktionella v\u00e4tskor"},{"@type":"BreadcrumbList","@id":"https:\/\/stp.com\/se\/problemlosning\/for-hog-motorfriktion\/#breadcrumb","itemListElement":[{"@type":"ListItem","position":1,"name":"Home","item":"https:\/\/stp.com\/se\/"},{"@type":"ListItem","position":2,"name":"Probleml\u00f6sning","item":"https:\/\/stp.com\/se\/problemlosning\/"},{"@type":"ListItem","position":3,"name":"F\u00f6r h\u00f6g motorfriktion"}]},{"@type":"WebSite","@id":"https:\/\/c38a2c2a6e.nxcli.io\/se\/#website","url":"https:\/\/c38a2c2a6e.nxcli.io\/se\/","name":"STP\u00ae Sweden","description":"Science. Technology. Performance","potentialAction":[{"@type":"SearchAction","target":{"@type":"EntryPoint","urlTemplate":"https:\/\/c38a2c2a6e.nxcli.io\/se\/?s={search_term_string}"},"query-input":{"@type":"PropertyValueSpecification","valueRequired":true,"valueName":"search_term_string"}}],"inLanguage":"en-US"}]}},"_links":{"self":[{"href":"https:\/\/stp.com\/se\/wp-json\/wp\/v2\/pages\/5897","targetHints":{"allow":["GET"]}}],"collection":[{"href":"https:\/\/stp.com\/se\/wp-json\/wp\/v2\/pages"}],"about":[{"href":"https:\/\/stp.com\/se\/wp-json\/wp\/v2\/types\/page"}],"author":[{"embeddable":true,"href":"https:\/\/stp.com\/se\/wp-json\/wp\/v2\/users\/1"}],"replies":[{"embeddable":true,"href":"https:\/\/stp.com\/se\/wp-json\/wp\/v2\/comments?post=5897"}],"version-history":[{"count":15,"href":"https:\/\/stp.com\/se\/wp-json\/wp\/v2\/pages\/5897\/revisions"}],"predecessor-version":[{"id":8409,"href":"https:\/\/stp.com\/se\/wp-json\/wp\/v2\/pages\/5897\/revisions\/8409"}],"up":[{"embeddable":true,"href":"https:\/\/stp.com\/se\/wp-json\/wp\/v2\/pages\/416"}],"wp:attachment":[{"href":"https:\/\/stp.com\/se\/wp-json\/wp\/v2\/media?parent=5897"}],"curies":[{"name":"wp","href":"https:\/\/api.w.org\/{rel}","templated":true}]}}