{"id":5723,"date":"2025-04-04T18:16:17","date_gmt":"2025-04-04T12:46:17","guid":{"rendered":"https:\/\/c38a2c2a6e.nxcli.io\/se\/?page_id=5723"},"modified":"2025-06-05T14:19:09","modified_gmt":"2025-06-05T08:49:09","slug":"forsamrad-bransleekonomi","status":"publish","type":"page","link":"https:\/\/stp.com\/se\/problemlosning\/forsamrad-bransleekonomi\/","title":{"rendered":"F\u00f6rs\u00e4mrad br\u00e4nsleekonomi"},"content":{"rendered":"\t\t<div data-elementor-type=\"wp-page\" data-elementor-id=\"5723\" class=\"elementor elementor-5723\" data-elementor-post-type=\"page\">\n\t\t\t\t<div class=\"elementor-element elementor-element-28253c3 e-flex e-con-boxed e-con e-parent\" data-id=\"28253c3\" data-element_type=\"container\" data-e-type=\"container\" data-settings=\"{&quot;background_background&quot;:&quot;classic&quot;}\">\n\t\t\t\t\t<div class=\"e-con-inner\">\n\t\t\t\t<div class=\"elementor-element elementor-element-5be1243 breadcrumb elementor-widget elementor-widget-breadcrumbs\" data-id=\"5be1243\" data-element_type=\"widget\" data-e-type=\"widget\" data-widget_type=\"breadcrumbs.default\">\n\t\t\t\t<div class=\"elementor-widget-container\">\n\t\t\t\t\t<p id=\"breadcrumbs\"><span><span><a href=\"https:\/\/stp.com\/se\/\">Home<\/a><\/span><\/span><\/p>\t\t\t\t<\/div>\n\t\t\t\t<\/div>\n\t\t<div class=\"elementor-element elementor-element-5603004 e-con-full e-flex e-con e-child\" data-id=\"5603004\" data-element_type=\"container\" data-e-type=\"container\">\n\t\t<div class=\"elementor-element elementor-element-8d4e670 e-con-full product__head e-flex e-con e-child\" data-id=\"8d4e670\" data-element_type=\"container\" data-e-type=\"container\">\n\t\t\t\t<\/div>\n\t\t\t\t<\/div>\n\t\t\t\t\t<\/div>\n\t\t\t\t<\/div>\n\t\t<div class=\"elementor-element elementor-element-9625b2d top-red-border e-flex e-con-boxed e-con e-parent\" data-id=\"9625b2d\" data-element_type=\"container\" data-e-type=\"container\" data-settings=\"{&quot;background_background&quot;:&quot;classic&quot;}\">\n\t\t\t\t\t<div class=\"e-con-inner\">\n\t\t<div class=\"elementor-element elementor-element-47c4e22 e-con-full e-flex e-con e-child\" data-id=\"47c4e22\" data-element_type=\"container\" data-e-type=\"container\">\n\t\t\t\t<div class=\"elementor-element elementor-element-222d99d elementor-position-right elementor-vertical-align-middle image-text-section elementor-widget elementor-widget-image-box\" data-id=\"222d99d\" data-element_type=\"widget\" data-e-type=\"widget\" data-widget_type=\"image-box.default\">\n\t\t\t\t<div class=\"elementor-widget-container\">\n\t\t\t\t\t<div class=\"elementor-image-box-wrapper\"><figure class=\"elementor-image-box-img\"><img fetchpriority=\"high\" decoding=\"async\" width=\"1920\" height=\"1080\" src=\"https:\/\/stpcdnimage.imgix.net\/wp-content\/uploads\/sites\/17\/2025\/05\/Lost-Performance-Photo-11-resized.avif\" class=\"attachment-full size-full wp-image-7704\" alt=\"F\u00f6rs\u00e4mrad br\u00e4nsleekonomi\" \/><\/figure><div class=\"elementor-image-box-content\"><p class=\"elementor-image-box-description\">Undrar du varf\u00f6r din bil inte kan k\u00f6ra lika l\u00e5ngt p\u00e5 samma tank som den brukade kunna? Det kan finnas avlagringar som t\u00e4pper till ditt br\u00e4nsleintagssystem. Dessa avlagringar kommer att f\u00e5 din motor att \u201cjobba h\u00e5rdare\u201d f\u00f6r att f\u00e5 br\u00e4nsle, vilket i sin tur kommer att f\u00f6rs\u00e4mra prestandan och k\u00f6rstr\u00e4ckan per tankning. F\u00f6rl\u00e4ng k\u00f6rstr\u00e4ckan per tankning med v\u00e5ra produkter nedan, inklusive behandlingar och reng\u00f6ringsmedel.\n\n<\/p><\/div><\/div>\t\t\t\t<\/div>\n\t\t\t\t<\/div>\n\t\t\t\t<\/div>\n\t\t\t\t\t<\/div>\n\t\t\t\t<\/div>\n\t\t<div class=\"elementor-element elementor-element-5957ba8 prod-related-container e-flex e-con-boxed e-con e-child\" data-id=\"5957ba8\" data-element_type=\"container\" data-e-type=\"container\" data-settings=\"{&quot;background_background&quot;:&quot;classic&quot;}\">\n\t\t\t\t\t<div class=\"e-con-inner\">\n\t\t\t\t<div class=\"elementor-element elementor-element-b010249 arm__product-related elementor-widget elementor-widget-shortcode\" data-id=\"b010249\" data-element_type=\"widget\" data-e-type=\"widget\" data-widget_type=\"shortcode.default\">\n\t\t\t\t<div class=\"elementor-widget-container\">\n\t\t\t\t\t\t\t<div class=\"elementor-shortcode\">\t<div class=\"product_related\">\n\t\t\t\t\t<div class=\"section-intro section-intro--left\" id=\"anchor-intro-block_\">\n\n\t\t\t\t\t<div class=\"section-intro__content\" id=\"anchor-intro-content_\">\n\t\t\t\t\t\t<div role=\"doc-subtitle\">F\u00f6rb\u00e4ttra bensinens kvalitet med:\n<\/div>\n\t\t\t\t\t<\/div>\n\n\t\t\t\t<div class=\"section-intro__button\">\n\t\t\t\t\t\t\t\t\t<\/div>\n\t\t\t<\/div>\n\t\t\t\t<div class=\"building-block\">\n\t\t\t<div class=\"slider slider--listing\" role=\"region\" aria-roledescription=\"carousel\" aria-label=\"Featured product carousel\" data-items-0=\"1\" data-items-500=\"2\" data-items-900=\"3\" data-items-1200=\"4\" data-autoplay=\"false\">\n\t\t\t\t<div class=\"slider__controls\">\n\t\t\t\t\t\t\t\t\t\t\t\t\t\t<\/div>\n\t\t\t\t<div class=\"slider__wrapper\">\n\t\t\t\t\t<ul class=\"slider__panels\" id=\"slider-123\" class=\"carousel-items\" aria-live=\"polite\">\n\t\t\t\t\t\t \t\t\t\t\t\t\t<li class=\"slider__panel\" aria-hidden=\"false\" tabindex=\"-1\" aria-label=\"Slide 1 of 1\">\n\t\t\t\t\t\t\t\t <div class=\"grid grid-cols-4 grid-gutter-md\">\n\t\t\t\t\t\t\t\t\t\t\t\t\t\t\t\t\t\t\t<div class=\"card card--product\">\n\t\t\t\t\t\t\t\t\t\t\t<div class=\"card__image card__image--has-rollover\">\n\t\t\t\t\t\t\t\t\t\t\t\t<img decoding=\"async\" src=\"https:\/\/stpcdnimage.imgix.net\/global-media\/wp-content\/uploads\/sites\/6\/product-images\/E301994400_01.png\"  alt=\"Complete Fuel System Cleaner \u2013 Bensin Image 1\" class=\"\" width=\"250\" height=\"250\" \/>\n\t\t\t\t\t\t\t\t\t\t\t\t<div class=\"btn btn--solid rollover\">se Produkt<\/div>\n\t\t\t\t\t\t\t\t\t\t\t<\/div>\n\t\t\t\t\t\t\t\t\t\t\t<div class=\"card__pretitle\"><span class=\"card__category\">Br\u00e4nsletillsatser<\/span><\/div>\n\t\t\t\t\t\t\t\t\t\t\t\t<h3 class=\"h3\"><a href=\"https:\/\/stp.com\/se\/product\/complete-fuel-system-cleaner-bensin\/\" class=\"cover-link card__link\">Complete Fuel System Cleaner \u2013 Bensin<\/a><\/h3>\n\t\t\t\t\t\t\t\t\t\t<\/div>\n\t\t\t\t\t\t\t\t\t\t\t\t\t\t\t\t\t\t\t<div class=\"card card--product\">\n\t\t\t\t\t\t\t\t\t\t\t<div class=\"card__image card__image--has-rollover\">\n\t\t\t\t\t\t\t\t\t\t\t\t<img decoding=\"async\" src=\"https:\/\/stpcdnimage.imgix.net\/global-media\/wp-content\/uploads\/sites\/6\/product-images\/E302008900_01.png\"  alt=\"Complete System Cleaner \u2013 Diesel Image 1\" class=\"\" width=\"250\" height=\"250\" \/>\n\t\t\t\t\t\t\t\t\t\t\t\t<div class=\"btn btn--solid rollover\">se Produkt<\/div>\n\t\t\t\t\t\t\t\t\t\t\t<\/div>\n\t\t\t\t\t\t\t\t\t\t\t<div class=\"card__pretitle\"><span class=\"card__category\">Br\u00e4nsletillsatser<\/span><\/div>\n\t\t\t\t\t\t\t\t\t\t\t\t<h3 class=\"h3\"><a href=\"https:\/\/stp.com\/se\/product\/complete-system-cleaner-diesel\/\" class=\"cover-link card__link\">Complete System Cleaner \u2013 Diesel<\/a><\/h3>\n\t\t\t\t\t\t\t\t\t\t<\/div>\n\t\t\t\t\t\t\t\t\t\t\t\t\t\t\t\t\t\t\t<div class=\"card card--product\">\n\t\t\t\t\t\t\t\t\t\t\t<div class=\"card__image card__image--has-rollover\">\n\t\t\t\t\t\t\t\t\t\t\t\t<img loading=\"lazy\" decoding=\"async\" src=\"https:\/\/stpcdnimage.imgix.net\/global-media\/wp-content\/uploads\/sites\/6\/product-images\/E302016100_01.png\"  alt=\"Ultra 5-in-1 Petrol System Cleaner Image 1\" class=\"\" width=\"250\" height=\"250\" \/>\n\t\t\t\t\t\t\t\t\t\t\t\t<div class=\"btn btn--solid rollover\">se Produkt<\/div>\n\t\t\t\t\t\t\t\t\t\t\t<\/div>\n\t\t\t\t\t\t\t\t\t\t\t<div class=\"card__pretitle\"><span class=\"card__category\">Br\u00e4nsletillsatser<\/span><\/div>\n\t\t\t\t\t\t\t\t\t\t\t\t<h3 class=\"h3\"><a href=\"https:\/\/stp.com\/se\/product\/ultra-5-in-1-petrol-system-cleaner\/\" class=\"cover-link card__link\">Ultra 5-in-1 Petrol System Cleaner<\/a><\/h3>\n\t\t\t\t\t\t\t\t\t\t<\/div>\n\t\t\t\t\t\t\t\t\t\t\t\t\t\t\t\t\t\t\t<div class=\"card card--product\">\n\t\t\t\t\t\t\t\t\t\t\t<div class=\"card__image card__image--has-rollover\">\n\t\t\t\t\t\t\t\t\t\t\t\t<img loading=\"lazy\" decoding=\"async\" src=\"https:\/\/stpcdnimage.imgix.net\/global-media\/wp-content\/uploads\/sites\/6\/product-images\/E302017000_01.png\"  alt=\"Ultra 5-in-1 Diesel System Cleaner Image 1\" class=\"\" width=\"250\" height=\"250\" \/>\n\t\t\t\t\t\t\t\t\t\t\t\t<div class=\"btn btn--solid rollover\">se Produkt<\/div>\n\t\t\t\t\t\t\t\t\t\t\t<\/div>\n\t\t\t\t\t\t\t\t\t\t\t<div class=\"card__pretitle\"><span class=\"card__category\">Br\u00e4nsletillsatser<\/span><\/div>\n\t\t\t\t\t\t\t\t\t\t\t\t<h3 class=\"h3\"><a href=\"https:\/\/stp.com\/se\/product\/ultra-5-in-1-diesel-system-cleaner\/\" class=\"cover-link card__link\">Ultra 5-in-1 Diesel System Cleaner<\/a><\/h3>\n\t\t\t\t\t\t\t\t\t\t<\/div>\n\t\t\t\t\t\t\t\t\t\t\t\t\t\t\t\t\t<\/div>\n\t\t\t\t\t\t\t<\/li>\n\t\t\t\t\t\t\t\t\t\t\t<\/ul>\n\t\t\t\t<\/div>\n\t\t\t\t<div class=\"slider__nav\">\n\t\t\t\t\t\t\t\t\t\t<\/div>\n\t\t\t<\/div>\n\t\t<\/div>\n\t<\/div>\n<\/div>\n\t\t\t\t\t\t<\/div>\n\t\t\t\t<\/div>\n\t\t\t\t\t<\/div>\n\t\t\t\t<\/div>\n\t\t\t\t<\/div>\n\t\t","protected":false},"excerpt":{"rendered":"<p>Undrar du varf\u00f6r din bil inte kan k\u00f6ra lika l\u00e5ngt p\u00e5 samma tank som den brukade kunna? Det kan finnas avlagringar som t\u00e4pper till ditt br\u00e4nsleintagssystem. Dessa avlagringar kommer att f\u00e5 din motor att \u201cjobba h\u00e5rdare\u201d f\u00f6r att f\u00e5 br\u00e4nsle, vilket i sin tur kommer att f\u00f6rs\u00e4mra prestandan och k\u00f6rstr\u00e4ckan per tankning. F\u00f6rl\u00e4ng k\u00f6rstr\u00e4ckan per [&hellip;]<\/p>\n","protected":false},"author":1,"featured_media":7704,"parent":416,"menu_order":0,"comment_status":"closed","ping_status":"closed","template":"","meta":{"_acf_changed":false,"footnotes":""},"class_list":["post-5723","page","type-page","status-publish","has-post-thumbnail","hentry"],"acf":[],"yoast_head":"<!-- This site is optimized with the Yoast SEO plugin v27.4 - https:\/\/yoast.com\/product\/yoast-seo-wordpress\/ -->\n<title>F\u00f6rs\u00e4mrad br\u00e4nsleekonomi - STP\u00ae Sweden<\/title>\n<meta name=\"robots\" content=\"index, follow, max-snippet:-1, max-image-preview:large, max-video-preview:-1\" \/>\n<link rel=\"canonical\" href=\"https:\/\/stp.com\/se\/problemlosning\/forsamrad-bransleekonomi\/\" \/>\n<meta property=\"og:locale\" content=\"en_US\" \/>\n<meta property=\"og:type\" content=\"article\" \/>\n<meta property=\"og:title\" content=\"F\u00f6rs\u00e4mrad br\u00e4nsleekonomi - STP\u00ae Sweden\" \/>\n<meta property=\"og:description\" content=\"Undrar du varf\u00f6r din bil inte kan k\u00f6ra lika l\u00e5ngt p\u00e5 samma tank som den brukade kunna? Det kan finnas avlagringar som t\u00e4pper till ditt br\u00e4nsleintagssystem. Dessa avlagringar kommer att f\u00e5 din motor att \u201cjobba h\u00e5rdare\u201d f\u00f6r att f\u00e5 br\u00e4nsle, vilket i sin tur kommer att f\u00f6rs\u00e4mra prestandan och k\u00f6rstr\u00e4ckan per tankning. F\u00f6rl\u00e4ng k\u00f6rstr\u00e4ckan per [&hellip;]\" \/>\n<meta property=\"og:url\" content=\"https:\/\/stp.com\/se\/problemlosning\/forsamrad-bransleekonomi\/\" \/>\n<meta property=\"og:site_name\" content=\"STP\u00ae Sweden\" \/>\n<meta property=\"article:modified_time\" content=\"2025-06-05T08:49:09+00:00\" \/>\n<meta name=\"twitter:card\" content=\"summary_large_image\" \/>\n<meta name=\"twitter:label1\" content=\"Est. reading time\" \/>\n\t<meta name=\"twitter:data1\" content=\"1 minute\" \/>\n<script type=\"application\/ld+json\" class=\"yoast-schema-graph\">{\"@context\":\"https:\\\/\\\/schema.org\",\"@graph\":[{\"@type\":\"WebPage\",\"@id\":\"https:\\\/\\\/stp.com\\\/se\\\/problemlosning\\\/forsamrad-bransleekonomi\\\/\",\"url\":\"https:\\\/\\\/stp.com\\\/se\\\/problemlosning\\\/forsamrad-bransleekonomi\\\/\",\"name\":\"F\u00f6rs\u00e4mrad br\u00e4nsleekonomi - STP\u00ae Sweden\",\"isPartOf\":{\"@id\":\"https:\\\/\\\/c38a2c2a6e.nxcli.io\\\/se\\\/#website\"},\"primaryImageOfPage\":{\"@id\":\"https:\\\/\\\/stp.com\\\/se\\\/problemlosning\\\/forsamrad-bransleekonomi\\\/#primaryimage\"},\"image\":{\"@id\":\"https:\\\/\\\/stp.com\\\/se\\\/problemlosning\\\/forsamrad-bransleekonomi\\\/#primaryimage\"},\"thumbnailUrl\":\"https:\\\/\\\/stpcdnimage.imgix.net\\\/wp-content\\\/uploads\\\/sites\\\/17\\\/2025\\\/05\\\/Lost-Performance-Photo-11-resized.avif\",\"datePublished\":\"2025-04-04T12:46:17+00:00\",\"dateModified\":\"2025-06-05T08:49:09+00:00\",\"breadcrumb\":{\"@id\":\"https:\\\/\\\/stp.com\\\/se\\\/problemlosning\\\/forsamrad-bransleekonomi\\\/#breadcrumb\"},\"inLanguage\":\"en-US\",\"potentialAction\":[{\"@type\":\"ReadAction\",\"target\":[\"https:\\\/\\\/stp.com\\\/se\\\/problemlosning\\\/forsamrad-bransleekonomi\\\/\"]}]},{\"@type\":\"ImageObject\",\"inLanguage\":\"en-US\",\"@id\":\"https:\\\/\\\/stp.com\\\/se\\\/problemlosning\\\/forsamrad-bransleekonomi\\\/#primaryimage\",\"url\":\"https:\\\/\\\/stpcdnimage.imgix.net\\\/wp-content\\\/uploads\\\/sites\\\/17\\\/2025\\\/05\\\/Lost-Performance-Photo-11-resized.avif\",\"contentUrl\":\"https:\\\/\\\/stpcdnimage.imgix.net\\\/wp-content\\\/uploads\\\/sites\\\/17\\\/2025\\\/05\\\/Lost-Performance-Photo-11-resized.avif\",\"width\":1920,\"height\":1080,\"caption\":\"F\u00f6rs\u00e4mrad br\u00e4nsleekonomi\"},{\"@type\":\"BreadcrumbList\",\"@id\":\"https:\\\/\\\/stp.com\\\/se\\\/problemlosning\\\/forsamrad-bransleekonomi\\\/#breadcrumb\",\"itemListElement\":[{\"@type\":\"ListItem\",\"position\":1,\"name\":\"Home\",\"item\":\"https:\\\/\\\/stp.com\\\/se\\\/\"},{\"@type\":\"ListItem\",\"position\":2,\"name\":\"Probleml\u00f6sning\",\"item\":\"https:\\\/\\\/stp.com\\\/se\\\/problemlosning\\\/\"},{\"@type\":\"ListItem\",\"position\":3,\"name\":\"F\u00f6rs\u00e4mrad br\u00e4nsleekonomi\"}]},{\"@type\":\"WebSite\",\"@id\":\"https:\\\/\\\/c38a2c2a6e.nxcli.io\\\/se\\\/#website\",\"url\":\"https:\\\/\\\/c38a2c2a6e.nxcli.io\\\/se\\\/\",\"name\":\"STP\u00ae Sweden\",\"description\":\"Science. Technology. Performance\",\"potentialAction\":[{\"@type\":\"SearchAction\",\"target\":{\"@type\":\"EntryPoint\",\"urlTemplate\":\"https:\\\/\\\/c38a2c2a6e.nxcli.io\\\/se\\\/?s={search_term_string}\"},\"query-input\":{\"@type\":\"PropertyValueSpecification\",\"valueRequired\":true,\"valueName\":\"search_term_string\"}}],\"inLanguage\":\"en-US\"}]}<\/script>\n<!-- \/ Yoast SEO plugin. -->","yoast_head_json":{"title":"F\u00f6rs\u00e4mrad br\u00e4nsleekonomi - STP\u00ae Sweden","robots":{"index":"index","follow":"follow","max-snippet":"max-snippet:-1","max-image-preview":"max-image-preview:large","max-video-preview":"max-video-preview:-1"},"canonical":"https:\/\/stp.com\/se\/problemlosning\/forsamrad-bransleekonomi\/","og_locale":"en_US","og_type":"article","og_title":"F\u00f6rs\u00e4mrad br\u00e4nsleekonomi - STP\u00ae Sweden","og_description":"Undrar du varf\u00f6r din bil inte kan k\u00f6ra lika l\u00e5ngt p\u00e5 samma tank som den brukade kunna? Det kan finnas avlagringar som t\u00e4pper till ditt br\u00e4nsleintagssystem. Dessa avlagringar kommer att f\u00e5 din motor att \u201cjobba h\u00e5rdare\u201d f\u00f6r att f\u00e5 br\u00e4nsle, vilket i sin tur kommer att f\u00f6rs\u00e4mra prestandan och k\u00f6rstr\u00e4ckan per tankning. F\u00f6rl\u00e4ng k\u00f6rstr\u00e4ckan per [&hellip;]","og_url":"https:\/\/stp.com\/se\/problemlosning\/forsamrad-bransleekonomi\/","og_site_name":"STP\u00ae Sweden","article_modified_time":"2025-06-05T08:49:09+00:00","twitter_card":"summary_large_image","twitter_misc":{"Est. reading time":"1 minute"},"schema":{"@context":"https:\/\/schema.org","@graph":[{"@type":"WebPage","@id":"https:\/\/stp.com\/se\/problemlosning\/forsamrad-bransleekonomi\/","url":"https:\/\/stp.com\/se\/problemlosning\/forsamrad-bransleekonomi\/","name":"F\u00f6rs\u00e4mrad br\u00e4nsleekonomi - STP\u00ae Sweden","isPartOf":{"@id":"https:\/\/c38a2c2a6e.nxcli.io\/se\/#website"},"primaryImageOfPage":{"@id":"https:\/\/stp.com\/se\/problemlosning\/forsamrad-bransleekonomi\/#primaryimage"},"image":{"@id":"https:\/\/stp.com\/se\/problemlosning\/forsamrad-bransleekonomi\/#primaryimage"},"thumbnailUrl":"https:\/\/stpcdnimage.imgix.net\/wp-content\/uploads\/sites\/17\/2025\/05\/Lost-Performance-Photo-11-resized.avif","datePublished":"2025-04-04T12:46:17+00:00","dateModified":"2025-06-05T08:49:09+00:00","breadcrumb":{"@id":"https:\/\/stp.com\/se\/problemlosning\/forsamrad-bransleekonomi\/#breadcrumb"},"inLanguage":"en-US","potentialAction":[{"@type":"ReadAction","target":["https:\/\/stp.com\/se\/problemlosning\/forsamrad-bransleekonomi\/"]}]},{"@type":"ImageObject","inLanguage":"en-US","@id":"https:\/\/stp.com\/se\/problemlosning\/forsamrad-bransleekonomi\/#primaryimage","url":"https:\/\/stpcdnimage.imgix.net\/wp-content\/uploads\/sites\/17\/2025\/05\/Lost-Performance-Photo-11-resized.avif","contentUrl":"https:\/\/stpcdnimage.imgix.net\/wp-content\/uploads\/sites\/17\/2025\/05\/Lost-Performance-Photo-11-resized.avif","width":1920,"height":1080,"caption":"F\u00f6rs\u00e4mrad br\u00e4nsleekonomi"},{"@type":"BreadcrumbList","@id":"https:\/\/stp.com\/se\/problemlosning\/forsamrad-bransleekonomi\/#breadcrumb","itemListElement":[{"@type":"ListItem","position":1,"name":"Home","item":"https:\/\/stp.com\/se\/"},{"@type":"ListItem","position":2,"name":"Probleml\u00f6sning","item":"https:\/\/stp.com\/se\/problemlosning\/"},{"@type":"ListItem","position":3,"name":"F\u00f6rs\u00e4mrad br\u00e4nsleekonomi"}]},{"@type":"WebSite","@id":"https:\/\/c38a2c2a6e.nxcli.io\/se\/#website","url":"https:\/\/c38a2c2a6e.nxcli.io\/se\/","name":"STP\u00ae Sweden","description":"Science. Technology. Performance","potentialAction":[{"@type":"SearchAction","target":{"@type":"EntryPoint","urlTemplate":"https:\/\/c38a2c2a6e.nxcli.io\/se\/?s={search_term_string}"},"query-input":{"@type":"PropertyValueSpecification","valueRequired":true,"valueName":"search_term_string"}}],"inLanguage":"en-US"}]}},"_links":{"self":[{"href":"https:\/\/stp.com\/se\/wp-json\/wp\/v2\/pages\/5723","targetHints":{"allow":["GET"]}}],"collection":[{"href":"https:\/\/stp.com\/se\/wp-json\/wp\/v2\/pages"}],"about":[{"href":"https:\/\/stp.com\/se\/wp-json\/wp\/v2\/types\/page"}],"author":[{"embeddable":true,"href":"https:\/\/stp.com\/se\/wp-json\/wp\/v2\/users\/1"}],"replies":[{"embeddable":true,"href":"https:\/\/stp.com\/se\/wp-json\/wp\/v2\/comments?post=5723"}],"version-history":[{"count":37,"href":"https:\/\/stp.com\/se\/wp-json\/wp\/v2\/pages\/5723\/revisions"}],"predecessor-version":[{"id":8370,"href":"https:\/\/stp.com\/se\/wp-json\/wp\/v2\/pages\/5723\/revisions\/8370"}],"up":[{"embeddable":true,"href":"https:\/\/stp.com\/se\/wp-json\/wp\/v2\/pages\/416"}],"wp:featuredmedia":[{"embeddable":true,"href":"https:\/\/stp.com\/se\/wp-json\/wp\/v2\/media\/7704"}],"wp:attachment":[{"href":"https:\/\/stp.com\/se\/wp-json\/wp\/v2\/media?parent=5723"}],"curies":[{"name":"wp","href":"https:\/\/api.w.org\/{rel}","templated":true}]}}