{"id":5006,"date":"2025-04-03T17:56:27","date_gmt":"2025-04-03T12:26:27","guid":{"rendered":"https:\/\/c38a2c2a6e.nxcli.io\/se\/?page_id=5006"},"modified":"2025-06-04T10:09:54","modified_gmt":"2025-06-04T04:39:54","slug":"broms-och-servostyrningsvatska","status":"publish","type":"page","link":"https:\/\/stp.com\/se\/tips-for-underhall\/vanliga-fragor-och-svar\/broms-och-servostyrningsvatska\/","title":{"rendered":"Broms- och servostyrningsv\u00e4tska"},"content":{"rendered":"\t\t<div data-elementor-type=\"wp-page\" data-elementor-id=\"5006\" class=\"elementor elementor-5006\" data-elementor-post-type=\"page\">\n\t\t\t\t<div class=\"elementor-element elementor-element-59ad9d4 e-flex e-con-boxed e-con e-parent\" data-id=\"59ad9d4\" data-element_type=\"container\" data-e-type=\"container\" data-settings=\"{&quot;background_background&quot;:&quot;classic&quot;}\">\n\t\t\t\t\t<div class=\"e-con-inner\">\n\t\t\t\t<div class=\"elementor-element elementor-element-1e212b7 breadcrumb elementor-widget elementor-widget-breadcrumbs\" data-id=\"1e212b7\" data-element_type=\"widget\" data-e-type=\"widget\" data-widget_type=\"breadcrumbs.default\">\n\t\t\t\t<div class=\"elementor-widget-container\">\n\t\t\t\t\t<p id=\"breadcrumbs\"><span><span><a href=\"https:\/\/stp.com\/se\/\">Home<\/a><\/span><\/span><\/p>\t\t\t\t<\/div>\n\t\t\t\t<\/div>\n\t\t<div class=\"elementor-element elementor-element-4c70f01 e-con-full e-flex e-con e-child\" data-id=\"4c70f01\" data-element_type=\"container\" data-e-type=\"container\">\n\t\t<div class=\"elementor-element elementor-element-2b17daf e-con-full product__head e-flex e-con e-child\" data-id=\"2b17daf\" data-element_type=\"container\" data-e-type=\"container\">\n\t\t\t\t<\/div>\n\t\t\t\t<\/div>\n\t\t\t\t\t<\/div>\n\t\t\t\t<\/div>\n\t\t<div class=\"elementor-element elementor-element-ef9bce7 top-red-border e-flex e-con-boxed e-con e-parent\" data-id=\"ef9bce7\" data-element_type=\"container\" data-e-type=\"container\" data-settings=\"{&quot;background_background&quot;:&quot;classic&quot;}\">\n\t\t\t\t\t<div class=\"e-con-inner\">\n\t\t\t\t<div class=\"elementor-element elementor-element-00c69dc faqs-accordian elementor-widget elementor-widget-n-accordion\" data-id=\"00c69dc\" data-element_type=\"widget\" data-e-type=\"widget\" data-settings=\"{&quot;default_state&quot;:&quot;all_collapsed&quot;,&quot;n_accordion_animation_duration&quot;:{&quot;unit&quot;:&quot;ms&quot;,&quot;size&quot;:300,&quot;sizes&quot;:[]},&quot;max_items_expended&quot;:&quot;one&quot;}\" data-widget_type=\"nested-accordion.default\">\n\t\t\t\t<div class=\"elementor-widget-container\">\n\t\t\t\t\t\t\t<div class=\"e-n-accordion\" aria-label=\"Accordion. Open links with Enter or Space, close with Escape, and navigate with Arrow Keys\">\n\t\t\t\t\t\t<details id=\"e-n-accordion-item-8130\" class=\"e-n-accordion-item\" >\n\t\t\t\t<summary class=\"e-n-accordion-item-title\" data-accordion-index=\"1\" tabindex=\"0\" aria-expanded=\"false\" aria-controls=\"e-n-accordion-item-8130\" >\n\t\t\t\t\t<span class='e-n-accordion-item-title-header'><h3 class=\"e-n-accordion-item-title-text\"> Vad \u00e4r bromsv\u00e4tska? <\/h3><\/span>\n\t\t\t\t\t\t\t<span class='e-n-accordion-item-title-icon'>\n\t\t\t<span class='e-opened' ><svg aria-hidden=\"true\" class=\"e-font-icon-svg e-fas-arrow-up\" viewBox=\"0 0 448 512\" xmlns=\"http:\/\/www.w3.org\/2000\/svg\"><path d=\"M34.9 289.5l-22.2-22.2c-9.4-9.4-9.4-24.6 0-33.9L207 39c9.4-9.4 24.6-9.4 33.9 0l194.3 194.3c9.4 9.4 9.4 24.6 0 33.9L413 289.4c-9.5 9.5-25 9.3-34.3-.4L264 168.6V456c0 13.3-10.7 24-24 24h-32c-13.3 0-24-10.7-24-24V168.6L69.2 289.1c-9.3 9.8-24.8 10-34.3.4z\"><\/path><\/svg><\/span>\n\t\t\t<span class='e-closed'><svg aria-hidden=\"true\" class=\"e-font-icon-svg e-fas-arrow-down\" viewBox=\"0 0 448 512\" xmlns=\"http:\/\/www.w3.org\/2000\/svg\"><path d=\"M413.1 222.5l22.2 22.2c9.4 9.4 9.4 24.6 0 33.9L241 473c-9.4 9.4-24.6 9.4-33.9 0L12.7 278.6c-9.4-9.4-9.4-24.6 0-33.9l22.2-22.2c9.5-9.5 25-9.3 34.3.4L184 343.4V56c0-13.3 10.7-24 24-24h32c13.3 0 24 10.7 24 24v287.4l114.8-120.5c9.3-9.8 24.8-10 34.3-.4z\"><\/path><\/svg><\/span>\n\t\t<\/span>\n\n\t\t\t\t\t\t<\/summary>\n\t\t\t\t<div role=\"region\" aria-labelledby=\"e-n-accordion-item-8130\" class=\"elementor-element elementor-element-c5ab1e5 e-con-full e-flex e-con e-child\" data-id=\"c5ab1e5\" data-element_type=\"container\" data-e-type=\"container\">\n\t\t\t\t<div class=\"elementor-element elementor-element-f9f26c7 elementor-widget elementor-widget-text-editor\" data-id=\"f9f26c7\" data-element_type=\"widget\" data-e-type=\"widget\" data-widget_type=\"text-editor.default\">\n\t\t\t\t<div class=\"elementor-widget-container\">\n\t\t\t\t\t\t\t\t\t<p>Bromsv\u00e4tska \u00e4r i f\u00f6rsta hand en glykoleter med ett medel som hindrar korrosion. Glykoletern m\u00e5ste vara stabil (d.v.s. inte koka) n\u00e4r den uts\u00e4tts f\u00f6r v\u00e4rmen som genereras vid bromsrotorerna \u2013 korrosionsinhibitorn f\u00f6rhindrar korrosion i systemet. Korrosionsinhibitorerna blir f\u00f6rsvagade efter hand, s\u00e5 d\u00e4rf\u00f6r b\u00f6r du h\u00e5lla ett \u00f6ga p\u00e5 dem. De flesta fordonstillverkare rekommenderar att du byter v\u00e4tskan en g\u00e5ng vartannat \u00e5r, men vi rekommenderar att du kontrollerar din instruktionsbok f\u00f6r att bekr\u00e4fta detta.<\/p>\t\t\t\t\t\t\t\t<\/div>\n\t\t\t\t<\/div>\n\t\t\t\t<\/div>\n\t\t\t\t\t<\/details>\n\t\t\t\t\t\t<details id=\"e-n-accordion-item-8131\" class=\"e-n-accordion-item\" >\n\t\t\t\t<summary class=\"e-n-accordion-item-title\" data-accordion-index=\"2\" tabindex=\"-1\" aria-expanded=\"false\" aria-controls=\"e-n-accordion-item-8131\" >\n\t\t\t\t\t<span class='e-n-accordion-item-title-header'><h3 class=\"e-n-accordion-item-title-text\"> Varf\u00f6r beh\u00f6ver jag bromsv\u00e4tska? <\/h3><\/span>\n\t\t\t\t\t\t\t<span class='e-n-accordion-item-title-icon'>\n\t\t\t<span class='e-opened' ><svg aria-hidden=\"true\" class=\"e-font-icon-svg e-fas-arrow-up\" viewBox=\"0 0 448 512\" xmlns=\"http:\/\/www.w3.org\/2000\/svg\"><path d=\"M34.9 289.5l-22.2-22.2c-9.4-9.4-9.4-24.6 0-33.9L207 39c9.4-9.4 24.6-9.4 33.9 0l194.3 194.3c9.4 9.4 9.4 24.6 0 33.9L413 289.4c-9.5 9.5-25 9.3-34.3-.4L264 168.6V456c0 13.3-10.7 24-24 24h-32c-13.3 0-24-10.7-24-24V168.6L69.2 289.1c-9.3 9.8-24.8 10-34.3.4z\"><\/path><\/svg><\/span>\n\t\t\t<span class='e-closed'><svg aria-hidden=\"true\" class=\"e-font-icon-svg e-fas-arrow-down\" viewBox=\"0 0 448 512\" xmlns=\"http:\/\/www.w3.org\/2000\/svg\"><path d=\"M413.1 222.5l22.2 22.2c9.4 9.4 9.4 24.6 0 33.9L241 473c-9.4 9.4-24.6 9.4-33.9 0L12.7 278.6c-9.4-9.4-9.4-24.6 0-33.9l22.2-22.2c9.5-9.5 25-9.3 34.3.4L184 343.4V56c0-13.3 10.7-24 24-24h32c13.3 0 24 10.7 24 24v287.4l114.8-120.5c9.3-9.8 24.8-10 34.3-.4z\"><\/path><\/svg><\/span>\n\t\t<\/span>\n\n\t\t\t\t\t\t<\/summary>\n\t\t\t\t<div role=\"region\" aria-labelledby=\"e-n-accordion-item-8131\" class=\"elementor-element elementor-element-b731d91 e-con-full e-flex e-con e-child\" data-id=\"b731d91\" data-element_type=\"container\" data-e-type=\"container\">\n\t\t\t\t<div class=\"elementor-element elementor-element-964199b elementor-widget elementor-widget-text-editor\" data-id=\"964199b\" data-element_type=\"widget\" data-e-type=\"widget\" data-widget_type=\"text-editor.default\">\n\t\t\t\t<div class=\"elementor-widget-container\">\n\t\t\t\t\t\t\t\t\t<p>Bromssystemet beh\u00f6ver denna v\u00e4tska f\u00f6r att \u00f6verf\u00f6ra tryck till alla fyra hjul f\u00f6r att bromsa. Ut\u00f6ver det m\u00e5ste v\u00e4tskan ha en mycket h\u00f6g kokpunkt, s\u00e5 att den inte kokar och f\u00f6rvandlas till \u00e5nga vid den h\u00f6ga temperatur som den m\u00e5ste fungera vid. N\u00e4r bromsbel\u00e4ggen slits ner sjunker v\u00e4tskeniv\u00e5n i beh\u00e5llaren. V\u00e4tskeniv\u00e5n b\u00f6r kontrolleras vid varje oljebyte och fyllas p\u00e5 vid behov.<\/p>\t\t\t\t\t\t\t\t<\/div>\n\t\t\t\t<\/div>\n\t\t\t\t<\/div>\n\t\t\t\t\t<\/details>\n\t\t\t\t\t\t<details id=\"e-n-accordion-item-8132\" class=\"e-n-accordion-item\" >\n\t\t\t\t<summary class=\"e-n-accordion-item-title\" data-accordion-index=\"3\" tabindex=\"-1\" aria-expanded=\"false\" aria-controls=\"e-n-accordion-item-8132\" >\n\t\t\t\t\t<span class='e-n-accordion-item-title-header'><h3 class=\"e-n-accordion-item-title-text\"> Vad \u00e4r power steering fluid och engine stop leak? <\/h3><\/span>\n\t\t\t\t\t\t\t<span class='e-n-accordion-item-title-icon'>\n\t\t\t<span class='e-opened' ><svg aria-hidden=\"true\" class=\"e-font-icon-svg e-fas-arrow-up\" viewBox=\"0 0 448 512\" xmlns=\"http:\/\/www.w3.org\/2000\/svg\"><path d=\"M34.9 289.5l-22.2-22.2c-9.4-9.4-9.4-24.6 0-33.9L207 39c9.4-9.4 24.6-9.4 33.9 0l194.3 194.3c9.4 9.4 9.4 24.6 0 33.9L413 289.4c-9.5 9.5-25 9.3-34.3-.4L264 168.6V456c0 13.3-10.7 24-24 24h-32c-13.3 0-24-10.7-24-24V168.6L69.2 289.1c-9.3 9.8-24.8 10-34.3.4z\"><\/path><\/svg><\/span>\n\t\t\t<span class='e-closed'><svg aria-hidden=\"true\" class=\"e-font-icon-svg e-fas-arrow-down\" viewBox=\"0 0 448 512\" xmlns=\"http:\/\/www.w3.org\/2000\/svg\"><path d=\"M413.1 222.5l22.2 22.2c9.4 9.4 9.4 24.6 0 33.9L241 473c-9.4 9.4-24.6 9.4-33.9 0L12.7 278.6c-9.4-9.4-9.4-24.6 0-33.9l22.2-22.2c9.5-9.5 25-9.3 34.3.4L184 343.4V56c0-13.3 10.7-24 24-24h32c13.3 0 24 10.7 24 24v287.4l114.8-120.5c9.3-9.8 24.8-10 34.3-.4z\"><\/path><\/svg><\/span>\n\t\t<\/span>\n\n\t\t\t\t\t\t<\/summary>\n\t\t\t\t<div role=\"region\" aria-labelledby=\"e-n-accordion-item-8132\" class=\"elementor-element elementor-element-b7e5932 e-con-full e-flex e-con e-child\" data-id=\"b7e5932\" data-element_type=\"container\" data-e-type=\"container\">\n\t\t\t\t<div class=\"elementor-element elementor-element-1b37387 elementor-widget elementor-widget-text-editor\" data-id=\"1b37387\" data-element_type=\"widget\" data-e-type=\"widget\" data-widget_type=\"text-editor.default\">\n\t\t\t\t<div class=\"elementor-widget-container\">\n\t\t\t\t\t\t\t\t\t<p>Power steering fluid \u00e4r en hydraulv\u00e4tska som anv\u00e4nds f\u00f6r att \u00f6verf\u00f6ra tryck till servostyrningens pump till den moderna styrsv\u00e4xeln eller till styrsn\u00e4ckan (skruv-och-rulle). Sm\u00e5l\u00e4ckor kan orsaka l\u00e4gre v\u00e4tskeniv\u00e5, och d\u00e4rf\u00f6r b\u00f6r v\u00e4tskeniv\u00e5n kontrolleras och fyllas p\u00e5 vid varje oljebyte. Om ditt servostyrningssystem tappar v\u00e4tska p\u00e5 grund av slitna eller krympta t\u00e4tningar kan du anv\u00e4nda STP\u00ae Power Steering Fluid &amp; Stop Leak<\/p>\t\t\t\t\t\t\t\t<\/div>\n\t\t\t\t<\/div>\n\t\t\t\t<\/div>\n\t\t\t\t\t<\/details>\n\t\t\t\t\t<\/div>\n\t\t\t\t\t\t<\/div>\n\t\t\t\t<\/div>\n\t\t\t\t\t<\/div>\n\t\t\t\t<\/div>\n\t\t\t\t<\/div>\n\t\t","protected":false},"excerpt":{"rendered":"<p>Vad \u00e4r bromsv\u00e4tska? Bromsv\u00e4tska \u00e4r i f\u00f6rsta hand en glykoleter med ett medel som hindrar korrosion. Glykoletern m\u00e5ste vara stabil (d.v.s. inte koka) n\u00e4r den uts\u00e4tts f\u00f6r v\u00e4rmen som genereras vid bromsrotorerna \u2013 korrosionsinhibitorn f\u00f6rhindrar korrosion i systemet. Korrosionsinhibitorerna blir f\u00f6rsvagade efter hand, s\u00e5 d\u00e4rf\u00f6r b\u00f6r du h\u00e5lla ett \u00f6ga p\u00e5 dem. De flesta fordonstillverkare [&hellip;]<\/p>\n","protected":false},"author":1,"featured_media":0,"parent":4911,"menu_order":0,"comment_status":"closed","ping_status":"closed","template":"","meta":{"_acf_changed":false,"footnotes":""},"class_list":["post-5006","page","type-page","status-publish","hentry"],"acf":[],"yoast_head":"<!-- This site is optimized with the Yoast SEO plugin v27.4 - https:\/\/yoast.com\/product\/yoast-seo-wordpress\/ -->\n<title>Broms- och servostyrningsv\u00e4tska - STP\u00ae Sweden<\/title>\n<meta name=\"robots\" content=\"index, follow, max-snippet:-1, max-image-preview:large, max-video-preview:-1\" \/>\n<link rel=\"canonical\" href=\"https:\/\/stp.com\/se\/tips-for-underhall\/vanliga-fragor-och-svar\/broms-och-servostyrningsvatska\/\" \/>\n<meta property=\"og:locale\" content=\"en_US\" \/>\n<meta property=\"og:type\" content=\"article\" \/>\n<meta property=\"og:title\" content=\"Broms- och servostyrningsv\u00e4tska - STP\u00ae Sweden\" \/>\n<meta property=\"og:description\" content=\"Vad \u00e4r bromsv\u00e4tska? Bromsv\u00e4tska \u00e4r i f\u00f6rsta hand en glykoleter med ett medel som hindrar korrosion. Glykoletern m\u00e5ste vara stabil (d.v.s. inte koka) n\u00e4r den uts\u00e4tts f\u00f6r v\u00e4rmen som genereras vid bromsrotorerna \u2013 korrosionsinhibitorn f\u00f6rhindrar korrosion i systemet. Korrosionsinhibitorerna blir f\u00f6rsvagade efter hand, s\u00e5 d\u00e4rf\u00f6r b\u00f6r du h\u00e5lla ett \u00f6ga p\u00e5 dem. De flesta fordonstillverkare [&hellip;]\" \/>\n<meta property=\"og:url\" content=\"https:\/\/stp.com\/se\/tips-for-underhall\/vanliga-fragor-och-svar\/broms-och-servostyrningsvatska\/\" \/>\n<meta property=\"og:site_name\" content=\"STP\u00ae Sweden\" \/>\n<meta property=\"article:modified_time\" content=\"2025-06-04T04:39:54+00:00\" \/>\n<meta name=\"twitter:card\" content=\"summary_large_image\" \/>\n<meta name=\"twitter:label1\" content=\"Est. reading time\" \/>\n\t<meta name=\"twitter:data1\" content=\"2 minutes\" \/>\n<script type=\"application\/ld+json\" class=\"yoast-schema-graph\">{\"@context\":\"https:\\\/\\\/schema.org\",\"@graph\":[{\"@type\":\"WebPage\",\"@id\":\"https:\\\/\\\/stp.com\\\/se\\\/tips-for-underhall\\\/vanliga-fragor-och-svar\\\/broms-och-servostyrningsvatska\\\/\",\"url\":\"https:\\\/\\\/stp.com\\\/se\\\/tips-for-underhall\\\/vanliga-fragor-och-svar\\\/broms-och-servostyrningsvatska\\\/\",\"name\":\"Broms- och servostyrningsv\u00e4tska - STP\u00ae Sweden\",\"isPartOf\":{\"@id\":\"https:\\\/\\\/c38a2c2a6e.nxcli.io\\\/se\\\/#website\"},\"datePublished\":\"2025-04-03T12:26:27+00:00\",\"dateModified\":\"2025-06-04T04:39:54+00:00\",\"breadcrumb\":{\"@id\":\"https:\\\/\\\/stp.com\\\/se\\\/tips-for-underhall\\\/vanliga-fragor-och-svar\\\/broms-och-servostyrningsvatska\\\/#breadcrumb\"},\"inLanguage\":\"en-US\",\"potentialAction\":[{\"@type\":\"ReadAction\",\"target\":[\"https:\\\/\\\/stp.com\\\/se\\\/tips-for-underhall\\\/vanliga-fragor-och-svar\\\/broms-och-servostyrningsvatska\\\/\"]}]},{\"@type\":\"BreadcrumbList\",\"@id\":\"https:\\\/\\\/stp.com\\\/se\\\/tips-for-underhall\\\/vanliga-fragor-och-svar\\\/broms-och-servostyrningsvatska\\\/#breadcrumb\",\"itemListElement\":[{\"@type\":\"ListItem\",\"position\":1,\"name\":\"Home\",\"item\":\"https:\\\/\\\/stp.com\\\/se\\\/\"},{\"@type\":\"ListItem\",\"position\":2,\"name\":\"Tips f\u00f6r underh\u00e5ll\",\"item\":\"https:\\\/\\\/stp.com\\\/se\\\/tips-for-underhall\\\/\"},{\"@type\":\"ListItem\",\"position\":3,\"name\":\"Vanliga fr\u00e5gor och svar\",\"item\":\"https:\\\/\\\/stp.com\\\/se\\\/tips-for-underhall\\\/vanliga-fragor-och-svar\\\/\"},{\"@type\":\"ListItem\",\"position\":4,\"name\":\"Broms- och servostyrningsv\u00e4tska\"}]},{\"@type\":\"WebSite\",\"@id\":\"https:\\\/\\\/c38a2c2a6e.nxcli.io\\\/se\\\/#website\",\"url\":\"https:\\\/\\\/c38a2c2a6e.nxcli.io\\\/se\\\/\",\"name\":\"STP\u00ae Sweden\",\"description\":\"Science. Technology. Performance\",\"potentialAction\":[{\"@type\":\"SearchAction\",\"target\":{\"@type\":\"EntryPoint\",\"urlTemplate\":\"https:\\\/\\\/c38a2c2a6e.nxcli.io\\\/se\\\/?s={search_term_string}\"},\"query-input\":{\"@type\":\"PropertyValueSpecification\",\"valueRequired\":true,\"valueName\":\"search_term_string\"}}],\"inLanguage\":\"en-US\"}]}<\/script>\n<!-- \/ Yoast SEO plugin. -->","yoast_head_json":{"title":"Broms- och servostyrningsv\u00e4tska - STP\u00ae Sweden","robots":{"index":"index","follow":"follow","max-snippet":"max-snippet:-1","max-image-preview":"max-image-preview:large","max-video-preview":"max-video-preview:-1"},"canonical":"https:\/\/stp.com\/se\/tips-for-underhall\/vanliga-fragor-och-svar\/broms-och-servostyrningsvatska\/","og_locale":"en_US","og_type":"article","og_title":"Broms- och servostyrningsv\u00e4tska - STP\u00ae Sweden","og_description":"Vad \u00e4r bromsv\u00e4tska? Bromsv\u00e4tska \u00e4r i f\u00f6rsta hand en glykoleter med ett medel som hindrar korrosion. Glykoletern m\u00e5ste vara stabil (d.v.s. inte koka) n\u00e4r den uts\u00e4tts f\u00f6r v\u00e4rmen som genereras vid bromsrotorerna \u2013 korrosionsinhibitorn f\u00f6rhindrar korrosion i systemet. Korrosionsinhibitorerna blir f\u00f6rsvagade efter hand, s\u00e5 d\u00e4rf\u00f6r b\u00f6r du h\u00e5lla ett \u00f6ga p\u00e5 dem. De flesta fordonstillverkare [&hellip;]","og_url":"https:\/\/stp.com\/se\/tips-for-underhall\/vanliga-fragor-och-svar\/broms-och-servostyrningsvatska\/","og_site_name":"STP\u00ae Sweden","article_modified_time":"2025-06-04T04:39:54+00:00","twitter_card":"summary_large_image","twitter_misc":{"Est. reading time":"2 minutes"},"schema":{"@context":"https:\/\/schema.org","@graph":[{"@type":"WebPage","@id":"https:\/\/stp.com\/se\/tips-for-underhall\/vanliga-fragor-och-svar\/broms-och-servostyrningsvatska\/","url":"https:\/\/stp.com\/se\/tips-for-underhall\/vanliga-fragor-och-svar\/broms-och-servostyrningsvatska\/","name":"Broms- och servostyrningsv\u00e4tska - STP\u00ae Sweden","isPartOf":{"@id":"https:\/\/c38a2c2a6e.nxcli.io\/se\/#website"},"datePublished":"2025-04-03T12:26:27+00:00","dateModified":"2025-06-04T04:39:54+00:00","breadcrumb":{"@id":"https:\/\/stp.com\/se\/tips-for-underhall\/vanliga-fragor-och-svar\/broms-och-servostyrningsvatska\/#breadcrumb"},"inLanguage":"en-US","potentialAction":[{"@type":"ReadAction","target":["https:\/\/stp.com\/se\/tips-for-underhall\/vanliga-fragor-och-svar\/broms-och-servostyrningsvatska\/"]}]},{"@type":"BreadcrumbList","@id":"https:\/\/stp.com\/se\/tips-for-underhall\/vanliga-fragor-och-svar\/broms-och-servostyrningsvatska\/#breadcrumb","itemListElement":[{"@type":"ListItem","position":1,"name":"Home","item":"https:\/\/stp.com\/se\/"},{"@type":"ListItem","position":2,"name":"Tips f\u00f6r underh\u00e5ll","item":"https:\/\/stp.com\/se\/tips-for-underhall\/"},{"@type":"ListItem","position":3,"name":"Vanliga fr\u00e5gor och svar","item":"https:\/\/stp.com\/se\/tips-for-underhall\/vanliga-fragor-och-svar\/"},{"@type":"ListItem","position":4,"name":"Broms- och servostyrningsv\u00e4tska"}]},{"@type":"WebSite","@id":"https:\/\/c38a2c2a6e.nxcli.io\/se\/#website","url":"https:\/\/c38a2c2a6e.nxcli.io\/se\/","name":"STP\u00ae Sweden","description":"Science. Technology. Performance","potentialAction":[{"@type":"SearchAction","target":{"@type":"EntryPoint","urlTemplate":"https:\/\/c38a2c2a6e.nxcli.io\/se\/?s={search_term_string}"},"query-input":{"@type":"PropertyValueSpecification","valueRequired":true,"valueName":"search_term_string"}}],"inLanguage":"en-US"}]}},"_links":{"self":[{"href":"https:\/\/stp.com\/se\/wp-json\/wp\/v2\/pages\/5006","targetHints":{"allow":["GET"]}}],"collection":[{"href":"https:\/\/stp.com\/se\/wp-json\/wp\/v2\/pages"}],"about":[{"href":"https:\/\/stp.com\/se\/wp-json\/wp\/v2\/types\/page"}],"author":[{"embeddable":true,"href":"https:\/\/stp.com\/se\/wp-json\/wp\/v2\/users\/1"}],"replies":[{"embeddable":true,"href":"https:\/\/stp.com\/se\/wp-json\/wp\/v2\/comments?post=5006"}],"version-history":[{"count":103,"href":"https:\/\/stp.com\/se\/wp-json\/wp\/v2\/pages\/5006\/revisions"}],"predecessor-version":[{"id":7934,"href":"https:\/\/stp.com\/se\/wp-json\/wp\/v2\/pages\/5006\/revisions\/7934"}],"up":[{"embeddable":true,"href":"https:\/\/stp.com\/se\/wp-json\/wp\/v2\/pages\/4911"}],"wp:attachment":[{"href":"https:\/\/stp.com\/se\/wp-json\/wp\/v2\/media?parent=5006"}],"curies":[{"name":"wp","href":"https:\/\/api.w.org\/{rel}","templated":true}]}}