{"id":4911,"date":"2025-04-03T16:44:15","date_gmt":"2025-04-03T11:14:15","guid":{"rendered":"https:\/\/c38a2c2a6e.nxcli.io\/se\/?page_id=4911"},"modified":"2025-06-04T10:59:57","modified_gmt":"2025-06-04T05:29:57","slug":"vanliga-fragor-och-svar","status":"publish","type":"page","link":"https:\/\/stp.com\/se\/tips-for-underhall\/vanliga-fragor-och-svar\/","title":{"rendered":"Vanliga fr\u00e5gor och svar"},"content":{"rendered":"\t\t<div data-elementor-type=\"wp-page\" data-elementor-id=\"4911\" class=\"elementor elementor-4911\" data-elementor-post-type=\"page\">\n\t\t\t\t<div class=\"elementor-element elementor-element-c758ab6 e-flex e-con-boxed e-con e-parent\" data-id=\"c758ab6\" data-element_type=\"container\" data-e-type=\"container\" data-settings=\"{&quot;background_background&quot;:&quot;classic&quot;}\">\n\t\t\t\t\t<div class=\"e-con-inner\">\n\t\t\t\t<div class=\"elementor-element elementor-element-889801e breadcrumb elementor-widget elementor-widget-breadcrumbs\" data-id=\"889801e\" data-element_type=\"widget\" data-e-type=\"widget\" data-widget_type=\"breadcrumbs.default\">\n\t\t\t\t<div class=\"elementor-widget-container\">\n\t\t\t\t\t<p id=\"breadcrumbs\"><span><span><a href=\"https:\/\/stp.com\/se\/\">Home<\/a><\/span><\/span><\/p>\t\t\t\t<\/div>\n\t\t\t\t<\/div>\n\t\t<div class=\"elementor-element elementor-element-7e52c26 e-con-full e-flex e-con e-child\" data-id=\"7e52c26\" data-element_type=\"container\" data-e-type=\"container\">\n\t\t<div class=\"elementor-element elementor-element-d6a7a64 e-con-full product__head e-flex e-con e-child\" data-id=\"d6a7a64\" data-element_type=\"container\" data-e-type=\"container\">\n\t\t\t\t<div class=\"elementor-element elementor-element-6a27cf7 elementor-widget elementor-widget-text-editor\" data-id=\"6a27cf7\" data-element_type=\"widget\" data-e-type=\"widget\" data-widget_type=\"text-editor.default\">\n\t\t\t\t<div class=\"elementor-widget-container\">\n\t\t\t\t\t\t\t\t\t<div class=\"col\"><div class=\"col\"><div class=\"col\"><p>F\u00e5 svar p\u00e5 alla dina motor- och STP\u00ae-fr\u00e5gor i v\u00e5r Vanliga fr\u00e5gor och svar. L\u00e4s v\u00e5ra vanliga fr\u00e5gor och svar om br\u00e4nsletillsatser, oljetillsatser och v\u00e5ra egna produkter.<\/p><\/div><\/div><\/div>\t\t\t\t\t\t\t\t<\/div>\n\t\t\t\t<\/div>\n\t\t\t\t<\/div>\n\t\t\t\t<\/div>\n\t\t\t\t\t<\/div>\n\t\t\t\t<\/div>\n\t\t<div class=\"elementor-element elementor-element-ba5a0aa top-red-border e-flex e-con-boxed e-con e-parent\" data-id=\"ba5a0aa\" data-element_type=\"container\" data-e-type=\"container\" data-settings=\"{&quot;background_background&quot;:&quot;classic&quot;}\">\n\t\t\t\t\t<div class=\"e-con-inner\">\n\t\t<div class=\"elementor-element elementor-element-2f35b42 e-con-full e-flex e-con e-child\" data-id=\"2f35b42\" data-element_type=\"container\" data-e-type=\"container\">\n\t\t<div class=\"elementor-element elementor-element-e5b872e e-con-full faq-card e-flex e-con e-child\" data-id=\"e5b872e\" data-element_type=\"container\" data-e-type=\"container\">\n\t\t<div class=\"elementor-element elementor-element-12afe5b e-con-full product-box e-flex e-con e-child\" data-id=\"12afe5b\" data-element_type=\"container\" data-e-type=\"container\" data-settings=\"{&quot;background_background&quot;:&quot;classic&quot;}\">\n\t\t\t\t<div class=\"elementor-element elementor-element-7bfba71 our-product-content-box elementor-widget elementor-widget-heading\" data-id=\"7bfba71\" data-element_type=\"widget\" data-e-type=\"widget\" data-widget_type=\"heading.default\">\n\t\t\t\t<div class=\"elementor-widget-container\">\n\t\t\t\t\t<h2 class=\"elementor-heading-title elementor-size-default\"><a href=\"https:\/\/stp.com\/se\/tips-for-underhall\/vanliga-fragor-och-svar\/broms-och-servostyrningsvatska\/\">BROMS- OCH\nSERVOSTYRNINGSV\u00c4TSKA<\/a><\/h2>\t\t\t\t<\/div>\n\t\t\t\t<\/div>\n\t\t\t\t<\/div>\n\t\t\t\t<\/div>\n\t\t<div class=\"elementor-element elementor-element-e63f468 e-con-full faq-card e-flex e-con e-child\" data-id=\"e63f468\" data-element_type=\"container\" data-e-type=\"container\">\n\t\t<div class=\"elementor-element elementor-element-085dc9c e-con-full product-box e-flex e-con e-child\" data-id=\"085dc9c\" data-element_type=\"container\" data-e-type=\"container\" data-settings=\"{&quot;background_background&quot;:&quot;classic&quot;}\">\n\t\t\t\t<div class=\"elementor-element elementor-element-f2f4e43 our-product-content-box elementor-widget elementor-widget-heading\" data-id=\"f2f4e43\" data-element_type=\"widget\" data-e-type=\"widget\" data-widget_type=\"heading.default\">\n\t\t\t\t<div class=\"elementor-widget-container\">\n\t\t\t\t\t<h2 class=\"elementor-heading-title elementor-size-default\"><a href=\"http:\/\/stp.com\/se\/tips-for-underhall\/vanliga-fragor-och-svar\/bransletillsatser\/\">BR\u00c4NSLETILLSATSER<\/a><\/h2>\t\t\t\t<\/div>\n\t\t\t\t<\/div>\n\t\t\t\t<\/div>\n\t\t\t\t<\/div>\n\t\t<div class=\"elementor-element elementor-element-45677ea e-con-full faq-card e-flex e-con e-child\" data-id=\"45677ea\" data-element_type=\"container\" data-e-type=\"container\">\n\t\t<div class=\"elementor-element elementor-element-fb1f2cb e-con-full product-box e-flex e-con e-child\" data-id=\"fb1f2cb\" data-element_type=\"container\" data-e-type=\"container\" data-settings=\"{&quot;background_background&quot;:&quot;classic&quot;}\">\n\t\t\t\t<div class=\"elementor-element elementor-element-6ef3ffa our-product-content-box elementor-widget elementor-widget-heading\" data-id=\"6ef3ffa\" data-element_type=\"widget\" data-e-type=\"widget\" data-widget_type=\"heading.default\">\n\t\t\t\t<div class=\"elementor-widget-container\">\n\t\t\t\t\t<h2 class=\"elementor-heading-title elementor-size-default\"><a href=\"https:\/\/stp.com\/se\/tips-for-underhall\/vanliga-fragor-och-svar\/oljetillsatser\/\">OLJETILLSATSER<\/a><\/h2>\t\t\t\t<\/div>\n\t\t\t\t<\/div>\n\t\t\t\t<\/div>\n\t\t\t\t<\/div>\n\t\t\t\t<\/div>\n\t\t<div class=\"elementor-element elementor-element-9904f83 e-con-full e-flex e-con e-child\" data-id=\"9904f83\" data-element_type=\"container\" data-e-type=\"container\">\n\t\t<div class=\"elementor-element elementor-element-4f9a88c e-con-full faq-card e-flex e-con e-child\" data-id=\"4f9a88c\" data-element_type=\"container\" data-e-type=\"container\">\n\t\t<div class=\"elementor-element elementor-element-306e61c e-con-full product-box e-flex e-con e-child\" data-id=\"306e61c\" data-element_type=\"container\" data-e-type=\"container\" data-settings=\"{&quot;background_background&quot;:&quot;classic&quot;}\">\n\t\t\t\t<div class=\"elementor-element elementor-element-84bbf9f our-product-content-box elementor-widget elementor-widget-heading\" data-id=\"84bbf9f\" data-element_type=\"widget\" data-e-type=\"widget\" data-widget_type=\"heading.default\">\n\t\t\t\t<div class=\"elementor-widget-container\">\n\t\t\t\t\t<h2 class=\"elementor-heading-title elementor-size-default\"><a href=\"https:\/\/stp.com\/se\/tips-for-underhall\/vanliga-fragor-och-svar\/vanliga-fragor-och-svar-om-stp\/\">VANLIGA FR\u00c4GOR OCH SVAR OM\nSTP\u00ae<\/a><\/h2>\t\t\t\t<\/div>\n\t\t\t\t<\/div>\n\t\t\t\t<\/div>\n\t\t\t\t<\/div>\n\t\t\t\t<\/div>\n\t\t\t\t\t<\/div>\n\t\t\t\t<\/div>\n\t\t\t\t<\/div>\n\t\t","protected":false},"excerpt":{"rendered":"<p>F\u00e5 svar p\u00e5 alla dina motor- och STP\u00ae-fr\u00e5gor i v\u00e5r Vanliga fr\u00e5gor och svar. L\u00e4s v\u00e5ra vanliga fr\u00e5gor och svar om br\u00e4nsletillsatser, oljetillsatser och v\u00e5ra egna produkter. BROMS- OCH SERVOSTYRNINGSV\u00c4TSKA BR\u00c4NSLETILLSATSER OLJETILLSATSER VANLIGA FR\u00c4GOR OCH SVAR OM STP\u00ae<\/p>\n","protected":false},"author":1,"featured_media":0,"parent":546,"menu_order":0,"comment_status":"closed","ping_status":"closed","template":"","meta":{"_acf_changed":false,"footnotes":""},"class_list":["post-4911","page","type-page","status-publish","hentry"],"acf":[],"yoast_head":"<!-- This site is optimized with the Yoast SEO plugin v27.4 - https:\/\/yoast.com\/product\/yoast-seo-wordpress\/ -->\n<title>Vanliga fr\u00e5gor och svar - STP\u00ae Sweden<\/title>\n<meta name=\"robots\" content=\"index, follow, max-snippet:-1, max-image-preview:large, max-video-preview:-1\" \/>\n<link rel=\"canonical\" href=\"https:\/\/stp.com\/se\/tips-for-underhall\/vanliga-fragor-och-svar\/\" \/>\n<meta property=\"og:locale\" content=\"en_US\" \/>\n<meta property=\"og:type\" content=\"article\" \/>\n<meta property=\"og:title\" content=\"Vanliga fr\u00e5gor och svar - STP\u00ae Sweden\" \/>\n<meta property=\"og:description\" content=\"F\u00e5 svar p\u00e5 alla dina motor- och STP\u00ae-fr\u00e5gor i v\u00e5r Vanliga fr\u00e5gor och svar. L\u00e4s v\u00e5ra vanliga fr\u00e5gor och svar om br\u00e4nsletillsatser, oljetillsatser och v\u00e5ra egna produkter. BROMS- OCH SERVOSTYRNINGSV\u00c4TSKA BR\u00c4NSLETILLSATSER OLJETILLSATSER VANLIGA FR\u00c4GOR OCH SVAR OM STP\u00ae\" \/>\n<meta property=\"og:url\" content=\"https:\/\/stp.com\/se\/tips-for-underhall\/vanliga-fragor-och-svar\/\" \/>\n<meta property=\"og:site_name\" content=\"STP\u00ae Sweden\" \/>\n<meta property=\"article:modified_time\" content=\"2025-06-04T05:29:57+00:00\" \/>\n<meta name=\"twitter:card\" content=\"summary_large_image\" \/>\n<meta name=\"twitter:label1\" content=\"Est. reading time\" \/>\n\t<meta name=\"twitter:data1\" content=\"1 minute\" \/>\n<script type=\"application\/ld+json\" class=\"yoast-schema-graph\">{\"@context\":\"https:\\\/\\\/schema.org\",\"@graph\":[{\"@type\":\"WebPage\",\"@id\":\"https:\\\/\\\/stp.com\\\/se\\\/tips-for-underhall\\\/vanliga-fragor-och-svar\\\/\",\"url\":\"https:\\\/\\\/stp.com\\\/se\\\/tips-for-underhall\\\/vanliga-fragor-och-svar\\\/\",\"name\":\"Vanliga fr\u00e5gor och svar - STP\u00ae Sweden\",\"isPartOf\":{\"@id\":\"https:\\\/\\\/c38a2c2a6e.nxcli.io\\\/se\\\/#website\"},\"datePublished\":\"2025-04-03T11:14:15+00:00\",\"dateModified\":\"2025-06-04T05:29:57+00:00\",\"breadcrumb\":{\"@id\":\"https:\\\/\\\/stp.com\\\/se\\\/tips-for-underhall\\\/vanliga-fragor-och-svar\\\/#breadcrumb\"},\"inLanguage\":\"en-US\",\"potentialAction\":[{\"@type\":\"ReadAction\",\"target\":[\"https:\\\/\\\/stp.com\\\/se\\\/tips-for-underhall\\\/vanliga-fragor-och-svar\\\/\"]}]},{\"@type\":\"BreadcrumbList\",\"@id\":\"https:\\\/\\\/stp.com\\\/se\\\/tips-for-underhall\\\/vanliga-fragor-och-svar\\\/#breadcrumb\",\"itemListElement\":[{\"@type\":\"ListItem\",\"position\":1,\"name\":\"Home\",\"item\":\"https:\\\/\\\/stp.com\\\/se\\\/\"},{\"@type\":\"ListItem\",\"position\":2,\"name\":\"Tips f\u00f6r underh\u00e5ll\",\"item\":\"https:\\\/\\\/stp.com\\\/se\\\/tips-for-underhall\\\/\"},{\"@type\":\"ListItem\",\"position\":3,\"name\":\"Vanliga fr\u00e5gor och svar\"}]},{\"@type\":\"WebSite\",\"@id\":\"https:\\\/\\\/c38a2c2a6e.nxcli.io\\\/se\\\/#website\",\"url\":\"https:\\\/\\\/c38a2c2a6e.nxcli.io\\\/se\\\/\",\"name\":\"STP\u00ae Sweden\",\"description\":\"Science. Technology. Performance\",\"potentialAction\":[{\"@type\":\"SearchAction\",\"target\":{\"@type\":\"EntryPoint\",\"urlTemplate\":\"https:\\\/\\\/c38a2c2a6e.nxcli.io\\\/se\\\/?s={search_term_string}\"},\"query-input\":{\"@type\":\"PropertyValueSpecification\",\"valueRequired\":true,\"valueName\":\"search_term_string\"}}],\"inLanguage\":\"en-US\"}]}<\/script>\n<!-- \/ Yoast SEO plugin. -->","yoast_head_json":{"title":"Vanliga fr\u00e5gor och svar - STP\u00ae Sweden","robots":{"index":"index","follow":"follow","max-snippet":"max-snippet:-1","max-image-preview":"max-image-preview:large","max-video-preview":"max-video-preview:-1"},"canonical":"https:\/\/stp.com\/se\/tips-for-underhall\/vanliga-fragor-och-svar\/","og_locale":"en_US","og_type":"article","og_title":"Vanliga fr\u00e5gor och svar - STP\u00ae Sweden","og_description":"F\u00e5 svar p\u00e5 alla dina motor- och STP\u00ae-fr\u00e5gor i v\u00e5r Vanliga fr\u00e5gor och svar. L\u00e4s v\u00e5ra vanliga fr\u00e5gor och svar om br\u00e4nsletillsatser, oljetillsatser och v\u00e5ra egna produkter. BROMS- OCH SERVOSTYRNINGSV\u00c4TSKA BR\u00c4NSLETILLSATSER OLJETILLSATSER VANLIGA FR\u00c4GOR OCH SVAR OM STP\u00ae","og_url":"https:\/\/stp.com\/se\/tips-for-underhall\/vanliga-fragor-och-svar\/","og_site_name":"STP\u00ae Sweden","article_modified_time":"2025-06-04T05:29:57+00:00","twitter_card":"summary_large_image","twitter_misc":{"Est. reading time":"1 minute"},"schema":{"@context":"https:\/\/schema.org","@graph":[{"@type":"WebPage","@id":"https:\/\/stp.com\/se\/tips-for-underhall\/vanliga-fragor-och-svar\/","url":"https:\/\/stp.com\/se\/tips-for-underhall\/vanliga-fragor-och-svar\/","name":"Vanliga fr\u00e5gor och svar - STP\u00ae Sweden","isPartOf":{"@id":"https:\/\/c38a2c2a6e.nxcli.io\/se\/#website"},"datePublished":"2025-04-03T11:14:15+00:00","dateModified":"2025-06-04T05:29:57+00:00","breadcrumb":{"@id":"https:\/\/stp.com\/se\/tips-for-underhall\/vanliga-fragor-och-svar\/#breadcrumb"},"inLanguage":"en-US","potentialAction":[{"@type":"ReadAction","target":["https:\/\/stp.com\/se\/tips-for-underhall\/vanliga-fragor-och-svar\/"]}]},{"@type":"BreadcrumbList","@id":"https:\/\/stp.com\/se\/tips-for-underhall\/vanliga-fragor-och-svar\/#breadcrumb","itemListElement":[{"@type":"ListItem","position":1,"name":"Home","item":"https:\/\/stp.com\/se\/"},{"@type":"ListItem","position":2,"name":"Tips f\u00f6r underh\u00e5ll","item":"https:\/\/stp.com\/se\/tips-for-underhall\/"},{"@type":"ListItem","position":3,"name":"Vanliga fr\u00e5gor och svar"}]},{"@type":"WebSite","@id":"https:\/\/c38a2c2a6e.nxcli.io\/se\/#website","url":"https:\/\/c38a2c2a6e.nxcli.io\/se\/","name":"STP\u00ae Sweden","description":"Science. Technology. Performance","potentialAction":[{"@type":"SearchAction","target":{"@type":"EntryPoint","urlTemplate":"https:\/\/c38a2c2a6e.nxcli.io\/se\/?s={search_term_string}"},"query-input":{"@type":"PropertyValueSpecification","valueRequired":true,"valueName":"search_term_string"}}],"inLanguage":"en-US"}]}},"_links":{"self":[{"href":"https:\/\/stp.com\/se\/wp-json\/wp\/v2\/pages\/4911","targetHints":{"allow":["GET"]}}],"collection":[{"href":"https:\/\/stp.com\/se\/wp-json\/wp\/v2\/pages"}],"about":[{"href":"https:\/\/stp.com\/se\/wp-json\/wp\/v2\/types\/page"}],"author":[{"embeddable":true,"href":"https:\/\/stp.com\/se\/wp-json\/wp\/v2\/users\/1"}],"replies":[{"embeddable":true,"href":"https:\/\/stp.com\/se\/wp-json\/wp\/v2\/comments?post=4911"}],"version-history":[{"count":114,"href":"https:\/\/stp.com\/se\/wp-json\/wp\/v2\/pages\/4911\/revisions"}],"predecessor-version":[{"id":7960,"href":"https:\/\/stp.com\/se\/wp-json\/wp\/v2\/pages\/4911\/revisions\/7960"}],"up":[{"embeddable":true,"href":"https:\/\/stp.com\/se\/wp-json\/wp\/v2\/pages\/546"}],"wp:attachment":[{"href":"https:\/\/stp.com\/se\/wp-json\/wp\/v2\/media?parent=4911"}],"curies":[{"name":"wp","href":"https:\/\/api.w.org\/{rel}","templated":true}]}}