{"id":4641,"date":"2025-04-03T12:28:30","date_gmt":"2025-04-03T06:58:30","guid":{"rendered":"https:\/\/c38a2c2a6e.nxcli.io\/se\/?page_id=4641"},"modified":"2025-06-05T17:30:00","modified_gmt":"2025-06-05T12:00:00","slug":"stps-historia","status":"publish","type":"page","link":"https:\/\/stp.com\/se\/om-stp\/stps-historia\/","title":{"rendered":"STP<sup>\u00ae<\/sup>:s historia"},"content":{"rendered":"\t\t<div data-elementor-type=\"wp-page\" data-elementor-id=\"4641\" class=\"elementor elementor-4641\" data-elementor-post-type=\"page\">\n\t\t\t\t<div class=\"elementor-element elementor-element-5e94cde e-flex e-con-boxed e-con e-parent\" data-id=\"5e94cde\" data-element_type=\"container\" data-e-type=\"container\" data-settings=\"{&quot;background_background&quot;:&quot;classic&quot;}\">\n\t\t\t\t\t<div class=\"e-con-inner\">\n\t\t\t\t<div class=\"elementor-element elementor-element-cfaea1b breadcrumb elementor-widget elementor-widget-breadcrumbs\" data-id=\"cfaea1b\" data-element_type=\"widget\" data-e-type=\"widget\" data-widget_type=\"breadcrumbs.default\">\n\t\t\t\t<div class=\"elementor-widget-container\">\n\t\t\t\t\t<p id=\"breadcrumbs\"><span><span><a href=\"https:\/\/stp.com\/se\/\">Home<\/a><\/span><\/span><\/p>\t\t\t\t<\/div>\n\t\t\t\t<\/div>\n\t\t<div class=\"elementor-element elementor-element-9197ee0 e-con-full e-flex e-con e-child\" data-id=\"9197ee0\" data-element_type=\"container\" data-e-type=\"container\">\n\t\t<div class=\"elementor-element elementor-element-03eb06b e-con-full product__head e-flex e-con e-child\" data-id=\"03eb06b\" data-element_type=\"container\" data-e-type=\"container\">\n\t\t\t\t<div class=\"elementor-element elementor-element-cbb7f8f elementor-widget elementor-widget-text-editor\" data-id=\"cbb7f8f\" data-element_type=\"widget\" data-e-type=\"widget\" data-widget_type=\"text-editor.default\">\n\t\t\t\t<div class=\"elementor-widget-container\">\n\t\t\t\t\t\t\t\t\t<div class=\"col\"><p>I oktober 1954 introducerade tre aff\u00e4rsm\u00e4n med ett startkapital p\u00e5 endast 3 000 dollar den f\u00f6rsta STP\u00ae-produkten i St. Joseph, Missouri. STP\u00ae inleddes med en enda produkt \u2014 STP\u00ae Oil Treatment. Den hindrade bilmotorolja fr\u00e5n att bli tunnare vid h\u00f6ga temperaturer och tryck.<\/p><\/div>\t\t\t\t\t\t\t\t<\/div>\n\t\t\t\t<\/div>\n\t\t\t\t<\/div>\n\t\t\t\t<\/div>\n\t\t\t\t\t<\/div>\n\t\t\t\t<\/div>\n\t\t<div class=\"elementor-element elementor-element-63146c3 top-red-border e-flex e-con-boxed e-con e-parent\" data-id=\"63146c3\" data-element_type=\"container\" data-e-type=\"container\" data-settings=\"{&quot;background_background&quot;:&quot;classic&quot;}\">\n\t\t\t\t\t<div class=\"e-con-inner\">\n\t\t<div class=\"elementor-element elementor-element-a699833 e-con-full e-flex e-con e-child\" data-id=\"a699833\" data-element_type=\"container\" data-e-type=\"container\">\n\t\t\t\t<div class=\"elementor-element elementor-element-68fb698 elementor-widget elementor-widget-heading\" data-id=\"68fb698\" data-element_type=\"widget\" data-e-type=\"widget\" data-widget_type=\"heading.default\">\n\t\t\t\t<div class=\"elementor-widget-container\">\n\t\t\t\t\t<h2 class=\"elementor-heading-title elementor-size-default\">V\u00e5r historia \u2013 en tidslinje\n<\/h2>\t\t\t\t<\/div>\n\t\t\t\t<\/div>\n\t\t\t\t<\/div>\n\t\t<div class=\"elementor-element elementor-element-24ca1e4 e-con-full e-flex e-con e-child\" data-id=\"24ca1e4\" data-element_type=\"container\" data-e-type=\"container\">\n\t\t\t\t<div class=\"elementor-element elementor-element-1933fdc elementor-position-left elementor-vertical-align-middle image-text-section left-image elementor-widget elementor-widget-image-box\" data-id=\"1933fdc\" data-element_type=\"widget\" data-e-type=\"widget\" data-widget_type=\"image-box.default\">\n\t\t\t\t<div class=\"elementor-widget-container\">\n\t\t\t\t\t<div class=\"elementor-image-box-wrapper\"><figure class=\"elementor-image-box-img\"><img fetchpriority=\"high\" decoding=\"async\" width=\"840\" height=\"548\" src=\"https:\/\/stpcdnimage.imgix.net\/wp-content\/uploads\/sites\/17\/2025\/04\/1954-edit.avif\" class=\"attachment-full size-full wp-image-4650\" alt=\"\" \/><\/figure><div class=\"elementor-image-box-content\"><h3 class=\"elementor-image-box-title\">1954<\/h3><p class=\"elementor-image-box-description\">Charles Dwight (Doc) Liggett, Jim Hill och Robert DeHart b\u00f6rjade f\u00f6rpacka STP\u00ae Oil Treatment i ett garage p\u00e5 natten och s\u00e4lja det fr\u00e5n bagageutrymmet p\u00e5 sina bilar under aff\u00e4rs- och n\u00f6jesresor.\n\n<\/p><\/div><\/div>\t\t\t\t<\/div>\n\t\t\t\t<\/div>\n\t\t\t\t<div class=\"elementor-element elementor-element-3ba3c4a elementor-position-right elementor-vertical-align-middle image-text-section elementor-widget elementor-widget-image-box\" data-id=\"3ba3c4a\" data-element_type=\"widget\" data-e-type=\"widget\" data-widget_type=\"image-box.default\">\n\t\t\t\t<div class=\"elementor-widget-container\">\n\t\t\t\t\t<div class=\"elementor-image-box-wrapper\"><figure class=\"elementor-image-box-img\"><img decoding=\"async\" width=\"840\" height=\"548\" src=\"https:\/\/stpcdnimage.imgix.net\/wp-content\/uploads\/sites\/17\/2025\/04\/1960.avif\" class=\"attachment-full size-full wp-image-4651\" alt=\"\" \/><\/figure><div class=\"elementor-image-box-content\"><h3 class=\"elementor-image-box-title\">1960-1961<\/h3><p class=\"elementor-image-box-description\">F\u00f6retagets initiala tillv\u00e4xt och l\u00f6nsamhet, vilken berodde p\u00e5 ett gott rykte och varum\u00e4rkets koppling till bilracing, gjorde det m\u00f6jligt f\u00f6r STP\u00ae att introducera sin f\u00f6rsta Gas Treatment.\n\n<\/p><\/div><\/div>\t\t\t\t<\/div>\n\t\t\t\t<\/div>\n\t\t\t\t<div class=\"elementor-element elementor-element-6ed6039 elementor-position-left elementor-vertical-align-middle image-text-section left-image elementor-widget elementor-widget-image-box\" data-id=\"6ed6039\" data-element_type=\"widget\" data-e-type=\"widget\" data-widget_type=\"image-box.default\">\n\t\t\t\t<div class=\"elementor-widget-container\">\n\t\t\t\t\t<div class=\"elementor-image-box-wrapper\"><figure class=\"elementor-image-box-img\"><img decoding=\"async\" width=\"537\" height=\"332\" src=\"https:\/\/stpcdnimage.imgix.net\/wp-content\/uploads\/sites\/17\/2025\/04\/1963.avif\" class=\"attachment-full size-full wp-image-4652\" alt=\"\" \/><\/figure><div class=\"elementor-image-box-content\"><h3 class=\"elementor-image-box-title\">1963<\/h3><p class=\"elementor-image-box-description\">Andy Granatelli uts\u00e5gs till VD f\u00f6r STP\u00ae och b\u00f6rjade \u00f6ka varum\u00e4rkets marknadsf\u00f6ringsinsatser genom bil- och b\u00e5tracing. STP\u00ae-produktdistributionen b\u00f6rjade v\u00e4xa, och snart fanns STP\u00ae-produkter tillg\u00e4ngliga p\u00e5 fler \u00e4n 200 000 bensinstationer \u00f6ver hela USA.\n\n<\/p><\/div><\/div>\t\t\t\t<\/div>\n\t\t\t\t<\/div>\n\t\t\t\t<div class=\"elementor-element elementor-element-445f1e3 elementor-position-right elementor-vertical-align-middle image-text-section elementor-widget elementor-widget-image-box\" data-id=\"445f1e3\" data-element_type=\"widget\" data-e-type=\"widget\" data-widget_type=\"image-box.default\">\n\t\t\t\t<div class=\"elementor-widget-container\">\n\t\t\t\t\t<div class=\"elementor-image-box-wrapper\"><figure class=\"elementor-image-box-img\"><img loading=\"lazy\" decoding=\"async\" width=\"840\" height=\"548\" src=\"https:\/\/stpcdnimage.imgix.net\/wp-content\/uploads\/sites\/17\/2025\/04\/Late-1960.avif\" class=\"attachment-full size-full wp-image-4656\" alt=\"\" \/><\/figure><div class=\"elementor-image-box-content\"><h3 class=\"elementor-image-box-title\">Sent 1960-tal<\/h3><p class=\"elementor-image-box-description\">I slutet av 1966 hade f\u00f6rs\u00e4ljningen \u00f6kat till drygt 43 miljoner dollar. 1969 blev STP\u00ae ett publikt bolag och aktier gick att k\u00f6pa p\u00e5 den amerikanska b\u00f6rsen under f\u00f6rkortningen \u201cSTP\u201d. STP\u00ae sponsrade sitt eget Indy Car-racingteam med Mario Andretti \u2013 vinnaren av 1969 \u00e5rs Indianapolis 500.\n\n<\/p><\/div><\/div>\t\t\t\t<\/div>\n\t\t\t\t<\/div>\n\t\t\t\t<div class=\"elementor-element elementor-element-c157b41 elementor-position-left elementor-vertical-align-middle image-text-section left-image elementor-widget elementor-widget-image-box\" data-id=\"c157b41\" data-element_type=\"widget\" data-e-type=\"widget\" data-widget_type=\"image-box.default\">\n\t\t\t\t<div class=\"elementor-widget-container\">\n\t\t\t\t\t<div class=\"elementor-image-box-wrapper\"><figure class=\"elementor-image-box-img\"><img loading=\"lazy\" decoding=\"async\" width=\"330\" height=\"264\" src=\"https:\/\/stpcdnimage.imgix.net\/wp-content\/uploads\/sites\/17\/2025\/04\/richard_driving_1.avif\" class=\"attachment-full size-full wp-image-4657\" alt=\"\" \/><\/figure><div class=\"elementor-image-box-content\"><h3 class=\"elementor-image-box-title\">1970-talet<\/h3><p class=\"elementor-image-box-description\">STP\u00ae skapade rubriker \u00f6ver hela v\u00e4rlden genom att inleda kopplingen till den framtida stock car-legenden Richard Petty \u2013 ett partnerskap som forts\u00e4tter \u00e4n i dag.  Produkterna marknadsf\u00f6rdes i hela USA, Kanada, Mexiko och n\u00e4stan 100 l\u00e4nder runt om i v\u00e4rlden.\n\n<\/p><\/div><\/div>\t\t\t\t<\/div>\n\t\t\t\t<\/div>\n\t\t\t\t<div class=\"elementor-element elementor-element-eaf9e93 elementor-position-right elementor-vertical-align-middle image-text-section elementor-widget elementor-widget-image-box\" data-id=\"eaf9e93\" data-element_type=\"widget\" data-e-type=\"widget\" data-widget_type=\"image-box.default\">\n\t\t\t\t<div class=\"elementor-widget-container\">\n\t\t\t\t\t<div class=\"elementor-image-box-wrapper\"><figure class=\"elementor-image-box-img\"><img loading=\"lazy\" decoding=\"async\" width=\"330\" height=\"413\" src=\"https:\/\/stpcdnimage.imgix.net\/wp-content\/uploads\/sites\/17\/2025\/04\/richard-trophy.avif\" class=\"attachment-full size-full wp-image-4661\" alt=\"\" \/><\/figure><div class=\"elementor-image-box-content\"><h3 class=\"elementor-image-box-title\">1980-talet<\/h3><p class=\"elementor-image-box-description\">1981 fullbordade Richard Petty sin 7:e och sista Daytona 500-seger i STP-bilen #43. 1985 vann Petty sitt 200:e race i karri\u00e4ren.\n\n<\/p><\/div><\/div>\t\t\t\t<\/div>\n\t\t\t\t<\/div>\n\t\t\t\t<div class=\"elementor-element elementor-element-40815d4 elementor-position-left elementor-vertical-align-middle image-text-section left-image elementor-widget elementor-widget-image-box\" data-id=\"40815d4\" data-element_type=\"widget\" data-e-type=\"widget\" data-widget_type=\"image-box.default\">\n\t\t\t\t<div class=\"elementor-widget-container\">\n\t\t\t\t\t<div class=\"elementor-image-box-wrapper\"><figure class=\"elementor-image-box-img\"><img loading=\"lazy\" decoding=\"async\" width=\"420\" height=\"279\" src=\"https:\/\/stpcdnimage.imgix.net\/wp-content\/uploads\/sites\/17\/2025\/04\/1990s.avif\" class=\"attachment-full size-full wp-image-4665\" alt=\"\" \/><\/figure><div class=\"elementor-image-box-content\"><h3 class=\"elementor-image-box-title\">1990-talet<\/h3><p class=\"elementor-image-box-description\">1996 lanserade STP sin f\u00f6rsta  Complete Fuel System Cleaner, samtidigt som Bobby Hamilton vann sin f\u00f6rsta t\u00e4vling i Phoenix och \u00e5terf\u00f6rde #43-bilen till Victory Lane.\n\n<\/p><\/div><\/div>\t\t\t\t<\/div>\n\t\t\t\t<\/div>\n\t\t\t\t<div class=\"elementor-element elementor-element-7d6233d elementor-position-right elementor-vertical-align-middle image-text-section elementor-widget elementor-widget-image-box\" data-id=\"7d6233d\" data-element_type=\"widget\" data-e-type=\"widget\" data-widget_type=\"image-box.default\">\n\t\t\t\t<div class=\"elementor-widget-container\">\n\t\t\t\t\t<div class=\"elementor-image-box-wrapper\"><figure class=\"elementor-image-box-img\"><img loading=\"lazy\" decoding=\"async\" width=\"840\" height=\"548\" src=\"https:\/\/stpcdnimage.imgix.net\/wp-content\/uploads\/sites\/17\/2025\/04\/2000.avif\" class=\"attachment-full size-full wp-image-4669\" alt=\"\" \/><\/figure><div class=\"elementor-image-box-content\"><h3 class=\"elementor-image-box-title\">2000-talet<\/h3><p class=\"elementor-image-box-description\">2009 k\u00f6rde Richard Petty s\u00e4kerhetsbilen p\u00e5 Daytona 500\u00ae, som en del av 25-\u00e5rsjubileet av hans 200:e vinst. STP\u00ae- och Armor All World of Outlaws\u2122-f\u00f6raren Donny Schatz vann sitt fj\u00e4rde raka Knoxville National-m\u00e4sterskap i en STP\u00ae Indy 500 Tribute-bil.\n\n<\/p><\/div><\/div>\t\t\t\t<\/div>\n\t\t\t\t<\/div>\n\t\t\t\t<div class=\"elementor-element elementor-element-404287d elementor-position-left elementor-vertical-align-middle image-text-section left-image elementor-widget elementor-widget-image-box\" data-id=\"404287d\" data-element_type=\"widget\" data-e-type=\"widget\" data-widget_type=\"image-box.default\">\n\t\t\t\t<div class=\"elementor-widget-container\">\n\t\t\t\t\t<div class=\"elementor-image-box-wrapper\"><figure class=\"elementor-image-box-img\"><img loading=\"lazy\" decoding=\"async\" width=\"330\" height=\"200\" src=\"https:\/\/stpcdnimage.imgix.net\/wp-content\/uploads\/sites\/17\/2025\/04\/2014.avif\" class=\"attachment-full size-full wp-image-4670\" alt=\"\" \/><\/figure><div class=\"elementor-image-box-content\"><h3 class=\"elementor-image-box-title\">2014<\/h3><p class=\"elementor-image-box-description\">2014 firade STP sitt 60-\u00e5rsjubileum, lanserade Ultra 5-in-1 Fuel System Cleaner och var v\u00e4rd f\u00f6r STP 500 p\u00e5 Martinsville Speedway, som vanns av Kurt Busch.\n\n<\/p><\/div><\/div>\t\t\t\t<\/div>\n\t\t\t\t<\/div>\n\t\t\t\t<div class=\"elementor-element elementor-element-d24428f elementor-position-right elementor-vertical-align-middle image-text-section elementor-widget elementor-widget-image-box\" data-id=\"d24428f\" data-element_type=\"widget\" data-e-type=\"widget\" data-widget_type=\"image-box.default\">\n\t\t\t\t<div class=\"elementor-widget-container\">\n\t\t\t\t\t<div class=\"elementor-image-box-wrapper\"><figure class=\"elementor-image-box-img\"><img loading=\"lazy\" decoding=\"async\" width=\"1350\" height=\"901\" src=\"https:\/\/stpcdnimage.imgix.net\/wp-content\/uploads\/sites\/17\/2025\/04\/2018.avif\" class=\"attachment-full size-full wp-image-4674\" alt=\"\" \/><\/figure><div class=\"elementor-image-box-content\"><h3 class=\"elementor-image-box-title\">2018<\/h3><p class=\"elementor-image-box-description\">2018 anlitade Richard Petty Motorsports Darrell \u201cBubba\u201d Wallace Jr. f\u00f6r att t\u00e4vla i den ber\u00f6mda STP nr 43 i NASCAR Cup Series. Han blev den f\u00f6rsta afroamerikanska heltidsf\u00f6raren i NASCAR Cup sedan Wendell Scott 1971. Bubba b\u00f6rjade s\u00e4songen 2018 starkt med en 2:a plats p\u00e5 Daytona 500.\n\n<\/p><\/div><\/div>\t\t\t\t<\/div>\n\t\t\t\t<\/div>\n\t\t\t\t<div class=\"elementor-element elementor-element-26f4551 elementor-position-left elementor-vertical-align-middle image-text-section left-image elementor-widget elementor-widget-image-box\" data-id=\"26f4551\" data-element_type=\"widget\" data-e-type=\"widget\" data-widget_type=\"image-box.default\">\n\t\t\t\t<div class=\"elementor-widget-container\">\n\t\t\t\t\t<div class=\"elementor-image-box-wrapper\"><figure class=\"elementor-image-box-img\"><img loading=\"lazy\" decoding=\"async\" width=\"848\" height=\"477\" src=\"https:\/\/stpcdnimage.imgix.net\/wp-content\/uploads\/sites\/17\/2025\/05\/Racing-9.avif\" class=\"attachment-full size-full wp-image-7659\" alt=\"\" \/><\/figure><div class=\"elementor-image-box-content\"><h3 class=\"elementor-image-box-title\">2020\/21<\/h3><p class=\"elementor-image-box-description\">STP lanserade Ceramic Oil Treatment och firade 50 \u00e5r av partnerskap med Richard Petty Motorsports genom att forts\u00e4tta som associerad sponsor till Richard Petty Motorsports och f\u00f6raren Erik Jones i nr 43 Chevrolet under hela NASCAR Cup Series-s\u00e4songen.\n\n<\/p><\/div><\/div>\t\t\t\t<\/div>\n\t\t\t\t<\/div>\n\t\t\t\t<\/div>\n\t\t\t\t\t<\/div>\n\t\t\t\t<\/div>\n\t\t\t\t<\/div>\n\t\t","protected":false},"excerpt":{"rendered":"<p>I oktober 1954 introducerade tre aff\u00e4rsm\u00e4n med ett startkapital p\u00e5 endast 3 000 dollar den f\u00f6rsta STP\u00ae-produkten i St. Joseph, Missouri. STP\u00ae inleddes med en enda produkt \u2014 STP\u00ae Oil Treatment. Den hindrade bilmotorolja fr\u00e5n att bli tunnare vid h\u00f6ga temperaturer och tryck. V\u00e5r historia \u2013 en tidslinje 1954 Charles Dwight (Doc) Liggett, Jim Hill [&hellip;]<\/p>\n","protected":false},"author":1,"featured_media":0,"parent":4227,"menu_order":0,"comment_status":"closed","ping_status":"closed","template":"","meta":{"_acf_changed":false,"footnotes":""},"class_list":["post-4641","page","type-page","status-publish","hentry"],"acf":[],"yoast_head":"<!-- This site is optimized with the Yoast SEO plugin v27.4 - https:\/\/yoast.com\/product\/yoast-seo-wordpress\/ -->\n<title>STP\u00ae:s historia - STP\u00ae Sweden<\/title>\n<meta name=\"robots\" content=\"index, follow, max-snippet:-1, max-image-preview:large, max-video-preview:-1\" \/>\n<link rel=\"canonical\" href=\"https:\/\/stp.com\/se\/om-stp\/stps-historia\/\" \/>\n<meta property=\"og:locale\" content=\"en_US\" \/>\n<meta property=\"og:type\" content=\"article\" \/>\n<meta property=\"og:title\" content=\"STP\u00ae:s historia - STP\u00ae Sweden\" \/>\n<meta property=\"og:description\" content=\"I oktober 1954 introducerade tre aff\u00e4rsm\u00e4n med ett startkapital p\u00e5 endast 3 000 dollar den f\u00f6rsta STP\u00ae-produkten i St. Joseph, Missouri. STP\u00ae inleddes med en enda produkt \u2014 STP\u00ae Oil Treatment. Den hindrade bilmotorolja fr\u00e5n att bli tunnare vid h\u00f6ga temperaturer och tryck. V\u00e5r historia \u2013 en tidslinje 1954 Charles Dwight (Doc) Liggett, Jim Hill [&hellip;]\" \/>\n<meta property=\"og:url\" content=\"https:\/\/stp.com\/se\/om-stp\/stps-historia\/\" \/>\n<meta property=\"og:site_name\" content=\"STP\u00ae Sweden\" \/>\n<meta property=\"article:modified_time\" content=\"2025-06-05T12:00:00+00:00\" \/>\n<meta property=\"og:image\" content=\"https:\/\/stp.com\/se\/wp-content\/uploads\/sites\/17\/2025\/04\/1954-edit.avif\" \/>\n<meta name=\"twitter:card\" content=\"summary_large_image\" \/>\n<meta name=\"twitter:label1\" content=\"Est. reading time\" \/>\n\t<meta name=\"twitter:data1\" content=\"5 minutes\" \/>\n<script type=\"application\/ld+json\" class=\"yoast-schema-graph\">{\"@context\":\"https:\\\/\\\/schema.org\",\"@graph\":[{\"@type\":\"WebPage\",\"@id\":\"https:\\\/\\\/stp.com\\\/se\\\/om-stp\\\/stps-historia\\\/\",\"url\":\"https:\\\/\\\/stp.com\\\/se\\\/om-stp\\\/stps-historia\\\/\",\"name\":\"STP\u00ae:s historia - STP\u00ae Sweden\",\"isPartOf\":{\"@id\":\"https:\\\/\\\/c38a2c2a6e.nxcli.io\\\/se\\\/#website\"},\"primaryImageOfPage\":{\"@id\":\"https:\\\/\\\/stp.com\\\/se\\\/om-stp\\\/stps-historia\\\/#primaryimage\"},\"image\":{\"@id\":\"https:\\\/\\\/stp.com\\\/se\\\/om-stp\\\/stps-historia\\\/#primaryimage\"},\"thumbnailUrl\":\"https:\\\/\\\/stp.com\\\/se\\\/wp-content\\\/uploads\\\/sites\\\/17\\\/2025\\\/04\\\/1954-edit.avif\",\"datePublished\":\"2025-04-03T06:58:30+00:00\",\"dateModified\":\"2025-06-05T12:00:00+00:00\",\"breadcrumb\":{\"@id\":\"https:\\\/\\\/stp.com\\\/se\\\/om-stp\\\/stps-historia\\\/#breadcrumb\"},\"inLanguage\":\"en-US\",\"potentialAction\":[{\"@type\":\"ReadAction\",\"target\":[\"https:\\\/\\\/stp.com\\\/se\\\/om-stp\\\/stps-historia\\\/\"]}]},{\"@type\":\"ImageObject\",\"inLanguage\":\"en-US\",\"@id\":\"https:\\\/\\\/stp.com\\\/se\\\/om-stp\\\/stps-historia\\\/#primaryimage\",\"url\":\"https:\\\/\\\/stpcdnimage.imgix.net\\\/wp-content\\\/uploads\\\/sites\\\/17\\\/2025\\\/04\\\/1954-edit.avif\",\"contentUrl\":\"https:\\\/\\\/stpcdnimage.imgix.net\\\/wp-content\\\/uploads\\\/sites\\\/17\\\/2025\\\/04\\\/1954-edit.avif\",\"width\":840,\"height\":548},{\"@type\":\"BreadcrumbList\",\"@id\":\"https:\\\/\\\/stp.com\\\/se\\\/om-stp\\\/stps-historia\\\/#breadcrumb\",\"itemListElement\":[{\"@type\":\"ListItem\",\"position\":1,\"name\":\"Home\",\"item\":\"https:\\\/\\\/stp.com\\\/se\\\/\"},{\"@type\":\"ListItem\",\"position\":2,\"name\":\"Om STP\u00ae\",\"item\":\"https:\\\/\\\/stp.com\\\/se\\\/om-stp\\\/\"},{\"@type\":\"ListItem\",\"position\":3,\"name\":\"STP\u00ae:s historia\"}]},{\"@type\":\"WebSite\",\"@id\":\"https:\\\/\\\/c38a2c2a6e.nxcli.io\\\/se\\\/#website\",\"url\":\"https:\\\/\\\/c38a2c2a6e.nxcli.io\\\/se\\\/\",\"name\":\"STP\u00ae Sweden\",\"description\":\"Science. Technology. Performance\",\"potentialAction\":[{\"@type\":\"SearchAction\",\"target\":{\"@type\":\"EntryPoint\",\"urlTemplate\":\"https:\\\/\\\/c38a2c2a6e.nxcli.io\\\/se\\\/?s={search_term_string}\"},\"query-input\":{\"@type\":\"PropertyValueSpecification\",\"valueRequired\":true,\"valueName\":\"search_term_string\"}}],\"inLanguage\":\"en-US\"}]}<\/script>\n<!-- \/ Yoast SEO plugin. -->","yoast_head_json":{"title":"STP\u00ae:s historia - STP\u00ae Sweden","robots":{"index":"index","follow":"follow","max-snippet":"max-snippet:-1","max-image-preview":"max-image-preview:large","max-video-preview":"max-video-preview:-1"},"canonical":"https:\/\/stp.com\/se\/om-stp\/stps-historia\/","og_locale":"en_US","og_type":"article","og_title":"STP\u00ae:s historia - STP\u00ae Sweden","og_description":"I oktober 1954 introducerade tre aff\u00e4rsm\u00e4n med ett startkapital p\u00e5 endast 3 000 dollar den f\u00f6rsta STP\u00ae-produkten i St. Joseph, Missouri. STP\u00ae inleddes med en enda produkt \u2014 STP\u00ae Oil Treatment. Den hindrade bilmotorolja fr\u00e5n att bli tunnare vid h\u00f6ga temperaturer och tryck. V\u00e5r historia \u2013 en tidslinje 1954 Charles Dwight (Doc) Liggett, Jim Hill [&hellip;]","og_url":"https:\/\/stp.com\/se\/om-stp\/stps-historia\/","og_site_name":"STP\u00ae Sweden","article_modified_time":"2025-06-05T12:00:00+00:00","og_image":[{"url":"https:\/\/stp.com\/se\/wp-content\/uploads\/sites\/17\/2025\/04\/1954-edit.avif","type":"","width":"","height":""}],"twitter_card":"summary_large_image","twitter_misc":{"Est. reading time":"5 minutes"},"schema":{"@context":"https:\/\/schema.org","@graph":[{"@type":"WebPage","@id":"https:\/\/stp.com\/se\/om-stp\/stps-historia\/","url":"https:\/\/stp.com\/se\/om-stp\/stps-historia\/","name":"STP\u00ae:s historia - STP\u00ae Sweden","isPartOf":{"@id":"https:\/\/c38a2c2a6e.nxcli.io\/se\/#website"},"primaryImageOfPage":{"@id":"https:\/\/stp.com\/se\/om-stp\/stps-historia\/#primaryimage"},"image":{"@id":"https:\/\/stp.com\/se\/om-stp\/stps-historia\/#primaryimage"},"thumbnailUrl":"https:\/\/stp.com\/se\/wp-content\/uploads\/sites\/17\/2025\/04\/1954-edit.avif","datePublished":"2025-04-03T06:58:30+00:00","dateModified":"2025-06-05T12:00:00+00:00","breadcrumb":{"@id":"https:\/\/stp.com\/se\/om-stp\/stps-historia\/#breadcrumb"},"inLanguage":"en-US","potentialAction":[{"@type":"ReadAction","target":["https:\/\/stp.com\/se\/om-stp\/stps-historia\/"]}]},{"@type":"ImageObject","inLanguage":"en-US","@id":"https:\/\/stp.com\/se\/om-stp\/stps-historia\/#primaryimage","url":"https:\/\/stpcdnimage.imgix.net\/wp-content\/uploads\/sites\/17\/2025\/04\/1954-edit.avif","contentUrl":"https:\/\/stpcdnimage.imgix.net\/wp-content\/uploads\/sites\/17\/2025\/04\/1954-edit.avif","width":840,"height":548},{"@type":"BreadcrumbList","@id":"https:\/\/stp.com\/se\/om-stp\/stps-historia\/#breadcrumb","itemListElement":[{"@type":"ListItem","position":1,"name":"Home","item":"https:\/\/stp.com\/se\/"},{"@type":"ListItem","position":2,"name":"Om STP\u00ae","item":"https:\/\/stp.com\/se\/om-stp\/"},{"@type":"ListItem","position":3,"name":"STP\u00ae:s historia"}]},{"@type":"WebSite","@id":"https:\/\/c38a2c2a6e.nxcli.io\/se\/#website","url":"https:\/\/c38a2c2a6e.nxcli.io\/se\/","name":"STP\u00ae Sweden","description":"Science. Technology. Performance","potentialAction":[{"@type":"SearchAction","target":{"@type":"EntryPoint","urlTemplate":"https:\/\/c38a2c2a6e.nxcli.io\/se\/?s={search_term_string}"},"query-input":{"@type":"PropertyValueSpecification","valueRequired":true,"valueName":"search_term_string"}}],"inLanguage":"en-US"}]}},"_links":{"self":[{"href":"https:\/\/stp.com\/se\/wp-json\/wp\/v2\/pages\/4641","targetHints":{"allow":["GET"]}}],"collection":[{"href":"https:\/\/stp.com\/se\/wp-json\/wp\/v2\/pages"}],"about":[{"href":"https:\/\/stp.com\/se\/wp-json\/wp\/v2\/types\/page"}],"author":[{"embeddable":true,"href":"https:\/\/stp.com\/se\/wp-json\/wp\/v2\/users\/1"}],"replies":[{"embeddable":true,"href":"https:\/\/stp.com\/se\/wp-json\/wp\/v2\/comments?post=4641"}],"version-history":[{"count":79,"href":"https:\/\/stp.com\/se\/wp-json\/wp\/v2\/pages\/4641\/revisions"}],"predecessor-version":[{"id":8432,"href":"https:\/\/stp.com\/se\/wp-json\/wp\/v2\/pages\/4641\/revisions\/8432"}],"up":[{"embeddable":true,"href":"https:\/\/stp.com\/se\/wp-json\/wp\/v2\/pages\/4227"}],"wp:attachment":[{"href":"https:\/\/stp.com\/se\/wp-json\/wp\/v2\/media?parent=4641"}],"curies":[{"name":"wp","href":"https:\/\/api.w.org\/{rel}","templated":true}]}}