{"id":4271,"date":"2025-04-01T17:50:03","date_gmt":"2025-04-01T12:20:03","guid":{"rendered":"https:\/\/c38a2c2a6e.nxcli.io\/se\/?page_id=4271"},"modified":"2025-07-23T17:49:10","modified_gmt":"2025-07-23T12:19:10","slug":"racing","status":"publish","type":"page","link":"https:\/\/stp.com\/se\/om-stp\/racing\/","title":{"rendered":"Racing"},"content":{"rendered":"\t\t<div data-elementor-type=\"wp-page\" data-elementor-id=\"4271\" class=\"elementor elementor-4271\" data-elementor-post-type=\"page\">\n\t\t\t\t<div class=\"elementor-element elementor-element-4e3e391 e-flex e-con-boxed e-con e-parent\" data-id=\"4e3e391\" data-element_type=\"container\" data-e-type=\"container\" data-settings=\"{&quot;background_background&quot;:&quot;classic&quot;}\">\n\t\t\t\t\t<div class=\"e-con-inner\">\n\t\t\t\t<div class=\"elementor-element elementor-element-3b4c347 breadcrumb elementor-widget elementor-widget-breadcrumbs\" data-id=\"3b4c347\" data-element_type=\"widget\" data-e-type=\"widget\" data-widget_type=\"breadcrumbs.default\">\n\t\t\t\t<div class=\"elementor-widget-container\">\n\t\t\t\t\t<p id=\"breadcrumbs\"><span><span><a href=\"https:\/\/stp.com\/se\/\">Home<\/a><\/span><\/span><\/p>\t\t\t\t<\/div>\n\t\t\t\t<\/div>\n\t\t<div class=\"elementor-element elementor-element-b1db058 e-con-full e-flex e-con e-child\" data-id=\"b1db058\" data-element_type=\"container\" data-e-type=\"container\">\n\t\t<div class=\"elementor-element elementor-element-6f5c93c e-con-full product__head e-flex e-con e-child\" data-id=\"6f5c93c\" data-element_type=\"container\" data-e-type=\"container\">\n\t\t\t\t<div class=\"elementor-element elementor-element-c668cb7 elementor-widget elementor-widget-text-editor\" data-id=\"c668cb7\" data-element_type=\"widget\" data-e-type=\"widget\" data-widget_type=\"text-editor.default\">\n\t\t\t\t<div class=\"elementor-widget-container\">\n\t\t\t\t\t\t\t\t\t<div class=\"col\"><div class=\"col\"><p>N\u00e4r Richard Petty rullade in p\u00e5 Victory Lane p\u00e5 Riverside International Raceway under s\u00e4songsstarten 1972 satt STP\u00ae-logotypen p\u00e5 hans bil. \u00c4n i dag \u00e4r vi stolta \u00f6ver att fortfarande vara med i teamet. Uppt\u00e4ck mer om hur STP\u00ae, racing och Richard Petty har v\u00e4xt tillsammans.<\/p><\/div><\/div>\t\t\t\t\t\t\t\t<\/div>\n\t\t\t\t<\/div>\n\t\t\t\t<\/div>\n\t\t\t\t<\/div>\n\t\t\t\t\t<\/div>\n\t\t\t\t<\/div>\n\t\t<div class=\"elementor-element elementor-element-335f1e8 e-con-full e-flex e-con e-parent\" data-id=\"335f1e8\" data-element_type=\"container\" data-e-type=\"container\" data-settings=\"{&quot;background_background&quot;:&quot;classic&quot;}\">\n\t\t<div class=\"elementor-element elementor-element-b98fdc2 e-flex e-con-boxed e-con e-child\" data-id=\"b98fdc2\" data-element_type=\"container\" data-e-type=\"container\">\n\t\t\t\t\t<div class=\"e-con-inner\">\n\t\t<div class=\"elementor-element elementor-element-0ae029c e-con-full product-box e-flex e-con e-child\" data-id=\"0ae029c\" data-element_type=\"container\" data-e-type=\"container\">\n\t\t<div class=\"elementor-element elementor-element-0d164d7 e-con-full product-box e-flex e-con e-child\" data-id=\"0d164d7\" data-element_type=\"container\" data-e-type=\"container\" data-settings=\"{&quot;background_background&quot;:&quot;classic&quot;}\">\n\t\t\t\t<div class=\"elementor-element elementor-element-48da189 product-box2 elementor-widget-tablet__width-inherit elementor-widget elementor-widget-heading\" data-id=\"48da189\" data-element_type=\"widget\" data-e-type=\"widget\" data-widget_type=\"heading.default\">\n\t\t\t\t<div class=\"elementor-widget-container\">\n\t\t\t\t\t<h3 class=\"elementor-heading-title elementor-size-default\"><a href=\"https:\/\/stp.com\/se\/om-stp\/racing\/richard-petty\/\">Richard Petty<\/a><\/h3>\t\t\t\t<\/div>\n\t\t\t\t<\/div>\n\t\t\t\t<div class=\"elementor-element elementor-element-2d613f9 product-image e-transform elementor-widget elementor-widget-image\" data-id=\"2d613f9\" data-element_type=\"widget\" data-e-type=\"widget\" data-settings=\"{&quot;_transform_scale_effect_hover&quot;:{&quot;unit&quot;:&quot;px&quot;,&quot;size&quot;:0.94999999999999996,&quot;sizes&quot;:[]},&quot;_transform_scale_effect_hover_tablet&quot;:{&quot;unit&quot;:&quot;px&quot;,&quot;size&quot;:&quot;&quot;,&quot;sizes&quot;:[]},&quot;_transform_scale_effect_hover_mobile&quot;:{&quot;unit&quot;:&quot;px&quot;,&quot;size&quot;:&quot;&quot;,&quot;sizes&quot;:[]}}\" data-widget_type=\"image.default\">\n\t\t\t\t<div class=\"elementor-widget-container\">\n\t\t\t\t\t\t\t\t\t\t\t\t\t\t\t\t<a href=\"https:\/\/stp.com\/se\/om-stp\/racing\/richard-petty\/\">\n\t\t\t\t\t\t\t<img fetchpriority=\"high\" decoding=\"async\" width=\"2560\" height=\"1708\" src=\"https:\/\/stpcdnimage.imgix.net\/se\/wp-content\/uploads\/sites\/17\/2025\/04\/Richard-Petty.jpeg?auto=format%2Ccompress\" class=\"attachment-full size-full wp-image-4300\" alt=\"Richard Petty\" srcset=\"https:\/\/stpcdnimage.imgix.net\/se\/wp-content\/uploads\/sites\/17\/2025\/04\/Richard-Petty.jpeg?auto=format%2Ccompress&amp;w=2560 2560w, https:\/\/stpcdnimage.imgix.net\/se\/wp-content\/uploads\/sites\/17\/2025\/04\/Richard-Petty.jpeg?auto=format%2Ccompress&amp;w=300 300w, https:\/\/stpcdnimage.imgix.net\/se\/wp-content\/uploads\/sites\/17\/2025\/04\/Richard-Petty.jpeg?auto=format%2Ccompress&amp;w=1024 1024w, https:\/\/stpcdnimage.imgix.net\/se\/wp-content\/uploads\/sites\/17\/2025\/04\/Richard-Petty.jpeg?auto=format%2Ccompress&amp;w=768 768w, https:\/\/stpcdnimage.imgix.net\/se\/wp-content\/uploads\/sites\/17\/2025\/04\/Richard-Petty.jpeg?auto=format%2Ccompress&amp;w=1536 1536w, https:\/\/stpcdnimage.imgix.net\/se\/wp-content\/uploads\/sites\/17\/2025\/04\/Richard-Petty.jpeg?auto=format%2Ccompress&amp;w=2048 2048w\" sizes=\"(max-width: 2560px) 100vw, 2560px\" \/>\t\t\t\t\t\t\t\t<\/a>\n\t\t\t\t\t\t\t\t\t\t\t\t\t\t\t<\/div>\n\t\t\t\t<\/div>\n\t\t\t\t<\/div>\n\t\t\t\t<\/div>\n\t\t<div class=\"elementor-element elementor-element-edbfaf5 e-con-full product-box e-flex e-con e-child\" data-id=\"edbfaf5\" data-element_type=\"container\" data-e-type=\"container\">\n\t\t<div class=\"elementor-element elementor-element-de4266f e-con-full product-box e-flex e-con e-child\" data-id=\"de4266f\" data-element_type=\"container\" data-e-type=\"container\" data-settings=\"{&quot;background_background&quot;:&quot;classic&quot;}\">\n\t\t\t\t<div class=\"elementor-element elementor-element-6ae45cb product-box2 elementor-widget-tablet__width-inherit elementor-widget elementor-widget-heading\" data-id=\"6ae45cb\" data-element_type=\"widget\" data-e-type=\"widget\" data-widget_type=\"heading.default\">\n\t\t\t\t<div class=\"elementor-widget-container\">\n\t\t\t\t\t<h3 class=\"elementor-heading-title elementor-size-default\"><a href=\"https:\/\/stp.com\/se\/om-stp\/racing\/petty-gms-motorsports\/\">Petty GMS Motorsports\n<\/a><\/h3>\t\t\t\t<\/div>\n\t\t\t\t<\/div>\n\t\t\t\t<div class=\"elementor-element elementor-element-1752462 e-transform product-image elementor-widget elementor-widget-image\" data-id=\"1752462\" data-element_type=\"widget\" data-e-type=\"widget\" data-settings=\"{&quot;_transform_scale_effect_hover&quot;:{&quot;unit&quot;:&quot;px&quot;,&quot;size&quot;:0.94999999999999996,&quot;sizes&quot;:[]},&quot;_transform_scale_effect_hover_tablet&quot;:{&quot;unit&quot;:&quot;px&quot;,&quot;size&quot;:&quot;&quot;,&quot;sizes&quot;:[]},&quot;_transform_scale_effect_hover_mobile&quot;:{&quot;unit&quot;:&quot;px&quot;,&quot;size&quot;:&quot;&quot;,&quot;sizes&quot;:[]}}\" data-widget_type=\"image.default\">\n\t\t\t\t<div class=\"elementor-widget-container\">\n\t\t\t\t\t\t\t\t\t\t\t\t\t\t\t\t<a href=\"https:\/\/stp.com\/se\/om-stp\/racing\/petty-gms-motorsports\/\">\n\t\t\t\t\t\t\t<img decoding=\"async\" width=\"1500\" height=\"1000\" src=\"https:\/\/stpcdnimage.imgix.net\/wp-content\/uploads\/sites\/17\/2025\/06\/Richard-Petty-Motorsports.avif\" class=\"attachment-full size-full wp-image-8280\" alt=\"Richard-Petty-Motorsports\" \/>\t\t\t\t\t\t\t\t<\/a>\n\t\t\t\t\t\t\t\t\t\t\t\t\t\t\t<\/div>\n\t\t\t\t<\/div>\n\t\t\t\t<\/div>\n\t\t\t\t<\/div>\n\t\t\t\t\t<\/div>\n\t\t\t\t<\/div>\n\t\t<div class=\"elementor-element elementor-element-a994760 e-con-full e-flex e-con e-child\" data-id=\"a994760\" data-element_type=\"container\" data-e-type=\"container\">\n\t\t<div class=\"elementor-element elementor-element-a509bd6 e-flex e-con-boxed e-con e-child\" data-id=\"a509bd6\" data-element_type=\"container\" data-e-type=\"container\">\n\t\t\t\t\t<div class=\"e-con-inner\">\n\t\t\t\t<div class=\"elementor-element elementor-element-3873880 elementor-widget elementor-widget-image\" data-id=\"3873880\" data-element_type=\"widget\" data-e-type=\"widget\" data-widget_type=\"image.default\">\n\t\t\t\t<div class=\"elementor-widget-container\">\n\t\t\t\t\t\t\t\t\t\t\t\t\t\t\t<img decoding=\"async\" width=\"762\" height=\"427\" src=\"https:\/\/stpcdnimage.imgix.net\/wp-content\/uploads\/sites\/17\/2025\/04\/Racing-history.avif\" class=\"attachment-full size-full wp-image-4338\" alt=\"\" \/>\t\t\t\t\t\t\t\t\t\t\t\t\t\t\t<\/div>\n\t\t\t\t<\/div>\n\t\t\t\t\t<\/div>\n\t\t\t\t<\/div>\n\t\t<div class=\"elementor-element elementor-element-1e02efd animated-slow e-con-full e-flex e-con e-child\" data-id=\"1e02efd\" data-element_type=\"container\" data-e-type=\"container\" data-settings=\"{&quot;animation&quot;:&quot;none&quot;,&quot;animation_delay&quot;:300}\">\n\t\t<div class=\"elementor-element elementor-element-00ff799 e-con-full product-box1 e-flex e-con e-child\" data-id=\"00ff799\" data-element_type=\"container\" data-e-type=\"container\" data-settings=\"{&quot;background_background&quot;:&quot;gradient&quot;}\">\n\t\t\t\t<div class=\"elementor-element elementor-element-e92bffd elementor-align-left elementor-widget-tablet__width-inherit elementor-widget elementor-widget-button\" data-id=\"e92bffd\" data-element_type=\"widget\" data-e-type=\"widget\" data-widget_type=\"button.default\">\n\t\t\t\t<div class=\"elementor-widget-container\">\n\t\t\t\t\t\t\t\t\t<div class=\"elementor-button-wrapper\">\n\t\t\t\t\t<a class=\"elementor-button elementor-button-link elementor-size-sm\" href=\"https:\/\/stp.com\/se\/om-stp\/stps-historia\/\">\n\t\t\t\t\t\t<span class=\"elementor-button-content-wrapper\">\n\t\t\t\t\t\t\t\t\t<span class=\"elementor-button-text\">STP\u00ae:s historia<\/span>\n\t\t\t\t\t<\/span>\n\t\t\t\t\t<\/a>\n\t\t\t\t<\/div>\n\t\t\t\t\t\t\t\t<\/div>\n\t\t\t\t<\/div>\n\t\t\t\t<div class=\"elementor-element elementor-element-59a2c9f elementor-widget__width-inherit elementor-widget elementor-widget-text-editor\" data-id=\"59a2c9f\" data-element_type=\"widget\" data-e-type=\"widget\" data-widget_type=\"text-editor.default\">\n\t\t\t\t<div class=\"elementor-widget-container\">\n\t\t\t\t\t\t\t\t\t<div class=\"col\"><p>L\u00e4r dig mer om historien om STP, sedan starten 1954.<\/p><\/div>\t\t\t\t\t\t\t\t<\/div>\n\t\t\t\t<\/div>\n\t\t\t\t<div class=\"elementor-element elementor-element-a8505db elementor-widget elementor-widget-heading\" data-id=\"a8505db\" data-element_type=\"widget\" data-e-type=\"widget\" data-widget_type=\"heading.default\">\n\t\t\t\t<div class=\"elementor-widget-container\">\n\t\t\t\t\t<h2 class=\"elementor-heading-title elementor-size-default\">V\u00e5r historia<\/h2>\t\t\t\t<\/div>\n\t\t\t\t<\/div>\n\t\t\t\t<\/div>\n\t\t\t\t<\/div>\n\t\t\t\t<\/div>\n\t\t\t\t<\/div>\n\t\t\t\t<\/div>\n\t\t","protected":false},"excerpt":{"rendered":"<p>N\u00e4r Richard Petty rullade in p\u00e5 Victory Lane p\u00e5 Riverside International Raceway under s\u00e4songsstarten 1972 satt STP\u00ae-logotypen p\u00e5 hans bil. \u00c4n i dag \u00e4r vi stolta \u00f6ver att fortfarande vara med i teamet. Uppt\u00e4ck mer om hur STP\u00ae, racing och Richard Petty har v\u00e4xt tillsammans. Richard Petty Petty GMS Motorsports STP\u00ae:s historia L\u00e4r dig mer [&hellip;]<\/p>\n","protected":false},"author":1,"featured_media":0,"parent":4227,"menu_order":0,"comment_status":"closed","ping_status":"closed","template":"","meta":{"_acf_changed":false,"footnotes":""},"class_list":["post-4271","page","type-page","status-publish","hentry"],"acf":[],"yoast_head":"<!-- This site is optimized with the Yoast SEO plugin v27.4 - https:\/\/yoast.com\/product\/yoast-seo-wordpress\/ -->\n<title>Racing - STP\u00ae Sweden<\/title>\n<meta name=\"robots\" content=\"index, follow, max-snippet:-1, max-image-preview:large, max-video-preview:-1\" \/>\n<link rel=\"canonical\" href=\"https:\/\/stp.com\/se\/om-stp\/racing\/\" \/>\n<meta property=\"og:locale\" content=\"en_US\" \/>\n<meta property=\"og:type\" content=\"article\" \/>\n<meta property=\"og:title\" content=\"Racing - STP\u00ae Sweden\" \/>\n<meta property=\"og:description\" content=\"N\u00e4r Richard Petty rullade in p\u00e5 Victory Lane p\u00e5 Riverside International Raceway under s\u00e4songsstarten 1972 satt STP\u00ae-logotypen p\u00e5 hans bil. \u00c4n i dag \u00e4r vi stolta \u00f6ver att fortfarande vara med i teamet. Uppt\u00e4ck mer om hur STP\u00ae, racing och Richard Petty har v\u00e4xt tillsammans. Richard Petty Petty GMS Motorsports STP\u00ae:s historia L\u00e4r dig mer [&hellip;]\" \/>\n<meta property=\"og:url\" content=\"https:\/\/stp.com\/se\/om-stp\/racing\/\" \/>\n<meta property=\"og:site_name\" content=\"STP\u00ae Sweden\" \/>\n<meta property=\"article:modified_time\" content=\"2025-07-23T12:19:10+00:00\" \/>\n<meta property=\"og:image\" content=\"https:\/\/stp.com\/se\/wp-content\/uploads\/sites\/17\/2025\/04\/Richard-Petty.jpeg\" \/>\n<meta name=\"twitter:card\" content=\"summary_large_image\" \/>\n<meta name=\"twitter:label1\" content=\"Est. reading time\" \/>\n\t<meta name=\"twitter:data1\" content=\"1 minute\" \/>\n<script type=\"application\/ld+json\" class=\"yoast-schema-graph\">{\"@context\":\"https:\\\/\\\/schema.org\",\"@graph\":[{\"@type\":\"WebPage\",\"@id\":\"https:\\\/\\\/stp.com\\\/se\\\/om-stp\\\/racing\\\/\",\"url\":\"https:\\\/\\\/stp.com\\\/se\\\/om-stp\\\/racing\\\/\",\"name\":\"Racing - STP\u00ae Sweden\",\"isPartOf\":{\"@id\":\"https:\\\/\\\/c38a2c2a6e.nxcli.io\\\/se\\\/#website\"},\"primaryImageOfPage\":{\"@id\":\"https:\\\/\\\/stp.com\\\/se\\\/om-stp\\\/racing\\\/#primaryimage\"},\"image\":{\"@id\":\"https:\\\/\\\/stp.com\\\/se\\\/om-stp\\\/racing\\\/#primaryimage\"},\"thumbnailUrl\":\"https:\\\/\\\/stp.com\\\/se\\\/wp-content\\\/uploads\\\/sites\\\/17\\\/2025\\\/04\\\/Richard-Petty.jpeg\",\"datePublished\":\"2025-04-01T12:20:03+00:00\",\"dateModified\":\"2025-07-23T12:19:10+00:00\",\"breadcrumb\":{\"@id\":\"https:\\\/\\\/stp.com\\\/se\\\/om-stp\\\/racing\\\/#breadcrumb\"},\"inLanguage\":\"en-US\",\"potentialAction\":[{\"@type\":\"ReadAction\",\"target\":[\"https:\\\/\\\/stp.com\\\/se\\\/om-stp\\\/racing\\\/\"]}]},{\"@type\":\"ImageObject\",\"inLanguage\":\"en-US\",\"@id\":\"https:\\\/\\\/stp.com\\\/se\\\/om-stp\\\/racing\\\/#primaryimage\",\"url\":\"https:\\\/\\\/stpcdnimage.imgix.net\\\/se\\\/wp-content\\\/uploads\\\/sites\\\/17\\\/2025\\\/04\\\/Richard-Petty.jpeg?auto=format%2Ccompress\",\"contentUrl\":\"https:\\\/\\\/stpcdnimage.imgix.net\\\/se\\\/wp-content\\\/uploads\\\/sites\\\/17\\\/2025\\\/04\\\/Richard-Petty.jpeg?auto=format%2Ccompress\",\"width\":2560,\"height\":1708,\"caption\":\"Richard Petty\"},{\"@type\":\"BreadcrumbList\",\"@id\":\"https:\\\/\\\/stp.com\\\/se\\\/om-stp\\\/racing\\\/#breadcrumb\",\"itemListElement\":[{\"@type\":\"ListItem\",\"position\":1,\"name\":\"Home\",\"item\":\"https:\\\/\\\/stp.com\\\/se\\\/\"},{\"@type\":\"ListItem\",\"position\":2,\"name\":\"Om STP\u00ae\",\"item\":\"https:\\\/\\\/stp.com\\\/se\\\/om-stp\\\/\"},{\"@type\":\"ListItem\",\"position\":3,\"name\":\"Racing\"}]},{\"@type\":\"WebSite\",\"@id\":\"https:\\\/\\\/c38a2c2a6e.nxcli.io\\\/se\\\/#website\",\"url\":\"https:\\\/\\\/c38a2c2a6e.nxcli.io\\\/se\\\/\",\"name\":\"STP\u00ae Sweden\",\"description\":\"Science. Technology. Performance\",\"potentialAction\":[{\"@type\":\"SearchAction\",\"target\":{\"@type\":\"EntryPoint\",\"urlTemplate\":\"https:\\\/\\\/c38a2c2a6e.nxcli.io\\\/se\\\/?s={search_term_string}\"},\"query-input\":{\"@type\":\"PropertyValueSpecification\",\"valueRequired\":true,\"valueName\":\"search_term_string\"}}],\"inLanguage\":\"en-US\"}]}<\/script>\n<!-- \/ Yoast SEO plugin. -->","yoast_head_json":{"title":"Racing - STP\u00ae Sweden","robots":{"index":"index","follow":"follow","max-snippet":"max-snippet:-1","max-image-preview":"max-image-preview:large","max-video-preview":"max-video-preview:-1"},"canonical":"https:\/\/stp.com\/se\/om-stp\/racing\/","og_locale":"en_US","og_type":"article","og_title":"Racing - STP\u00ae Sweden","og_description":"N\u00e4r Richard Petty rullade in p\u00e5 Victory Lane p\u00e5 Riverside International Raceway under s\u00e4songsstarten 1972 satt STP\u00ae-logotypen p\u00e5 hans bil. \u00c4n i dag \u00e4r vi stolta \u00f6ver att fortfarande vara med i teamet. Uppt\u00e4ck mer om hur STP\u00ae, racing och Richard Petty har v\u00e4xt tillsammans. Richard Petty Petty GMS Motorsports STP\u00ae:s historia L\u00e4r dig mer [&hellip;]","og_url":"https:\/\/stp.com\/se\/om-stp\/racing\/","og_site_name":"STP\u00ae Sweden","article_modified_time":"2025-07-23T12:19:10+00:00","og_image":[{"url":"https:\/\/stp.com\/se\/wp-content\/uploads\/sites\/17\/2025\/04\/Richard-Petty.jpeg","type":"","width":"","height":""}],"twitter_card":"summary_large_image","twitter_misc":{"Est. reading time":"1 minute"},"schema":{"@context":"https:\/\/schema.org","@graph":[{"@type":"WebPage","@id":"https:\/\/stp.com\/se\/om-stp\/racing\/","url":"https:\/\/stp.com\/se\/om-stp\/racing\/","name":"Racing - STP\u00ae Sweden","isPartOf":{"@id":"https:\/\/c38a2c2a6e.nxcli.io\/se\/#website"},"primaryImageOfPage":{"@id":"https:\/\/stp.com\/se\/om-stp\/racing\/#primaryimage"},"image":{"@id":"https:\/\/stp.com\/se\/om-stp\/racing\/#primaryimage"},"thumbnailUrl":"https:\/\/stp.com\/se\/wp-content\/uploads\/sites\/17\/2025\/04\/Richard-Petty.jpeg","datePublished":"2025-04-01T12:20:03+00:00","dateModified":"2025-07-23T12:19:10+00:00","breadcrumb":{"@id":"https:\/\/stp.com\/se\/om-stp\/racing\/#breadcrumb"},"inLanguage":"en-US","potentialAction":[{"@type":"ReadAction","target":["https:\/\/stp.com\/se\/om-stp\/racing\/"]}]},{"@type":"ImageObject","inLanguage":"en-US","@id":"https:\/\/stp.com\/se\/om-stp\/racing\/#primaryimage","url":"https:\/\/stpcdnimage.imgix.net\/se\/wp-content\/uploads\/sites\/17\/2025\/04\/Richard-Petty.jpeg?auto=format%2Ccompress","contentUrl":"https:\/\/stpcdnimage.imgix.net\/se\/wp-content\/uploads\/sites\/17\/2025\/04\/Richard-Petty.jpeg?auto=format%2Ccompress","width":2560,"height":1708,"caption":"Richard Petty"},{"@type":"BreadcrumbList","@id":"https:\/\/stp.com\/se\/om-stp\/racing\/#breadcrumb","itemListElement":[{"@type":"ListItem","position":1,"name":"Home","item":"https:\/\/stp.com\/se\/"},{"@type":"ListItem","position":2,"name":"Om STP\u00ae","item":"https:\/\/stp.com\/se\/om-stp\/"},{"@type":"ListItem","position":3,"name":"Racing"}]},{"@type":"WebSite","@id":"https:\/\/c38a2c2a6e.nxcli.io\/se\/#website","url":"https:\/\/c38a2c2a6e.nxcli.io\/se\/","name":"STP\u00ae Sweden","description":"Science. Technology. Performance","potentialAction":[{"@type":"SearchAction","target":{"@type":"EntryPoint","urlTemplate":"https:\/\/c38a2c2a6e.nxcli.io\/se\/?s={search_term_string}"},"query-input":{"@type":"PropertyValueSpecification","valueRequired":true,"valueName":"search_term_string"}}],"inLanguage":"en-US"}]}},"_links":{"self":[{"href":"https:\/\/stp.com\/se\/wp-json\/wp\/v2\/pages\/4271","targetHints":{"allow":["GET"]}}],"collection":[{"href":"https:\/\/stp.com\/se\/wp-json\/wp\/v2\/pages"}],"about":[{"href":"https:\/\/stp.com\/se\/wp-json\/wp\/v2\/types\/page"}],"author":[{"embeddable":true,"href":"https:\/\/stp.com\/se\/wp-json\/wp\/v2\/users\/1"}],"replies":[{"embeddable":true,"href":"https:\/\/stp.com\/se\/wp-json\/wp\/v2\/comments?post=4271"}],"version-history":[{"count":184,"href":"https:\/\/stp.com\/se\/wp-json\/wp\/v2\/pages\/4271\/revisions"}],"predecessor-version":[{"id":8631,"href":"https:\/\/stp.com\/se\/wp-json\/wp\/v2\/pages\/4271\/revisions\/8631"}],"up":[{"embeddable":true,"href":"https:\/\/stp.com\/se\/wp-json\/wp\/v2\/pages\/4227"}],"wp:attachment":[{"href":"https:\/\/stp.com\/se\/wp-json\/wp\/v2\/media?parent=4271"}],"curies":[{"name":"wp","href":"https:\/\/api.w.org\/{rel}","templated":true}]}}