{"id":4227,"date":"2025-04-01T17:18:48","date_gmt":"2025-04-01T11:48:48","guid":{"rendered":"https:\/\/c38a2c2a6e.nxcli.io\/se\/?page_id=4227"},"modified":"2025-06-05T16:21:22","modified_gmt":"2025-06-05T10:51:22","slug":"om-stp","status":"publish","type":"page","link":"https:\/\/stp.com\/se\/om-stp\/","title":{"rendered":"Om STP<sup>\u00ae<\/sup>"},"content":{"rendered":"\t\t<div data-elementor-type=\"wp-page\" data-elementor-id=\"4227\" class=\"elementor elementor-4227\" data-elementor-post-type=\"page\">\n\t\t\t\t<div class=\"elementor-element elementor-element-dc45357 e-flex e-con-boxed e-con e-parent\" data-id=\"dc45357\" data-element_type=\"container\" data-e-type=\"container\" data-settings=\"{&quot;background_background&quot;:&quot;classic&quot;}\">\n\t\t\t\t\t<div class=\"e-con-inner\">\n\t\t\t\t<div class=\"elementor-element elementor-element-fcf9cc8 breadcrumb elementor-widget elementor-widget-breadcrumbs\" data-id=\"fcf9cc8\" data-element_type=\"widget\" data-e-type=\"widget\" data-widget_type=\"breadcrumbs.default\">\n\t\t\t\t<div class=\"elementor-widget-container\">\n\t\t\t\t\t<p id=\"breadcrumbs\"><span><span><a href=\"https:\/\/stp.com\/se\/\">Home<\/a><\/span><\/span><\/p>\t\t\t\t<\/div>\n\t\t\t\t<\/div>\n\t\t<div class=\"elementor-element elementor-element-1682186 e-con-full e-flex e-con e-child\" data-id=\"1682186\" data-element_type=\"container\" data-e-type=\"container\">\n\t\t<div class=\"elementor-element elementor-element-f2399e3 e-con-full product__head e-flex e-con e-child\" data-id=\"f2399e3\" data-element_type=\"container\" data-e-type=\"container\">\n\t\t\t\t<div class=\"elementor-element elementor-element-2d79943 elementor-widget elementor-widget-text-editor\" data-id=\"2d79943\" data-element_type=\"widget\" data-e-type=\"widget\" data-widget_type=\"text-editor.default\">\n\t\t\t\t<div class=\"elementor-widget-container\">\n\t\t\t\t\t\t\t\t\t<div class=\"col\"><p>I \u00f6ver 60 \u00e5r, och efter fler mil \u00e4n n\u00e5gon kan r\u00e4kna, har STP\u00ae varit ett av de mest p\u00e5litliga namnen inom bilv\u00e5rd.<\/p><p>Bilentusiaster, \u201chemmafixare\u201d och professionella f\u00f6rare f\u00f6rlitar sig p\u00e5 STP\u00ae:s oljetillsatser, br\u00e4nsletillsatser samt broms- och servostyrningsv\u00e4tskor f\u00f6r att h\u00e5lla sina fordon i b\u00e4ttre form under en l\u00e4ngre tid.<\/p><p>STP\u00ae har sitt huvudkontor i Danbury, Connecticut, och \u00e4r en del av Energizer Holdings, Inc.<\/p><\/div>\t\t\t\t\t\t\t\t<\/div>\n\t\t\t\t<\/div>\n\t\t\t\t<\/div>\n\t\t\t\t<\/div>\n\t\t\t\t\t<\/div>\n\t\t\t\t<\/div>\n\t\t<div class=\"elementor-element elementor-element-b361fa6 top-red-border e-flex e-con-boxed e-con e-parent\" data-id=\"b361fa6\" data-element_type=\"container\" data-e-type=\"container\" data-settings=\"{&quot;background_background&quot;:&quot;classic&quot;}\">\n\t\t\t\t\t<div class=\"e-con-inner\">\n\t\t<div class=\"elementor-element elementor-element-94a7626 e-con-full e-flex e-con e-child\" data-id=\"94a7626\" data-element_type=\"container\" data-e-type=\"container\">\n\t\t\t\t<div class=\"elementor-element elementor-element-4ab4f0b elementor-position-right elementor-vertical-align-middle image-text-section elementor-widget elementor-widget-global elementor-global-4620 elementor-widget-image-box\" data-id=\"4ab4f0b\" data-element_type=\"widget\" data-e-type=\"widget\" data-widget_type=\"image-box.default\">\n\t\t\t\t<div class=\"elementor-widget-container\">\n\t\t\t\t\t<div class=\"elementor-image-box-wrapper\"><figure class=\"elementor-image-box-img\"><img fetchpriority=\"high\" decoding=\"async\" width=\"762\" height=\"427\" src=\"https:\/\/stpcdnimage.imgix.net\/se\/wp-content\/uploads\/sites\/17\/2025\/04\/test-history.jpg?auto=format%2Ccompress\" class=\"attachment-full size-full wp-image-4610\" alt=\"\" srcset=\"https:\/\/stpcdnimage.imgix.net\/se\/wp-content\/uploads\/sites\/17\/2025\/04\/test-history.jpg?w=762 762w, https:\/\/stpcdnimage.imgix.net\/se\/wp-content\/uploads\/sites\/17\/2025\/04\/test-history.jpg?w=300 300w\" sizes=\"(max-width: 762px) 100vw, 762px\" \/><\/figure><div class=\"elementor-image-box-content\"><h3 class=\"elementor-image-box-title\">V\u00e5r historia<\/h3><p class=\"elementor-image-box-description\">L\u00e4r dig mer om historien om STP, sedan starten 1954.\n\n\n<p><a class=\"btn\" href=\"https:\/\/stp.com\/se\/om-stp\/stps-historia\/\">STP<sup>\u00ae<\/sup> :s historia<\/a><\/p><\/p><\/div><\/div>\t\t\t\t<\/div>\n\t\t\t\t<\/div>\n\t\t\t\t<div class=\"elementor-element elementor-element-9a0c96a elementor-position-left elementor-vertical-align-middle image-text-section left-image elementor-widget elementor-widget-global elementor-global-4630 elementor-widget-image-box\" data-id=\"9a0c96a\" data-element_type=\"widget\" data-e-type=\"widget\" data-widget_type=\"image-box.default\">\n\t\t\t\t<div class=\"elementor-widget-container\">\n\t\t\t\t\t<div class=\"elementor-image-box-wrapper\"><figure class=\"elementor-image-box-img\"><img decoding=\"async\" width=\"762\" height=\"427\" src=\"https:\/\/stpcdnimage.imgix.net\/se\/wp-content\/uploads\/sites\/17\/2025\/04\/richardpettyhero.jpg?auto=format%2Ccompress\" class=\"attachment-full size-full wp-image-4623\" alt=\"\" srcset=\"https:\/\/stpcdnimage.imgix.net\/se\/wp-content\/uploads\/sites\/17\/2025\/04\/richardpettyhero.jpg?w=762 762w, https:\/\/stpcdnimage.imgix.net\/se\/wp-content\/uploads\/sites\/17\/2025\/04\/richardpettyhero.jpg?w=300 300w\" sizes=\"(max-width: 762px) 100vw, 762px\" \/><\/figure><div class=\"elementor-image-box-content\"><h3 class=\"elementor-image-box-title\">Racing<\/h3><p class=\"elementor-image-box-description\">N\u00e4r Richard Petty rullade in p\u00e5 Victory Lane p\u00e5 Riverside International Raceway under s\u00e4songsstarten 1972 fanns STP\u00ae-logotypen p\u00e5 hans bil, och d\u00e4r sitter den \u00e4n idag.\n\n<p><a class=\"btn\" href=\"https:\/\/stp.com\/se\/om-stp\/racing\/\">STP<sup>\u00ae<\/sup> Racing<\/a><\/p><\/p><\/div><\/div>\t\t\t\t<\/div>\n\t\t\t\t<\/div>\n\t\t\t\t<div class=\"elementor-element elementor-element-e049ab3 elementor-position-right elementor-vertical-align-middle image-text-section elementor-widget elementor-widget-image-box\" data-id=\"e049ab3\" data-element_type=\"widget\" data-e-type=\"widget\" data-widget_type=\"image-box.default\">\n\t\t\t\t<div class=\"elementor-widget-container\">\n\t\t\t\t\t<div class=\"elementor-image-box-wrapper\"><figure class=\"elementor-image-box-img\"><img decoding=\"async\" width=\"813\" height=\"611\" src=\"https:\/\/stpcdnimage.imgix.net\/se\/wp-content\/uploads\/sites\/17\/2025\/04\/stp.png?auto=format%2Ccompress\" class=\"attachment-full size-full wp-image-4636\" alt=\"stp logo\" srcset=\"https:\/\/stpcdnimage.imgix.net\/se\/wp-content\/uploads\/sites\/17\/2025\/04\/stp.png?w=813 813w, https:\/\/stpcdnimage.imgix.net\/se\/wp-content\/uploads\/sites\/17\/2025\/04\/stp.png?w=300 300w, https:\/\/stpcdnimage.imgix.net\/se\/wp-content\/uploads\/sites\/17\/2025\/04\/stp.png?w=768 768w\" sizes=\"(max-width: 813px) 100vw, 813px\" \/><\/figure><div class=\"elementor-image-box-content\"><h3 class=\"elementor-image-box-title\">Hitta en \u00e5terf\u00f6rs\u00e4ljare<\/h3><p class=\"elementor-image-box-description\">Klicka h\u00e4r f\u00f6r att hitta den n\u00e4rmaste platsen som du kan k\u00f6pa STP-produkter p\u00e5.\n\n<p><a class=\"btn\" href=\"https:\/\/stp.com\/se\/hitta-en-aterforsaljare-nara-dig\/\">Hitta en \u00e5terf\u00f6rs\u00e4ljare<\/a><\/p><\/p><\/div><\/div>\t\t\t\t<\/div>\n\t\t\t\t<\/div>\n\t\t\t\t<\/div>\n\t\t\t\t\t<\/div>\n\t\t\t\t<\/div>\n\t\t\t\t<\/div>\n\t\t","protected":false},"excerpt":{"rendered":"<p>I \u00f6ver 60 \u00e5r, och efter fler mil \u00e4n n\u00e5gon kan r\u00e4kna, har STP\u00ae varit ett av de mest p\u00e5litliga namnen inom bilv\u00e5rd. Bilentusiaster, \u201chemmafixare\u201d och professionella f\u00f6rare f\u00f6rlitar sig p\u00e5 STP\u00ae:s oljetillsatser, br\u00e4nsletillsatser samt broms- och servostyrningsv\u00e4tskor f\u00f6r att h\u00e5lla sina fordon i b\u00e4ttre form under en l\u00e4ngre tid. STP\u00ae har sitt huvudkontor i [&hellip;]<\/p>\n","protected":false},"author":1,"featured_media":0,"parent":0,"menu_order":0,"comment_status":"closed","ping_status":"closed","template":"","meta":{"_acf_changed":false,"footnotes":""},"class_list":["post-4227","page","type-page","status-publish","hentry"],"acf":[],"yoast_head":"<!-- This site is optimized with the Yoast SEO plugin v27.4 - https:\/\/yoast.com\/product\/yoast-seo-wordpress\/ -->\n<title>Om STP\u00ae - STP\u00ae Sweden<\/title>\n<meta name=\"robots\" content=\"index, follow, max-snippet:-1, max-image-preview:large, max-video-preview:-1\" \/>\n<link rel=\"canonical\" href=\"https:\/\/stp.com\/se\/om-stp\/\" \/>\n<meta property=\"og:locale\" content=\"en_US\" \/>\n<meta property=\"og:type\" content=\"article\" \/>\n<meta property=\"og:title\" content=\"Om STP\u00ae - STP\u00ae Sweden\" \/>\n<meta property=\"og:description\" content=\"I \u00f6ver 60 \u00e5r, och efter fler mil \u00e4n n\u00e5gon kan r\u00e4kna, har STP\u00ae varit ett av de mest p\u00e5litliga namnen inom bilv\u00e5rd. Bilentusiaster, \u201chemmafixare\u201d och professionella f\u00f6rare f\u00f6rlitar sig p\u00e5 STP\u00ae:s oljetillsatser, br\u00e4nsletillsatser samt broms- och servostyrningsv\u00e4tskor f\u00f6r att h\u00e5lla sina fordon i b\u00e4ttre form under en l\u00e4ngre tid. STP\u00ae har sitt huvudkontor i [&hellip;]\" \/>\n<meta property=\"og:url\" content=\"https:\/\/stp.com\/se\/om-stp\/\" \/>\n<meta property=\"og:site_name\" content=\"STP\u00ae Sweden\" \/>\n<meta property=\"article:modified_time\" content=\"2025-06-05T10:51:22+00:00\" \/>\n<meta property=\"og:image\" content=\"https:\/\/stp.com\/se\/wp-content\/uploads\/sites\/17\/2025\/04\/test-history.jpg\" \/>\n<meta name=\"twitter:card\" content=\"summary_large_image\" \/>\n<meta name=\"twitter:label1\" content=\"Est. reading time\" \/>\n\t<meta name=\"twitter:data1\" content=\"2 minutes\" \/>\n<script type=\"application\/ld+json\" class=\"yoast-schema-graph\">{\"@context\":\"https:\\\/\\\/schema.org\",\"@graph\":[{\"@type\":\"WebPage\",\"@id\":\"https:\\\/\\\/stp.com\\\/se\\\/om-stp\\\/\",\"url\":\"https:\\\/\\\/stp.com\\\/se\\\/om-stp\\\/\",\"name\":\"Om STP\u00ae - STP\u00ae Sweden\",\"isPartOf\":{\"@id\":\"https:\\\/\\\/c38a2c2a6e.nxcli.io\\\/se\\\/#website\"},\"primaryImageOfPage\":{\"@id\":\"https:\\\/\\\/stp.com\\\/se\\\/om-stp\\\/#primaryimage\"},\"image\":{\"@id\":\"https:\\\/\\\/stp.com\\\/se\\\/om-stp\\\/#primaryimage\"},\"thumbnailUrl\":\"https:\\\/\\\/stp.com\\\/se\\\/wp-content\\\/uploads\\\/sites\\\/17\\\/2025\\\/04\\\/test-history.jpg\",\"datePublished\":\"2025-04-01T11:48:48+00:00\",\"dateModified\":\"2025-06-05T10:51:22+00:00\",\"breadcrumb\":{\"@id\":\"https:\\\/\\\/stp.com\\\/se\\\/om-stp\\\/#breadcrumb\"},\"inLanguage\":\"en-US\",\"potentialAction\":[{\"@type\":\"ReadAction\",\"target\":[\"https:\\\/\\\/stp.com\\\/se\\\/om-stp\\\/\"]}]},{\"@type\":\"ImageObject\",\"inLanguage\":\"en-US\",\"@id\":\"https:\\\/\\\/stp.com\\\/se\\\/om-stp\\\/#primaryimage\",\"url\":\"https:\\\/\\\/stpcdnimage.imgix.net\\\/se\\\/wp-content\\\/uploads\\\/sites\\\/17\\\/2025\\\/04\\\/test-history.jpg?auto=format%2Ccompress\",\"contentUrl\":\"https:\\\/\\\/stpcdnimage.imgix.net\\\/se\\\/wp-content\\\/uploads\\\/sites\\\/17\\\/2025\\\/04\\\/test-history.jpg?auto=format%2Ccompress\",\"width\":762,\"height\":427},{\"@type\":\"BreadcrumbList\",\"@id\":\"https:\\\/\\\/stp.com\\\/se\\\/om-stp\\\/#breadcrumb\",\"itemListElement\":[{\"@type\":\"ListItem\",\"position\":1,\"name\":\"Home\",\"item\":\"https:\\\/\\\/stp.com\\\/se\\\/\"},{\"@type\":\"ListItem\",\"position\":2,\"name\":\"Om STP\u00ae\"}]},{\"@type\":\"WebSite\",\"@id\":\"https:\\\/\\\/c38a2c2a6e.nxcli.io\\\/se\\\/#website\",\"url\":\"https:\\\/\\\/c38a2c2a6e.nxcli.io\\\/se\\\/\",\"name\":\"STP\u00ae Sweden\",\"description\":\"Science. Technology. Performance\",\"potentialAction\":[{\"@type\":\"SearchAction\",\"target\":{\"@type\":\"EntryPoint\",\"urlTemplate\":\"https:\\\/\\\/c38a2c2a6e.nxcli.io\\\/se\\\/?s={search_term_string}\"},\"query-input\":{\"@type\":\"PropertyValueSpecification\",\"valueRequired\":true,\"valueName\":\"search_term_string\"}}],\"inLanguage\":\"en-US\"}]}<\/script>\n<!-- \/ Yoast SEO plugin. -->","yoast_head_json":{"title":"Om STP\u00ae - STP\u00ae Sweden","robots":{"index":"index","follow":"follow","max-snippet":"max-snippet:-1","max-image-preview":"max-image-preview:large","max-video-preview":"max-video-preview:-1"},"canonical":"https:\/\/stp.com\/se\/om-stp\/","og_locale":"en_US","og_type":"article","og_title":"Om STP\u00ae - STP\u00ae Sweden","og_description":"I \u00f6ver 60 \u00e5r, och efter fler mil \u00e4n n\u00e5gon kan r\u00e4kna, har STP\u00ae varit ett av de mest p\u00e5litliga namnen inom bilv\u00e5rd. Bilentusiaster, \u201chemmafixare\u201d och professionella f\u00f6rare f\u00f6rlitar sig p\u00e5 STP\u00ae:s oljetillsatser, br\u00e4nsletillsatser samt broms- och servostyrningsv\u00e4tskor f\u00f6r att h\u00e5lla sina fordon i b\u00e4ttre form under en l\u00e4ngre tid. STP\u00ae har sitt huvudkontor i [&hellip;]","og_url":"https:\/\/stp.com\/se\/om-stp\/","og_site_name":"STP\u00ae Sweden","article_modified_time":"2025-06-05T10:51:22+00:00","og_image":[{"url":"https:\/\/stp.com\/se\/wp-content\/uploads\/sites\/17\/2025\/04\/test-history.jpg","type":"","width":"","height":""}],"twitter_card":"summary_large_image","twitter_misc":{"Est. reading time":"2 minutes"},"schema":{"@context":"https:\/\/schema.org","@graph":[{"@type":"WebPage","@id":"https:\/\/stp.com\/se\/om-stp\/","url":"https:\/\/stp.com\/se\/om-stp\/","name":"Om STP\u00ae - STP\u00ae Sweden","isPartOf":{"@id":"https:\/\/c38a2c2a6e.nxcli.io\/se\/#website"},"primaryImageOfPage":{"@id":"https:\/\/stp.com\/se\/om-stp\/#primaryimage"},"image":{"@id":"https:\/\/stp.com\/se\/om-stp\/#primaryimage"},"thumbnailUrl":"https:\/\/stp.com\/se\/wp-content\/uploads\/sites\/17\/2025\/04\/test-history.jpg","datePublished":"2025-04-01T11:48:48+00:00","dateModified":"2025-06-05T10:51:22+00:00","breadcrumb":{"@id":"https:\/\/stp.com\/se\/om-stp\/#breadcrumb"},"inLanguage":"en-US","potentialAction":[{"@type":"ReadAction","target":["https:\/\/stp.com\/se\/om-stp\/"]}]},{"@type":"ImageObject","inLanguage":"en-US","@id":"https:\/\/stp.com\/se\/om-stp\/#primaryimage","url":"https:\/\/stpcdnimage.imgix.net\/se\/wp-content\/uploads\/sites\/17\/2025\/04\/test-history.jpg?auto=format%2Ccompress","contentUrl":"https:\/\/stpcdnimage.imgix.net\/se\/wp-content\/uploads\/sites\/17\/2025\/04\/test-history.jpg?auto=format%2Ccompress","width":762,"height":427},{"@type":"BreadcrumbList","@id":"https:\/\/stp.com\/se\/om-stp\/#breadcrumb","itemListElement":[{"@type":"ListItem","position":1,"name":"Home","item":"https:\/\/stp.com\/se\/"},{"@type":"ListItem","position":2,"name":"Om STP\u00ae"}]},{"@type":"WebSite","@id":"https:\/\/c38a2c2a6e.nxcli.io\/se\/#website","url":"https:\/\/c38a2c2a6e.nxcli.io\/se\/","name":"STP\u00ae Sweden","description":"Science. Technology. Performance","potentialAction":[{"@type":"SearchAction","target":{"@type":"EntryPoint","urlTemplate":"https:\/\/c38a2c2a6e.nxcli.io\/se\/?s={search_term_string}"},"query-input":{"@type":"PropertyValueSpecification","valueRequired":true,"valueName":"search_term_string"}}],"inLanguage":"en-US"}]}},"_links":{"self":[{"href":"https:\/\/stp.com\/se\/wp-json\/wp\/v2\/pages\/4227","targetHints":{"allow":["GET"]}}],"collection":[{"href":"https:\/\/stp.com\/se\/wp-json\/wp\/v2\/pages"}],"about":[{"href":"https:\/\/stp.com\/se\/wp-json\/wp\/v2\/types\/page"}],"author":[{"embeddable":true,"href":"https:\/\/stp.com\/se\/wp-json\/wp\/v2\/users\/1"}],"replies":[{"embeddable":true,"href":"https:\/\/stp.com\/se\/wp-json\/wp\/v2\/comments?post=4227"}],"version-history":[{"count":92,"href":"https:\/\/stp.com\/se\/wp-json\/wp\/v2\/pages\/4227\/revisions"}],"predecessor-version":[{"id":8422,"href":"https:\/\/stp.com\/se\/wp-json\/wp\/v2\/pages\/4227\/revisions\/8422"}],"wp:attachment":[{"href":"https:\/\/stp.com\/se\/wp-json\/wp\/v2\/media?parent=4227"}],"curies":[{"name":"wp","href":"https:\/\/api.w.org\/{rel}","templated":true}]}}