{"id":5924,"date":"2025-04-04T19:32:07","date_gmt":"2025-04-04T14:02:07","guid":{"rendered":"https:\/\/c38a2c2a6e.nxcli.io\/pl\/?page_id=5924"},"modified":"2025-06-16T15:48:33","modified_gmt":"2025-06-16T10:18:33","slug":"nadmierne-tarcie-w-silniku","status":"publish","type":"page","link":"https:\/\/stp.com\/pl\/rozwiazywanie-problemow\/nadmierne-tarcie-w-silniku\/","title":{"rendered":"Nadmierne tarcie w silniku"},"content":{"rendered":"\t\t<div data-elementor-type=\"wp-page\" data-elementor-id=\"5924\" class=\"elementor elementor-5924\" data-elementor-post-type=\"page\">\n\t\t\t\t<div class=\"elementor-element elementor-element-2f93c9e e-flex e-con-boxed e-con e-parent\" data-id=\"2f93c9e\" data-element_type=\"container\" data-e-type=\"container\" data-settings=\"{&quot;background_background&quot;:&quot;classic&quot;}\">\n\t\t\t\t\t<div class=\"e-con-inner\">\n\t\t\t\t<div class=\"elementor-element elementor-element-6942a9b breadcrumb elementor-widget elementor-widget-breadcrumbs\" data-id=\"6942a9b\" data-element_type=\"widget\" data-e-type=\"widget\" data-widget_type=\"breadcrumbs.default\">\n\t\t\t\t<div class=\"elementor-widget-container\">\n\t\t\t\t\t<p id=\"breadcrumbs\"><span><span><a href=\"https:\/\/stp.com\/pl\/\">Home<\/a><\/span><\/span><\/p>\t\t\t\t<\/div>\n\t\t\t\t<\/div>\n\t\t<div class=\"elementor-element elementor-element-e468df4 e-con-full e-flex e-con e-child\" data-id=\"e468df4\" data-element_type=\"container\" data-e-type=\"container\">\n\t\t<div class=\"elementor-element elementor-element-b1b1e67 e-con-full product__head e-flex e-con e-child\" data-id=\"b1b1e67\" data-element_type=\"container\" data-e-type=\"container\">\n\t\t\t\t<\/div>\n\t\t\t\t<\/div>\n\t\t\t\t\t<\/div>\n\t\t\t\t<\/div>\n\t\t<div class=\"elementor-element elementor-element-e200df6 top-red-border e-flex e-con-boxed e-con e-parent\" data-id=\"e200df6\" data-element_type=\"container\" data-e-type=\"container\" data-settings=\"{&quot;background_background&quot;:&quot;classic&quot;}\">\n\t\t\t\t\t<div class=\"e-con-inner\">\n\t\t<div class=\"elementor-element elementor-element-ffadb38 e-con-full e-flex e-con e-child\" data-id=\"ffadb38\" data-element_type=\"container\" data-e-type=\"container\">\n\t\t\t\t<div class=\"elementor-element elementor-element-1014e61 elementor-position-right elementor-vertical-align-middle image-text-section elementor-widget elementor-widget-image-box\" data-id=\"1014e61\" data-element_type=\"widget\" data-e-type=\"widget\" data-widget_type=\"image-box.default\">\n\t\t\t\t<div class=\"elementor-widget-container\">\n\t\t\t\t\t<div class=\"elementor-image-box-wrapper\"><figure class=\"elementor-image-box-img\"><img fetchpriority=\"high\" decoding=\"async\" width=\"2560\" height=\"1707\" src=\"https:\/\/stpcdnimage.imgix.net\/pl\/wp-content\/uploads\/sites\/15\/2025\/04\/Photo-2-Functional-Fluids-min-scaled-1.jpg?auto=format%2Ccompress\" class=\"attachment-full size-full wp-image-4153\" alt=\"NADMIERNE TARCIE W SILNIKU\" srcset=\"https:\/\/stpcdnimage.imgix.net\/pl\/wp-content\/uploads\/sites\/15\/2025\/04\/Photo-2-Functional-Fluids-min-scaled-1.jpg?w=2560 2560w, https:\/\/stpcdnimage.imgix.net\/pl\/wp-content\/uploads\/sites\/15\/2025\/04\/Photo-2-Functional-Fluids-min-scaled-1.jpg?w=300 300w, https:\/\/stpcdnimage.imgix.net\/pl\/wp-content\/uploads\/sites\/15\/2025\/04\/Photo-2-Functional-Fluids-min-scaled-1.jpg?w=1024 1024w, https:\/\/stpcdnimage.imgix.net\/pl\/wp-content\/uploads\/sites\/15\/2025\/04\/Photo-2-Functional-Fluids-min-scaled-1.jpg?w=768 768w, https:\/\/stpcdnimage.imgix.net\/pl\/wp-content\/uploads\/sites\/15\/2025\/04\/Photo-2-Functional-Fluids-min-scaled-1.jpg?w=1536 1536w, https:\/\/stpcdnimage.imgix.net\/pl\/wp-content\/uploads\/sites\/15\/2025\/04\/Photo-2-Functional-Fluids-min-scaled-1.jpg?w=2048 2048w\" sizes=\"(max-width: 2560px) 100vw, 2560px\" \/><\/figure><div class=\"elementor-image-box-content\"><p class=\"elementor-image-box-description\">Czym jest tarcie w silniku i co je powoduje? Ruchome cz\u0119\u015bci w silniku pracuj\u0105, stykaj\u0105c si\u0119 ze sob\u0105. W miar\u0119 wzrostu przebiegu mo\u017ce doj\u015b\u0107 do nadmiernego ich zu\u017cycia i wzrostu oporu tarcia. Zwi\u0119kszone tarcie metalowych element\u00f3w mo\u017ce negatywnie wp\u0142ywa\u0107 na niezawodno\u015b\u0107 i kultur\u0119 pracy silnika.\n\n<\/p><\/div><\/div>\t\t\t\t<\/div>\n\t\t\t\t<\/div>\n\t\t\t\t<\/div>\n\t\t\t\t\t<\/div>\n\t\t\t\t<\/div>\n\t\t<div class=\"elementor-element elementor-element-649ba20 prod-related-container e-flex e-con-boxed e-con e-child\" data-id=\"649ba20\" data-element_type=\"container\" data-e-type=\"container\" data-settings=\"{&quot;background_background&quot;:&quot;classic&quot;}\">\n\t\t\t\t\t<div class=\"e-con-inner\">\n\t\t\t\t<div class=\"elementor-element elementor-element-93593b0 arm__product-related elementor-widget elementor-widget-shortcode\" data-id=\"93593b0\" data-element_type=\"widget\" data-e-type=\"widget\" data-widget_type=\"shortcode.default\">\n\t\t\t\t<div class=\"elementor-widget-container\">\n\t\t\t\t\t\t\t<div class=\"elementor-shortcode\">\t<div class=\"product_related\">\n\t\t\t\t\t<div class=\"section-intro section-intro--left\" id=\"anchor-intro-block_\">\n\n\t\t\t\t\t<div class=\"section-intro__content\" id=\"anchor-intro-content_\">\n\t\t\t\t\t\t<div role=\"doc-subtitle\">Chro\u0144 sw\u00f3j silnik przed nadmiernym tarciem, stosuj\u0105c:\n<\/div>\n\t\t\t\t\t<\/div>\n\n\t\t\t\t<div class=\"section-intro__button\">\n\t\t\t\t\t\t\t\t\t<\/div>\n\t\t\t<\/div>\n\t\t\t\t<div class=\"building-block\">\n\t\t\t<div class=\"slider slider--listing\" role=\"region\" aria-roledescription=\"carousel\" aria-label=\"Featured product carousel\" data-items-0=\"1\" data-items-500=\"2\" data-items-900=\"3\" data-items-1200=\"4\" data-autoplay=\"false\">\n\t\t\t\t<div class=\"slider__controls\">\n\t\t\t\t\t\t\t\t\t\t\t\t\t\t<\/div>\n\t\t\t\t<div class=\"slider__wrapper\">\n\t\t\t\t\t<ul class=\"slider__panels\" id=\"slider-123\" class=\"carousel-items\" aria-live=\"polite\">\n\t\t\t\t\t\t \t\t\t\t\t\t\t<li class=\"slider__panel\" aria-hidden=\"false\" tabindex=\"-1\" aria-label=\"Slide 1 of 1\">\n\t\t\t\t\t\t\t\t <div class=\"grid grid-cols-4 grid-gutter-md\">\n\t\t\t\t\t\t\t\t\t\t\t\t\t\t\t\t\t\t\t<div class=\"card card--product\">\n\t\t\t\t\t\t\t\t\t\t\t<div class=\"card__image card__image--has-rollover\">\n\t\t\t\t\t\t\t\t\t\t\t\t<img decoding=\"async\" src=\"https:\/\/stpcdnimage.imgix.net\/global-media\/wp-content\/uploads\/sites\/6\/product-images\/E302011900_01.png\"  alt=\"Dodatek do olej\u00f3w syntetycznych Image 1\" class=\"\" width=\"250\" height=\"250\" \/>\n\t\t\t\t\t\t\t\t\t\t\t\t<div class=\"btn btn--solid rollover\">Poka\u017c produkt<\/div>\n\t\t\t\t\t\t\t\t\t\t\t<\/div>\n\t\t\t\t\t\t\t\t\t\t\t<div class=\"card__pretitle\"><span class=\"card__category\">Dodatki do oleju i silnika<\/span><\/div>\n\t\t\t\t\t\t\t\t\t\t\t\t<h3 class=\"h3\"><a href=\"https:\/\/stp.com\/pl\/product\/dodatek-do-olejow-syntetycznych\/\" class=\"cover-link card__link\">Dodatek do olej\u00f3w syntetycznych<\/a><\/h3>\n\t\t\t\t\t\t\t\t\t\t<\/div>\n\t\t\t\t\t\t\t\t\t\t\t\t\t\t\t\t\t<\/div>\n\t\t\t\t\t\t\t<\/li>\n\t\t\t\t\t\t\t\t\t\t\t<\/ul>\n\t\t\t\t<\/div>\n\t\t\t\t<div class=\"slider__nav\">\n\t\t\t\t\t\t\t\t\t\t<\/div>\n\t\t\t<\/div>\n\t\t<\/div>\n\t<\/div>\n<\/div>\n\t\t\t\t\t\t<\/div>\n\t\t\t\t<\/div>\n\t\t\t\t\t<\/div>\n\t\t\t\t<\/div>\n\t\t\t\t<\/div>\n\t\t","protected":false},"excerpt":{"rendered":"<p>Czym jest tarcie w silniku i co je powoduje? Ruchome cz\u0119\u015bci w silniku pracuj\u0105, stykaj\u0105c si\u0119 ze sob\u0105. W miar\u0119 wzrostu przebiegu mo\u017ce doj\u015b\u0107 do nadmiernego ich zu\u017cycia i wzrostu oporu tarcia. Zwi\u0119kszone tarcie metalowych element\u00f3w mo\u017ce negatywnie wp\u0142ywa\u0107 na niezawodno\u015b\u0107 i kultur\u0119 pracy silnika.<\/p>\n","protected":false},"author":1,"featured_media":0,"parent":416,"menu_order":0,"comment_status":"closed","ping_status":"closed","template":"","meta":{"_acf_changed":false,"footnotes":""},"class_list":["post-5924","page","type-page","status-publish","hentry"],"acf":[],"yoast_head":"<!-- This site is optimized with the Yoast SEO plugin v27.4 - https:\/\/yoast.com\/product\/yoast-seo-wordpress\/ -->\n<title>Nadmierne tarcie w silniku - STP Poland<\/title>\n<meta name=\"robots\" content=\"index, follow, max-snippet:-1, max-image-preview:large, max-video-preview:-1\" \/>\n<link rel=\"canonical\" href=\"https:\/\/stp.com\/pl\/rozwiazywanie-problemow\/nadmierne-tarcie-w-silniku\/\" \/>\n<meta property=\"og:locale\" content=\"en_US\" \/>\n<meta property=\"og:type\" content=\"article\" \/>\n<meta property=\"og:title\" content=\"Nadmierne tarcie w silniku - STP Poland\" \/>\n<meta property=\"og:description\" content=\"Czym jest tarcie w silniku i co je powoduje? Ruchome cz\u0119\u015bci w silniku pracuj\u0105, stykaj\u0105c si\u0119 ze sob\u0105. W miar\u0119 wzrostu przebiegu mo\u017ce doj\u015b\u0107 do nadmiernego ich zu\u017cycia i wzrostu oporu tarcia. Zwi\u0119kszone tarcie metalowych element\u00f3w mo\u017ce negatywnie wp\u0142ywa\u0107 na niezawodno\u015b\u0107 i kultur\u0119 pracy silnika.\" \/>\n<meta property=\"og:url\" content=\"https:\/\/stp.com\/pl\/rozwiazywanie-problemow\/nadmierne-tarcie-w-silniku\/\" \/>\n<meta property=\"og:site_name\" content=\"STP Poland\" \/>\n<meta property=\"article:modified_time\" content=\"2025-06-16T10:18:33+00:00\" \/>\n<meta property=\"og:image\" content=\"https:\/\/stp.com\/pl\/wp-content\/uploads\/sites\/15\/2025\/04\/Photo-2-Functional-Fluids-min-scaled-1.jpg\" \/>\n<meta name=\"twitter:card\" content=\"summary_large_image\" \/>\n<meta name=\"twitter:label1\" content=\"Est. reading time\" \/>\n\t<meta name=\"twitter:data1\" content=\"1 minute\" \/>\n<script type=\"application\/ld+json\" class=\"yoast-schema-graph\">{\"@context\":\"https:\\\/\\\/schema.org\",\"@graph\":[{\"@type\":\"WebPage\",\"@id\":\"https:\\\/\\\/stp.com\\\/pl\\\/rozwiazywanie-problemow\\\/nadmierne-tarcie-w-silniku\\\/\",\"url\":\"https:\\\/\\\/stp.com\\\/pl\\\/rozwiazywanie-problemow\\\/nadmierne-tarcie-w-silniku\\\/\",\"name\":\"Nadmierne tarcie w silniku - STP Poland\",\"isPartOf\":{\"@id\":\"https:\\\/\\\/stp.com\\\/pl\\\/#website\"},\"primaryImageOfPage\":{\"@id\":\"https:\\\/\\\/stp.com\\\/pl\\\/rozwiazywanie-problemow\\\/nadmierne-tarcie-w-silniku\\\/#primaryimage\"},\"image\":{\"@id\":\"https:\\\/\\\/stp.com\\\/pl\\\/rozwiazywanie-problemow\\\/nadmierne-tarcie-w-silniku\\\/#primaryimage\"},\"thumbnailUrl\":\"https:\\\/\\\/stp.com\\\/pl\\\/wp-content\\\/uploads\\\/sites\\\/15\\\/2025\\\/04\\\/Photo-2-Functional-Fluids-min-scaled-1.jpg\",\"datePublished\":\"2025-04-04T14:02:07+00:00\",\"dateModified\":\"2025-06-16T10:18:33+00:00\",\"breadcrumb\":{\"@id\":\"https:\\\/\\\/stp.com\\\/pl\\\/rozwiazywanie-problemow\\\/nadmierne-tarcie-w-silniku\\\/#breadcrumb\"},\"inLanguage\":\"en-US\",\"potentialAction\":[{\"@type\":\"ReadAction\",\"target\":[\"https:\\\/\\\/stp.com\\\/pl\\\/rozwiazywanie-problemow\\\/nadmierne-tarcie-w-silniku\\\/\"]}]},{\"@type\":\"ImageObject\",\"inLanguage\":\"en-US\",\"@id\":\"https:\\\/\\\/stp.com\\\/pl\\\/rozwiazywanie-problemow\\\/nadmierne-tarcie-w-silniku\\\/#primaryimage\",\"url\":\"https:\\\/\\\/stpcdnimage.imgix.net\\\/pl\\\/wp-content\\\/uploads\\\/sites\\\/15\\\/2025\\\/04\\\/Photo-2-Functional-Fluids-min-scaled-1.jpg?auto=format%2Ccompress\",\"contentUrl\":\"https:\\\/\\\/stpcdnimage.imgix.net\\\/pl\\\/wp-content\\\/uploads\\\/sites\\\/15\\\/2025\\\/04\\\/Photo-2-Functional-Fluids-min-scaled-1.jpg?auto=format%2Ccompress\",\"width\":2560,\"height\":1707,\"caption\":\"NADMIERNE TARCIE W SILNIKU\"},{\"@type\":\"BreadcrumbList\",\"@id\":\"https:\\\/\\\/stp.com\\\/pl\\\/rozwiazywanie-problemow\\\/nadmierne-tarcie-w-silniku\\\/#breadcrumb\",\"itemListElement\":[{\"@type\":\"ListItem\",\"position\":1,\"name\":\"Home\",\"item\":\"https:\\\/\\\/stp.com\\\/pl\\\/\"},{\"@type\":\"ListItem\",\"position\":2,\"name\":\"Rozwi\u0105zywanie problem\u00f3w\",\"item\":\"https:\\\/\\\/stp.com\\\/pl\\\/rozwiazywanie-problemow\\\/\"},{\"@type\":\"ListItem\",\"position\":3,\"name\":\"Nadmierne tarcie w silniku\"}]},{\"@type\":\"WebSite\",\"@id\":\"https:\\\/\\\/stp.com\\\/pl\\\/#website\",\"url\":\"https:\\\/\\\/stp.com\\\/pl\\\/\",\"name\":\"STP Poland\",\"description\":\"Science. Technology. Performance\",\"potentialAction\":[{\"@type\":\"SearchAction\",\"target\":{\"@type\":\"EntryPoint\",\"urlTemplate\":\"https:\\\/\\\/stp.com\\\/pl\\\/?s={search_term_string}\"},\"query-input\":{\"@type\":\"PropertyValueSpecification\",\"valueRequired\":true,\"valueName\":\"search_term_string\"}}],\"inLanguage\":\"en-US\"}]}<\/script>\n<!-- \/ Yoast SEO plugin. -->","yoast_head_json":{"title":"Nadmierne tarcie w silniku - STP Poland","robots":{"index":"index","follow":"follow","max-snippet":"max-snippet:-1","max-image-preview":"max-image-preview:large","max-video-preview":"max-video-preview:-1"},"canonical":"https:\/\/stp.com\/pl\/rozwiazywanie-problemow\/nadmierne-tarcie-w-silniku\/","og_locale":"en_US","og_type":"article","og_title":"Nadmierne tarcie w silniku - STP Poland","og_description":"Czym jest tarcie w silniku i co je powoduje? Ruchome cz\u0119\u015bci w silniku pracuj\u0105, stykaj\u0105c si\u0119 ze sob\u0105. W miar\u0119 wzrostu przebiegu mo\u017ce doj\u015b\u0107 do nadmiernego ich zu\u017cycia i wzrostu oporu tarcia. Zwi\u0119kszone tarcie metalowych element\u00f3w mo\u017ce negatywnie wp\u0142ywa\u0107 na niezawodno\u015b\u0107 i kultur\u0119 pracy silnika.","og_url":"https:\/\/stp.com\/pl\/rozwiazywanie-problemow\/nadmierne-tarcie-w-silniku\/","og_site_name":"STP Poland","article_modified_time":"2025-06-16T10:18:33+00:00","og_image":[{"url":"https:\/\/stp.com\/pl\/wp-content\/uploads\/sites\/15\/2025\/04\/Photo-2-Functional-Fluids-min-scaled-1.jpg","type":"","width":"","height":""}],"twitter_card":"summary_large_image","twitter_misc":{"Est. reading time":"1 minute"},"schema":{"@context":"https:\/\/schema.org","@graph":[{"@type":"WebPage","@id":"https:\/\/stp.com\/pl\/rozwiazywanie-problemow\/nadmierne-tarcie-w-silniku\/","url":"https:\/\/stp.com\/pl\/rozwiazywanie-problemow\/nadmierne-tarcie-w-silniku\/","name":"Nadmierne tarcie w silniku - STP Poland","isPartOf":{"@id":"https:\/\/stp.com\/pl\/#website"},"primaryImageOfPage":{"@id":"https:\/\/stp.com\/pl\/rozwiazywanie-problemow\/nadmierne-tarcie-w-silniku\/#primaryimage"},"image":{"@id":"https:\/\/stp.com\/pl\/rozwiazywanie-problemow\/nadmierne-tarcie-w-silniku\/#primaryimage"},"thumbnailUrl":"https:\/\/stp.com\/pl\/wp-content\/uploads\/sites\/15\/2025\/04\/Photo-2-Functional-Fluids-min-scaled-1.jpg","datePublished":"2025-04-04T14:02:07+00:00","dateModified":"2025-06-16T10:18:33+00:00","breadcrumb":{"@id":"https:\/\/stp.com\/pl\/rozwiazywanie-problemow\/nadmierne-tarcie-w-silniku\/#breadcrumb"},"inLanguage":"en-US","potentialAction":[{"@type":"ReadAction","target":["https:\/\/stp.com\/pl\/rozwiazywanie-problemow\/nadmierne-tarcie-w-silniku\/"]}]},{"@type":"ImageObject","inLanguage":"en-US","@id":"https:\/\/stp.com\/pl\/rozwiazywanie-problemow\/nadmierne-tarcie-w-silniku\/#primaryimage","url":"https:\/\/stpcdnimage.imgix.net\/pl\/wp-content\/uploads\/sites\/15\/2025\/04\/Photo-2-Functional-Fluids-min-scaled-1.jpg?auto=format%2Ccompress","contentUrl":"https:\/\/stpcdnimage.imgix.net\/pl\/wp-content\/uploads\/sites\/15\/2025\/04\/Photo-2-Functional-Fluids-min-scaled-1.jpg?auto=format%2Ccompress","width":2560,"height":1707,"caption":"NADMIERNE TARCIE W SILNIKU"},{"@type":"BreadcrumbList","@id":"https:\/\/stp.com\/pl\/rozwiazywanie-problemow\/nadmierne-tarcie-w-silniku\/#breadcrumb","itemListElement":[{"@type":"ListItem","position":1,"name":"Home","item":"https:\/\/stp.com\/pl\/"},{"@type":"ListItem","position":2,"name":"Rozwi\u0105zywanie problem\u00f3w","item":"https:\/\/stp.com\/pl\/rozwiazywanie-problemow\/"},{"@type":"ListItem","position":3,"name":"Nadmierne tarcie w silniku"}]},{"@type":"WebSite","@id":"https:\/\/stp.com\/pl\/#website","url":"https:\/\/stp.com\/pl\/","name":"STP Poland","description":"Science. Technology. Performance","potentialAction":[{"@type":"SearchAction","target":{"@type":"EntryPoint","urlTemplate":"https:\/\/stp.com\/pl\/?s={search_term_string}"},"query-input":{"@type":"PropertyValueSpecification","valueRequired":true,"valueName":"search_term_string"}}],"inLanguage":"en-US"}]}},"_links":{"self":[{"href":"https:\/\/stp.com\/pl\/wp-json\/wp\/v2\/pages\/5924","targetHints":{"allow":["GET"]}}],"collection":[{"href":"https:\/\/stp.com\/pl\/wp-json\/wp\/v2\/pages"}],"about":[{"href":"https:\/\/stp.com\/pl\/wp-json\/wp\/v2\/types\/page"}],"author":[{"embeddable":true,"href":"https:\/\/stp.com\/pl\/wp-json\/wp\/v2\/users\/1"}],"replies":[{"embeddable":true,"href":"https:\/\/stp.com\/pl\/wp-json\/wp\/v2\/comments?post=5924"}],"version-history":[{"count":18,"href":"https:\/\/stp.com\/pl\/wp-json\/wp\/v2\/pages\/5924\/revisions"}],"predecessor-version":[{"id":8344,"href":"https:\/\/stp.com\/pl\/wp-json\/wp\/v2\/pages\/5924\/revisions\/8344"}],"up":[{"embeddable":true,"href":"https:\/\/stp.com\/pl\/wp-json\/wp\/v2\/pages\/416"}],"wp:attachment":[{"href":"https:\/\/stp.com\/pl\/wp-json\/wp\/v2\/media?parent=5924"}],"curies":[{"name":"wp","href":"https:\/\/api.w.org\/{rel}","templated":true}]}}