{"id":5845,"date":"2025-04-04T19:12:11","date_gmt":"2025-04-04T13:42:11","guid":{"rendered":"https:\/\/c38a2c2a6e.nxcli.io\/pl\/?page_id=5845"},"modified":"2025-06-16T15:40:56","modified_gmt":"2025-06-16T10:10:56","slug":"awaria-wspomagania-kierownicy","status":"publish","type":"page","link":"https:\/\/stp.com\/pl\/rozwiazywanie-problemow\/awaria-wspomagania-kierownicy\/","title":{"rendered":"Awaria wspomagania kierownicy"},"content":{"rendered":"\t\t<div data-elementor-type=\"wp-page\" data-elementor-id=\"5845\" class=\"elementor elementor-5845\" data-elementor-post-type=\"page\">\n\t\t\t\t<div class=\"elementor-element elementor-element-a190730 e-flex e-con-boxed e-con e-parent\" data-id=\"a190730\" data-element_type=\"container\" data-e-type=\"container\" data-settings=\"{&quot;background_background&quot;:&quot;classic&quot;}\">\n\t\t\t\t\t<div class=\"e-con-inner\">\n\t\t\t\t<div class=\"elementor-element elementor-element-346e2a9 breadcrumb elementor-widget elementor-widget-breadcrumbs\" data-id=\"346e2a9\" data-element_type=\"widget\" data-e-type=\"widget\" data-widget_type=\"breadcrumbs.default\">\n\t\t\t\t<div class=\"elementor-widget-container\">\n\t\t\t\t\t<p id=\"breadcrumbs\"><span><span><a href=\"https:\/\/stp.com\/pl\/\">Home<\/a><\/span><\/span><\/p>\t\t\t\t<\/div>\n\t\t\t\t<\/div>\n\t\t<div class=\"elementor-element elementor-element-947a200 e-con-full e-flex e-con e-child\" data-id=\"947a200\" data-element_type=\"container\" data-e-type=\"container\">\n\t\t<div class=\"elementor-element elementor-element-2508f10 e-con-full product__head e-flex e-con e-child\" data-id=\"2508f10\" data-element_type=\"container\" data-e-type=\"container\">\n\t\t\t\t<\/div>\n\t\t\t\t<\/div>\n\t\t\t\t\t<\/div>\n\t\t\t\t<\/div>\n\t\t<div class=\"elementor-element elementor-element-891ac39 top-red-border e-flex e-con-boxed e-con e-parent\" data-id=\"891ac39\" data-element_type=\"container\" data-e-type=\"container\" data-settings=\"{&quot;background_background&quot;:&quot;classic&quot;}\">\n\t\t\t\t\t<div class=\"e-con-inner\">\n\t\t<div class=\"elementor-element elementor-element-e69f560 e-con-full e-flex e-con e-child\" data-id=\"e69f560\" data-element_type=\"container\" data-e-type=\"container\">\n\t\t\t\t<div class=\"elementor-element elementor-element-132f48f elementor-position-right elementor-vertical-align-middle image-text-section elementor-widget elementor-widget-image-box\" data-id=\"132f48f\" data-element_type=\"widget\" data-e-type=\"widget\" data-widget_type=\"image-box.default\">\n\t\t\t\t<div class=\"elementor-widget-container\">\n\t\t\t\t\t<div class=\"elementor-image-box-wrapper\"><figure class=\"elementor-image-box-img\"><img fetchpriority=\"high\" decoding=\"async\" width=\"2560\" height=\"1450\" src=\"https:\/\/stpcdnimage.imgix.net\/wp-content\/uploads\/sites\/15\/2025\/04\/LostPowerSteeringCrop-scaled-1.avif\" class=\"attachment-full size-full wp-image-5857\" alt=\"AWARIA WSPOMAGANIA KIEROWNICY\" \/><\/figure><div class=\"elementor-image-box-content\"><p class=\"elementor-image-box-description\">S\u0142yszysz dziwny pisk przy nag\u0142ych ruchach kierownic\u0105? To niew\u0105tpliwie oznaka awarii uk\u0142adu wspomagania kierownicy spowodowanej wyciekiem p\u0142ynu. P\u0142yn do uk\u0142ad\u00f3w kierowniczych ze wspomaganiem zawiera te\u017c oleje, kt\u00f3re mog\u0105 si\u0119 utlenia\u0107. Gdy tak si\u0119 stanie, ograniczona zostaje zdolno\u015b\u0107 p\u0142ynu do przep\u0142ywu i ochrony wewn\u0119trznych element\u00f3w uk\u0142adu. Zajrzyj do instrukcji u\u017cytkownika, aby sprawdzi\u0107, kiedy wymieni\u0107 p\u0142yn w uk\u0142adzie kierowniczym, aby wyeliminowa\u0107 problemy ze wspomaganiem kierownicy.\n\n<\/p><\/div><\/div>\t\t\t\t<\/div>\n\t\t\t\t<\/div>\n\t\t\t\t<\/div>\n\t\t\t\t\t<\/div>\n\t\t\t\t<\/div>\n\t\t<div class=\"elementor-element elementor-element-6d2c96e prod-related-container e-flex e-con-boxed e-con e-child\" data-id=\"6d2c96e\" data-element_type=\"container\" data-e-type=\"container\" data-settings=\"{&quot;background_background&quot;:&quot;classic&quot;}\">\n\t\t\t\t\t<div class=\"e-con-inner\">\n\t\t\t\t<div class=\"elementor-element elementor-element-308944a arm__product-related elementor-widget elementor-widget-shortcode\" data-id=\"308944a\" data-element_type=\"widget\" data-e-type=\"widget\" data-widget_type=\"shortcode.default\">\n\t\t\t\t<div class=\"elementor-widget-container\">\n\t\t\t\t\t\t\t<div class=\"elementor-shortcode\">\t<div class=\"product_related\">\n\t\t\t\t\t<div class=\"section-intro section-intro--left\" id=\"anchor-intro-block_\">\n\n\t\t\t\t\t<div class=\"section-intro__content\" id=\"anchor-intro-content_\">\n\t\t\t\t\t\t<div role=\"doc-subtitle\">Zachowaj sprawno\u015b\u0107 uk\u0142adu wspomagania kierownicy, stosuj\u0105c:\n<\/div>\n\t\t\t\t\t<\/div>\n\n\t\t\t\t<div class=\"section-intro__button\">\n\t\t\t\t\t\t\t\t\t<\/div>\n\t\t\t<\/div>\n\t\t\t\t<div class=\"building-block\">\n\t\t\t<div class=\"slider slider--listing\" role=\"region\" aria-roledescription=\"carousel\" aria-label=\"Featured product carousel\" data-items-0=\"1\" data-items-500=\"2\" data-items-900=\"3\" data-items-1200=\"4\" data-autoplay=\"false\">\n\t\t\t\t<div class=\"slider__controls\">\n\t\t\t\t\t\t\t\t\t\t\t\t\t\t<\/div>\n\t\t\t\t<div class=\"slider__wrapper\">\n\t\t\t\t\t<ul class=\"slider__panels\" id=\"slider-123\" class=\"carousel-items\" aria-live=\"polite\">\n\t\t\t\t\t\t \t\t\t\t\t\t\t<li class=\"slider__panel\" aria-hidden=\"false\" tabindex=\"-1\" aria-label=\"Slide 1 of 1\">\n\t\t\t\t\t\t\t\t <div class=\"grid grid-cols-4 grid-gutter-md\">\n\t\t\t\t\t\t\t\t\t\t\t\t\t\t\t\t\t\t\t<div class=\"card card--product\">\n\t\t\t\t\t\t\t\t\t\t\t<div class=\"card__image card__image--has-rollover\">\n\t\t\t\t\t\t\t\t\t\t\t\t<img decoding=\"async\" src=\"https:\/\/stpcdnimage.imgix.net\/global-media\/wp-content\/uploads\/sites\/6\/product-images\/E301988800_01.png\"  alt=\"P\u0142yn Do Uk\u0142ad\u00f3w Kierowniczych Ze Wspomaganiem Image 1\" class=\"\" width=\"250\" height=\"250\" \/>\n\t\t\t\t\t\t\t\t\t\t\t\t<div class=\"btn btn--solid rollover\">Poka\u017c Produkt<\/div>\n\t\t\t\t\t\t\t\t\t\t\t<\/div>\n\t\t\t\t\t\t\t\t\t\t\t<div class=\"card__pretitle\"><span class=\"card__category\">P\u0142yny u\u017cytkowe<\/span><\/div>\n\t\t\t\t\t\t\t\t\t\t\t\t<h3 class=\"h3\"><a href=\"https:\/\/stp.com\/pl\/product\/plyn-do-ukladow-kierowniczych-ze-wspomaganiem\/\" class=\"cover-link card__link\">P\u0142yn Do Uk\u0142ad\u00f3w Kierowniczych Ze Wspomaganiem<\/a><\/h3>\n\t\t\t\t\t\t\t\t\t\t<\/div>\n\t\t\t\t\t\t\t\t\t\t\t\t\t\t\t\t\t\t\t<div class=\"card card--product\">\n\t\t\t\t\t\t\t\t\t\t\t<div class=\"card__image card__image--has-rollover\">\n\t\t\t\t\t\t\t\t\t\t\t\t<img decoding=\"async\" src=\"https:\/\/stpcdnimage.imgix.net\/global-media\/wp-content\/uploads\/sites\/6\/product-images\/E302318600_01.png\"  alt=\"P\u0141YN DO U K\u0141AD\u00d3W KIEROWNICZYCH ZE WSPOMAGANIEM + ZABEZPIECZENIE PRZED WYCIEKAMI Image 1\" class=\"\" width=\"250\" height=\"250\" \/>\n\t\t\t\t\t\t\t\t\t\t\t\t<div class=\"btn btn--solid rollover\">Poka\u017c Produkt<\/div>\n\t\t\t\t\t\t\t\t\t\t\t<\/div>\n\t\t\t\t\t\t\t\t\t\t\t<div class=\"card__pretitle\"><span class=\"card__category\">P\u0142yny u\u017cytkowe<\/span><\/div>\n\t\t\t\t\t\t\t\t\t\t\t\t<h3 class=\"h3\"><a href=\"https:\/\/stp.com\/pl\/product\/plyn-do-u-kladow-kierowniczych-ze-wspomaganiem-zabezpieczenie-przed-wyciekami\/\" class=\"cover-link card__link\">P\u0141YN DO U K\u0141AD\u00d3W KIEROWNICZYCH ZE WSPOMAGANIEM + ZABEZPIECZENIE PRZED WYCIEKAMI<\/a><\/h3>\n\t\t\t\t\t\t\t\t\t\t<\/div>\n\t\t\t\t\t\t\t\t\t\t\t\t\t\t\t\t\t<\/div>\n\t\t\t\t\t\t\t<\/li>\n\t\t\t\t\t\t\t\t\t\t\t<\/ul>\n\t\t\t\t<\/div>\n\t\t\t\t<div class=\"slider__nav\">\n\t\t\t\t\t\t\t\t\t\t<\/div>\n\t\t\t<\/div>\n\t\t<\/div>\n\t<\/div>\n<\/div>\n\t\t\t\t\t\t<\/div>\n\t\t\t\t<\/div>\n\t\t\t\t\t<\/div>\n\t\t\t\t<\/div>\n\t\t\t\t<\/div>\n\t\t","protected":false},"excerpt":{"rendered":"<p>S\u0142yszysz dziwny pisk przy nag\u0142ych ruchach kierownic\u0105? To niew\u0105tpliwie oznaka awarii uk\u0142adu wspomagania kierownicy spowodowanej wyciekiem p\u0142ynu. P\u0142yn do uk\u0142ad\u00f3w kierowniczych ze wspomaganiem zawiera te\u017c oleje, kt\u00f3re mog\u0105 si\u0119 utlenia\u0107. Gdy tak si\u0119 stanie, ograniczona zostaje zdolno\u015b\u0107 p\u0142ynu do przep\u0142ywu i ochrony wewn\u0119trznych element\u00f3w uk\u0142adu. Zajrzyj do instrukcji u\u017cytkownika, aby sprawdzi\u0107, kiedy wymieni\u0107 p\u0142yn w [&hellip;]<\/p>\n","protected":false},"author":1,"featured_media":0,"parent":416,"menu_order":0,"comment_status":"closed","ping_status":"closed","template":"","meta":{"_acf_changed":false,"footnotes":""},"class_list":["post-5845","page","type-page","status-publish","hentry"],"acf":[],"yoast_head":"<!-- This site is optimized with the Yoast SEO plugin v27.4 - https:\/\/yoast.com\/product\/yoast-seo-wordpress\/ -->\n<title>Awaria wspomagania kierownicy - STP Poland<\/title>\n<meta name=\"robots\" content=\"index, follow, max-snippet:-1, max-image-preview:large, max-video-preview:-1\" \/>\n<link rel=\"canonical\" href=\"https:\/\/stp.com\/pl\/rozwiazywanie-problemow\/awaria-wspomagania-kierownicy\/\" \/>\n<meta property=\"og:locale\" content=\"en_US\" \/>\n<meta property=\"og:type\" content=\"article\" \/>\n<meta property=\"og:title\" content=\"Awaria wspomagania kierownicy - STP Poland\" \/>\n<meta property=\"og:description\" content=\"S\u0142yszysz dziwny pisk przy nag\u0142ych ruchach kierownic\u0105? To niew\u0105tpliwie oznaka awarii uk\u0142adu wspomagania kierownicy spowodowanej wyciekiem p\u0142ynu. P\u0142yn do uk\u0142ad\u00f3w kierowniczych ze wspomaganiem zawiera te\u017c oleje, kt\u00f3re mog\u0105 si\u0119 utlenia\u0107. Gdy tak si\u0119 stanie, ograniczona zostaje zdolno\u015b\u0107 p\u0142ynu do przep\u0142ywu i ochrony wewn\u0119trznych element\u00f3w uk\u0142adu. Zajrzyj do instrukcji u\u017cytkownika, aby sprawdzi\u0107, kiedy wymieni\u0107 p\u0142yn w [&hellip;]\" \/>\n<meta property=\"og:url\" content=\"https:\/\/stp.com\/pl\/rozwiazywanie-problemow\/awaria-wspomagania-kierownicy\/\" \/>\n<meta property=\"og:site_name\" content=\"STP Poland\" \/>\n<meta property=\"article:modified_time\" content=\"2025-06-16T10:10:56+00:00\" \/>\n<meta property=\"og:image\" content=\"https:\/\/stp.com\/pl\/wp-content\/uploads\/sites\/15\/2025\/04\/LostPowerSteeringCrop-scaled-1.avif\" \/>\n<meta name=\"twitter:card\" content=\"summary_large_image\" \/>\n<meta name=\"twitter:label1\" content=\"Est. reading time\" \/>\n\t<meta name=\"twitter:data1\" content=\"1 minute\" \/>\n<script type=\"application\/ld+json\" class=\"yoast-schema-graph\">{\"@context\":\"https:\\\/\\\/schema.org\",\"@graph\":[{\"@type\":\"WebPage\",\"@id\":\"https:\\\/\\\/stp.com\\\/pl\\\/rozwiazywanie-problemow\\\/awaria-wspomagania-kierownicy\\\/\",\"url\":\"https:\\\/\\\/stp.com\\\/pl\\\/rozwiazywanie-problemow\\\/awaria-wspomagania-kierownicy\\\/\",\"name\":\"Awaria wspomagania kierownicy - STP Poland\",\"isPartOf\":{\"@id\":\"https:\\\/\\\/stp.com\\\/pl\\\/#website\"},\"primaryImageOfPage\":{\"@id\":\"https:\\\/\\\/stp.com\\\/pl\\\/rozwiazywanie-problemow\\\/awaria-wspomagania-kierownicy\\\/#primaryimage\"},\"image\":{\"@id\":\"https:\\\/\\\/stp.com\\\/pl\\\/rozwiazywanie-problemow\\\/awaria-wspomagania-kierownicy\\\/#primaryimage\"},\"thumbnailUrl\":\"https:\\\/\\\/stp.com\\\/pl\\\/wp-content\\\/uploads\\\/sites\\\/15\\\/2025\\\/04\\\/LostPowerSteeringCrop-scaled-1.avif\",\"datePublished\":\"2025-04-04T13:42:11+00:00\",\"dateModified\":\"2025-06-16T10:10:56+00:00\",\"breadcrumb\":{\"@id\":\"https:\\\/\\\/stp.com\\\/pl\\\/rozwiazywanie-problemow\\\/awaria-wspomagania-kierownicy\\\/#breadcrumb\"},\"inLanguage\":\"en-US\",\"potentialAction\":[{\"@type\":\"ReadAction\",\"target\":[\"https:\\\/\\\/stp.com\\\/pl\\\/rozwiazywanie-problemow\\\/awaria-wspomagania-kierownicy\\\/\"]}]},{\"@type\":\"ImageObject\",\"inLanguage\":\"en-US\",\"@id\":\"https:\\\/\\\/stp.com\\\/pl\\\/rozwiazywanie-problemow\\\/awaria-wspomagania-kierownicy\\\/#primaryimage\",\"url\":\"https:\\\/\\\/stpcdnimage.imgix.net\\\/wp-content\\\/uploads\\\/sites\\\/15\\\/2025\\\/04\\\/LostPowerSteeringCrop-scaled-1.avif\",\"contentUrl\":\"https:\\\/\\\/stpcdnimage.imgix.net\\\/wp-content\\\/uploads\\\/sites\\\/15\\\/2025\\\/04\\\/LostPowerSteeringCrop-scaled-1.avif\",\"width\":2560,\"height\":1450,\"caption\":\"AWARIA WSPOMAGANIA KIEROWNICY\"},{\"@type\":\"BreadcrumbList\",\"@id\":\"https:\\\/\\\/stp.com\\\/pl\\\/rozwiazywanie-problemow\\\/awaria-wspomagania-kierownicy\\\/#breadcrumb\",\"itemListElement\":[{\"@type\":\"ListItem\",\"position\":1,\"name\":\"Home\",\"item\":\"https:\\\/\\\/stp.com\\\/pl\\\/\"},{\"@type\":\"ListItem\",\"position\":2,\"name\":\"Rozwi\u0105zywanie problem\u00f3w\",\"item\":\"https:\\\/\\\/stp.com\\\/pl\\\/rozwiazywanie-problemow\\\/\"},{\"@type\":\"ListItem\",\"position\":3,\"name\":\"Awaria wspomagania kierownicy\"}]},{\"@type\":\"WebSite\",\"@id\":\"https:\\\/\\\/stp.com\\\/pl\\\/#website\",\"url\":\"https:\\\/\\\/stp.com\\\/pl\\\/\",\"name\":\"STP Poland\",\"description\":\"Science. Technology. Performance\",\"potentialAction\":[{\"@type\":\"SearchAction\",\"target\":{\"@type\":\"EntryPoint\",\"urlTemplate\":\"https:\\\/\\\/stp.com\\\/pl\\\/?s={search_term_string}\"},\"query-input\":{\"@type\":\"PropertyValueSpecification\",\"valueRequired\":true,\"valueName\":\"search_term_string\"}}],\"inLanguage\":\"en-US\"}]}<\/script>\n<!-- \/ Yoast SEO plugin. -->","yoast_head_json":{"title":"Awaria wspomagania kierownicy - STP Poland","robots":{"index":"index","follow":"follow","max-snippet":"max-snippet:-1","max-image-preview":"max-image-preview:large","max-video-preview":"max-video-preview:-1"},"canonical":"https:\/\/stp.com\/pl\/rozwiazywanie-problemow\/awaria-wspomagania-kierownicy\/","og_locale":"en_US","og_type":"article","og_title":"Awaria wspomagania kierownicy - STP Poland","og_description":"S\u0142yszysz dziwny pisk przy nag\u0142ych ruchach kierownic\u0105? To niew\u0105tpliwie oznaka awarii uk\u0142adu wspomagania kierownicy spowodowanej wyciekiem p\u0142ynu. P\u0142yn do uk\u0142ad\u00f3w kierowniczych ze wspomaganiem zawiera te\u017c oleje, kt\u00f3re mog\u0105 si\u0119 utlenia\u0107. Gdy tak si\u0119 stanie, ograniczona zostaje zdolno\u015b\u0107 p\u0142ynu do przep\u0142ywu i ochrony wewn\u0119trznych element\u00f3w uk\u0142adu. Zajrzyj do instrukcji u\u017cytkownika, aby sprawdzi\u0107, kiedy wymieni\u0107 p\u0142yn w [&hellip;]","og_url":"https:\/\/stp.com\/pl\/rozwiazywanie-problemow\/awaria-wspomagania-kierownicy\/","og_site_name":"STP Poland","article_modified_time":"2025-06-16T10:10:56+00:00","og_image":[{"url":"https:\/\/stp.com\/pl\/wp-content\/uploads\/sites\/15\/2025\/04\/LostPowerSteeringCrop-scaled-1.avif","type":"","width":"","height":""}],"twitter_card":"summary_large_image","twitter_misc":{"Est. reading time":"1 minute"},"schema":{"@context":"https:\/\/schema.org","@graph":[{"@type":"WebPage","@id":"https:\/\/stp.com\/pl\/rozwiazywanie-problemow\/awaria-wspomagania-kierownicy\/","url":"https:\/\/stp.com\/pl\/rozwiazywanie-problemow\/awaria-wspomagania-kierownicy\/","name":"Awaria wspomagania kierownicy - STP Poland","isPartOf":{"@id":"https:\/\/stp.com\/pl\/#website"},"primaryImageOfPage":{"@id":"https:\/\/stp.com\/pl\/rozwiazywanie-problemow\/awaria-wspomagania-kierownicy\/#primaryimage"},"image":{"@id":"https:\/\/stp.com\/pl\/rozwiazywanie-problemow\/awaria-wspomagania-kierownicy\/#primaryimage"},"thumbnailUrl":"https:\/\/stp.com\/pl\/wp-content\/uploads\/sites\/15\/2025\/04\/LostPowerSteeringCrop-scaled-1.avif","datePublished":"2025-04-04T13:42:11+00:00","dateModified":"2025-06-16T10:10:56+00:00","breadcrumb":{"@id":"https:\/\/stp.com\/pl\/rozwiazywanie-problemow\/awaria-wspomagania-kierownicy\/#breadcrumb"},"inLanguage":"en-US","potentialAction":[{"@type":"ReadAction","target":["https:\/\/stp.com\/pl\/rozwiazywanie-problemow\/awaria-wspomagania-kierownicy\/"]}]},{"@type":"ImageObject","inLanguage":"en-US","@id":"https:\/\/stp.com\/pl\/rozwiazywanie-problemow\/awaria-wspomagania-kierownicy\/#primaryimage","url":"https:\/\/stpcdnimage.imgix.net\/wp-content\/uploads\/sites\/15\/2025\/04\/LostPowerSteeringCrop-scaled-1.avif","contentUrl":"https:\/\/stpcdnimage.imgix.net\/wp-content\/uploads\/sites\/15\/2025\/04\/LostPowerSteeringCrop-scaled-1.avif","width":2560,"height":1450,"caption":"AWARIA WSPOMAGANIA KIEROWNICY"},{"@type":"BreadcrumbList","@id":"https:\/\/stp.com\/pl\/rozwiazywanie-problemow\/awaria-wspomagania-kierownicy\/#breadcrumb","itemListElement":[{"@type":"ListItem","position":1,"name":"Home","item":"https:\/\/stp.com\/pl\/"},{"@type":"ListItem","position":2,"name":"Rozwi\u0105zywanie problem\u00f3w","item":"https:\/\/stp.com\/pl\/rozwiazywanie-problemow\/"},{"@type":"ListItem","position":3,"name":"Awaria wspomagania kierownicy"}]},{"@type":"WebSite","@id":"https:\/\/stp.com\/pl\/#website","url":"https:\/\/stp.com\/pl\/","name":"STP Poland","description":"Science. Technology. Performance","potentialAction":[{"@type":"SearchAction","target":{"@type":"EntryPoint","urlTemplate":"https:\/\/stp.com\/pl\/?s={search_term_string}"},"query-input":{"@type":"PropertyValueSpecification","valueRequired":true,"valueName":"search_term_string"}}],"inLanguage":"en-US"}]}},"_links":{"self":[{"href":"https:\/\/stp.com\/pl\/wp-json\/wp\/v2\/pages\/5845","targetHints":{"allow":["GET"]}}],"collection":[{"href":"https:\/\/stp.com\/pl\/wp-json\/wp\/v2\/pages"}],"about":[{"href":"https:\/\/stp.com\/pl\/wp-json\/wp\/v2\/types\/page"}],"author":[{"embeddable":true,"href":"https:\/\/stp.com\/pl\/wp-json\/wp\/v2\/users\/1"}],"replies":[{"embeddable":true,"href":"https:\/\/stp.com\/pl\/wp-json\/wp\/v2\/comments?post=5845"}],"version-history":[{"count":15,"href":"https:\/\/stp.com\/pl\/wp-json\/wp\/v2\/pages\/5845\/revisions"}],"predecessor-version":[{"id":8326,"href":"https:\/\/stp.com\/pl\/wp-json\/wp\/v2\/pages\/5845\/revisions\/8326"}],"up":[{"embeddable":true,"href":"https:\/\/stp.com\/pl\/wp-json\/wp\/v2\/pages\/416"}],"wp:attachment":[{"href":"https:\/\/stp.com\/pl\/wp-json\/wp\/v2\/media?parent=5845"}],"curies":[{"name":"wp","href":"https:\/\/api.w.org\/{rel}","templated":true}]}}