{"id":5782,"date":"2025-04-04T18:41:10","date_gmt":"2025-04-04T13:11:10","guid":{"rendered":"https:\/\/c38a2c2a6e.nxcli.io\/pl\/?page_id=5782"},"modified":"2025-06-16T15:46:46","modified_gmt":"2025-06-16T10:16:46","slug":"spadek-mocy-i-osiagow","status":"publish","type":"page","link":"https:\/\/stp.com\/pl\/rozwiazywanie-problemow\/spadek-mocy-i-osiagow\/","title":{"rendered":"Spadek mocy i osi\u0105g\u00f3w"},"content":{"rendered":"\t\t<div data-elementor-type=\"wp-page\" data-elementor-id=\"5782\" class=\"elementor elementor-5782\" data-elementor-post-type=\"page\">\n\t\t\t\t<div class=\"elementor-element elementor-element-587e2ac e-flex e-con-boxed e-con e-parent\" data-id=\"587e2ac\" data-element_type=\"container\" data-e-type=\"container\" data-settings=\"{&quot;background_background&quot;:&quot;classic&quot;}\">\n\t\t\t\t\t<div class=\"e-con-inner\">\n\t\t\t\t<div class=\"elementor-element elementor-element-2d4470c breadcrumb elementor-widget elementor-widget-breadcrumbs\" data-id=\"2d4470c\" data-element_type=\"widget\" data-e-type=\"widget\" data-widget_type=\"breadcrumbs.default\">\n\t\t\t\t<div class=\"elementor-widget-container\">\n\t\t\t\t\t<p id=\"breadcrumbs\"><span><span><a href=\"https:\/\/stp.com\/pl\/\">Home<\/a><\/span><\/span><\/p>\t\t\t\t<\/div>\n\t\t\t\t<\/div>\n\t\t<div class=\"elementor-element elementor-element-6d15aa3 e-con-full e-flex e-con e-child\" data-id=\"6d15aa3\" data-element_type=\"container\" data-e-type=\"container\">\n\t\t<div class=\"elementor-element elementor-element-3551f2e e-con-full product__head e-flex e-con e-child\" data-id=\"3551f2e\" data-element_type=\"container\" data-e-type=\"container\">\n\t\t\t\t<\/div>\n\t\t\t\t<\/div>\n\t\t\t\t\t<\/div>\n\t\t\t\t<\/div>\n\t\t<div class=\"elementor-element elementor-element-ab0a69c top-red-border e-flex e-con-boxed e-con e-parent\" data-id=\"ab0a69c\" data-element_type=\"container\" data-e-type=\"container\" data-settings=\"{&quot;background_background&quot;:&quot;classic&quot;}\">\n\t\t\t\t\t<div class=\"e-con-inner\">\n\t\t<div class=\"elementor-element elementor-element-5206de0 e-con-full e-flex e-con e-child\" data-id=\"5206de0\" data-element_type=\"container\" data-e-type=\"container\">\n\t\t\t\t<div class=\"elementor-element elementor-element-e258623 elementor-position-right elementor-vertical-align-middle image-text-section elementor-widget elementor-widget-image-box\" data-id=\"e258623\" data-element_type=\"widget\" data-e-type=\"widget\" data-widget_type=\"image-box.default\">\n\t\t\t\t<div class=\"elementor-widget-container\">\n\t\t\t\t\t<div class=\"elementor-image-box-wrapper\"><figure class=\"elementor-image-box-img\"><img fetchpriority=\"high\" decoding=\"async\" width=\"2560\" height=\"1450\" src=\"https:\/\/stpcdnimage.imgix.net\/wp-content\/uploads\/sites\/15\/2025\/04\/Lost-Performance-scaled-1.avif\" class=\"attachment-full size-full wp-image-5841\" alt=\"SPADEK MOCY I OSIAG\u00d3W\" \/><\/figure><div class=\"elementor-image-box-content\"><p class=\"elementor-image-box-description\">Czy Tw\u00f3j samoch\u00f3d straci\u0142 moc i dynamik\u0119? A mo\u017ce masz problem z rozruchem lub gasn\u0105cym silnikiem? Samoch\u00f3d odm\u00f3wi\u0142 Ci pos\u0142usze\u0144stwa? Jedn\u0105 z najcz\u0119stszych przyczyn takiej sytuacji s\u0105 osady, kt\u00f3re gromadz\u0105 si\u0119 w uk\u0142adzie paliwowym i ograniczaj\u0105 przep\u0142yw paliwa. Wi\u0119kszo\u015b\u0107 stosowanych dzi\u015b paliw sk\u0142ada si\u0119 w oko\u0142o 10% z etanolu, a paliwa z zawarto\u015bci\u0105 etanolu mog\u0105 powodowa\u0107 gromadzenie si\u0119 osad\u00f3w blokuj\u0105cych uk\u0142ad paliwowy.\n\n<\/p><\/div><\/div>\t\t\t\t<\/div>\n\t\t\t\t<\/div>\n\t\t\t\t<\/div>\n\t\t\t\t\t<\/div>\n\t\t\t\t<\/div>\n\t\t<div class=\"elementor-element elementor-element-5ddb710 prod-related-container e-flex e-con-boxed e-con e-child\" data-id=\"5ddb710\" data-element_type=\"container\" data-e-type=\"container\" data-settings=\"{&quot;background_background&quot;:&quot;classic&quot;}\">\n\t\t\t\t\t<div class=\"e-con-inner\">\n\t\t\t\t<div class=\"elementor-element elementor-element-f1b2e92 arm__product-related elementor-widget elementor-widget-shortcode\" data-id=\"f1b2e92\" data-element_type=\"widget\" data-e-type=\"widget\" data-widget_type=\"shortcode.default\">\n\t\t\t\t<div class=\"elementor-widget-container\">\n\t\t\t\t\t\t\t<div class=\"elementor-shortcode\">\t<div class=\"product_related\">\n\t\t\t\t\t<div class=\"section-intro section-intro--left\" id=\"anchor-intro-block_\">\n\n\t\t\t\t\t<div class=\"section-intro__content\" id=\"anchor-intro-content_\">\n\t\t\t\t\t\t<div role=\"doc-subtitle\">IZadbaj o sw\u00f3j samoch\u00f3d, stosuj\u0105c:\n<\/div>\n\t\t\t\t\t<\/div>\n\n\t\t\t\t<div class=\"section-intro__button\">\n\t\t\t\t\t\t\t\t\t<\/div>\n\t\t\t<\/div>\n\t\t\t\t<div class=\"building-block\">\n\t\t\t<div class=\"slider slider--listing\" role=\"region\" aria-roledescription=\"carousel\" aria-label=\"Featured product carousel\" data-items-0=\"1\" data-items-500=\"2\" data-items-900=\"3\" data-items-1200=\"4\" data-autoplay=\"false\">\n\t\t\t\t<div class=\"slider__controls\">\n\t\t\t\t\t\t\t\t\t\t\t\t\t\t<\/div>\n\t\t\t\t<div class=\"slider__wrapper\">\n\t\t\t\t\t<ul class=\"slider__panels\" id=\"slider-123\" class=\"carousel-items\" aria-live=\"polite\">\n\t\t\t\t\t\t \t\t\t\t\t\t\t<li class=\"slider__panel\" aria-hidden=\"false\" tabindex=\"-1\" aria-label=\"Slide 1 of 1\">\n\t\t\t\t\t\t\t\t <div class=\"grid grid-cols-4 grid-gutter-md\">\n\t\t\t\t\t\t\t\t\t\t\t\t\t\t\t\t\t\t\t<div class=\"card card--product\">\n\t\t\t\t\t\t\t\t\t\t\t<div class=\"card__image card__image--has-rollover\">\n\t\t\t\t\t\t\t\t\t\t\t\t<img decoding=\"async\" src=\"https:\/\/stpcdnimage.imgix.net\/global-media\/wp-content\/uploads\/sites\/6\/product-images\/E302015700_01.png\"  alt=\"Ultra \u015arodek oczyszczaj\u0105cy do silnik\u00f3w benzynowych Image 1\" class=\"\" width=\"250\" height=\"250\" \/>\n\t\t\t\t\t\t\t\t\t\t\t\t<div class=\"btn btn--solid rollover\">Poka\u017c produkt<\/div>\n\t\t\t\t\t\t\t\t\t\t\t<\/div>\n\t\t\t\t\t\t\t\t\t\t\t<div class=\"card__pretitle\"><span class=\"card__category\">Dodatki do paliwa<\/span><\/div>\n\t\t\t\t\t\t\t\t\t\t\t\t<h3 class=\"h3\"><a href=\"https:\/\/stp.com\/pl\/product\/ultra-srodek-oczyszczajacy-do-silnikow-benzynowych\/\" class=\"cover-link card__link\">Ultra \u015arodek oczyszczaj\u0105cy do silnik\u00f3w benzynowych<\/a><\/h3>\n\t\t\t\t\t\t\t\t\t\t<\/div>\n\t\t\t\t\t\t\t\t\t\t\t\t\t\t\t\t\t\t\t<div class=\"card card--product\">\n\t\t\t\t\t\t\t\t\t\t\t<div class=\"card__image card__image--has-rollover\">\n\t\t\t\t\t\t\t\t\t\t\t\t<img decoding=\"async\" src=\"https:\/\/stpcdnimage.imgix.net\/global-media\/wp-content\/uploads\/sites\/6\/product-images\/E302016600_01.png\"  alt=\"Ultra \u015arodek oczyszczaj\u0105cy do silnik\u00f3w wysokopr\u0119\u017cnych Image 1\" class=\"\" width=\"250\" height=\"250\" \/>\n\t\t\t\t\t\t\t\t\t\t\t\t<div class=\"btn btn--solid rollover\">Poka\u017c produkt<\/div>\n\t\t\t\t\t\t\t\t\t\t\t<\/div>\n\t\t\t\t\t\t\t\t\t\t\t<div class=\"card__pretitle\"><span class=\"card__category\">Dodatki do paliwa<\/span><\/div>\n\t\t\t\t\t\t\t\t\t\t\t\t<h3 class=\"h3\"><a href=\"https:\/\/stp.com\/pl\/product\/ultra-srodek-oczyszczajacy-do-silnikow-wysokopreznych\/\" class=\"cover-link card__link\">Ultra \u015arodek oczyszczaj\u0105cy do silnik\u00f3w wysokopr\u0119\u017cnych<\/a><\/h3>\n\t\t\t\t\t\t\t\t\t\t<\/div>\n\t\t\t\t\t\t\t\t\t\t\t\t\t\t\t\t\t\t\t<div class=\"card card--product\">\n\t\t\t\t\t\t\t\t\t\t\t<div class=\"card__image card__image--has-rollover\">\n\t\t\t\t\t\t\t\t\t\t\t\t<img loading=\"lazy\" decoding=\"async\" src=\"https:\/\/stpcdnimage.imgix.net\/global-media\/wp-content\/uploads\/sites\/6\/product-images\/E301993801_01.avif\"  alt=\"Kompleksowy Preparat Do Czyszczenia Uk\u0142adu Paliwowego &#8211; Silniki benzynowe Image 1\" class=\"\" width=\"250\" height=\"250\" \/>\n\t\t\t\t\t\t\t\t\t\t\t\t<div class=\"btn btn--solid rollover\">Poka\u017c produkt<\/div>\n\t\t\t\t\t\t\t\t\t\t\t<\/div>\n\t\t\t\t\t\t\t\t\t\t\t<div class=\"card__pretitle\"><span class=\"card__category\">Dodatki do paliwa<\/span><\/div>\n\t\t\t\t\t\t\t\t\t\t\t\t<h3 class=\"h3\"><a href=\"https:\/\/stp.com\/pl\/product\/kompleksowy-preparat-do-czyszczenia-ukladu-paliwowego-silniki-benzynowe\/\" class=\"cover-link card__link\">Kompleksowy Preparat Do Czyszczenia Uk\u0142adu Paliwowego &#8211; Silniki benzynowe<\/a><\/h3>\n\t\t\t\t\t\t\t\t\t\t<\/div>\n\t\t\t\t\t\t\t\t\t\t\t\t\t\t\t\t\t\t\t<div class=\"card card--product\">\n\t\t\t\t\t\t\t\t\t\t\t<div class=\"card__image card__image--has-rollover\">\n\t\t\t\t\t\t\t\t\t\t\t\t<img loading=\"lazy\" decoding=\"async\" src=\"https:\/\/stpcdnimage.imgix.net\/global-media\/wp-content\/uploads\/sites\/6\/product-images\/E302008400_01.png\"  alt=\"Kompleksowy Preparat Do Czyszczenia Uk\u0142adu Paliwowego \u2013 Silniki Wysokopr\u0119\u017cne Image 1\" class=\"\" width=\"250\" height=\"250\" \/>\n\t\t\t\t\t\t\t\t\t\t\t\t<div class=\"btn btn--solid rollover\">Poka\u017c produkt<\/div>\n\t\t\t\t\t\t\t\t\t\t\t<\/div>\n\t\t\t\t\t\t\t\t\t\t\t<div class=\"card__pretitle\"><span class=\"card__category\">Dodatki do paliwa<\/span><\/div>\n\t\t\t\t\t\t\t\t\t\t\t\t<h3 class=\"h3\"><a href=\"https:\/\/stp.com\/pl\/product\/kompleksowy-preparat-do-czyszczenia-ukladu-paliwowego-silniki-wysokoprezne\/\" class=\"cover-link card__link\">Kompleksowy Preparat Do Czyszczenia Uk\u0142adu Paliwowego \u2013 Silniki Wysokopr\u0119\u017cne<\/a><\/h3>\n\t\t\t\t\t\t\t\t\t\t<\/div>\n\t\t\t\t\t\t\t\t\t\t\t\t\t\t\t\t\t<\/div>\n\t\t\t\t\t\t\t<\/li>\n\t\t\t\t\t\t\t\t\t\t\t<\/ul>\n\t\t\t\t<\/div>\n\t\t\t\t<div class=\"slider__nav\">\n\t\t\t\t\t\t\t\t\t\t<\/div>\n\t\t\t<\/div>\n\t\t<\/div>\n\t<\/div>\n<\/div>\n\t\t\t\t\t\t<\/div>\n\t\t\t\t<\/div>\n\t\t\t\t\t<\/div>\n\t\t\t\t<\/div>\n\t\t\t\t<\/div>\n\t\t","protected":false},"excerpt":{"rendered":"<p>Czy Tw\u00f3j samoch\u00f3d straci\u0142 moc i dynamik\u0119? A mo\u017ce masz problem z rozruchem lub gasn\u0105cym silnikiem? Samoch\u00f3d odm\u00f3wi\u0142 Ci pos\u0142usze\u0144stwa? Jedn\u0105 z najcz\u0119stszych przyczyn takiej sytuacji s\u0105 osady, kt\u00f3re gromadz\u0105 si\u0119 w uk\u0142adzie paliwowym i ograniczaj\u0105 przep\u0142yw paliwa. Wi\u0119kszo\u015b\u0107 stosowanych dzi\u015b paliw sk\u0142ada si\u0119 w oko\u0142o 10% z etanolu, a paliwa z zawarto\u015bci\u0105 etanolu mog\u0105 [&hellip;]<\/p>\n","protected":false},"author":1,"featured_media":0,"parent":416,"menu_order":0,"comment_status":"closed","ping_status":"closed","template":"","meta":{"_acf_changed":false,"footnotes":""},"class_list":["post-5782","page","type-page","status-publish","hentry"],"acf":[],"yoast_head":"<!-- This site is optimized with the Yoast SEO plugin v27.4 - https:\/\/yoast.com\/product\/yoast-seo-wordpress\/ -->\n<title>Spadek mocy i osi\u0105g\u00f3w - STP Poland<\/title>\n<meta name=\"robots\" content=\"index, follow, max-snippet:-1, max-image-preview:large, max-video-preview:-1\" \/>\n<link rel=\"canonical\" href=\"https:\/\/stp.com\/pl\/rozwiazywanie-problemow\/spadek-mocy-i-osiagow\/\" \/>\n<meta property=\"og:locale\" content=\"en_US\" \/>\n<meta property=\"og:type\" content=\"article\" \/>\n<meta property=\"og:title\" content=\"Spadek mocy i osi\u0105g\u00f3w - STP Poland\" \/>\n<meta property=\"og:description\" content=\"Czy Tw\u00f3j samoch\u00f3d straci\u0142 moc i dynamik\u0119? A mo\u017ce masz problem z rozruchem lub gasn\u0105cym silnikiem? Samoch\u00f3d odm\u00f3wi\u0142 Ci pos\u0142usze\u0144stwa? Jedn\u0105 z najcz\u0119stszych przyczyn takiej sytuacji s\u0105 osady, kt\u00f3re gromadz\u0105 si\u0119 w uk\u0142adzie paliwowym i ograniczaj\u0105 przep\u0142yw paliwa. Wi\u0119kszo\u015b\u0107 stosowanych dzi\u015b paliw sk\u0142ada si\u0119 w oko\u0142o 10% z etanolu, a paliwa z zawarto\u015bci\u0105 etanolu mog\u0105 [&hellip;]\" \/>\n<meta property=\"og:url\" content=\"https:\/\/stp.com\/pl\/rozwiazywanie-problemow\/spadek-mocy-i-osiagow\/\" \/>\n<meta property=\"og:site_name\" content=\"STP Poland\" \/>\n<meta property=\"article:modified_time\" content=\"2025-06-16T10:16:46+00:00\" \/>\n<meta property=\"og:image\" content=\"https:\/\/stp.com\/pl\/wp-content\/uploads\/sites\/15\/2025\/04\/Lost-Performance-scaled-1.avif\" \/>\n<meta name=\"twitter:card\" content=\"summary_large_image\" \/>\n<meta name=\"twitter:label1\" content=\"Est. reading time\" \/>\n\t<meta name=\"twitter:data1\" content=\"1 minute\" \/>\n<script type=\"application\/ld+json\" class=\"yoast-schema-graph\">{\"@context\":\"https:\\\/\\\/schema.org\",\"@graph\":[{\"@type\":\"WebPage\",\"@id\":\"https:\\\/\\\/stp.com\\\/pl\\\/rozwiazywanie-problemow\\\/spadek-mocy-i-osiagow\\\/\",\"url\":\"https:\\\/\\\/stp.com\\\/pl\\\/rozwiazywanie-problemow\\\/spadek-mocy-i-osiagow\\\/\",\"name\":\"Spadek mocy i osi\u0105g\u00f3w - STP Poland\",\"isPartOf\":{\"@id\":\"https:\\\/\\\/stp.com\\\/pl\\\/#website\"},\"primaryImageOfPage\":{\"@id\":\"https:\\\/\\\/stp.com\\\/pl\\\/rozwiazywanie-problemow\\\/spadek-mocy-i-osiagow\\\/#primaryimage\"},\"image\":{\"@id\":\"https:\\\/\\\/stp.com\\\/pl\\\/rozwiazywanie-problemow\\\/spadek-mocy-i-osiagow\\\/#primaryimage\"},\"thumbnailUrl\":\"https:\\\/\\\/stp.com\\\/pl\\\/wp-content\\\/uploads\\\/sites\\\/15\\\/2025\\\/04\\\/Lost-Performance-scaled-1.avif\",\"datePublished\":\"2025-04-04T13:11:10+00:00\",\"dateModified\":\"2025-06-16T10:16:46+00:00\",\"breadcrumb\":{\"@id\":\"https:\\\/\\\/stp.com\\\/pl\\\/rozwiazywanie-problemow\\\/spadek-mocy-i-osiagow\\\/#breadcrumb\"},\"inLanguage\":\"en-US\",\"potentialAction\":[{\"@type\":\"ReadAction\",\"target\":[\"https:\\\/\\\/stp.com\\\/pl\\\/rozwiazywanie-problemow\\\/spadek-mocy-i-osiagow\\\/\"]}]},{\"@type\":\"ImageObject\",\"inLanguage\":\"en-US\",\"@id\":\"https:\\\/\\\/stp.com\\\/pl\\\/rozwiazywanie-problemow\\\/spadek-mocy-i-osiagow\\\/#primaryimage\",\"url\":\"https:\\\/\\\/stpcdnimage.imgix.net\\\/wp-content\\\/uploads\\\/sites\\\/15\\\/2025\\\/04\\\/Lost-Performance-scaled-1.avif\",\"contentUrl\":\"https:\\\/\\\/stpcdnimage.imgix.net\\\/wp-content\\\/uploads\\\/sites\\\/15\\\/2025\\\/04\\\/Lost-Performance-scaled-1.avif\",\"width\":2560,\"height\":1450,\"caption\":\"SPADEK MOCY I OSIAG\u00d3W\"},{\"@type\":\"BreadcrumbList\",\"@id\":\"https:\\\/\\\/stp.com\\\/pl\\\/rozwiazywanie-problemow\\\/spadek-mocy-i-osiagow\\\/#breadcrumb\",\"itemListElement\":[{\"@type\":\"ListItem\",\"position\":1,\"name\":\"Home\",\"item\":\"https:\\\/\\\/stp.com\\\/pl\\\/\"},{\"@type\":\"ListItem\",\"position\":2,\"name\":\"Rozwi\u0105zywanie problem\u00f3w\",\"item\":\"https:\\\/\\\/stp.com\\\/pl\\\/rozwiazywanie-problemow\\\/\"},{\"@type\":\"ListItem\",\"position\":3,\"name\":\"Spadek mocy i osi\u0105g\u00f3w\"}]},{\"@type\":\"WebSite\",\"@id\":\"https:\\\/\\\/stp.com\\\/pl\\\/#website\",\"url\":\"https:\\\/\\\/stp.com\\\/pl\\\/\",\"name\":\"STP Poland\",\"description\":\"Science. Technology. Performance\",\"potentialAction\":[{\"@type\":\"SearchAction\",\"target\":{\"@type\":\"EntryPoint\",\"urlTemplate\":\"https:\\\/\\\/stp.com\\\/pl\\\/?s={search_term_string}\"},\"query-input\":{\"@type\":\"PropertyValueSpecification\",\"valueRequired\":true,\"valueName\":\"search_term_string\"}}],\"inLanguage\":\"en-US\"}]}<\/script>\n<!-- \/ Yoast SEO plugin. -->","yoast_head_json":{"title":"Spadek mocy i osi\u0105g\u00f3w - STP Poland","robots":{"index":"index","follow":"follow","max-snippet":"max-snippet:-1","max-image-preview":"max-image-preview:large","max-video-preview":"max-video-preview:-1"},"canonical":"https:\/\/stp.com\/pl\/rozwiazywanie-problemow\/spadek-mocy-i-osiagow\/","og_locale":"en_US","og_type":"article","og_title":"Spadek mocy i osi\u0105g\u00f3w - STP Poland","og_description":"Czy Tw\u00f3j samoch\u00f3d straci\u0142 moc i dynamik\u0119? A mo\u017ce masz problem z rozruchem lub gasn\u0105cym silnikiem? Samoch\u00f3d odm\u00f3wi\u0142 Ci pos\u0142usze\u0144stwa? Jedn\u0105 z najcz\u0119stszych przyczyn takiej sytuacji s\u0105 osady, kt\u00f3re gromadz\u0105 si\u0119 w uk\u0142adzie paliwowym i ograniczaj\u0105 przep\u0142yw paliwa. Wi\u0119kszo\u015b\u0107 stosowanych dzi\u015b paliw sk\u0142ada si\u0119 w oko\u0142o 10% z etanolu, a paliwa z zawarto\u015bci\u0105 etanolu mog\u0105 [&hellip;]","og_url":"https:\/\/stp.com\/pl\/rozwiazywanie-problemow\/spadek-mocy-i-osiagow\/","og_site_name":"STP Poland","article_modified_time":"2025-06-16T10:16:46+00:00","og_image":[{"url":"https:\/\/stp.com\/pl\/wp-content\/uploads\/sites\/15\/2025\/04\/Lost-Performance-scaled-1.avif","type":"","width":"","height":""}],"twitter_card":"summary_large_image","twitter_misc":{"Est. reading time":"1 minute"},"schema":{"@context":"https:\/\/schema.org","@graph":[{"@type":"WebPage","@id":"https:\/\/stp.com\/pl\/rozwiazywanie-problemow\/spadek-mocy-i-osiagow\/","url":"https:\/\/stp.com\/pl\/rozwiazywanie-problemow\/spadek-mocy-i-osiagow\/","name":"Spadek mocy i osi\u0105g\u00f3w - STP Poland","isPartOf":{"@id":"https:\/\/stp.com\/pl\/#website"},"primaryImageOfPage":{"@id":"https:\/\/stp.com\/pl\/rozwiazywanie-problemow\/spadek-mocy-i-osiagow\/#primaryimage"},"image":{"@id":"https:\/\/stp.com\/pl\/rozwiazywanie-problemow\/spadek-mocy-i-osiagow\/#primaryimage"},"thumbnailUrl":"https:\/\/stp.com\/pl\/wp-content\/uploads\/sites\/15\/2025\/04\/Lost-Performance-scaled-1.avif","datePublished":"2025-04-04T13:11:10+00:00","dateModified":"2025-06-16T10:16:46+00:00","breadcrumb":{"@id":"https:\/\/stp.com\/pl\/rozwiazywanie-problemow\/spadek-mocy-i-osiagow\/#breadcrumb"},"inLanguage":"en-US","potentialAction":[{"@type":"ReadAction","target":["https:\/\/stp.com\/pl\/rozwiazywanie-problemow\/spadek-mocy-i-osiagow\/"]}]},{"@type":"ImageObject","inLanguage":"en-US","@id":"https:\/\/stp.com\/pl\/rozwiazywanie-problemow\/spadek-mocy-i-osiagow\/#primaryimage","url":"https:\/\/stpcdnimage.imgix.net\/wp-content\/uploads\/sites\/15\/2025\/04\/Lost-Performance-scaled-1.avif","contentUrl":"https:\/\/stpcdnimage.imgix.net\/wp-content\/uploads\/sites\/15\/2025\/04\/Lost-Performance-scaled-1.avif","width":2560,"height":1450,"caption":"SPADEK MOCY I OSIAG\u00d3W"},{"@type":"BreadcrumbList","@id":"https:\/\/stp.com\/pl\/rozwiazywanie-problemow\/spadek-mocy-i-osiagow\/#breadcrumb","itemListElement":[{"@type":"ListItem","position":1,"name":"Home","item":"https:\/\/stp.com\/pl\/"},{"@type":"ListItem","position":2,"name":"Rozwi\u0105zywanie problem\u00f3w","item":"https:\/\/stp.com\/pl\/rozwiazywanie-problemow\/"},{"@type":"ListItem","position":3,"name":"Spadek mocy i osi\u0105g\u00f3w"}]},{"@type":"WebSite","@id":"https:\/\/stp.com\/pl\/#website","url":"https:\/\/stp.com\/pl\/","name":"STP Poland","description":"Science. Technology. Performance","potentialAction":[{"@type":"SearchAction","target":{"@type":"EntryPoint","urlTemplate":"https:\/\/stp.com\/pl\/?s={search_term_string}"},"query-input":{"@type":"PropertyValueSpecification","valueRequired":true,"valueName":"search_term_string"}}],"inLanguage":"en-US"}]}},"_links":{"self":[{"href":"https:\/\/stp.com\/pl\/wp-json\/wp\/v2\/pages\/5782","targetHints":{"allow":["GET"]}}],"collection":[{"href":"https:\/\/stp.com\/pl\/wp-json\/wp\/v2\/pages"}],"about":[{"href":"https:\/\/stp.com\/pl\/wp-json\/wp\/v2\/types\/page"}],"author":[{"embeddable":true,"href":"https:\/\/stp.com\/pl\/wp-json\/wp\/v2\/users\/1"}],"replies":[{"embeddable":true,"href":"https:\/\/stp.com\/pl\/wp-json\/wp\/v2\/comments?post=5782"}],"version-history":[{"count":18,"href":"https:\/\/stp.com\/pl\/wp-json\/wp\/v2\/pages\/5782\/revisions"}],"predecessor-version":[{"id":8338,"href":"https:\/\/stp.com\/pl\/wp-json\/wp\/v2\/pages\/5782\/revisions\/8338"}],"up":[{"embeddable":true,"href":"https:\/\/stp.com\/pl\/wp-json\/wp\/v2\/pages\/416"}],"wp:attachment":[{"href":"https:\/\/stp.com\/pl\/wp-json\/wp\/v2\/media?parent=5782"}],"curies":[{"name":"wp","href":"https:\/\/api.w.org\/{rel}","templated":true}]}}