{"id":5723,"date":"2025-04-04T18:16:17","date_gmt":"2025-04-04T12:46:17","guid":{"rendered":"https:\/\/c38a2c2a6e.nxcli.io\/pl\/?page_id=5723"},"modified":"2025-06-16T17:11:13","modified_gmt":"2025-06-16T11:41:13","slug":"zwiekszone-zuzycie-paliwa","status":"publish","type":"page","link":"https:\/\/stp.com\/pl\/rozwiazywanie-problemow\/zwiekszone-zuzycie-paliwa\/","title":{"rendered":"Zwi\u0119kszone zu\u017cycie paliwa"},"content":{"rendered":"\t\t<div data-elementor-type=\"wp-page\" data-elementor-id=\"5723\" class=\"elementor elementor-5723\" data-elementor-post-type=\"page\">\n\t\t\t\t<div class=\"elementor-element elementor-element-28253c3 e-flex e-con-boxed e-con e-parent\" data-id=\"28253c3\" data-element_type=\"container\" data-e-type=\"container\" data-settings=\"{&quot;background_background&quot;:&quot;classic&quot;}\">\n\t\t\t\t\t<div class=\"e-con-inner\">\n\t\t\t\t<div class=\"elementor-element elementor-element-5be1243 breadcrumb elementor-widget elementor-widget-breadcrumbs\" data-id=\"5be1243\" data-element_type=\"widget\" data-e-type=\"widget\" data-widget_type=\"breadcrumbs.default\">\n\t\t\t\t<div class=\"elementor-widget-container\">\n\t\t\t\t\t<p id=\"breadcrumbs\"><span><span><a href=\"https:\/\/stp.com\/pl\/\">Home<\/a><\/span><\/span><\/p>\t\t\t\t<\/div>\n\t\t\t\t<\/div>\n\t\t<div class=\"elementor-element elementor-element-5603004 e-con-full e-flex e-con e-child\" data-id=\"5603004\" data-element_type=\"container\" data-e-type=\"container\">\n\t\t<div class=\"elementor-element elementor-element-8d4e670 e-con-full product__head e-flex e-con e-child\" data-id=\"8d4e670\" data-element_type=\"container\" data-e-type=\"container\">\n\t\t\t\t<\/div>\n\t\t\t\t<\/div>\n\t\t\t\t\t<\/div>\n\t\t\t\t<\/div>\n\t\t<div class=\"elementor-element elementor-element-9625b2d top-red-border e-flex e-con-boxed e-con e-parent\" data-id=\"9625b2d\" data-element_type=\"container\" data-e-type=\"container\" data-settings=\"{&quot;background_background&quot;:&quot;classic&quot;}\">\n\t\t\t\t\t<div class=\"e-con-inner\">\n\t\t<div class=\"elementor-element elementor-element-47c4e22 e-con-full e-flex e-con e-child\" data-id=\"47c4e22\" data-element_type=\"container\" data-e-type=\"container\">\n\t\t\t\t<div class=\"elementor-element elementor-element-222d99d elementor-position-right elementor-vertical-align-middle image-text-section elementor-widget elementor-widget-image-box\" data-id=\"222d99d\" data-element_type=\"widget\" data-e-type=\"widget\" data-widget_type=\"image-box.default\">\n\t\t\t\t<div class=\"elementor-widget-container\">\n\t\t\t\t\t<div class=\"elementor-image-box-wrapper\"><figure class=\"elementor-image-box-img\"><img fetchpriority=\"high\" decoding=\"async\" width=\"1920\" height=\"1080\" src=\"https:\/\/stpcdnimage.imgix.net\/wp-content\/uploads\/sites\/15\/2025\/05\/Lost-Performance-Photo-11-resized.avif\" class=\"attachment-full size-full wp-image-7678\" alt=\"ZWIEKSZONE ZUZYCIE PALIWA\" \/><\/figure><div class=\"elementor-image-box-content\"><p class=\"elementor-image-box-description\">Zastanawiasz si\u0119, dlaczego Tw\u00f3j samoch\u00f3d na pe\u0142nym baku przeje\u017cd\u017ca mniej kilometr\u00f3w ni\u017c kiedy\u015b? W uk\u0142adzie dolotowym paliwa mog\u0105 znajdowa\u0107 si\u0119 osady. Powoduj\u0105 one, \u017ce silnik musi \u201eci\u0119\u017cej pracowa\u0107\u201d, aby pobra\u0107 paliwo, czego skutkiem s\u0105 gorsze osi\u0105gi i wi\u0119ksze spalanie. Obni\u017c zu\u017cycie paliwa dzi\u0119ki naszym produktom wymienionym poni\u017cej, takim jak formu\u0142y i \u015brodki do czyszczenia.\n\n<\/p><\/div><\/div>\t\t\t\t<\/div>\n\t\t\t\t<\/div>\n\t\t\t\t<\/div>\n\t\t\t\t\t<\/div>\n\t\t\t\t<\/div>\n\t\t<div class=\"elementor-element elementor-element-5957ba8 prod-related-container e-flex e-con-boxed e-con e-child\" data-id=\"5957ba8\" data-element_type=\"container\" data-e-type=\"container\" data-settings=\"{&quot;background_background&quot;:&quot;classic&quot;}\">\n\t\t\t\t\t<div class=\"e-con-inner\">\n\t\t\t\t<div class=\"elementor-element elementor-element-b010249 arm__product-related elementor-widget elementor-widget-shortcode\" data-id=\"b010249\" data-element_type=\"widget\" data-e-type=\"widget\" data-widget_type=\"shortcode.default\">\n\t\t\t\t<div class=\"elementor-widget-container\">\n\t\t\t\t\t\t\t<div class=\"elementor-shortcode\">\t<div class=\"product_related\">\n\t\t\t\t\t<div class=\"section-intro section-intro--left\" id=\"anchor-intro-block_\">\n\n\t\t\t\t\t<div class=\"section-intro__content\" id=\"anchor-intro-content_\">\n\t\t\t\t\t\t<div role=\"doc-subtitle\"> Popraw jako\u015b\u0107 paliwa, stosuj\u0105c:<\/div>\n\t\t\t\t\t<\/div>\n\n\t\t\t\t<div class=\"section-intro__button\">\n\t\t\t\t\t\t\t\t\t<\/div>\n\t\t\t<\/div>\n\t\t\t\t<div class=\"building-block\">\n\t\t\t<div class=\"slider slider--listing\" role=\"region\" aria-roledescription=\"carousel\" aria-label=\"Featured product carousel\" data-items-0=\"1\" data-items-500=\"2\" data-items-900=\"3\" data-items-1200=\"4\" data-autoplay=\"false\">\n\t\t\t\t<div class=\"slider__controls\">\n\t\t\t\t\t\t\t\t\t\t\t\t\t\t<\/div>\n\t\t\t\t<div class=\"slider__wrapper\">\n\t\t\t\t\t<ul class=\"slider__panels\" id=\"slider-123\" class=\"carousel-items\" aria-live=\"polite\">\n\t\t\t\t\t\t \t\t\t\t\t\t\t<li class=\"slider__panel\" aria-hidden=\"false\" tabindex=\"-1\" aria-label=\"Slide 1 of 1\">\n\t\t\t\t\t\t\t\t <div class=\"grid grid-cols-4 grid-gutter-md\">\n\t\t\t\t\t\t\t\t\t\t\t\t\t\t\t\t\t\t\t<div class=\"card card--product\">\n\t\t\t\t\t\t\t\t\t\t\t<div class=\"card__image card__image--has-rollover\">\n\t\t\t\t\t\t\t\t\t\t\t\t<img decoding=\"async\" src=\"https:\/\/stpcdnimage.imgix.net\/global-media\/wp-content\/uploads\/sites\/6\/product-images\/E301993801_01.avif\"  alt=\"Kompleksowy Preparat Do Czyszczenia Uk\u0142adu Paliwowego &#8211; Silniki benzynowe Image 1\" class=\"\" width=\"250\" height=\"250\" \/>\n\t\t\t\t\t\t\t\t\t\t\t\t<div class=\"btn btn--solid rollover\">Poka\u017c produkt<\/div>\n\t\t\t\t\t\t\t\t\t\t\t<\/div>\n\t\t\t\t\t\t\t\t\t\t\t<div class=\"card__pretitle\"><span class=\"card__category\">Dodatki do paliwa<\/span><\/div>\n\t\t\t\t\t\t\t\t\t\t\t\t<h3 class=\"h3\"><a href=\"https:\/\/stp.com\/pl\/product\/kompleksowy-preparat-do-czyszczenia-ukladu-paliwowego-silniki-benzynowe\/\" class=\"cover-link card__link\">Kompleksowy Preparat Do Czyszczenia Uk\u0142adu Paliwowego &#8211; Silniki benzynowe<\/a><\/h3>\n\t\t\t\t\t\t\t\t\t\t<\/div>\n\t\t\t\t\t\t\t\t\t\t\t\t\t\t\t\t\t\t\t<div class=\"card card--product\">\n\t\t\t\t\t\t\t\t\t\t\t<div class=\"card__image card__image--has-rollover\">\n\t\t\t\t\t\t\t\t\t\t\t\t<img decoding=\"async\" src=\"https:\/\/stpcdnimage.imgix.net\/global-media\/wp-content\/uploads\/sites\/6\/product-images\/E302008400_01.png\"  alt=\"Kompleksowy Preparat Do Czyszczenia Uk\u0142adu Paliwowego \u2013 Silniki Wysokopr\u0119\u017cne Image 1\" class=\"\" width=\"250\" height=\"250\" \/>\n\t\t\t\t\t\t\t\t\t\t\t\t<div class=\"btn btn--solid rollover\">Poka\u017c produkt<\/div>\n\t\t\t\t\t\t\t\t\t\t\t<\/div>\n\t\t\t\t\t\t\t\t\t\t\t<div class=\"card__pretitle\"><span class=\"card__category\">Dodatki do paliwa<\/span><\/div>\n\t\t\t\t\t\t\t\t\t\t\t\t<h3 class=\"h3\"><a href=\"https:\/\/stp.com\/pl\/product\/kompleksowy-preparat-do-czyszczenia-ukladu-paliwowego-silniki-wysokoprezne\/\" class=\"cover-link card__link\">Kompleksowy Preparat Do Czyszczenia Uk\u0142adu Paliwowego \u2013 Silniki Wysokopr\u0119\u017cne<\/a><\/h3>\n\t\t\t\t\t\t\t\t\t\t<\/div>\n\t\t\t\t\t\t\t\t\t\t\t\t\t\t\t\t\t\t\t<div class=\"card card--product\">\n\t\t\t\t\t\t\t\t\t\t\t<div class=\"card__image card__image--has-rollover\">\n\t\t\t\t\t\t\t\t\t\t\t\t<img loading=\"lazy\" decoding=\"async\" src=\"https:\/\/stpcdnimage.imgix.net\/global-media\/wp-content\/uploads\/sites\/6\/product-images\/E302015700_01.png\"  alt=\"Ultra \u015arodek oczyszczaj\u0105cy do silnik\u00f3w benzynowych Image 1\" class=\"\" width=\"250\" height=\"250\" \/>\n\t\t\t\t\t\t\t\t\t\t\t\t<div class=\"btn btn--solid rollover\">Poka\u017c produkt<\/div>\n\t\t\t\t\t\t\t\t\t\t\t<\/div>\n\t\t\t\t\t\t\t\t\t\t\t<div class=\"card__pretitle\"><span class=\"card__category\">Dodatki do paliwa<\/span><\/div>\n\t\t\t\t\t\t\t\t\t\t\t\t<h3 class=\"h3\"><a href=\"https:\/\/stp.com\/pl\/product\/ultra-srodek-oczyszczajacy-do-silnikow-benzynowych\/\" class=\"cover-link card__link\">Ultra \u015arodek oczyszczaj\u0105cy do silnik\u00f3w benzynowych<\/a><\/h3>\n\t\t\t\t\t\t\t\t\t\t<\/div>\n\t\t\t\t\t\t\t\t\t\t\t\t\t\t\t\t\t\t\t<div class=\"card card--product\">\n\t\t\t\t\t\t\t\t\t\t\t<div class=\"card__image card__image--has-rollover\">\n\t\t\t\t\t\t\t\t\t\t\t\t<img loading=\"lazy\" decoding=\"async\" src=\"https:\/\/stpcdnimage.imgix.net\/global-media\/wp-content\/uploads\/sites\/6\/product-images\/E302016600_01.png\"  alt=\"Ultra \u015arodek oczyszczaj\u0105cy do silnik\u00f3w wysokopr\u0119\u017cnych Image 1\" class=\"\" width=\"250\" height=\"250\" \/>\n\t\t\t\t\t\t\t\t\t\t\t\t<div class=\"btn btn--solid rollover\">Poka\u017c produkt<\/div>\n\t\t\t\t\t\t\t\t\t\t\t<\/div>\n\t\t\t\t\t\t\t\t\t\t\t<div class=\"card__pretitle\"><span class=\"card__category\">Dodatki do paliwa<\/span><\/div>\n\t\t\t\t\t\t\t\t\t\t\t\t<h3 class=\"h3\"><a href=\"https:\/\/stp.com\/pl\/product\/ultra-srodek-oczyszczajacy-do-silnikow-wysokopreznych\/\" class=\"cover-link card__link\">Ultra \u015arodek oczyszczaj\u0105cy do silnik\u00f3w wysokopr\u0119\u017cnych<\/a><\/h3>\n\t\t\t\t\t\t\t\t\t\t<\/div>\n\t\t\t\t\t\t\t\t\t\t\t\t\t\t\t\t\t<\/div>\n\t\t\t\t\t\t\t<\/li>\n\t\t\t\t\t\t\t\t\t\t\t<\/ul>\n\t\t\t\t<\/div>\n\t\t\t\t<div class=\"slider__nav\">\n\t\t\t\t\t\t\t\t\t\t<\/div>\n\t\t\t<\/div>\n\t\t<\/div>\n\t<\/div>\n<\/div>\n\t\t\t\t\t\t<\/div>\n\t\t\t\t<\/div>\n\t\t\t\t\t<\/div>\n\t\t\t\t<\/div>\n\t\t\t\t<\/div>\n\t\t","protected":false},"excerpt":{"rendered":"<p>Zastanawiasz si\u0119, dlaczego Tw\u00f3j samoch\u00f3d na pe\u0142nym baku przeje\u017cd\u017ca mniej kilometr\u00f3w ni\u017c kiedy\u015b? W uk\u0142adzie dolotowym paliwa mog\u0105 znajdowa\u0107 si\u0119 osady. Powoduj\u0105 one, \u017ce silnik musi \u201eci\u0119\u017cej pracowa\u0107\u201d, aby pobra\u0107 paliwo, czego skutkiem s\u0105 gorsze osi\u0105gi i wi\u0119ksze spalanie. Obni\u017c zu\u017cycie paliwa dzi\u0119ki naszym produktom wymienionym poni\u017cej, takim jak formu\u0142y i \u015brodki do czyszczenia.<\/p>\n","protected":false},"author":1,"featured_media":5725,"parent":416,"menu_order":0,"comment_status":"closed","ping_status":"closed","template":"","meta":{"_acf_changed":false,"footnotes":""},"class_list":["post-5723","page","type-page","status-publish","has-post-thumbnail","hentry"],"acf":[],"yoast_head":"<!-- This site is optimized with the Yoast SEO plugin v27.4 - https:\/\/yoast.com\/product\/yoast-seo-wordpress\/ -->\n<title>Zwi\u0119kszone zu\u017cycie paliwa - STP Poland<\/title>\n<meta name=\"robots\" content=\"index, follow, max-snippet:-1, max-image-preview:large, max-video-preview:-1\" \/>\n<link rel=\"canonical\" href=\"https:\/\/stp.com\/pl\/rozwiazywanie-problemow\/zwiekszone-zuzycie-paliwa\/\" \/>\n<meta property=\"og:locale\" content=\"en_US\" \/>\n<meta property=\"og:type\" content=\"article\" \/>\n<meta property=\"og:title\" content=\"Zwi\u0119kszone zu\u017cycie paliwa - STP Poland\" \/>\n<meta property=\"og:description\" content=\"Zastanawiasz si\u0119, dlaczego Tw\u00f3j samoch\u00f3d na pe\u0142nym baku przeje\u017cd\u017ca mniej kilometr\u00f3w ni\u017c kiedy\u015b? W uk\u0142adzie dolotowym paliwa mog\u0105 znajdowa\u0107 si\u0119 osady. Powoduj\u0105 one, \u017ce silnik musi \u201eci\u0119\u017cej pracowa\u0107\u201d, aby pobra\u0107 paliwo, czego skutkiem s\u0105 gorsze osi\u0105gi i wi\u0119ksze spalanie. Obni\u017c zu\u017cycie paliwa dzi\u0119ki naszym produktom wymienionym poni\u017cej, takim jak formu\u0142y i \u015brodki do czyszczenia.\" \/>\n<meta property=\"og:url\" content=\"https:\/\/stp.com\/pl\/rozwiazywanie-problemow\/zwiekszone-zuzycie-paliwa\/\" \/>\n<meta property=\"og:site_name\" content=\"STP Poland\" \/>\n<meta property=\"article:modified_time\" content=\"2025-06-16T11:41:13+00:00\" \/>\n<meta property=\"og:image\" content=\"https:\/\/stpcdnimage.imgix.net\/pl\/wp-content\/uploads\/sites\/15\/2025\/04\/879996_LEV_SET4_Octane-Booster-5.25oz-scaled-1.jpg?auto=format%2Ccompress\" \/>\n\t<meta property=\"og:image:width\" content=\"2560\" \/>\n\t<meta property=\"og:image:height\" content=\"1716\" \/>\n\t<meta property=\"og:image:type\" content=\"image\/jpeg\" \/>\n<meta name=\"twitter:card\" content=\"summary_large_image\" \/>\n<meta name=\"twitter:label1\" content=\"Est. reading time\" \/>\n\t<meta name=\"twitter:data1\" content=\"1 minute\" \/>\n<script type=\"application\/ld+json\" class=\"yoast-schema-graph\">{\"@context\":\"https:\\\/\\\/schema.org\",\"@graph\":[{\"@type\":\"WebPage\",\"@id\":\"https:\\\/\\\/stp.com\\\/pl\\\/rozwiazywanie-problemow\\\/zwiekszone-zuzycie-paliwa\\\/\",\"url\":\"https:\\\/\\\/stp.com\\\/pl\\\/rozwiazywanie-problemow\\\/zwiekszone-zuzycie-paliwa\\\/\",\"name\":\"Zwi\u0119kszone zu\u017cycie paliwa - STP Poland\",\"isPartOf\":{\"@id\":\"https:\\\/\\\/stp.com\\\/pl\\\/#website\"},\"primaryImageOfPage\":{\"@id\":\"https:\\\/\\\/stp.com\\\/pl\\\/rozwiazywanie-problemow\\\/zwiekszone-zuzycie-paliwa\\\/#primaryimage\"},\"image\":{\"@id\":\"https:\\\/\\\/stp.com\\\/pl\\\/rozwiazywanie-problemow\\\/zwiekszone-zuzycie-paliwa\\\/#primaryimage\"},\"thumbnailUrl\":\"https:\\\/\\\/stpcdnimage.imgix.net\\\/pl\\\/wp-content\\\/uploads\\\/sites\\\/15\\\/2025\\\/04\\\/879996_LEV_SET4_Octane-Booster-5.25oz-scaled-1.jpg?auto=format%2Ccompress\",\"datePublished\":\"2025-04-04T12:46:17+00:00\",\"dateModified\":\"2025-06-16T11:41:13+00:00\",\"breadcrumb\":{\"@id\":\"https:\\\/\\\/stp.com\\\/pl\\\/rozwiazywanie-problemow\\\/zwiekszone-zuzycie-paliwa\\\/#breadcrumb\"},\"inLanguage\":\"en-US\",\"potentialAction\":[{\"@type\":\"ReadAction\",\"target\":[\"https:\\\/\\\/stp.com\\\/pl\\\/rozwiazywanie-problemow\\\/zwiekszone-zuzycie-paliwa\\\/\"]}]},{\"@type\":\"ImageObject\",\"inLanguage\":\"en-US\",\"@id\":\"https:\\\/\\\/stp.com\\\/pl\\\/rozwiazywanie-problemow\\\/zwiekszone-zuzycie-paliwa\\\/#primaryimage\",\"url\":\"https:\\\/\\\/stpcdnimage.imgix.net\\\/pl\\\/wp-content\\\/uploads\\\/sites\\\/15\\\/2025\\\/04\\\/879996_LEV_SET4_Octane-Booster-5.25oz-scaled-1.jpg?auto=format%2Ccompress\",\"contentUrl\":\"https:\\\/\\\/stpcdnimage.imgix.net\\\/pl\\\/wp-content\\\/uploads\\\/sites\\\/15\\\/2025\\\/04\\\/879996_LEV_SET4_Octane-Booster-5.25oz-scaled-1.jpg?auto=format%2Ccompress\",\"width\":2560,\"height\":1716},{\"@type\":\"BreadcrumbList\",\"@id\":\"https:\\\/\\\/stp.com\\\/pl\\\/rozwiazywanie-problemow\\\/zwiekszone-zuzycie-paliwa\\\/#breadcrumb\",\"itemListElement\":[{\"@type\":\"ListItem\",\"position\":1,\"name\":\"Home\",\"item\":\"https:\\\/\\\/stp.com\\\/pl\\\/\"},{\"@type\":\"ListItem\",\"position\":2,\"name\":\"Rozwi\u0105zywanie problem\u00f3w\",\"item\":\"https:\\\/\\\/stp.com\\\/pl\\\/rozwiazywanie-problemow\\\/\"},{\"@type\":\"ListItem\",\"position\":3,\"name\":\"Zwi\u0119kszone zu\u017cycie paliwa\"}]},{\"@type\":\"WebSite\",\"@id\":\"https:\\\/\\\/stp.com\\\/pl\\\/#website\",\"url\":\"https:\\\/\\\/stp.com\\\/pl\\\/\",\"name\":\"STP Poland\",\"description\":\"Science. Technology. Performance\",\"potentialAction\":[{\"@type\":\"SearchAction\",\"target\":{\"@type\":\"EntryPoint\",\"urlTemplate\":\"https:\\\/\\\/stp.com\\\/pl\\\/?s={search_term_string}\"},\"query-input\":{\"@type\":\"PropertyValueSpecification\",\"valueRequired\":true,\"valueName\":\"search_term_string\"}}],\"inLanguage\":\"en-US\"}]}<\/script>\n<!-- \/ Yoast SEO plugin. -->","yoast_head_json":{"title":"Zwi\u0119kszone zu\u017cycie paliwa - STP Poland","robots":{"index":"index","follow":"follow","max-snippet":"max-snippet:-1","max-image-preview":"max-image-preview:large","max-video-preview":"max-video-preview:-1"},"canonical":"https:\/\/stp.com\/pl\/rozwiazywanie-problemow\/zwiekszone-zuzycie-paliwa\/","og_locale":"en_US","og_type":"article","og_title":"Zwi\u0119kszone zu\u017cycie paliwa - STP Poland","og_description":"Zastanawiasz si\u0119, dlaczego Tw\u00f3j samoch\u00f3d na pe\u0142nym baku przeje\u017cd\u017ca mniej kilometr\u00f3w ni\u017c kiedy\u015b? W uk\u0142adzie dolotowym paliwa mog\u0105 znajdowa\u0107 si\u0119 osady. Powoduj\u0105 one, \u017ce silnik musi \u201eci\u0119\u017cej pracowa\u0107\u201d, aby pobra\u0107 paliwo, czego skutkiem s\u0105 gorsze osi\u0105gi i wi\u0119ksze spalanie. Obni\u017c zu\u017cycie paliwa dzi\u0119ki naszym produktom wymienionym poni\u017cej, takim jak formu\u0142y i \u015brodki do czyszczenia.","og_url":"https:\/\/stp.com\/pl\/rozwiazywanie-problemow\/zwiekszone-zuzycie-paliwa\/","og_site_name":"STP Poland","article_modified_time":"2025-06-16T11:41:13+00:00","og_image":[{"width":2560,"height":1716,"url":"https:\/\/stpcdnimage.imgix.net\/pl\/wp-content\/uploads\/sites\/15\/2025\/04\/879996_LEV_SET4_Octane-Booster-5.25oz-scaled-1.jpg?auto=format%2Ccompress","type":"image\/jpeg"}],"twitter_card":"summary_large_image","twitter_misc":{"Est. reading time":"1 minute"},"schema":{"@context":"https:\/\/schema.org","@graph":[{"@type":"WebPage","@id":"https:\/\/stp.com\/pl\/rozwiazywanie-problemow\/zwiekszone-zuzycie-paliwa\/","url":"https:\/\/stp.com\/pl\/rozwiazywanie-problemow\/zwiekszone-zuzycie-paliwa\/","name":"Zwi\u0119kszone zu\u017cycie paliwa - STP Poland","isPartOf":{"@id":"https:\/\/stp.com\/pl\/#website"},"primaryImageOfPage":{"@id":"https:\/\/stp.com\/pl\/rozwiazywanie-problemow\/zwiekszone-zuzycie-paliwa\/#primaryimage"},"image":{"@id":"https:\/\/stp.com\/pl\/rozwiazywanie-problemow\/zwiekszone-zuzycie-paliwa\/#primaryimage"},"thumbnailUrl":"https:\/\/stpcdnimage.imgix.net\/pl\/wp-content\/uploads\/sites\/15\/2025\/04\/879996_LEV_SET4_Octane-Booster-5.25oz-scaled-1.jpg?auto=format%2Ccompress","datePublished":"2025-04-04T12:46:17+00:00","dateModified":"2025-06-16T11:41:13+00:00","breadcrumb":{"@id":"https:\/\/stp.com\/pl\/rozwiazywanie-problemow\/zwiekszone-zuzycie-paliwa\/#breadcrumb"},"inLanguage":"en-US","potentialAction":[{"@type":"ReadAction","target":["https:\/\/stp.com\/pl\/rozwiazywanie-problemow\/zwiekszone-zuzycie-paliwa\/"]}]},{"@type":"ImageObject","inLanguage":"en-US","@id":"https:\/\/stp.com\/pl\/rozwiazywanie-problemow\/zwiekszone-zuzycie-paliwa\/#primaryimage","url":"https:\/\/stpcdnimage.imgix.net\/pl\/wp-content\/uploads\/sites\/15\/2025\/04\/879996_LEV_SET4_Octane-Booster-5.25oz-scaled-1.jpg?auto=format%2Ccompress","contentUrl":"https:\/\/stpcdnimage.imgix.net\/pl\/wp-content\/uploads\/sites\/15\/2025\/04\/879996_LEV_SET4_Octane-Booster-5.25oz-scaled-1.jpg?auto=format%2Ccompress","width":2560,"height":1716},{"@type":"BreadcrumbList","@id":"https:\/\/stp.com\/pl\/rozwiazywanie-problemow\/zwiekszone-zuzycie-paliwa\/#breadcrumb","itemListElement":[{"@type":"ListItem","position":1,"name":"Home","item":"https:\/\/stp.com\/pl\/"},{"@type":"ListItem","position":2,"name":"Rozwi\u0105zywanie problem\u00f3w","item":"https:\/\/stp.com\/pl\/rozwiazywanie-problemow\/"},{"@type":"ListItem","position":3,"name":"Zwi\u0119kszone zu\u017cycie paliwa"}]},{"@type":"WebSite","@id":"https:\/\/stp.com\/pl\/#website","url":"https:\/\/stp.com\/pl\/","name":"STP Poland","description":"Science. Technology. Performance","potentialAction":[{"@type":"SearchAction","target":{"@type":"EntryPoint","urlTemplate":"https:\/\/stp.com\/pl\/?s={search_term_string}"},"query-input":{"@type":"PropertyValueSpecification","valueRequired":true,"valueName":"search_term_string"}}],"inLanguage":"en-US"}]}},"_links":{"self":[{"href":"https:\/\/stp.com\/pl\/wp-json\/wp\/v2\/pages\/5723","targetHints":{"allow":["GET"]}}],"collection":[{"href":"https:\/\/stp.com\/pl\/wp-json\/wp\/v2\/pages"}],"about":[{"href":"https:\/\/stp.com\/pl\/wp-json\/wp\/v2\/types\/page"}],"author":[{"embeddable":true,"href":"https:\/\/stp.com\/pl\/wp-json\/wp\/v2\/users\/1"}],"replies":[{"embeddable":true,"href":"https:\/\/stp.com\/pl\/wp-json\/wp\/v2\/comments?post=5723"}],"version-history":[{"count":45,"href":"https:\/\/stp.com\/pl\/wp-json\/wp\/v2\/pages\/5723\/revisions"}],"predecessor-version":[{"id":8389,"href":"https:\/\/stp.com\/pl\/wp-json\/wp\/v2\/pages\/5723\/revisions\/8389"}],"up":[{"embeddable":true,"href":"https:\/\/stp.com\/pl\/wp-json\/wp\/v2\/pages\/416"}],"wp:featuredmedia":[{"embeddable":true,"href":"https:\/\/stp.com\/pl\/wp-json\/wp\/v2\/media\/5725"}],"wp:attachment":[{"href":"https:\/\/stp.com\/pl\/wp-json\/wp\/v2\/media?parent=5723"}],"curies":[{"name":"wp","href":"https:\/\/api.w.org\/{rel}","templated":true}]}}