{"id":5006,"date":"2025-04-03T17:56:27","date_gmt":"2025-04-03T12:26:27","guid":{"rendered":"https:\/\/c38a2c2a6e.nxcli.io\/pl\/?page_id=5006"},"modified":"2025-06-16T15:33:42","modified_gmt":"2025-06-16T10:03:42","slug":"plyn-hamulcowy-i-plyn-wspomagania-ukladu-kierowniczego-faq","status":"publish","type":"page","link":"https:\/\/stp.com\/pl\/porady-dotyczace-konserwacji\/czesto-zadawane-pytania\/plyn-hamulcowy-i-plyn-wspomagania-ukladu-kierowniczego-faq\/","title":{"rendered":"P\u0142yn hamulcowy i p\u0142yn wspomagania uk\u0142adu kierowniczego \u2013 cz\u0119sto zadawane pytania"},"content":{"rendered":"\t\t<div data-elementor-type=\"wp-page\" data-elementor-id=\"5006\" class=\"elementor elementor-5006\" data-elementor-post-type=\"page\">\n\t\t\t\t<div class=\"elementor-element elementor-element-59ad9d4 e-flex e-con-boxed e-con e-parent\" data-id=\"59ad9d4\" data-element_type=\"container\" data-e-type=\"container\" data-settings=\"{&quot;background_background&quot;:&quot;classic&quot;}\">\n\t\t\t\t\t<div class=\"e-con-inner\">\n\t\t\t\t<div class=\"elementor-element elementor-element-1e212b7 breadcrumb elementor-widget elementor-widget-breadcrumbs\" data-id=\"1e212b7\" data-element_type=\"widget\" data-e-type=\"widget\" data-widget_type=\"breadcrumbs.default\">\n\t\t\t\t<div class=\"elementor-widget-container\">\n\t\t\t\t\t<p id=\"breadcrumbs\"><span><span><a href=\"https:\/\/stp.com\/pl\/\">Home<\/a><\/span><\/span><\/p>\t\t\t\t<\/div>\n\t\t\t\t<\/div>\n\t\t<div class=\"elementor-element elementor-element-4c70f01 e-con-full e-flex e-con e-child\" data-id=\"4c70f01\" data-element_type=\"container\" data-e-type=\"container\">\n\t\t<div class=\"elementor-element elementor-element-2b17daf e-con-full product__head e-flex e-con e-child\" data-id=\"2b17daf\" data-element_type=\"container\" data-e-type=\"container\">\n\t\t\t\t<\/div>\n\t\t\t\t<\/div>\n\t\t\t\t\t<\/div>\n\t\t\t\t<\/div>\n\t\t<div class=\"elementor-element elementor-element-ef9bce7 top-red-border e-flex e-con-boxed e-con e-parent\" data-id=\"ef9bce7\" data-element_type=\"container\" data-e-type=\"container\" data-settings=\"{&quot;background_background&quot;:&quot;classic&quot;}\">\n\t\t\t\t\t<div class=\"e-con-inner\">\n\t\t\t\t<div class=\"elementor-element elementor-element-00c69dc faqs-accordian elementor-widget elementor-widget-n-accordion\" data-id=\"00c69dc\" data-element_type=\"widget\" data-e-type=\"widget\" data-settings=\"{&quot;default_state&quot;:&quot;all_collapsed&quot;,&quot;n_accordion_animation_duration&quot;:{&quot;unit&quot;:&quot;ms&quot;,&quot;size&quot;:300,&quot;sizes&quot;:[]},&quot;max_items_expended&quot;:&quot;one&quot;}\" data-widget_type=\"nested-accordion.default\">\n\t\t\t\t<div class=\"elementor-widget-container\">\n\t\t\t\t\t\t\t<div class=\"e-n-accordion\" aria-label=\"Accordion. Open links with Enter or Space, close with Escape, and navigate with Arrow Keys\">\n\t\t\t\t\t\t<details id=\"e-n-accordion-item-8130\" class=\"e-n-accordion-item\" >\n\t\t\t\t<summary class=\"e-n-accordion-item-title\" data-accordion-index=\"1\" tabindex=\"0\" aria-expanded=\"false\" aria-controls=\"e-n-accordion-item-8130\" >\n\t\t\t\t\t<span class='e-n-accordion-item-title-header'><h3 class=\"e-n-accordion-item-title-text\"> Czym jest p\u0142yn hamulcowy? <\/h3><\/span>\n\t\t\t\t\t\t\t<span class='e-n-accordion-item-title-icon'>\n\t\t\t<span class='e-opened' ><svg aria-hidden=\"true\" class=\"e-font-icon-svg e-fas-arrow-up\" viewBox=\"0 0 448 512\" xmlns=\"http:\/\/www.w3.org\/2000\/svg\"><path d=\"M34.9 289.5l-22.2-22.2c-9.4-9.4-9.4-24.6 0-33.9L207 39c9.4-9.4 24.6-9.4 33.9 0l194.3 194.3c9.4 9.4 9.4 24.6 0 33.9L413 289.4c-9.5 9.5-25 9.3-34.3-.4L264 168.6V456c0 13.3-10.7 24-24 24h-32c-13.3 0-24-10.7-24-24V168.6L69.2 289.1c-9.3 9.8-24.8 10-34.3.4z\"><\/path><\/svg><\/span>\n\t\t\t<span class='e-closed'><svg aria-hidden=\"true\" class=\"e-font-icon-svg e-fas-arrow-down\" viewBox=\"0 0 448 512\" xmlns=\"http:\/\/www.w3.org\/2000\/svg\"><path d=\"M413.1 222.5l22.2 22.2c9.4 9.4 9.4 24.6 0 33.9L241 473c-9.4 9.4-24.6 9.4-33.9 0L12.7 278.6c-9.4-9.4-9.4-24.6 0-33.9l22.2-22.2c9.5-9.5 25-9.3 34.3.4L184 343.4V56c0-13.3 10.7-24 24-24h32c13.3 0 24 10.7 24 24v287.4l114.8-120.5c9.3-9.8 24.8-10 34.3-.4z\"><\/path><\/svg><\/span>\n\t\t<\/span>\n\n\t\t\t\t\t\t<\/summary>\n\t\t\t\t<div role=\"region\" aria-labelledby=\"e-n-accordion-item-8130\" class=\"elementor-element elementor-element-c5ab1e5 e-con-full e-flex e-con e-child\" data-id=\"c5ab1e5\" data-element_type=\"container\" data-e-type=\"container\">\n\t\t\t\t<div class=\"elementor-element elementor-element-f9f26c7 elementor-widget elementor-widget-text-editor\" data-id=\"f9f26c7\" data-element_type=\"widget\" data-e-type=\"widget\" data-widget_type=\"text-editor.default\">\n\t\t\t\t<div class=\"elementor-widget-container\">\n\t\t\t\t\t\t\t\t\t<p>Podstawowym sk\u0142adnikiem p\u0142ynu hamulcowego jest eter glikolu z dodatkiem inhibitor\u00f3w korozji. Eter glikolu musi by\u0107 stabilny (tj. nie mo\u017ce wrze\u0107) pod wp\u0142ywem ciep\u0142a wytwarzanego na tarczach hamulcowych \u2013 inhibitor korozji zapobiega korozji w uk\u0142adzie. Nale\u017cy mie\u0107 na uwadze, \u017ce z czasem dzia\u0142anie inhibitor\u00f3w korozji s\u0142abnie. Wi\u0119kszo\u015b\u0107 producent\u00f3w samochod\u00f3w zaleca wymian\u0119 p\u0142ynu raz na dwa lata, ale zalecamy sprawdzenie instrukcji obs\u0142ugi.<\/p>\t\t\t\t\t\t\t\t<\/div>\n\t\t\t\t<\/div>\n\t\t\t\t<\/div>\n\t\t\t\t\t<\/details>\n\t\t\t\t\t\t<details id=\"e-n-accordion-item-8131\" class=\"e-n-accordion-item\" >\n\t\t\t\t<summary class=\"e-n-accordion-item-title\" data-accordion-index=\"2\" tabindex=\"-1\" aria-expanded=\"false\" aria-controls=\"e-n-accordion-item-8131\" >\n\t\t\t\t\t<span class='e-n-accordion-item-title-header'><h3 class=\"e-n-accordion-item-title-text\"> Dlaczego p\u0142yn hamulcowy jest potrzebny? <\/h3><\/span>\n\t\t\t\t\t\t\t<span class='e-n-accordion-item-title-icon'>\n\t\t\t<span class='e-opened' ><svg aria-hidden=\"true\" class=\"e-font-icon-svg e-fas-arrow-up\" viewBox=\"0 0 448 512\" xmlns=\"http:\/\/www.w3.org\/2000\/svg\"><path d=\"M34.9 289.5l-22.2-22.2c-9.4-9.4-9.4-24.6 0-33.9L207 39c9.4-9.4 24.6-9.4 33.9 0l194.3 194.3c9.4 9.4 9.4 24.6 0 33.9L413 289.4c-9.5 9.5-25 9.3-34.3-.4L264 168.6V456c0 13.3-10.7 24-24 24h-32c-13.3 0-24-10.7-24-24V168.6L69.2 289.1c-9.3 9.8-24.8 10-34.3.4z\"><\/path><\/svg><\/span>\n\t\t\t<span class='e-closed'><svg aria-hidden=\"true\" class=\"e-font-icon-svg e-fas-arrow-down\" viewBox=\"0 0 448 512\" xmlns=\"http:\/\/www.w3.org\/2000\/svg\"><path d=\"M413.1 222.5l22.2 22.2c9.4 9.4 9.4 24.6 0 33.9L241 473c-9.4 9.4-24.6 9.4-33.9 0L12.7 278.6c-9.4-9.4-9.4-24.6 0-33.9l22.2-22.2c9.5-9.5 25-9.3 34.3.4L184 343.4V56c0-13.3 10.7-24 24-24h32c13.3 0 24 10.7 24 24v287.4l114.8-120.5c9.3-9.8 24.8-10 34.3-.4z\"><\/path><\/svg><\/span>\n\t\t<\/span>\n\n\t\t\t\t\t\t<\/summary>\n\t\t\t\t<div role=\"region\" aria-labelledby=\"e-n-accordion-item-8131\" class=\"elementor-element elementor-element-b731d91 e-con-full e-flex e-con e-child\" data-id=\"b731d91\" data-element_type=\"container\" data-e-type=\"container\">\n\t\t\t\t<div class=\"elementor-element elementor-element-964199b elementor-widget elementor-widget-text-editor\" data-id=\"964199b\" data-element_type=\"widget\" data-e-type=\"widget\" data-widget_type=\"text-editor.default\">\n\t\t\t\t<div class=\"elementor-widget-container\">\n\t\t\t\t\t\t\t\t\t<p>Uk\u0142ad hamulcowy potrzebuje tego p\u0142ynu u\u017cytkowego do przeniesienia ci\u015bnienia na wszystkie cztery ko\u0142a w celu uruchomienia hamulc\u00f3w. Ponadto musi mie\u0107 on bardzo wysok\u0105 temperatur\u0119 wrzenia, \u017ceby nie zagotowa\u0142 si\u0119 i nie zamieni\u0142 w par\u0119 w wysokiej temperaturze, w kt\u00f3rej musi pracowa\u0107. W miar\u0119 zu\u017cywania si\u0119 klock\u00f3w hamulcowych poziom p\u0142ynu w zbiorniku spada. Poziom p\u0142ynu nale\u017cy sprawdza\u0107 przy ka\u017cdej wymianie oleju i w razie potrzeby uzupe\u0142nia\u0107.<\/p>\t\t\t\t\t\t\t\t<\/div>\n\t\t\t\t<\/div>\n\t\t\t\t<\/div>\n\t\t\t\t\t<\/details>\n\t\t\t\t\t\t<details id=\"e-n-accordion-item-8132\" class=\"e-n-accordion-item\" >\n\t\t\t\t<summary class=\"e-n-accordion-item-title\" data-accordion-index=\"3\" tabindex=\"-1\" aria-expanded=\"false\" aria-controls=\"e-n-accordion-item-8132\" >\n\t\t\t\t\t<span class='e-n-accordion-item-title-header'><h3 class=\"e-n-accordion-item-title-text\"> Czym jest p\u0142yn wspomagania uk\u0142adu kierowniczego i produkt STP\u00ae Uszczelniacz silnika? <\/h3><\/span>\n\t\t\t\t\t\t\t<span class='e-n-accordion-item-title-icon'>\n\t\t\t<span class='e-opened' ><svg aria-hidden=\"true\" class=\"e-font-icon-svg e-fas-arrow-up\" viewBox=\"0 0 448 512\" xmlns=\"http:\/\/www.w3.org\/2000\/svg\"><path d=\"M34.9 289.5l-22.2-22.2c-9.4-9.4-9.4-24.6 0-33.9L207 39c9.4-9.4 24.6-9.4 33.9 0l194.3 194.3c9.4 9.4 9.4 24.6 0 33.9L413 289.4c-9.5 9.5-25 9.3-34.3-.4L264 168.6V456c0 13.3-10.7 24-24 24h-32c-13.3 0-24-10.7-24-24V168.6L69.2 289.1c-9.3 9.8-24.8 10-34.3.4z\"><\/path><\/svg><\/span>\n\t\t\t<span class='e-closed'><svg aria-hidden=\"true\" class=\"e-font-icon-svg e-fas-arrow-down\" viewBox=\"0 0 448 512\" xmlns=\"http:\/\/www.w3.org\/2000\/svg\"><path d=\"M413.1 222.5l22.2 22.2c9.4 9.4 9.4 24.6 0 33.9L241 473c-9.4 9.4-24.6 9.4-33.9 0L12.7 278.6c-9.4-9.4-9.4-24.6 0-33.9l22.2-22.2c9.5-9.5 25-9.3 34.3.4L184 343.4V56c0-13.3 10.7-24 24-24h32c13.3 0 24 10.7 24 24v287.4l114.8-120.5c9.3-9.8 24.8-10 34.3-.4z\"><\/path><\/svg><\/span>\n\t\t<\/span>\n\n\t\t\t\t\t\t<\/summary>\n\t\t\t\t<div role=\"region\" aria-labelledby=\"e-n-accordion-item-8132\" class=\"elementor-element elementor-element-b7e5932 e-con-full e-flex e-con e-child\" data-id=\"b7e5932\" data-element_type=\"container\" data-e-type=\"container\">\n\t\t\t\t<div class=\"elementor-element elementor-element-1b37387 elementor-widget elementor-widget-text-editor\" data-id=\"1b37387\" data-element_type=\"widget\" data-e-type=\"widget\" data-widget_type=\"text-editor.default\">\n\t\t\t\t<div class=\"elementor-widget-container\">\n\t\t\t\t\t\t\t\t\t<p>P\u0142yn wspomagania uk\u0142adu kierowniczego to hydrauliczny p\u0142yn s\u0142u\u017c\u0105cy do przekazywania ci\u015bnienia z pompy wspomagania do nowoczesnego dr\u0105\u017cka kierowniczego lub do przek\u0142adni kierowniczej (przek\u0142adnia kierownicza \u015blimakowa). Drobne wycieki mog\u0105 spowodowa\u0107 spadek poziomu p\u0142ynu, dlatego jego poziom nale\u017cy sprawdza\u0107 i uzupe\u0142nia\u0107 przy ka\u017cdej wymianie oleju. Je\u015bli Tw\u00f3j uk\u0142ad wspomagania kierownicy traci p\u0142yn z powodu zu\u017cytych lub skurczonych uszczelek, mo\u017cesz zastosowa\u0107 P\u0142yn do uk\u0142ad\u00f3w kierowniczych ze wspomaganiem STP\u00ae<\/p>\t\t\t\t\t\t\t\t<\/div>\n\t\t\t\t<\/div>\n\t\t\t\t<\/div>\n\t\t\t\t\t<\/details>\n\t\t\t\t\t<\/div>\n\t\t\t\t\t\t<\/div>\n\t\t\t\t<\/div>\n\t\t\t\t\t<\/div>\n\t\t\t\t<\/div>\n\t\t\t\t<\/div>\n\t\t","protected":false},"excerpt":{"rendered":"<p>Czym jest p\u0142yn hamulcowy? &nbsp; Podstawowym sk\u0142adnikiem p\u0142ynu hamulcowego jest eter glikolu z dodatkiem inhibitor\u00f3w korozji. Eter glikolu musi by\u0107 stabilny (tj. nie mo\u017ce wrze\u0107) pod wp\u0142ywem ciep\u0142a wytwarzanego na tarczach hamulcowych \u2013 inhibitor korozji zapobiega korozji w uk\u0142adzie. Nale\u017cy mie\u0107 na uwadze, \u017ce z czasem dzia\u0142anie inhibitor\u00f3w korozji s\u0142abnie. Wi\u0119kszo\u015b\u0107 producent\u00f3w samochod\u00f3w zaleca wymian\u0119 [&hellip;]<\/p>\n","protected":false},"author":1,"featured_media":0,"parent":4911,"menu_order":0,"comment_status":"closed","ping_status":"closed","template":"","meta":{"_acf_changed":false,"footnotes":""},"class_list":["post-5006","page","type-page","status-publish","hentry"],"acf":[],"yoast_head":"<!-- This site is optimized with the Yoast SEO plugin v27.4 - https:\/\/yoast.com\/product\/yoast-seo-wordpress\/ -->\n<title>P\u0142yn hamulcowy i p\u0142yn wspomagania uk\u0142adu kierowniczego \u2013 cz\u0119sto zadawane pytania - STP Poland<\/title>\n<meta name=\"robots\" content=\"index, follow, max-snippet:-1, max-image-preview:large, max-video-preview:-1\" \/>\n<link rel=\"canonical\" href=\"https:\/\/stp.com\/pl\/porady-dotyczace-konserwacji\/czesto-zadawane-pytania\/plyn-hamulcowy-i-plyn-wspomagania-ukladu-kierowniczego-faq\/\" \/>\n<meta property=\"og:locale\" content=\"en_US\" \/>\n<meta property=\"og:type\" content=\"article\" \/>\n<meta property=\"og:title\" content=\"P\u0142yn hamulcowy i p\u0142yn wspomagania uk\u0142adu kierowniczego \u2013 cz\u0119sto zadawane pytania - STP Poland\" \/>\n<meta property=\"og:description\" content=\"Czym jest p\u0142yn hamulcowy? &nbsp; Podstawowym sk\u0142adnikiem p\u0142ynu hamulcowego jest eter glikolu z dodatkiem inhibitor\u00f3w korozji. Eter glikolu musi by\u0107 stabilny (tj. nie mo\u017ce wrze\u0107) pod wp\u0142ywem ciep\u0142a wytwarzanego na tarczach hamulcowych \u2013 inhibitor korozji zapobiega korozji w uk\u0142adzie. Nale\u017cy mie\u0107 na uwadze, \u017ce z czasem dzia\u0142anie inhibitor\u00f3w korozji s\u0142abnie. Wi\u0119kszo\u015b\u0107 producent\u00f3w samochod\u00f3w zaleca wymian\u0119 [&hellip;]\" \/>\n<meta property=\"og:url\" content=\"https:\/\/stp.com\/pl\/porady-dotyczace-konserwacji\/czesto-zadawane-pytania\/plyn-hamulcowy-i-plyn-wspomagania-ukladu-kierowniczego-faq\/\" \/>\n<meta property=\"og:site_name\" content=\"STP Poland\" \/>\n<meta property=\"article:modified_time\" content=\"2025-06-16T10:03:42+00:00\" \/>\n<meta name=\"twitter:card\" content=\"summary_large_image\" \/>\n<meta name=\"twitter:label1\" content=\"Est. reading time\" \/>\n\t<meta name=\"twitter:data1\" content=\"2 minutes\" \/>\n<script type=\"application\/ld+json\" class=\"yoast-schema-graph\">{\"@context\":\"https:\\\/\\\/schema.org\",\"@graph\":[{\"@type\":\"WebPage\",\"@id\":\"https:\\\/\\\/stp.com\\\/pl\\\/porady-dotyczace-konserwacji\\\/czesto-zadawane-pytania\\\/plyn-hamulcowy-i-plyn-wspomagania-ukladu-kierowniczego-faq\\\/\",\"url\":\"https:\\\/\\\/stp.com\\\/pl\\\/porady-dotyczace-konserwacji\\\/czesto-zadawane-pytania\\\/plyn-hamulcowy-i-plyn-wspomagania-ukladu-kierowniczego-faq\\\/\",\"name\":\"P\u0142yn hamulcowy i p\u0142yn wspomagania uk\u0142adu kierowniczego \u2013 cz\u0119sto zadawane pytania - STP Poland\",\"isPartOf\":{\"@id\":\"https:\\\/\\\/stp.com\\\/pl\\\/#website\"},\"datePublished\":\"2025-04-03T12:26:27+00:00\",\"dateModified\":\"2025-06-16T10:03:42+00:00\",\"breadcrumb\":{\"@id\":\"https:\\\/\\\/stp.com\\\/pl\\\/porady-dotyczace-konserwacji\\\/czesto-zadawane-pytania\\\/plyn-hamulcowy-i-plyn-wspomagania-ukladu-kierowniczego-faq\\\/#breadcrumb\"},\"inLanguage\":\"en-US\",\"potentialAction\":[{\"@type\":\"ReadAction\",\"target\":[\"https:\\\/\\\/stp.com\\\/pl\\\/porady-dotyczace-konserwacji\\\/czesto-zadawane-pytania\\\/plyn-hamulcowy-i-plyn-wspomagania-ukladu-kierowniczego-faq\\\/\"]}]},{\"@type\":\"BreadcrumbList\",\"@id\":\"https:\\\/\\\/stp.com\\\/pl\\\/porady-dotyczace-konserwacji\\\/czesto-zadawane-pytania\\\/plyn-hamulcowy-i-plyn-wspomagania-ukladu-kierowniczego-faq\\\/#breadcrumb\",\"itemListElement\":[{\"@type\":\"ListItem\",\"position\":1,\"name\":\"Home\",\"item\":\"https:\\\/\\\/stp.com\\\/pl\\\/\"},{\"@type\":\"ListItem\",\"position\":2,\"name\":\"Porady dotycz\u0105ce konserwacji\",\"item\":\"https:\\\/\\\/stp.com\\\/pl\\\/porady-dotyczace-konserwacji\\\/\"},{\"@type\":\"ListItem\",\"position\":3,\"name\":\"Cz\u0119sto zadawane pytania\",\"item\":\"https:\\\/\\\/stp.com\\\/pl\\\/porady-dotyczace-konserwacji\\\/czesto-zadawane-pytania\\\/\"},{\"@type\":\"ListItem\",\"position\":4,\"name\":\"P\u0142yn hamulcowy i p\u0142yn wspomagania uk\u0142adu kierowniczego \u2013 cz\u0119sto zadawane pytania\"}]},{\"@type\":\"WebSite\",\"@id\":\"https:\\\/\\\/stp.com\\\/pl\\\/#website\",\"url\":\"https:\\\/\\\/stp.com\\\/pl\\\/\",\"name\":\"STP Poland\",\"description\":\"Science. Technology. Performance\",\"potentialAction\":[{\"@type\":\"SearchAction\",\"target\":{\"@type\":\"EntryPoint\",\"urlTemplate\":\"https:\\\/\\\/stp.com\\\/pl\\\/?s={search_term_string}\"},\"query-input\":{\"@type\":\"PropertyValueSpecification\",\"valueRequired\":true,\"valueName\":\"search_term_string\"}}],\"inLanguage\":\"en-US\"}]}<\/script>\n<!-- \/ Yoast SEO plugin. -->","yoast_head_json":{"title":"P\u0142yn hamulcowy i p\u0142yn wspomagania uk\u0142adu kierowniczego \u2013 cz\u0119sto zadawane pytania - STP Poland","robots":{"index":"index","follow":"follow","max-snippet":"max-snippet:-1","max-image-preview":"max-image-preview:large","max-video-preview":"max-video-preview:-1"},"canonical":"https:\/\/stp.com\/pl\/porady-dotyczace-konserwacji\/czesto-zadawane-pytania\/plyn-hamulcowy-i-plyn-wspomagania-ukladu-kierowniczego-faq\/","og_locale":"en_US","og_type":"article","og_title":"P\u0142yn hamulcowy i p\u0142yn wspomagania uk\u0142adu kierowniczego \u2013 cz\u0119sto zadawane pytania - STP Poland","og_description":"Czym jest p\u0142yn hamulcowy? &nbsp; Podstawowym sk\u0142adnikiem p\u0142ynu hamulcowego jest eter glikolu z dodatkiem inhibitor\u00f3w korozji. Eter glikolu musi by\u0107 stabilny (tj. nie mo\u017ce wrze\u0107) pod wp\u0142ywem ciep\u0142a wytwarzanego na tarczach hamulcowych \u2013 inhibitor korozji zapobiega korozji w uk\u0142adzie. Nale\u017cy mie\u0107 na uwadze, \u017ce z czasem dzia\u0142anie inhibitor\u00f3w korozji s\u0142abnie. Wi\u0119kszo\u015b\u0107 producent\u00f3w samochod\u00f3w zaleca wymian\u0119 [&hellip;]","og_url":"https:\/\/stp.com\/pl\/porady-dotyczace-konserwacji\/czesto-zadawane-pytania\/plyn-hamulcowy-i-plyn-wspomagania-ukladu-kierowniczego-faq\/","og_site_name":"STP Poland","article_modified_time":"2025-06-16T10:03:42+00:00","twitter_card":"summary_large_image","twitter_misc":{"Est. reading time":"2 minutes"},"schema":{"@context":"https:\/\/schema.org","@graph":[{"@type":"WebPage","@id":"https:\/\/stp.com\/pl\/porady-dotyczace-konserwacji\/czesto-zadawane-pytania\/plyn-hamulcowy-i-plyn-wspomagania-ukladu-kierowniczego-faq\/","url":"https:\/\/stp.com\/pl\/porady-dotyczace-konserwacji\/czesto-zadawane-pytania\/plyn-hamulcowy-i-plyn-wspomagania-ukladu-kierowniczego-faq\/","name":"P\u0142yn hamulcowy i p\u0142yn wspomagania uk\u0142adu kierowniczego \u2013 cz\u0119sto zadawane pytania - STP Poland","isPartOf":{"@id":"https:\/\/stp.com\/pl\/#website"},"datePublished":"2025-04-03T12:26:27+00:00","dateModified":"2025-06-16T10:03:42+00:00","breadcrumb":{"@id":"https:\/\/stp.com\/pl\/porady-dotyczace-konserwacji\/czesto-zadawane-pytania\/plyn-hamulcowy-i-plyn-wspomagania-ukladu-kierowniczego-faq\/#breadcrumb"},"inLanguage":"en-US","potentialAction":[{"@type":"ReadAction","target":["https:\/\/stp.com\/pl\/porady-dotyczace-konserwacji\/czesto-zadawane-pytania\/plyn-hamulcowy-i-plyn-wspomagania-ukladu-kierowniczego-faq\/"]}]},{"@type":"BreadcrumbList","@id":"https:\/\/stp.com\/pl\/porady-dotyczace-konserwacji\/czesto-zadawane-pytania\/plyn-hamulcowy-i-plyn-wspomagania-ukladu-kierowniczego-faq\/#breadcrumb","itemListElement":[{"@type":"ListItem","position":1,"name":"Home","item":"https:\/\/stp.com\/pl\/"},{"@type":"ListItem","position":2,"name":"Porady dotycz\u0105ce konserwacji","item":"https:\/\/stp.com\/pl\/porady-dotyczace-konserwacji\/"},{"@type":"ListItem","position":3,"name":"Cz\u0119sto zadawane pytania","item":"https:\/\/stp.com\/pl\/porady-dotyczace-konserwacji\/czesto-zadawane-pytania\/"},{"@type":"ListItem","position":4,"name":"P\u0142yn hamulcowy i p\u0142yn wspomagania uk\u0142adu kierowniczego \u2013 cz\u0119sto zadawane pytania"}]},{"@type":"WebSite","@id":"https:\/\/stp.com\/pl\/#website","url":"https:\/\/stp.com\/pl\/","name":"STP Poland","description":"Science. Technology. Performance","potentialAction":[{"@type":"SearchAction","target":{"@type":"EntryPoint","urlTemplate":"https:\/\/stp.com\/pl\/?s={search_term_string}"},"query-input":{"@type":"PropertyValueSpecification","valueRequired":true,"valueName":"search_term_string"}}],"inLanguage":"en-US"}]}},"_links":{"self":[{"href":"https:\/\/stp.com\/pl\/wp-json\/wp\/v2\/pages\/5006","targetHints":{"allow":["GET"]}}],"collection":[{"href":"https:\/\/stp.com\/pl\/wp-json\/wp\/v2\/pages"}],"about":[{"href":"https:\/\/stp.com\/pl\/wp-json\/wp\/v2\/types\/page"}],"author":[{"embeddable":true,"href":"https:\/\/stp.com\/pl\/wp-json\/wp\/v2\/users\/1"}],"replies":[{"embeddable":true,"href":"https:\/\/stp.com\/pl\/wp-json\/wp\/v2\/comments?post=5006"}],"version-history":[{"count":104,"href":"https:\/\/stp.com\/pl\/wp-json\/wp\/v2\/pages\/5006\/revisions"}],"predecessor-version":[{"id":8320,"href":"https:\/\/stp.com\/pl\/wp-json\/wp\/v2\/pages\/5006\/revisions\/8320"}],"up":[{"embeddable":true,"href":"https:\/\/stp.com\/pl\/wp-json\/wp\/v2\/pages\/4911"}],"wp:attachment":[{"href":"https:\/\/stp.com\/pl\/wp-json\/wp\/v2\/media?parent=5006"}],"curies":[{"name":"wp","href":"https:\/\/api.w.org\/{rel}","templated":true}]}}