{"id":4641,"date":"2025-04-03T12:28:30","date_gmt":"2025-04-03T06:58:30","guid":{"rendered":"https:\/\/c38a2c2a6e.nxcli.io\/pl\/?page_id=4641"},"modified":"2025-05-21T19:02:01","modified_gmt":"2025-05-21T13:32:01","slug":"nasza-historia","status":"publish","type":"page","link":"https:\/\/stp.com\/pl\/o-nas\/nasza-historia\/","title":{"rendered":"Historia STP\u00ae"},"content":{"rendered":"\t\t<div data-elementor-type=\"wp-page\" data-elementor-id=\"4641\" class=\"elementor elementor-4641\" data-elementor-post-type=\"page\">\n\t\t\t\t<div class=\"elementor-element elementor-element-5e94cde e-flex e-con-boxed e-con e-parent\" data-id=\"5e94cde\" data-element_type=\"container\" data-e-type=\"container\" data-settings=\"{&quot;background_background&quot;:&quot;classic&quot;}\">\n\t\t\t\t\t<div class=\"e-con-inner\">\n\t\t\t\t<div class=\"elementor-element elementor-element-cfaea1b breadcrumb elementor-widget elementor-widget-breadcrumbs\" data-id=\"cfaea1b\" data-element_type=\"widget\" data-e-type=\"widget\" data-widget_type=\"breadcrumbs.default\">\n\t\t\t\t<div class=\"elementor-widget-container\">\n\t\t\t\t\t<p id=\"breadcrumbs\"><span><span><a href=\"https:\/\/stp.com\/pl\/\">Home<\/a><\/span><\/span><\/p>\t\t\t\t<\/div>\n\t\t\t\t<\/div>\n\t\t<div class=\"elementor-element elementor-element-9197ee0 e-con-full e-flex e-con e-child\" data-id=\"9197ee0\" data-element_type=\"container\" data-e-type=\"container\">\n\t\t<div class=\"elementor-element elementor-element-03eb06b e-con-full product__head e-flex e-con e-child\" data-id=\"03eb06b\" data-element_type=\"container\" data-e-type=\"container\">\n\t\t\t\t<div class=\"elementor-element elementor-element-cbb7f8f elementor-widget elementor-widget-text-editor\" data-id=\"cbb7f8f\" data-element_type=\"widget\" data-e-type=\"widget\" data-widget_type=\"text-editor.default\">\n\t\t\t\t<div class=\"elementor-widget-container\">\n\t\t\t\t\t\t\t\t\t<div class=\"col\"><p>W pa\u017adzierniku 1954 r. trzech przedsi\u0119biorc\u00f3w z kapita\u0142em zak\u0142adowym w wysoko\u015bci zaledwie 3000 USD wprowadzi\u0142o na rynek pierwszy produkt STP\u00ae w St. Joseph, MO. Firma STP\u00ae rozpoczyna dzia\u0142alno\u015b\u0107 z jednym produktem \u2014 STP\u00ae Oil Treatment. Dzi\u0119ki niemu olej silnikowy by\u0142 bardziej odporny na rozcie\u0144czanie w wysokich temperaturach i przy wysokim ci\u015bnieniu.<\/p><\/div>\t\t\t\t\t\t\t\t<\/div>\n\t\t\t\t<\/div>\n\t\t\t\t<\/div>\n\t\t\t\t<\/div>\n\t\t\t\t\t<\/div>\n\t\t\t\t<\/div>\n\t\t<div class=\"elementor-element elementor-element-63146c3 top-red-border e-flex e-con-boxed e-con e-parent\" data-id=\"63146c3\" data-element_type=\"container\" data-e-type=\"container\" data-settings=\"{&quot;background_background&quot;:&quot;classic&quot;}\">\n\t\t\t\t\t<div class=\"e-con-inner\">\n\t\t<div class=\"elementor-element elementor-element-a699833 e-con-full e-flex e-con e-child\" data-id=\"a699833\" data-element_type=\"container\" data-e-type=\"container\">\n\t\t\t\t<div class=\"elementor-element elementor-element-68fb698 elementor-widget elementor-widget-heading\" data-id=\"68fb698\" data-element_type=\"widget\" data-e-type=\"widget\" data-widget_type=\"heading.default\">\n\t\t\t\t<div class=\"elementor-widget-container\">\n\t\t\t\t\t<h2 class=\"elementor-heading-title elementor-size-default\">Nasza historia \u2013 o\u015b czasu\n<\/h2>\t\t\t\t<\/div>\n\t\t\t\t<\/div>\n\t\t\t\t<\/div>\n\t\t<div class=\"elementor-element elementor-element-24ca1e4 e-con-full e-flex e-con e-child\" data-id=\"24ca1e4\" data-element_type=\"container\" data-e-type=\"container\">\n\t\t\t\t<div class=\"elementor-element elementor-element-1933fdc elementor-position-left elementor-vertical-align-middle image-text-section left-image elementor-widget elementor-widget-image-box\" data-id=\"1933fdc\" data-element_type=\"widget\" data-e-type=\"widget\" data-widget_type=\"image-box.default\">\n\t\t\t\t<div class=\"elementor-widget-container\">\n\t\t\t\t\t<div class=\"elementor-image-box-wrapper\"><figure class=\"elementor-image-box-img\"><img fetchpriority=\"high\" decoding=\"async\" width=\"840\" height=\"548\" src=\"https:\/\/stpcdnimage.imgix.net\/wp-content\/uploads\/sites\/15\/2025\/04\/1954-edit.avif\" class=\"attachment-full size-full wp-image-4650\" alt=\"\" \/><\/figure><div class=\"elementor-image-box-content\"><h3 class=\"elementor-image-box-title\">1954<\/h3><p class=\"elementor-image-box-description\">Charles Dwight (Doc) Liggett, Jim Hill i Robert DeHart zaczynaj\u0105 pakowa\u0107 noc\u0105 produkt STP\u00ae Oil Treatment w przydomowym gara\u017cu i sprzedawa\u0107 go z baga\u017cnika podczas podr\u00f3\u017cy s\u0142u\u017cbowych i wycieczek.\n\n<\/p><\/div><\/div>\t\t\t\t<\/div>\n\t\t\t\t<\/div>\n\t\t\t\t<div class=\"elementor-element elementor-element-3ba3c4a elementor-position-right elementor-vertical-align-middle image-text-section elementor-widget elementor-widget-image-box\" data-id=\"3ba3c4a\" data-element_type=\"widget\" data-e-type=\"widget\" data-widget_type=\"image-box.default\">\n\t\t\t\t<div class=\"elementor-widget-container\">\n\t\t\t\t\t<div class=\"elementor-image-box-wrapper\"><figure class=\"elementor-image-box-img\"><img decoding=\"async\" width=\"840\" height=\"548\" src=\"https:\/\/stpcdnimage.imgix.net\/wp-content\/uploads\/sites\/15\/2025\/04\/1960.avif\" class=\"attachment-full size-full wp-image-4651\" alt=\"\" \/><\/figure><div class=\"elementor-image-box-content\"><h3 class=\"elementor-image-box-title\">1960-1961<\/h3><p class=\"elementor-image-box-description\">Za spraw\u0105 pocz\u0105tkowego rozwoju i rentowno\u015bci w wyniku silnego marketingu szeptanego oraz powi\u0105zania marki z wy\u015bcigami samochodowymi firmie STP\u00ae udaje si\u0119 wprowadzi\u0107 na rynek sw\u00f3j pierwszy dodatek do paliwa \u2013 Gas Treatment.\n\n<\/p><\/div><\/div>\t\t\t\t<\/div>\n\t\t\t\t<\/div>\n\t\t\t\t<div class=\"elementor-element elementor-element-6ed6039 elementor-position-left elementor-vertical-align-middle image-text-section left-image elementor-widget elementor-widget-image-box\" data-id=\"6ed6039\" data-element_type=\"widget\" data-e-type=\"widget\" data-widget_type=\"image-box.default\">\n\t\t\t\t<div class=\"elementor-widget-container\">\n\t\t\t\t\t<div class=\"elementor-image-box-wrapper\"><figure class=\"elementor-image-box-img\"><img decoding=\"async\" width=\"537\" height=\"332\" src=\"https:\/\/stpcdnimage.imgix.net\/wp-content\/uploads\/sites\/15\/2025\/04\/1963.avif\" class=\"attachment-full size-full wp-image-4652\" alt=\"\" \/><\/figure><div class=\"elementor-image-box-content\"><h3 class=\"elementor-image-box-title\">1963<\/h3><p class=\"elementor-image-box-description\">Andy Granatelli zostaje dyrektorem naczelnym STP\u00ae i zaczyna rozszerza\u0107 dzia\u0142alno\u015b\u0107 marketingow\u0105 marki za po\u015brednictwem wy\u015bcig\u00f3w samochodowych i regat. Dystrybucja produkt\u00f3w STP\u00ae rozwija si\u0119, a ju\u017c wkr\u00f3tce produkty STP\u00ae mo\u017cna kupi\u0107 na ponad 200 000 stacji paliw w ca\u0142ych Stanach Zjednoczonych.\n\n<\/p><\/div><\/div>\t\t\t\t<\/div>\n\t\t\t\t<\/div>\n\t\t\t\t<div class=\"elementor-element elementor-element-445f1e3 elementor-position-right elementor-vertical-align-middle image-text-section elementor-widget elementor-widget-image-box\" data-id=\"445f1e3\" data-element_type=\"widget\" data-e-type=\"widget\" data-widget_type=\"image-box.default\">\n\t\t\t\t<div class=\"elementor-widget-container\">\n\t\t\t\t\t<div class=\"elementor-image-box-wrapper\"><figure class=\"elementor-image-box-img\"><img loading=\"lazy\" decoding=\"async\" width=\"840\" height=\"548\" src=\"https:\/\/stpcdnimage.imgix.net\/wp-content\/uploads\/sites\/15\/2025\/04\/Late-1960.avif\" class=\"attachment-full size-full wp-image-4656\" alt=\"\" \/><\/figure><div class=\"elementor-image-box-content\"><h3 class=\"elementor-image-box-title\">Ko\u0144c\u00f3wka lat 60.<\/h3><p class=\"elementor-image-box-description\">Do ko\u0144ca 1966 r. sprzeda\u017c osi\u0105ga poziom ponad 43 mln USD. Firma STP\u00ae zostaje sp\u00f3\u0142k\u0105 akcyjn\u0105, a jej akcje debiutuj\u0105 na gie\u0142dzie ameryka\u0144skiej pod symbolem \u201eSTP\u201d. STP\u00ae sponsoruje sw\u00f3j w\u0142asny zesp\u00f3\u0142 rajdowy Indy Car, w kt\u00f3rym \u015bciga si\u0119 Mario Andretti \u2013 zwyci\u0119zca wy\u015bcigu Indianapolis 500 w sezonie 1969.\n\n<\/p><\/div><\/div>\t\t\t\t<\/div>\n\t\t\t\t<\/div>\n\t\t\t\t<div class=\"elementor-element elementor-element-c157b41 elementor-position-left elementor-vertical-align-middle image-text-section left-image elementor-widget elementor-widget-image-box\" data-id=\"c157b41\" data-element_type=\"widget\" data-e-type=\"widget\" data-widget_type=\"image-box.default\">\n\t\t\t\t<div class=\"elementor-widget-container\">\n\t\t\t\t\t<div class=\"elementor-image-box-wrapper\"><figure class=\"elementor-image-box-img\"><img loading=\"lazy\" decoding=\"async\" width=\"330\" height=\"264\" src=\"https:\/\/stpcdnimage.imgix.net\/wp-content\/uploads\/sites\/15\/2025\/04\/richard_driving_1.avif\" class=\"attachment-full size-full wp-image-4657\" alt=\"\" \/><\/figure><div class=\"elementor-image-box-content\"><h3 class=\"elementor-image-box-title\">Lata 70.<\/h3><p class=\"elementor-image-box-description\">STP\u00ae zyskuje rozg\u0142os na ca\u0142ym \u015bwiecie dzi\u0119ki rozpocz\u0119ciu wsp\u00f3\u0142pracy z przysz\u0142\u0105 rajdow\u0105 legend\u0105 NASCAR Richardem Petty, kt\u00f3rych partnerstwo trwa po dzi\u015b dzie\u0144.  Produkty firmy s\u0105 sprzedawane w ca\u0142ych Stanach Zjednoczonych, w Kanadzie, w Meksyku i w prawie 100 krajach na ca\u0142ym \u015bwiecie.\n\n<\/p><\/div><\/div>\t\t\t\t<\/div>\n\t\t\t\t<\/div>\n\t\t\t\t<div class=\"elementor-element elementor-element-eaf9e93 elementor-position-right elementor-vertical-align-middle image-text-section elementor-widget elementor-widget-image-box\" data-id=\"eaf9e93\" data-element_type=\"widget\" data-e-type=\"widget\" data-widget_type=\"image-box.default\">\n\t\t\t\t<div class=\"elementor-widget-container\">\n\t\t\t\t\t<div class=\"elementor-image-box-wrapper\"><figure class=\"elementor-image-box-img\"><img loading=\"lazy\" decoding=\"async\" width=\"330\" height=\"413\" src=\"https:\/\/stpcdnimage.imgix.net\/wp-content\/uploads\/sites\/15\/2025\/04\/richard-trophy.avif\" class=\"attachment-full size-full wp-image-4661\" alt=\"\" \/><\/figure><div class=\"elementor-image-box-content\"><h3 class=\"elementor-image-box-title\">Lata 80.<\/h3><p class=\"elementor-image-box-description\">W 1981 r. Richard Petty po raz 7 i ostatni wygrywa rajd Daytona 500 w samochodzie STP nr 43. W 1985 r. Petty wygra dwusetny rajd w swojej karierze.\n\n<\/p><\/div><\/div>\t\t\t\t<\/div>\n\t\t\t\t<\/div>\n\t\t\t\t<div class=\"elementor-element elementor-element-40815d4 elementor-position-left elementor-vertical-align-middle image-text-section left-image elementor-widget elementor-widget-image-box\" data-id=\"40815d4\" data-element_type=\"widget\" data-e-type=\"widget\" data-widget_type=\"image-box.default\">\n\t\t\t\t<div class=\"elementor-widget-container\">\n\t\t\t\t\t<div class=\"elementor-image-box-wrapper\"><figure class=\"elementor-image-box-img\"><img loading=\"lazy\" decoding=\"async\" width=\"420\" height=\"279\" src=\"https:\/\/stpcdnimage.imgix.net\/wp-content\/uploads\/sites\/15\/2025\/04\/1990s.avif\" class=\"attachment-full size-full wp-image-4665\" alt=\"\" \/><\/figure><div class=\"elementor-image-box-content\"><h3 class=\"elementor-image-box-title\">Lata 90.<\/h3><p class=\"elementor-image-box-description\">W 1996 r. STP wprowadza na rynek sw\u00f3j pierwszy produkt z serii Complete Fuel System Cleaner, a Bobby Hamilton wygrywa sw\u00f3j pierwszy rajd w Phoenix, przywracaj\u0105c samoch\u00f3d nr 43 na pozycj\u0119 lidera.\n\n<\/p><\/div><\/div>\t\t\t\t<\/div>\n\t\t\t\t<\/div>\n\t\t\t\t<div class=\"elementor-element elementor-element-7d6233d elementor-position-right elementor-vertical-align-middle image-text-section elementor-widget elementor-widget-image-box\" data-id=\"7d6233d\" data-element_type=\"widget\" data-e-type=\"widget\" data-widget_type=\"image-box.default\">\n\t\t\t\t<div class=\"elementor-widget-container\">\n\t\t\t\t\t<div class=\"elementor-image-box-wrapper\"><figure class=\"elementor-image-box-img\"><img loading=\"lazy\" decoding=\"async\" width=\"840\" height=\"548\" src=\"https:\/\/stpcdnimage.imgix.net\/wp-content\/uploads\/sites\/15\/2025\/04\/2000.avif\" class=\"attachment-full size-full wp-image-4669\" alt=\"\" \/><\/figure><div class=\"elementor-image-box-content\"><h3 class=\"elementor-image-box-title\">2009<\/h3><p class=\"elementor-image-box-description\">W 2009 r. Richard Petty zasiada za kierownic\u0105 samochodu bezpiecze\u0144stwa w rajdzie Daytona 500\u00ae w ramach obchod\u00f3w 25. rocznicy jego dwusetnego zwyci\u0119stwa. Kierowca STP\u00ae i Armor All World of Outlaws\u2122 Donny Schatz po raz czwarty z rz\u0119du wygrywa mistrzostwa Knoxville National w samochodzie STP\u00ae Indy 500 Tribute.\n\n<\/p><\/div><\/div>\t\t\t\t<\/div>\n\t\t\t\t<\/div>\n\t\t\t\t<div class=\"elementor-element elementor-element-404287d elementor-position-left elementor-vertical-align-middle image-text-section left-image elementor-widget elementor-widget-image-box\" data-id=\"404287d\" data-element_type=\"widget\" data-e-type=\"widget\" data-widget_type=\"image-box.default\">\n\t\t\t\t<div class=\"elementor-widget-container\">\n\t\t\t\t\t<div class=\"elementor-image-box-wrapper\"><figure class=\"elementor-image-box-img\"><img loading=\"lazy\" decoding=\"async\" width=\"330\" height=\"200\" src=\"https:\/\/stpcdnimage.imgix.net\/wp-content\/uploads\/sites\/15\/2025\/04\/2014.avif\" class=\"attachment-full size-full wp-image-4670\" alt=\"\" \/><\/figure><div class=\"elementor-image-box-content\"><h3 class=\"elementor-image-box-title\">2014 r.<\/h3><p class=\"elementor-image-box-description\">W 2014 r. STP obchodzi swoje 60. urodziny, wprowadzaj\u0105c na rynek produkt Ultra 5-in-1 Fuel System Cleaner i organizuj\u0105c rajd STP 500 na torze Martinsville Speedway, kt\u00f3ry wygrywa Kurt Busch.\n\n<\/p><\/div><\/div>\t\t\t\t<\/div>\n\t\t\t\t<\/div>\n\t\t\t\t<div class=\"elementor-element elementor-element-d24428f elementor-position-right elementor-vertical-align-middle image-text-section elementor-widget elementor-widget-image-box\" data-id=\"d24428f\" data-element_type=\"widget\" data-e-type=\"widget\" data-widget_type=\"image-box.default\">\n\t\t\t\t<div class=\"elementor-widget-container\">\n\t\t\t\t\t<div class=\"elementor-image-box-wrapper\"><figure class=\"elementor-image-box-img\"><img loading=\"lazy\" decoding=\"async\" width=\"1350\" height=\"901\" src=\"https:\/\/stpcdnimage.imgix.net\/wp-content\/uploads\/sites\/15\/2025\/04\/2018.avif\" class=\"attachment-full size-full wp-image-4674\" alt=\"\" \/><\/figure><div class=\"elementor-image-box-content\"><h3 class=\"elementor-image-box-title\">2018 R.<\/h3><p class=\"elementor-image-box-description\">W 2018 r. do zespo\u0142u Richard Petty Motorsports do\u0142\u0105cza Darrell \u201eBubba\u201d Wallace Jr., by \u015bciga\u0107 si\u0119 w s\u0142ynnym samochodzie STP nr 43 w rajdzie NASCAR Cup Series. Jest on pierwszym pe\u0142noetatowym afroameryka\u0144skim rajdowcem w pucharze NASCAR od czas\u00f3w Wendella Scotta w 1971 r. Bubba rozpoczyna sezon 2018 od zdobycia mocnego 2. miejsca w rajdzie Daytona 500.\n\n<\/p><\/div><\/div>\t\t\t\t<\/div>\n\t\t\t\t<\/div>\n\t\t\t\t<div class=\"elementor-element elementor-element-26f4551 elementor-position-left elementor-vertical-align-middle image-text-section left-image elementor-widget elementor-widget-image-box\" data-id=\"26f4551\" data-element_type=\"widget\" data-e-type=\"widget\" data-widget_type=\"image-box.default\">\n\t\t\t\t<div class=\"elementor-widget-container\">\n\t\t\t\t\t<div class=\"elementor-image-box-wrapper\"><figure class=\"elementor-image-box-img\"><img loading=\"lazy\" decoding=\"async\" width=\"848\" height=\"477\" src=\"https:\/\/stpcdnimage.imgix.net\/wp-content\/uploads\/sites\/15\/2025\/05\/Racing-9.avif\" class=\"attachment-full size-full wp-image-7625\" alt=\"\" \/><\/figure><div class=\"elementor-image-box-content\"><h3 class=\"elementor-image-box-title\">2020\/21 r.<\/h3><p class=\"elementor-image-box-description\">STP wprowadza na rynek Dodatek ceramiczny do oleju silnikowego i \u015bwi\u0119tuje 50 lat partnerstwa z zespo\u0142em Richard Petty Motorsports, pozostaj\u0105c sponsorem stowarzyszonym zespo\u0142u i jego kierowcy Erika Jonesa \u015bcigaj\u0105cego si\u0119 w Chevrolecie nr 43 przez ca\u0142y sezon NASCAR Cup Series.\n\n<\/p><\/div><\/div>\t\t\t\t<\/div>\n\t\t\t\t<\/div>\n\t\t\t\t<\/div>\n\t\t\t\t\t<\/div>\n\t\t\t\t<\/div>\n\t\t\t\t<\/div>\n\t\t","protected":false},"excerpt":{"rendered":"<p>W pa\u017adzierniku 1954 r. trzech przedsi\u0119biorc\u00f3w z kapita\u0142em zak\u0142adowym w wysoko\u015bci zaledwie 3000 USD wprowadzi\u0142o na rynek pierwszy produkt STP\u00ae w St. Joseph, MO. Firma STP\u00ae rozpoczyna dzia\u0142alno\u015b\u0107 z jednym produktem \u2014 STP\u00ae Oil Treatment. Dzi\u0119ki niemu olej silnikowy by\u0142 bardziej odporny na rozcie\u0144czanie w wysokich temperaturach i przy wysokim ci\u015bnieniu. Nasza historia \u2013 o\u015b [&hellip;]<\/p>\n","protected":false},"author":1,"featured_media":0,"parent":4227,"menu_order":0,"comment_status":"closed","ping_status":"closed","template":"","meta":{"_acf_changed":false,"footnotes":""},"class_list":["post-4641","page","type-page","status-publish","hentry"],"acf":[],"yoast_head":"<!-- This site is optimized with the Yoast SEO plugin v27.4 - https:\/\/yoast.com\/product\/yoast-seo-wordpress\/ -->\n<title>Historia STP\u00ae - STP Poland<\/title>\n<meta name=\"robots\" content=\"index, follow, max-snippet:-1, max-image-preview:large, max-video-preview:-1\" \/>\n<link rel=\"canonical\" href=\"https:\/\/stp.com\/pl\/o-nas\/nasza-historia\/\" \/>\n<meta property=\"og:locale\" content=\"en_US\" \/>\n<meta property=\"og:type\" content=\"article\" \/>\n<meta property=\"og:title\" content=\"Historia STP\u00ae - STP Poland\" \/>\n<meta property=\"og:description\" content=\"W pa\u017adzierniku 1954 r. trzech przedsi\u0119biorc\u00f3w z kapita\u0142em zak\u0142adowym w wysoko\u015bci zaledwie 3000 USD wprowadzi\u0142o na rynek pierwszy produkt STP\u00ae w St. Joseph, MO. Firma STP\u00ae rozpoczyna dzia\u0142alno\u015b\u0107 z jednym produktem \u2014 STP\u00ae Oil Treatment. Dzi\u0119ki niemu olej silnikowy by\u0142 bardziej odporny na rozcie\u0144czanie w wysokich temperaturach i przy wysokim ci\u015bnieniu. Nasza historia \u2013 o\u015b [&hellip;]\" \/>\n<meta property=\"og:url\" content=\"https:\/\/stp.com\/pl\/o-nas\/nasza-historia\/\" \/>\n<meta property=\"og:site_name\" content=\"STP Poland\" \/>\n<meta property=\"article:modified_time\" content=\"2025-05-21T13:32:01+00:00\" \/>\n<meta property=\"og:image\" content=\"https:\/\/stp.com\/pl\/wp-content\/uploads\/sites\/15\/2025\/04\/1954-edit.avif\" \/>\n<meta name=\"twitter:card\" content=\"summary_large_image\" \/>\n<meta name=\"twitter:label1\" content=\"Est. reading time\" \/>\n\t<meta name=\"twitter:data1\" content=\"5 minutes\" \/>\n<script type=\"application\/ld+json\" class=\"yoast-schema-graph\">{\"@context\":\"https:\\\/\\\/schema.org\",\"@graph\":[{\"@type\":\"WebPage\",\"@id\":\"https:\\\/\\\/stp.com\\\/pl\\\/o-nas\\\/nasza-historia\\\/\",\"url\":\"https:\\\/\\\/stp.com\\\/pl\\\/o-nas\\\/nasza-historia\\\/\",\"name\":\"Historia STP\u00ae - STP Poland\",\"isPartOf\":{\"@id\":\"https:\\\/\\\/stp.com\\\/pl\\\/#website\"},\"primaryImageOfPage\":{\"@id\":\"https:\\\/\\\/stp.com\\\/pl\\\/o-nas\\\/nasza-historia\\\/#primaryimage\"},\"image\":{\"@id\":\"https:\\\/\\\/stp.com\\\/pl\\\/o-nas\\\/nasza-historia\\\/#primaryimage\"},\"thumbnailUrl\":\"https:\\\/\\\/stp.com\\\/pl\\\/wp-content\\\/uploads\\\/sites\\\/15\\\/2025\\\/04\\\/1954-edit.avif\",\"datePublished\":\"2025-04-03T06:58:30+00:00\",\"dateModified\":\"2025-05-21T13:32:01+00:00\",\"breadcrumb\":{\"@id\":\"https:\\\/\\\/stp.com\\\/pl\\\/o-nas\\\/nasza-historia\\\/#breadcrumb\"},\"inLanguage\":\"en-US\",\"potentialAction\":[{\"@type\":\"ReadAction\",\"target\":[\"https:\\\/\\\/stp.com\\\/pl\\\/o-nas\\\/nasza-historia\\\/\"]}]},{\"@type\":\"ImageObject\",\"inLanguage\":\"en-US\",\"@id\":\"https:\\\/\\\/stp.com\\\/pl\\\/o-nas\\\/nasza-historia\\\/#primaryimage\",\"url\":\"https:\\\/\\\/stpcdnimage.imgix.net\\\/wp-content\\\/uploads\\\/sites\\\/15\\\/2025\\\/04\\\/1954-edit.avif\",\"contentUrl\":\"https:\\\/\\\/stpcdnimage.imgix.net\\\/wp-content\\\/uploads\\\/sites\\\/15\\\/2025\\\/04\\\/1954-edit.avif\",\"width\":840,\"height\":548},{\"@type\":\"BreadcrumbList\",\"@id\":\"https:\\\/\\\/stp.com\\\/pl\\\/o-nas\\\/nasza-historia\\\/#breadcrumb\",\"itemListElement\":[{\"@type\":\"ListItem\",\"position\":1,\"name\":\"Home\",\"item\":\"https:\\\/\\\/stp.com\\\/pl\\\/\"},{\"@type\":\"ListItem\",\"position\":2,\"name\":\"O nas\",\"item\":\"https:\\\/\\\/stp.com\\\/pl\\\/o-nas\\\/\"},{\"@type\":\"ListItem\",\"position\":3,\"name\":\"Historia STP\u00ae\"}]},{\"@type\":\"WebSite\",\"@id\":\"https:\\\/\\\/stp.com\\\/pl\\\/#website\",\"url\":\"https:\\\/\\\/stp.com\\\/pl\\\/\",\"name\":\"STP Poland\",\"description\":\"Science. Technology. Performance\",\"potentialAction\":[{\"@type\":\"SearchAction\",\"target\":{\"@type\":\"EntryPoint\",\"urlTemplate\":\"https:\\\/\\\/stp.com\\\/pl\\\/?s={search_term_string}\"},\"query-input\":{\"@type\":\"PropertyValueSpecification\",\"valueRequired\":true,\"valueName\":\"search_term_string\"}}],\"inLanguage\":\"en-US\"}]}<\/script>\n<!-- \/ Yoast SEO plugin. -->","yoast_head_json":{"title":"Historia STP\u00ae - STP Poland","robots":{"index":"index","follow":"follow","max-snippet":"max-snippet:-1","max-image-preview":"max-image-preview:large","max-video-preview":"max-video-preview:-1"},"canonical":"https:\/\/stp.com\/pl\/o-nas\/nasza-historia\/","og_locale":"en_US","og_type":"article","og_title":"Historia STP\u00ae - STP Poland","og_description":"W pa\u017adzierniku 1954 r. trzech przedsi\u0119biorc\u00f3w z kapita\u0142em zak\u0142adowym w wysoko\u015bci zaledwie 3000 USD wprowadzi\u0142o na rynek pierwszy produkt STP\u00ae w St. Joseph, MO. Firma STP\u00ae rozpoczyna dzia\u0142alno\u015b\u0107 z jednym produktem \u2014 STP\u00ae Oil Treatment. Dzi\u0119ki niemu olej silnikowy by\u0142 bardziej odporny na rozcie\u0144czanie w wysokich temperaturach i przy wysokim ci\u015bnieniu. Nasza historia \u2013 o\u015b [&hellip;]","og_url":"https:\/\/stp.com\/pl\/o-nas\/nasza-historia\/","og_site_name":"STP Poland","article_modified_time":"2025-05-21T13:32:01+00:00","og_image":[{"url":"https:\/\/stp.com\/pl\/wp-content\/uploads\/sites\/15\/2025\/04\/1954-edit.avif","type":"","width":"","height":""}],"twitter_card":"summary_large_image","twitter_misc":{"Est. reading time":"5 minutes"},"schema":{"@context":"https:\/\/schema.org","@graph":[{"@type":"WebPage","@id":"https:\/\/stp.com\/pl\/o-nas\/nasza-historia\/","url":"https:\/\/stp.com\/pl\/o-nas\/nasza-historia\/","name":"Historia STP\u00ae - STP Poland","isPartOf":{"@id":"https:\/\/stp.com\/pl\/#website"},"primaryImageOfPage":{"@id":"https:\/\/stp.com\/pl\/o-nas\/nasza-historia\/#primaryimage"},"image":{"@id":"https:\/\/stp.com\/pl\/o-nas\/nasza-historia\/#primaryimage"},"thumbnailUrl":"https:\/\/stp.com\/pl\/wp-content\/uploads\/sites\/15\/2025\/04\/1954-edit.avif","datePublished":"2025-04-03T06:58:30+00:00","dateModified":"2025-05-21T13:32:01+00:00","breadcrumb":{"@id":"https:\/\/stp.com\/pl\/o-nas\/nasza-historia\/#breadcrumb"},"inLanguage":"en-US","potentialAction":[{"@type":"ReadAction","target":["https:\/\/stp.com\/pl\/o-nas\/nasza-historia\/"]}]},{"@type":"ImageObject","inLanguage":"en-US","@id":"https:\/\/stp.com\/pl\/o-nas\/nasza-historia\/#primaryimage","url":"https:\/\/stpcdnimage.imgix.net\/wp-content\/uploads\/sites\/15\/2025\/04\/1954-edit.avif","contentUrl":"https:\/\/stpcdnimage.imgix.net\/wp-content\/uploads\/sites\/15\/2025\/04\/1954-edit.avif","width":840,"height":548},{"@type":"BreadcrumbList","@id":"https:\/\/stp.com\/pl\/o-nas\/nasza-historia\/#breadcrumb","itemListElement":[{"@type":"ListItem","position":1,"name":"Home","item":"https:\/\/stp.com\/pl\/"},{"@type":"ListItem","position":2,"name":"O nas","item":"https:\/\/stp.com\/pl\/o-nas\/"},{"@type":"ListItem","position":3,"name":"Historia STP\u00ae"}]},{"@type":"WebSite","@id":"https:\/\/stp.com\/pl\/#website","url":"https:\/\/stp.com\/pl\/","name":"STP Poland","description":"Science. Technology. Performance","potentialAction":[{"@type":"SearchAction","target":{"@type":"EntryPoint","urlTemplate":"https:\/\/stp.com\/pl\/?s={search_term_string}"},"query-input":{"@type":"PropertyValueSpecification","valueRequired":true,"valueName":"search_term_string"}}],"inLanguage":"en-US"}]}},"_links":{"self":[{"href":"https:\/\/stp.com\/pl\/wp-json\/wp\/v2\/pages\/4641","targetHints":{"allow":["GET"]}}],"collection":[{"href":"https:\/\/stp.com\/pl\/wp-json\/wp\/v2\/pages"}],"about":[{"href":"https:\/\/stp.com\/pl\/wp-json\/wp\/v2\/types\/page"}],"author":[{"embeddable":true,"href":"https:\/\/stp.com\/pl\/wp-json\/wp\/v2\/users\/1"}],"replies":[{"embeddable":true,"href":"https:\/\/stp.com\/pl\/wp-json\/wp\/v2\/comments?post=4641"}],"version-history":[{"count":74,"href":"https:\/\/stp.com\/pl\/wp-json\/wp\/v2\/pages\/4641\/revisions"}],"predecessor-version":[{"id":7903,"href":"https:\/\/stp.com\/pl\/wp-json\/wp\/v2\/pages\/4641\/revisions\/7903"}],"up":[{"embeddable":true,"href":"https:\/\/stp.com\/pl\/wp-json\/wp\/v2\/pages\/4227"}],"wp:attachment":[{"href":"https:\/\/stp.com\/pl\/wp-json\/wp\/v2\/media?parent=4641"}],"curies":[{"name":"wp","href":"https:\/\/api.w.org\/{rel}","templated":true}]}}