{"id":4229,"date":"2025-04-01T17:19:02","date_gmt":"2025-04-01T11:49:02","guid":{"rendered":"https:\/\/c38a2c2a6e.nxcli.io\/pl\/?page_id=4229"},"modified":"2025-05-20T16:17:44","modified_gmt":"2025-05-20T10:47:44","slug":"richard-petty","status":"publish","type":"page","link":"https:\/\/stp.com\/pl\/o-nas\/wyscigi\/richard-petty\/","title":{"rendered":"Richard Petty"},"content":{"rendered":"\t\t<div data-elementor-type=\"wp-page\" data-elementor-id=\"4229\" class=\"elementor elementor-4229\" data-elementor-post-type=\"page\">\n\t\t\t\t<div class=\"elementor-element elementor-element-ad0d103 e-flex e-con-boxed e-con e-parent\" data-id=\"ad0d103\" data-element_type=\"container\" data-e-type=\"container\" data-settings=\"{&quot;background_background&quot;:&quot;classic&quot;}\">\n\t\t\t\t\t<div class=\"e-con-inner\">\n\t\t\t\t<div class=\"elementor-element elementor-element-800fae0 breadcrumb elementor-widget elementor-widget-breadcrumbs\" data-id=\"800fae0\" data-element_type=\"widget\" data-e-type=\"widget\" data-widget_type=\"breadcrumbs.default\">\n\t\t\t\t<div class=\"elementor-widget-container\">\n\t\t\t\t\t<p id=\"breadcrumbs\"><span><span><a href=\"https:\/\/stp.com\/pl\/\">Home<\/a><\/span><\/span><\/p>\t\t\t\t<\/div>\n\t\t\t\t<\/div>\n\t\t<div class=\"elementor-element elementor-element-3b41fe2 e-con-full e-flex e-con e-child\" data-id=\"3b41fe2\" data-element_type=\"container\" data-e-type=\"container\">\n\t\t<div class=\"elementor-element elementor-element-771f759 e-con-full product__head e-flex e-con e-child\" data-id=\"771f759\" data-element_type=\"container\" data-e-type=\"container\">\n\t\t\t\t<\/div>\n\t\t\t\t<\/div>\n\t\t\t\t\t<\/div>\n\t\t\t\t<\/div>\n\t\t<div class=\"elementor-element elementor-element-5f702f7 e-flex e-con-boxed e-con e-parent\" data-id=\"5f702f7\" data-element_type=\"container\" data-e-type=\"container\" data-settings=\"{&quot;background_background&quot;:&quot;classic&quot;}\">\n\t\t\t\t\t<div class=\"e-con-inner\">\n\t\t\t\t<div class=\"elementor-element elementor-element-4dea62b elementor-widget elementor-widget-heading\" data-id=\"4dea62b\" data-element_type=\"widget\" data-e-type=\"widget\" data-widget_type=\"heading.default\">\n\t\t\t\t<div class=\"elementor-widget-container\">\n\t\t\t\t\t<h2 class=\"elementor-heading-title elementor-size-default\">Kr\u00f3l w\u015br\u00f3d rajdowc\u00f3w\n<\/h2>\t\t\t\t<\/div>\n\t\t\t\t<\/div>\n\t\t\t\t<div class=\"elementor-element elementor-element-b445cb6 elementor-widget elementor-widget-video\" data-id=\"b445cb6\" data-element_type=\"widget\" data-e-type=\"widget\" data-settings=\"{&quot;youtube_url&quot;:&quot;https:\\\/\\\/youtu.be\\\/byf_-95rUh0?feature=shared&quot;,&quot;yt_privacy&quot;:&quot;yes&quot;,&quot;video_type&quot;:&quot;youtube&quot;,&quot;controls&quot;:&quot;yes&quot;}\" data-widget_type=\"video.default\">\n\t\t\t\t<div class=\"elementor-widget-container\">\n\t\t\t\t\t\t\t<div class=\"elementor-wrapper elementor-open-inline\">\n\t\t\t<div class=\"elementor-video\"><\/div>\t\t<\/div>\n\t\t\t\t\t\t<\/div>\n\t\t\t\t<\/div>\n\t\t<div class=\"elementor-element elementor-element-451e08a e-flex e-con-boxed e-con e-child\" data-id=\"451e08a\" data-element_type=\"container\" data-e-type=\"container\">\n\t\t\t\t\t<div class=\"e-con-inner\">\n\t\t\t\t<div class=\"elementor-element elementor-element-03fdad3 elementor-widget elementor-widget-heading\" data-id=\"03fdad3\" data-element_type=\"widget\" data-e-type=\"widget\" data-widget_type=\"heading.default\">\n\t\t\t\t<div class=\"elementor-widget-container\">\n\t\t\t\t\t<h2 class=\"elementor-heading-title elementor-size-default\">Zawsze z STP\n<\/h2>\t\t\t\t<\/div>\n\t\t\t\t<\/div>\n\t\t\t\t<div class=\"elementor-element elementor-element-efcbe6c elementor-widget elementor-widget-heading\" data-id=\"efcbe6c\" data-element_type=\"widget\" data-e-type=\"widget\" data-widget_type=\"heading.default\">\n\t\t\t\t<div class=\"elementor-widget-container\">\n\t\t\t\t\t<h3 class=\"elementor-heading-title elementor-size-default\">AUTOR: MIKE HARRIS\n\n<\/h3>\t\t\t\t<\/div>\n\t\t\t\t<\/div>\n\t\t\t\t<div class=\"elementor-element elementor-element-00fdab1 elementor-widget elementor-widget-text-editor\" data-id=\"00fdab1\" data-element_type=\"widget\" data-e-type=\"widget\" data-widget_type=\"text-editor.default\">\n\t\t\t\t<div class=\"elementor-widget-container\">\n\t\t\t\t\t\t\t\t\t<p>Umowa, kt\u00f3ra na zawsze odmieni\u0142a \u015bwiat sponsoringu wy\u015bcig\u00f3w NASCAR i doprowadzi\u0142a do powstania jednego z najs\u0142ynniejszych samochod\u00f3w rajdowych w historii prawie nie dosz\u0142a do skutku, gdy\u017c dw\u00f3ch upartych pan\u00f3w nie zgadza\u0142o si\u0119 co do kolorystki.<\/p><p>Richard Petty by\u0142 powi\u0105zany z firm\u0105 STP od 1972 r., kiedy prezes firmy STP, Andy Granatelli zwr\u00f3ci\u0142 si\u0119 do niego z pro\u015bb\u0105 o umieszczenie logo firmy na s\u0142ynnym samochodzie wy\u015bcigowym nr 43. Petty aktywnie poszukiwa\u0142 sponsora, a Granatelli od dawna by\u0142 zainteresowany udzia\u0142em w wy\u015bcigach NASCAR po znacz\u0105cym sukcesie w wy\u015bcigach Open Wheel i wy\u015bcigach r\u00f3wnoleg\u0142ych.<\/p><p>Granatelli szuka\u0142 znanej twarzy, kt\u00f3ra reprezentowa\u0142aby jego produkty, a Petty, powszechnie znany jako \u201eKr\u00f3l\u201d, doskonale si\u0119 do tego nadawa\u0142, gdy\u017c \u015bwietnie czu\u0142 si\u0119 zar\u00f3wno pod mask\u0105 samochodu, jak i za kierownic\u0105. Petty dobrze wiedzia\u0142, co firma STP mog\u0142a zrobi\u0107 dla jego zespo\u0142u \u2013 zar\u00f3wno jako sponsor, jak i dostawca wyj\u0105tkowych produkt\u00f3w. \u201eGranatelli zdecydowa\u0142 si\u0119 podpisa\u0107 z nami umow\u0119\u201d wyja\u015bni\u0142 Petty.\u00a0 \u201eWeszli\u015bmy do pokoju, a on powiedzia\u0142 \u00abOto kontrakt, a umowa wygl\u0105da tak: dostajecie 250 tys. USD w ramach sponsoringu, a w zamian zamierzam wykorzysta\u0107 Tw\u00f3j wizerunek w reklamach w ca\u0142ym kraju\u00bb\u201d.<\/p><p>Dla Kr\u00f3la brzmia\u0142o to doskonale. Ale wtedy pojawi\u0142 si\u0119 problem z kolorystyk\u0105.<\/p><p>\u201eRozmawiali\u015bmy z Granatellim i wszystko sz\u0142o w dobrym kierunku. Ustalili\u015bmy warunki umowy i gdy ju\u017c wychodzili\u015bmy, Granatelli powiedzia\u0142 \u00abOczywi\u015bcie samoch\u00f3d b\u0119dzie jasnoczerwony\u00bb, czyli w kolorze firmy STP. Powiedzia\u0142em \u00abNie ma mowy. Samoch\u00f3d musi by\u0107 niebieski.\u00bb Wsta\u0142em i skierowa\u0142em swoje kroki do wyj\u015bcia. By\u0142em bardzo uparty. Ale on r\u00f3wnie\u017c.\u201d Petty u\u015bmiecha si\u0119, wspominaj\u0105c ten moment.<\/p><p>\u201eOdrzucenie tej oferty nie by\u0142o chyba zbyt m\u0105drym krokiem\u201d powiedzia\u0142.\u00a0 \u201eNie mieli\u015bmy nic, \u017cadnego sponsora, i w\u0142a\u015bnie odrzuca\u0142em kwot\u0119 250 tys. USD\u201d.<\/p><p>Emocje ostyg\u0142y i Granatelli zaproponowa\u0142, aby Petty przemy\u015bla\u0142 ofert\u0119 przez noc.<\/p><p>Nast\u0119pnego ranka osi\u0105gni\u0119to kompromis, tworz\u0105c samochody wy\u015bcigowe w kolorze jasnoczerwonym i niebieskim, kt\u00f3re Kr\u00f3l, najpopularniejszy kierowca w historii tego sportu i niezmienny ulubieniec fan\u00f3w, nawet jako w\u0142a\u015bciciel zespo\u0142u i ambasador wy\u015bcig\u00f3w Stock Cars, prowadzi\u0142 przez reszt\u0119 swojej kariery. To by\u0142a olbrzymia transakcja dla STP i Granatelliego, kt\u00f3ry nie by\u0142 w stanie dosta\u0107 si\u0119 do NASCAR, gdy Pure Oil zawar\u0142 z organizacj\u0105 umow\u0119 na wy\u0142\u0105czno\u015b\u0107.<\/p><p>\u201e\u0141apali\u015bmy kierowc\u00f3w niedaleko toru i dawali\u015bmy im produkty STP, aby mogli z nich korzysta\u0107\u201d powiedzia\u0142 Granatelli. \u201eNie mieli\u015bmy z tego \u017cadnych korzy\u015bci, ale kierowcy jak najbardziej. Przyzwyczajali\u015bmy ich do korzystania z naszych produkt\u00f3w.\u201d<\/p><p>Kwota tego pierwszego kontraktu to te\u017c by\u0142a du\u017ca sprawa. Sponsoring STP da\u0142 Petty\u2019emu du\u017c\u0105 przewag\u0119 nad konkurencj\u0105.<\/p><p>\u201e250 tys. USD da\u0142o nam przewag\u0119. Mogli\u015bmy zainwestowa\u0107 w lepszy sprz\u0119t\u201d powiedzia\u0142 Petty. \u201eW ten spos\u00f3b rozpocz\u0119\u0142a si\u0119 rewolucja, ludzie zdobywali pieni\u0105dze z zewn\u0105trz i mieli cz\u0119\u015b\u0107 bud\u017cetu ju\u017c przed rozpocz\u0119ciem sezonu. Wcze\u015bniej zaczynali\u015bmy sezon ca\u0142kowicie sp\u0142ukani. \u017byli\u015bmy od wy\u015bcigu do wy\u015bcigu.\u00a0 Tak to ju\u017c po prostu wygl\u0105da\u0142o.\u201d<\/p><p>Jim Hunter, wieloletni dyrektor NASCAR, powiedzia\u0142, \u017ce nawi\u0105zanie partnerstwa STP-Petty by\u0142o kluczowym momentem dla przysz\u0142o\u015bci tego sportu.<\/p><p>\u201ePetty podpisa\u0142 kontrakt \u017cycia, a firma STP dobrze go wykorzysta\u0142a. To by\u0142a firma marketingowa i powi\u0105za\u0142a wszystkie swoje reklamy z wy\u015bcigami, a w szczeg\u00f3lno\u015bci z \u00abKr\u00f3lem\u00bb\u201d, powiedzia\u0142 Hunter. \u201eMoim zdaniem by\u0142 to z\u0142oty standard sponsoringu w NASCAR\u201d.<\/p><p>\u201eSTP by\u0142 pierwszym og\u00f3lnokrajowym sponsorem w wy\u015bcigach o puchar.\u201d \u201eWcze\u015bniej by\u0142 to zwykle sklep spo\u017cywczy mamy lub taty albo czyj\u015b warsztat albo czyj\u015b ma\u0142y salon samochodowy, ale odbywa\u0142o si\u0119 to na poziomie lokalnym. Nikt nie podpisywa\u0142 kontrakt\u00f3w og\u00f3lnokrajowych. W tym przypadku wy\u015bcigi o puchar po raz pierwszy wesz\u0142y na poziom og\u00f3lnokrajowy. Po STP nast\u0119pny w kolejno\u015bci by\u0142 chyba Purolator, a potem inni.\u201d<\/p><p>Kr\u00f3l podpisa\u0142 kontrakt \u017cycia, kt\u00f3ry obowi\u0105zywa\u0142 do ko\u0144ca jego kariery kierowcy rajdowego. Jednak umowa obejmuj\u0105ca sponsoring, kt\u00f3ry trwa\u0142 ponad 32 lata, nie wygas\u0142a wraz z zako\u0144czeniem jego kariery kierowcy, co nast\u0105pi\u0142o w 1992 r.<\/p><p>I obowi\u0105zuje nadal.<\/p><p>\u201eNadal jeste\u015bmy partnerami. Nie na zasadzie sponsoringu, ale na poziomie us\u0142ugowym. Od 1972 r. Richard Petty jest cz\u0142owiekiem STP i prawdopodobnie b\u0119dzie nim ju\u017c zawsze\u201d podsumowa\u0142 Kr\u00f3l z u\u015bmiechem.<\/p>\t\t\t\t\t\t\t\t<\/div>\n\t\t\t\t<\/div>\n\t\t\t\t\t<\/div>\n\t\t\t\t<\/div>\n\t\t\t\t\t<\/div>\n\t\t\t\t<\/div>\n\t\t\t\t<\/div>\n\t\t","protected":false},"excerpt":{"rendered":"<p>Kr\u00f3l w\u015br\u00f3d rajdowc\u00f3w Zawsze z STP AUTOR: MIKE HARRIS Umowa, kt\u00f3ra na zawsze odmieni\u0142a \u015bwiat sponsoringu wy\u015bcig\u00f3w NASCAR i doprowadzi\u0142a do powstania jednego z najs\u0142ynniejszych samochod\u00f3w rajdowych w historii prawie nie dosz\u0142a do skutku, gdy\u017c dw\u00f3ch upartych pan\u00f3w nie zgadza\u0142o si\u0119 co do kolorystki. Richard Petty by\u0142 powi\u0105zany z firm\u0105 STP od 1972 r., kiedy [&hellip;]<\/p>\n","protected":false},"author":1,"featured_media":0,"parent":4271,"menu_order":0,"comment_status":"closed","ping_status":"closed","template":"","meta":{"_acf_changed":false,"footnotes":""},"class_list":["post-4229","page","type-page","status-publish","hentry"],"acf":[],"yoast_head":"<!-- This site is optimized with the Yoast SEO plugin v27.4 - https:\/\/yoast.com\/product\/yoast-seo-wordpress\/ -->\n<title>Richard Petty - STP Poland<\/title>\n<meta name=\"robots\" content=\"index, follow, max-snippet:-1, max-image-preview:large, max-video-preview:-1\" \/>\n<link rel=\"canonical\" href=\"https:\/\/stp.com\/pl\/o-nas\/wyscigi\/richard-petty\/\" \/>\n<meta property=\"og:locale\" content=\"en_US\" \/>\n<meta property=\"og:type\" content=\"article\" \/>\n<meta property=\"og:title\" content=\"Richard Petty - STP Poland\" \/>\n<meta property=\"og:description\" content=\"Kr\u00f3l w\u015br\u00f3d rajdowc\u00f3w Zawsze z STP AUTOR: MIKE HARRIS Umowa, kt\u00f3ra na zawsze odmieni\u0142a \u015bwiat sponsoringu wy\u015bcig\u00f3w NASCAR i doprowadzi\u0142a do powstania jednego z najs\u0142ynniejszych samochod\u00f3w rajdowych w historii prawie nie dosz\u0142a do skutku, gdy\u017c dw\u00f3ch upartych pan\u00f3w nie zgadza\u0142o si\u0119 co do kolorystki. Richard Petty by\u0142 powi\u0105zany z firm\u0105 STP od 1972 r., kiedy [&hellip;]\" \/>\n<meta property=\"og:url\" content=\"https:\/\/stp.com\/pl\/o-nas\/wyscigi\/richard-petty\/\" \/>\n<meta property=\"og:site_name\" content=\"STP Poland\" \/>\n<meta property=\"article:modified_time\" content=\"2025-05-20T10:47:44+00:00\" \/>\n<meta name=\"twitter:card\" content=\"summary_large_image\" \/>\n<meta name=\"twitter:label1\" content=\"Est. reading time\" \/>\n\t<meta name=\"twitter:data1\" content=\"3 minutes\" \/>\n<script type=\"application\/ld+json\" class=\"yoast-schema-graph\">{\"@context\":\"https:\\\/\\\/schema.org\",\"@graph\":[{\"@type\":\"WebPage\",\"@id\":\"https:\\\/\\\/stp.com\\\/pl\\\/o-nas\\\/wyscigi\\\/richard-petty\\\/\",\"url\":\"https:\\\/\\\/stp.com\\\/pl\\\/o-nas\\\/wyscigi\\\/richard-petty\\\/\",\"name\":\"Richard Petty - STP Poland\",\"isPartOf\":{\"@id\":\"https:\\\/\\\/stp.com\\\/pl\\\/#website\"},\"datePublished\":\"2025-04-01T11:49:02+00:00\",\"dateModified\":\"2025-05-20T10:47:44+00:00\",\"breadcrumb\":{\"@id\":\"https:\\\/\\\/stp.com\\\/pl\\\/o-nas\\\/wyscigi\\\/richard-petty\\\/#breadcrumb\"},\"inLanguage\":\"en-US\",\"potentialAction\":[{\"@type\":\"ReadAction\",\"target\":[\"https:\\\/\\\/stp.com\\\/pl\\\/o-nas\\\/wyscigi\\\/richard-petty\\\/\"]}]},{\"@type\":\"BreadcrumbList\",\"@id\":\"https:\\\/\\\/stp.com\\\/pl\\\/o-nas\\\/wyscigi\\\/richard-petty\\\/#breadcrumb\",\"itemListElement\":[{\"@type\":\"ListItem\",\"position\":1,\"name\":\"Home\",\"item\":\"https:\\\/\\\/stp.com\\\/pl\\\/\"},{\"@type\":\"ListItem\",\"position\":2,\"name\":\"O nas\",\"item\":\"https:\\\/\\\/stp.com\\\/pl\\\/o-nas\\\/\"},{\"@type\":\"ListItem\",\"position\":3,\"name\":\"Wy\u015bcigi\",\"item\":\"https:\\\/\\\/stp.com\\\/pl\\\/o-nas\\\/wyscigi\\\/\"},{\"@type\":\"ListItem\",\"position\":4,\"name\":\"Richard Petty\"}]},{\"@type\":\"WebSite\",\"@id\":\"https:\\\/\\\/stp.com\\\/pl\\\/#website\",\"url\":\"https:\\\/\\\/stp.com\\\/pl\\\/\",\"name\":\"STP Poland\",\"description\":\"Science. Technology. Performance\",\"potentialAction\":[{\"@type\":\"SearchAction\",\"target\":{\"@type\":\"EntryPoint\",\"urlTemplate\":\"https:\\\/\\\/stp.com\\\/pl\\\/?s={search_term_string}\"},\"query-input\":{\"@type\":\"PropertyValueSpecification\",\"valueRequired\":true,\"valueName\":\"search_term_string\"}}],\"inLanguage\":\"en-US\"}]}<\/script>\n<!-- \/ Yoast SEO plugin. -->","yoast_head_json":{"title":"Richard Petty - STP Poland","robots":{"index":"index","follow":"follow","max-snippet":"max-snippet:-1","max-image-preview":"max-image-preview:large","max-video-preview":"max-video-preview:-1"},"canonical":"https:\/\/stp.com\/pl\/o-nas\/wyscigi\/richard-petty\/","og_locale":"en_US","og_type":"article","og_title":"Richard Petty - STP Poland","og_description":"Kr\u00f3l w\u015br\u00f3d rajdowc\u00f3w Zawsze z STP AUTOR: MIKE HARRIS Umowa, kt\u00f3ra na zawsze odmieni\u0142a \u015bwiat sponsoringu wy\u015bcig\u00f3w NASCAR i doprowadzi\u0142a do powstania jednego z najs\u0142ynniejszych samochod\u00f3w rajdowych w historii prawie nie dosz\u0142a do skutku, gdy\u017c dw\u00f3ch upartych pan\u00f3w nie zgadza\u0142o si\u0119 co do kolorystki. Richard Petty by\u0142 powi\u0105zany z firm\u0105 STP od 1972 r., kiedy [&hellip;]","og_url":"https:\/\/stp.com\/pl\/o-nas\/wyscigi\/richard-petty\/","og_site_name":"STP Poland","article_modified_time":"2025-05-20T10:47:44+00:00","twitter_card":"summary_large_image","twitter_misc":{"Est. reading time":"3 minutes"},"schema":{"@context":"https:\/\/schema.org","@graph":[{"@type":"WebPage","@id":"https:\/\/stp.com\/pl\/o-nas\/wyscigi\/richard-petty\/","url":"https:\/\/stp.com\/pl\/o-nas\/wyscigi\/richard-petty\/","name":"Richard Petty - STP Poland","isPartOf":{"@id":"https:\/\/stp.com\/pl\/#website"},"datePublished":"2025-04-01T11:49:02+00:00","dateModified":"2025-05-20T10:47:44+00:00","breadcrumb":{"@id":"https:\/\/stp.com\/pl\/o-nas\/wyscigi\/richard-petty\/#breadcrumb"},"inLanguage":"en-US","potentialAction":[{"@type":"ReadAction","target":["https:\/\/stp.com\/pl\/o-nas\/wyscigi\/richard-petty\/"]}]},{"@type":"BreadcrumbList","@id":"https:\/\/stp.com\/pl\/o-nas\/wyscigi\/richard-petty\/#breadcrumb","itemListElement":[{"@type":"ListItem","position":1,"name":"Home","item":"https:\/\/stp.com\/pl\/"},{"@type":"ListItem","position":2,"name":"O nas","item":"https:\/\/stp.com\/pl\/o-nas\/"},{"@type":"ListItem","position":3,"name":"Wy\u015bcigi","item":"https:\/\/stp.com\/pl\/o-nas\/wyscigi\/"},{"@type":"ListItem","position":4,"name":"Richard Petty"}]},{"@type":"WebSite","@id":"https:\/\/stp.com\/pl\/#website","url":"https:\/\/stp.com\/pl\/","name":"STP Poland","description":"Science. Technology. Performance","potentialAction":[{"@type":"SearchAction","target":{"@type":"EntryPoint","urlTemplate":"https:\/\/stp.com\/pl\/?s={search_term_string}"},"query-input":{"@type":"PropertyValueSpecification","valueRequired":true,"valueName":"search_term_string"}}],"inLanguage":"en-US"}]}},"_links":{"self":[{"href":"https:\/\/stp.com\/pl\/wp-json\/wp\/v2\/pages\/4229","targetHints":{"allow":["GET"]}}],"collection":[{"href":"https:\/\/stp.com\/pl\/wp-json\/wp\/v2\/pages"}],"about":[{"href":"https:\/\/stp.com\/pl\/wp-json\/wp\/v2\/types\/page"}],"author":[{"embeddable":true,"href":"https:\/\/stp.com\/pl\/wp-json\/wp\/v2\/users\/1"}],"replies":[{"embeddable":true,"href":"https:\/\/stp.com\/pl\/wp-json\/wp\/v2\/comments?post=4229"}],"version-history":[{"count":89,"href":"https:\/\/stp.com\/pl\/wp-json\/wp\/v2\/pages\/4229\/revisions"}],"predecessor-version":[{"id":7595,"href":"https:\/\/stp.com\/pl\/wp-json\/wp\/v2\/pages\/4229\/revisions\/7595"}],"up":[{"embeddable":true,"href":"https:\/\/stp.com\/pl\/wp-json\/wp\/v2\/pages\/4271"}],"wp:attachment":[{"href":"https:\/\/stp.com\/pl\/wp-json\/wp\/v2\/media?parent=4229"}],"curies":[{"name":"wp","href":"https:\/\/api.w.org\/{rel}","templated":true}]}}