{"id":5006,"date":"2025-04-03T17:56:27","date_gmt":"2025-04-03T12:26:27","guid":{"rendered":"https:\/\/c38a2c2a6e.nxcli.io\/no\/?page_id=5006"},"modified":"2025-06-13T18:37:48","modified_gmt":"2025-06-13T13:07:48","slug":"bremse-og-servostyringsvaeske","status":"publish","type":"page","link":"https:\/\/stp.com\/no\/vedlikeholdsrad\/ofte-stilte-sporsmal\/bremse-og-servostyringsvaeske\/","title":{"rendered":"Bremse- og servostyringsv\u00e6ske"},"content":{"rendered":"\t\t<div data-elementor-type=\"wp-page\" data-elementor-id=\"5006\" class=\"elementor elementor-5006\" data-elementor-post-type=\"page\">\n\t\t\t\t<div class=\"elementor-element elementor-element-59ad9d4 e-flex e-con-boxed e-con e-parent\" data-id=\"59ad9d4\" data-element_type=\"container\" data-e-type=\"container\" data-settings=\"{&quot;background_background&quot;:&quot;classic&quot;}\">\n\t\t\t\t\t<div class=\"e-con-inner\">\n\t\t\t\t<div class=\"elementor-element elementor-element-1e212b7 breadcrumb elementor-widget elementor-widget-breadcrumbs\" data-id=\"1e212b7\" data-element_type=\"widget\" data-e-type=\"widget\" data-widget_type=\"breadcrumbs.default\">\n\t\t\t\t<div class=\"elementor-widget-container\">\n\t\t\t\t\t<p id=\"breadcrumbs\"><span><span><a href=\"https:\/\/stp.com\/no\/\">Home<\/a><\/span><\/span><\/p>\t\t\t\t<\/div>\n\t\t\t\t<\/div>\n\t\t<div class=\"elementor-element elementor-element-4c70f01 e-con-full e-flex e-con e-child\" data-id=\"4c70f01\" data-element_type=\"container\" data-e-type=\"container\">\n\t\t<div class=\"elementor-element elementor-element-2b17daf e-con-full product__head e-flex e-con e-child\" data-id=\"2b17daf\" data-element_type=\"container\" data-e-type=\"container\">\n\t\t\t\t<\/div>\n\t\t\t\t<\/div>\n\t\t\t\t\t<\/div>\n\t\t\t\t<\/div>\n\t\t<div class=\"elementor-element elementor-element-ef9bce7 top-red-border e-flex e-con-boxed e-con e-parent\" data-id=\"ef9bce7\" data-element_type=\"container\" data-e-type=\"container\" data-settings=\"{&quot;background_background&quot;:&quot;classic&quot;}\">\n\t\t\t\t\t<div class=\"e-con-inner\">\n\t\t\t\t<div class=\"elementor-element elementor-element-00c69dc faqs-accordian elementor-widget elementor-widget-n-accordion\" data-id=\"00c69dc\" data-element_type=\"widget\" data-e-type=\"widget\" data-settings=\"{&quot;default_state&quot;:&quot;all_collapsed&quot;,&quot;n_accordion_animation_duration&quot;:{&quot;unit&quot;:&quot;ms&quot;,&quot;size&quot;:300,&quot;sizes&quot;:[]},&quot;max_items_expended&quot;:&quot;one&quot;}\" data-widget_type=\"nested-accordion.default\">\n\t\t\t\t<div class=\"elementor-widget-container\">\n\t\t\t\t\t\t\t<div class=\"e-n-accordion\" aria-label=\"Accordion. Open links with Enter or Space, close with Escape, and navigate with Arrow Keys\">\n\t\t\t\t\t\t<details id=\"e-n-accordion-item-8130\" class=\"e-n-accordion-item\" >\n\t\t\t\t<summary class=\"e-n-accordion-item-title\" data-accordion-index=\"1\" tabindex=\"0\" aria-expanded=\"false\" aria-controls=\"e-n-accordion-item-8130\" >\n\t\t\t\t\t<span class='e-n-accordion-item-title-header'><h3 class=\"e-n-accordion-item-title-text\"> Hva er bremsev\u00e6ske? <\/h3><\/span>\n\t\t\t\t\t\t\t<span class='e-n-accordion-item-title-icon'>\n\t\t\t<span class='e-opened' ><svg aria-hidden=\"true\" class=\"e-font-icon-svg e-fas-arrow-up\" viewBox=\"0 0 448 512\" xmlns=\"http:\/\/www.w3.org\/2000\/svg\"><path d=\"M34.9 289.5l-22.2-22.2c-9.4-9.4-9.4-24.6 0-33.9L207 39c9.4-9.4 24.6-9.4 33.9 0l194.3 194.3c9.4 9.4 9.4 24.6 0 33.9L413 289.4c-9.5 9.5-25 9.3-34.3-.4L264 168.6V456c0 13.3-10.7 24-24 24h-32c-13.3 0-24-10.7-24-24V168.6L69.2 289.1c-9.3 9.8-24.8 10-34.3.4z\"><\/path><\/svg><\/span>\n\t\t\t<span class='e-closed'><svg aria-hidden=\"true\" class=\"e-font-icon-svg e-fas-arrow-down\" viewBox=\"0 0 448 512\" xmlns=\"http:\/\/www.w3.org\/2000\/svg\"><path d=\"M413.1 222.5l22.2 22.2c9.4 9.4 9.4 24.6 0 33.9L241 473c-9.4 9.4-24.6 9.4-33.9 0L12.7 278.6c-9.4-9.4-9.4-24.6 0-33.9l22.2-22.2c9.5-9.5 25-9.3 34.3.4L184 343.4V56c0-13.3 10.7-24 24-24h32c13.3 0 24 10.7 24 24v287.4l114.8-120.5c9.3-9.8 24.8-10 34.3-.4z\"><\/path><\/svg><\/span>\n\t\t<\/span>\n\n\t\t\t\t\t\t<\/summary>\n\t\t\t\t<div role=\"region\" aria-labelledby=\"e-n-accordion-item-8130\" class=\"elementor-element elementor-element-c5ab1e5 e-con-full e-flex e-con e-child\" data-id=\"c5ab1e5\" data-element_type=\"container\" data-e-type=\"container\">\n\t\t\t\t<div class=\"elementor-element elementor-element-f9f26c7 elementor-widget elementor-widget-text-editor\" data-id=\"f9f26c7\" data-element_type=\"widget\" data-e-type=\"widget\" data-widget_type=\"text-editor.default\">\n\t\t\t\t<div class=\"elementor-widget-container\">\n\t\t\t\t\t\t\t\t\t<p>Bremsev\u00e6ske er f\u00f8rst og fremst en glykoleter med en korrosjonsinhibitorpakke. Glykoleteren m\u00e5 v\u00e6re stabil (dvs. ikke koke) n\u00e5r den utsettes for varmen som genereres ved bremserotorene \u2013 korrosjonsinhibitoren forhindrer korrosjon i systemet. Korrosjonshemmerne blir utarmet over tid, derfor b\u00f8r du holde et \u00f8ye med dem. De fleste bilprodusenter anbefaler at man skifter v\u00e6ske \u00e9n gang annethvert \u00e5r, men vi anbefaler \u00e5 sjekke brukerh\u00e5ndboken for \u00e5 bekrefte dette<\/p><p>\u00a0<\/p>\t\t\t\t\t\t\t\t<\/div>\n\t\t\t\t<\/div>\n\t\t\t\t<\/div>\n\t\t\t\t\t<\/details>\n\t\t\t\t\t\t<details id=\"e-n-accordion-item-8131\" class=\"e-n-accordion-item\" >\n\t\t\t\t<summary class=\"e-n-accordion-item-title\" data-accordion-index=\"2\" tabindex=\"-1\" aria-expanded=\"false\" aria-controls=\"e-n-accordion-item-8131\" >\n\t\t\t\t\t<span class='e-n-accordion-item-title-header'><h3 class=\"e-n-accordion-item-title-text\"> Hvorfor trenger jeg bremsev\u00e6ske? <\/h3><\/span>\n\t\t\t\t\t\t\t<span class='e-n-accordion-item-title-icon'>\n\t\t\t<span class='e-opened' ><svg aria-hidden=\"true\" class=\"e-font-icon-svg e-fas-arrow-up\" viewBox=\"0 0 448 512\" xmlns=\"http:\/\/www.w3.org\/2000\/svg\"><path d=\"M34.9 289.5l-22.2-22.2c-9.4-9.4-9.4-24.6 0-33.9L207 39c9.4-9.4 24.6-9.4 33.9 0l194.3 194.3c9.4 9.4 9.4 24.6 0 33.9L413 289.4c-9.5 9.5-25 9.3-34.3-.4L264 168.6V456c0 13.3-10.7 24-24 24h-32c-13.3 0-24-10.7-24-24V168.6L69.2 289.1c-9.3 9.8-24.8 10-34.3.4z\"><\/path><\/svg><\/span>\n\t\t\t<span class='e-closed'><svg aria-hidden=\"true\" class=\"e-font-icon-svg e-fas-arrow-down\" viewBox=\"0 0 448 512\" xmlns=\"http:\/\/www.w3.org\/2000\/svg\"><path d=\"M413.1 222.5l22.2 22.2c9.4 9.4 9.4 24.6 0 33.9L241 473c-9.4 9.4-24.6 9.4-33.9 0L12.7 278.6c-9.4-9.4-9.4-24.6 0-33.9l22.2-22.2c9.5-9.5 25-9.3 34.3.4L184 343.4V56c0-13.3 10.7-24 24-24h32c13.3 0 24 10.7 24 24v287.4l114.8-120.5c9.3-9.8 24.8-10 34.3-.4z\"><\/path><\/svg><\/span>\n\t\t<\/span>\n\n\t\t\t\t\t\t<\/summary>\n\t\t\t\t<div role=\"region\" aria-labelledby=\"e-n-accordion-item-8131\" class=\"elementor-element elementor-element-b731d91 e-con-full e-flex e-con e-child\" data-id=\"b731d91\" data-element_type=\"container\" data-e-type=\"container\">\n\t\t\t\t<div class=\"elementor-element elementor-element-964199b elementor-widget elementor-widget-text-editor\" data-id=\"964199b\" data-element_type=\"widget\" data-e-type=\"widget\" data-widget_type=\"text-editor.default\">\n\t\t\t\t<div class=\"elementor-widget-container\">\n\t\t\t\t\t\t\t\t\t<p>Bremsesystemet trenger denne arbeidsv\u00e6sken for \u00e5 overf\u00f8re trykk til alle fire hjulene n\u00e5r bremsene brukes. Den m\u00e5 dessuten ha et h\u00f8yt kokepunkt slik at den ikke koker og blir til damp ved den h\u00f8ye temperaturen den skal operere ved. N\u00e5r bremseklossene slites ned, synker v\u00e6skeniv\u00e5et i reservoaret. V\u00e6skeniv\u00e5et b\u00f8r kontrolleres ved hvert oljeskift og fylles p\u00e5 etter behov.<\/p>\t\t\t\t\t\t\t\t<\/div>\n\t\t\t\t<\/div>\n\t\t\t\t<\/div>\n\t\t\t\t\t<\/details>\n\t\t\t\t\t\t<details id=\"e-n-accordion-item-8132\" class=\"e-n-accordion-item\" >\n\t\t\t\t<summary class=\"e-n-accordion-item-title\" data-accordion-index=\"3\" tabindex=\"-1\" aria-expanded=\"false\" aria-controls=\"e-n-accordion-item-8132\" >\n\t\t\t\t\t<span class='e-n-accordion-item-title-header'><h3 class=\"e-n-accordion-item-title-text\"> Hva er servostyringsv\u00e6ske og engine stop leak? <\/h3><\/span>\n\t\t\t\t\t\t\t<span class='e-n-accordion-item-title-icon'>\n\t\t\t<span class='e-opened' ><svg aria-hidden=\"true\" class=\"e-font-icon-svg e-fas-arrow-up\" viewBox=\"0 0 448 512\" xmlns=\"http:\/\/www.w3.org\/2000\/svg\"><path d=\"M34.9 289.5l-22.2-22.2c-9.4-9.4-9.4-24.6 0-33.9L207 39c9.4-9.4 24.6-9.4 33.9 0l194.3 194.3c9.4 9.4 9.4 24.6 0 33.9L413 289.4c-9.5 9.5-25 9.3-34.3-.4L264 168.6V456c0 13.3-10.7 24-24 24h-32c-13.3 0-24-10.7-24-24V168.6L69.2 289.1c-9.3 9.8-24.8 10-34.3.4z\"><\/path><\/svg><\/span>\n\t\t\t<span class='e-closed'><svg aria-hidden=\"true\" class=\"e-font-icon-svg e-fas-arrow-down\" viewBox=\"0 0 448 512\" xmlns=\"http:\/\/www.w3.org\/2000\/svg\"><path d=\"M413.1 222.5l22.2 22.2c9.4 9.4 9.4 24.6 0 33.9L241 473c-9.4 9.4-24.6 9.4-33.9 0L12.7 278.6c-9.4-9.4-9.4-24.6 0-33.9l22.2-22.2c9.5-9.5 25-9.3 34.3.4L184 343.4V56c0-13.3 10.7-24 24-24h32c13.3 0 24 10.7 24 24v287.4l114.8-120.5c9.3-9.8 24.8-10 34.3-.4z\"><\/path><\/svg><\/span>\n\t\t<\/span>\n\n\t\t\t\t\t\t<\/summary>\n\t\t\t\t<div role=\"region\" aria-labelledby=\"e-n-accordion-item-8132\" class=\"elementor-element elementor-element-b7e5932 e-con-full e-flex e-con e-child\" data-id=\"b7e5932\" data-element_type=\"container\" data-e-type=\"container\">\n\t\t\t\t<div class=\"elementor-element elementor-element-1b37387 elementor-widget elementor-widget-text-editor\" data-id=\"1b37387\" data-element_type=\"widget\" data-e-type=\"widget\" data-widget_type=\"text-editor.default\">\n\t\t\t\t<div class=\"elementor-widget-container\">\n\t\t\t\t\t\t\t\t\t<p>Servostyringsv\u00e6ske er en hydraulisk v\u00e6ske som brukes til \u00e5 overf\u00f8re pumpetrykket til servostyringen til det moderne styrestativet, eller til styreboksen (orm-og-sektor). Mindre lekkasjer kan for\u00e5rsake et fall i v\u00e6skeniv\u00e5et. Derfor b\u00f8r v\u00e6skeniv\u00e5et kontrolleres og fylles p\u00e5 ved hvert oljeskift. Hvis servostyringssystemet mister v\u00e6ske p\u00e5 grunn av slitte eller krympede pakninger, kan du bruke\u00a0STP<sup>\u00ae<\/sup>\u00a0Servostyringsv\u00e6ske og Stop Leak<\/p>\t\t\t\t\t\t\t\t<\/div>\n\t\t\t\t<\/div>\n\t\t\t\t<\/div>\n\t\t\t\t\t<\/details>\n\t\t\t\t\t<\/div>\n\t\t\t\t\t\t<\/div>\n\t\t\t\t<\/div>\n\t\t\t\t\t<\/div>\n\t\t\t\t<\/div>\n\t\t\t\t<\/div>\n\t\t","protected":false},"excerpt":{"rendered":"<p>Hva er bremsev\u00e6ske? &nbsp; Bremsev\u00e6ske er f\u00f8rst og fremst en glykoleter med en korrosjonsinhibitorpakke. Glykoleteren m\u00e5 v\u00e6re stabil (dvs. ikke koke) n\u00e5r den utsettes for varmen som genereres ved bremserotorene \u2013 korrosjonsinhibitoren forhindrer korrosjon i systemet. Korrosjonshemmerne blir utarmet over tid, derfor b\u00f8r du holde et \u00f8ye med dem. De fleste bilprodusenter anbefaler at man [&hellip;]<\/p>\n","protected":false},"author":1,"featured_media":0,"parent":4911,"menu_order":0,"comment_status":"closed","ping_status":"closed","template":"","meta":{"_acf_changed":false,"footnotes":""},"class_list":["post-5006","page","type-page","status-publish","hentry"],"acf":[],"yoast_head":"<!-- This site is optimized with the Yoast SEO plugin v27.4 - https:\/\/yoast.com\/product\/yoast-seo-wordpress\/ -->\n<title>Bremse- og servostyringsv\u00e6ske - STP Norway<\/title>\n<meta name=\"robots\" content=\"index, follow, max-snippet:-1, max-image-preview:large, max-video-preview:-1\" \/>\n<link rel=\"canonical\" href=\"https:\/\/stp.com\/no\/vedlikeholdsrad\/ofte-stilte-sporsmal\/bremse-og-servostyringsvaeske\/\" \/>\n<meta property=\"og:locale\" content=\"en_US\" \/>\n<meta property=\"og:type\" content=\"article\" \/>\n<meta property=\"og:title\" content=\"Bremse- og servostyringsv\u00e6ske - STP Norway\" \/>\n<meta property=\"og:description\" content=\"Hva er bremsev\u00e6ske? &nbsp; Bremsev\u00e6ske er f\u00f8rst og fremst en glykoleter med en korrosjonsinhibitorpakke. Glykoleteren m\u00e5 v\u00e6re stabil (dvs. ikke koke) n\u00e5r den utsettes for varmen som genereres ved bremserotorene \u2013 korrosjonsinhibitoren forhindrer korrosjon i systemet. Korrosjonshemmerne blir utarmet over tid, derfor b\u00f8r du holde et \u00f8ye med dem. De fleste bilprodusenter anbefaler at man [&hellip;]\" \/>\n<meta property=\"og:url\" content=\"https:\/\/stp.com\/no\/vedlikeholdsrad\/ofte-stilte-sporsmal\/bremse-og-servostyringsvaeske\/\" \/>\n<meta property=\"og:site_name\" content=\"STP Norway\" \/>\n<meta property=\"article:modified_time\" content=\"2025-06-13T13:07:48+00:00\" \/>\n<meta name=\"twitter:card\" content=\"summary_large_image\" \/>\n<meta name=\"twitter:label1\" content=\"Est. reading time\" \/>\n\t<meta name=\"twitter:data1\" content=\"2 minutes\" \/>\n<script type=\"application\/ld+json\" class=\"yoast-schema-graph\">{\"@context\":\"https:\\\/\\\/schema.org\",\"@graph\":[{\"@type\":\"WebPage\",\"@id\":\"https:\\\/\\\/stp.com\\\/no\\\/vedlikeholdsrad\\\/ofte-stilte-sporsmal\\\/bremse-og-servostyringsvaeske\\\/\",\"url\":\"https:\\\/\\\/stp.com\\\/no\\\/vedlikeholdsrad\\\/ofte-stilte-sporsmal\\\/bremse-og-servostyringsvaeske\\\/\",\"name\":\"Bremse- og servostyringsv\u00e6ske - STP Norway\",\"isPartOf\":{\"@id\":\"https:\\\/\\\/c38a2c2a6e.nxcli.io\\\/no\\\/#website\"},\"datePublished\":\"2025-04-03T12:26:27+00:00\",\"dateModified\":\"2025-06-13T13:07:48+00:00\",\"breadcrumb\":{\"@id\":\"https:\\\/\\\/stp.com\\\/no\\\/vedlikeholdsrad\\\/ofte-stilte-sporsmal\\\/bremse-og-servostyringsvaeske\\\/#breadcrumb\"},\"inLanguage\":\"en-US\",\"potentialAction\":[{\"@type\":\"ReadAction\",\"target\":[\"https:\\\/\\\/stp.com\\\/no\\\/vedlikeholdsrad\\\/ofte-stilte-sporsmal\\\/bremse-og-servostyringsvaeske\\\/\"]}]},{\"@type\":\"BreadcrumbList\",\"@id\":\"https:\\\/\\\/stp.com\\\/no\\\/vedlikeholdsrad\\\/ofte-stilte-sporsmal\\\/bremse-og-servostyringsvaeske\\\/#breadcrumb\",\"itemListElement\":[{\"@type\":\"ListItem\",\"position\":1,\"name\":\"Home\",\"item\":\"https:\\\/\\\/stp.com\\\/no\\\/\"},{\"@type\":\"ListItem\",\"position\":2,\"name\":\"Vedlikeholdsr\u00e5d\",\"item\":\"https:\\\/\\\/stp.com\\\/no\\\/vedlikeholdsrad\\\/\"},{\"@type\":\"ListItem\",\"position\":3,\"name\":\"Ofte stilte sp\u00f8rsm\u00e5l\",\"item\":\"https:\\\/\\\/stp.com\\\/no\\\/vedlikeholdsrad\\\/ofte-stilte-sporsmal\\\/\"},{\"@type\":\"ListItem\",\"position\":4,\"name\":\"Bremse- og servostyringsv\u00e6ske\"}]},{\"@type\":\"WebSite\",\"@id\":\"https:\\\/\\\/c38a2c2a6e.nxcli.io\\\/no\\\/#website\",\"url\":\"https:\\\/\\\/c38a2c2a6e.nxcli.io\\\/no\\\/\",\"name\":\"STP Norway\",\"description\":\"Science. Technology. Performance\",\"potentialAction\":[{\"@type\":\"SearchAction\",\"target\":{\"@type\":\"EntryPoint\",\"urlTemplate\":\"https:\\\/\\\/c38a2c2a6e.nxcli.io\\\/no\\\/?s={search_term_string}\"},\"query-input\":{\"@type\":\"PropertyValueSpecification\",\"valueRequired\":true,\"valueName\":\"search_term_string\"}}],\"inLanguage\":\"en-US\"}]}<\/script>\n<!-- \/ Yoast SEO plugin. -->","yoast_head_json":{"title":"Bremse- og servostyringsv\u00e6ske - STP Norway","robots":{"index":"index","follow":"follow","max-snippet":"max-snippet:-1","max-image-preview":"max-image-preview:large","max-video-preview":"max-video-preview:-1"},"canonical":"https:\/\/stp.com\/no\/vedlikeholdsrad\/ofte-stilte-sporsmal\/bremse-og-servostyringsvaeske\/","og_locale":"en_US","og_type":"article","og_title":"Bremse- og servostyringsv\u00e6ske - STP Norway","og_description":"Hva er bremsev\u00e6ske? &nbsp; Bremsev\u00e6ske er f\u00f8rst og fremst en glykoleter med en korrosjonsinhibitorpakke. Glykoleteren m\u00e5 v\u00e6re stabil (dvs. ikke koke) n\u00e5r den utsettes for varmen som genereres ved bremserotorene \u2013 korrosjonsinhibitoren forhindrer korrosjon i systemet. Korrosjonshemmerne blir utarmet over tid, derfor b\u00f8r du holde et \u00f8ye med dem. De fleste bilprodusenter anbefaler at man [&hellip;]","og_url":"https:\/\/stp.com\/no\/vedlikeholdsrad\/ofte-stilte-sporsmal\/bremse-og-servostyringsvaeske\/","og_site_name":"STP Norway","article_modified_time":"2025-06-13T13:07:48+00:00","twitter_card":"summary_large_image","twitter_misc":{"Est. reading time":"2 minutes"},"schema":{"@context":"https:\/\/schema.org","@graph":[{"@type":"WebPage","@id":"https:\/\/stp.com\/no\/vedlikeholdsrad\/ofte-stilte-sporsmal\/bremse-og-servostyringsvaeske\/","url":"https:\/\/stp.com\/no\/vedlikeholdsrad\/ofte-stilte-sporsmal\/bremse-og-servostyringsvaeske\/","name":"Bremse- og servostyringsv\u00e6ske - STP Norway","isPartOf":{"@id":"https:\/\/c38a2c2a6e.nxcli.io\/no\/#website"},"datePublished":"2025-04-03T12:26:27+00:00","dateModified":"2025-06-13T13:07:48+00:00","breadcrumb":{"@id":"https:\/\/stp.com\/no\/vedlikeholdsrad\/ofte-stilte-sporsmal\/bremse-og-servostyringsvaeske\/#breadcrumb"},"inLanguage":"en-US","potentialAction":[{"@type":"ReadAction","target":["https:\/\/stp.com\/no\/vedlikeholdsrad\/ofte-stilte-sporsmal\/bremse-og-servostyringsvaeske\/"]}]},{"@type":"BreadcrumbList","@id":"https:\/\/stp.com\/no\/vedlikeholdsrad\/ofte-stilte-sporsmal\/bremse-og-servostyringsvaeske\/#breadcrumb","itemListElement":[{"@type":"ListItem","position":1,"name":"Home","item":"https:\/\/stp.com\/no\/"},{"@type":"ListItem","position":2,"name":"Vedlikeholdsr\u00e5d","item":"https:\/\/stp.com\/no\/vedlikeholdsrad\/"},{"@type":"ListItem","position":3,"name":"Ofte stilte sp\u00f8rsm\u00e5l","item":"https:\/\/stp.com\/no\/vedlikeholdsrad\/ofte-stilte-sporsmal\/"},{"@type":"ListItem","position":4,"name":"Bremse- og servostyringsv\u00e6ske"}]},{"@type":"WebSite","@id":"https:\/\/c38a2c2a6e.nxcli.io\/no\/#website","url":"https:\/\/c38a2c2a6e.nxcli.io\/no\/","name":"STP Norway","description":"Science. Technology. Performance","potentialAction":[{"@type":"SearchAction","target":{"@type":"EntryPoint","urlTemplate":"https:\/\/c38a2c2a6e.nxcli.io\/no\/?s={search_term_string}"},"query-input":{"@type":"PropertyValueSpecification","valueRequired":true,"valueName":"search_term_string"}}],"inLanguage":"en-US"}]}},"_links":{"self":[{"href":"https:\/\/stp.com\/no\/wp-json\/wp\/v2\/pages\/5006","targetHints":{"allow":["GET"]}}],"collection":[{"href":"https:\/\/stp.com\/no\/wp-json\/wp\/v2\/pages"}],"about":[{"href":"https:\/\/stp.com\/no\/wp-json\/wp\/v2\/types\/page"}],"author":[{"embeddable":true,"href":"https:\/\/stp.com\/no\/wp-json\/wp\/v2\/users\/1"}],"replies":[{"embeddable":true,"href":"https:\/\/stp.com\/no\/wp-json\/wp\/v2\/comments?post=5006"}],"version-history":[{"count":103,"href":"https:\/\/stp.com\/no\/wp-json\/wp\/v2\/pages\/5006\/revisions"}],"predecessor-version":[{"id":7936,"href":"https:\/\/stp.com\/no\/wp-json\/wp\/v2\/pages\/5006\/revisions\/7936"}],"up":[{"embeddable":true,"href":"https:\/\/stp.com\/no\/wp-json\/wp\/v2\/pages\/4911"}],"wp:attachment":[{"href":"https:\/\/stp.com\/no\/wp-json\/wp\/v2\/media?parent=5006"}],"curies":[{"name":"wp","href":"https:\/\/api.w.org\/{rel}","templated":true}]}}