{"id":4641,"date":"2025-04-03T12:28:30","date_gmt":"2025-04-03T06:58:30","guid":{"rendered":"https:\/\/c38a2c2a6e.nxcli.io\/no\/?page_id=4641"},"modified":"2025-06-17T10:22:39","modified_gmt":"2025-06-17T04:52:39","slug":"stp-historie","status":"publish","type":"page","link":"https:\/\/stp.com\/no\/om-stp\/stp-historie\/","title":{"rendered":"STP\u00ae Historie"},"content":{"rendered":"\t\t<div data-elementor-type=\"wp-page\" data-elementor-id=\"4641\" class=\"elementor elementor-4641\" data-elementor-post-type=\"page\">\n\t\t\t\t<div class=\"elementor-element elementor-element-5e94cde e-flex e-con-boxed e-con e-parent\" data-id=\"5e94cde\" data-element_type=\"container\" data-e-type=\"container\" data-settings=\"{&quot;background_background&quot;:&quot;classic&quot;}\">\n\t\t\t\t\t<div class=\"e-con-inner\">\n\t\t\t\t<div class=\"elementor-element elementor-element-cfaea1b breadcrumb elementor-widget elementor-widget-breadcrumbs\" data-id=\"cfaea1b\" data-element_type=\"widget\" data-e-type=\"widget\" data-widget_type=\"breadcrumbs.default\">\n\t\t\t\t<div class=\"elementor-widget-container\">\n\t\t\t\t\t<p id=\"breadcrumbs\"><span><span><a href=\"https:\/\/stp.com\/no\/\">Home<\/a><\/span><\/span><\/p>\t\t\t\t<\/div>\n\t\t\t\t<\/div>\n\t\t<div class=\"elementor-element elementor-element-9197ee0 e-con-full e-flex e-con e-child\" data-id=\"9197ee0\" data-element_type=\"container\" data-e-type=\"container\">\n\t\t<div class=\"elementor-element elementor-element-03eb06b e-con-full product__head e-flex e-con e-child\" data-id=\"03eb06b\" data-element_type=\"container\" data-e-type=\"container\">\n\t\t\t\t<div class=\"elementor-element elementor-element-cbb7f8f elementor-widget elementor-widget-text-editor\" data-id=\"cbb7f8f\" data-element_type=\"widget\" data-e-type=\"widget\" data-widget_type=\"text-editor.default\">\n\t\t\t\t<div class=\"elementor-widget-container\">\n\t\t\t\t\t\t\t\t\t<p>I oktober 1954 introduserte tre forretningsmenn, som bare hadde 3 000 dollar i oppstartskapital, det f\u00f8rste STP\u00ae-produktet i St. Joseph i Missouri. STP\u00ae, startet med et produkt \u2014 STP\u00ae Oil Treatment. Det hjalp bilmotorolje til \u00e5 motst\u00e5 fortynning ved h\u00f8ye temperaturer og trykk.<\/p>\t\t\t\t\t\t\t\t<\/div>\n\t\t\t\t<\/div>\n\t\t\t\t<\/div>\n\t\t\t\t<\/div>\n\t\t\t\t\t<\/div>\n\t\t\t\t<\/div>\n\t\t<div class=\"elementor-element elementor-element-63146c3 top-red-border e-flex e-con-boxed e-con e-parent\" data-id=\"63146c3\" data-element_type=\"container\" data-e-type=\"container\" data-settings=\"{&quot;background_background&quot;:&quot;classic&quot;}\">\n\t\t\t\t\t<div class=\"e-con-inner\">\n\t\t<div class=\"elementor-element elementor-element-a699833 e-con-full e-flex e-con e-child\" data-id=\"a699833\" data-element_type=\"container\" data-e-type=\"container\">\n\t\t\t\t<div class=\"elementor-element elementor-element-68fb698 elementor-widget elementor-widget-heading\" data-id=\"68fb698\" data-element_type=\"widget\" data-e-type=\"widget\" data-widget_type=\"heading.default\">\n\t\t\t\t<div class=\"elementor-widget-container\">\n\t\t\t\t\t<h2 class=\"elementor-heading-title elementor-size-default\">Historien v\u00e5r \u2013 en tidslinje\n<\/h2>\t\t\t\t<\/div>\n\t\t\t\t<\/div>\n\t\t\t\t<\/div>\n\t\t<div class=\"elementor-element elementor-element-24ca1e4 e-con-full e-flex e-con e-child\" data-id=\"24ca1e4\" data-element_type=\"container\" data-e-type=\"container\">\n\t\t\t\t<div class=\"elementor-element elementor-element-1933fdc elementor-position-left elementor-vertical-align-middle image-text-section left-image elementor-widget elementor-widget-image-box\" data-id=\"1933fdc\" data-element_type=\"widget\" data-e-type=\"widget\" data-widget_type=\"image-box.default\">\n\t\t\t\t<div class=\"elementor-widget-container\">\n\t\t\t\t\t<div class=\"elementor-image-box-wrapper\"><figure class=\"elementor-image-box-img\"><img fetchpriority=\"high\" decoding=\"async\" width=\"840\" height=\"548\" src=\"https:\/\/stpcdnimage.imgix.net\/wp-content\/uploads\/sites\/23\/2025\/04\/1954-edit.avif\" class=\"attachment-full size-full wp-image-4650\" alt=\"\" \/><\/figure><div class=\"elementor-image-box-content\"><h3 class=\"elementor-image-box-title\">1954<\/h3><p class=\"elementor-image-box-description\">Charles Dwight (Doc) Ligget, Jim Hill og Robert DeHart begynte \u00e5 emballere STP\u00ae Oil Treatment i en garasje i en bakhage om natten og solgte det fra bagasjerommet p\u00e5 bilene sine under bedrifts- og fritidsreiser.<\/p><\/div><\/div>\t\t\t\t<\/div>\n\t\t\t\t<\/div>\n\t\t\t\t<div class=\"elementor-element elementor-element-3ba3c4a elementor-position-right elementor-vertical-align-middle image-text-section elementor-widget elementor-widget-image-box\" data-id=\"3ba3c4a\" data-element_type=\"widget\" data-e-type=\"widget\" data-widget_type=\"image-box.default\">\n\t\t\t\t<div class=\"elementor-widget-container\">\n\t\t\t\t\t<div class=\"elementor-image-box-wrapper\"><figure class=\"elementor-image-box-img\"><img decoding=\"async\" width=\"840\" height=\"548\" src=\"https:\/\/stpcdnimage.imgix.net\/wp-content\/uploads\/sites\/23\/2025\/04\/1960.avif\" class=\"attachment-full size-full wp-image-4651\" alt=\"\" \/><\/figure><div class=\"elementor-image-box-content\"><h3 class=\"elementor-image-box-title\">1960-1961<\/h3><p class=\"elementor-image-box-description\">Selskapets innledende vekst og l\u00f8nnsomhet, som tilskrives en sterk jungeltelegraf og varemerkets KOBLING til bill\u00f8p, gjorde det mulig for STP \u00e5 introdusere sin f\u00f8rste Gas Treatment.\n\n<\/p><\/div><\/div>\t\t\t\t<\/div>\n\t\t\t\t<\/div>\n\t\t\t\t<div class=\"elementor-element elementor-element-6ed6039 elementor-position-left elementor-vertical-align-middle image-text-section left-image elementor-widget elementor-widget-image-box\" data-id=\"6ed6039\" data-element_type=\"widget\" data-e-type=\"widget\" data-widget_type=\"image-box.default\">\n\t\t\t\t<div class=\"elementor-widget-container\">\n\t\t\t\t\t<div class=\"elementor-image-box-wrapper\"><figure class=\"elementor-image-box-img\"><img decoding=\"async\" width=\"537\" height=\"332\" src=\"https:\/\/stpcdnimage.imgix.net\/wp-content\/uploads\/sites\/23\/2025\/04\/1963.avif\" class=\"attachment-full size-full wp-image-4652\" alt=\"\" \/><\/figure><div class=\"elementor-image-box-content\"><h3 class=\"elementor-image-box-title\">1963<\/h3><p class=\"elementor-image-box-description\">Andy Granatelli ble utnevnt til administrerende direkt\u00f8r og begynte \u00e5 intensivere markedsf\u00f8ringsarbeidet for varemerket gjennom bil- og b\u00e5tracing. STP\u00aes produktdistribusjon begynte \u00e5 vokse, og snart var STP\u00ae-produkter tilgjengelige i mer enn 200 000 bensinstasjoner over hele USA.<\/p><\/div><\/div>\t\t\t\t<\/div>\n\t\t\t\t<\/div>\n\t\t\t\t<div class=\"elementor-element elementor-element-445f1e3 elementor-position-right elementor-vertical-align-middle image-text-section elementor-widget elementor-widget-image-box\" data-id=\"445f1e3\" data-element_type=\"widget\" data-e-type=\"widget\" data-widget_type=\"image-box.default\">\n\t\t\t\t<div class=\"elementor-widget-container\">\n\t\t\t\t\t<div class=\"elementor-image-box-wrapper\"><figure class=\"elementor-image-box-img\"><img loading=\"lazy\" decoding=\"async\" width=\"840\" height=\"548\" src=\"https:\/\/stpcdnimage.imgix.net\/wp-content\/uploads\/sites\/23\/2025\/04\/Late-1960.avif\" class=\"attachment-full size-full wp-image-4656\" alt=\"\" \/><\/figure><div class=\"elementor-image-box-content\"><h3 class=\"elementor-image-box-title\">P\u00e5 slutten av 1960-\u00e5rene<\/h3><p class=\"elementor-image-box-description\">Ved slutten av \u00e5ret, hadde salget \u00f8kt til mer enn 43 millioner dollar. STP ble et offentlig selskap, og aksjer ble notert p\u00e5 den amerikanske b\u00f8rsen under symbolet \u00abSTP\u00bb. STP\u00ae sponset sitt eget Indy Car racing-team, med Mario Andretti, vinneren av 1969 Indianapolis 500.\n<\/p><\/div><\/div>\t\t\t\t<\/div>\n\t\t\t\t<\/div>\n\t\t\t\t<div class=\"elementor-element elementor-element-c157b41 elementor-position-left elementor-vertical-align-middle image-text-section left-image elementor-widget elementor-widget-image-box\" data-id=\"c157b41\" data-element_type=\"widget\" data-e-type=\"widget\" data-widget_type=\"image-box.default\">\n\t\t\t\t<div class=\"elementor-widget-container\">\n\t\t\t\t\t<div class=\"elementor-image-box-wrapper\"><figure class=\"elementor-image-box-img\"><img loading=\"lazy\" decoding=\"async\" width=\"330\" height=\"264\" src=\"https:\/\/stpcdnimage.imgix.net\/wp-content\/uploads\/sites\/23\/2025\/04\/richard_driving_1.avif\" class=\"attachment-full size-full wp-image-4657\" alt=\"\" \/><\/figure><div class=\"elementor-image-box-content\"><h3 class=\"elementor-image-box-title\">1970-\u00e5rene<\/h3><p class=\"elementor-image-box-description\">STP ble f\u00f8rstesidestoff over hele verden n\u00e5r de begynte sitt samarbeid med den fremtidige stock car-legenden Richard Petty, et partnerskap som fortsetter den dag i dag.  Produkter ble markedsf\u00f8rt over hele USA, Canada, Mexico og i nesten 100 land over hele verden.<\/p><\/div><\/div>\t\t\t\t<\/div>\n\t\t\t\t<\/div>\n\t\t\t\t<div class=\"elementor-element elementor-element-eaf9e93 elementor-position-right elementor-vertical-align-middle image-text-section elementor-widget elementor-widget-image-box\" data-id=\"eaf9e93\" data-element_type=\"widget\" data-e-type=\"widget\" data-widget_type=\"image-box.default\">\n\t\t\t\t<div class=\"elementor-widget-container\">\n\t\t\t\t\t<div class=\"elementor-image-box-wrapper\"><figure class=\"elementor-image-box-img\"><img loading=\"lazy\" decoding=\"async\" width=\"330\" height=\"413\" src=\"https:\/\/stpcdnimage.imgix.net\/wp-content\/uploads\/sites\/23\/2025\/04\/richard-trophy.avif\" class=\"attachment-full size-full wp-image-4661\" alt=\"\" \/><\/figure><div class=\"elementor-image-box-content\"><h3 class=\"elementor-image-box-title\">1980-\u00e5rene<\/h3><p class=\"elementor-image-box-description\">I 1981 fullf\u00f8rte Richard Petty sin7. og siste Daytona 500-seier i #43 STP-bilen. I 1984 vant Petty sin 200. karrierel\u00f8p.<\/p><\/div><\/div>\t\t\t\t<\/div>\n\t\t\t\t<\/div>\n\t\t\t\t<div class=\"elementor-element elementor-element-40815d4 elementor-position-left elementor-vertical-align-middle image-text-section left-image elementor-widget elementor-widget-image-box\" data-id=\"40815d4\" data-element_type=\"widget\" data-e-type=\"widget\" data-widget_type=\"image-box.default\">\n\t\t\t\t<div class=\"elementor-widget-container\">\n\t\t\t\t\t<div class=\"elementor-image-box-wrapper\"><figure class=\"elementor-image-box-img\"><img loading=\"lazy\" decoding=\"async\" width=\"420\" height=\"279\" src=\"https:\/\/stpcdnimage.imgix.net\/wp-content\/uploads\/sites\/23\/2025\/04\/1990s.avif\" class=\"attachment-full size-full wp-image-4665\" alt=\"\" \/><\/figure><div class=\"elementor-image-box-content\"><h3 class=\"elementor-image-box-title\">1990-\u00e5rene<\/h3><p class=\"elementor-image-box-description\">I 1996 lanserte STP sin f\u00f8rste Complete Fuel System Cleaner mens Bobby Hamilton vant sitt f\u00f8rste l\u00f8p i Phoenix, og returnerte #43-bilen til Victory Lane.<\/p><\/div><\/div>\t\t\t\t<\/div>\n\t\t\t\t<\/div>\n\t\t\t\t<div class=\"elementor-element elementor-element-7d6233d elementor-position-right elementor-vertical-align-middle image-text-section elementor-widget elementor-widget-image-box\" data-id=\"7d6233d\" data-element_type=\"widget\" data-e-type=\"widget\" data-widget_type=\"image-box.default\">\n\t\t\t\t<div class=\"elementor-widget-container\">\n\t\t\t\t\t<div class=\"elementor-image-box-wrapper\"><figure class=\"elementor-image-box-img\"><img loading=\"lazy\" decoding=\"async\" width=\"840\" height=\"548\" src=\"https:\/\/stpcdnimage.imgix.net\/wp-content\/uploads\/sites\/23\/2025\/04\/2000.avif\" class=\"attachment-full size-full wp-image-4669\" alt=\"\" \/><\/figure><div class=\"elementor-image-box-content\"><h3 class=\"elementor-image-box-title\">2000-\u00e5rene<\/h3><p class=\"elementor-image-box-description\">I 2009 kj\u00f8rer Richard Petty tempobilen p\u00e5 Daytona 500\u00ae, som en del av 25-\u00e5rsjubileet for hans 200.  seier. STP\u00ae- og Armour All World of Outlaws-f\u00f8reren Donny Schatz vant sitt fjerde strake Knoxville National-mesterskap i en STP\u00ae Indy 500 Tribute-bil.\n\n\n<\/p><\/div><\/div>\t\t\t\t<\/div>\n\t\t\t\t<\/div>\n\t\t\t\t<div class=\"elementor-element elementor-element-404287d elementor-position-left elementor-vertical-align-middle image-text-section left-image elementor-widget elementor-widget-image-box\" data-id=\"404287d\" data-element_type=\"widget\" data-e-type=\"widget\" data-widget_type=\"image-box.default\">\n\t\t\t\t<div class=\"elementor-widget-container\">\n\t\t\t\t\t<div class=\"elementor-image-box-wrapper\"><figure class=\"elementor-image-box-img\"><img loading=\"lazy\" decoding=\"async\" width=\"330\" height=\"200\" src=\"https:\/\/stpcdnimage.imgix.net\/wp-content\/uploads\/sites\/23\/2025\/04\/2014.avif\" class=\"attachment-full size-full wp-image-4670\" alt=\"\" \/><\/figure><div class=\"elementor-image-box-content\"><h3 class=\"elementor-image-box-title\">2014<\/h3><p class=\"elementor-image-box-description\">I 2014 feiret STP sitt 60-\u00e5rsjubileum, lanserte Ultra 5-in-1 Fuel System Cleaner og var vert for STP 500 p\u00e5 Martinsville Speedway, vunnet av Kurt Busch.\n\n<\/p><\/div><\/div>\t\t\t\t<\/div>\n\t\t\t\t<\/div>\n\t\t\t\t<div class=\"elementor-element elementor-element-d24428f elementor-position-right elementor-vertical-align-middle image-text-section elementor-widget elementor-widget-image-box\" data-id=\"d24428f\" data-element_type=\"widget\" data-e-type=\"widget\" data-widget_type=\"image-box.default\">\n\t\t\t\t<div class=\"elementor-widget-container\">\n\t\t\t\t\t<div class=\"elementor-image-box-wrapper\"><figure class=\"elementor-image-box-img\"><img loading=\"lazy\" decoding=\"async\" width=\"1350\" height=\"901\" src=\"https:\/\/stpcdnimage.imgix.net\/wp-content\/uploads\/sites\/23\/2025\/04\/2018.avif\" class=\"attachment-full size-full wp-image-4674\" alt=\"\" \/><\/figure><div class=\"elementor-image-box-content\"><h3 class=\"elementor-image-box-title\">2018<\/h3><p class=\"elementor-image-box-description\">Richard Petty Motorsports ansatte Darrell \u00abBubba\u00bb Wallace Jr. til \u00e5 kj\u00f8re den ber\u00f8mte STP nr. 43 i NASCAR Cup-serien. Han er den f\u00f8rste afroamerikanske fulltids NASCAR Cup-f\u00f8reren siden Wendell Scott i 1971. Bubba startet 2018-sesongen sterkt med en 2. plass i Daytona 500.\n\n\n<\/p><\/div><\/div>\t\t\t\t<\/div>\n\t\t\t\t<\/div>\n\t\t\t\t<div class=\"elementor-element elementor-element-26f4551 elementor-position-left elementor-vertical-align-middle image-text-section left-image elementor-widget elementor-widget-image-box\" data-id=\"26f4551\" data-element_type=\"widget\" data-e-type=\"widget\" data-widget_type=\"image-box.default\">\n\t\t\t\t<div class=\"elementor-widget-container\">\n\t\t\t\t\t<div class=\"elementor-image-box-wrapper\"><figure class=\"elementor-image-box-img\"><img loading=\"lazy\" decoding=\"async\" width=\"848\" height=\"477\" src=\"https:\/\/stpcdnimage.imgix.net\/wp-content\/uploads\/sites\/23\/2025\/06\/Racing-9.avif\" class=\"attachment-full size-full wp-image-7757\" alt=\"\" \/><\/figure><div class=\"elementor-image-box-content\"><h3 class=\"elementor-image-box-title\">2020\/21<\/h3><p class=\"elementor-image-box-description\">STP lanserer Ceramic Oil Treatment og feirer 50 \u00e5r med partnerskap med Richard Petty Motorsports for \u00e5 fortsette som assosiert sponsor for Richard Petty Motorsports og sj\u00e5f\u00f8r Erik Jones i nr. 43 Chevrolet gjennom hele NASCAR Cup Series-sesongen.\n<\/p><\/div><\/div>\t\t\t\t<\/div>\n\t\t\t\t<\/div>\n\t\t\t\t<\/div>\n\t\t\t\t\t<\/div>\n\t\t\t\t<\/div>\n\t\t\t\t<\/div>\n\t\t","protected":false},"excerpt":{"rendered":"<p>I oktober 1954 introduserte tre forretningsmenn, som bare hadde 3 000 dollar i oppstartskapital, det f\u00f8rste STP\u00ae-produktet i St. Joseph i Missouri. STP\u00ae, startet med et produkt \u2014 STP\u00ae Oil Treatment. Det hjalp bilmotorolje til \u00e5 motst\u00e5 fortynning ved h\u00f8ye temperaturer og trykk. Historien v\u00e5r \u2013 en tidslinje 1954 Charles Dwight (Doc) Ligget, Jim Hill [&hellip;]<\/p>\n","protected":false},"author":1,"featured_media":0,"parent":4227,"menu_order":0,"comment_status":"closed","ping_status":"closed","template":"","meta":{"_acf_changed":false,"footnotes":""},"class_list":["post-4641","page","type-page","status-publish","hentry"],"acf":[],"yoast_head":"<!-- This site is optimized with the Yoast SEO plugin v27.4 - https:\/\/yoast.com\/product\/yoast-seo-wordpress\/ -->\n<title>STP\u00ae Historie - STP Norway<\/title>\n<meta name=\"robots\" content=\"index, follow, max-snippet:-1, max-image-preview:large, max-video-preview:-1\" \/>\n<link rel=\"canonical\" href=\"https:\/\/stp.com\/no\/om-stp\/stp-historie\/\" \/>\n<meta property=\"og:locale\" content=\"en_US\" \/>\n<meta property=\"og:type\" content=\"article\" \/>\n<meta property=\"og:title\" content=\"STP\u00ae Historie - STP Norway\" \/>\n<meta property=\"og:description\" content=\"I oktober 1954 introduserte tre forretningsmenn, som bare hadde 3 000 dollar i oppstartskapital, det f\u00f8rste STP\u00ae-produktet i St. Joseph i Missouri. STP\u00ae, startet med et produkt \u2014 STP\u00ae Oil Treatment. Det hjalp bilmotorolje til \u00e5 motst\u00e5 fortynning ved h\u00f8ye temperaturer og trykk. Historien v\u00e5r \u2013 en tidslinje 1954 Charles Dwight (Doc) Ligget, Jim Hill [&hellip;]\" \/>\n<meta property=\"og:url\" content=\"https:\/\/stp.com\/no\/om-stp\/stp-historie\/\" \/>\n<meta property=\"og:site_name\" content=\"STP Norway\" \/>\n<meta property=\"article:modified_time\" content=\"2025-06-17T04:52:39+00:00\" \/>\n<meta property=\"og:image\" content=\"https:\/\/stp.com\/no\/wp-content\/uploads\/sites\/23\/2025\/04\/1954-edit.avif\" \/>\n<meta name=\"twitter:card\" content=\"summary_large_image\" \/>\n<meta name=\"twitter:label1\" content=\"Est. reading time\" \/>\n\t<meta name=\"twitter:data1\" content=\"5 minutes\" \/>\n<script type=\"application\/ld+json\" class=\"yoast-schema-graph\">{\"@context\":\"https:\\\/\\\/schema.org\",\"@graph\":[{\"@type\":\"WebPage\",\"@id\":\"https:\\\/\\\/stp.com\\\/no\\\/om-stp\\\/stp-historie\\\/\",\"url\":\"https:\\\/\\\/stp.com\\\/no\\\/om-stp\\\/stp-historie\\\/\",\"name\":\"STP\u00ae Historie - STP Norway\",\"isPartOf\":{\"@id\":\"https:\\\/\\\/c38a2c2a6e.nxcli.io\\\/no\\\/#website\"},\"primaryImageOfPage\":{\"@id\":\"https:\\\/\\\/stp.com\\\/no\\\/om-stp\\\/stp-historie\\\/#primaryimage\"},\"image\":{\"@id\":\"https:\\\/\\\/stp.com\\\/no\\\/om-stp\\\/stp-historie\\\/#primaryimage\"},\"thumbnailUrl\":\"https:\\\/\\\/stp.com\\\/no\\\/wp-content\\\/uploads\\\/sites\\\/23\\\/2025\\\/04\\\/1954-edit.avif\",\"datePublished\":\"2025-04-03T06:58:30+00:00\",\"dateModified\":\"2025-06-17T04:52:39+00:00\",\"breadcrumb\":{\"@id\":\"https:\\\/\\\/stp.com\\\/no\\\/om-stp\\\/stp-historie\\\/#breadcrumb\"},\"inLanguage\":\"en-US\",\"potentialAction\":[{\"@type\":\"ReadAction\",\"target\":[\"https:\\\/\\\/stp.com\\\/no\\\/om-stp\\\/stp-historie\\\/\"]}]},{\"@type\":\"ImageObject\",\"inLanguage\":\"en-US\",\"@id\":\"https:\\\/\\\/stp.com\\\/no\\\/om-stp\\\/stp-historie\\\/#primaryimage\",\"url\":\"https:\\\/\\\/stpcdnimage.imgix.net\\\/wp-content\\\/uploads\\\/sites\\\/23\\\/2025\\\/04\\\/1954-edit.avif\",\"contentUrl\":\"https:\\\/\\\/stpcdnimage.imgix.net\\\/wp-content\\\/uploads\\\/sites\\\/23\\\/2025\\\/04\\\/1954-edit.avif\",\"width\":840,\"height\":548},{\"@type\":\"BreadcrumbList\",\"@id\":\"https:\\\/\\\/stp.com\\\/no\\\/om-stp\\\/stp-historie\\\/#breadcrumb\",\"itemListElement\":[{\"@type\":\"ListItem\",\"position\":1,\"name\":\"Home\",\"item\":\"https:\\\/\\\/stp.com\\\/no\\\/\"},{\"@type\":\"ListItem\",\"position\":2,\"name\":\"Om STP\u00ae\",\"item\":\"https:\\\/\\\/stp.com\\\/no\\\/om-stp\\\/\"},{\"@type\":\"ListItem\",\"position\":3,\"name\":\"STP\u00ae Historie\"}]},{\"@type\":\"WebSite\",\"@id\":\"https:\\\/\\\/c38a2c2a6e.nxcli.io\\\/no\\\/#website\",\"url\":\"https:\\\/\\\/c38a2c2a6e.nxcli.io\\\/no\\\/\",\"name\":\"STP Norway\",\"description\":\"Science. Technology. Performance\",\"potentialAction\":[{\"@type\":\"SearchAction\",\"target\":{\"@type\":\"EntryPoint\",\"urlTemplate\":\"https:\\\/\\\/c38a2c2a6e.nxcli.io\\\/no\\\/?s={search_term_string}\"},\"query-input\":{\"@type\":\"PropertyValueSpecification\",\"valueRequired\":true,\"valueName\":\"search_term_string\"}}],\"inLanguage\":\"en-US\"}]}<\/script>\n<!-- \/ Yoast SEO plugin. -->","yoast_head_json":{"title":"STP\u00ae Historie - STP Norway","robots":{"index":"index","follow":"follow","max-snippet":"max-snippet:-1","max-image-preview":"max-image-preview:large","max-video-preview":"max-video-preview:-1"},"canonical":"https:\/\/stp.com\/no\/om-stp\/stp-historie\/","og_locale":"en_US","og_type":"article","og_title":"STP\u00ae Historie - STP Norway","og_description":"I oktober 1954 introduserte tre forretningsmenn, som bare hadde 3 000 dollar i oppstartskapital, det f\u00f8rste STP\u00ae-produktet i St. Joseph i Missouri. STP\u00ae, startet med et produkt \u2014 STP\u00ae Oil Treatment. Det hjalp bilmotorolje til \u00e5 motst\u00e5 fortynning ved h\u00f8ye temperaturer og trykk. Historien v\u00e5r \u2013 en tidslinje 1954 Charles Dwight (Doc) Ligget, Jim Hill [&hellip;]","og_url":"https:\/\/stp.com\/no\/om-stp\/stp-historie\/","og_site_name":"STP Norway","article_modified_time":"2025-06-17T04:52:39+00:00","og_image":[{"url":"https:\/\/stp.com\/no\/wp-content\/uploads\/sites\/23\/2025\/04\/1954-edit.avif","type":"","width":"","height":""}],"twitter_card":"summary_large_image","twitter_misc":{"Est. reading time":"5 minutes"},"schema":{"@context":"https:\/\/schema.org","@graph":[{"@type":"WebPage","@id":"https:\/\/stp.com\/no\/om-stp\/stp-historie\/","url":"https:\/\/stp.com\/no\/om-stp\/stp-historie\/","name":"STP\u00ae Historie - STP Norway","isPartOf":{"@id":"https:\/\/c38a2c2a6e.nxcli.io\/no\/#website"},"primaryImageOfPage":{"@id":"https:\/\/stp.com\/no\/om-stp\/stp-historie\/#primaryimage"},"image":{"@id":"https:\/\/stp.com\/no\/om-stp\/stp-historie\/#primaryimage"},"thumbnailUrl":"https:\/\/stp.com\/no\/wp-content\/uploads\/sites\/23\/2025\/04\/1954-edit.avif","datePublished":"2025-04-03T06:58:30+00:00","dateModified":"2025-06-17T04:52:39+00:00","breadcrumb":{"@id":"https:\/\/stp.com\/no\/om-stp\/stp-historie\/#breadcrumb"},"inLanguage":"en-US","potentialAction":[{"@type":"ReadAction","target":["https:\/\/stp.com\/no\/om-stp\/stp-historie\/"]}]},{"@type":"ImageObject","inLanguage":"en-US","@id":"https:\/\/stp.com\/no\/om-stp\/stp-historie\/#primaryimage","url":"https:\/\/stpcdnimage.imgix.net\/wp-content\/uploads\/sites\/23\/2025\/04\/1954-edit.avif","contentUrl":"https:\/\/stpcdnimage.imgix.net\/wp-content\/uploads\/sites\/23\/2025\/04\/1954-edit.avif","width":840,"height":548},{"@type":"BreadcrumbList","@id":"https:\/\/stp.com\/no\/om-stp\/stp-historie\/#breadcrumb","itemListElement":[{"@type":"ListItem","position":1,"name":"Home","item":"https:\/\/stp.com\/no\/"},{"@type":"ListItem","position":2,"name":"Om STP\u00ae","item":"https:\/\/stp.com\/no\/om-stp\/"},{"@type":"ListItem","position":3,"name":"STP\u00ae Historie"}]},{"@type":"WebSite","@id":"https:\/\/c38a2c2a6e.nxcli.io\/no\/#website","url":"https:\/\/c38a2c2a6e.nxcli.io\/no\/","name":"STP Norway","description":"Science. Technology. Performance","potentialAction":[{"@type":"SearchAction","target":{"@type":"EntryPoint","urlTemplate":"https:\/\/c38a2c2a6e.nxcli.io\/no\/?s={search_term_string}"},"query-input":{"@type":"PropertyValueSpecification","valueRequired":true,"valueName":"search_term_string"}}],"inLanguage":"en-US"}]}},"_links":{"self":[{"href":"https:\/\/stp.com\/no\/wp-json\/wp\/v2\/pages\/4641","targetHints":{"allow":["GET"]}}],"collection":[{"href":"https:\/\/stp.com\/no\/wp-json\/wp\/v2\/pages"}],"about":[{"href":"https:\/\/stp.com\/no\/wp-json\/wp\/v2\/types\/page"}],"author":[{"embeddable":true,"href":"https:\/\/stp.com\/no\/wp-json\/wp\/v2\/users\/1"}],"replies":[{"embeddable":true,"href":"https:\/\/stp.com\/no\/wp-json\/wp\/v2\/comments?post=4641"}],"version-history":[{"count":76,"href":"https:\/\/stp.com\/no\/wp-json\/wp\/v2\/pages\/4641\/revisions"}],"predecessor-version":[{"id":7787,"href":"https:\/\/stp.com\/no\/wp-json\/wp\/v2\/pages\/4641\/revisions\/7787"}],"up":[{"embeddable":true,"href":"https:\/\/stp.com\/no\/wp-json\/wp\/v2\/pages\/4227"}],"wp:attachment":[{"href":"https:\/\/stp.com\/no\/wp-json\/wp\/v2\/media?parent=4641"}],"curies":[{"name":"wp","href":"https:\/\/api.w.org\/{rel}","templated":true}]}}