{"id":2118,"date":"2022-01-17T16:53:40","date_gmt":"2022-01-17T16:53:40","guid":{"rendered":"https:\/\/mx-es.master-7rqtwti-7z4xhzo4ugydc.us-4.platformsh.site\/?post_type=product&#038;p=2118"},"modified":"2025-06-04T14:48:30","modified_gmt":"2025-06-04T09:18:30","slug":"liquido-de-direccion-hidraulica","status":"publish","type":"product","link":"https:\/\/stp.com\/mx\/product\/liquido-de-direccion-hidraulica\/","title":{"rendered":"L\u00edquido de Direcci\u00f3n Hidr\u00e1ulica"},"template":"","meta":{"_acf_changed":false},"product-category":[155,154],"product-feature":[],"retailer":[],"surface-material":[],"class_list":["post-2118","product","type-product","status-publish","hentry","product-category-direccion-asistida","product-category-liquidos-funcionales"],"acf":[],"yoast_head":"<!-- This site is optimized with the Yoast SEO plugin v27.4 - https:\/\/yoast.com\/product\/yoast-seo-wordpress\/ -->\n<title>L\u00edquido para Direcci\u00f3n Hidr\u00e1ulica | STP\u00ae<\/title>\n<meta name=\"description\" content=\"El L\u00edquido para Direcci\u00f3n Hidr\u00e1ulica STP\u00ae defiende su sistema de direcci\u00f3n asistida de los cambios de temperatura, para que est\u00e9 protegido todo el a\u00f1o.\" \/>\n<meta name=\"robots\" content=\"index, follow, max-snippet:-1, max-image-preview:large, max-video-preview:-1\" \/>\n<link rel=\"canonical\" href=\"https:\/\/stp.com\/mx\/product\/liquido-de-direccion-hidraulica\/\" \/>\n<meta property=\"og:locale\" content=\"en_US\" \/>\n<meta property=\"og:type\" content=\"article\" \/>\n<meta property=\"og:title\" content=\"L\u00edquido para Direcci\u00f3n Hidr\u00e1ulica | STP\u00ae\" \/>\n<meta property=\"og:description\" content=\"El L\u00edquido para Direcci\u00f3n Hidr\u00e1ulica STP\u00ae defiende su sistema de direcci\u00f3n asistida de los cambios de temperatura, para que est\u00e9 protegido todo el a\u00f1o.\" \/>\n<meta property=\"og:url\" content=\"https:\/\/stp.com\/mx\/product\/liquido-de-direccion-hidraulica\/\" \/>\n<meta property=\"og:site_name\" content=\"STP MX\" \/>\n<meta property=\"article:modified_time\" content=\"2025-06-04T09:18:30+00:00\" \/>\n<meta name=\"twitter:card\" content=\"summary_large_image\" \/>\n<script type=\"application\/ld+json\" class=\"yoast-schema-graph\">{\"@context\":\"https:\\\/\\\/schema.org\",\"@graph\":[{\"@type\":\"WebPage\",\"@id\":\"https:\\\/\\\/stp.com\\\/mx\\\/product\\\/liquido-de-direccion-hidraulica\\\/\",\"url\":\"https:\\\/\\\/stp.com\\\/mx\\\/product\\\/liquido-de-direccion-hidraulica\\\/\",\"name\":\"L\u00edquido para Direcci\u00f3n Hidr\u00e1ulica | STP\u00ae\",\"isPartOf\":{\"@id\":\"https:\\\/\\\/c38a2c2a6e.nxcli.io\\\/mx\\\/#website\"},\"datePublished\":\"2022-01-17T16:53:40+00:00\",\"dateModified\":\"2025-06-04T09:18:30+00:00\",\"description\":\"El L\u00edquido para Direcci\u00f3n Hidr\u00e1ulica STP\u00ae defiende su sistema de direcci\u00f3n asistida de los cambios de temperatura, para que est\u00e9 protegido todo el a\u00f1o.\",\"breadcrumb\":{\"@id\":\"https:\\\/\\\/stp.com\\\/mx\\\/product\\\/liquido-de-direccion-hidraulica\\\/#breadcrumb\"},\"inLanguage\":\"en-US\",\"potentialAction\":[{\"@type\":\"ReadAction\",\"target\":[\"https:\\\/\\\/stp.com\\\/mx\\\/product\\\/liquido-de-direccion-hidraulica\\\/\"]}]},{\"@type\":\"BreadcrumbList\",\"@id\":\"https:\\\/\\\/stp.com\\\/mx\\\/product\\\/liquido-de-direccion-hidraulica\\\/#breadcrumb\",\"itemListElement\":[{\"@type\":\"ListItem\",\"position\":1,\"name\":\"Home\",\"item\":\"https:\\\/\\\/stp.com\\\/mx\\\/\"},{\"@type\":\"ListItem\",\"position\":2,\"name\":\"Productos\",\"item\":\"https:\\\/\\\/stp.com\\\/mx\\\/productos\\\/productos\\\/\"},{\"@type\":\"ListItem\",\"position\":3,\"name\":\"L\u00edquidos Funcionales\",\"item\":\"https:\\\/\\\/stp.com\\\/mx\\\/productos\\\/productos\\\/liquidos-funcionales\\\/\"},{\"@type\":\"ListItem\",\"position\":4,\"name\":\"Direcci\u00f3n asistida\",\"item\":\"https:\\\/\\\/stp.com\\\/mx\\\/productos\\\/productos\\\/liquidos-funcionales\\\/direccion-asistida\\\/\"},{\"@type\":\"ListItem\",\"position\":5,\"name\":\"L\u00edquido de Direcci\u00f3n Hidr\u00e1ulica\"}]},{\"@type\":\"WebSite\",\"@id\":\"https:\\\/\\\/c38a2c2a6e.nxcli.io\\\/mx\\\/#website\",\"url\":\"https:\\\/\\\/c38a2c2a6e.nxcli.io\\\/mx\\\/\",\"name\":\"STP MX\",\"description\":\"Science. Technology. Performance\",\"potentialAction\":[{\"@type\":\"SearchAction\",\"target\":{\"@type\":\"EntryPoint\",\"urlTemplate\":\"https:\\\/\\\/c38a2c2a6e.nxcli.io\\\/mx\\\/?s={search_term_string}\"},\"query-input\":{\"@type\":\"PropertyValueSpecification\",\"valueRequired\":true,\"valueName\":\"search_term_string\"}}],\"inLanguage\":\"en-US\"}]}<\/script>\n<!-- \/ Yoast SEO plugin. -->","yoast_head_json":{"title":"L\u00edquido para Direcci\u00f3n Hidr\u00e1ulica | STP\u00ae","description":"El L\u00edquido para Direcci\u00f3n Hidr\u00e1ulica STP\u00ae defiende su sistema de direcci\u00f3n asistida de los cambios de temperatura, para que est\u00e9 protegido todo el a\u00f1o.","robots":{"index":"index","follow":"follow","max-snippet":"max-snippet:-1","max-image-preview":"max-image-preview:large","max-video-preview":"max-video-preview:-1"},"canonical":"https:\/\/stp.com\/mx\/product\/liquido-de-direccion-hidraulica\/","og_locale":"en_US","og_type":"article","og_title":"L\u00edquido para Direcci\u00f3n Hidr\u00e1ulica | STP\u00ae","og_description":"El L\u00edquido para Direcci\u00f3n Hidr\u00e1ulica STP\u00ae defiende su sistema de direcci\u00f3n asistida de los cambios de temperatura, para que est\u00e9 protegido todo el a\u00f1o.","og_url":"https:\/\/stp.com\/mx\/product\/liquido-de-direccion-hidraulica\/","og_site_name":"STP MX","article_modified_time":"2025-06-04T09:18:30+00:00","twitter_card":"summary_large_image","schema":{"@context":"https:\/\/schema.org","@graph":[{"@type":"WebPage","@id":"https:\/\/stp.com\/mx\/product\/liquido-de-direccion-hidraulica\/","url":"https:\/\/stp.com\/mx\/product\/liquido-de-direccion-hidraulica\/","name":"L\u00edquido para Direcci\u00f3n Hidr\u00e1ulica | STP\u00ae","isPartOf":{"@id":"https:\/\/c38a2c2a6e.nxcli.io\/mx\/#website"},"datePublished":"2022-01-17T16:53:40+00:00","dateModified":"2025-06-04T09:18:30+00:00","description":"El L\u00edquido para Direcci\u00f3n Hidr\u00e1ulica STP\u00ae defiende su sistema de direcci\u00f3n asistida de los cambios de temperatura, para que est\u00e9 protegido todo el a\u00f1o.","breadcrumb":{"@id":"https:\/\/stp.com\/mx\/product\/liquido-de-direccion-hidraulica\/#breadcrumb"},"inLanguage":"en-US","potentialAction":[{"@type":"ReadAction","target":["https:\/\/stp.com\/mx\/product\/liquido-de-direccion-hidraulica\/"]}]},{"@type":"BreadcrumbList","@id":"https:\/\/stp.com\/mx\/product\/liquido-de-direccion-hidraulica\/#breadcrumb","itemListElement":[{"@type":"ListItem","position":1,"name":"Home","item":"https:\/\/stp.com\/mx\/"},{"@type":"ListItem","position":2,"name":"Productos","item":"https:\/\/stp.com\/mx\/productos\/productos\/"},{"@type":"ListItem","position":3,"name":"L\u00edquidos Funcionales","item":"https:\/\/stp.com\/mx\/productos\/productos\/liquidos-funcionales\/"},{"@type":"ListItem","position":4,"name":"Direcci\u00f3n asistida","item":"https:\/\/stp.com\/mx\/productos\/productos\/liquidos-funcionales\/direccion-asistida\/"},{"@type":"ListItem","position":5,"name":"L\u00edquido de Direcci\u00f3n Hidr\u00e1ulica"}]},{"@type":"WebSite","@id":"https:\/\/c38a2c2a6e.nxcli.io\/mx\/#website","url":"https:\/\/c38a2c2a6e.nxcli.io\/mx\/","name":"STP MX","description":"Science. Technology. Performance","potentialAction":[{"@type":"SearchAction","target":{"@type":"EntryPoint","urlTemplate":"https:\/\/c38a2c2a6e.nxcli.io\/mx\/?s={search_term_string}"},"query-input":{"@type":"PropertyValueSpecification","valueRequired":true,"valueName":"search_term_string"}}],"inLanguage":"en-US"}]}},"_links":{"self":[{"href":"https:\/\/stp.com\/mx\/wp-json\/wp\/v2\/product\/2118","targetHints":{"allow":["GET"]}}],"collection":[{"href":"https:\/\/stp.com\/mx\/wp-json\/wp\/v2\/product"}],"about":[{"href":"https:\/\/stp.com\/mx\/wp-json\/wp\/v2\/types\/product"}],"version-history":[{"count":1,"href":"https:\/\/stp.com\/mx\/wp-json\/wp\/v2\/product\/2118\/revisions"}],"predecessor-version":[{"id":7654,"href":"https:\/\/stp.com\/mx\/wp-json\/wp\/v2\/product\/2118\/revisions\/7654"}],"wp:attachment":[{"href":"https:\/\/stp.com\/mx\/wp-json\/wp\/v2\/media?parent=2118"}],"wp:term":[{"taxonomy":"product-category","embeddable":true,"href":"https:\/\/stp.com\/mx\/wp-json\/wp\/v2\/product-category?post=2118"},{"taxonomy":"product-feature","embeddable":true,"href":"https:\/\/stp.com\/mx\/wp-json\/wp\/v2\/product-feature?post=2118"},{"taxonomy":"retailer","embeddable":true,"href":"https:\/\/stp.com\/mx\/wp-json\/wp\/v2\/retailer?post=2118"},{"taxonomy":"surface-material","embeddable":true,"href":"https:\/\/stp.com\/mx\/wp-json\/wp\/v2\/surface-material?post=2118"}],"curies":[{"name":"wp","href":"https:\/\/api.w.org\/{rel}","templated":true}]}}