{"id":5782,"date":"2025-04-04T18:41:10","date_gmt":"2025-04-04T13:11:10","guid":{"rendered":"https:\/\/c38a2c2a6e.nxcli.io\/latino-america\/?page_id=5782"},"modified":"2025-06-13T15:10:40","modified_gmt":"2025-06-13T09:40:40","slug":"ahorro-reducido-del-combustible","status":"publish","type":"page","link":"https:\/\/stp.com\/latino-america\/solucionador\/ahorro-reducido-del-combustible\/","title":{"rendered":"Ahorro reducido del combustible"},"content":{"rendered":"\t\t<div data-elementor-type=\"wp-page\" data-elementor-id=\"5782\" class=\"elementor elementor-5782\" data-elementor-post-type=\"page\">\n\t\t\t\t<div class=\"elementor-element elementor-element-587e2ac e-flex e-con-boxed e-con e-parent\" data-id=\"587e2ac\" data-element_type=\"container\" data-e-type=\"container\" data-settings=\"{&quot;background_background&quot;:&quot;classic&quot;}\">\n\t\t\t\t\t<div class=\"e-con-inner\">\n\t\t\t\t<div class=\"elementor-element elementor-element-2d4470c breadcrumb elementor-widget elementor-widget-breadcrumbs\" data-id=\"2d4470c\" data-element_type=\"widget\" data-e-type=\"widget\" data-widget_type=\"breadcrumbs.default\">\n\t\t\t\t<div class=\"elementor-widget-container\">\n\t\t\t\t\t<p id=\"breadcrumbs\"><span><span><a href=\"https:\/\/stp.com\/latino-america\/\">Home<\/a><\/span><\/span><\/p>\t\t\t\t<\/div>\n\t\t\t\t<\/div>\n\t\t<div class=\"elementor-element elementor-element-6d15aa3 e-con-full e-flex e-con e-child\" data-id=\"6d15aa3\" data-element_type=\"container\" data-e-type=\"container\">\n\t\t<div class=\"elementor-element elementor-element-3551f2e e-con-full product__head e-flex e-con e-child\" data-id=\"3551f2e\" data-element_type=\"container\" data-e-type=\"container\">\n\t\t\t\t<\/div>\n\t\t\t\t<\/div>\n\t\t\t\t\t<\/div>\n\t\t\t\t<\/div>\n\t\t<div class=\"elementor-element elementor-element-ab0a69c top-red-border e-flex e-con-boxed e-con e-parent\" data-id=\"ab0a69c\" data-element_type=\"container\" data-e-type=\"container\" data-settings=\"{&quot;background_background&quot;:&quot;classic&quot;}\">\n\t\t\t\t\t<div class=\"e-con-inner\">\n\t\t<div class=\"elementor-element elementor-element-5206de0 e-con-full e-flex e-con e-child\" data-id=\"5206de0\" data-element_type=\"container\" data-e-type=\"container\">\n\t\t\t\t<div class=\"elementor-element elementor-element-e258623 elementor-position-right elementor-vertical-align-middle image-text-section elementor-widget elementor-widget-image-box\" data-id=\"e258623\" data-element_type=\"widget\" data-e-type=\"widget\" data-widget_type=\"image-box.default\">\n\t\t\t\t<div class=\"elementor-widget-container\">\n\t\t\t\t\t<div class=\"elementor-image-box-wrapper\"><figure class=\"elementor-image-box-img\"><img fetchpriority=\"high\" decoding=\"async\" width=\"2560\" height=\"1450\" src=\"https:\/\/stpcdnimage.imgix.net\/wp-content\/uploads\/sites\/22\/2025\/04\/ReducedFuelCrop-scaled-1.avif\" class=\"attachment-full size-full wp-image-5789\" alt=\"\" \/><\/figure><div class=\"elementor-image-box-content\"><p class=\"elementor-image-box-description\">\u00bfSe pregunta por qu\u00e9 el consumo de combustible de su auto ya no es tan eficiente como antes? Es posible que haya dep\u00f3sitos que obstruyan el sistema de entrada de combustible. Esos dep\u00f3sitos hacen que el motor \u201ctrabaje m\u00e1s\u201d para obtener combustible, lo cual a su vez afecta el rendimiento del auto y del consumo de combustible. Mejore el consumo de combustible con nuestros productos, que incluyen tratamientos y limpiadores.<\/p><\/div><\/div>\t\t\t\t<\/div>\n\t\t\t\t<\/div>\n\t\t\t\t<\/div>\n\t\t\t\t\t<\/div>\n\t\t\t\t<\/div>\n\t\t<div class=\"elementor-element elementor-element-5ddb710 prod-related-container e-flex e-con-boxed e-con e-child\" data-id=\"5ddb710\" data-element_type=\"container\" data-e-type=\"container\" data-settings=\"{&quot;background_background&quot;:&quot;classic&quot;}\">\n\t\t\t\t\t<div class=\"e-con-inner\">\n\t\t\t\t<div class=\"elementor-element elementor-element-f1b2e92 arm__product-related elementor-widget elementor-widget-shortcode\" data-id=\"f1b2e92\" data-element_type=\"widget\" data-e-type=\"widget\" data-widget_type=\"shortcode.default\">\n\t\t\t\t<div class=\"elementor-widget-container\">\n\t\t\t\t\t\t\t<div class=\"elementor-shortcode\">\t<div class=\"product_related\">\n\t\t\t\t\t<div class=\"section-intro section-intro--left\" id=\"anchor-intro-block_\">\n\n\t\t\t\t\t<div class=\"section-intro__content\" id=\"anchor-intro-content_\">\n\t\t\t\t\t\t<div role=\"doc-subtitle\">Mejore la calidad de la gasolina con<\/div>\n\t\t\t\t\t<\/div>\n\n\t\t\t\t<div class=\"section-intro__button\">\n\t\t\t\t\t\t\t\t\t<\/div>\n\t\t\t<\/div>\n\t\t\t\t<div class=\"building-block\">\n\t\t\t<div class=\"slider slider--listing\" role=\"region\" aria-roledescription=\"carousel\" aria-label=\"Featured product carousel\" data-items-0=\"1\" data-items-500=\"2\" data-items-900=\"3\" data-items-1200=\"4\" data-autoplay=\"false\">\n\t\t\t\t<div class=\"slider__controls\">\n\t\t\t\t\t\t\t\t\t\t\t\t\t\t<\/div>\n\t\t\t\t<div class=\"slider__wrapper\">\n\t\t\t\t\t<ul class=\"slider__panels\" id=\"slider-123\" class=\"carousel-items\" aria-live=\"polite\">\n\t\t\t\t\t\t \t\t\t\t\t\t\t<li class=\"slider__panel\" aria-hidden=\"false\" tabindex=\"-1\" aria-label=\"Slide 1 of 1\">\n\t\t\t\t\t\t\t\t <div class=\"grid grid-cols-4 grid-gutter-md\">\n\t\t\t\t\t\t\t\t\t\t\t\t\t\t\t\t\t\t\t<div class=\"card card--product\">\n\t\t\t\t\t\t\t\t\t\t\t<div class=\"card__image card__image--has-rollover\">\n\t\t\t\t\t\t\t\t\t\t\t\t<img decoding=\"async\" src=\"https:\/\/stpcdnimage.imgix.net\/global-media\/wp-content\/uploads\/sites\/6\/product-images\/E302018401_01.png\"  alt=\"Gas Treatment Image 1\" class=\"\" width=\"250\" height=\"250\" \/>\n\t\t\t\t\t\t\t\t\t\t\t\t<div class=\"btn btn--solid rollover\">Ver Producto<\/div>\n\t\t\t\t\t\t\t\t\t\t\t<\/div>\n\t\t\t\t\t\t\t\t\t\t\t<div class=\"card__pretitle\"><span class=\"card__category\">Aditivos para combustibles<\/span><\/div>\n\t\t\t\t\t\t\t\t\t\t\t\t<h3 class=\"h3\"><a href=\"https:\/\/stp.com\/latino-america\/product\/gas-treatment\/\" class=\"cover-link card__link\">Gas Treatment<\/a><\/h3>\n\t\t\t\t\t\t\t\t\t\t<\/div>\n\t\t\t\t\t\t\t\t\t\t\t\t\t\t\t\t\t\t\t<div class=\"card card--product\">\n\t\t\t\t\t\t\t\t\t\t\t<div class=\"card__image card__image--has-rollover\">\n\t\t\t\t\t\t\t\t\t\t\t\t<img decoding=\"async\" src=\"https:\/\/stpcdnimage.imgix.net\/global-media\/wp-content\/uploads\/sites\/6\/product-images\/E302018601_01.png\"  alt=\"Super Concentrated Fuel Injector Cleaner Image 1\" class=\"\" width=\"250\" height=\"250\" \/>\n\t\t\t\t\t\t\t\t\t\t\t\t<div class=\"btn btn--solid rollover\">Ver Producto<\/div>\n\t\t\t\t\t\t\t\t\t\t\t<\/div>\n\t\t\t\t\t\t\t\t\t\t\t<div class=\"card__pretitle\"><span class=\"card__category\">Aditivos para combustibles<\/span><\/div>\n\t\t\t\t\t\t\t\t\t\t\t\t<h3 class=\"h3\"><a href=\"https:\/\/stp.com\/latino-america\/product\/super-concentrated-fuel-injector-cleaner\/\" class=\"cover-link card__link\">Super Concentrated Fuel Injector Cleaner<\/a><\/h3>\n\t\t\t\t\t\t\t\t\t\t<\/div>\n\t\t\t\t\t\t\t\t\t\t\t\t\t\t\t\t\t\t\t<div class=\"card card--product\">\n\t\t\t\t\t\t\t\t\t\t\t<div class=\"card__image card__image--has-rollover\">\n\t\t\t\t\t\t\t\t\t\t\t\t<img loading=\"lazy\" decoding=\"async\" src=\"https:\/\/stpcdnimage.imgix.net\/global-media\/wp-content\/uploads\/sites\/6\/product-images\/E301989600_01.png\"  alt=\"Complete Fuel System Cleaner Image 1\" class=\"\" width=\"250\" height=\"250\" \/>\n\t\t\t\t\t\t\t\t\t\t\t\t<div class=\"btn btn--solid rollover\">Ver Producto<\/div>\n\t\t\t\t\t\t\t\t\t\t\t<\/div>\n\t\t\t\t\t\t\t\t\t\t\t<div class=\"card__pretitle\"><span class=\"card__category\">Aditivos para combustibles<\/span><\/div>\n\t\t\t\t\t\t\t\t\t\t\t\t<h3 class=\"h3\"><a href=\"https:\/\/stp.com\/latino-america\/product\/complete-fuel-system-cleaner\/\" class=\"cover-link card__link\">Complete Fuel System Cleaner<\/a><\/h3>\n\t\t\t\t\t\t\t\t\t\t<\/div>\n\t\t\t\t\t\t\t\t\t\t\t\t\t\t\t\t\t\t\t<div class=\"card card--product\">\n\t\t\t\t\t\t\t\t\t\t\t<div class=\"card__image card__image--has-rollover\">\n\t\t\t\t\t\t\t\t\t\t\t\t<img loading=\"lazy\" decoding=\"async\" src=\"https:\/\/stpcdnimage.imgix.net\/global-media\/wp-content\/uploads\/sites\/6\/product-images\/E301990600_01.png\"  alt=\"Ultra 5-In-1 Fuel System Cleaner Image 1\" class=\"\" width=\"250\" height=\"250\" \/>\n\t\t\t\t\t\t\t\t\t\t\t\t<div class=\"btn btn--solid rollover\">Ver Producto<\/div>\n\t\t\t\t\t\t\t\t\t\t\t<\/div>\n\t\t\t\t\t\t\t\t\t\t\t<div class=\"card__pretitle\"><span class=\"card__category\">Aditivos para combustibles<\/span><\/div>\n\t\t\t\t\t\t\t\t\t\t\t\t<h3 class=\"h3\"><a href=\"https:\/\/stp.com\/latino-america\/product\/ultra-5-in-1-fuel-system-cleaner\/\" class=\"cover-link card__link\">Ultra 5-In-1 Fuel System Cleaner<\/a><\/h3>\n\t\t\t\t\t\t\t\t\t\t<\/div>\n\t\t\t\t\t\t\t\t\t\t\t\t\t\t\t\t\t<\/div>\n\t\t\t\t\t\t\t<\/li>\n\t\t\t\t\t\t\t\t\t\t\t<\/ul>\n\t\t\t\t<\/div>\n\t\t\t\t<div class=\"slider__nav\">\n\t\t\t\t\t\t\t\t\t\t<\/div>\n\t\t\t<\/div>\n\t\t<\/div>\n\t<\/div>\n<\/div>\n\t\t\t\t\t\t<\/div>\n\t\t\t\t<\/div>\n\t\t\t\t\t<\/div>\n\t\t\t\t<\/div>\n\t\t\t\t<\/div>\n\t\t","protected":false},"excerpt":{"rendered":"<p>\u00bfSe pregunta por qu\u00e9 el consumo de combustible de su auto ya no es tan eficiente como antes? Es posible que haya dep\u00f3sitos que obstruyan el sistema de entrada de combustible. Esos dep\u00f3sitos hacen que el motor \u201ctrabaje m\u00e1s\u201d para obtener combustible, lo cual a su vez afecta el rendimiento del auto y del consumo [&hellip;]<\/p>\n","protected":false},"author":1,"featured_media":0,"parent":416,"menu_order":0,"comment_status":"closed","ping_status":"closed","template":"","meta":{"_acf_changed":false,"footnotes":""},"class_list":["post-5782","page","type-page","status-publish","hentry"],"acf":[],"yoast_head":"<!-- This site is optimized with the Yoast SEO plugin v27.4 - https:\/\/yoast.com\/product\/yoast-seo-wordpress\/ -->\n<title>Ahorro reducido del combustible - STP LATAM<\/title>\n<meta name=\"robots\" content=\"index, follow, max-snippet:-1, max-image-preview:large, max-video-preview:-1\" \/>\n<link rel=\"canonical\" href=\"https:\/\/stp.com\/latino-america\/solucionador\/ahorro-reducido-del-combustible\/\" \/>\n<meta property=\"og:locale\" content=\"en_US\" \/>\n<meta property=\"og:type\" content=\"article\" \/>\n<meta property=\"og:title\" content=\"Ahorro reducido del combustible - STP LATAM\" \/>\n<meta property=\"og:description\" content=\"\u00bfSe pregunta por qu\u00e9 el consumo de combustible de su auto ya no es tan eficiente como antes? Es posible que haya dep\u00f3sitos que obstruyan el sistema de entrada de combustible. Esos dep\u00f3sitos hacen que el motor \u201ctrabaje m\u00e1s\u201d para obtener combustible, lo cual a su vez afecta el rendimiento del auto y del consumo [&hellip;]\" \/>\n<meta property=\"og:url\" content=\"https:\/\/stp.com\/latino-america\/solucionador\/ahorro-reducido-del-combustible\/\" \/>\n<meta property=\"og:site_name\" content=\"STP LATAM\" \/>\n<meta property=\"article:modified_time\" content=\"2025-06-13T09:40:40+00:00\" \/>\n<meta property=\"og:image\" content=\"https:\/\/stp.com\/latino-america\/wp-content\/uploads\/sites\/22\/2025\/04\/ReducedFuelCrop-scaled-1.avif\" \/>\n<meta name=\"twitter:card\" content=\"summary_large_image\" \/>\n<meta name=\"twitter:label1\" content=\"Est. reading time\" \/>\n\t<meta name=\"twitter:data1\" content=\"1 minute\" \/>\n<script type=\"application\/ld+json\" class=\"yoast-schema-graph\">{\"@context\":\"https:\\\/\\\/schema.org\",\"@graph\":[{\"@type\":\"WebPage\",\"@id\":\"https:\\\/\\\/stp.com\\\/latino-america\\\/solucionador\\\/ahorro-reducido-del-combustible\\\/\",\"url\":\"https:\\\/\\\/stp.com\\\/latino-america\\\/solucionador\\\/ahorro-reducido-del-combustible\\\/\",\"name\":\"Ahorro reducido del combustible - STP LATAM\",\"isPartOf\":{\"@id\":\"https:\\\/\\\/stp.com\\\/latino-america\\\/#website\"},\"primaryImageOfPage\":{\"@id\":\"https:\\\/\\\/stp.com\\\/latino-america\\\/solucionador\\\/ahorro-reducido-del-combustible\\\/#primaryimage\"},\"image\":{\"@id\":\"https:\\\/\\\/stp.com\\\/latino-america\\\/solucionador\\\/ahorro-reducido-del-combustible\\\/#primaryimage\"},\"thumbnailUrl\":\"https:\\\/\\\/stp.com\\\/latino-america\\\/wp-content\\\/uploads\\\/sites\\\/22\\\/2025\\\/04\\\/ReducedFuelCrop-scaled-1.avif\",\"datePublished\":\"2025-04-04T13:11:10+00:00\",\"dateModified\":\"2025-06-13T09:40:40+00:00\",\"breadcrumb\":{\"@id\":\"https:\\\/\\\/stp.com\\\/latino-america\\\/solucionador\\\/ahorro-reducido-del-combustible\\\/#breadcrumb\"},\"inLanguage\":\"en-US\",\"potentialAction\":[{\"@type\":\"ReadAction\",\"target\":[\"https:\\\/\\\/stp.com\\\/latino-america\\\/solucionador\\\/ahorro-reducido-del-combustible\\\/\"]}]},{\"@type\":\"ImageObject\",\"inLanguage\":\"en-US\",\"@id\":\"https:\\\/\\\/stp.com\\\/latino-america\\\/solucionador\\\/ahorro-reducido-del-combustible\\\/#primaryimage\",\"url\":\"https:\\\/\\\/stpcdnimage.imgix.net\\\/wp-content\\\/uploads\\\/sites\\\/22\\\/2025\\\/04\\\/ReducedFuelCrop-scaled-1.avif\",\"contentUrl\":\"https:\\\/\\\/stpcdnimage.imgix.net\\\/wp-content\\\/uploads\\\/sites\\\/22\\\/2025\\\/04\\\/ReducedFuelCrop-scaled-1.avif\",\"width\":2560,\"height\":1450},{\"@type\":\"BreadcrumbList\",\"@id\":\"https:\\\/\\\/stp.com\\\/latino-america\\\/solucionador\\\/ahorro-reducido-del-combustible\\\/#breadcrumb\",\"itemListElement\":[{\"@type\":\"ListItem\",\"position\":1,\"name\":\"Home\",\"item\":\"https:\\\/\\\/stp.com\\\/latino-america\\\/\"},{\"@type\":\"ListItem\",\"position\":2,\"name\":\"Solucionador\",\"item\":\"https:\\\/\\\/stp.com\\\/latino-america\\\/solucionador\\\/\"},{\"@type\":\"ListItem\",\"position\":3,\"name\":\"Ahorro reducido del combustible\"}]},{\"@type\":\"WebSite\",\"@id\":\"https:\\\/\\\/stp.com\\\/latino-america\\\/#website\",\"url\":\"https:\\\/\\\/stp.com\\\/latino-america\\\/\",\"name\":\"STP LATAM\",\"description\":\"Science. Technology. Performance\",\"potentialAction\":[{\"@type\":\"SearchAction\",\"target\":{\"@type\":\"EntryPoint\",\"urlTemplate\":\"https:\\\/\\\/stp.com\\\/latino-america\\\/?s={search_term_string}\"},\"query-input\":{\"@type\":\"PropertyValueSpecification\",\"valueRequired\":true,\"valueName\":\"search_term_string\"}}],\"inLanguage\":\"en-US\"}]}<\/script>\n<!-- \/ Yoast SEO plugin. -->","yoast_head_json":{"title":"Ahorro reducido del combustible - STP LATAM","robots":{"index":"index","follow":"follow","max-snippet":"max-snippet:-1","max-image-preview":"max-image-preview:large","max-video-preview":"max-video-preview:-1"},"canonical":"https:\/\/stp.com\/latino-america\/solucionador\/ahorro-reducido-del-combustible\/","og_locale":"en_US","og_type":"article","og_title":"Ahorro reducido del combustible - STP LATAM","og_description":"\u00bfSe pregunta por qu\u00e9 el consumo de combustible de su auto ya no es tan eficiente como antes? Es posible que haya dep\u00f3sitos que obstruyan el sistema de entrada de combustible. Esos dep\u00f3sitos hacen que el motor \u201ctrabaje m\u00e1s\u201d para obtener combustible, lo cual a su vez afecta el rendimiento del auto y del consumo [&hellip;]","og_url":"https:\/\/stp.com\/latino-america\/solucionador\/ahorro-reducido-del-combustible\/","og_site_name":"STP LATAM","article_modified_time":"2025-06-13T09:40:40+00:00","og_image":[{"url":"https:\/\/stp.com\/latino-america\/wp-content\/uploads\/sites\/22\/2025\/04\/ReducedFuelCrop-scaled-1.avif","type":"","width":"","height":""}],"twitter_card":"summary_large_image","twitter_misc":{"Est. reading time":"1 minute"},"schema":{"@context":"https:\/\/schema.org","@graph":[{"@type":"WebPage","@id":"https:\/\/stp.com\/latino-america\/solucionador\/ahorro-reducido-del-combustible\/","url":"https:\/\/stp.com\/latino-america\/solucionador\/ahorro-reducido-del-combustible\/","name":"Ahorro reducido del combustible - STP LATAM","isPartOf":{"@id":"https:\/\/stp.com\/latino-america\/#website"},"primaryImageOfPage":{"@id":"https:\/\/stp.com\/latino-america\/solucionador\/ahorro-reducido-del-combustible\/#primaryimage"},"image":{"@id":"https:\/\/stp.com\/latino-america\/solucionador\/ahorro-reducido-del-combustible\/#primaryimage"},"thumbnailUrl":"https:\/\/stp.com\/latino-america\/wp-content\/uploads\/sites\/22\/2025\/04\/ReducedFuelCrop-scaled-1.avif","datePublished":"2025-04-04T13:11:10+00:00","dateModified":"2025-06-13T09:40:40+00:00","breadcrumb":{"@id":"https:\/\/stp.com\/latino-america\/solucionador\/ahorro-reducido-del-combustible\/#breadcrumb"},"inLanguage":"en-US","potentialAction":[{"@type":"ReadAction","target":["https:\/\/stp.com\/latino-america\/solucionador\/ahorro-reducido-del-combustible\/"]}]},{"@type":"ImageObject","inLanguage":"en-US","@id":"https:\/\/stp.com\/latino-america\/solucionador\/ahorro-reducido-del-combustible\/#primaryimage","url":"https:\/\/stpcdnimage.imgix.net\/wp-content\/uploads\/sites\/22\/2025\/04\/ReducedFuelCrop-scaled-1.avif","contentUrl":"https:\/\/stpcdnimage.imgix.net\/wp-content\/uploads\/sites\/22\/2025\/04\/ReducedFuelCrop-scaled-1.avif","width":2560,"height":1450},{"@type":"BreadcrumbList","@id":"https:\/\/stp.com\/latino-america\/solucionador\/ahorro-reducido-del-combustible\/#breadcrumb","itemListElement":[{"@type":"ListItem","position":1,"name":"Home","item":"https:\/\/stp.com\/latino-america\/"},{"@type":"ListItem","position":2,"name":"Solucionador","item":"https:\/\/stp.com\/latino-america\/solucionador\/"},{"@type":"ListItem","position":3,"name":"Ahorro reducido del combustible"}]},{"@type":"WebSite","@id":"https:\/\/stp.com\/latino-america\/#website","url":"https:\/\/stp.com\/latino-america\/","name":"STP LATAM","description":"Science. Technology. Performance","potentialAction":[{"@type":"SearchAction","target":{"@type":"EntryPoint","urlTemplate":"https:\/\/stp.com\/latino-america\/?s={search_term_string}"},"query-input":{"@type":"PropertyValueSpecification","valueRequired":true,"valueName":"search_term_string"}}],"inLanguage":"en-US"}]}},"_links":{"self":[{"href":"https:\/\/stp.com\/latino-america\/wp-json\/wp\/v2\/pages\/5782","targetHints":{"allow":["GET"]}}],"collection":[{"href":"https:\/\/stp.com\/latino-america\/wp-json\/wp\/v2\/pages"}],"about":[{"href":"https:\/\/stp.com\/latino-america\/wp-json\/wp\/v2\/types\/page"}],"author":[{"embeddable":true,"href":"https:\/\/stp.com\/latino-america\/wp-json\/wp\/v2\/users\/1"}],"replies":[{"embeddable":true,"href":"https:\/\/stp.com\/latino-america\/wp-json\/wp\/v2\/comments?post=5782"}],"version-history":[{"count":12,"href":"https:\/\/stp.com\/latino-america\/wp-json\/wp\/v2\/pages\/5782\/revisions"}],"predecessor-version":[{"id":7821,"href":"https:\/\/stp.com\/latino-america\/wp-json\/wp\/v2\/pages\/5782\/revisions\/7821"}],"up":[{"embeddable":true,"href":"https:\/\/stp.com\/latino-america\/wp-json\/wp\/v2\/pages\/416"}],"wp:attachment":[{"href":"https:\/\/stp.com\/latino-america\/wp-json\/wp\/v2\/media?parent=5782"}],"curies":[{"name":"wp","href":"https:\/\/api.w.org\/{rel}","templated":true}]}}