{"id":5877,"date":"2025-04-04T19:21:00","date_gmt":"2025-04-04T13:51:00","guid":{"rendered":"https:\/\/c38a2c2a6e.nxcli.io\/it\/?page_id=5877"},"modified":"2025-05-20T11:16:05","modified_gmt":"2025-05-20T05:46:05","slug":"carburante-stantio","status":"publish","type":"page","link":"https:\/\/stp.com\/it\/problem-solver\/carburante-stantio\/","title":{"rendered":"Carburante stantio"},"content":{"rendered":"\t\t<div data-elementor-type=\"wp-page\" data-elementor-id=\"5877\" class=\"elementor elementor-5877\" data-elementor-post-type=\"page\">\n\t\t\t\t<div class=\"elementor-element elementor-element-d9af9ca e-flex e-con-boxed e-con e-parent\" data-id=\"d9af9ca\" data-element_type=\"container\" data-e-type=\"container\" data-settings=\"{&quot;background_background&quot;:&quot;classic&quot;}\">\n\t\t\t\t\t<div class=\"e-con-inner\">\n\t\t\t\t<div class=\"elementor-element elementor-element-148e152 breadcrumb elementor-widget elementor-widget-breadcrumbs\" data-id=\"148e152\" data-element_type=\"widget\" data-e-type=\"widget\" data-widget_type=\"breadcrumbs.default\">\n\t\t\t\t<div class=\"elementor-widget-container\">\n\t\t\t\t\t<p id=\"breadcrumbs\"><span><span><a href=\"https:\/\/stp.com\/it\/\">Home<\/a><\/span><\/span><\/p>\t\t\t\t<\/div>\n\t\t\t\t<\/div>\n\t\t<div class=\"elementor-element elementor-element-a6dc6cd e-con-full e-flex e-con e-child\" data-id=\"a6dc6cd\" data-element_type=\"container\" data-e-type=\"container\">\n\t\t<div class=\"elementor-element elementor-element-4ae645f e-con-full product__head e-flex e-con e-child\" data-id=\"4ae645f\" data-element_type=\"container\" data-e-type=\"container\">\n\t\t\t\t<\/div>\n\t\t\t\t<\/div>\n\t\t\t\t\t<\/div>\n\t\t\t\t<\/div>\n\t\t<div class=\"elementor-element elementor-element-d1b626b top-red-border e-flex e-con-boxed e-con e-parent\" data-id=\"d1b626b\" data-element_type=\"container\" data-e-type=\"container\" data-settings=\"{&quot;background_background&quot;:&quot;classic&quot;}\">\n\t\t\t\t\t<div class=\"e-con-inner\">\n\t\t<div class=\"elementor-element elementor-element-5c34192 e-con-full e-flex e-con e-child\" data-id=\"5c34192\" data-element_type=\"container\" data-e-type=\"container\">\n\t\t\t\t<div class=\"elementor-element elementor-element-25c0bd5 elementor-position-right elementor-vertical-align-middle image-text-section elementor-widget elementor-widget-image-box\" data-id=\"25c0bd5\" data-element_type=\"widget\" data-e-type=\"widget\" data-widget_type=\"image-box.default\">\n\t\t\t\t<div class=\"elementor-widget-container\">\n\t\t\t\t\t<div class=\"elementor-image-box-wrapper\"><figure class=\"elementor-image-box-img\"><img fetchpriority=\"high\" decoding=\"async\" width=\"1920\" height=\"1080\" src=\"https:\/\/stpcdnimage.imgix.net\/it\/wp-content\/uploads\/sites\/14\/2025\/05\/Stale-Gas-Photo-10-resized.jpeg?auto=format%2Ccompress\" class=\"attachment-full size-full wp-image-7805\" alt=\"Carburante stantio\" srcset=\"https:\/\/stpcdnimage.imgix.net\/it\/wp-content\/uploads\/sites\/14\/2025\/05\/Stale-Gas-Photo-10-resized.jpeg?w=1920 1920w, https:\/\/stpcdnimage.imgix.net\/it\/wp-content\/uploads\/sites\/14\/2025\/05\/Stale-Gas-Photo-10-resized.jpeg?w=300 300w, https:\/\/stpcdnimage.imgix.net\/it\/wp-content\/uploads\/sites\/14\/2025\/05\/Stale-Gas-Photo-10-resized.jpeg?w=1024 1024w, https:\/\/stpcdnimage.imgix.net\/it\/wp-content\/uploads\/sites\/14\/2025\/05\/Stale-Gas-Photo-10-resized.jpeg?w=768 768w, https:\/\/stpcdnimage.imgix.net\/it\/wp-content\/uploads\/sites\/14\/2025\/05\/Stale-Gas-Photo-10-resized.jpeg?w=1536 1536w\" sizes=\"(max-width: 1920px) 100vw, 1920px\" \/><\/figure><div class=\"elementor-image-box-content\"><p class=\"elementor-image-box-description\">Hai versato in un motore del carburante che hai conservato per un po' e non si avvia? Potrebbe essere stantio. Che sia in una tanica o in un serbatoio, il carburante pu\u00f2 perdere parte della sua efficacia se rimane fermo per lunghi periodi. L'umidit\u00e0 e la corrosione possono depositarsi e intasare i sistemi di alimentazione, causando difficolt\u00e0 di avviamento o il mancato avviamento. Questo \u00e8 particolarmente comune nei piccoli motori che non vengono utilizzati spesso o vengono utilizzati solo stagionalmente. Gli additivi che aiutano a mantenere il carburante \"fresco\" possono aiutare a evitare questo problema.<\/p><\/div><\/div>\t\t\t\t<\/div>\n\t\t\t\t<\/div>\n\t\t\t\t<\/div>\n\t\t\t\t\t<\/div>\n\t\t\t\t<\/div>\n\t\t<div class=\"elementor-element elementor-element-6168b98 prod-related-container e-flex e-con-boxed e-con e-child\" data-id=\"6168b98\" data-element_type=\"container\" data-e-type=\"container\" data-settings=\"{&quot;background_background&quot;:&quot;classic&quot;}\">\n\t\t\t\t\t<div class=\"e-con-inner\">\n\t\t\t\t<div class=\"elementor-element elementor-element-daceac7 arm__product-related elementor-widget elementor-widget-shortcode\" data-id=\"daceac7\" data-element_type=\"widget\" data-e-type=\"widget\" data-widget_type=\"shortcode.default\">\n\t\t\t\t<div class=\"elementor-widget-container\">\n\t\t\t\t\t\t\t<div class=\"elementor-shortcode\">\t<div class=\"product_related\">\n\t\t\t\t\t<div class=\"section-intro section-intro--left\" id=\"anchor-intro-block_\">\n\n\t\t\t\t\t<div class=\"section-intro__content\" id=\"anchor-intro-content_\">\n\t\t\t\t\t\t<div role=\"doc-subtitle\">Contrasta il carburante stantio con:<\/div>\n\t\t\t\t\t<\/div>\n\n\t\t\t\t<div class=\"section-intro__button\">\n\t\t\t\t\t\t\t\t\t<\/div>\n\t\t\t<\/div>\n\t\t\t\t<div class=\"building-block\">\n\t\t\t<div class=\"slider slider--listing\" role=\"region\" aria-roledescription=\"carousel\" aria-label=\"Featured product carousel\" data-items-0=\"1\" data-items-500=\"2\" data-items-900=\"3\" data-items-1200=\"4\" data-autoplay=\"false\">\n\t\t\t\t<div class=\"slider__controls\">\n\t\t\t\t\t\t\t\t\t\t\t\t\t\t<\/div>\n\t\t\t\t<div class=\"slider__wrapper\">\n\t\t\t\t\t<ul class=\"slider__panels\" id=\"slider-123\" class=\"carousel-items\" aria-live=\"polite\">\n\t\t\t\t\t\t \t\t\t\t\t\t\t<li class=\"slider__panel\" aria-hidden=\"false\" tabindex=\"-1\" aria-label=\"Slide 1 of 1\">\n\t\t\t\t\t\t\t\t <div class=\"grid grid-cols-4 grid-gutter-md\">\n\t\t\t\t\t\t\t\t\t\t\t\t\t\t\t\t\t\t\t<div class=\"card card--product\">\n\t\t\t\t\t\t\t\t\t\t\t<div class=\"card__image card__image--has-rollover\">\n\t\t\t\t\t\t\t\t\t\t\t\t<img decoding=\"async\" src=\"https:\/\/stpcdnimage.imgix.net\/global-media\/wp-content\/uploads\/sites\/6\/product-images\/E303220100_01.png\"  alt=\"Pulitore Completo Del Sistema Di Alimentazione Benzina Image 1\" class=\"\" width=\"250\" height=\"250\" \/>\n\t\t\t\t\t\t\t\t\t\t\t\t<div class=\"btn btn--solid rollover\">Visualizza prodotto<\/div>\n\t\t\t\t\t\t\t\t\t\t\t<\/div>\n\t\t\t\t\t\t\t\t\t\t\t<div class=\"card__pretitle\"><span class=\"card__category\">Additivi per Carburante<\/span><\/div>\n\t\t\t\t\t\t\t\t\t\t\t\t<h3 class=\"h3\"><a href=\"https:\/\/stp.com\/it\/product\/pulitore-completo-del-sistema-di-alimentazione-benzina\/\" class=\"cover-link card__link\">Pulitore Completo Del Sistema Di Alimentazione Benzina<\/a><\/h3>\n\t\t\t\t\t\t\t\t\t\t<\/div>\n\t\t\t\t\t\t\t\t\t\t\t\t\t\t\t\t\t\t\t<div class=\"card card--product\">\n\t\t\t\t\t\t\t\t\t\t\t<div class=\"card__image card__image--has-rollover\">\n\t\t\t\t\t\t\t\t\t\t\t\t<img decoding=\"async\" src=\"https:\/\/stpcdnimage.imgix.net\/global-media\/wp-content\/uploads\/sites\/6\/product-images\/E303221900_01.png\"  alt=\"Pulitore Completo Del Sistema Di Alimentazione Diesel Image 1\" class=\"\" width=\"250\" height=\"250\" \/>\n\t\t\t\t\t\t\t\t\t\t\t\t<div class=\"btn btn--solid rollover\">Visualizza prodotto<\/div>\n\t\t\t\t\t\t\t\t\t\t\t<\/div>\n\t\t\t\t\t\t\t\t\t\t\t<div class=\"card__pretitle\"><span class=\"card__category\">Additivi per Carburante<\/span><\/div>\n\t\t\t\t\t\t\t\t\t\t\t\t<h3 class=\"h3\"><a href=\"https:\/\/stp.com\/it\/product\/pulitore-completo-del-sistema-di-alimentazione-diesel\/\" class=\"cover-link card__link\">Pulitore Completo Del Sistema Di Alimentazione Diesel<\/a><\/h3>\n\t\t\t\t\t\t\t\t\t\t<\/div>\n\t\t\t\t\t\t\t\t\t\t\t\t\t\t\t\t\t<\/div>\n\t\t\t\t\t\t\t<\/li>\n\t\t\t\t\t\t\t\t\t\t\t<\/ul>\n\t\t\t\t<\/div>\n\t\t\t\t<div class=\"slider__nav\">\n\t\t\t\t\t\t\t\t\t\t<\/div>\n\t\t\t<\/div>\n\t\t<\/div>\n\t<\/div>\n<\/div>\n\t\t\t\t\t\t<\/div>\n\t\t\t\t<\/div>\n\t\t\t\t\t<\/div>\n\t\t\t\t<\/div>\n\t\t\t\t<\/div>\n\t\t","protected":false},"excerpt":{"rendered":"<p>Have you poured gas that you\u2019ve stored for a while in an engine and it won\u2019t start? The gas could be stale. Whether it\u2019s in a can or a fuel tank, gas can lose some of its effectiveness if it sits for long periods. Moisture and corrosion can set in and clog fuel systems, which [&hellip;]<\/p>\n","protected":false},"author":1,"featured_media":0,"parent":416,"menu_order":0,"comment_status":"closed","ping_status":"closed","template":"","meta":{"_acf_changed":false,"footnotes":""},"class_list":["post-5877","page","type-page","status-publish","hentry"],"acf":[],"yoast_head":"<!-- This site is optimized with the Yoast SEO plugin v27.4 - https:\/\/yoast.com\/product\/yoast-seo-wordpress\/ -->\n<title>Carburante stantio - STP Italy<\/title>\n<meta name=\"robots\" content=\"index, follow, max-snippet:-1, max-image-preview:large, max-video-preview:-1\" \/>\n<link rel=\"canonical\" href=\"https:\/\/stp.com\/it\/problem-solver\/carburante-stantio\/\" \/>\n<meta property=\"og:locale\" content=\"en_US\" \/>\n<meta property=\"og:type\" content=\"article\" \/>\n<meta property=\"og:title\" content=\"Carburante stantio - STP Italy\" \/>\n<meta property=\"og:description\" content=\"Have you poured gas that you\u2019ve stored for a while in an engine and it won\u2019t start? The gas could be stale. Whether it\u2019s in a can or a fuel tank, gas can lose some of its effectiveness if it sits for long periods. Moisture and corrosion can set in and clog fuel systems, which [&hellip;]\" \/>\n<meta property=\"og:url\" content=\"https:\/\/stp.com\/it\/problem-solver\/carburante-stantio\/\" \/>\n<meta property=\"og:site_name\" content=\"STP Italy\" \/>\n<meta property=\"article:modified_time\" content=\"2025-05-20T05:46:05+00:00\" \/>\n<meta property=\"og:image\" content=\"https:\/\/stp.com\/it\/wp-content\/uploads\/sites\/14\/2025\/04\/Photo-3-Fuel-Additives-1.avif\" \/>\n<meta name=\"twitter:card\" content=\"summary_large_image\" \/>\n<meta name=\"twitter:label1\" content=\"Est. reading time\" \/>\n\t<meta name=\"twitter:data1\" content=\"1 minute\" \/>\n<script type=\"application\/ld+json\" class=\"yoast-schema-graph\">{\"@context\":\"https:\\\/\\\/schema.org\",\"@graph\":[{\"@type\":\"WebPage\",\"@id\":\"https:\\\/\\\/stp.com\\\/it\\\/problem-solver\\\/carburante-stantio\\\/\",\"url\":\"https:\\\/\\\/stp.com\\\/it\\\/problem-solver\\\/carburante-stantio\\\/\",\"name\":\"Carburante stantio - STP Italy\",\"isPartOf\":{\"@id\":\"https:\\\/\\\/stp.com\\\/it\\\/#website\"},\"primaryImageOfPage\":{\"@id\":\"https:\\\/\\\/stp.com\\\/it\\\/problem-solver\\\/carburante-stantio\\\/#primaryimage\"},\"image\":{\"@id\":\"https:\\\/\\\/stp.com\\\/it\\\/problem-solver\\\/carburante-stantio\\\/#primaryimage\"},\"thumbnailUrl\":\"https:\\\/\\\/stp.com\\\/it\\\/wp-content\\\/uploads\\\/sites\\\/14\\\/2025\\\/04\\\/Photo-3-Fuel-Additives-1.avif\",\"datePublished\":\"2025-04-04T13:51:00+00:00\",\"dateModified\":\"2025-05-20T05:46:05+00:00\",\"breadcrumb\":{\"@id\":\"https:\\\/\\\/stp.com\\\/it\\\/problem-solver\\\/carburante-stantio\\\/#breadcrumb\"},\"inLanguage\":\"en-US\",\"potentialAction\":[{\"@type\":\"ReadAction\",\"target\":[\"https:\\\/\\\/stp.com\\\/it\\\/problem-solver\\\/carburante-stantio\\\/\"]}]},{\"@type\":\"ImageObject\",\"inLanguage\":\"en-US\",\"@id\":\"https:\\\/\\\/stp.com\\\/it\\\/problem-solver\\\/carburante-stantio\\\/#primaryimage\",\"url\":\"https:\\\/\\\/stpcdnimage.imgix.net\\\/wp-content\\\/uploads\\\/sites\\\/14\\\/2025\\\/04\\\/Photo-3-Fuel-Additives-1.avif\",\"contentUrl\":\"https:\\\/\\\/stpcdnimage.imgix.net\\\/wp-content\\\/uploads\\\/sites\\\/14\\\/2025\\\/04\\\/Photo-3-Fuel-Additives-1.avif\",\"width\":1000,\"height\":664},{\"@type\":\"BreadcrumbList\",\"@id\":\"https:\\\/\\\/stp.com\\\/it\\\/problem-solver\\\/carburante-stantio\\\/#breadcrumb\",\"itemListElement\":[{\"@type\":\"ListItem\",\"position\":1,\"name\":\"Home\",\"item\":\"https:\\\/\\\/stp.com\\\/it\\\/\"},{\"@type\":\"ListItem\",\"position\":2,\"name\":\"Problem Solver\",\"item\":\"https:\\\/\\\/stp.com\\\/it\\\/problem-solver\\\/\"},{\"@type\":\"ListItem\",\"position\":3,\"name\":\"Carburante stantio\"}]},{\"@type\":\"WebSite\",\"@id\":\"https:\\\/\\\/stp.com\\\/it\\\/#website\",\"url\":\"https:\\\/\\\/stp.com\\\/it\\\/\",\"name\":\"STP Italy\",\"description\":\"Science. Technology. Performance\",\"potentialAction\":[{\"@type\":\"SearchAction\",\"target\":{\"@type\":\"EntryPoint\",\"urlTemplate\":\"https:\\\/\\\/stp.com\\\/it\\\/?s={search_term_string}\"},\"query-input\":{\"@type\":\"PropertyValueSpecification\",\"valueRequired\":true,\"valueName\":\"search_term_string\"}}],\"inLanguage\":\"en-US\"}]}<\/script>\n<!-- \/ Yoast SEO plugin. -->","yoast_head_json":{"title":"Carburante stantio - STP Italy","robots":{"index":"index","follow":"follow","max-snippet":"max-snippet:-1","max-image-preview":"max-image-preview:large","max-video-preview":"max-video-preview:-1"},"canonical":"https:\/\/stp.com\/it\/problem-solver\/carburante-stantio\/","og_locale":"en_US","og_type":"article","og_title":"Carburante stantio - STP Italy","og_description":"Have you poured gas that you\u2019ve stored for a while in an engine and it won\u2019t start? The gas could be stale. Whether it\u2019s in a can or a fuel tank, gas can lose some of its effectiveness if it sits for long periods. Moisture and corrosion can set in and clog fuel systems, which [&hellip;]","og_url":"https:\/\/stp.com\/it\/problem-solver\/carburante-stantio\/","og_site_name":"STP Italy","article_modified_time":"2025-05-20T05:46:05+00:00","og_image":[{"url":"https:\/\/stp.com\/it\/wp-content\/uploads\/sites\/14\/2025\/04\/Photo-3-Fuel-Additives-1.avif","type":"","width":"","height":""}],"twitter_card":"summary_large_image","twitter_misc":{"Est. reading time":"1 minute"},"schema":{"@context":"https:\/\/schema.org","@graph":[{"@type":"WebPage","@id":"https:\/\/stp.com\/it\/problem-solver\/carburante-stantio\/","url":"https:\/\/stp.com\/it\/problem-solver\/carburante-stantio\/","name":"Carburante stantio - STP Italy","isPartOf":{"@id":"https:\/\/stp.com\/it\/#website"},"primaryImageOfPage":{"@id":"https:\/\/stp.com\/it\/problem-solver\/carburante-stantio\/#primaryimage"},"image":{"@id":"https:\/\/stp.com\/it\/problem-solver\/carburante-stantio\/#primaryimage"},"thumbnailUrl":"https:\/\/stp.com\/it\/wp-content\/uploads\/sites\/14\/2025\/04\/Photo-3-Fuel-Additives-1.avif","datePublished":"2025-04-04T13:51:00+00:00","dateModified":"2025-05-20T05:46:05+00:00","breadcrumb":{"@id":"https:\/\/stp.com\/it\/problem-solver\/carburante-stantio\/#breadcrumb"},"inLanguage":"en-US","potentialAction":[{"@type":"ReadAction","target":["https:\/\/stp.com\/it\/problem-solver\/carburante-stantio\/"]}]},{"@type":"ImageObject","inLanguage":"en-US","@id":"https:\/\/stp.com\/it\/problem-solver\/carburante-stantio\/#primaryimage","url":"https:\/\/stpcdnimage.imgix.net\/wp-content\/uploads\/sites\/14\/2025\/04\/Photo-3-Fuel-Additives-1.avif","contentUrl":"https:\/\/stpcdnimage.imgix.net\/wp-content\/uploads\/sites\/14\/2025\/04\/Photo-3-Fuel-Additives-1.avif","width":1000,"height":664},{"@type":"BreadcrumbList","@id":"https:\/\/stp.com\/it\/problem-solver\/carburante-stantio\/#breadcrumb","itemListElement":[{"@type":"ListItem","position":1,"name":"Home","item":"https:\/\/stp.com\/it\/"},{"@type":"ListItem","position":2,"name":"Problem Solver","item":"https:\/\/stp.com\/it\/problem-solver\/"},{"@type":"ListItem","position":3,"name":"Carburante stantio"}]},{"@type":"WebSite","@id":"https:\/\/stp.com\/it\/#website","url":"https:\/\/stp.com\/it\/","name":"STP Italy","description":"Science. Technology. Performance","potentialAction":[{"@type":"SearchAction","target":{"@type":"EntryPoint","urlTemplate":"https:\/\/stp.com\/it\/?s={search_term_string}"},"query-input":{"@type":"PropertyValueSpecification","valueRequired":true,"valueName":"search_term_string"}}],"inLanguage":"en-US"}]}},"_links":{"self":[{"href":"https:\/\/stp.com\/it\/wp-json\/wp\/v2\/pages\/5877","targetHints":{"allow":["GET"]}}],"collection":[{"href":"https:\/\/stp.com\/it\/wp-json\/wp\/v2\/pages"}],"about":[{"href":"https:\/\/stp.com\/it\/wp-json\/wp\/v2\/types\/page"}],"author":[{"embeddable":true,"href":"https:\/\/stp.com\/it\/wp-json\/wp\/v2\/users\/1"}],"replies":[{"embeddable":true,"href":"https:\/\/stp.com\/it\/wp-json\/wp\/v2\/comments?post=5877"}],"version-history":[{"count":22,"href":"https:\/\/stp.com\/it\/wp-json\/wp\/v2\/pages\/5877\/revisions"}],"predecessor-version":[{"id":7845,"href":"https:\/\/stp.com\/it\/wp-json\/wp\/v2\/pages\/5877\/revisions\/7845"}],"up":[{"embeddable":true,"href":"https:\/\/stp.com\/it\/wp-json\/wp\/v2\/pages\/416"}],"wp:attachment":[{"href":"https:\/\/stp.com\/it\/wp-json\/wp\/v2\/media?parent=5877"}],"curies":[{"name":"wp","href":"https:\/\/api.w.org\/{rel}","templated":true}]}}