{"id":4306,"date":"2025-04-01T18:13:29","date_gmt":"2025-04-01T12:43:29","guid":{"rendered":"https:\/\/c38a2c2a6e.nxcli.io\/it\/?page_id=4306"},"modified":"2025-06-23T15:17:29","modified_gmt":"2025-06-23T09:47:29","slug":"petty-gms-motorsports","status":"publish","type":"page","link":"https:\/\/stp.com\/it\/chi-siamo\/competizioni\/petty-gms-motorsports\/","title":{"rendered":"Petty GMS Motorsports"},"content":{"rendered":"\t\t<div data-elementor-type=\"wp-page\" data-elementor-id=\"4306\" class=\"elementor elementor-4306\" data-elementor-post-type=\"page\">\n\t\t\t\t<div class=\"elementor-element elementor-element-371682a e-flex e-con-boxed e-con e-parent\" data-id=\"371682a\" data-element_type=\"container\" data-e-type=\"container\" data-settings=\"{&quot;background_background&quot;:&quot;classic&quot;}\">\n\t\t\t\t\t<div class=\"e-con-inner\">\n\t\t\t\t<div class=\"elementor-element elementor-element-9c3e230 breadcrumb elementor-widget elementor-widget-breadcrumbs\" data-id=\"9c3e230\" data-element_type=\"widget\" data-e-type=\"widget\" data-widget_type=\"breadcrumbs.default\">\n\t\t\t\t<div class=\"elementor-widget-container\">\n\t\t\t\t\t<p id=\"breadcrumbs\"><span><span><a href=\"https:\/\/stp.com\/it\/\">Home<\/a><\/span><\/span><\/p>\t\t\t\t<\/div>\n\t\t\t\t<\/div>\n\t\t\t\t<div class=\"elementor-element elementor-element-ee84de7 elementor-widget__width-initial elementor-widget-mobile__width-inherit elementor-widget elementor-widget-text-editor\" data-id=\"ee84de7\" data-element_type=\"widget\" data-e-type=\"widget\" data-widget_type=\"text-editor.default\">\n\t\t\t\t<div class=\"elementor-widget-container\">\n\t\t\t\t\t\t\t\t\t<div class=\"col\"><div class=\"col\"><p>Nel 1972, STP adorn\u00f2 il cofano dell\u2019iconica NASCAR n. 43 azzurra guidata da \u201cThe King\u201d Richard Petty. Cinquantuno anni dopo, la relazione tra STP e la famiglia Petty continua, segnando la pi\u00f9 lunga sponsorship nella storia della NASCAR. STP continuer\u00e0 con questa tradizione di corse per tutta la NASCAR Cup Series 2022 come sponsor associato della Chevrolet Camaro ZL1 n. 43 di nuova generazione, guidata da Erik Jones.<\/p><\/div><\/div>\t\t\t\t\t\t\t\t<\/div>\n\t\t\t\t<\/div>\n\t\t\t\t\t<\/div>\n\t\t\t\t<\/div>\n\t\t<div class=\"elementor-element elementor-element-c95dc01 e-flex e-con-boxed e-con e-parent\" data-id=\"c95dc01\" data-element_type=\"container\" data-e-type=\"container\" data-settings=\"{&quot;background_background&quot;:&quot;classic&quot;}\">\n\t\t\t\t\t<div class=\"e-con-inner\">\n\t\t<div class=\"elementor-element elementor-element-f3b142d e-con-full e-flex e-con e-child\" data-id=\"f3b142d\" data-element_type=\"container\" data-e-type=\"container\">\n\t\t<div class=\"elementor-element elementor-element-05eff45 e-con-full product-box1 e-flex e-con e-child\" data-id=\"05eff45\" data-element_type=\"container\" data-e-type=\"container\" data-settings=\"{&quot;background_background&quot;:&quot;gradient&quot;}\">\n\t\t\t\t<div class=\"elementor-element elementor-element-4dc3dd7 underline-link elementor-widget elementor-widget-text-editor\" data-id=\"4dc3dd7\" data-element_type=\"widget\" data-e-type=\"widget\" data-widget_type=\"text-editor.default\">\n\t\t\t\t<div class=\"elementor-widget-container\">\n\t\t\t\t\t\t\t\t\t<div class=\"col\"><p><strong>Data di nascita:\u00a0<\/strong>30 Maggio 1996<br \/><br \/><strong>Luogo di nascita:<\/strong>\u00a0Byron, Michigan<\/p><p><strong>Hobby:\u00a0<\/strong>Motoslitta e Golf<\/p><p><strong>Squadre sportive preferite:\u00a0<\/strong>Detroit Lions e University of Michigan Football<\/p><p><strong>Sito web:\u00a0<\/strong><a href=\"https:\/\/www.erikjonesracing.com\/\">ErikJonesRacing.com<\/a><\/p><p><strong>Social Media:<\/strong><\/p><p class=\"ml-space\"><strong>Twitter:<\/strong>\u00a0<span style=\"color: #ffffff;\"><a style=\"color: #ffffff;\" href=\"https:\/\/twitter.com\/erik_jones\">@Erik_Jones<\/a><\/span><\/p><p class=\"ml-space\"><strong>Instagram:<\/strong>\u00a0<span style=\"color: #ffffff;\"><a style=\"color: #ffffff;\" href=\"https:\/\/www.instagram.com\/erik_jones\/\">@Erik_Jones<\/a><\/span><\/p><p class=\"ml-space\"><strong>Facebook:<\/strong>\u00a0<span style=\"color: #ffffff;\"><a style=\"color: #ffffff;\" href=\"https:\/\/www.facebook.com\/erikjonesracing\">\/ErikJonesRacing<\/a><\/span><\/p><\/div>\t\t\t\t\t\t\t\t<\/div>\n\t\t\t\t<\/div>\n\t\t\t\t<div class=\"elementor-element elementor-element-c8ed4f0 elementor-widget elementor-widget-heading\" data-id=\"c8ed4f0\" data-element_type=\"widget\" data-e-type=\"widget\" data-widget_type=\"heading.default\">\n\t\t\t\t<div class=\"elementor-widget-container\">\n\t\t\t\t\t<h2 class=\"elementor-heading-title elementor-size-default\">Erik Jones<\/h2>\t\t\t\t<\/div>\n\t\t\t\t<\/div>\n\t\t\t\t<\/div>\n\t\t<div class=\"elementor-element elementor-element-1b3b1f3 e-con-full e-flex e-con e-child\" data-id=\"1b3b1f3\" data-element_type=\"container\" data-e-type=\"container\">\n\t\t\t\t<div class=\"elementor-element elementor-element-238363e clip-large elementor-widget elementor-widget-image\" data-id=\"238363e\" data-element_type=\"widget\" data-e-type=\"widget\" data-widget_type=\"image.default\">\n\t\t\t\t<div class=\"elementor-widget-container\">\n\t\t\t\t\t\t\t\t\t\t\t\t\t\t\t<img fetchpriority=\"high\" decoding=\"async\" width=\"848\" height=\"477\" src=\"https:\/\/stpcdnimage.imgix.net\/it\/wp-content\/uploads\/sites\/14\/2025\/05\/Racing-6.jpg?auto=format%2Ccompress\" class=\"attachment-full size-full wp-image-8023\" alt=\"\" srcset=\"https:\/\/stpcdnimage.imgix.net\/it\/wp-content\/uploads\/sites\/14\/2025\/05\/Racing-6.jpg?auto=format%2Ccompress&amp;w=848 848w, https:\/\/stpcdnimage.imgix.net\/it\/wp-content\/uploads\/sites\/14\/2025\/05\/Racing-6.jpg?auto=format%2Ccompress&amp;w=300 300w, https:\/\/stpcdnimage.imgix.net\/it\/wp-content\/uploads\/sites\/14\/2025\/05\/Racing-6.jpg?auto=format%2Ccompress&amp;w=768 768w\" sizes=\"(max-width: 848px) 100vw, 848px\" \/>\t\t\t\t\t\t\t\t\t\t\t\t\t\t\t<\/div>\n\t\t\t\t<\/div>\n\t\t\t\t<\/div>\n\t\t\t\t<\/div>\n\t\t<div class=\"elementor-element elementor-element-82ff341 e-con-full e-flex e-con e-child\" data-id=\"82ff341\" data-element_type=\"container\" data-e-type=\"container\">\n\t\t\t\t<div class=\"elementor-element elementor-element-354adf4 elementor-widget elementor-widget-heading\" data-id=\"354adf4\" data-element_type=\"widget\" data-e-type=\"widget\" data-widget_type=\"heading.default\">\n\t\t\t\t<div class=\"elementor-widget-container\">\n\t\t\t\t\t<h2 class=\"elementor-heading-title elementor-size-default\">CULTURA DELL'AUTO CON ERIK JONES<\/h2>\t\t\t\t<\/div>\n\t\t\t\t<\/div>\n\t\t\t\t<div class=\"elementor-element elementor-element-2d42510 elementor-widget elementor-widget-text-editor\" data-id=\"2d42510\" data-element_type=\"widget\" data-e-type=\"widget\" data-widget_type=\"text-editor.default\">\n\t\t\t\t<div class=\"elementor-widget-container\">\n\t\t\t\t\t\t\t\t\t<p>Conosciamo tutti Erik Jones il pilota di auto da corsa, ma che dire di Erik Jones il collezionista e appassionato di auto? Cultura dell\u2019auto con Erik Jones presentata da STP<sup>\u00ae<\/sup>! Richard Petty Motorsports e STP hanno collaborato per offrire uno sguardo dall\u2019interno di diversi aspetti della cultura automobilistica, attraverso gli occhi di Erik Jones, pilota della Chevrolet n. 43 nella NASCAR<sup>\u00ae<\/sup> Cup Series. Per dare il via a questa serie, Erik fa un tour delle sue 3 classiche Chevrolet Corvette. Erik e le Corvette risalgono al passato, poich\u00e9 la sua famiglia un tempo possedeva e gestiva un\u2019attivit\u00e0 di ricambi per Corvette nel Michigan. In questo video sono rappresentate 3 diverse prime generazioni della Corvette. Erik spiega le somiglianze e le differenze di ciascuno, nonch\u00e9 il significato personale dietro il motivo per cui questi tre veicoli sono stati aggiunti alla sua collezione.<\/p>\t\t\t\t\t\t\t\t<\/div>\n\t\t\t\t<\/div>\n\t\t\t\t<div class=\"elementor-element elementor-element-00ab4ed elementor-widget elementor-widget-video\" data-id=\"00ab4ed\" data-element_type=\"widget\" data-e-type=\"widget\" data-settings=\"{&quot;youtube_url&quot;:&quot;https:\\\/\\\/youtu.be\\\/glKNXrGmavM&quot;,&quot;yt_privacy&quot;:&quot;yes&quot;,&quot;video_type&quot;:&quot;youtube&quot;,&quot;controls&quot;:&quot;yes&quot;}\" data-widget_type=\"video.default\">\n\t\t\t\t<div class=\"elementor-widget-container\">\n\t\t\t\t\t\t\t<div class=\"elementor-wrapper elementor-open-inline\">\n\t\t\t<div class=\"elementor-video\"><\/div>\t\t<\/div>\n\t\t\t\t\t\t<\/div>\n\t\t\t\t<\/div>\n\t\t\t\t<\/div>\n\t\t<div class=\"elementor-element elementor-element-a98d63c e-flex e-con-boxed e-con e-child\" data-id=\"a98d63c\" data-element_type=\"container\" data-e-type=\"container\">\n\t\t\t\t\t<div class=\"e-con-inner\">\n\t\t\t\t<div class=\"elementor-element elementor-element-d194b5b elementor-widget elementor-widget-heading\" data-id=\"d194b5b\" data-element_type=\"widget\" data-e-type=\"widget\" data-widget_type=\"heading.default\">\n\t\t\t\t<div class=\"elementor-widget-container\">\n\t\t\t\t\t<h2 class=\"elementor-heading-title elementor-size-default\">ERIK JONES E LA CHEVROLET #43 RICHARD PETTY MOTORSPORTS<\/h2>\t\t\t\t<\/div>\n\t\t\t\t<\/div>\n\t\t\t\t<div class=\"elementor-element elementor-element-a2c00ef elementor-widget elementor-widget-text-editor\" data-id=\"a2c00ef\" data-element_type=\"widget\" data-e-type=\"widget\" data-widget_type=\"text-editor.default\">\n\t\t\t\t<div class=\"elementor-widget-container\">\n\t\t\t\t\t\t\t\t\t<p>Da quando ha iniziato la sua carriera nella NASCAR nel 2013, Jones \u00e8 stato uno dei talenti pi\u00f9 brillanti di questo sport.<\/p><p>Nel 2015, Jones \u00e8 diventato il pi\u00f9 giovane campione della NASCAR Camping World Truck Series (NCWTS) a 19 anni, 5 mesi e 21 giorni. Nello stesso anno, \u00e8 stato anche nominato Rookie of the Year della serie. Jones ha gareggiato a tempo pieno nella NASCAR Xfinity Series (NXS) nel 2016, rivendicando anche il premio Sunoco Rookie of the Year Award della divisione. Ha raggiunto la tripletta nella stagione successiva dopo essere stato nominato Rookie of the Year della NASCAR Cup Series, diventando il primo pilota nella storia a vincere quell\u2019onorificenza in tutte le prime tre serie nazionali della NASCAR.<\/p><p>Ha ottenuto la sua prima vittoria sul circuito senior della NASCAR il 7 luglio 2018 al Daytona International Speedway con un elettrizzante passaggio all\u2019ultimo giro per prendere la bandiera a scacchi. Ha replicato un anno dopo vincendo la Southern 500 al Darlington (SC) Raceway, una delle gare pi\u00f9 storiche e scoraggianti di questo sport.<\/p><p>In cinque anni di gare a tempo pieno ai massimi livelli della NASCAR, Jones ha guadagnato due pole, due vittorie, 34 posti tra i primi cinque classificati e 69 posti tra i primi dieci.<\/p><p>NASCAR\u00ae e i suoi marchi sono marchi registrati della National Association for Stock Car Auto Racing, LLC<\/p>\t\t\t\t\t\t\t\t<\/div>\n\t\t\t\t<\/div>\n\t\t\t\t\t<\/div>\n\t\t\t\t<\/div>\n\t\t\t\t\t<\/div>\n\t\t\t\t<\/div>\n\t\t\t\t<\/div>\n\t\t","protected":false},"excerpt":{"rendered":"<p>Nel 1972, STP adorn\u00f2 il cofano dell\u2019iconica NASCAR n. 43 azzurra guidata da \u201cThe King\u201d Richard Petty. Cinquantuno anni dopo, la relazione tra STP e la famiglia Petty continua, segnando la pi\u00f9 lunga sponsorship nella storia della NASCAR. STP continuer\u00e0 con questa tradizione di corse per tutta la NASCAR Cup Series 2022 come sponsor associato [&hellip;]<\/p>\n","protected":false},"author":1,"featured_media":0,"parent":4271,"menu_order":0,"comment_status":"closed","ping_status":"closed","template":"","meta":{"_acf_changed":false,"footnotes":""},"class_list":["post-4306","page","type-page","status-publish","hentry"],"acf":[],"yoast_head":"<!-- This site is optimized with the Yoast SEO plugin v27.4 - https:\/\/yoast.com\/product\/yoast-seo-wordpress\/ -->\n<title>Petty GMS Motorsports - STP Italy<\/title>\n<meta name=\"robots\" content=\"index, follow, max-snippet:-1, max-image-preview:large, max-video-preview:-1\" \/>\n<link rel=\"canonical\" href=\"https:\/\/stp.com\/it\/chi-siamo\/competizioni\/petty-gms-motorsports\/\" \/>\n<meta property=\"og:locale\" content=\"en_US\" \/>\n<meta property=\"og:type\" content=\"article\" \/>\n<meta property=\"og:title\" content=\"Petty GMS Motorsports - STP Italy\" \/>\n<meta property=\"og:description\" content=\"Nel 1972, STP adorn\u00f2 il cofano dell\u2019iconica NASCAR n. 43 azzurra guidata da \u201cThe King\u201d Richard Petty. Cinquantuno anni dopo, la relazione tra STP e la famiglia Petty continua, segnando la pi\u00f9 lunga sponsorship nella storia della NASCAR. STP continuer\u00e0 con questa tradizione di corse per tutta la NASCAR Cup Series 2022 come sponsor associato [&hellip;]\" \/>\n<meta property=\"og:url\" content=\"https:\/\/stp.com\/it\/chi-siamo\/competizioni\/petty-gms-motorsports\/\" \/>\n<meta property=\"og:site_name\" content=\"STP Italy\" \/>\n<meta property=\"article:modified_time\" content=\"2025-06-23T09:47:29+00:00\" \/>\n<meta property=\"og:image\" content=\"https:\/\/stp.com\/it\/wp-content\/uploads\/sites\/14\/2025\/05\/Racing-6.jpg\" \/>\n<meta name=\"twitter:card\" content=\"summary_large_image\" \/>\n<meta name=\"twitter:label1\" content=\"Est. reading time\" \/>\n\t<meta name=\"twitter:data1\" content=\"3 minutes\" \/>\n<script type=\"application\/ld+json\" class=\"yoast-schema-graph\">{\"@context\":\"https:\\\/\\\/schema.org\",\"@graph\":[{\"@type\":\"WebPage\",\"@id\":\"https:\\\/\\\/stp.com\\\/it\\\/chi-siamo\\\/competizioni\\\/petty-gms-motorsports\\\/\",\"url\":\"https:\\\/\\\/stp.com\\\/it\\\/chi-siamo\\\/competizioni\\\/petty-gms-motorsports\\\/\",\"name\":\"Petty GMS Motorsports - STP Italy\",\"isPartOf\":{\"@id\":\"https:\\\/\\\/stp.com\\\/it\\\/#website\"},\"primaryImageOfPage\":{\"@id\":\"https:\\\/\\\/stp.com\\\/it\\\/chi-siamo\\\/competizioni\\\/petty-gms-motorsports\\\/#primaryimage\"},\"image\":{\"@id\":\"https:\\\/\\\/stp.com\\\/it\\\/chi-siamo\\\/competizioni\\\/petty-gms-motorsports\\\/#primaryimage\"},\"thumbnailUrl\":\"https:\\\/\\\/stp.com\\\/it\\\/wp-content\\\/uploads\\\/sites\\\/14\\\/2025\\\/05\\\/Racing-6.jpg\",\"datePublished\":\"2025-04-01T12:43:29+00:00\",\"dateModified\":\"2025-06-23T09:47:29+00:00\",\"breadcrumb\":{\"@id\":\"https:\\\/\\\/stp.com\\\/it\\\/chi-siamo\\\/competizioni\\\/petty-gms-motorsports\\\/#breadcrumb\"},\"inLanguage\":\"en-US\",\"potentialAction\":[{\"@type\":\"ReadAction\",\"target\":[\"https:\\\/\\\/stp.com\\\/it\\\/chi-siamo\\\/competizioni\\\/petty-gms-motorsports\\\/\"]}]},{\"@type\":\"ImageObject\",\"inLanguage\":\"en-US\",\"@id\":\"https:\\\/\\\/stp.com\\\/it\\\/chi-siamo\\\/competizioni\\\/petty-gms-motorsports\\\/#primaryimage\",\"url\":\"https:\\\/\\\/stpcdnimage.imgix.net\\\/it\\\/wp-content\\\/uploads\\\/sites\\\/14\\\/2025\\\/05\\\/Racing-6.jpg?auto=format%2Ccompress\",\"contentUrl\":\"https:\\\/\\\/stpcdnimage.imgix.net\\\/it\\\/wp-content\\\/uploads\\\/sites\\\/14\\\/2025\\\/05\\\/Racing-6.jpg?auto=format%2Ccompress\",\"width\":848,\"height\":477},{\"@type\":\"BreadcrumbList\",\"@id\":\"https:\\\/\\\/stp.com\\\/it\\\/chi-siamo\\\/competizioni\\\/petty-gms-motorsports\\\/#breadcrumb\",\"itemListElement\":[{\"@type\":\"ListItem\",\"position\":1,\"name\":\"Home\",\"item\":\"https:\\\/\\\/stp.com\\\/it\\\/\"},{\"@type\":\"ListItem\",\"position\":2,\"name\":\"Chi Siamo\",\"item\":\"https:\\\/\\\/stp.com\\\/it\\\/chi-siamo\\\/\"},{\"@type\":\"ListItem\",\"position\":3,\"name\":\"Competizioni\",\"item\":\"https:\\\/\\\/stp.com\\\/it\\\/chi-siamo\\\/competizioni\\\/\"},{\"@type\":\"ListItem\",\"position\":4,\"name\":\"Petty GMS Motorsports\"}]},{\"@type\":\"WebSite\",\"@id\":\"https:\\\/\\\/stp.com\\\/it\\\/#website\",\"url\":\"https:\\\/\\\/stp.com\\\/it\\\/\",\"name\":\"STP Italy\",\"description\":\"Science. Technology. Performance\",\"potentialAction\":[{\"@type\":\"SearchAction\",\"target\":{\"@type\":\"EntryPoint\",\"urlTemplate\":\"https:\\\/\\\/stp.com\\\/it\\\/?s={search_term_string}\"},\"query-input\":{\"@type\":\"PropertyValueSpecification\",\"valueRequired\":true,\"valueName\":\"search_term_string\"}}],\"inLanguage\":\"en-US\"}]}<\/script>\n<!-- \/ Yoast SEO plugin. -->","yoast_head_json":{"title":"Petty GMS Motorsports - STP Italy","robots":{"index":"index","follow":"follow","max-snippet":"max-snippet:-1","max-image-preview":"max-image-preview:large","max-video-preview":"max-video-preview:-1"},"canonical":"https:\/\/stp.com\/it\/chi-siamo\/competizioni\/petty-gms-motorsports\/","og_locale":"en_US","og_type":"article","og_title":"Petty GMS Motorsports - STP Italy","og_description":"Nel 1972, STP adorn\u00f2 il cofano dell\u2019iconica NASCAR n. 43 azzurra guidata da \u201cThe King\u201d Richard Petty. Cinquantuno anni dopo, la relazione tra STP e la famiglia Petty continua, segnando la pi\u00f9 lunga sponsorship nella storia della NASCAR. STP continuer\u00e0 con questa tradizione di corse per tutta la NASCAR Cup Series 2022 come sponsor associato [&hellip;]","og_url":"https:\/\/stp.com\/it\/chi-siamo\/competizioni\/petty-gms-motorsports\/","og_site_name":"STP Italy","article_modified_time":"2025-06-23T09:47:29+00:00","og_image":[{"url":"https:\/\/stp.com\/it\/wp-content\/uploads\/sites\/14\/2025\/05\/Racing-6.jpg","type":"","width":"","height":""}],"twitter_card":"summary_large_image","twitter_misc":{"Est. reading time":"3 minutes"},"schema":{"@context":"https:\/\/schema.org","@graph":[{"@type":"WebPage","@id":"https:\/\/stp.com\/it\/chi-siamo\/competizioni\/petty-gms-motorsports\/","url":"https:\/\/stp.com\/it\/chi-siamo\/competizioni\/petty-gms-motorsports\/","name":"Petty GMS Motorsports - STP Italy","isPartOf":{"@id":"https:\/\/stp.com\/it\/#website"},"primaryImageOfPage":{"@id":"https:\/\/stp.com\/it\/chi-siamo\/competizioni\/petty-gms-motorsports\/#primaryimage"},"image":{"@id":"https:\/\/stp.com\/it\/chi-siamo\/competizioni\/petty-gms-motorsports\/#primaryimage"},"thumbnailUrl":"https:\/\/stp.com\/it\/wp-content\/uploads\/sites\/14\/2025\/05\/Racing-6.jpg","datePublished":"2025-04-01T12:43:29+00:00","dateModified":"2025-06-23T09:47:29+00:00","breadcrumb":{"@id":"https:\/\/stp.com\/it\/chi-siamo\/competizioni\/petty-gms-motorsports\/#breadcrumb"},"inLanguage":"en-US","potentialAction":[{"@type":"ReadAction","target":["https:\/\/stp.com\/it\/chi-siamo\/competizioni\/petty-gms-motorsports\/"]}]},{"@type":"ImageObject","inLanguage":"en-US","@id":"https:\/\/stp.com\/it\/chi-siamo\/competizioni\/petty-gms-motorsports\/#primaryimage","url":"https:\/\/stpcdnimage.imgix.net\/it\/wp-content\/uploads\/sites\/14\/2025\/05\/Racing-6.jpg?auto=format%2Ccompress","contentUrl":"https:\/\/stpcdnimage.imgix.net\/it\/wp-content\/uploads\/sites\/14\/2025\/05\/Racing-6.jpg?auto=format%2Ccompress","width":848,"height":477},{"@type":"BreadcrumbList","@id":"https:\/\/stp.com\/it\/chi-siamo\/competizioni\/petty-gms-motorsports\/#breadcrumb","itemListElement":[{"@type":"ListItem","position":1,"name":"Home","item":"https:\/\/stp.com\/it\/"},{"@type":"ListItem","position":2,"name":"Chi Siamo","item":"https:\/\/stp.com\/it\/chi-siamo\/"},{"@type":"ListItem","position":3,"name":"Competizioni","item":"https:\/\/stp.com\/it\/chi-siamo\/competizioni\/"},{"@type":"ListItem","position":4,"name":"Petty GMS Motorsports"}]},{"@type":"WebSite","@id":"https:\/\/stp.com\/it\/#website","url":"https:\/\/stp.com\/it\/","name":"STP Italy","description":"Science. Technology. Performance","potentialAction":[{"@type":"SearchAction","target":{"@type":"EntryPoint","urlTemplate":"https:\/\/stp.com\/it\/?s={search_term_string}"},"query-input":{"@type":"PropertyValueSpecification","valueRequired":true,"valueName":"search_term_string"}}],"inLanguage":"en-US"}]}},"_links":{"self":[{"href":"https:\/\/stp.com\/it\/wp-json\/wp\/v2\/pages\/4306","targetHints":{"allow":["GET"]}}],"collection":[{"href":"https:\/\/stp.com\/it\/wp-json\/wp\/v2\/pages"}],"about":[{"href":"https:\/\/stp.com\/it\/wp-json\/wp\/v2\/types\/page"}],"author":[{"embeddable":true,"href":"https:\/\/stp.com\/it\/wp-json\/wp\/v2\/users\/1"}],"replies":[{"embeddable":true,"href":"https:\/\/stp.com\/it\/wp-json\/wp\/v2\/comments?post=4306"}],"version-history":[{"count":179,"href":"https:\/\/stp.com\/it\/wp-json\/wp\/v2\/pages\/4306\/revisions"}],"predecessor-version":[{"id":8801,"href":"https:\/\/stp.com\/it\/wp-json\/wp\/v2\/pages\/4306\/revisions\/8801"}],"up":[{"embeddable":true,"href":"https:\/\/stp.com\/it\/wp-json\/wp\/v2\/pages\/4271"}],"wp:attachment":[{"href":"https:\/\/stp.com\/it\/wp-json\/wp\/v2\/media?parent=4306"}],"curies":[{"name":"wp","href":"https:\/\/api.w.org\/{rel}","templated":true}]}}