{"id":5931,"date":"2025-04-04T19:34:29","date_gmt":"2025-04-04T14:04:29","guid":{"rendered":"https:\/\/c38a2c2a6e.nxcli.io\/fr\/?page_id=5931"},"modified":"2025-06-21T16:26:53","modified_gmt":"2025-06-21T10:56:53","slug":"demarrages-difficiles","status":"publish","type":"page","link":"https:\/\/stp.com\/fr\/solutionneur-de-problemes\/demarrages-difficiles\/","title":{"rendered":"D\u00e9marrages difficiles"},"content":{"rendered":"\t\t<div data-elementor-type=\"wp-page\" data-elementor-id=\"5931\" class=\"elementor elementor-5931\" data-elementor-post-type=\"page\">\n\t\t\t\t<div class=\"elementor-element elementor-element-0b9e55c e-flex e-con-boxed e-con e-parent\" data-id=\"0b9e55c\" data-element_type=\"container\" data-e-type=\"container\" data-settings=\"{&quot;background_background&quot;:&quot;classic&quot;}\">\n\t\t\t\t\t<div class=\"e-con-inner\">\n\t\t\t\t<div class=\"elementor-element elementor-element-6ed8ef3 breadcrumb elementor-widget elementor-widget-breadcrumbs\" data-id=\"6ed8ef3\" data-element_type=\"widget\" data-e-type=\"widget\" data-widget_type=\"breadcrumbs.default\">\n\t\t\t\t<div class=\"elementor-widget-container\">\n\t\t\t\t\t<p id=\"breadcrumbs\"><span><span><a href=\"https:\/\/stp.com\/fr\/\">Home<\/a><\/span><\/span><\/p>\t\t\t\t<\/div>\n\t\t\t\t<\/div>\n\t\t<div class=\"elementor-element elementor-element-fad7233 e-con-full e-flex e-con e-child\" data-id=\"fad7233\" data-element_type=\"container\" data-e-type=\"container\">\n\t\t<div class=\"elementor-element elementor-element-6f5707f e-con-full product__head e-flex e-con e-child\" data-id=\"6f5707f\" data-element_type=\"container\" data-e-type=\"container\">\n\t\t\t\t<\/div>\n\t\t\t\t<\/div>\n\t\t\t\t\t<\/div>\n\t\t\t\t<\/div>\n\t\t<div class=\"elementor-element elementor-element-a7b2145 top-red-border e-flex e-con-boxed e-con e-parent\" data-id=\"a7b2145\" data-element_type=\"container\" data-e-type=\"container\" data-settings=\"{&quot;background_background&quot;:&quot;classic&quot;}\">\n\t\t\t\t\t<div class=\"e-con-inner\">\n\t\t<div class=\"elementor-element elementor-element-b0e1baa e-con-full e-flex e-con e-child\" data-id=\"b0e1baa\" data-element_type=\"container\" data-e-type=\"container\">\n\t\t\t\t<div class=\"elementor-element elementor-element-dd4d099 elementor-position-right elementor-vertical-align-middle image-text-section elementor-widget elementor-widget-image-box\" data-id=\"dd4d099\" data-element_type=\"widget\" data-e-type=\"widget\" data-widget_type=\"image-box.default\">\n\t\t\t\t<div class=\"elementor-widget-container\">\n\t\t\t\t\t<div class=\"elementor-image-box-wrapper\"><figure class=\"elementor-image-box-img\"><img fetchpriority=\"high\" decoding=\"async\" width=\"2560\" height=\"1451\" src=\"https:\/\/stpcdnimage.imgix.net\/wp-content\/uploads\/sites\/12\/2025\/04\/ToughStartCrop2-scaled-1.avif\" class=\"attachment-full size-full wp-image-5937\" alt=\"\" \/><\/figure><div class=\"elementor-image-box-content\"><p class=\"elementor-image-box-description\">Vous avez du mal \u00e0 d\u00e9marrer votre voiture le matin ? Quand vous \u00eates enfin sur la route, le moteur tourne-t-il au ralenti ? Il s\u2019agit d\u2019un effet secondaire fr\u00e9quent d\u2019un syst\u00e8me d\u2019alimentation en carburant sale ou d\u2019injecteurs obstru\u00e9s emp\u00eachant un flux r\u00e9gulier de carburant vers le moteur. STP\u00ae peut contribuer \u00e0 rendre votre conduite plus agr\u00e9able.\n\n<\/p><\/div><\/div>\t\t\t\t<\/div>\n\t\t\t\t<\/div>\n\t\t\t\t<\/div>\n\t\t\t\t\t<\/div>\n\t\t\t\t<\/div>\n\t\t<div class=\"elementor-element elementor-element-fbb39fe prod-related-container e-flex e-con-boxed e-con e-child\" data-id=\"fbb39fe\" data-element_type=\"container\" data-e-type=\"container\" data-settings=\"{&quot;background_background&quot;:&quot;classic&quot;}\">\n\t\t\t\t\t<div class=\"e-con-inner\">\n\t\t\t\t<div class=\"elementor-element elementor-element-93f03f7 arm__product-related elementor-widget elementor-widget-shortcode\" data-id=\"93f03f7\" data-element_type=\"widget\" data-e-type=\"widget\" data-widget_type=\"shortcode.default\">\n\t\t\t\t<div class=\"elementor-widget-container\">\n\t\t\t\t\t\t\t<div class=\"elementor-shortcode\">\t<div class=\"product_related\">\n\t\t\t\t\t<div class=\"section-intro section-intro--left\" id=\"anchor-intro-block_\">\n\n\t\t\t\t\t<div class=\"section-intro__content\" id=\"anchor-intro-content_\">\n\t\t\t\t\t\t<div role=\"doc-subtitle\">Luttez contre les d\u00e9marrages difficiles et le ralenti irr\u00e9gulier avec :\n<\/div>\n\t\t\t\t\t<\/div>\n\n\t\t\t\t<div class=\"section-intro__button\">\n\t\t\t\t\t\t\t\t\t<\/div>\n\t\t\t<\/div>\n\t\t\t\t<div class=\"building-block\">\n\t\t\t<div class=\"slider slider--listing\" role=\"region\" aria-roledescription=\"carousel\" aria-label=\"Featured product carousel\" data-items-0=\"1\" data-items-500=\"2\" data-items-900=\"3\" data-items-1200=\"4\" data-autoplay=\"false\">\n\t\t\t\t<div class=\"slider__controls\">\n\t\t\t\t\t\t\t\t\t\t\t\t\t\t<\/div>\n\t\t\t\t<div class=\"slider__wrapper\">\n\t\t\t\t\t<ul class=\"slider__panels\" id=\"slider-123\" class=\"carousel-items\" aria-live=\"polite\">\n\t\t\t\t\t\t \t\t\t\t\t\t\t<li class=\"slider__panel\" aria-hidden=\"false\" tabindex=\"-1\" aria-label=\"Slide 1 of 1\">\n\t\t\t\t\t\t\t\t <div class=\"grid grid-cols-4 grid-gutter-md\">\n\t\t\t\t\t\t\t\t\t\t\t\t\t\t\t\t\t\t\t<div class=\"card card--product\">\n\t\t\t\t\t\t\t\t\t\t\t<div class=\"card__image card__image--has-rollover\">\n\t\t\t\t\t\t\t\t\t\t\t\t<img decoding=\"async\" src=\"https:\/\/stpcdnimage.imgix.net\/global-media\/wp-content\/uploads\/sites\/6\/product-images\/E301994300_01.png\"  alt=\"Nettoyant Complet du Syst\u00e8me D\u2019Alimentation Essence Image 1\" class=\"\" width=\"250\" height=\"250\" \/>\n\t\t\t\t\t\t\t\t\t\t\t\t<div class=\"btn btn--solid rollover\">Voir le Produit<\/div>\n\t\t\t\t\t\t\t\t\t\t\t<\/div>\n\t\t\t\t\t\t\t\t\t\t\t<div class=\"card__pretitle\"><span class=\"card__category\">Additifs pour carburant<\/span><\/div>\n\t\t\t\t\t\t\t\t\t\t\t\t<h3 class=\"h3\"><a href=\"https:\/\/stp.com\/fr\/product\/nettoyant-complet-du-systeme-dalimentation-essence\/\" class=\"cover-link card__link\">Nettoyant Complet du Syst\u00e8me D\u2019Alimentation Essence<\/a><\/h3>\n\t\t\t\t\t\t\t\t\t\t<\/div>\n\t\t\t\t\t\t\t\t\t\t\t\t\t\t\t\t\t<\/div>\n\t\t\t\t\t\t\t<\/li>\n\t\t\t\t\t\t\t\t\t\t\t<\/ul>\n\t\t\t\t<\/div>\n\t\t\t\t<div class=\"slider__nav\">\n\t\t\t\t\t\t\t\t\t\t<\/div>\n\t\t\t<\/div>\n\t\t<\/div>\n\t<\/div>\n<\/div>\n\t\t\t\t\t\t<\/div>\n\t\t\t\t<\/div>\n\t\t\t\t\t<\/div>\n\t\t\t\t<\/div>\n\t\t\t\t<\/div>\n\t\t","protected":false},"excerpt":{"rendered":"<p>Vous avez du mal \u00e0 d\u00e9marrer votre voiture le matin ? Quand vous \u00eates enfin sur la route, le moteur tourne-t-il au ralenti ? Il s\u2019agit d\u2019un effet secondaire fr\u00e9quent d\u2019un syst\u00e8me d\u2019alimentation en carburant sale ou d\u2019injecteurs obstru\u00e9s emp\u00eachant un flux r\u00e9gulier de carburant vers le moteur. STP\u00ae peut contribuer \u00e0 rendre votre conduite [&hellip;]<\/p>\n","protected":false},"author":1,"featured_media":0,"parent":416,"menu_order":0,"comment_status":"closed","ping_status":"closed","template":"","meta":{"_acf_changed":false,"footnotes":""},"class_list":["post-5931","page","type-page","status-publish","hentry"],"acf":[],"yoast_head":"<!-- This site is optimized with the Yoast SEO plugin v27.4 - https:\/\/yoast.com\/product\/yoast-seo-wordpress\/ -->\n<title>D\u00e9marrages difficiles - STP France<\/title>\n<meta name=\"robots\" content=\"index, follow, max-snippet:-1, max-image-preview:large, max-video-preview:-1\" \/>\n<link rel=\"canonical\" href=\"https:\/\/stp.com\/fr\/solutionneur-de-problemes\/demarrages-difficiles\/\" \/>\n<meta property=\"og:locale\" content=\"en_US\" \/>\n<meta property=\"og:type\" content=\"article\" \/>\n<meta property=\"og:title\" content=\"D\u00e9marrages difficiles - STP France\" \/>\n<meta property=\"og:description\" content=\"Vous avez du mal \u00e0 d\u00e9marrer votre voiture le matin ? Quand vous \u00eates enfin sur la route, le moteur tourne-t-il au ralenti ? Il s\u2019agit d\u2019un effet secondaire fr\u00e9quent d\u2019un syst\u00e8me d\u2019alimentation en carburant sale ou d\u2019injecteurs obstru\u00e9s emp\u00eachant un flux r\u00e9gulier de carburant vers le moteur. STP\u00ae peut contribuer \u00e0 rendre votre conduite [&hellip;]\" \/>\n<meta property=\"og:url\" content=\"https:\/\/stp.com\/fr\/solutionneur-de-problemes\/demarrages-difficiles\/\" \/>\n<meta property=\"og:site_name\" content=\"STP France\" \/>\n<meta property=\"article:modified_time\" content=\"2025-06-21T10:56:53+00:00\" \/>\n<meta property=\"og:image\" content=\"https:\/\/stp.com\/fr\/wp-content\/uploads\/sites\/12\/2025\/04\/ToughStartCrop2-scaled-1.avif\" \/>\n<meta name=\"twitter:card\" content=\"summary_large_image\" \/>\n<meta name=\"twitter:label1\" content=\"Est. reading time\" \/>\n\t<meta name=\"twitter:data1\" content=\"1 minute\" \/>\n<script type=\"application\/ld+json\" class=\"yoast-schema-graph\">{\"@context\":\"https:\\\/\\\/schema.org\",\"@graph\":[{\"@type\":\"WebPage\",\"@id\":\"https:\\\/\\\/stp.com\\\/fr\\\/solutionneur-de-problemes\\\/demarrages-difficiles\\\/\",\"url\":\"https:\\\/\\\/stp.com\\\/fr\\\/solutionneur-de-problemes\\\/demarrages-difficiles\\\/\",\"name\":\"D\u00e9marrages difficiles - STP France\",\"isPartOf\":{\"@id\":\"https:\\\/\\\/c38a2c2a6e.nxcli.io\\\/fr\\\/#website\"},\"primaryImageOfPage\":{\"@id\":\"https:\\\/\\\/stp.com\\\/fr\\\/solutionneur-de-problemes\\\/demarrages-difficiles\\\/#primaryimage\"},\"image\":{\"@id\":\"https:\\\/\\\/stp.com\\\/fr\\\/solutionneur-de-problemes\\\/demarrages-difficiles\\\/#primaryimage\"},\"thumbnailUrl\":\"https:\\\/\\\/stp.com\\\/fr\\\/wp-content\\\/uploads\\\/sites\\\/12\\\/2025\\\/04\\\/ToughStartCrop2-scaled-1.avif\",\"datePublished\":\"2025-04-04T14:04:29+00:00\",\"dateModified\":\"2025-06-21T10:56:53+00:00\",\"breadcrumb\":{\"@id\":\"https:\\\/\\\/stp.com\\\/fr\\\/solutionneur-de-problemes\\\/demarrages-difficiles\\\/#breadcrumb\"},\"inLanguage\":\"en-US\",\"potentialAction\":[{\"@type\":\"ReadAction\",\"target\":[\"https:\\\/\\\/stp.com\\\/fr\\\/solutionneur-de-problemes\\\/demarrages-difficiles\\\/\"]}]},{\"@type\":\"ImageObject\",\"inLanguage\":\"en-US\",\"@id\":\"https:\\\/\\\/stp.com\\\/fr\\\/solutionneur-de-problemes\\\/demarrages-difficiles\\\/#primaryimage\",\"url\":\"https:\\\/\\\/stpcdnimage.imgix.net\\\/wp-content\\\/uploads\\\/sites\\\/12\\\/2025\\\/04\\\/ToughStartCrop2-scaled-1.avif\",\"contentUrl\":\"https:\\\/\\\/stpcdnimage.imgix.net\\\/wp-content\\\/uploads\\\/sites\\\/12\\\/2025\\\/04\\\/ToughStartCrop2-scaled-1.avif\",\"width\":2560,\"height\":1451},{\"@type\":\"BreadcrumbList\",\"@id\":\"https:\\\/\\\/stp.com\\\/fr\\\/solutionneur-de-problemes\\\/demarrages-difficiles\\\/#breadcrumb\",\"itemListElement\":[{\"@type\":\"ListItem\",\"position\":1,\"name\":\"Home\",\"item\":\"https:\\\/\\\/stp.com\\\/fr\\\/\"},{\"@type\":\"ListItem\",\"position\":2,\"name\":\"Solutionneur de probl\u00e8mes\",\"item\":\"https:\\\/\\\/stp.com\\\/fr\\\/solutionneur-de-problemes\\\/\"},{\"@type\":\"ListItem\",\"position\":3,\"name\":\"D\u00e9marrages difficiles\"}]},{\"@type\":\"WebSite\",\"@id\":\"https:\\\/\\\/c38a2c2a6e.nxcli.io\\\/fr\\\/#website\",\"url\":\"https:\\\/\\\/c38a2c2a6e.nxcli.io\\\/fr\\\/\",\"name\":\"STP France\",\"description\":\"Science. Technology. Performance\",\"potentialAction\":[{\"@type\":\"SearchAction\",\"target\":{\"@type\":\"EntryPoint\",\"urlTemplate\":\"https:\\\/\\\/c38a2c2a6e.nxcli.io\\\/fr\\\/?s={search_term_string}\"},\"query-input\":{\"@type\":\"PropertyValueSpecification\",\"valueRequired\":true,\"valueName\":\"search_term_string\"}}],\"inLanguage\":\"en-US\"}]}<\/script>\n<!-- \/ Yoast SEO plugin. -->","yoast_head_json":{"title":"D\u00e9marrages difficiles - STP France","robots":{"index":"index","follow":"follow","max-snippet":"max-snippet:-1","max-image-preview":"max-image-preview:large","max-video-preview":"max-video-preview:-1"},"canonical":"https:\/\/stp.com\/fr\/solutionneur-de-problemes\/demarrages-difficiles\/","og_locale":"en_US","og_type":"article","og_title":"D\u00e9marrages difficiles - STP France","og_description":"Vous avez du mal \u00e0 d\u00e9marrer votre voiture le matin ? Quand vous \u00eates enfin sur la route, le moteur tourne-t-il au ralenti ? Il s\u2019agit d\u2019un effet secondaire fr\u00e9quent d\u2019un syst\u00e8me d\u2019alimentation en carburant sale ou d\u2019injecteurs obstru\u00e9s emp\u00eachant un flux r\u00e9gulier de carburant vers le moteur. STP\u00ae peut contribuer \u00e0 rendre votre conduite [&hellip;]","og_url":"https:\/\/stp.com\/fr\/solutionneur-de-problemes\/demarrages-difficiles\/","og_site_name":"STP France","article_modified_time":"2025-06-21T10:56:53+00:00","og_image":[{"url":"https:\/\/stp.com\/fr\/wp-content\/uploads\/sites\/12\/2025\/04\/ToughStartCrop2-scaled-1.avif","type":"","width":"","height":""}],"twitter_card":"summary_large_image","twitter_misc":{"Est. reading time":"1 minute"},"schema":{"@context":"https:\/\/schema.org","@graph":[{"@type":"WebPage","@id":"https:\/\/stp.com\/fr\/solutionneur-de-problemes\/demarrages-difficiles\/","url":"https:\/\/stp.com\/fr\/solutionneur-de-problemes\/demarrages-difficiles\/","name":"D\u00e9marrages difficiles - STP France","isPartOf":{"@id":"https:\/\/c38a2c2a6e.nxcli.io\/fr\/#website"},"primaryImageOfPage":{"@id":"https:\/\/stp.com\/fr\/solutionneur-de-problemes\/demarrages-difficiles\/#primaryimage"},"image":{"@id":"https:\/\/stp.com\/fr\/solutionneur-de-problemes\/demarrages-difficiles\/#primaryimage"},"thumbnailUrl":"https:\/\/stp.com\/fr\/wp-content\/uploads\/sites\/12\/2025\/04\/ToughStartCrop2-scaled-1.avif","datePublished":"2025-04-04T14:04:29+00:00","dateModified":"2025-06-21T10:56:53+00:00","breadcrumb":{"@id":"https:\/\/stp.com\/fr\/solutionneur-de-problemes\/demarrages-difficiles\/#breadcrumb"},"inLanguage":"en-US","potentialAction":[{"@type":"ReadAction","target":["https:\/\/stp.com\/fr\/solutionneur-de-problemes\/demarrages-difficiles\/"]}]},{"@type":"ImageObject","inLanguage":"en-US","@id":"https:\/\/stp.com\/fr\/solutionneur-de-problemes\/demarrages-difficiles\/#primaryimage","url":"https:\/\/stpcdnimage.imgix.net\/wp-content\/uploads\/sites\/12\/2025\/04\/ToughStartCrop2-scaled-1.avif","contentUrl":"https:\/\/stpcdnimage.imgix.net\/wp-content\/uploads\/sites\/12\/2025\/04\/ToughStartCrop2-scaled-1.avif","width":2560,"height":1451},{"@type":"BreadcrumbList","@id":"https:\/\/stp.com\/fr\/solutionneur-de-problemes\/demarrages-difficiles\/#breadcrumb","itemListElement":[{"@type":"ListItem","position":1,"name":"Home","item":"https:\/\/stp.com\/fr\/"},{"@type":"ListItem","position":2,"name":"Solutionneur de probl\u00e8mes","item":"https:\/\/stp.com\/fr\/solutionneur-de-problemes\/"},{"@type":"ListItem","position":3,"name":"D\u00e9marrages difficiles"}]},{"@type":"WebSite","@id":"https:\/\/c38a2c2a6e.nxcli.io\/fr\/#website","url":"https:\/\/c38a2c2a6e.nxcli.io\/fr\/","name":"STP France","description":"Science. Technology. Performance","potentialAction":[{"@type":"SearchAction","target":{"@type":"EntryPoint","urlTemplate":"https:\/\/c38a2c2a6e.nxcli.io\/fr\/?s={search_term_string}"},"query-input":{"@type":"PropertyValueSpecification","valueRequired":true,"valueName":"search_term_string"}}],"inLanguage":"en-US"}]}},"_links":{"self":[{"href":"https:\/\/stp.com\/fr\/wp-json\/wp\/v2\/pages\/5931","targetHints":{"allow":["GET"]}}],"collection":[{"href":"https:\/\/stp.com\/fr\/wp-json\/wp\/v2\/pages"}],"about":[{"href":"https:\/\/stp.com\/fr\/wp-json\/wp\/v2\/types\/page"}],"author":[{"embeddable":true,"href":"https:\/\/stp.com\/fr\/wp-json\/wp\/v2\/users\/1"}],"replies":[{"embeddable":true,"href":"https:\/\/stp.com\/fr\/wp-json\/wp\/v2\/comments?post=5931"}],"version-history":[{"count":15,"href":"https:\/\/stp.com\/fr\/wp-json\/wp\/v2\/pages\/5931\/revisions"}],"predecessor-version":[{"id":8613,"href":"https:\/\/stp.com\/fr\/wp-json\/wp\/v2\/pages\/5931\/revisions\/8613"}],"up":[{"embeddable":true,"href":"https:\/\/stp.com\/fr\/wp-json\/wp\/v2\/pages\/416"}],"wp:attachment":[{"href":"https:\/\/stp.com\/fr\/wp-json\/wp\/v2\/media?parent=5931"}],"curies":[{"name":"wp","href":"https:\/\/api.w.org\/{rel}","templated":true}]}}