{"id":5924,"date":"2025-04-04T19:32:07","date_gmt":"2025-04-04T14:02:07","guid":{"rendered":"https:\/\/c38a2c2a6e.nxcli.io\/fr\/?page_id=5924"},"modified":"2025-05-14T11:19:16","modified_gmt":"2025-05-14T05:49:16","slug":"emissions-de-gaz-dechappement-et-fumee","status":"publish","type":"page","link":"https:\/\/stp.com\/fr\/solutionneur-de-problemes\/emissions-de-gaz-dechappement-et-fumee\/","title":{"rendered":"\u00c9missions de gaz d\u2019\u00e9chappement et fum\u00e9e"},"content":{"rendered":"\t\t<div data-elementor-type=\"wp-page\" data-elementor-id=\"5924\" class=\"elementor elementor-5924\" data-elementor-post-type=\"page\">\n\t\t\t\t<div class=\"elementor-element elementor-element-2f93c9e e-flex e-con-boxed e-con e-parent\" data-id=\"2f93c9e\" data-element_type=\"container\" data-e-type=\"container\" data-settings=\"{&quot;background_background&quot;:&quot;classic&quot;}\">\n\t\t\t\t\t<div class=\"e-con-inner\">\n\t\t\t\t<div class=\"elementor-element elementor-element-6942a9b breadcrumb elementor-widget elementor-widget-breadcrumbs\" data-id=\"6942a9b\" data-element_type=\"widget\" data-e-type=\"widget\" data-widget_type=\"breadcrumbs.default\">\n\t\t\t\t<div class=\"elementor-widget-container\">\n\t\t\t\t\t<p id=\"breadcrumbs\"><span><span><a href=\"https:\/\/stp.com\/fr\/\">Home<\/a><\/span><\/span><\/p>\t\t\t\t<\/div>\n\t\t\t\t<\/div>\n\t\t<div class=\"elementor-element elementor-element-e468df4 e-con-full e-flex e-con e-child\" data-id=\"e468df4\" data-element_type=\"container\" data-e-type=\"container\">\n\t\t<div class=\"elementor-element elementor-element-b1b1e67 e-con-full product__head e-flex e-con e-child\" data-id=\"b1b1e67\" data-element_type=\"container\" data-e-type=\"container\">\n\t\t\t\t<\/div>\n\t\t\t\t<\/div>\n\t\t\t\t\t<\/div>\n\t\t\t\t<\/div>\n\t\t<div class=\"elementor-element elementor-element-e200df6 top-red-border e-flex e-con-boxed e-con e-parent\" data-id=\"e200df6\" data-element_type=\"container\" data-e-type=\"container\" data-settings=\"{&quot;background_background&quot;:&quot;classic&quot;}\">\n\t\t\t\t\t<div class=\"e-con-inner\">\n\t\t<div class=\"elementor-element elementor-element-ffadb38 e-con-full e-flex e-con e-child\" data-id=\"ffadb38\" data-element_type=\"container\" data-e-type=\"container\">\n\t\t\t\t<div class=\"elementor-element elementor-element-1014e61 elementor-position-right elementor-vertical-align-middle image-text-section elementor-widget elementor-widget-image-box\" data-id=\"1014e61\" data-element_type=\"widget\" data-e-type=\"widget\" data-widget_type=\"image-box.default\">\n\t\t\t\t<div class=\"elementor-widget-container\">\n\t\t\t\t\t<div class=\"elementor-image-box-wrapper\"><figure class=\"elementor-image-box-img\"><img fetchpriority=\"high\" decoding=\"async\" width=\"1920\" height=\"1080\" src=\"https:\/\/stpcdnimage.imgix.net\/wp-content\/uploads\/sites\/12\/2025\/05\/Emissions-Reducer-Photo-9-resized.avif\" class=\"attachment-full size-full wp-image-7822\" alt=\"\u00c9missions de gaz d\u2019\u00e9chappement et fum\u00e9e\" \/><\/figure><div class=\"elementor-image-box-content\"><p class=\"elementor-image-box-description\">Votre syst\u00e8me d\u2019\u00e9chappement laisse-t-il s\u2019\u00e9chapper plus de fum\u00e9e que d\u2019habitude ? Les \u00e9missions excessives de gaz d\u2019\u00e9chappement peuvent sembler inqui\u00e9tantes mais il y a une solution \u00e0 cela. La chambre de combustion de votre moteur est con\u00e7ue pour br\u00fbler un m\u00e9lange d\u2019air et de carburant, c\u2019est tout. Lorsque votre kilom\u00e9trage augmente, l\u2019huile peut contaminer la chambre de combustion. Ce ph\u00e9nom\u00e8ne connu sous le nom de \u00ab blow-by \u00bb se produit souvent lorsque le frottement et le contact m\u00e9tal contre m\u00e9tal ont us\u00e9 les pi\u00e8ces et cr\u00e9\u00e9 des espaces entre les parois du cylindre, les segments de piston et les joints de guide de soupape.\n\n<\/p><\/div><\/div>\t\t\t\t<\/div>\n\t\t\t\t<\/div>\n\t\t\t\t<\/div>\n\t\t\t\t\t<\/div>\n\t\t\t\t<\/div>\n\t\t<div class=\"elementor-element elementor-element-649ba20 prod-related-container e-flex e-con-boxed e-con e-child\" data-id=\"649ba20\" data-element_type=\"container\" data-e-type=\"container\" data-settings=\"{&quot;background_background&quot;:&quot;classic&quot;}\">\n\t\t\t\t\t<div class=\"e-con-inner\">\n\t\t\t\t<div class=\"elementor-element elementor-element-93593b0 arm__product-related elementor-widget elementor-widget-shortcode\" data-id=\"93593b0\" data-element_type=\"widget\" data-e-type=\"widget\" data-widget_type=\"shortcode.default\">\n\t\t\t\t<div class=\"elementor-widget-container\">\n\t\t\t\t\t\t\t<div class=\"elementor-shortcode\">\t<div class=\"product_related\">\n\t\t\t\t\t<div class=\"section-intro section-intro--left\" id=\"anchor-intro-block_\">\n\n\t\t\t\t\t<div class=\"section-intro__content\" id=\"anchor-intro-content_\">\n\t\t\t\t\t\t<div role=\"doc-subtitle\">Formul\u00e9 pour aider :<\/div>\n\t\t\t\t\t<\/div>\n\n\t\t\t\t<div class=\"section-intro__button\">\n\t\t\t\t\t\t\t\t\t<\/div>\n\t\t\t<\/div>\n\t\t\t\t<div class=\"building-block\">\n\t\t\t<div class=\"slider slider--listing\" role=\"region\" aria-roledescription=\"carousel\" aria-label=\"Featured product carousel\" data-items-0=\"1\" data-items-500=\"2\" data-items-900=\"3\" data-items-1200=\"4\" data-autoplay=\"false\">\n\t\t\t\t<div class=\"slider__controls\">\n\t\t\t\t\t\t\t\t\t\t\t\t\t\t<\/div>\n\t\t\t\t<div class=\"slider__wrapper\">\n\t\t\t\t\t<ul class=\"slider__panels\" id=\"slider-123\" class=\"carousel-items\" aria-live=\"polite\">\n\t\t\t\t\t\t \t\t\t\t\t\t\t<li class=\"slider__panel\" aria-hidden=\"false\" tabindex=\"-1\" aria-label=\"Slide 1 of 1\">\n\t\t\t\t\t\t\t\t <div class=\"grid grid-cols-4 grid-gutter-md\">\n\t\t\t\t\t\t\t\t\t\t\t\t\t\t\t\t\t\t\t<div class=\"card card--product\">\n\t\t\t\t\t\t\t\t\t\t\t<div class=\"card__image card__image--has-rollover\">\n\t\t\t\t\t\t\t\t\t\t\t\t<img decoding=\"async\" src=\"https:\/\/stpcdnimage.imgix.net\/global-media\/wp-content\/uploads\/sites\/6\/product-images\/product-placeholder.jpg\"  alt=\"Traitement Huile Anti-Fum\u00e9e Image 1\" class=\"\" width=\"250\" height=\"250\" \/>\n\t\t\t\t\t\t\t\t\t\t\t\t<div class=\"btn btn--solid rollover\">Voir le Produit<\/div>\n\t\t\t\t\t\t\t\t\t\t\t<\/div>\n\t\t\t\t\t\t\t\t\t\t\t<div class=\"card__pretitle\"><span class=\"card__category\">Additifs pour l\u2019huile et le moteur<\/span><\/div>\n\t\t\t\t\t\t\t\t\t\t\t\t<h3 class=\"h3\"><a href=\"https:\/\/stp.com\/fr\/product\/traitement-huile-anti-fumee\/\" class=\"cover-link card__link\">Traitement Huile Anti-Fum\u00e9e<\/a><\/h3>\n\t\t\t\t\t\t\t\t\t\t<\/div>\n\t\t\t\t\t\t\t\t\t\t\t\t\t\t\t\t\t<\/div>\n\t\t\t\t\t\t\t<\/li>\n\t\t\t\t\t\t\t\t\t\t\t<\/ul>\n\t\t\t\t<\/div>\n\t\t\t\t<div class=\"slider__nav\">\n\t\t\t\t\t\t\t\t\t\t<\/div>\n\t\t\t<\/div>\n\t\t<\/div>\n\t<\/div>\n\n\n<\/div>\n\t\t\t\t\t\t<\/div>\n\t\t\t\t<\/div>\n\t\t\t\t\t<\/div>\n\t\t\t\t<\/div>\n\t\t\t\t<\/div>\n\t\t","protected":false},"excerpt":{"rendered":"<p>Votre syst\u00e8me d\u2019\u00e9chappement laisse-t-il s\u2019\u00e9chapper plus de fum\u00e9e que d\u2019habitude ? Les \u00e9missions excessives de gaz d\u2019\u00e9chappement peuvent sembler inqui\u00e9tantes mais il y a une solution \u00e0 cela. La chambre de combustion de votre moteur est con\u00e7ue pour br\u00fbler un m\u00e9lange d\u2019air et de carburant, c\u2019est tout. Lorsque votre kilom\u00e9trage augmente, l\u2019huile peut contaminer la [&hellip;]<\/p>\n","protected":false},"author":1,"featured_media":0,"parent":416,"menu_order":0,"comment_status":"closed","ping_status":"closed","template":"","meta":{"_acf_changed":false,"footnotes":""},"class_list":["post-5924","page","type-page","status-publish","hentry"],"acf":[],"yoast_head":"<!-- This site is optimized with the Yoast SEO plugin v27.4 - https:\/\/yoast.com\/product\/yoast-seo-wordpress\/ -->\n<title>\u00c9missions de gaz d\u2019\u00e9chappement et fum\u00e9e - STP France<\/title>\n<meta name=\"robots\" content=\"index, follow, max-snippet:-1, max-image-preview:large, max-video-preview:-1\" \/>\n<link rel=\"canonical\" href=\"https:\/\/stp.com\/fr\/solutionneur-de-problemes\/emissions-de-gaz-dechappement-et-fumee\/\" \/>\n<meta property=\"og:locale\" content=\"en_US\" \/>\n<meta property=\"og:type\" content=\"article\" \/>\n<meta property=\"og:title\" content=\"\u00c9missions de gaz d\u2019\u00e9chappement et fum\u00e9e - STP France\" \/>\n<meta property=\"og:description\" content=\"Votre syst\u00e8me d\u2019\u00e9chappement laisse-t-il s\u2019\u00e9chapper plus de fum\u00e9e que d\u2019habitude ? Les \u00e9missions excessives de gaz d\u2019\u00e9chappement peuvent sembler inqui\u00e9tantes mais il y a une solution \u00e0 cela. La chambre de combustion de votre moteur est con\u00e7ue pour br\u00fbler un m\u00e9lange d\u2019air et de carburant, c\u2019est tout. Lorsque votre kilom\u00e9trage augmente, l\u2019huile peut contaminer la [&hellip;]\" \/>\n<meta property=\"og:url\" content=\"https:\/\/stp.com\/fr\/solutionneur-de-problemes\/emissions-de-gaz-dechappement-et-fumee\/\" \/>\n<meta property=\"og:site_name\" content=\"STP France\" \/>\n<meta property=\"article:modified_time\" content=\"2025-05-14T05:49:16+00:00\" \/>\n<meta property=\"og:image\" content=\"https:\/\/stp.com\/fr\/wp-content\/uploads\/sites\/12\/2025\/05\/Emissions-Reducer-Photo-9-resized.avif\" \/>\n<meta name=\"twitter:card\" content=\"summary_large_image\" \/>\n<meta name=\"twitter:label1\" content=\"Est. reading time\" \/>\n\t<meta name=\"twitter:data1\" content=\"1 minute\" \/>\n<script type=\"application\/ld+json\" class=\"yoast-schema-graph\">{\"@context\":\"https:\\\/\\\/schema.org\",\"@graph\":[{\"@type\":\"WebPage\",\"@id\":\"https:\\\/\\\/stp.com\\\/fr\\\/solutionneur-de-problemes\\\/emissions-de-gaz-dechappement-et-fumee\\\/\",\"url\":\"https:\\\/\\\/stp.com\\\/fr\\\/solutionneur-de-problemes\\\/emissions-de-gaz-dechappement-et-fumee\\\/\",\"name\":\"\u00c9missions de gaz d\u2019\u00e9chappement et fum\u00e9e - STP France\",\"isPartOf\":{\"@id\":\"https:\\\/\\\/c38a2c2a6e.nxcli.io\\\/fr\\\/#website\"},\"primaryImageOfPage\":{\"@id\":\"https:\\\/\\\/stp.com\\\/fr\\\/solutionneur-de-problemes\\\/emissions-de-gaz-dechappement-et-fumee\\\/#primaryimage\"},\"image\":{\"@id\":\"https:\\\/\\\/stp.com\\\/fr\\\/solutionneur-de-problemes\\\/emissions-de-gaz-dechappement-et-fumee\\\/#primaryimage\"},\"thumbnailUrl\":\"https:\\\/\\\/stp.com\\\/fr\\\/wp-content\\\/uploads\\\/sites\\\/12\\\/2025\\\/05\\\/Emissions-Reducer-Photo-9-resized.avif\",\"datePublished\":\"2025-04-04T14:02:07+00:00\",\"dateModified\":\"2025-05-14T05:49:16+00:00\",\"breadcrumb\":{\"@id\":\"https:\\\/\\\/stp.com\\\/fr\\\/solutionneur-de-problemes\\\/emissions-de-gaz-dechappement-et-fumee\\\/#breadcrumb\"},\"inLanguage\":\"en-US\",\"potentialAction\":[{\"@type\":\"ReadAction\",\"target\":[\"https:\\\/\\\/stp.com\\\/fr\\\/solutionneur-de-problemes\\\/emissions-de-gaz-dechappement-et-fumee\\\/\"]}]},{\"@type\":\"ImageObject\",\"inLanguage\":\"en-US\",\"@id\":\"https:\\\/\\\/stp.com\\\/fr\\\/solutionneur-de-problemes\\\/emissions-de-gaz-dechappement-et-fumee\\\/#primaryimage\",\"url\":\"https:\\\/\\\/stpcdnimage.imgix.net\\\/wp-content\\\/uploads\\\/sites\\\/12\\\/2025\\\/05\\\/Emissions-Reducer-Photo-9-resized.avif\",\"contentUrl\":\"https:\\\/\\\/stpcdnimage.imgix.net\\\/wp-content\\\/uploads\\\/sites\\\/12\\\/2025\\\/05\\\/Emissions-Reducer-Photo-9-resized.avif\",\"width\":1920,\"height\":1080,\"caption\":\"\u00c9missions de gaz d\u2019\u00e9chappement et fum\u00e9e\"},{\"@type\":\"BreadcrumbList\",\"@id\":\"https:\\\/\\\/stp.com\\\/fr\\\/solutionneur-de-problemes\\\/emissions-de-gaz-dechappement-et-fumee\\\/#breadcrumb\",\"itemListElement\":[{\"@type\":\"ListItem\",\"position\":1,\"name\":\"Home\",\"item\":\"https:\\\/\\\/stp.com\\\/fr\\\/\"},{\"@type\":\"ListItem\",\"position\":2,\"name\":\"Solutionneur de probl\u00e8mes\",\"item\":\"https:\\\/\\\/stp.com\\\/fr\\\/solutionneur-de-problemes\\\/\"},{\"@type\":\"ListItem\",\"position\":3,\"name\":\"\u00c9missions de gaz d\u2019\u00e9chappement et fum\u00e9e\"}]},{\"@type\":\"WebSite\",\"@id\":\"https:\\\/\\\/c38a2c2a6e.nxcli.io\\\/fr\\\/#website\",\"url\":\"https:\\\/\\\/c38a2c2a6e.nxcli.io\\\/fr\\\/\",\"name\":\"STP France\",\"description\":\"Science. Technology. Performance\",\"potentialAction\":[{\"@type\":\"SearchAction\",\"target\":{\"@type\":\"EntryPoint\",\"urlTemplate\":\"https:\\\/\\\/c38a2c2a6e.nxcli.io\\\/fr\\\/?s={search_term_string}\"},\"query-input\":{\"@type\":\"PropertyValueSpecification\",\"valueRequired\":true,\"valueName\":\"search_term_string\"}}],\"inLanguage\":\"en-US\"}]}<\/script>\n<!-- \/ Yoast SEO plugin. -->","yoast_head_json":{"title":"\u00c9missions de gaz d\u2019\u00e9chappement et fum\u00e9e - STP France","robots":{"index":"index","follow":"follow","max-snippet":"max-snippet:-1","max-image-preview":"max-image-preview:large","max-video-preview":"max-video-preview:-1"},"canonical":"https:\/\/stp.com\/fr\/solutionneur-de-problemes\/emissions-de-gaz-dechappement-et-fumee\/","og_locale":"en_US","og_type":"article","og_title":"\u00c9missions de gaz d\u2019\u00e9chappement et fum\u00e9e - STP France","og_description":"Votre syst\u00e8me d\u2019\u00e9chappement laisse-t-il s\u2019\u00e9chapper plus de fum\u00e9e que d\u2019habitude ? Les \u00e9missions excessives de gaz d\u2019\u00e9chappement peuvent sembler inqui\u00e9tantes mais il y a une solution \u00e0 cela. La chambre de combustion de votre moteur est con\u00e7ue pour br\u00fbler un m\u00e9lange d\u2019air et de carburant, c\u2019est tout. Lorsque votre kilom\u00e9trage augmente, l\u2019huile peut contaminer la [&hellip;]","og_url":"https:\/\/stp.com\/fr\/solutionneur-de-problemes\/emissions-de-gaz-dechappement-et-fumee\/","og_site_name":"STP France","article_modified_time":"2025-05-14T05:49:16+00:00","og_image":[{"url":"https:\/\/stp.com\/fr\/wp-content\/uploads\/sites\/12\/2025\/05\/Emissions-Reducer-Photo-9-resized.avif","type":"","width":"","height":""}],"twitter_card":"summary_large_image","twitter_misc":{"Est. reading time":"1 minute"},"schema":{"@context":"https:\/\/schema.org","@graph":[{"@type":"WebPage","@id":"https:\/\/stp.com\/fr\/solutionneur-de-problemes\/emissions-de-gaz-dechappement-et-fumee\/","url":"https:\/\/stp.com\/fr\/solutionneur-de-problemes\/emissions-de-gaz-dechappement-et-fumee\/","name":"\u00c9missions de gaz d\u2019\u00e9chappement et fum\u00e9e - STP France","isPartOf":{"@id":"https:\/\/c38a2c2a6e.nxcli.io\/fr\/#website"},"primaryImageOfPage":{"@id":"https:\/\/stp.com\/fr\/solutionneur-de-problemes\/emissions-de-gaz-dechappement-et-fumee\/#primaryimage"},"image":{"@id":"https:\/\/stp.com\/fr\/solutionneur-de-problemes\/emissions-de-gaz-dechappement-et-fumee\/#primaryimage"},"thumbnailUrl":"https:\/\/stp.com\/fr\/wp-content\/uploads\/sites\/12\/2025\/05\/Emissions-Reducer-Photo-9-resized.avif","datePublished":"2025-04-04T14:02:07+00:00","dateModified":"2025-05-14T05:49:16+00:00","breadcrumb":{"@id":"https:\/\/stp.com\/fr\/solutionneur-de-problemes\/emissions-de-gaz-dechappement-et-fumee\/#breadcrumb"},"inLanguage":"en-US","potentialAction":[{"@type":"ReadAction","target":["https:\/\/stp.com\/fr\/solutionneur-de-problemes\/emissions-de-gaz-dechappement-et-fumee\/"]}]},{"@type":"ImageObject","inLanguage":"en-US","@id":"https:\/\/stp.com\/fr\/solutionneur-de-problemes\/emissions-de-gaz-dechappement-et-fumee\/#primaryimage","url":"https:\/\/stpcdnimage.imgix.net\/wp-content\/uploads\/sites\/12\/2025\/05\/Emissions-Reducer-Photo-9-resized.avif","contentUrl":"https:\/\/stpcdnimage.imgix.net\/wp-content\/uploads\/sites\/12\/2025\/05\/Emissions-Reducer-Photo-9-resized.avif","width":1920,"height":1080,"caption":"\u00c9missions de gaz d\u2019\u00e9chappement et fum\u00e9e"},{"@type":"BreadcrumbList","@id":"https:\/\/stp.com\/fr\/solutionneur-de-problemes\/emissions-de-gaz-dechappement-et-fumee\/#breadcrumb","itemListElement":[{"@type":"ListItem","position":1,"name":"Home","item":"https:\/\/stp.com\/fr\/"},{"@type":"ListItem","position":2,"name":"Solutionneur de probl\u00e8mes","item":"https:\/\/stp.com\/fr\/solutionneur-de-problemes\/"},{"@type":"ListItem","position":3,"name":"\u00c9missions de gaz d\u2019\u00e9chappement et fum\u00e9e"}]},{"@type":"WebSite","@id":"https:\/\/c38a2c2a6e.nxcli.io\/fr\/#website","url":"https:\/\/c38a2c2a6e.nxcli.io\/fr\/","name":"STP France","description":"Science. Technology. Performance","potentialAction":[{"@type":"SearchAction","target":{"@type":"EntryPoint","urlTemplate":"https:\/\/c38a2c2a6e.nxcli.io\/fr\/?s={search_term_string}"},"query-input":{"@type":"PropertyValueSpecification","valueRequired":true,"valueName":"search_term_string"}}],"inLanguage":"en-US"}]}},"_links":{"self":[{"href":"https:\/\/stp.com\/fr\/wp-json\/wp\/v2\/pages\/5924","targetHints":{"allow":["GET"]}}],"collection":[{"href":"https:\/\/stp.com\/fr\/wp-json\/wp\/v2\/pages"}],"about":[{"href":"https:\/\/stp.com\/fr\/wp-json\/wp\/v2\/types\/page"}],"author":[{"embeddable":true,"href":"https:\/\/stp.com\/fr\/wp-json\/wp\/v2\/users\/1"}],"replies":[{"embeddable":true,"href":"https:\/\/stp.com\/fr\/wp-json\/wp\/v2\/comments?post=5924"}],"version-history":[{"count":13,"href":"https:\/\/stp.com\/fr\/wp-json\/wp\/v2\/pages\/5924\/revisions"}],"predecessor-version":[{"id":8297,"href":"https:\/\/stp.com\/fr\/wp-json\/wp\/v2\/pages\/5924\/revisions\/8297"}],"up":[{"embeddable":true,"href":"https:\/\/stp.com\/fr\/wp-json\/wp\/v2\/pages\/416"}],"wp:attachment":[{"href":"https:\/\/stp.com\/fr\/wp-json\/wp\/v2\/media?parent=5924"}],"curies":[{"name":"wp","href":"https:\/\/api.w.org\/{rel}","templated":true}]}}