{"id":5845,"date":"2025-04-04T19:12:11","date_gmt":"2025-04-04T13:42:11","guid":{"rendered":"https:\/\/c38a2c2a6e.nxcli.io\/fr\/?page_id=5845"},"modified":"2025-05-14T11:43:55","modified_gmt":"2025-05-14T06:13:55","slug":"entretien-de-vehicule-a-kilometrage-eleve","status":"publish","type":"page","link":"https:\/\/stp.com\/fr\/solutionneur-de-problemes\/entretien-de-vehicule-a-kilometrage-eleve\/","title":{"rendered":"Entretien de v\u00e9hicule \u00e0 kilom\u00e9trage \u00e9lev\u00e9"},"content":{"rendered":"\t\t<div data-elementor-type=\"wp-page\" data-elementor-id=\"5845\" class=\"elementor elementor-5845\" data-elementor-post-type=\"page\">\n\t\t\t\t<div class=\"elementor-element elementor-element-a190730 e-flex e-con-boxed e-con e-parent\" data-id=\"a190730\" data-element_type=\"container\" data-e-type=\"container\" data-settings=\"{&quot;background_background&quot;:&quot;classic&quot;}\">\n\t\t\t\t\t<div class=\"e-con-inner\">\n\t\t\t\t<div class=\"elementor-element elementor-element-346e2a9 breadcrumb elementor-widget elementor-widget-breadcrumbs\" data-id=\"346e2a9\" data-element_type=\"widget\" data-e-type=\"widget\" data-widget_type=\"breadcrumbs.default\">\n\t\t\t\t<div class=\"elementor-widget-container\">\n\t\t\t\t\t<p id=\"breadcrumbs\"><span><span><a href=\"https:\/\/stp.com\/fr\/\">Home<\/a><\/span><\/span><\/p>\t\t\t\t<\/div>\n\t\t\t\t<\/div>\n\t\t<div class=\"elementor-element elementor-element-947a200 e-con-full e-flex e-con e-child\" data-id=\"947a200\" data-element_type=\"container\" data-e-type=\"container\">\n\t\t<div class=\"elementor-element elementor-element-2508f10 e-con-full product__head e-flex e-con e-child\" data-id=\"2508f10\" data-element_type=\"container\" data-e-type=\"container\">\n\t\t\t\t<\/div>\n\t\t\t\t<\/div>\n\t\t\t\t\t<\/div>\n\t\t\t\t<\/div>\n\t\t<div class=\"elementor-element elementor-element-891ac39 top-red-border e-flex e-con-boxed e-con e-parent\" data-id=\"891ac39\" data-element_type=\"container\" data-e-type=\"container\" data-settings=\"{&quot;background_background&quot;:&quot;classic&quot;}\">\n\t\t\t\t\t<div class=\"e-con-inner\">\n\t\t<div class=\"elementor-element elementor-element-e69f560 e-con-full e-flex e-con e-child\" data-id=\"e69f560\" data-element_type=\"container\" data-e-type=\"container\">\n\t\t\t\t<div class=\"elementor-element elementor-element-132f48f elementor-position-right elementor-vertical-align-middle image-text-section elementor-widget elementor-widget-image-box\" data-id=\"132f48f\" data-element_type=\"widget\" data-e-type=\"widget\" data-widget_type=\"image-box.default\">\n\t\t\t\t<div class=\"elementor-widget-container\">\n\t\t\t\t\t<div class=\"elementor-image-box-wrapper\"><figure class=\"elementor-image-box-img\"><img fetchpriority=\"high\" decoding=\"async\" width=\"2560\" height=\"1450\" src=\"https:\/\/stpcdnimage.imgix.net\/wp-content\/uploads\/sites\/12\/2025\/04\/HighMilageCrop-scaled-1.avif\" class=\"attachment-full size-full wp-image-5848\" alt=\"\" \/><\/figure><div class=\"elementor-image-box-content\"><p class=\"elementor-image-box-description\">Votre voiture approche-t-elle ou a-t-elle d\u00e9pass\u00e9 les 120 000 km ? Si c\u2019est le cas, vous avez probablement remarqu\u00e9 une baisse des performances. Temps, kilom\u00e8tres et frottements internes du moteur ont un impact n\u00e9gatif. M\u00eame les joints et les joints d\u2019\u00e9tanch\u00e9it\u00e9 de votre moteur peuvent se dess\u00e9cher, ce qui provoque des fuites. Un entretien ad\u00e9quat permet d\u2019\u00e9viter ces probl\u00e8mes et d\u2019assurer la long\u00e9vit\u00e9 de votre voiture.\n\n<\/p><\/div><\/div>\t\t\t\t<\/div>\n\t\t\t\t<\/div>\n\t\t\t\t<\/div>\n\t\t\t\t\t<\/div>\n\t\t\t\t<\/div>\n\t\t<div class=\"elementor-element elementor-element-6d2c96e prod-related-container e-flex e-con-boxed e-con e-child\" data-id=\"6d2c96e\" data-element_type=\"container\" data-e-type=\"container\" data-settings=\"{&quot;background_background&quot;:&quot;classic&quot;}\">\n\t\t\t\t\t<div class=\"e-con-inner\">\n\t\t\t\t<div class=\"elementor-element elementor-element-308944a arm__product-related elementor-widget elementor-widget-shortcode\" data-id=\"308944a\" data-element_type=\"widget\" data-e-type=\"widget\" data-widget_type=\"shortcode.default\">\n\t\t\t\t<div class=\"elementor-widget-container\">\n\t\t\t\t\t\t\t<div class=\"elementor-shortcode\"><\/div>\n\t\t\t\t\t\t<\/div>\n\t\t\t\t<\/div>\n\t\t\t\t\t<\/div>\n\t\t\t\t<\/div>\n\t\t\t\t<\/div>\n\t\t","protected":false},"excerpt":{"rendered":"<p>Votre voiture approche-t-elle ou a-t-elle d\u00e9pass\u00e9 les 120 000 km ? Si c\u2019est le cas, vous avez probablement remarqu\u00e9 une baisse des performances. Temps, kilom\u00e8tres et frottements internes du moteur ont un impact n\u00e9gatif. M\u00eame les joints et les joints d\u2019\u00e9tanch\u00e9it\u00e9 de votre moteur peuvent se dess\u00e9cher, ce qui provoque des fuites. Un entretien ad\u00e9quat [&hellip;]<\/p>\n","protected":false},"author":1,"featured_media":0,"parent":416,"menu_order":0,"comment_status":"closed","ping_status":"closed","template":"","meta":{"_acf_changed":false,"footnotes":""},"class_list":["post-5845","page","type-page","status-publish","hentry"],"acf":[],"yoast_head":"<!-- This site is optimized with the Yoast SEO plugin v27.4 - https:\/\/yoast.com\/product\/yoast-seo-wordpress\/ -->\n<title>Entretien de v\u00e9hicule \u00e0 kilom\u00e9trage \u00e9lev\u00e9 - STP France<\/title>\n<meta name=\"robots\" content=\"index, follow, max-snippet:-1, max-image-preview:large, max-video-preview:-1\" \/>\n<link rel=\"canonical\" href=\"https:\/\/stp.com\/fr\/solutionneur-de-problemes\/entretien-de-vehicule-a-kilometrage-eleve\/\" \/>\n<meta property=\"og:locale\" content=\"en_US\" \/>\n<meta property=\"og:type\" content=\"article\" \/>\n<meta property=\"og:title\" content=\"Entretien de v\u00e9hicule \u00e0 kilom\u00e9trage \u00e9lev\u00e9 - STP France\" \/>\n<meta property=\"og:description\" content=\"Votre voiture approche-t-elle ou a-t-elle d\u00e9pass\u00e9 les 120 000 km ? Si c\u2019est le cas, vous avez probablement remarqu\u00e9 une baisse des performances. Temps, kilom\u00e8tres et frottements internes du moteur ont un impact n\u00e9gatif. M\u00eame les joints et les joints d\u2019\u00e9tanch\u00e9it\u00e9 de votre moteur peuvent se dess\u00e9cher, ce qui provoque des fuites. Un entretien ad\u00e9quat [&hellip;]\" \/>\n<meta property=\"og:url\" content=\"https:\/\/stp.com\/fr\/solutionneur-de-problemes\/entretien-de-vehicule-a-kilometrage-eleve\/\" \/>\n<meta property=\"og:site_name\" content=\"STP France\" \/>\n<meta property=\"article:modified_time\" content=\"2025-05-14T06:13:55+00:00\" \/>\n<meta property=\"og:image\" content=\"https:\/\/stp.com\/fr\/wp-content\/uploads\/sites\/12\/2025\/04\/HighMilageCrop-scaled-1.avif\" \/>\n<meta name=\"twitter:card\" content=\"summary_large_image\" \/>\n<meta name=\"twitter:label1\" content=\"Est. reading time\" \/>\n\t<meta name=\"twitter:data1\" content=\"1 minute\" \/>\n<script type=\"application\/ld+json\" class=\"yoast-schema-graph\">{\"@context\":\"https:\\\/\\\/schema.org\",\"@graph\":[{\"@type\":\"WebPage\",\"@id\":\"https:\\\/\\\/stp.com\\\/fr\\\/solutionneur-de-problemes\\\/entretien-de-vehicule-a-kilometrage-eleve\\\/\",\"url\":\"https:\\\/\\\/stp.com\\\/fr\\\/solutionneur-de-problemes\\\/entretien-de-vehicule-a-kilometrage-eleve\\\/\",\"name\":\"Entretien de v\u00e9hicule \u00e0 kilom\u00e9trage \u00e9lev\u00e9 - STP France\",\"isPartOf\":{\"@id\":\"https:\\\/\\\/c38a2c2a6e.nxcli.io\\\/fr\\\/#website\"},\"primaryImageOfPage\":{\"@id\":\"https:\\\/\\\/stp.com\\\/fr\\\/solutionneur-de-problemes\\\/entretien-de-vehicule-a-kilometrage-eleve\\\/#primaryimage\"},\"image\":{\"@id\":\"https:\\\/\\\/stp.com\\\/fr\\\/solutionneur-de-problemes\\\/entretien-de-vehicule-a-kilometrage-eleve\\\/#primaryimage\"},\"thumbnailUrl\":\"https:\\\/\\\/stp.com\\\/fr\\\/wp-content\\\/uploads\\\/sites\\\/12\\\/2025\\\/04\\\/HighMilageCrop-scaled-1.avif\",\"datePublished\":\"2025-04-04T13:42:11+00:00\",\"dateModified\":\"2025-05-14T06:13:55+00:00\",\"breadcrumb\":{\"@id\":\"https:\\\/\\\/stp.com\\\/fr\\\/solutionneur-de-problemes\\\/entretien-de-vehicule-a-kilometrage-eleve\\\/#breadcrumb\"},\"inLanguage\":\"en-US\",\"potentialAction\":[{\"@type\":\"ReadAction\",\"target\":[\"https:\\\/\\\/stp.com\\\/fr\\\/solutionneur-de-problemes\\\/entretien-de-vehicule-a-kilometrage-eleve\\\/\"]}]},{\"@type\":\"ImageObject\",\"inLanguage\":\"en-US\",\"@id\":\"https:\\\/\\\/stp.com\\\/fr\\\/solutionneur-de-problemes\\\/entretien-de-vehicule-a-kilometrage-eleve\\\/#primaryimage\",\"url\":\"https:\\\/\\\/stpcdnimage.imgix.net\\\/wp-content\\\/uploads\\\/sites\\\/12\\\/2025\\\/04\\\/HighMilageCrop-scaled-1.avif\",\"contentUrl\":\"https:\\\/\\\/stpcdnimage.imgix.net\\\/wp-content\\\/uploads\\\/sites\\\/12\\\/2025\\\/04\\\/HighMilageCrop-scaled-1.avif\",\"width\":2560,\"height\":1450},{\"@type\":\"BreadcrumbList\",\"@id\":\"https:\\\/\\\/stp.com\\\/fr\\\/solutionneur-de-problemes\\\/entretien-de-vehicule-a-kilometrage-eleve\\\/#breadcrumb\",\"itemListElement\":[{\"@type\":\"ListItem\",\"position\":1,\"name\":\"Home\",\"item\":\"https:\\\/\\\/stp.com\\\/fr\\\/\"},{\"@type\":\"ListItem\",\"position\":2,\"name\":\"Solutionneur de probl\u00e8mes\",\"item\":\"https:\\\/\\\/stp.com\\\/fr\\\/solutionneur-de-problemes\\\/\"},{\"@type\":\"ListItem\",\"position\":3,\"name\":\"Entretien de v\u00e9hicule \u00e0 kilom\u00e9trage \u00e9lev\u00e9\"}]},{\"@type\":\"WebSite\",\"@id\":\"https:\\\/\\\/c38a2c2a6e.nxcli.io\\\/fr\\\/#website\",\"url\":\"https:\\\/\\\/c38a2c2a6e.nxcli.io\\\/fr\\\/\",\"name\":\"STP France\",\"description\":\"Science. Technology. Performance\",\"potentialAction\":[{\"@type\":\"SearchAction\",\"target\":{\"@type\":\"EntryPoint\",\"urlTemplate\":\"https:\\\/\\\/c38a2c2a6e.nxcli.io\\\/fr\\\/?s={search_term_string}\"},\"query-input\":{\"@type\":\"PropertyValueSpecification\",\"valueRequired\":true,\"valueName\":\"search_term_string\"}}],\"inLanguage\":\"en-US\"}]}<\/script>\n<!-- \/ Yoast SEO plugin. -->","yoast_head_json":{"title":"Entretien de v\u00e9hicule \u00e0 kilom\u00e9trage \u00e9lev\u00e9 - STP France","robots":{"index":"index","follow":"follow","max-snippet":"max-snippet:-1","max-image-preview":"max-image-preview:large","max-video-preview":"max-video-preview:-1"},"canonical":"https:\/\/stp.com\/fr\/solutionneur-de-problemes\/entretien-de-vehicule-a-kilometrage-eleve\/","og_locale":"en_US","og_type":"article","og_title":"Entretien de v\u00e9hicule \u00e0 kilom\u00e9trage \u00e9lev\u00e9 - STP France","og_description":"Votre voiture approche-t-elle ou a-t-elle d\u00e9pass\u00e9 les 120 000 km ? Si c\u2019est le cas, vous avez probablement remarqu\u00e9 une baisse des performances. Temps, kilom\u00e8tres et frottements internes du moteur ont un impact n\u00e9gatif. M\u00eame les joints et les joints d\u2019\u00e9tanch\u00e9it\u00e9 de votre moteur peuvent se dess\u00e9cher, ce qui provoque des fuites. Un entretien ad\u00e9quat [&hellip;]","og_url":"https:\/\/stp.com\/fr\/solutionneur-de-problemes\/entretien-de-vehicule-a-kilometrage-eleve\/","og_site_name":"STP France","article_modified_time":"2025-05-14T06:13:55+00:00","og_image":[{"url":"https:\/\/stp.com\/fr\/wp-content\/uploads\/sites\/12\/2025\/04\/HighMilageCrop-scaled-1.avif","type":"","width":"","height":""}],"twitter_card":"summary_large_image","twitter_misc":{"Est. reading time":"1 minute"},"schema":{"@context":"https:\/\/schema.org","@graph":[{"@type":"WebPage","@id":"https:\/\/stp.com\/fr\/solutionneur-de-problemes\/entretien-de-vehicule-a-kilometrage-eleve\/","url":"https:\/\/stp.com\/fr\/solutionneur-de-problemes\/entretien-de-vehicule-a-kilometrage-eleve\/","name":"Entretien de v\u00e9hicule \u00e0 kilom\u00e9trage \u00e9lev\u00e9 - STP France","isPartOf":{"@id":"https:\/\/c38a2c2a6e.nxcli.io\/fr\/#website"},"primaryImageOfPage":{"@id":"https:\/\/stp.com\/fr\/solutionneur-de-problemes\/entretien-de-vehicule-a-kilometrage-eleve\/#primaryimage"},"image":{"@id":"https:\/\/stp.com\/fr\/solutionneur-de-problemes\/entretien-de-vehicule-a-kilometrage-eleve\/#primaryimage"},"thumbnailUrl":"https:\/\/stp.com\/fr\/wp-content\/uploads\/sites\/12\/2025\/04\/HighMilageCrop-scaled-1.avif","datePublished":"2025-04-04T13:42:11+00:00","dateModified":"2025-05-14T06:13:55+00:00","breadcrumb":{"@id":"https:\/\/stp.com\/fr\/solutionneur-de-problemes\/entretien-de-vehicule-a-kilometrage-eleve\/#breadcrumb"},"inLanguage":"en-US","potentialAction":[{"@type":"ReadAction","target":["https:\/\/stp.com\/fr\/solutionneur-de-problemes\/entretien-de-vehicule-a-kilometrage-eleve\/"]}]},{"@type":"ImageObject","inLanguage":"en-US","@id":"https:\/\/stp.com\/fr\/solutionneur-de-problemes\/entretien-de-vehicule-a-kilometrage-eleve\/#primaryimage","url":"https:\/\/stpcdnimage.imgix.net\/wp-content\/uploads\/sites\/12\/2025\/04\/HighMilageCrop-scaled-1.avif","contentUrl":"https:\/\/stpcdnimage.imgix.net\/wp-content\/uploads\/sites\/12\/2025\/04\/HighMilageCrop-scaled-1.avif","width":2560,"height":1450},{"@type":"BreadcrumbList","@id":"https:\/\/stp.com\/fr\/solutionneur-de-problemes\/entretien-de-vehicule-a-kilometrage-eleve\/#breadcrumb","itemListElement":[{"@type":"ListItem","position":1,"name":"Home","item":"https:\/\/stp.com\/fr\/"},{"@type":"ListItem","position":2,"name":"Solutionneur de probl\u00e8mes","item":"https:\/\/stp.com\/fr\/solutionneur-de-problemes\/"},{"@type":"ListItem","position":3,"name":"Entretien de v\u00e9hicule \u00e0 kilom\u00e9trage \u00e9lev\u00e9"}]},{"@type":"WebSite","@id":"https:\/\/c38a2c2a6e.nxcli.io\/fr\/#website","url":"https:\/\/c38a2c2a6e.nxcli.io\/fr\/","name":"STP France","description":"Science. Technology. Performance","potentialAction":[{"@type":"SearchAction","target":{"@type":"EntryPoint","urlTemplate":"https:\/\/c38a2c2a6e.nxcli.io\/fr\/?s={search_term_string}"},"query-input":{"@type":"PropertyValueSpecification","valueRequired":true,"valueName":"search_term_string"}}],"inLanguage":"en-US"}]}},"_links":{"self":[{"href":"https:\/\/stp.com\/fr\/wp-json\/wp\/v2\/pages\/5845","targetHints":{"allow":["GET"]}}],"collection":[{"href":"https:\/\/stp.com\/fr\/wp-json\/wp\/v2\/pages"}],"about":[{"href":"https:\/\/stp.com\/fr\/wp-json\/wp\/v2\/types\/page"}],"author":[{"embeddable":true,"href":"https:\/\/stp.com\/fr\/wp-json\/wp\/v2\/users\/1"}],"replies":[{"embeddable":true,"href":"https:\/\/stp.com\/fr\/wp-json\/wp\/v2\/comments?post=5845"}],"version-history":[{"count":21,"href":"https:\/\/stp.com\/fr\/wp-json\/wp\/v2\/pages\/5845\/revisions"}],"predecessor-version":[{"id":8322,"href":"https:\/\/stp.com\/fr\/wp-json\/wp\/v2\/pages\/5845\/revisions\/8322"}],"up":[{"embeddable":true,"href":"https:\/\/stp.com\/fr\/wp-json\/wp\/v2\/pages\/416"}],"wp:attachment":[{"href":"https:\/\/stp.com\/fr\/wp-json\/wp\/v2\/media?parent=5845"}],"curies":[{"name":"wp","href":"https:\/\/api.w.org\/{rel}","templated":true}]}}