{"id":5831,"date":"2025-04-04T19:03:14","date_gmt":"2025-04-04T13:33:14","guid":{"rendered":"https:\/\/c38a2c2a6e.nxcli.io\/fr\/?page_id=5831"},"modified":"2025-05-14T11:43:33","modified_gmt":"2025-05-14T06:13:33","slug":"perte-de-performance-et-de-puissance","status":"publish","type":"page","link":"https:\/\/stp.com\/fr\/solutionneur-de-problemes\/perte-de-performance-et-de-puissance\/","title":{"rendered":"Perte de performance et de puissance"},"content":{"rendered":"\t\t<div data-elementor-type=\"wp-page\" data-elementor-id=\"5831\" class=\"elementor elementor-5831\" data-elementor-post-type=\"page\">\n\t\t\t\t<div class=\"elementor-element elementor-element-48974f2 e-flex e-con-boxed e-con e-parent\" data-id=\"48974f2\" data-element_type=\"container\" data-e-type=\"container\" data-settings=\"{&quot;background_background&quot;:&quot;classic&quot;}\">\n\t\t\t\t\t<div class=\"e-con-inner\">\n\t\t\t\t<div class=\"elementor-element elementor-element-6128d91 breadcrumb elementor-widget elementor-widget-breadcrumbs\" data-id=\"6128d91\" data-element_type=\"widget\" data-e-type=\"widget\" data-widget_type=\"breadcrumbs.default\">\n\t\t\t\t<div class=\"elementor-widget-container\">\n\t\t\t\t\t<p id=\"breadcrumbs\"><span><span><a href=\"https:\/\/stp.com\/fr\/\">Home<\/a><\/span><\/span><\/p>\t\t\t\t<\/div>\n\t\t\t\t<\/div>\n\t\t<div class=\"elementor-element elementor-element-8815c94 e-con-full e-flex e-con e-child\" data-id=\"8815c94\" data-element_type=\"container\" data-e-type=\"container\">\n\t\t<div class=\"elementor-element elementor-element-c24dee5 e-con-full product__head e-flex e-con e-child\" data-id=\"c24dee5\" data-element_type=\"container\" data-e-type=\"container\">\n\t\t\t\t<\/div>\n\t\t\t\t<\/div>\n\t\t\t\t\t<\/div>\n\t\t\t\t<\/div>\n\t\t<div class=\"elementor-element elementor-element-4f3591f top-red-border e-flex e-con-boxed e-con e-parent\" data-id=\"4f3591f\" data-element_type=\"container\" data-e-type=\"container\" data-settings=\"{&quot;background_background&quot;:&quot;classic&quot;}\">\n\t\t\t\t\t<div class=\"e-con-inner\">\n\t\t<div class=\"elementor-element elementor-element-86313b9 e-con-full e-flex e-con e-child\" data-id=\"86313b9\" data-element_type=\"container\" data-e-type=\"container\">\n\t\t\t\t<div class=\"elementor-element elementor-element-ca7a620 elementor-position-right elementor-vertical-align-middle image-text-section elementor-widget elementor-widget-image-box\" data-id=\"ca7a620\" data-element_type=\"widget\" data-e-type=\"widget\" data-widget_type=\"image-box.default\">\n\t\t\t\t<div class=\"elementor-widget-container\">\n\t\t\t\t\t<div class=\"elementor-image-box-wrapper\"><figure class=\"elementor-image-box-img\"><img fetchpriority=\"high\" decoding=\"async\" width=\"2560\" height=\"1450\" src=\"https:\/\/stpcdnimage.imgix.net\/wp-content\/uploads\/sites\/12\/2025\/04\/Lost-Performance-scaled-1.avif\" class=\"attachment-full size-full wp-image-5841\" alt=\"\" \/><\/figure><div class=\"elementor-image-box-content\"><p class=\"elementor-image-box-description\">Les performances de votre voiture ne sont plus qu\u2019un lointain souvenir ? Est-elle difficile \u00e0 d\u00e9marrer, montre-t-elle des h\u00e9sitations ou bien cale-t-elle ? Elle fonctionnait et maintenant elle refuse de d\u00e9marrer ? L\u2019un des probl\u00e8mes les plus fr\u00e9quents est l\u2019accumulation de d\u00e9p\u00f4ts dans le syst\u00e8me d\u2019alimentation en carburant, ce qui limite le d\u00e9bit de carburant. La plupart des carburants que nous utilisons aujourd\u2019hui contiennent environ 10 % d\u2019\u00e9thanol, et les carburants m\u00e9lang\u00e9s \u00e0 l\u2019\u00e9thanol peuvent cr\u00e9er des d\u00e9p\u00f4ts qui obstruent le syst\u00e8me d\u2019alimentation en carburant.\n\n<\/p><\/div><\/div>\t\t\t\t<\/div>\n\t\t\t\t<\/div>\n\t\t\t\t<\/div>\n\t\t\t\t\t<\/div>\n\t\t\t\t<\/div>\n\t\t<div class=\"elementor-element elementor-element-15789b6 prod-related-container e-flex e-con-boxed e-con e-child\" data-id=\"15789b6\" data-element_type=\"container\" data-e-type=\"container\" data-settings=\"{&quot;background_background&quot;:&quot;classic&quot;}\">\n\t\t\t\t\t<div class=\"e-con-inner\">\n\t\t\t\t<div class=\"elementor-element elementor-element-c9d9376 arm__product-related elementor-widget elementor-widget-shortcode\" data-id=\"c9d9376\" data-element_type=\"widget\" data-e-type=\"widget\" data-widget_type=\"shortcode.default\">\n\t\t\t\t<div class=\"elementor-widget-container\">\n\t\t\t\t\t\t\t<div class=\"elementor-shortcode\">\t<div class=\"product_related\">\n\t\t\t\t\t<div class=\"section-intro section-intro--left\" id=\"anchor-intro-block_\">\n\n\t\t\t\t\t<div class=\"section-intro__content\" id=\"anchor-intro-content_\">\n\t\t\t\t\t\t<div role=\"doc-subtitle\">Entretenez votre v\u00e9hicule avec :\n<\/div>\n\t\t\t\t\t<\/div>\n\n\t\t\t\t<div class=\"section-intro__button\">\n\t\t\t\t\t\t\t\t\t<\/div>\n\t\t\t<\/div>\n\t\t\t\t<div class=\"building-block\">\n\t\t\t<div class=\"slider slider--listing\" role=\"region\" aria-roledescription=\"carousel\" aria-label=\"Featured product carousel\" data-items-0=\"1\" data-items-500=\"2\" data-items-900=\"3\" data-items-1200=\"4\" data-autoplay=\"false\">\n\t\t\t\t<div class=\"slider__controls\">\n\t\t\t\t\t\t\t\t\t\t\t\t\t\t<\/div>\n\t\t\t\t<div class=\"slider__wrapper\">\n\t\t\t\t\t<ul class=\"slider__panels\" id=\"slider-123\" class=\"carousel-items\" aria-live=\"polite\">\n\t\t\t\t\t\t \t\t\t\t\t\t\t<li class=\"slider__panel\" aria-hidden=\"false\" tabindex=\"-1\" aria-label=\"Slide 1 of 1\">\n\t\t\t\t\t\t\t\t <div class=\"grid grid-cols-4 grid-gutter-md\">\n\t\t\t\t\t\t\t\t\t\t\t\t\t\t\t\t\t\t\t<div class=\"card card--product\">\n\t\t\t\t\t\t\t\t\t\t\t<div class=\"card__image card__image--has-rollover\">\n\t\t\t\t\t\t\t\t\t\t\t\t<img decoding=\"async\" src=\"https:\/\/stpcdnimage.imgix.net\/global-media\/wp-content\/uploads\/sites\/6\/product-images\/E303199500_01.png\"  alt=\"Ultra Produit Nettoyant Pour Circuit De Carburant \u2013 Essence Image 1\" class=\"\" width=\"250\" height=\"250\" \/>\n\t\t\t\t\t\t\t\t\t\t\t\t<div class=\"btn btn--solid rollover\">View Product<\/div>\n\t\t\t\t\t\t\t\t\t\t\t<\/div>\n\t\t\t\t\t\t\t\t\t\t\t<div class=\"card__pretitle\"><span class=\"card__category\">Additifs pour carburant<\/span><\/div>\n\t\t\t\t\t\t\t\t\t\t\t\t<h3 class=\"h3\"><a href=\"https:\/\/stp.com\/fr\/product\/ultra-produit-nettoyant-pour-circuit-de-carburant-essence\/\" class=\"cover-link card__link\">Ultra Produit Nettoyant Pour Circuit De Carburant \u2013 Essence<\/a><\/h3>\n\t\t\t\t\t\t\t\t\t\t<\/div>\n\t\t\t\t\t\t\t\t\t\t\t\t\t\t\t\t\t\t\t<div class=\"card card--product\">\n\t\t\t\t\t\t\t\t\t\t\t<div class=\"card__image card__image--has-rollover\">\n\t\t\t\t\t\t\t\t\t\t\t\t<img decoding=\"async\" src=\"https:\/\/stpcdnimage.imgix.net\/global-media\/wp-content\/uploads\/sites\/6\/product-images\/E303199700_01.png\"  alt=\"Nettoyant Ultra 5-en-1 Pour Circuit de Carburant Diesel Image 1\" class=\"\" width=\"250\" height=\"250\" \/>\n\t\t\t\t\t\t\t\t\t\t\t\t<div class=\"btn btn--solid rollover\">View Product<\/div>\n\t\t\t\t\t\t\t\t\t\t\t<\/div>\n\t\t\t\t\t\t\t\t\t\t\t<div class=\"card__pretitle\"><span class=\"card__category\">Additifs pour carburant<\/span><\/div>\n\t\t\t\t\t\t\t\t\t\t\t\t<h3 class=\"h3\"><a href=\"https:\/\/stp.com\/fr\/product\/nettoyant-ultra-5-en-1-pour-circuit-de-carburant-diesel\/\" class=\"cover-link card__link\">Nettoyant Ultra 5-en-1 Pour Circuit de Carburant Diesel<\/a><\/h3>\n\t\t\t\t\t\t\t\t\t\t<\/div>\n\t\t\t\t\t\t\t\t\t\t\t\t\t\t\t\t\t\t\t<div class=\"card card--product\">\n\t\t\t\t\t\t\t\t\t\t\t<div class=\"card__image card__image--has-rollover\">\n\t\t\t\t\t\t\t\t\t\t\t\t<img loading=\"lazy\" decoding=\"async\" src=\"https:\/\/stpcdnimage.imgix.net\/global-media\/wp-content\/uploads\/sites\/6\/product-images\/E301994300_01.png\"  alt=\"Nettoyant Complet du Syst\u00e8me D\u2019Alimentation Essence Image 1\" class=\"\" width=\"250\" height=\"250\" \/>\n\t\t\t\t\t\t\t\t\t\t\t\t<div class=\"btn btn--solid rollover\">View Product<\/div>\n\t\t\t\t\t\t\t\t\t\t\t<\/div>\n\t\t\t\t\t\t\t\t\t\t\t<div class=\"card__pretitle\"><span class=\"card__category\">Additifs pour carburant<\/span><\/div>\n\t\t\t\t\t\t\t\t\t\t\t\t<h3 class=\"h3\"><a href=\"https:\/\/stp.com\/fr\/product\/nettoyant-complet-du-systeme-dalimentation-essence\/\" class=\"cover-link card__link\">Nettoyant Complet du Syst\u00e8me D\u2019Alimentation Essence<\/a><\/h3>\n\t\t\t\t\t\t\t\t\t\t<\/div>\n\t\t\t\t\t\t\t\t\t\t\t\t\t\t\t\t\t\t\t<div class=\"card card--product\">\n\t\t\t\t\t\t\t\t\t\t\t<div class=\"card__image card__image--has-rollover\">\n\t\t\t\t\t\t\t\t\t\t\t\t<img loading=\"lazy\" decoding=\"async\" src=\"https:\/\/stpcdnimage.imgix.net\/global-media\/wp-content\/uploads\/sites\/6\/product-images\/E302008600_01.png\"  alt=\"Nettoyant Complet du Syst\u00e8me D\u2019Alimentation Diesel Image 1\" class=\"\" width=\"250\" height=\"250\" \/>\n\t\t\t\t\t\t\t\t\t\t\t\t<div class=\"btn btn--solid rollover\">View Product<\/div>\n\t\t\t\t\t\t\t\t\t\t\t<\/div>\n\t\t\t\t\t\t\t\t\t\t\t<div class=\"card__pretitle\"><span class=\"card__category\">Additifs pour carburant<\/span><\/div>\n\t\t\t\t\t\t\t\t\t\t\t\t<h3 class=\"h3\"><a href=\"https:\/\/stp.com\/fr\/product\/nettoyant-complet-du-systeme-dalimentation-diesel\/\" class=\"cover-link card__link\">Nettoyant Complet du Syst\u00e8me D\u2019Alimentation Diesel<\/a><\/h3>\n\t\t\t\t\t\t\t\t\t\t<\/div>\n\t\t\t\t\t\t\t\t\t\t\t\t\t\t\t\t\t<\/div>\n\t\t\t\t\t\t\t<\/li>\n\t\t\t\t\t\t\t\t\t\t\t<\/ul>\n\t\t\t\t<\/div>\n\t\t\t\t<div class=\"slider__nav\">\n\t\t\t\t\t\t\t\t\t\t<\/div>\n\t\t\t<\/div>\n\t\t<\/div>\n\t<\/div>\n<\/div>\n\t\t\t\t\t\t<\/div>\n\t\t\t\t<\/div>\n\t\t\t\t\t<\/div>\n\t\t\t\t<\/div>\n\t\t\t\t<\/div>\n\t\t","protected":false},"excerpt":{"rendered":"<p>Les performances de votre voiture ne sont plus qu\u2019un lointain souvenir ? Est-elle difficile \u00e0 d\u00e9marrer, montre-t-elle des h\u00e9sitations ou bien cale-t-elle ? Elle fonctionnait et maintenant elle refuse de d\u00e9marrer ? L\u2019un des probl\u00e8mes les plus fr\u00e9quents est l\u2019accumulation de d\u00e9p\u00f4ts dans le syst\u00e8me d\u2019alimentation en carburant, ce qui limite le d\u00e9bit de carburant. [&hellip;]<\/p>\n","protected":false},"author":1,"featured_media":0,"parent":416,"menu_order":0,"comment_status":"closed","ping_status":"closed","template":"","meta":{"_acf_changed":false,"footnotes":""},"class_list":["post-5831","page","type-page","status-publish","hentry"],"acf":[],"yoast_head":"<!-- This site is optimized with the Yoast SEO plugin v27.4 - https:\/\/yoast.com\/product\/yoast-seo-wordpress\/ -->\n<title>Perte de performance et de puissance - STP France<\/title>\n<meta name=\"robots\" content=\"index, follow, max-snippet:-1, max-image-preview:large, max-video-preview:-1\" \/>\n<link rel=\"canonical\" href=\"https:\/\/stp.com\/fr\/solutionneur-de-problemes\/perte-de-performance-et-de-puissance\/\" \/>\n<meta property=\"og:locale\" content=\"en_US\" \/>\n<meta property=\"og:type\" content=\"article\" \/>\n<meta property=\"og:title\" content=\"Perte de performance et de puissance - STP France\" \/>\n<meta property=\"og:description\" content=\"Les performances de votre voiture ne sont plus qu\u2019un lointain souvenir ? Est-elle difficile \u00e0 d\u00e9marrer, montre-t-elle des h\u00e9sitations ou bien cale-t-elle ? Elle fonctionnait et maintenant elle refuse de d\u00e9marrer ? L\u2019un des probl\u00e8mes les plus fr\u00e9quents est l\u2019accumulation de d\u00e9p\u00f4ts dans le syst\u00e8me d\u2019alimentation en carburant, ce qui limite le d\u00e9bit de carburant. [&hellip;]\" \/>\n<meta property=\"og:url\" content=\"https:\/\/stp.com\/fr\/solutionneur-de-problemes\/perte-de-performance-et-de-puissance\/\" \/>\n<meta property=\"og:site_name\" content=\"STP France\" \/>\n<meta property=\"article:modified_time\" content=\"2025-05-14T06:13:33+00:00\" \/>\n<meta property=\"og:image\" content=\"https:\/\/stp.com\/fr\/wp-content\/uploads\/sites\/12\/2025\/04\/Lost-Performance-scaled-1.avif\" \/>\n<meta name=\"twitter:card\" content=\"summary_large_image\" \/>\n<meta name=\"twitter:label1\" content=\"Est. reading time\" \/>\n\t<meta name=\"twitter:data1\" content=\"1 minute\" \/>\n<script type=\"application\/ld+json\" class=\"yoast-schema-graph\">{\"@context\":\"https:\\\/\\\/schema.org\",\"@graph\":[{\"@type\":\"WebPage\",\"@id\":\"https:\\\/\\\/stp.com\\\/fr\\\/solutionneur-de-problemes\\\/perte-de-performance-et-de-puissance\\\/\",\"url\":\"https:\\\/\\\/stp.com\\\/fr\\\/solutionneur-de-problemes\\\/perte-de-performance-et-de-puissance\\\/\",\"name\":\"Perte de performance et de puissance - STP France\",\"isPartOf\":{\"@id\":\"https:\\\/\\\/c38a2c2a6e.nxcli.io\\\/fr\\\/#website\"},\"primaryImageOfPage\":{\"@id\":\"https:\\\/\\\/stp.com\\\/fr\\\/solutionneur-de-problemes\\\/perte-de-performance-et-de-puissance\\\/#primaryimage\"},\"image\":{\"@id\":\"https:\\\/\\\/stp.com\\\/fr\\\/solutionneur-de-problemes\\\/perte-de-performance-et-de-puissance\\\/#primaryimage\"},\"thumbnailUrl\":\"https:\\\/\\\/stp.com\\\/fr\\\/wp-content\\\/uploads\\\/sites\\\/12\\\/2025\\\/04\\\/Lost-Performance-scaled-1.avif\",\"datePublished\":\"2025-04-04T13:33:14+00:00\",\"dateModified\":\"2025-05-14T06:13:33+00:00\",\"breadcrumb\":{\"@id\":\"https:\\\/\\\/stp.com\\\/fr\\\/solutionneur-de-problemes\\\/perte-de-performance-et-de-puissance\\\/#breadcrumb\"},\"inLanguage\":\"en-US\",\"potentialAction\":[{\"@type\":\"ReadAction\",\"target\":[\"https:\\\/\\\/stp.com\\\/fr\\\/solutionneur-de-problemes\\\/perte-de-performance-et-de-puissance\\\/\"]}]},{\"@type\":\"ImageObject\",\"inLanguage\":\"en-US\",\"@id\":\"https:\\\/\\\/stp.com\\\/fr\\\/solutionneur-de-problemes\\\/perte-de-performance-et-de-puissance\\\/#primaryimage\",\"url\":\"https:\\\/\\\/stpcdnimage.imgix.net\\\/wp-content\\\/uploads\\\/sites\\\/12\\\/2025\\\/04\\\/Lost-Performance-scaled-1.avif\",\"contentUrl\":\"https:\\\/\\\/stpcdnimage.imgix.net\\\/wp-content\\\/uploads\\\/sites\\\/12\\\/2025\\\/04\\\/Lost-Performance-scaled-1.avif\",\"width\":2560,\"height\":1450},{\"@type\":\"BreadcrumbList\",\"@id\":\"https:\\\/\\\/stp.com\\\/fr\\\/solutionneur-de-problemes\\\/perte-de-performance-et-de-puissance\\\/#breadcrumb\",\"itemListElement\":[{\"@type\":\"ListItem\",\"position\":1,\"name\":\"Home\",\"item\":\"https:\\\/\\\/stp.com\\\/fr\\\/\"},{\"@type\":\"ListItem\",\"position\":2,\"name\":\"Solutionneur de probl\u00e8mes\",\"item\":\"https:\\\/\\\/stp.com\\\/fr\\\/solutionneur-de-problemes\\\/\"},{\"@type\":\"ListItem\",\"position\":3,\"name\":\"Perte de performance et de puissance\"}]},{\"@type\":\"WebSite\",\"@id\":\"https:\\\/\\\/c38a2c2a6e.nxcli.io\\\/fr\\\/#website\",\"url\":\"https:\\\/\\\/c38a2c2a6e.nxcli.io\\\/fr\\\/\",\"name\":\"STP France\",\"description\":\"Science. Technology. Performance\",\"potentialAction\":[{\"@type\":\"SearchAction\",\"target\":{\"@type\":\"EntryPoint\",\"urlTemplate\":\"https:\\\/\\\/c38a2c2a6e.nxcli.io\\\/fr\\\/?s={search_term_string}\"},\"query-input\":{\"@type\":\"PropertyValueSpecification\",\"valueRequired\":true,\"valueName\":\"search_term_string\"}}],\"inLanguage\":\"en-US\"}]}<\/script>\n<!-- \/ Yoast SEO plugin. -->","yoast_head_json":{"title":"Perte de performance et de puissance - STP France","robots":{"index":"index","follow":"follow","max-snippet":"max-snippet:-1","max-image-preview":"max-image-preview:large","max-video-preview":"max-video-preview:-1"},"canonical":"https:\/\/stp.com\/fr\/solutionneur-de-problemes\/perte-de-performance-et-de-puissance\/","og_locale":"en_US","og_type":"article","og_title":"Perte de performance et de puissance - STP France","og_description":"Les performances de votre voiture ne sont plus qu\u2019un lointain souvenir ? Est-elle difficile \u00e0 d\u00e9marrer, montre-t-elle des h\u00e9sitations ou bien cale-t-elle ? Elle fonctionnait et maintenant elle refuse de d\u00e9marrer ? L\u2019un des probl\u00e8mes les plus fr\u00e9quents est l\u2019accumulation de d\u00e9p\u00f4ts dans le syst\u00e8me d\u2019alimentation en carburant, ce qui limite le d\u00e9bit de carburant. [&hellip;]","og_url":"https:\/\/stp.com\/fr\/solutionneur-de-problemes\/perte-de-performance-et-de-puissance\/","og_site_name":"STP France","article_modified_time":"2025-05-14T06:13:33+00:00","og_image":[{"url":"https:\/\/stp.com\/fr\/wp-content\/uploads\/sites\/12\/2025\/04\/Lost-Performance-scaled-1.avif","type":"","width":"","height":""}],"twitter_card":"summary_large_image","twitter_misc":{"Est. reading time":"1 minute"},"schema":{"@context":"https:\/\/schema.org","@graph":[{"@type":"WebPage","@id":"https:\/\/stp.com\/fr\/solutionneur-de-problemes\/perte-de-performance-et-de-puissance\/","url":"https:\/\/stp.com\/fr\/solutionneur-de-problemes\/perte-de-performance-et-de-puissance\/","name":"Perte de performance et de puissance - STP France","isPartOf":{"@id":"https:\/\/c38a2c2a6e.nxcli.io\/fr\/#website"},"primaryImageOfPage":{"@id":"https:\/\/stp.com\/fr\/solutionneur-de-problemes\/perte-de-performance-et-de-puissance\/#primaryimage"},"image":{"@id":"https:\/\/stp.com\/fr\/solutionneur-de-problemes\/perte-de-performance-et-de-puissance\/#primaryimage"},"thumbnailUrl":"https:\/\/stp.com\/fr\/wp-content\/uploads\/sites\/12\/2025\/04\/Lost-Performance-scaled-1.avif","datePublished":"2025-04-04T13:33:14+00:00","dateModified":"2025-05-14T06:13:33+00:00","breadcrumb":{"@id":"https:\/\/stp.com\/fr\/solutionneur-de-problemes\/perte-de-performance-et-de-puissance\/#breadcrumb"},"inLanguage":"en-US","potentialAction":[{"@type":"ReadAction","target":["https:\/\/stp.com\/fr\/solutionneur-de-problemes\/perte-de-performance-et-de-puissance\/"]}]},{"@type":"ImageObject","inLanguage":"en-US","@id":"https:\/\/stp.com\/fr\/solutionneur-de-problemes\/perte-de-performance-et-de-puissance\/#primaryimage","url":"https:\/\/stpcdnimage.imgix.net\/wp-content\/uploads\/sites\/12\/2025\/04\/Lost-Performance-scaled-1.avif","contentUrl":"https:\/\/stpcdnimage.imgix.net\/wp-content\/uploads\/sites\/12\/2025\/04\/Lost-Performance-scaled-1.avif","width":2560,"height":1450},{"@type":"BreadcrumbList","@id":"https:\/\/stp.com\/fr\/solutionneur-de-problemes\/perte-de-performance-et-de-puissance\/#breadcrumb","itemListElement":[{"@type":"ListItem","position":1,"name":"Home","item":"https:\/\/stp.com\/fr\/"},{"@type":"ListItem","position":2,"name":"Solutionneur de probl\u00e8mes","item":"https:\/\/stp.com\/fr\/solutionneur-de-problemes\/"},{"@type":"ListItem","position":3,"name":"Perte de performance et de puissance"}]},{"@type":"WebSite","@id":"https:\/\/c38a2c2a6e.nxcli.io\/fr\/#website","url":"https:\/\/c38a2c2a6e.nxcli.io\/fr\/","name":"STP France","description":"Science. Technology. Performance","potentialAction":[{"@type":"SearchAction","target":{"@type":"EntryPoint","urlTemplate":"https:\/\/c38a2c2a6e.nxcli.io\/fr\/?s={search_term_string}"},"query-input":{"@type":"PropertyValueSpecification","valueRequired":true,"valueName":"search_term_string"}}],"inLanguage":"en-US"}]}},"_links":{"self":[{"href":"https:\/\/stp.com\/fr\/wp-json\/wp\/v2\/pages\/5831","targetHints":{"allow":["GET"]}}],"collection":[{"href":"https:\/\/stp.com\/fr\/wp-json\/wp\/v2\/pages"}],"about":[{"href":"https:\/\/stp.com\/fr\/wp-json\/wp\/v2\/types\/page"}],"author":[{"embeddable":true,"href":"https:\/\/stp.com\/fr\/wp-json\/wp\/v2\/users\/1"}],"replies":[{"embeddable":true,"href":"https:\/\/stp.com\/fr\/wp-json\/wp\/v2\/comments?post=5831"}],"version-history":[{"count":16,"href":"https:\/\/stp.com\/fr\/wp-json\/wp\/v2\/pages\/5831\/revisions"}],"predecessor-version":[{"id":8319,"href":"https:\/\/stp.com\/fr\/wp-json\/wp\/v2\/pages\/5831\/revisions\/8319"}],"up":[{"embeddable":true,"href":"https:\/\/stp.com\/fr\/wp-json\/wp\/v2\/pages\/416"}],"wp:attachment":[{"href":"https:\/\/stp.com\/fr\/wp-json\/wp\/v2\/media?parent=5831"}],"curies":[{"name":"wp","href":"https:\/\/api.w.org\/{rel}","templated":true}]}}