{"id":5723,"date":"2025-04-04T18:16:17","date_gmt":"2025-04-04T12:46:17","guid":{"rendered":"https:\/\/c38a2c2a6e.nxcli.io\/fr\/?page_id=5723"},"modified":"2025-05-14T11:43:15","modified_gmt":"2025-05-14T06:13:15","slug":"reduction-de-la-consommation-de-carburant","status":"publish","type":"page","link":"https:\/\/stp.com\/fr\/solutionneur-de-problemes\/reduction-de-la-consommation-de-carburant\/","title":{"rendered":"R\u00e9duction de la consommation de carburant"},"content":{"rendered":"\t\t<div data-elementor-type=\"wp-page\" data-elementor-id=\"5723\" class=\"elementor elementor-5723\" data-elementor-post-type=\"page\">\n\t\t\t\t<div class=\"elementor-element elementor-element-28253c3 e-flex e-con-boxed e-con e-parent\" data-id=\"28253c3\" data-element_type=\"container\" data-e-type=\"container\" data-settings=\"{&quot;background_background&quot;:&quot;classic&quot;}\">\n\t\t\t\t\t<div class=\"e-con-inner\">\n\t\t\t\t<div class=\"elementor-element elementor-element-5be1243 breadcrumb elementor-widget elementor-widget-breadcrumbs\" data-id=\"5be1243\" data-element_type=\"widget\" data-e-type=\"widget\" data-widget_type=\"breadcrumbs.default\">\n\t\t\t\t<div class=\"elementor-widget-container\">\n\t\t\t\t\t<p id=\"breadcrumbs\"><span><span><a href=\"https:\/\/stp.com\/fr\/\">Home<\/a><\/span><\/span><\/p>\t\t\t\t<\/div>\n\t\t\t\t<\/div>\n\t\t<div class=\"elementor-element elementor-element-5603004 e-con-full e-flex e-con e-child\" data-id=\"5603004\" data-element_type=\"container\" data-e-type=\"container\">\n\t\t<div class=\"elementor-element elementor-element-8d4e670 e-con-full product__head e-flex e-con e-child\" data-id=\"8d4e670\" data-element_type=\"container\" data-e-type=\"container\">\n\t\t\t\t<\/div>\n\t\t\t\t<\/div>\n\t\t\t\t\t<\/div>\n\t\t\t\t<\/div>\n\t\t<div class=\"elementor-element elementor-element-9625b2d top-red-border e-flex e-con-boxed e-con e-parent\" data-id=\"9625b2d\" data-element_type=\"container\" data-e-type=\"container\" data-settings=\"{&quot;background_background&quot;:&quot;classic&quot;}\">\n\t\t\t\t\t<div class=\"e-con-inner\">\n\t\t<div class=\"elementor-element elementor-element-47c4e22 e-con-full e-flex e-con e-child\" data-id=\"47c4e22\" data-element_type=\"container\" data-e-type=\"container\">\n\t\t\t\t<div class=\"elementor-element elementor-element-222d99d elementor-position-right elementor-vertical-align-middle image-text-section elementor-widget elementor-widget-image-box\" data-id=\"222d99d\" data-element_type=\"widget\" data-e-type=\"widget\" data-widget_type=\"image-box.default\">\n\t\t\t\t<div class=\"elementor-widget-container\">\n\t\t\t\t\t<div class=\"elementor-image-box-wrapper\"><figure class=\"elementor-image-box-img\"><img fetchpriority=\"high\" decoding=\"async\" width=\"1920\" height=\"1080\" src=\"https:\/\/stpcdnimage.imgix.net\/wp-content\/uploads\/sites\/12\/2025\/05\/Lost-Performance-Photo-11-resized-1.avif\" class=\"attachment-full size-full wp-image-7821\" alt=\"\" \/><\/figure><div class=\"elementor-image-box-content\"><p class=\"elementor-image-box-description\">Vous vous demandez pourquoi votre voiture consomme plus qu\u2019avant ? Des d\u00e9p\u00f4ts peuvent obstruer votre syst\u00e8me d\u2019admission de carburant. Ces d\u00e9p\u00f4ts font que votre moteur \u00ab travaille plus dur \u00bb pour obtenir du carburant, ce qui nuit aux performances et \u00e0 la consommation de carburant. Am\u00e9liorez votre consommation d\u2019essence avec nos produits ci-dessous, y compris les traitements et les nettoyants.\n\n<\/p><\/div><\/div>\t\t\t\t<\/div>\n\t\t\t\t<\/div>\n\t\t\t\t<\/div>\n\t\t\t\t\t<\/div>\n\t\t\t\t<\/div>\n\t\t<div class=\"elementor-element elementor-element-5957ba8 prod-related-container e-flex e-con-boxed e-con e-child\" data-id=\"5957ba8\" data-element_type=\"container\" data-e-type=\"container\" data-settings=\"{&quot;background_background&quot;:&quot;classic&quot;}\">\n\t\t\t\t\t<div class=\"e-con-inner\">\n\t\t\t\t<div class=\"elementor-element elementor-element-b010249 arm__product-related elementor-widget elementor-widget-shortcode\" data-id=\"b010249\" data-element_type=\"widget\" data-e-type=\"widget\" data-widget_type=\"shortcode.default\">\n\t\t\t\t<div class=\"elementor-widget-container\">\n\t\t\t\t\t\t\t<div class=\"elementor-shortcode\">\t<div class=\"product_related\">\n\t\t\t\t\t<div class=\"section-intro section-intro--left\" id=\"anchor-intro-block_\">\n\n\t\t\t\t\t<div class=\"section-intro__content\" id=\"anchor-intro-content_\">\n\t\t\t\t\t\t<div role=\"doc-subtitle\">Am\u00e9liorez la qualit\u00e9 de l'essence avec :\n<\/div>\n\t\t\t\t\t<\/div>\n\n\t\t\t\t<div class=\"section-intro__button\">\n\t\t\t\t\t\t\t\t\t<\/div>\n\t\t\t<\/div>\n\t\t\t\t<div class=\"building-block\">\n\t\t\t<div class=\"slider slider--listing\" role=\"region\" aria-roledescription=\"carousel\" aria-label=\"Featured product carousel\" data-items-0=\"1\" data-items-500=\"2\" data-items-900=\"3\" data-items-1200=\"4\" data-autoplay=\"false\">\n\t\t\t\t<div class=\"slider__controls\">\n\t\t\t\t\t\t\t\t\t\t\t\t\t\t<\/div>\n\t\t\t\t<div class=\"slider__wrapper\">\n\t\t\t\t\t<ul class=\"slider__panels\" id=\"slider-123\" class=\"carousel-items\" aria-live=\"polite\">\n\t\t\t\t\t\t \t\t\t\t\t\t\t<li class=\"slider__panel\" aria-hidden=\"false\" tabindex=\"-1\" aria-label=\"Slide 1 of 1\">\n\t\t\t\t\t\t\t\t <div class=\"grid grid-cols-4 grid-gutter-md\">\n\t\t\t\t\t\t\t\t\t\t\t\t\t\t\t\t\t\t\t<div class=\"card card--product\">\n\t\t\t\t\t\t\t\t\t\t\t<div class=\"card__image card__image--has-rollover\">\n\t\t\t\t\t\t\t\t\t\t\t\t<img decoding=\"async\" src=\"https:\/\/stpcdnimage.imgix.net\/global-media\/wp-content\/uploads\/sites\/6\/product-images\/E301994300_01.png\"  alt=\"Nettoyant Complet du Syst\u00e8me D\u2019Alimentation Essence Image 1\" class=\"\" width=\"250\" height=\"250\" \/>\n\t\t\t\t\t\t\t\t\t\t\t\t<div class=\"btn btn--solid rollover\">View Product<\/div>\n\t\t\t\t\t\t\t\t\t\t\t<\/div>\n\t\t\t\t\t\t\t\t\t\t\t<div class=\"card__pretitle\"><span class=\"card__category\">Additifs pour carburant<\/span><\/div>\n\t\t\t\t\t\t\t\t\t\t\t\t<h3 class=\"h3\"><a href=\"https:\/\/stp.com\/fr\/product\/nettoyant-complet-du-systeme-dalimentation-essence\/\" class=\"cover-link card__link\">Nettoyant Complet du Syst\u00e8me D\u2019Alimentation Essence<\/a><\/h3>\n\t\t\t\t\t\t\t\t\t\t<\/div>\n\t\t\t\t\t\t\t\t\t\t\t\t\t\t\t\t\t\t\t<div class=\"card card--product\">\n\t\t\t\t\t\t\t\t\t\t\t<div class=\"card__image card__image--has-rollover\">\n\t\t\t\t\t\t\t\t\t\t\t\t<img decoding=\"async\" src=\"https:\/\/stpcdnimage.imgix.net\/global-media\/wp-content\/uploads\/sites\/6\/product-images\/E302008600_01.png\"  alt=\"Nettoyant Complet du Syst\u00e8me D\u2019Alimentation Diesel Image 1\" class=\"\" width=\"250\" height=\"250\" \/>\n\t\t\t\t\t\t\t\t\t\t\t\t<div class=\"btn btn--solid rollover\">View Product<\/div>\n\t\t\t\t\t\t\t\t\t\t\t<\/div>\n\t\t\t\t\t\t\t\t\t\t\t<div class=\"card__pretitle\"><span class=\"card__category\">Additifs pour carburant<\/span><\/div>\n\t\t\t\t\t\t\t\t\t\t\t\t<h3 class=\"h3\"><a href=\"https:\/\/stp.com\/fr\/product\/nettoyant-complet-du-systeme-dalimentation-diesel\/\" class=\"cover-link card__link\">Nettoyant Complet du Syst\u00e8me D\u2019Alimentation Diesel<\/a><\/h3>\n\t\t\t\t\t\t\t\t\t\t<\/div>\n\t\t\t\t\t\t\t\t\t\t\t\t\t\t\t\t\t\t\t<div class=\"card card--product\">\n\t\t\t\t\t\t\t\t\t\t\t<div class=\"card__image card__image--has-rollover\">\n\t\t\t\t\t\t\t\t\t\t\t\t<img loading=\"lazy\" decoding=\"async\" src=\"https:\/\/stpcdnimage.imgix.net\/global-media\/wp-content\/uploads\/sites\/6\/product-images\/E303199500_01.png\"  alt=\"Ultra Produit Nettoyant Pour Circuit De Carburant \u2013 Essence Image 1\" class=\"\" width=\"250\" height=\"250\" \/>\n\t\t\t\t\t\t\t\t\t\t\t\t<div class=\"btn btn--solid rollover\">View Product<\/div>\n\t\t\t\t\t\t\t\t\t\t\t<\/div>\n\t\t\t\t\t\t\t\t\t\t\t<div class=\"card__pretitle\"><span class=\"card__category\">Additifs pour carburant<\/span><\/div>\n\t\t\t\t\t\t\t\t\t\t\t\t<h3 class=\"h3\"><a href=\"https:\/\/stp.com\/fr\/product\/ultra-produit-nettoyant-pour-circuit-de-carburant-essence\/\" class=\"cover-link card__link\">Ultra Produit Nettoyant Pour Circuit De Carburant \u2013 Essence<\/a><\/h3>\n\t\t\t\t\t\t\t\t\t\t<\/div>\n\t\t\t\t\t\t\t\t\t\t\t\t\t\t\t\t\t\t\t<div class=\"card card--product\">\n\t\t\t\t\t\t\t\t\t\t\t<div class=\"card__image card__image--has-rollover\">\n\t\t\t\t\t\t\t\t\t\t\t\t<img loading=\"lazy\" decoding=\"async\" src=\"https:\/\/stpcdnimage.imgix.net\/global-media\/wp-content\/uploads\/sites\/6\/product-images\/E303199700_01.png\"  alt=\"Nettoyant Ultra 5-en-1 Pour Circuit de Carburant Diesel Image 1\" class=\"\" width=\"250\" height=\"250\" \/>\n\t\t\t\t\t\t\t\t\t\t\t\t<div class=\"btn btn--solid rollover\">View Product<\/div>\n\t\t\t\t\t\t\t\t\t\t\t<\/div>\n\t\t\t\t\t\t\t\t\t\t\t<div class=\"card__pretitle\"><span class=\"card__category\">Additifs pour carburant<\/span><\/div>\n\t\t\t\t\t\t\t\t\t\t\t\t<h3 class=\"h3\"><a href=\"https:\/\/stp.com\/fr\/product\/nettoyant-ultra-5-en-1-pour-circuit-de-carburant-diesel\/\" class=\"cover-link card__link\">Nettoyant Ultra 5-en-1 Pour Circuit de Carburant Diesel<\/a><\/h3>\n\t\t\t\t\t\t\t\t\t\t<\/div>\n\t\t\t\t\t\t\t\t\t\t\t\t\t\t\t\t\t<\/div>\n\t\t\t\t\t\t\t<\/li>\n\t\t\t\t\t\t\t\t\t\t\t<\/ul>\n\t\t\t\t<\/div>\n\t\t\t\t<div class=\"slider__nav\">\n\t\t\t\t\t\t\t\t\t\t<\/div>\n\t\t\t<\/div>\n\t\t<\/div>\n\t<\/div>\n<\/div>\n\t\t\t\t\t\t<\/div>\n\t\t\t\t<\/div>\n\t\t\t\t\t<\/div>\n\t\t\t\t<\/div>\n\t\t\t\t<\/div>\n\t\t","protected":false},"excerpt":{"rendered":"<p>Vous vous demandez pourquoi votre voiture consomme plus qu\u2019avant ? Des d\u00e9p\u00f4ts peuvent obstruer votre syst\u00e8me d\u2019admission de carburant. Ces d\u00e9p\u00f4ts font que votre moteur \u00ab travaille plus dur \u00bb pour obtenir du carburant, ce qui nuit aux performances et \u00e0 la consommation de carburant. Am\u00e9liorez votre consommation d\u2019essence avec nos produits ci-dessous, y compris [&hellip;]<\/p>\n","protected":false},"author":1,"featured_media":7821,"parent":416,"menu_order":0,"comment_status":"closed","ping_status":"closed","template":"","meta":{"_acf_changed":false,"footnotes":""},"class_list":["post-5723","page","type-page","status-publish","has-post-thumbnail","hentry"],"acf":[],"yoast_head":"<!-- This site is optimized with the Yoast SEO plugin v27.4 - https:\/\/yoast.com\/product\/yoast-seo-wordpress\/ -->\n<title>R\u00e9duction de la consommation de carburant - STP France<\/title>\n<meta name=\"robots\" content=\"index, follow, max-snippet:-1, max-image-preview:large, max-video-preview:-1\" \/>\n<link rel=\"canonical\" href=\"https:\/\/stp.com\/fr\/solutionneur-de-problemes\/reduction-de-la-consommation-de-carburant\/\" \/>\n<meta property=\"og:locale\" content=\"en_US\" \/>\n<meta property=\"og:type\" content=\"article\" \/>\n<meta property=\"og:title\" content=\"R\u00e9duction de la consommation de carburant - STP France\" \/>\n<meta property=\"og:description\" content=\"Vous vous demandez pourquoi votre voiture consomme plus qu\u2019avant ? Des d\u00e9p\u00f4ts peuvent obstruer votre syst\u00e8me d\u2019admission de carburant. Ces d\u00e9p\u00f4ts font que votre moteur \u00ab travaille plus dur \u00bb pour obtenir du carburant, ce qui nuit aux performances et \u00e0 la consommation de carburant. Am\u00e9liorez votre consommation d\u2019essence avec nos produits ci-dessous, y compris [&hellip;]\" \/>\n<meta property=\"og:url\" content=\"https:\/\/stp.com\/fr\/solutionneur-de-problemes\/reduction-de-la-consommation-de-carburant\/\" \/>\n<meta property=\"og:site_name\" content=\"STP France\" \/>\n<meta property=\"article:modified_time\" content=\"2025-05-14T06:13:15+00:00\" \/>\n<meta name=\"twitter:card\" content=\"summary_large_image\" \/>\n<meta name=\"twitter:label1\" content=\"Est. reading time\" \/>\n\t<meta name=\"twitter:data1\" content=\"1 minute\" \/>\n<script type=\"application\/ld+json\" class=\"yoast-schema-graph\">{\"@context\":\"https:\\\/\\\/schema.org\",\"@graph\":[{\"@type\":\"WebPage\",\"@id\":\"https:\\\/\\\/stp.com\\\/fr\\\/solutionneur-de-problemes\\\/reduction-de-la-consommation-de-carburant\\\/\",\"url\":\"https:\\\/\\\/stp.com\\\/fr\\\/solutionneur-de-problemes\\\/reduction-de-la-consommation-de-carburant\\\/\",\"name\":\"R\u00e9duction de la consommation de carburant - STP France\",\"isPartOf\":{\"@id\":\"https:\\\/\\\/c38a2c2a6e.nxcli.io\\\/fr\\\/#website\"},\"primaryImageOfPage\":{\"@id\":\"https:\\\/\\\/stp.com\\\/fr\\\/solutionneur-de-problemes\\\/reduction-de-la-consommation-de-carburant\\\/#primaryimage\"},\"image\":{\"@id\":\"https:\\\/\\\/stp.com\\\/fr\\\/solutionneur-de-problemes\\\/reduction-de-la-consommation-de-carburant\\\/#primaryimage\"},\"thumbnailUrl\":\"https:\\\/\\\/stpcdnimage.imgix.net\\\/wp-content\\\/uploads\\\/sites\\\/12\\\/2025\\\/05\\\/Lost-Performance-Photo-11-resized-1.avif\",\"datePublished\":\"2025-04-04T12:46:17+00:00\",\"dateModified\":\"2025-05-14T06:13:15+00:00\",\"breadcrumb\":{\"@id\":\"https:\\\/\\\/stp.com\\\/fr\\\/solutionneur-de-problemes\\\/reduction-de-la-consommation-de-carburant\\\/#breadcrumb\"},\"inLanguage\":\"en-US\",\"potentialAction\":[{\"@type\":\"ReadAction\",\"target\":[\"https:\\\/\\\/stp.com\\\/fr\\\/solutionneur-de-problemes\\\/reduction-de-la-consommation-de-carburant\\\/\"]}]},{\"@type\":\"ImageObject\",\"inLanguage\":\"en-US\",\"@id\":\"https:\\\/\\\/stp.com\\\/fr\\\/solutionneur-de-problemes\\\/reduction-de-la-consommation-de-carburant\\\/#primaryimage\",\"url\":\"https:\\\/\\\/stpcdnimage.imgix.net\\\/wp-content\\\/uploads\\\/sites\\\/12\\\/2025\\\/05\\\/Lost-Performance-Photo-11-resized-1.avif\",\"contentUrl\":\"https:\\\/\\\/stpcdnimage.imgix.net\\\/wp-content\\\/uploads\\\/sites\\\/12\\\/2025\\\/05\\\/Lost-Performance-Photo-11-resized-1.avif\",\"width\":1920,\"height\":1080},{\"@type\":\"BreadcrumbList\",\"@id\":\"https:\\\/\\\/stp.com\\\/fr\\\/solutionneur-de-problemes\\\/reduction-de-la-consommation-de-carburant\\\/#breadcrumb\",\"itemListElement\":[{\"@type\":\"ListItem\",\"position\":1,\"name\":\"Home\",\"item\":\"https:\\\/\\\/stp.com\\\/fr\\\/\"},{\"@type\":\"ListItem\",\"position\":2,\"name\":\"Solutionneur de probl\u00e8mes\",\"item\":\"https:\\\/\\\/stp.com\\\/fr\\\/solutionneur-de-problemes\\\/\"},{\"@type\":\"ListItem\",\"position\":3,\"name\":\"R\u00e9duction de la consommation de carburant\"}]},{\"@type\":\"WebSite\",\"@id\":\"https:\\\/\\\/c38a2c2a6e.nxcli.io\\\/fr\\\/#website\",\"url\":\"https:\\\/\\\/c38a2c2a6e.nxcli.io\\\/fr\\\/\",\"name\":\"STP France\",\"description\":\"Science. Technology. Performance\",\"potentialAction\":[{\"@type\":\"SearchAction\",\"target\":{\"@type\":\"EntryPoint\",\"urlTemplate\":\"https:\\\/\\\/c38a2c2a6e.nxcli.io\\\/fr\\\/?s={search_term_string}\"},\"query-input\":{\"@type\":\"PropertyValueSpecification\",\"valueRequired\":true,\"valueName\":\"search_term_string\"}}],\"inLanguage\":\"en-US\"}]}<\/script>\n<!-- \/ Yoast SEO plugin. -->","yoast_head_json":{"title":"R\u00e9duction de la consommation de carburant - STP France","robots":{"index":"index","follow":"follow","max-snippet":"max-snippet:-1","max-image-preview":"max-image-preview:large","max-video-preview":"max-video-preview:-1"},"canonical":"https:\/\/stp.com\/fr\/solutionneur-de-problemes\/reduction-de-la-consommation-de-carburant\/","og_locale":"en_US","og_type":"article","og_title":"R\u00e9duction de la consommation de carburant - STP France","og_description":"Vous vous demandez pourquoi votre voiture consomme plus qu\u2019avant ? Des d\u00e9p\u00f4ts peuvent obstruer votre syst\u00e8me d\u2019admission de carburant. Ces d\u00e9p\u00f4ts font que votre moteur \u00ab travaille plus dur \u00bb pour obtenir du carburant, ce qui nuit aux performances et \u00e0 la consommation de carburant. Am\u00e9liorez votre consommation d\u2019essence avec nos produits ci-dessous, y compris [&hellip;]","og_url":"https:\/\/stp.com\/fr\/solutionneur-de-problemes\/reduction-de-la-consommation-de-carburant\/","og_site_name":"STP France","article_modified_time":"2025-05-14T06:13:15+00:00","twitter_card":"summary_large_image","twitter_misc":{"Est. reading time":"1 minute"},"schema":{"@context":"https:\/\/schema.org","@graph":[{"@type":"WebPage","@id":"https:\/\/stp.com\/fr\/solutionneur-de-problemes\/reduction-de-la-consommation-de-carburant\/","url":"https:\/\/stp.com\/fr\/solutionneur-de-problemes\/reduction-de-la-consommation-de-carburant\/","name":"R\u00e9duction de la consommation de carburant - STP France","isPartOf":{"@id":"https:\/\/c38a2c2a6e.nxcli.io\/fr\/#website"},"primaryImageOfPage":{"@id":"https:\/\/stp.com\/fr\/solutionneur-de-problemes\/reduction-de-la-consommation-de-carburant\/#primaryimage"},"image":{"@id":"https:\/\/stp.com\/fr\/solutionneur-de-problemes\/reduction-de-la-consommation-de-carburant\/#primaryimage"},"thumbnailUrl":"https:\/\/stpcdnimage.imgix.net\/wp-content\/uploads\/sites\/12\/2025\/05\/Lost-Performance-Photo-11-resized-1.avif","datePublished":"2025-04-04T12:46:17+00:00","dateModified":"2025-05-14T06:13:15+00:00","breadcrumb":{"@id":"https:\/\/stp.com\/fr\/solutionneur-de-problemes\/reduction-de-la-consommation-de-carburant\/#breadcrumb"},"inLanguage":"en-US","potentialAction":[{"@type":"ReadAction","target":["https:\/\/stp.com\/fr\/solutionneur-de-problemes\/reduction-de-la-consommation-de-carburant\/"]}]},{"@type":"ImageObject","inLanguage":"en-US","@id":"https:\/\/stp.com\/fr\/solutionneur-de-problemes\/reduction-de-la-consommation-de-carburant\/#primaryimage","url":"https:\/\/stpcdnimage.imgix.net\/wp-content\/uploads\/sites\/12\/2025\/05\/Lost-Performance-Photo-11-resized-1.avif","contentUrl":"https:\/\/stpcdnimage.imgix.net\/wp-content\/uploads\/sites\/12\/2025\/05\/Lost-Performance-Photo-11-resized-1.avif","width":1920,"height":1080},{"@type":"BreadcrumbList","@id":"https:\/\/stp.com\/fr\/solutionneur-de-problemes\/reduction-de-la-consommation-de-carburant\/#breadcrumb","itemListElement":[{"@type":"ListItem","position":1,"name":"Home","item":"https:\/\/stp.com\/fr\/"},{"@type":"ListItem","position":2,"name":"Solutionneur de probl\u00e8mes","item":"https:\/\/stp.com\/fr\/solutionneur-de-problemes\/"},{"@type":"ListItem","position":3,"name":"R\u00e9duction de la consommation de carburant"}]},{"@type":"WebSite","@id":"https:\/\/c38a2c2a6e.nxcli.io\/fr\/#website","url":"https:\/\/c38a2c2a6e.nxcli.io\/fr\/","name":"STP France","description":"Science. Technology. Performance","potentialAction":[{"@type":"SearchAction","target":{"@type":"EntryPoint","urlTemplate":"https:\/\/c38a2c2a6e.nxcli.io\/fr\/?s={search_term_string}"},"query-input":{"@type":"PropertyValueSpecification","valueRequired":true,"valueName":"search_term_string"}}],"inLanguage":"en-US"}]}},"_links":{"self":[{"href":"https:\/\/stp.com\/fr\/wp-json\/wp\/v2\/pages\/5723","targetHints":{"allow":["GET"]}}],"collection":[{"href":"https:\/\/stp.com\/fr\/wp-json\/wp\/v2\/pages"}],"about":[{"href":"https:\/\/stp.com\/fr\/wp-json\/wp\/v2\/types\/page"}],"author":[{"embeddable":true,"href":"https:\/\/stp.com\/fr\/wp-json\/wp\/v2\/users\/1"}],"replies":[{"embeddable":true,"href":"https:\/\/stp.com\/fr\/wp-json\/wp\/v2\/comments?post=5723"}],"version-history":[{"count":40,"href":"https:\/\/stp.com\/fr\/wp-json\/wp\/v2\/pages\/5723\/revisions"}],"predecessor-version":[{"id":8316,"href":"https:\/\/stp.com\/fr\/wp-json\/wp\/v2\/pages\/5723\/revisions\/8316"}],"up":[{"embeddable":true,"href":"https:\/\/stp.com\/fr\/wp-json\/wp\/v2\/pages\/416"}],"wp:featuredmedia":[{"embeddable":true,"href":"https:\/\/stp.com\/fr\/wp-json\/wp\/v2\/media\/7821"}],"wp:attachment":[{"href":"https:\/\/stp.com\/fr\/wp-json\/wp\/v2\/media?parent=5723"}],"curies":[{"name":"wp","href":"https:\/\/api.w.org\/{rel}","templated":true}]}}