{"id":5006,"date":"2025-04-03T17:56:27","date_gmt":"2025-04-03T12:26:27","guid":{"rendered":"https:\/\/c38a2c2a6e.nxcli.io\/fr\/?page_id=5006"},"modified":"2025-06-21T17:06:21","modified_gmt":"2025-06-21T11:36:21","slug":"liquide-de-frein-et-de-direction-assistee-faqs","status":"publish","type":"page","link":"https:\/\/stp.com\/fr\/conseils-dentretien\/faqs\/liquide-de-frein-et-de-direction-assistee-faqs\/","title":{"rendered":"Liquide de frein et de direction assist\u00e9e"},"content":{"rendered":"\t\t<div data-elementor-type=\"wp-page\" data-elementor-id=\"5006\" class=\"elementor elementor-5006\" data-elementor-post-type=\"page\">\n\t\t\t\t<div class=\"elementor-element elementor-element-59ad9d4 e-flex e-con-boxed e-con e-parent\" data-id=\"59ad9d4\" data-element_type=\"container\" data-e-type=\"container\" data-settings=\"{&quot;background_background&quot;:&quot;classic&quot;}\">\n\t\t\t\t\t<div class=\"e-con-inner\">\n\t\t\t\t<div class=\"elementor-element elementor-element-1e212b7 breadcrumb elementor-widget elementor-widget-breadcrumbs\" data-id=\"1e212b7\" data-element_type=\"widget\" data-e-type=\"widget\" data-widget_type=\"breadcrumbs.default\">\n\t\t\t\t<div class=\"elementor-widget-container\">\n\t\t\t\t\t<p id=\"breadcrumbs\"><span><span><a href=\"https:\/\/stp.com\/fr\/\">Home<\/a><\/span><\/span><\/p>\t\t\t\t<\/div>\n\t\t\t\t<\/div>\n\t\t<div class=\"elementor-element elementor-element-4c70f01 e-con-full e-flex e-con e-child\" data-id=\"4c70f01\" data-element_type=\"container\" data-e-type=\"container\">\n\t\t<div class=\"elementor-element elementor-element-2b17daf e-con-full product__head e-flex e-con e-child\" data-id=\"2b17daf\" data-element_type=\"container\" data-e-type=\"container\">\n\t\t\t\t<\/div>\n\t\t\t\t<\/div>\n\t\t\t\t\t<\/div>\n\t\t\t\t<\/div>\n\t\t<div class=\"elementor-element elementor-element-eb37871 top-red-border e-flex e-con-boxed e-con e-parent\" data-id=\"eb37871\" data-element_type=\"container\" data-e-type=\"container\" data-settings=\"{&quot;background_background&quot;:&quot;classic&quot;}\">\n\t\t\t\t\t<div class=\"e-con-inner\">\n\t\t\t\t<div class=\"elementor-element elementor-element-55e93ab faqs-accordian elementor-widget elementor-widget-n-accordion\" data-id=\"55e93ab\" data-element_type=\"widget\" data-e-type=\"widget\" data-settings=\"{&quot;default_state&quot;:&quot;all_collapsed&quot;,&quot;n_accordion_animation_duration&quot;:{&quot;unit&quot;:&quot;ms&quot;,&quot;size&quot;:300,&quot;sizes&quot;:[]},&quot;max_items_expended&quot;:&quot;one&quot;}\" data-widget_type=\"nested-accordion.default\">\n\t\t\t\t<div class=\"elementor-widget-container\">\n\t\t\t\t\t\t\t<div class=\"e-n-accordion\" aria-label=\"Accordion. Open links with Enter or Space, close with Escape, and navigate with Arrow Keys\">\n\t\t\t\t\t\t<details id=\"e-n-accordion-item-9000\" class=\"e-n-accordion-item\" >\n\t\t\t\t<summary class=\"e-n-accordion-item-title\" data-accordion-index=\"1\" tabindex=\"0\" aria-expanded=\"false\" aria-controls=\"e-n-accordion-item-9000\" >\n\t\t\t\t\t<span class='e-n-accordion-item-title-header'><h3 class=\"e-n-accordion-item-title-text\"> Qu'est-ce que le liquide de frein ? <\/h3><\/span>\n\t\t\t\t\t\t\t<span class='e-n-accordion-item-title-icon'>\n\t\t\t<span class='e-opened' ><svg aria-hidden=\"true\" class=\"e-font-icon-svg e-fas-arrow-up\" viewBox=\"0 0 448 512\" xmlns=\"http:\/\/www.w3.org\/2000\/svg\"><path d=\"M34.9 289.5l-22.2-22.2c-9.4-9.4-9.4-24.6 0-33.9L207 39c9.4-9.4 24.6-9.4 33.9 0l194.3 194.3c9.4 9.4 9.4 24.6 0 33.9L413 289.4c-9.5 9.5-25 9.3-34.3-.4L264 168.6V456c0 13.3-10.7 24-24 24h-32c-13.3 0-24-10.7-24-24V168.6L69.2 289.1c-9.3 9.8-24.8 10-34.3.4z\"><\/path><\/svg><\/span>\n\t\t\t<span class='e-closed'><svg aria-hidden=\"true\" class=\"e-font-icon-svg e-fas-arrow-down\" viewBox=\"0 0 448 512\" xmlns=\"http:\/\/www.w3.org\/2000\/svg\"><path d=\"M413.1 222.5l22.2 22.2c9.4 9.4 9.4 24.6 0 33.9L241 473c-9.4 9.4-24.6 9.4-33.9 0L12.7 278.6c-9.4-9.4-9.4-24.6 0-33.9l22.2-22.2c9.5-9.5 25-9.3 34.3.4L184 343.4V56c0-13.3 10.7-24 24-24h32c13.3 0 24 10.7 24 24v287.4l114.8-120.5c9.3-9.8 24.8-10 34.3-.4z\"><\/path><\/svg><\/span>\n\t\t<\/span>\n\n\t\t\t\t\t\t<\/summary>\n\t\t\t\t<div role=\"region\" aria-labelledby=\"e-n-accordion-item-9000\" class=\"elementor-element elementor-element-080f127 e-con-full e-flex e-con e-child\" data-id=\"080f127\" data-element_type=\"container\" data-e-type=\"container\">\n\t\t\t\t<div class=\"elementor-element elementor-element-6036682 elementor-widget elementor-widget-text-editor\" data-id=\"6036682\" data-element_type=\"widget\" data-e-type=\"widget\" data-widget_type=\"text-editor.default\">\n\t\t\t\t<div class=\"elementor-widget-container\">\n\t\t\t\t\t\t\t\t\t<p>Le liquide de frein est principalement un \u00e9ther de glycol avec un package d\u2019inhibiteurs de corrosion. L\u2019\u00e9ther de glycol doit \u00eatre stable (c\u2019est-\u00e0-dire ne pas bouillir) lorsqu\u2019il est soumis \u00e0 la chaleur g\u00e9n\u00e9r\u00e9e au niveau des rotors de frein \u2013 l\u2019inhibiteur de corrosion emp\u00eache la corrosion dans le syst\u00e8me. Les inhibiteurs de corrosion s\u2019\u00e9puisent avec le temps ; il faut donc les surveiller. La plupart des constructeurs automobiles recommandent de changer le liquide tous les deux ans mais nous vous recommandons de consulter votre manuel du propri\u00e9taire pour confirmer.<\/p>\t\t\t\t\t\t\t\t<\/div>\n\t\t\t\t<\/div>\n\t\t\t\t<\/div>\n\t\t\t\t\t<\/details>\n\t\t\t\t\t\t<details id=\"e-n-accordion-item-9001\" class=\"e-n-accordion-item\" >\n\t\t\t\t<summary class=\"e-n-accordion-item-title\" data-accordion-index=\"2\" tabindex=\"-1\" aria-expanded=\"false\" aria-controls=\"e-n-accordion-item-9001\" >\n\t\t\t\t\t<span class='e-n-accordion-item-title-header'><h3 class=\"e-n-accordion-item-title-text\"> Pourquoi ai-je besoin de liquide de frein ? <\/h3><\/span>\n\t\t\t\t\t\t\t<span class='e-n-accordion-item-title-icon'>\n\t\t\t<span class='e-opened' ><svg aria-hidden=\"true\" class=\"e-font-icon-svg e-fas-arrow-up\" viewBox=\"0 0 448 512\" xmlns=\"http:\/\/www.w3.org\/2000\/svg\"><path d=\"M34.9 289.5l-22.2-22.2c-9.4-9.4-9.4-24.6 0-33.9L207 39c9.4-9.4 24.6-9.4 33.9 0l194.3 194.3c9.4 9.4 9.4 24.6 0 33.9L413 289.4c-9.5 9.5-25 9.3-34.3-.4L264 168.6V456c0 13.3-10.7 24-24 24h-32c-13.3 0-24-10.7-24-24V168.6L69.2 289.1c-9.3 9.8-24.8 10-34.3.4z\"><\/path><\/svg><\/span>\n\t\t\t<span class='e-closed'><svg aria-hidden=\"true\" class=\"e-font-icon-svg e-fas-arrow-down\" viewBox=\"0 0 448 512\" xmlns=\"http:\/\/www.w3.org\/2000\/svg\"><path d=\"M413.1 222.5l22.2 22.2c9.4 9.4 9.4 24.6 0 33.9L241 473c-9.4 9.4-24.6 9.4-33.9 0L12.7 278.6c-9.4-9.4-9.4-24.6 0-33.9l22.2-22.2c9.5-9.5 25-9.3 34.3.4L184 343.4V56c0-13.3 10.7-24 24-24h32c13.3 0 24 10.7 24 24v287.4l114.8-120.5c9.3-9.8 24.8-10 34.3-.4z\"><\/path><\/svg><\/span>\n\t\t<\/span>\n\n\t\t\t\t\t\t<\/summary>\n\t\t\t\t<div role=\"region\" aria-labelledby=\"e-n-accordion-item-9001\" class=\"elementor-element elementor-element-1806a48 e-con-full e-flex e-con e-child\" data-id=\"1806a48\" data-element_type=\"container\" data-e-type=\"container\">\n\t\t\t\t<div class=\"elementor-element elementor-element-771aa9c elementor-widget elementor-widget-text-editor\" data-id=\"771aa9c\" data-element_type=\"widget\" data-e-type=\"widget\" data-widget_type=\"text-editor.default\">\n\t\t\t\t<div class=\"elementor-widget-container\">\n\t\t\t\t\t\t\t\t\t<p>Le syst\u00e8me de freinage a besoin de ce liquide pour transmettre la pression aux quatre roues afin de serrer les freins. En outre, il doit avoir un point d\u2019\u00e9bullition tr\u00e8s \u00e9lev\u00e9 pour ne pas bouillir et se transformer en vapeur \u00e0 la temp\u00e9rature \u00e9lev\u00e9e \u00e0 laquelle il doit fonctionner. Lorsque les plaquettes de frein s\u2019usent, le niveau de liquide dans le r\u00e9servoir diminue. Le niveau du liquide doit \u00eatre v\u00e9rifi\u00e9 \u00e0 chaque vidange d\u2019huile et compl\u00e9t\u00e9 si n\u00e9cessaire.<\/p>\t\t\t\t\t\t\t\t<\/div>\n\t\t\t\t<\/div>\n\t\t\t\t<\/div>\n\t\t\t\t\t<\/details>\n\t\t\t\t\t\t<details id=\"e-n-accordion-item-9002\" class=\"e-n-accordion-item\" >\n\t\t\t\t<summary class=\"e-n-accordion-item-title\" data-accordion-index=\"3\" tabindex=\"-1\" aria-expanded=\"false\" aria-controls=\"e-n-accordion-item-9002\" >\n\t\t\t\t\t<span class='e-n-accordion-item-title-header'><h3 class=\"e-n-accordion-item-title-text\"> Qu'est-ce que le liquide de direction assist\u00e9e et l'Anti-Fuite Huile Moteur ? <\/h3><\/span>\n\t\t\t\t\t\t\t<span class='e-n-accordion-item-title-icon'>\n\t\t\t<span class='e-opened' ><svg aria-hidden=\"true\" class=\"e-font-icon-svg e-fas-arrow-up\" viewBox=\"0 0 448 512\" xmlns=\"http:\/\/www.w3.org\/2000\/svg\"><path d=\"M34.9 289.5l-22.2-22.2c-9.4-9.4-9.4-24.6 0-33.9L207 39c9.4-9.4 24.6-9.4 33.9 0l194.3 194.3c9.4 9.4 9.4 24.6 0 33.9L413 289.4c-9.5 9.5-25 9.3-34.3-.4L264 168.6V456c0 13.3-10.7 24-24 24h-32c-13.3 0-24-10.7-24-24V168.6L69.2 289.1c-9.3 9.8-24.8 10-34.3.4z\"><\/path><\/svg><\/span>\n\t\t\t<span class='e-closed'><svg aria-hidden=\"true\" class=\"e-font-icon-svg e-fas-arrow-down\" viewBox=\"0 0 448 512\" xmlns=\"http:\/\/www.w3.org\/2000\/svg\"><path d=\"M413.1 222.5l22.2 22.2c9.4 9.4 9.4 24.6 0 33.9L241 473c-9.4 9.4-24.6 9.4-33.9 0L12.7 278.6c-9.4-9.4-9.4-24.6 0-33.9l22.2-22.2c9.5-9.5 25-9.3 34.3.4L184 343.4V56c0-13.3 10.7-24 24-24h32c13.3 0 24 10.7 24 24v287.4l114.8-120.5c9.3-9.8 24.8-10 34.3-.4z\"><\/path><\/svg><\/span>\n\t\t<\/span>\n\n\t\t\t\t\t\t<\/summary>\n\t\t\t\t<div role=\"region\" aria-labelledby=\"e-n-accordion-item-9002\" class=\"elementor-element elementor-element-0f23623 e-con-full e-flex e-con e-child\" data-id=\"0f23623\" data-element_type=\"container\" data-e-type=\"container\">\n\t\t\t\t<div class=\"elementor-element elementor-element-91d7a2f elementor-widget elementor-widget-text-editor\" data-id=\"91d7a2f\" data-element_type=\"widget\" data-e-type=\"widget\" data-widget_type=\"text-editor.default\">\n\t\t\t\t<div class=\"elementor-widget-container\">\n\t\t\t\t\t\t\t\t\t<p>Le liquide de direction assist\u00e9e est un fluide hydraulique utilis\u00e9 pour transmettre la pression de la pompe de direction assist\u00e9e \u00e0 la cr\u00e9maill\u00e8re de direction ou au bo\u00eetier de direction (\u00e0 vis sans fin et \u00e0 secteur). Des fuites mineures peuvent entra\u00eener une baisse du niveau du liquide ; il faut donc v\u00e9rifier le niveau du liquide et faire l\u2019appoint \u00e0 chaque vidange. Si votre syst\u00e8me de direction assist\u00e9e perd du liquide en raison de joints us\u00e9s ou r\u00e9tr\u00e9cis, vous pouvez utiliser le\u00a0liquide de direction assist\u00e9e et anti-fuite STP<sup>\u00ae<\/sup><\/p>\t\t\t\t\t\t\t\t<\/div>\n\t\t\t\t<\/div>\n\t\t\t\t<\/div>\n\t\t\t\t\t<\/details>\n\t\t\t\t\t<\/div>\n\t\t\t\t\t\t<\/div>\n\t\t\t\t<\/div>\n\t\t\t\t\t<\/div>\n\t\t\t\t<\/div>\n\t\t\t\t<\/div>\n\t\t","protected":false},"excerpt":{"rendered":"<p>Qu&#8217;est-ce que le liquide de frein ? Le liquide de frein est principalement un \u00e9ther de glycol avec un package d\u2019inhibiteurs de corrosion. L\u2019\u00e9ther de glycol doit \u00eatre stable (c\u2019est-\u00e0-dire ne pas bouillir) lorsqu\u2019il est soumis \u00e0 la chaleur g\u00e9n\u00e9r\u00e9e au niveau des rotors de frein \u2013 l\u2019inhibiteur de corrosion emp\u00eache la corrosion dans le [&hellip;]<\/p>\n","protected":false},"author":1,"featured_media":0,"parent":4911,"menu_order":0,"comment_status":"closed","ping_status":"closed","template":"","meta":{"_acf_changed":false,"footnotes":""},"class_list":["post-5006","page","type-page","status-publish","hentry"],"acf":[],"yoast_head":"<!-- This site is optimized with the Yoast SEO plugin v27.4 - https:\/\/yoast.com\/product\/yoast-seo-wordpress\/ -->\n<title>Liquide de frein et de direction assist\u00e9e - STP France<\/title>\n<meta name=\"robots\" content=\"index, follow, max-snippet:-1, max-image-preview:large, max-video-preview:-1\" \/>\n<link rel=\"canonical\" href=\"https:\/\/stp.com\/fr\/conseils-dentretien\/faqs\/liquide-de-frein-et-de-direction-assistee-faqs\/\" \/>\n<meta property=\"og:locale\" content=\"en_US\" \/>\n<meta property=\"og:type\" content=\"article\" \/>\n<meta property=\"og:title\" content=\"Liquide de frein et de direction assist\u00e9e - STP France\" \/>\n<meta property=\"og:description\" content=\"Qu&#8217;est-ce que le liquide de frein ? Le liquide de frein est principalement un \u00e9ther de glycol avec un package d\u2019inhibiteurs de corrosion. L\u2019\u00e9ther de glycol doit \u00eatre stable (c\u2019est-\u00e0-dire ne pas bouillir) lorsqu\u2019il est soumis \u00e0 la chaleur g\u00e9n\u00e9r\u00e9e au niveau des rotors de frein \u2013 l\u2019inhibiteur de corrosion emp\u00eache la corrosion dans le [&hellip;]\" \/>\n<meta property=\"og:url\" content=\"https:\/\/stp.com\/fr\/conseils-dentretien\/faqs\/liquide-de-frein-et-de-direction-assistee-faqs\/\" \/>\n<meta property=\"og:site_name\" content=\"STP France\" \/>\n<meta property=\"article:modified_time\" content=\"2025-06-21T11:36:21+00:00\" \/>\n<meta name=\"twitter:card\" content=\"summary_large_image\" \/>\n<meta name=\"twitter:label1\" content=\"Est. reading time\" \/>\n\t<meta name=\"twitter:data1\" content=\"3 minutes\" \/>\n<script type=\"application\/ld+json\" class=\"yoast-schema-graph\">{\"@context\":\"https:\\\/\\\/schema.org\",\"@graph\":[{\"@type\":\"WebPage\",\"@id\":\"https:\\\/\\\/stp.com\\\/fr\\\/conseils-dentretien\\\/faqs\\\/liquide-de-frein-et-de-direction-assistee-faqs\\\/\",\"url\":\"https:\\\/\\\/stp.com\\\/fr\\\/conseils-dentretien\\\/faqs\\\/liquide-de-frein-et-de-direction-assistee-faqs\\\/\",\"name\":\"Liquide de frein et de direction assist\u00e9e - STP France\",\"isPartOf\":{\"@id\":\"https:\\\/\\\/c38a2c2a6e.nxcli.io\\\/fr\\\/#website\"},\"datePublished\":\"2025-04-03T12:26:27+00:00\",\"dateModified\":\"2025-06-21T11:36:21+00:00\",\"breadcrumb\":{\"@id\":\"https:\\\/\\\/stp.com\\\/fr\\\/conseils-dentretien\\\/faqs\\\/liquide-de-frein-et-de-direction-assistee-faqs\\\/#breadcrumb\"},\"inLanguage\":\"en-US\",\"potentialAction\":[{\"@type\":\"ReadAction\",\"target\":[\"https:\\\/\\\/stp.com\\\/fr\\\/conseils-dentretien\\\/faqs\\\/liquide-de-frein-et-de-direction-assistee-faqs\\\/\"]}]},{\"@type\":\"BreadcrumbList\",\"@id\":\"https:\\\/\\\/stp.com\\\/fr\\\/conseils-dentretien\\\/faqs\\\/liquide-de-frein-et-de-direction-assistee-faqs\\\/#breadcrumb\",\"itemListElement\":[{\"@type\":\"ListItem\",\"position\":1,\"name\":\"Home\",\"item\":\"https:\\\/\\\/stp.com\\\/fr\\\/\"},{\"@type\":\"ListItem\",\"position\":2,\"name\":\"Conseils d\u2019entretien\",\"item\":\"https:\\\/\\\/stp.com\\\/fr\\\/conseils-dentretien\\\/\"},{\"@type\":\"ListItem\",\"position\":3,\"name\":\"FAQs\",\"item\":\"https:\\\/\\\/stp.com\\\/fr\\\/conseils-dentretien\\\/faqs\\\/\"},{\"@type\":\"ListItem\",\"position\":4,\"name\":\"Liquide de frein et de direction assist\u00e9e\"}]},{\"@type\":\"WebSite\",\"@id\":\"https:\\\/\\\/c38a2c2a6e.nxcli.io\\\/fr\\\/#website\",\"url\":\"https:\\\/\\\/c38a2c2a6e.nxcli.io\\\/fr\\\/\",\"name\":\"STP France\",\"description\":\"Science. Technology. Performance\",\"potentialAction\":[{\"@type\":\"SearchAction\",\"target\":{\"@type\":\"EntryPoint\",\"urlTemplate\":\"https:\\\/\\\/c38a2c2a6e.nxcli.io\\\/fr\\\/?s={search_term_string}\"},\"query-input\":{\"@type\":\"PropertyValueSpecification\",\"valueRequired\":true,\"valueName\":\"search_term_string\"}}],\"inLanguage\":\"en-US\"}]}<\/script>\n<!-- \/ Yoast SEO plugin. -->","yoast_head_json":{"title":"Liquide de frein et de direction assist\u00e9e - STP France","robots":{"index":"index","follow":"follow","max-snippet":"max-snippet:-1","max-image-preview":"max-image-preview:large","max-video-preview":"max-video-preview:-1"},"canonical":"https:\/\/stp.com\/fr\/conseils-dentretien\/faqs\/liquide-de-frein-et-de-direction-assistee-faqs\/","og_locale":"en_US","og_type":"article","og_title":"Liquide de frein et de direction assist\u00e9e - STP France","og_description":"Qu&#8217;est-ce que le liquide de frein ? Le liquide de frein est principalement un \u00e9ther de glycol avec un package d\u2019inhibiteurs de corrosion. L\u2019\u00e9ther de glycol doit \u00eatre stable (c\u2019est-\u00e0-dire ne pas bouillir) lorsqu\u2019il est soumis \u00e0 la chaleur g\u00e9n\u00e9r\u00e9e au niveau des rotors de frein \u2013 l\u2019inhibiteur de corrosion emp\u00eache la corrosion dans le [&hellip;]","og_url":"https:\/\/stp.com\/fr\/conseils-dentretien\/faqs\/liquide-de-frein-et-de-direction-assistee-faqs\/","og_site_name":"STP France","article_modified_time":"2025-06-21T11:36:21+00:00","twitter_card":"summary_large_image","twitter_misc":{"Est. reading time":"3 minutes"},"schema":{"@context":"https:\/\/schema.org","@graph":[{"@type":"WebPage","@id":"https:\/\/stp.com\/fr\/conseils-dentretien\/faqs\/liquide-de-frein-et-de-direction-assistee-faqs\/","url":"https:\/\/stp.com\/fr\/conseils-dentretien\/faqs\/liquide-de-frein-et-de-direction-assistee-faqs\/","name":"Liquide de frein et de direction assist\u00e9e - STP France","isPartOf":{"@id":"https:\/\/c38a2c2a6e.nxcli.io\/fr\/#website"},"datePublished":"2025-04-03T12:26:27+00:00","dateModified":"2025-06-21T11:36:21+00:00","breadcrumb":{"@id":"https:\/\/stp.com\/fr\/conseils-dentretien\/faqs\/liquide-de-frein-et-de-direction-assistee-faqs\/#breadcrumb"},"inLanguage":"en-US","potentialAction":[{"@type":"ReadAction","target":["https:\/\/stp.com\/fr\/conseils-dentretien\/faqs\/liquide-de-frein-et-de-direction-assistee-faqs\/"]}]},{"@type":"BreadcrumbList","@id":"https:\/\/stp.com\/fr\/conseils-dentretien\/faqs\/liquide-de-frein-et-de-direction-assistee-faqs\/#breadcrumb","itemListElement":[{"@type":"ListItem","position":1,"name":"Home","item":"https:\/\/stp.com\/fr\/"},{"@type":"ListItem","position":2,"name":"Conseils d\u2019entretien","item":"https:\/\/stp.com\/fr\/conseils-dentretien\/"},{"@type":"ListItem","position":3,"name":"FAQs","item":"https:\/\/stp.com\/fr\/conseils-dentretien\/faqs\/"},{"@type":"ListItem","position":4,"name":"Liquide de frein et de direction assist\u00e9e"}]},{"@type":"WebSite","@id":"https:\/\/c38a2c2a6e.nxcli.io\/fr\/#website","url":"https:\/\/c38a2c2a6e.nxcli.io\/fr\/","name":"STP France","description":"Science. Technology. Performance","potentialAction":[{"@type":"SearchAction","target":{"@type":"EntryPoint","urlTemplate":"https:\/\/c38a2c2a6e.nxcli.io\/fr\/?s={search_term_string}"},"query-input":{"@type":"PropertyValueSpecification","valueRequired":true,"valueName":"search_term_string"}}],"inLanguage":"en-US"}]}},"_links":{"self":[{"href":"https:\/\/stp.com\/fr\/wp-json\/wp\/v2\/pages\/5006","targetHints":{"allow":["GET"]}}],"collection":[{"href":"https:\/\/stp.com\/fr\/wp-json\/wp\/v2\/pages"}],"about":[{"href":"https:\/\/stp.com\/fr\/wp-json\/wp\/v2\/types\/page"}],"author":[{"embeddable":true,"href":"https:\/\/stp.com\/fr\/wp-json\/wp\/v2\/users\/1"}],"replies":[{"embeddable":true,"href":"https:\/\/stp.com\/fr\/wp-json\/wp\/v2\/comments?post=5006"}],"version-history":[{"count":106,"href":"https:\/\/stp.com\/fr\/wp-json\/wp\/v2\/pages\/5006\/revisions"}],"predecessor-version":[{"id":8639,"href":"https:\/\/stp.com\/fr\/wp-json\/wp\/v2\/pages\/5006\/revisions\/8639"}],"up":[{"embeddable":true,"href":"https:\/\/stp.com\/fr\/wp-json\/wp\/v2\/pages\/4911"}],"wp:attachment":[{"href":"https:\/\/stp.com\/fr\/wp-json\/wp\/v2\/media?parent=5006"}],"curies":[{"name":"wp","href":"https:\/\/api.w.org\/{rel}","templated":true}]}}