{"id":4641,"date":"2025-04-03T12:28:30","date_gmt":"2025-04-03T06:58:30","guid":{"rendered":"https:\/\/c38a2c2a6e.nxcli.io\/fr\/?page_id=4641"},"modified":"2025-05-08T14:09:11","modified_gmt":"2025-05-08T08:39:11","slug":"histoire-de-stp","status":"publish","type":"page","link":"https:\/\/stp.com\/fr\/a-propos-de-stp\/histoire-de-stp\/","title":{"rendered":"Histoire de STP\u00ae"},"content":{"rendered":"\t\t<div data-elementor-type=\"wp-page\" data-elementor-id=\"4641\" class=\"elementor elementor-4641\" data-elementor-post-type=\"page\">\n\t\t\t\t<div class=\"elementor-element elementor-element-5e94cde e-flex e-con-boxed e-con e-parent\" data-id=\"5e94cde\" data-element_type=\"container\" data-e-type=\"container\" data-settings=\"{&quot;background_background&quot;:&quot;classic&quot;}\">\n\t\t\t\t\t<div class=\"e-con-inner\">\n\t\t\t\t<div class=\"elementor-element elementor-element-cfaea1b breadcrumb elementor-widget elementor-widget-breadcrumbs\" data-id=\"cfaea1b\" data-element_type=\"widget\" data-e-type=\"widget\" data-widget_type=\"breadcrumbs.default\">\n\t\t\t\t<div class=\"elementor-widget-container\">\n\t\t\t\t\t<p id=\"breadcrumbs\"><span><span><a href=\"https:\/\/stp.com\/fr\/\">Home<\/a><\/span><\/span><\/p>\t\t\t\t<\/div>\n\t\t\t\t<\/div>\n\t\t<div class=\"elementor-element elementor-element-9197ee0 e-con-full e-flex e-con e-child\" data-id=\"9197ee0\" data-element_type=\"container\" data-e-type=\"container\">\n\t\t<div class=\"elementor-element elementor-element-03eb06b e-con-full product__head e-flex e-con e-child\" data-id=\"03eb06b\" data-element_type=\"container\" data-e-type=\"container\">\n\t\t\t\t<div class=\"elementor-element elementor-element-cbb7f8f elementor-widget elementor-widget-text-editor\" data-id=\"cbb7f8f\" data-element_type=\"widget\" data-e-type=\"widget\" data-widget_type=\"text-editor.default\">\n\t\t\t\t<div class=\"elementor-widget-container\">\n\t\t\t\t\t\t\t\t\t<div class=\"col\"><p>En octobre 1954, trois hommes d\u2019affaires disposant d\u2019un capital de d\u00e9part de seulement 3 000 dollars pr\u00e9sentent le premier produit STP\u00ae \u00e0 St. Joseph, MO. STP\u00ae se lance avec un seul produit, Le traitement d\u2019Huile STP\u00ae. Il aide l\u2019huile de moteur automobile \u00e0 r\u00e9sister \u00e0 des temp\u00e9ratures et des pressions \u00e9lev\u00e9es.<\/p><\/div>\t\t\t\t\t\t\t\t<\/div>\n\t\t\t\t<\/div>\n\t\t\t\t<\/div>\n\t\t\t\t<\/div>\n\t\t\t\t\t<\/div>\n\t\t\t\t<\/div>\n\t\t<div class=\"elementor-element elementor-element-63146c3 top-red-border e-flex e-con-boxed e-con e-parent\" data-id=\"63146c3\" data-element_type=\"container\" data-e-type=\"container\" data-settings=\"{&quot;background_background&quot;:&quot;classic&quot;}\">\n\t\t\t\t\t<div class=\"e-con-inner\">\n\t\t<div class=\"elementor-element elementor-element-a699833 e-con-full e-flex e-con e-child\" data-id=\"a699833\" data-element_type=\"container\" data-e-type=\"container\">\n\t\t\t\t<div class=\"elementor-element elementor-element-68fb698 elementor-widget elementor-widget-heading\" data-id=\"68fb698\" data-element_type=\"widget\" data-e-type=\"widget\" data-widget_type=\"heading.default\">\n\t\t\t\t<div class=\"elementor-widget-container\">\n\t\t\t\t\t<h2 class=\"elementor-heading-title elementor-size-default\">Notre histoire : une chronologie\n<\/h2>\t\t\t\t<\/div>\n\t\t\t\t<\/div>\n\t\t\t\t<\/div>\n\t\t<div class=\"elementor-element elementor-element-24ca1e4 e-con-full e-flex e-con e-child\" data-id=\"24ca1e4\" data-element_type=\"container\" data-e-type=\"container\">\n\t\t\t\t<div class=\"elementor-element elementor-element-1933fdc elementor-position-left elementor-vertical-align-middle image-text-section left-image elementor-widget elementor-widget-image-box\" data-id=\"1933fdc\" data-element_type=\"widget\" data-e-type=\"widget\" data-widget_type=\"image-box.default\">\n\t\t\t\t<div class=\"elementor-widget-container\">\n\t\t\t\t\t<div class=\"elementor-image-box-wrapper\"><figure class=\"elementor-image-box-img\"><img fetchpriority=\"high\" decoding=\"async\" width=\"840\" height=\"548\" src=\"https:\/\/stpcdnimage.imgix.net\/wp-content\/uploads\/sites\/12\/2025\/04\/1954-edit.avif\" class=\"attachment-full size-full wp-image-4650\" alt=\"\" \/><\/figure><div class=\"elementor-image-box-content\"><h3 class=\"elementor-image-box-title\">1954<\/h3><p class=\"elementor-image-box-description\">Charles Dwight (Doc) Liggett, Jim Hill et Robert DeHart commencent \u00e0 conditionner Traitement d\u2019Huile STP\u00ae dans un garage d\u2019arri\u00e8re-cour la nuit et \u00e0 le vendre dans le coffre de leur voiture lors de voyages d\u2019affaires ou d\u2019agr\u00e9ment.\n\n<\/p><\/div><\/div>\t\t\t\t<\/div>\n\t\t\t\t<\/div>\n\t\t\t\t<div class=\"elementor-element elementor-element-3ba3c4a elementor-position-right elementor-vertical-align-middle image-text-section elementor-widget elementor-widget-image-box\" data-id=\"3ba3c4a\" data-element_type=\"widget\" data-e-type=\"widget\" data-widget_type=\"image-box.default\">\n\t\t\t\t<div class=\"elementor-widget-container\">\n\t\t\t\t\t<div class=\"elementor-image-box-wrapper\"><figure class=\"elementor-image-box-img\"><img decoding=\"async\" width=\"840\" height=\"548\" src=\"https:\/\/stpcdnimage.imgix.net\/wp-content\/uploads\/sites\/12\/2025\/04\/1960.avif\" class=\"attachment-full size-full wp-image-4651\" alt=\"\" \/><\/figure><div class=\"elementor-image-box-content\"><h3 class=\"elementor-image-box-title\">1960-1961<\/h3><p class=\"elementor-image-box-description\">La croissance et la rentabilit\u00e9 initiales de la soci\u00e9t\u00e9, li\u00e9es \u00e0 un excellent bouche \u00e0 oreille et au lien de la marque avec la course automobile, permettent \u00e0 STP\u00ae de lancer son premier traitement essence.\n<\/p><\/div><\/div>\t\t\t\t<\/div>\n\t\t\t\t<\/div>\n\t\t\t\t<div class=\"elementor-element elementor-element-6ed6039 elementor-position-left elementor-vertical-align-middle image-text-section left-image elementor-widget elementor-widget-image-box\" data-id=\"6ed6039\" data-element_type=\"widget\" data-e-type=\"widget\" data-widget_type=\"image-box.default\">\n\t\t\t\t<div class=\"elementor-widget-container\">\n\t\t\t\t\t<div class=\"elementor-image-box-wrapper\"><figure class=\"elementor-image-box-img\"><img decoding=\"async\" width=\"537\" height=\"332\" src=\"https:\/\/stpcdnimage.imgix.net\/wp-content\/uploads\/sites\/12\/2025\/04\/1963.avif\" class=\"attachment-full size-full wp-image-4652\" alt=\"\" \/><\/figure><div class=\"elementor-image-box-content\"><h3 class=\"elementor-image-box-title\">1963<\/h3><p class=\"elementor-image-box-description\">Andy Granatelli est nomm\u00e9 PDG de STP\u00ae et commence \u00e0 accro\u00eetre les efforts de marketing de la marque par le biais des courses automobiles et de bateaux. La distribution des produits STP\u00ae se d\u00e9veloppe et les produits STP\u00ae sont disponibles dans plus de 200 000 stations-service aux \u00c9tats-Unis.\n\n<\/p><\/div><\/div>\t\t\t\t<\/div>\n\t\t\t\t<\/div>\n\t\t\t\t<div class=\"elementor-element elementor-element-445f1e3 elementor-position-right elementor-vertical-align-middle image-text-section elementor-widget elementor-widget-image-box\" data-id=\"445f1e3\" data-element_type=\"widget\" data-e-type=\"widget\" data-widget_type=\"image-box.default\">\n\t\t\t\t<div class=\"elementor-widget-container\">\n\t\t\t\t\t<div class=\"elementor-image-box-wrapper\"><figure class=\"elementor-image-box-img\"><img loading=\"lazy\" decoding=\"async\" width=\"840\" height=\"548\" src=\"https:\/\/stpcdnimage.imgix.net\/wp-content\/uploads\/sites\/12\/2025\/04\/Late-1960.avif\" class=\"attachment-full size-full wp-image-4656\" alt=\"\" \/><\/figure><div class=\"elementor-image-box-content\"><h3 class=\"elementor-image-box-title\">Fin des ann\u00e9es 60<\/h3><p class=\"elementor-image-box-description\">Fin 1966, les ventes atteignent plus de 43 millions de dollars. En 1969, STP\u00ae devient une soci\u00e9t\u00e9 publique, et les actions sont inscrites \u00e0 la bourse am\u00e9ricaine sous le symbole \u00ab STP \u00bb. STP\u00ae sponsorise sa propre \u00e9quipe de course Indy Car, avec Mario Andretti, le vainqueur de l\u2019Indianapolis 500 de 1969.\n\n<\/p><\/div><\/div>\t\t\t\t<\/div>\n\t\t\t\t<\/div>\n\t\t\t\t<div class=\"elementor-element elementor-element-c157b41 elementor-position-left elementor-vertical-align-middle image-text-section left-image elementor-widget elementor-widget-image-box\" data-id=\"c157b41\" data-element_type=\"widget\" data-e-type=\"widget\" data-widget_type=\"image-box.default\">\n\t\t\t\t<div class=\"elementor-widget-container\">\n\t\t\t\t\t<div class=\"elementor-image-box-wrapper\"><figure class=\"elementor-image-box-img\"><img loading=\"lazy\" decoding=\"async\" width=\"330\" height=\"264\" src=\"https:\/\/stpcdnimage.imgix.net\/wp-content\/uploads\/sites\/12\/2025\/04\/richard_driving_1.avif\" class=\"attachment-full size-full wp-image-4657\" alt=\"\" \/><\/figure><div class=\"elementor-image-box-content\"><h3 class=\"elementor-image-box-title\">Ann\u00e9es 70<\/h3><p class=\"elementor-image-box-description\">STP\u00ae fait les gros titres du monde entier en commen\u00e7ant son association avec la future l\u00e9gende du stock-car Richard Petty, un partenariat encore actif aujourd\u2019hui.  Les produits sont commercialis\u00e9s aux \u00c9tats-Unis, au Canada, au Mexique et dans pr\u00e8s de 100 pays dans le monde.\n\n<\/p><\/div><\/div>\t\t\t\t<\/div>\n\t\t\t\t<\/div>\n\t\t\t\t<div class=\"elementor-element elementor-element-eaf9e93 elementor-position-right elementor-vertical-align-middle image-text-section elementor-widget elementor-widget-image-box\" data-id=\"eaf9e93\" data-element_type=\"widget\" data-e-type=\"widget\" data-widget_type=\"image-box.default\">\n\t\t\t\t<div class=\"elementor-widget-container\">\n\t\t\t\t\t<div class=\"elementor-image-box-wrapper\"><figure class=\"elementor-image-box-img\"><img loading=\"lazy\" decoding=\"async\" width=\"330\" height=\"413\" src=\"https:\/\/stpcdnimage.imgix.net\/wp-content\/uploads\/sites\/12\/2025\/04\/richard-trophy.avif\" class=\"attachment-full size-full wp-image-4661\" alt=\"\" \/><\/figure><div class=\"elementor-image-box-content\"><h3 class=\"elementor-image-box-title\">Ann\u00e9es 80<\/h3><p class=\"elementor-image-box-description\">En 1981, Richard Petty remporte sa 7e et derni\u00e8re victoire au Daytona 500 dans la voiture STP n\u00b043. En 1984, Petty remporte sa 200e course en carri\u00e8re.\n\n<\/p><\/div><\/div>\t\t\t\t<\/div>\n\t\t\t\t<\/div>\n\t\t\t\t<div class=\"elementor-element elementor-element-40815d4 elementor-position-left elementor-vertical-align-middle image-text-section left-image elementor-widget elementor-widget-image-box\" data-id=\"40815d4\" data-element_type=\"widget\" data-e-type=\"widget\" data-widget_type=\"image-box.default\">\n\t\t\t\t<div class=\"elementor-widget-container\">\n\t\t\t\t\t<div class=\"elementor-image-box-wrapper\"><figure class=\"elementor-image-box-img\"><img loading=\"lazy\" decoding=\"async\" width=\"420\" height=\"279\" src=\"https:\/\/stpcdnimage.imgix.net\/wp-content\/uploads\/sites\/12\/2025\/04\/1990s.avif\" class=\"attachment-full size-full wp-image-4665\" alt=\"\" \/><\/figure><div class=\"elementor-image-box-content\"><h3 class=\"elementor-image-box-title\">Ann\u00e9es 90<\/h3><p class=\"elementor-image-box-description\">En 1996, STP lance son premier nettoyant complet pour syst\u00e8me d\u2019alimentation en carburant tandis que Bobby Hamilton remporte sa premi\u00e8re course \u00e0 Phoenix avec la voiture n\u00b043.\n\n<\/p><\/div><\/div>\t\t\t\t<\/div>\n\t\t\t\t<\/div>\n\t\t\t\t<div class=\"elementor-element elementor-element-7d6233d elementor-position-right elementor-vertical-align-middle image-text-section elementor-widget elementor-widget-image-box\" data-id=\"7d6233d\" data-element_type=\"widget\" data-e-type=\"widget\" data-widget_type=\"image-box.default\">\n\t\t\t\t<div class=\"elementor-widget-container\">\n\t\t\t\t\t<div class=\"elementor-image-box-wrapper\"><figure class=\"elementor-image-box-img\"><img loading=\"lazy\" decoding=\"async\" width=\"840\" height=\"548\" src=\"https:\/\/stpcdnimage.imgix.net\/wp-content\/uploads\/sites\/12\/2025\/04\/2000.avif\" class=\"attachment-full size-full wp-image-4669\" alt=\"\" \/><\/figure><div class=\"elementor-image-box-content\"><h3 class=\"elementor-image-box-title\">Ann\u00e9es 2000<\/h3><p class=\"elementor-image-box-description\">En 2009, Richard Petty pilote la pace car lors du Daytona 500\u00ae, \u00e0 l\u2019occasion du 25e anniversaire de sa 200e victoire. Le pilote STP\u00ae et Armor All World of Outlaws\u2122 Donny Schatz remporte son quatri\u00e8me championnat national cons\u00e9cutif \u00e0 Knoxville dans une voiture STP\u00ae Indy 500 Tribute.\n\n<\/p><\/div><\/div>\t\t\t\t<\/div>\n\t\t\t\t<\/div>\n\t\t\t\t<div class=\"elementor-element elementor-element-404287d elementor-position-left elementor-vertical-align-middle image-text-section left-image elementor-widget elementor-widget-image-box\" data-id=\"404287d\" data-element_type=\"widget\" data-e-type=\"widget\" data-widget_type=\"image-box.default\">\n\t\t\t\t<div class=\"elementor-widget-container\">\n\t\t\t\t\t<div class=\"elementor-image-box-wrapper\"><figure class=\"elementor-image-box-img\"><img loading=\"lazy\" decoding=\"async\" width=\"330\" height=\"200\" src=\"https:\/\/stpcdnimage.imgix.net\/wp-content\/uploads\/sites\/12\/2025\/04\/2014.avif\" class=\"attachment-full size-full wp-image-4670\" alt=\"\" \/><\/figure><div class=\"elementor-image-box-content\"><h3 class=\"elementor-image-box-title\">2014<\/h3><p class=\"elementor-image-box-description\">En 2014, STP f\u00eate son 60e anniversaire en lan\u00e7ant son Ultra Nettoyant du syst\u00e8me d\u2019alimentation essence et en accueillant le STP 500 au Martinsville Speedway, remport\u00e9 par Kurt Busch.\n\n<\/p><\/div><\/div>\t\t\t\t<\/div>\n\t\t\t\t<\/div>\n\t\t\t\t<div class=\"elementor-element elementor-element-d24428f elementor-position-right elementor-vertical-align-middle image-text-section elementor-widget elementor-widget-image-box\" data-id=\"d24428f\" data-element_type=\"widget\" data-e-type=\"widget\" data-widget_type=\"image-box.default\">\n\t\t\t\t<div class=\"elementor-widget-container\">\n\t\t\t\t\t<div class=\"elementor-image-box-wrapper\"><figure class=\"elementor-image-box-img\"><img loading=\"lazy\" decoding=\"async\" width=\"1350\" height=\"901\" src=\"https:\/\/stpcdnimage.imgix.net\/wp-content\/uploads\/sites\/12\/2025\/04\/2018.avif\" class=\"attachment-full size-full wp-image-4674\" alt=\"\" \/><\/figure><div class=\"elementor-image-box-content\"><h3 class=\"elementor-image-box-title\">2018<\/h3><p class=\"elementor-image-box-description\">En 2018, Richard Petty Motorsports engage Darrell \u201cBubba\u201d Wallace Jr. pour piloter la c\u00e9l\u00e8bre STP n\u00b043 dans la NASCAR Cup Series. Il est le premier pilote afro-am\u00e9ricain \u00e0 plein temps de la NASCAR Cup depuis Wendell Scott en 1971. Bubba commence fort la saison 2018 avec une 2e place au Daytona 500.\n\n<\/p><\/div><\/div>\t\t\t\t<\/div>\n\t\t\t\t<\/div>\n\t\t\t\t<div class=\"elementor-element elementor-element-26f4551 elementor-position-left elementor-vertical-align-middle image-text-section left-image elementor-widget elementor-widget-image-box\" data-id=\"26f4551\" data-element_type=\"widget\" data-e-type=\"widget\" data-widget_type=\"image-box.default\">\n\t\t\t\t<div class=\"elementor-widget-container\">\n\t\t\t\t\t<div class=\"elementor-image-box-wrapper\"><figure class=\"elementor-image-box-img\"><img loading=\"lazy\" decoding=\"async\" width=\"848\" height=\"477\" src=\"https:\/\/stpcdnimage.imgix.net\/wp-content\/uploads\/sites\/12\/2025\/04\/Erik-Jones-STP.avif\" class=\"attachment-full size-full wp-image-4675\" alt=\"\" \/><\/figure><div class=\"elementor-image-box-content\"><h3 class=\"elementor-image-box-title\">2020\/21<\/h3><p class=\"elementor-image-box-description\">STP lance un traitement d\u2019huile c\u00e9ramique et c\u00e9l\u00e8bre 50 ans de partenariat avec Richard Petty Motorsports en \u00e9tant le sponsor du pilote Erik Jones dans la Chevrolet n\u00b043 tout au long de la saison de la NASCAR Cup Series.\n\n<\/p><\/div><\/div>\t\t\t\t<\/div>\n\t\t\t\t<\/div>\n\t\t\t\t<\/div>\n\t\t\t\t\t<\/div>\n\t\t\t\t<\/div>\n\t\t\t\t<\/div>\n\t\t","protected":false},"excerpt":{"rendered":"<p>En octobre 1954, trois hommes d\u2019affaires disposant d\u2019un capital de d\u00e9part de seulement 3 000 dollars pr\u00e9sentent le premier produit STP\u00ae \u00e0 St. Joseph, MO. STP\u00ae se lance avec un seul produit, Le traitement d\u2019Huile STP\u00ae. Il aide l\u2019huile de moteur automobile \u00e0 r\u00e9sister \u00e0 des temp\u00e9ratures et des pressions \u00e9lev\u00e9es. Notre histoire : une [&hellip;]<\/p>\n","protected":false},"author":1,"featured_media":0,"parent":4227,"menu_order":0,"comment_status":"closed","ping_status":"closed","template":"","meta":{"_acf_changed":false,"footnotes":""},"class_list":["post-4641","page","type-page","status-publish","hentry"],"acf":[],"yoast_head":"<!-- This site is optimized with the Yoast SEO plugin v27.4 - https:\/\/yoast.com\/product\/yoast-seo-wordpress\/ -->\n<title>Histoire de STP\u00ae - STP France<\/title>\n<meta name=\"robots\" content=\"index, follow, max-snippet:-1, max-image-preview:large, max-video-preview:-1\" \/>\n<link rel=\"canonical\" href=\"https:\/\/stp.com\/fr\/a-propos-de-stp\/histoire-de-stp\/\" \/>\n<meta property=\"og:locale\" content=\"en_US\" \/>\n<meta property=\"og:type\" content=\"article\" \/>\n<meta property=\"og:title\" content=\"Histoire de STP\u00ae - STP France\" \/>\n<meta property=\"og:description\" content=\"En octobre 1954, trois hommes d\u2019affaires disposant d\u2019un capital de d\u00e9part de seulement 3 000 dollars pr\u00e9sentent le premier produit STP\u00ae \u00e0 St. Joseph, MO. STP\u00ae se lance avec un seul produit, Le traitement d\u2019Huile STP\u00ae. Il aide l\u2019huile de moteur automobile \u00e0 r\u00e9sister \u00e0 des temp\u00e9ratures et des pressions \u00e9lev\u00e9es. Notre histoire : une [&hellip;]\" \/>\n<meta property=\"og:url\" content=\"https:\/\/stp.com\/fr\/a-propos-de-stp\/histoire-de-stp\/\" \/>\n<meta property=\"og:site_name\" content=\"STP France\" \/>\n<meta property=\"article:modified_time\" content=\"2025-05-08T08:39:11+00:00\" \/>\n<meta property=\"og:image\" content=\"https:\/\/stp.com\/fr\/wp-content\/uploads\/sites\/12\/2025\/04\/1954-edit.avif\" \/>\n<meta name=\"twitter:card\" content=\"summary_large_image\" \/>\n<meta name=\"twitter:label1\" content=\"Est. reading time\" \/>\n\t<meta name=\"twitter:data1\" content=\"5 minutes\" \/>\n<script type=\"application\/ld+json\" class=\"yoast-schema-graph\">{\"@context\":\"https:\\\/\\\/schema.org\",\"@graph\":[{\"@type\":\"WebPage\",\"@id\":\"https:\\\/\\\/stp.com\\\/fr\\\/a-propos-de-stp\\\/histoire-de-stp\\\/\",\"url\":\"https:\\\/\\\/stp.com\\\/fr\\\/a-propos-de-stp\\\/histoire-de-stp\\\/\",\"name\":\"Histoire de STP\u00ae - STP France\",\"isPartOf\":{\"@id\":\"https:\\\/\\\/c38a2c2a6e.nxcli.io\\\/fr\\\/#website\"},\"primaryImageOfPage\":{\"@id\":\"https:\\\/\\\/stp.com\\\/fr\\\/a-propos-de-stp\\\/histoire-de-stp\\\/#primaryimage\"},\"image\":{\"@id\":\"https:\\\/\\\/stp.com\\\/fr\\\/a-propos-de-stp\\\/histoire-de-stp\\\/#primaryimage\"},\"thumbnailUrl\":\"https:\\\/\\\/stp.com\\\/fr\\\/wp-content\\\/uploads\\\/sites\\\/12\\\/2025\\\/04\\\/1954-edit.avif\",\"datePublished\":\"2025-04-03T06:58:30+00:00\",\"dateModified\":\"2025-05-08T08:39:11+00:00\",\"breadcrumb\":{\"@id\":\"https:\\\/\\\/stp.com\\\/fr\\\/a-propos-de-stp\\\/histoire-de-stp\\\/#breadcrumb\"},\"inLanguage\":\"en-US\",\"potentialAction\":[{\"@type\":\"ReadAction\",\"target\":[\"https:\\\/\\\/stp.com\\\/fr\\\/a-propos-de-stp\\\/histoire-de-stp\\\/\"]}]},{\"@type\":\"ImageObject\",\"inLanguage\":\"en-US\",\"@id\":\"https:\\\/\\\/stp.com\\\/fr\\\/a-propos-de-stp\\\/histoire-de-stp\\\/#primaryimage\",\"url\":\"https:\\\/\\\/stpcdnimage.imgix.net\\\/wp-content\\\/uploads\\\/sites\\\/12\\\/2025\\\/04\\\/1954-edit.avif\",\"contentUrl\":\"https:\\\/\\\/stpcdnimage.imgix.net\\\/wp-content\\\/uploads\\\/sites\\\/12\\\/2025\\\/04\\\/1954-edit.avif\",\"width\":840,\"height\":548},{\"@type\":\"BreadcrumbList\",\"@id\":\"https:\\\/\\\/stp.com\\\/fr\\\/a-propos-de-stp\\\/histoire-de-stp\\\/#breadcrumb\",\"itemListElement\":[{\"@type\":\"ListItem\",\"position\":1,\"name\":\"Home\",\"item\":\"https:\\\/\\\/stp.com\\\/fr\\\/\"},{\"@type\":\"ListItem\",\"position\":2,\"name\":\"\u00c0 propos de STP\u00ae\",\"item\":\"https:\\\/\\\/stp.com\\\/fr\\\/a-propos-de-stp\\\/\"},{\"@type\":\"ListItem\",\"position\":3,\"name\":\"Histoire de STP\u00ae\"}]},{\"@type\":\"WebSite\",\"@id\":\"https:\\\/\\\/c38a2c2a6e.nxcli.io\\\/fr\\\/#website\",\"url\":\"https:\\\/\\\/c38a2c2a6e.nxcli.io\\\/fr\\\/\",\"name\":\"STP France\",\"description\":\"Science. Technology. Performance\",\"potentialAction\":[{\"@type\":\"SearchAction\",\"target\":{\"@type\":\"EntryPoint\",\"urlTemplate\":\"https:\\\/\\\/c38a2c2a6e.nxcli.io\\\/fr\\\/?s={search_term_string}\"},\"query-input\":{\"@type\":\"PropertyValueSpecification\",\"valueRequired\":true,\"valueName\":\"search_term_string\"}}],\"inLanguage\":\"en-US\"}]}<\/script>\n<!-- \/ Yoast SEO plugin. -->","yoast_head_json":{"title":"Histoire de STP\u00ae - STP France","robots":{"index":"index","follow":"follow","max-snippet":"max-snippet:-1","max-image-preview":"max-image-preview:large","max-video-preview":"max-video-preview:-1"},"canonical":"https:\/\/stp.com\/fr\/a-propos-de-stp\/histoire-de-stp\/","og_locale":"en_US","og_type":"article","og_title":"Histoire de STP\u00ae - STP France","og_description":"En octobre 1954, trois hommes d\u2019affaires disposant d\u2019un capital de d\u00e9part de seulement 3 000 dollars pr\u00e9sentent le premier produit STP\u00ae \u00e0 St. Joseph, MO. STP\u00ae se lance avec un seul produit, Le traitement d\u2019Huile STP\u00ae. Il aide l\u2019huile de moteur automobile \u00e0 r\u00e9sister \u00e0 des temp\u00e9ratures et des pressions \u00e9lev\u00e9es. Notre histoire : une [&hellip;]","og_url":"https:\/\/stp.com\/fr\/a-propos-de-stp\/histoire-de-stp\/","og_site_name":"STP France","article_modified_time":"2025-05-08T08:39:11+00:00","og_image":[{"url":"https:\/\/stp.com\/fr\/wp-content\/uploads\/sites\/12\/2025\/04\/1954-edit.avif","type":"","width":"","height":""}],"twitter_card":"summary_large_image","twitter_misc":{"Est. reading time":"5 minutes"},"schema":{"@context":"https:\/\/schema.org","@graph":[{"@type":"WebPage","@id":"https:\/\/stp.com\/fr\/a-propos-de-stp\/histoire-de-stp\/","url":"https:\/\/stp.com\/fr\/a-propos-de-stp\/histoire-de-stp\/","name":"Histoire de STP\u00ae - STP France","isPartOf":{"@id":"https:\/\/c38a2c2a6e.nxcli.io\/fr\/#website"},"primaryImageOfPage":{"@id":"https:\/\/stp.com\/fr\/a-propos-de-stp\/histoire-de-stp\/#primaryimage"},"image":{"@id":"https:\/\/stp.com\/fr\/a-propos-de-stp\/histoire-de-stp\/#primaryimage"},"thumbnailUrl":"https:\/\/stp.com\/fr\/wp-content\/uploads\/sites\/12\/2025\/04\/1954-edit.avif","datePublished":"2025-04-03T06:58:30+00:00","dateModified":"2025-05-08T08:39:11+00:00","breadcrumb":{"@id":"https:\/\/stp.com\/fr\/a-propos-de-stp\/histoire-de-stp\/#breadcrumb"},"inLanguage":"en-US","potentialAction":[{"@type":"ReadAction","target":["https:\/\/stp.com\/fr\/a-propos-de-stp\/histoire-de-stp\/"]}]},{"@type":"ImageObject","inLanguage":"en-US","@id":"https:\/\/stp.com\/fr\/a-propos-de-stp\/histoire-de-stp\/#primaryimage","url":"https:\/\/stpcdnimage.imgix.net\/wp-content\/uploads\/sites\/12\/2025\/04\/1954-edit.avif","contentUrl":"https:\/\/stpcdnimage.imgix.net\/wp-content\/uploads\/sites\/12\/2025\/04\/1954-edit.avif","width":840,"height":548},{"@type":"BreadcrumbList","@id":"https:\/\/stp.com\/fr\/a-propos-de-stp\/histoire-de-stp\/#breadcrumb","itemListElement":[{"@type":"ListItem","position":1,"name":"Home","item":"https:\/\/stp.com\/fr\/"},{"@type":"ListItem","position":2,"name":"\u00c0 propos de STP\u00ae","item":"https:\/\/stp.com\/fr\/a-propos-de-stp\/"},{"@type":"ListItem","position":3,"name":"Histoire de STP\u00ae"}]},{"@type":"WebSite","@id":"https:\/\/c38a2c2a6e.nxcli.io\/fr\/#website","url":"https:\/\/c38a2c2a6e.nxcli.io\/fr\/","name":"STP France","description":"Science. Technology. Performance","potentialAction":[{"@type":"SearchAction","target":{"@type":"EntryPoint","urlTemplate":"https:\/\/c38a2c2a6e.nxcli.io\/fr\/?s={search_term_string}"},"query-input":{"@type":"PropertyValueSpecification","valueRequired":true,"valueName":"search_term_string"}}],"inLanguage":"en-US"}]}},"_links":{"self":[{"href":"https:\/\/stp.com\/fr\/wp-json\/wp\/v2\/pages\/4641","targetHints":{"allow":["GET"]}}],"collection":[{"href":"https:\/\/stp.com\/fr\/wp-json\/wp\/v2\/pages"}],"about":[{"href":"https:\/\/stp.com\/fr\/wp-json\/wp\/v2\/types\/page"}],"author":[{"embeddable":true,"href":"https:\/\/stp.com\/fr\/wp-json\/wp\/v2\/users\/1"}],"replies":[{"embeddable":true,"href":"https:\/\/stp.com\/fr\/wp-json\/wp\/v2\/comments?post=4641"}],"version-history":[{"count":71,"href":"https:\/\/stp.com\/fr\/wp-json\/wp\/v2\/pages\/4641\/revisions"}],"predecessor-version":[{"id":7648,"href":"https:\/\/stp.com\/fr\/wp-json\/wp\/v2\/pages\/4641\/revisions\/7648"}],"up":[{"embeddable":true,"href":"https:\/\/stp.com\/fr\/wp-json\/wp\/v2\/pages\/4227"}],"wp:attachment":[{"href":"https:\/\/stp.com\/fr\/wp-json\/wp\/v2\/media?parent=4641"}],"curies":[{"name":"wp","href":"https:\/\/api.w.org\/{rel}","templated":true}]}}