{"id":4229,"date":"2025-04-01T17:19:02","date_gmt":"2025-04-01T11:49:02","guid":{"rendered":"https:\/\/c38a2c2a6e.nxcli.io\/fr\/?page_id=4229"},"modified":"2025-06-21T18:15:38","modified_gmt":"2025-06-21T12:45:38","slug":"richard-petty","status":"publish","type":"page","link":"https:\/\/stp.com\/fr\/a-propos-de-stp\/course-automobile\/richard-petty\/","title":{"rendered":"Richard Petty"},"content":{"rendered":"\t\t<div data-elementor-type=\"wp-page\" data-elementor-id=\"4229\" class=\"elementor elementor-4229\" data-elementor-post-type=\"page\">\n\t\t\t\t<div class=\"elementor-element elementor-element-ad0d103 e-flex e-con-boxed e-con e-parent\" data-id=\"ad0d103\" data-element_type=\"container\" data-e-type=\"container\" data-settings=\"{&quot;background_background&quot;:&quot;classic&quot;}\">\n\t\t\t\t\t<div class=\"e-con-inner\">\n\t\t\t\t<div class=\"elementor-element elementor-element-800fae0 breadcrumb elementor-widget elementor-widget-breadcrumbs\" data-id=\"800fae0\" data-element_type=\"widget\" data-e-type=\"widget\" data-widget_type=\"breadcrumbs.default\">\n\t\t\t\t<div class=\"elementor-widget-container\">\n\t\t\t\t\t<p id=\"breadcrumbs\"><span><span><a href=\"https:\/\/stp.com\/fr\/\">Home<\/a><\/span><\/span><\/p>\t\t\t\t<\/div>\n\t\t\t\t<\/div>\n\t\t<div class=\"elementor-element elementor-element-3b41fe2 e-con-full e-flex e-con e-child\" data-id=\"3b41fe2\" data-element_type=\"container\" data-e-type=\"container\">\n\t\t<div class=\"elementor-element elementor-element-771f759 e-con-full product__head e-flex e-con e-child\" data-id=\"771f759\" data-element_type=\"container\" data-e-type=\"container\">\n\t\t\t\t<\/div>\n\t\t\t\t<\/div>\n\t\t\t\t\t<\/div>\n\t\t\t\t<\/div>\n\t\t<div class=\"elementor-element elementor-element-5f702f7 e-flex e-con-boxed e-con e-parent\" data-id=\"5f702f7\" data-element_type=\"container\" data-e-type=\"container\" data-settings=\"{&quot;background_background&quot;:&quot;classic&quot;}\">\n\t\t\t\t\t<div class=\"e-con-inner\">\n\t\t\t\t<div class=\"elementor-element elementor-element-4dea62b elementor-widget elementor-widget-heading\" data-id=\"4dea62b\" data-element_type=\"widget\" data-e-type=\"widget\" data-widget_type=\"heading.default\">\n\t\t\t\t<div class=\"elementor-widget-container\">\n\t\t\t\t\t<h2 class=\"elementor-heading-title elementor-size-default\">Seigneur de la course : \u00ab le Roi \u00bb\n<\/h2>\t\t\t\t<\/div>\n\t\t\t\t<\/div>\n\t\t\t\t<div class=\"elementor-element elementor-element-b445cb6 elementor-widget elementor-widget-video\" data-id=\"b445cb6\" data-element_type=\"widget\" data-e-type=\"widget\" data-settings=\"{&quot;youtube_url&quot;:&quot;https:\\\/\\\/youtu.be\\\/byf_-95rUh0?feature=shared&quot;,&quot;yt_privacy&quot;:&quot;yes&quot;,&quot;video_type&quot;:&quot;youtube&quot;,&quot;controls&quot;:&quot;yes&quot;}\" data-widget_type=\"video.default\">\n\t\t\t\t<div class=\"elementor-widget-container\">\n\t\t\t\t\t\t\t<div class=\"elementor-wrapper elementor-open-inline\">\n\t\t\t<div class=\"elementor-video\"><\/div>\t\t<\/div>\n\t\t\t\t\t\t<\/div>\n\t\t\t\t<\/div>\n\t\t<div class=\"elementor-element elementor-element-451e08a e-flex e-con-boxed e-con e-child\" data-id=\"451e08a\" data-element_type=\"container\" data-e-type=\"container\">\n\t\t\t\t\t<div class=\"e-con-inner\">\n\t\t\t\t<div class=\"elementor-element elementor-element-03fdad3 elementor-widget elementor-widget-heading\" data-id=\"03fdad3\" data-element_type=\"widget\" data-e-type=\"widget\" data-widget_type=\"heading.default\">\n\t\t\t\t<div class=\"elementor-widget-container\">\n\t\t\t\t\t<h2 class=\"elementor-heading-title elementor-size-default\">Un homme STP pour toujours\n<\/h2>\t\t\t\t<\/div>\n\t\t\t\t<\/div>\n\t\t\t\t<div class=\"elementor-element elementor-element-efcbe6c elementor-widget elementor-widget-heading\" data-id=\"efcbe6c\" data-element_type=\"widget\" data-e-type=\"widget\" data-widget_type=\"heading.default\">\n\t\t\t\t<div class=\"elementor-widget-container\">\n\t\t\t\t\t<h3 class=\"elementor-heading-title elementor-size-default\">PAR MIKE HARRIS\n<\/h3>\t\t\t\t<\/div>\n\t\t\t\t<\/div>\n\t\t\t\t<div class=\"elementor-element elementor-element-00fdab1 elementor-widget elementor-widget-text-editor\" data-id=\"00fdab1\" data-element_type=\"widget\" data-e-type=\"widget\" data-widget_type=\"text-editor.default\">\n\t\t\t\t<div class=\"elementor-widget-container\">\n\t\t\t\t\t\t\t\t\t<p>L\u2019accord qui a chang\u00e9 \u00e0 jamais le paysage du sponsoring de la NASCAR et a donn\u00e9 naissance \u00e0 l\u2019une des voitures de course les plus c\u00e9l\u00e8bres de l\u2019histoire a failli ne jamais se faire car deux hommes ent\u00eat\u00e9s n\u2019\u00e9taient pas d\u2019accord sur le choix des couleurs.<\/p><p>Richard Petty \u00e9tait affili\u00e9 \u00e0 STP depuis 1972 lorsqu\u2019il a \u00e9t\u00e9 approch\u00e9 par Andy Granatelli, alors pr\u00e9sident de STP, pour placer le logo de la soci\u00e9t\u00e9 sur la c\u00e9l\u00e8bre voiture de course n\u00b0 43. Petty recherchait activement des sponsors et Granatelli souhaitait depuis longtemps se faire une place dans la NASCAR apr\u00e8s avoir connu un grand succ\u00e8s dans les courses de monoplaces et de dragsters.<\/p><p>Granatelli \u00e9tait \u00e0 la recherche d\u2019un visage connu pour repr\u00e9senter son produit et Petty, surnomm\u00e9 le Roi, convenait parfaitement, \u00e9tant donn\u00e9 qu\u2019il \u00e9tait aussi \u00e0 l\u2019aise sous le capot que derri\u00e8re le volant. Petty savait ce que STP, le sponsor et le produit, pouvait faire pour son \u00e9quipe. \u00ab\u00a0Granatelli avait d\u00e9cid\u00e9 qu\u2019il voulait nous engager\u00a0\u00bb, a expliqu\u00e9 Petty. \u00ab\u00a0Donc, quand nous sommes entr\u00e9s, il a dit : \u00ab\u00a0Voici le contrat, voici l\u2019accord\u00a0: 250\u00a0000\u00a0$ pour un parrainage et nous voulons vous faire de la publicit\u00e9 dans tout le pays\u00a0\u00bb.<\/p><p>Tout cela semblait bon pour le Roi. Puis la question de la peinture s\u2019est pos\u00e9e.<\/p><p>\u00ab\u00a0Nous parlions \u00e0 Granatelli et tout allait bien. Nous nous sommes mis d\u2019accord sur un contrat et, alors que nous nous appr\u00eations \u00e0 partir, il a dit\u00a0: \u00ab\u00a0Au fait, la voiture sera rouge vif\u00a0\u00bb, ce qui correspond aux couleurs de STP. J\u2019ai dit\u00a0: \u00ab\u00a0Pas question. La voiture doit \u00eatre bleue Petty.\u00a0\u00bb Je me suis lev\u00e9 pour partir. Voil\u00e0 \u00e0 quel point j\u2019\u00e9tais t\u00eatu. Et il \u00e9tait assez t\u00eatu, lui aussi.\u00a0\u00bb Petty a souri en se rappelant ce moment.<\/p><p>\u00ab\u00a0Je suppose que j\u2019\u00e9tais assez idiot pour dire non\u00a0\u00bb, a-t-il dit. \u00ab\u00a0Nous n\u2019avions rien, aucun sponsor, et je refusais 250\u00a0000\u00a0$.\u00a0\u00bb<\/p><p>La raison a pr\u00e9valu et Granatelli a sugg\u00e9r\u00e9 que Petty y r\u00e9fl\u00e9chisse pendant la nuit.<\/p><p>Le lendemain matin, un compromis a \u00e9t\u00e9 trouv\u00e9 pour cr\u00e9er les voitures de course embl\u00e9matiques rouge Day-Glo et bleu Petty que le Roi, longtemps le pilote le plus populaire de ce sport et toujours le pr\u00e9f\u00e9r\u00e9 des fans en tant que propri\u00e9taire d\u2019\u00e9quipe et ambassadeur des courses de stock-car, a conduit pour le reste de sa carri\u00e8re. C\u2019\u00e9tait une affaire \u00e9norme pour STP et Granatelli qui n\u2019avaient pas pu entrer dans la NASCAR parce que Pure Oil avait un accord exclusif avec la Series.<\/p><p>\u00ab\u00a0Avant, nous devions attraper les pilotes \u00e0 environ un kilom\u00e8tre de la piste et leur donner des produits STP pour qu\u2019ils puissent les utiliser\u00a0\u00bb, note M. Granatelli. \u00ab\u00a0M\u00eame si nous n\u2019en profitions pas, les pilotes, eux, en profitaient. Nous avons donc fait en sorte que les pilotes s\u2019habituent \u00e0 utiliser nos produits.\u00a0\u00bb<\/p><p>L\u2019argent de ce premier contrat \u00e9tait aussi une grosse affaire. Le parrainage de STP a donn\u00e9 \u00e0 Petty un avantage concurrentiel.<\/p><p>\u00ab\u00a0Les 250\u00a0000\u00a0$ nous ont donn\u00e9 une longueur d\u2019avance sur tous les autres, ce qui nous a permis d\u2019avoir un meilleur \u00e9quipement\u00a0\u00bb, a d\u00e9clar\u00e9 Petty. \u00ab\u00a0Cela a entra\u00een\u00e9 une v\u00e9ritable r\u00e9volution\u00a0: les gens ont pu obtenir de l\u2019argent de l\u2019ext\u00e9rieur et avoir une partie de leur budget d\u00e9j\u00e0 pay\u00e9 avant le d\u00e9but de la saison. On avait l\u2019habitude de commencer sans avoir de budget. On allait juste de course en course. C\u2019est comme \u00e7a qu\u2019on devait travailler.\u00a0\u00bb<\/p><p>Jim Hunter, un dirigeant de longue date de la NASCAR, a d\u00e9clar\u00e9 que l\u2019av\u00e8nement de la relation STP-Petty avait \u00e9t\u00e9 un moment cl\u00e9 dans l\u2019histoire du sport.<\/p><p>\u00ab\u00a0Petty avait un contrat \u00e0 vie et STP l\u2019a bien utilis\u00e9. C\u2019\u00e9tait une soci\u00e9t\u00e9 de marketing et ils ont li\u00e9 toute leur publicit\u00e9 aux courses, en particulier avec le Roi\u00a0\u00bb, a d\u00e9clar\u00e9 Hunter. \u00ab\u00a0A mon avis, c\u2019\u00e9tait l\u2019\u00e9talon-or des sponsors de la NASCAR.\u00a0\u00bb<\/p><p>\u00ab\u00a0STP a \u00e9t\u00e9 le premier sponsor national des courses de la Cup\u00a0\u00bb, a d\u00e9clar\u00e9 M. Petty. \u00ab\u00a0Il y a toujours eu l\u2019\u00e9picerie de maman et papa, le garage de machin ou la concession automobile de truc, mais cela se faisait surtout \u00e0 l\u2019\u00e9chelle locale. Personne n\u2019avait un accord national. C\u2019\u00e9tait la premi\u00e8re fois que les courses de la Cup \u00e9taient pr\u00e9sent\u00e9es \u00e0 la nation. Une fois que STP l\u2019a fait, je pense que Purolator a suivi et que beaucoup d\u2019autres ont emboit\u00e9 le pas.\u00a0\u00bb<\/p><p>Le Roi a sign\u00e9 un contrat \u00e0 vie, valable aussi longtemps que Petty conduirait une voiture de course. Mais l\u2019accord a \u00e9t\u00e9 prolong\u00e9 au-del\u00e0 de sa carri\u00e8re de pilote, qui s\u2019est termin\u00e9e en 1992, un parrainage qui a dur\u00e9 plus de 32 ans.<\/p><p>Et qui n\u2019est pas fini.<\/p><p>\u00ab\u00a0Nous sommes toujours associ\u00e9s, non pas sur le sponsoring mais sur des services personnels. Depuis 72, Richard Petty est un homme STP et je pense qu\u2019il le sera toujours\u00a0\u00bb, a conclu le Roi en souriant.<\/p>\t\t\t\t\t\t\t\t<\/div>\n\t\t\t\t<\/div>\n\t\t\t\t\t<\/div>\n\t\t\t\t<\/div>\n\t\t\t\t\t<\/div>\n\t\t\t\t<\/div>\n\t\t\t\t<\/div>\n\t\t","protected":false},"excerpt":{"rendered":"<p>Seigneur de la course : \u00ab le Roi \u00bb Un homme STP pour toujours PAR MIKE HARRIS L\u2019accord qui a chang\u00e9 \u00e0 jamais le paysage du sponsoring de la NASCAR et a donn\u00e9 naissance \u00e0 l\u2019une des voitures de course les plus c\u00e9l\u00e8bres de l\u2019histoire a failli ne jamais se faire car deux hommes ent\u00eat\u00e9s [&hellip;]<\/p>\n","protected":false},"author":1,"featured_media":0,"parent":4271,"menu_order":0,"comment_status":"closed","ping_status":"closed","template":"","meta":{"_acf_changed":false,"footnotes":""},"class_list":["post-4229","page","type-page","status-publish","hentry"],"acf":[],"yoast_head":"<!-- This site is optimized with the Yoast SEO plugin v27.4 - https:\/\/yoast.com\/product\/yoast-seo-wordpress\/ -->\n<title>Richard Petty - STP France<\/title>\n<meta name=\"robots\" content=\"index, follow, max-snippet:-1, max-image-preview:large, max-video-preview:-1\" \/>\n<link rel=\"canonical\" href=\"https:\/\/stp.com\/fr\/a-propos-de-stp\/course-automobile\/richard-petty\/\" \/>\n<meta property=\"og:locale\" content=\"en_US\" \/>\n<meta property=\"og:type\" content=\"article\" \/>\n<meta property=\"og:title\" content=\"Richard Petty - STP France\" \/>\n<meta property=\"og:description\" content=\"Seigneur de la course : \u00ab le Roi \u00bb Un homme STP pour toujours PAR MIKE HARRIS L\u2019accord qui a chang\u00e9 \u00e0 jamais le paysage du sponsoring de la NASCAR et a donn\u00e9 naissance \u00e0 l\u2019une des voitures de course les plus c\u00e9l\u00e8bres de l\u2019histoire a failli ne jamais se faire car deux hommes ent\u00eat\u00e9s [&hellip;]\" \/>\n<meta property=\"og:url\" content=\"https:\/\/stp.com\/fr\/a-propos-de-stp\/course-automobile\/richard-petty\/\" \/>\n<meta property=\"og:site_name\" content=\"STP France\" \/>\n<meta property=\"article:modified_time\" content=\"2025-06-21T12:45:38+00:00\" \/>\n<meta name=\"twitter:card\" content=\"summary_large_image\" \/>\n<meta name=\"twitter:label1\" content=\"Est. reading time\" \/>\n\t<meta name=\"twitter:data1\" content=\"4 minutes\" \/>\n<script type=\"application\/ld+json\" class=\"yoast-schema-graph\">{\"@context\":\"https:\\\/\\\/schema.org\",\"@graph\":[{\"@type\":\"WebPage\",\"@id\":\"https:\\\/\\\/stp.com\\\/fr\\\/a-propos-de-stp\\\/course-automobile\\\/richard-petty\\\/\",\"url\":\"https:\\\/\\\/stp.com\\\/fr\\\/a-propos-de-stp\\\/course-automobile\\\/richard-petty\\\/\",\"name\":\"Richard Petty - STP France\",\"isPartOf\":{\"@id\":\"https:\\\/\\\/c38a2c2a6e.nxcli.io\\\/fr\\\/#website\"},\"datePublished\":\"2025-04-01T11:49:02+00:00\",\"dateModified\":\"2025-06-21T12:45:38+00:00\",\"breadcrumb\":{\"@id\":\"https:\\\/\\\/stp.com\\\/fr\\\/a-propos-de-stp\\\/course-automobile\\\/richard-petty\\\/#breadcrumb\"},\"inLanguage\":\"en-US\",\"potentialAction\":[{\"@type\":\"ReadAction\",\"target\":[\"https:\\\/\\\/stp.com\\\/fr\\\/a-propos-de-stp\\\/course-automobile\\\/richard-petty\\\/\"]}]},{\"@type\":\"BreadcrumbList\",\"@id\":\"https:\\\/\\\/stp.com\\\/fr\\\/a-propos-de-stp\\\/course-automobile\\\/richard-petty\\\/#breadcrumb\",\"itemListElement\":[{\"@type\":\"ListItem\",\"position\":1,\"name\":\"Home\",\"item\":\"https:\\\/\\\/stp.com\\\/fr\\\/\"},{\"@type\":\"ListItem\",\"position\":2,\"name\":\"\u00c0 propos de STP\u00ae\",\"item\":\"https:\\\/\\\/stp.com\\\/fr\\\/a-propos-de-stp\\\/\"},{\"@type\":\"ListItem\",\"position\":3,\"name\":\"Course automobile\",\"item\":\"https:\\\/\\\/stp.com\\\/fr\\\/a-propos-de-stp\\\/course-automobile\\\/\"},{\"@type\":\"ListItem\",\"position\":4,\"name\":\"Richard Petty\"}]},{\"@type\":\"WebSite\",\"@id\":\"https:\\\/\\\/c38a2c2a6e.nxcli.io\\\/fr\\\/#website\",\"url\":\"https:\\\/\\\/c38a2c2a6e.nxcli.io\\\/fr\\\/\",\"name\":\"STP France\",\"description\":\"Science. Technology. Performance\",\"potentialAction\":[{\"@type\":\"SearchAction\",\"target\":{\"@type\":\"EntryPoint\",\"urlTemplate\":\"https:\\\/\\\/c38a2c2a6e.nxcli.io\\\/fr\\\/?s={search_term_string}\"},\"query-input\":{\"@type\":\"PropertyValueSpecification\",\"valueRequired\":true,\"valueName\":\"search_term_string\"}}],\"inLanguage\":\"en-US\"}]}<\/script>\n<!-- \/ Yoast SEO plugin. -->","yoast_head_json":{"title":"Richard Petty - STP France","robots":{"index":"index","follow":"follow","max-snippet":"max-snippet:-1","max-image-preview":"max-image-preview:large","max-video-preview":"max-video-preview:-1"},"canonical":"https:\/\/stp.com\/fr\/a-propos-de-stp\/course-automobile\/richard-petty\/","og_locale":"en_US","og_type":"article","og_title":"Richard Petty - STP France","og_description":"Seigneur de la course : \u00ab le Roi \u00bb Un homme STP pour toujours PAR MIKE HARRIS L\u2019accord qui a chang\u00e9 \u00e0 jamais le paysage du sponsoring de la NASCAR et a donn\u00e9 naissance \u00e0 l\u2019une des voitures de course les plus c\u00e9l\u00e8bres de l\u2019histoire a failli ne jamais se faire car deux hommes ent\u00eat\u00e9s [&hellip;]","og_url":"https:\/\/stp.com\/fr\/a-propos-de-stp\/course-automobile\/richard-petty\/","og_site_name":"STP France","article_modified_time":"2025-06-21T12:45:38+00:00","twitter_card":"summary_large_image","twitter_misc":{"Est. reading time":"4 minutes"},"schema":{"@context":"https:\/\/schema.org","@graph":[{"@type":"WebPage","@id":"https:\/\/stp.com\/fr\/a-propos-de-stp\/course-automobile\/richard-petty\/","url":"https:\/\/stp.com\/fr\/a-propos-de-stp\/course-automobile\/richard-petty\/","name":"Richard Petty - STP France","isPartOf":{"@id":"https:\/\/c38a2c2a6e.nxcli.io\/fr\/#website"},"datePublished":"2025-04-01T11:49:02+00:00","dateModified":"2025-06-21T12:45:38+00:00","breadcrumb":{"@id":"https:\/\/stp.com\/fr\/a-propos-de-stp\/course-automobile\/richard-petty\/#breadcrumb"},"inLanguage":"en-US","potentialAction":[{"@type":"ReadAction","target":["https:\/\/stp.com\/fr\/a-propos-de-stp\/course-automobile\/richard-petty\/"]}]},{"@type":"BreadcrumbList","@id":"https:\/\/stp.com\/fr\/a-propos-de-stp\/course-automobile\/richard-petty\/#breadcrumb","itemListElement":[{"@type":"ListItem","position":1,"name":"Home","item":"https:\/\/stp.com\/fr\/"},{"@type":"ListItem","position":2,"name":"\u00c0 propos de STP\u00ae","item":"https:\/\/stp.com\/fr\/a-propos-de-stp\/"},{"@type":"ListItem","position":3,"name":"Course automobile","item":"https:\/\/stp.com\/fr\/a-propos-de-stp\/course-automobile\/"},{"@type":"ListItem","position":4,"name":"Richard Petty"}]},{"@type":"WebSite","@id":"https:\/\/c38a2c2a6e.nxcli.io\/fr\/#website","url":"https:\/\/c38a2c2a6e.nxcli.io\/fr\/","name":"STP France","description":"Science. Technology. Performance","potentialAction":[{"@type":"SearchAction","target":{"@type":"EntryPoint","urlTemplate":"https:\/\/c38a2c2a6e.nxcli.io\/fr\/?s={search_term_string}"},"query-input":{"@type":"PropertyValueSpecification","valueRequired":true,"valueName":"search_term_string"}}],"inLanguage":"en-US"}]}},"_links":{"self":[{"href":"https:\/\/stp.com\/fr\/wp-json\/wp\/v2\/pages\/4229","targetHints":{"allow":["GET"]}}],"collection":[{"href":"https:\/\/stp.com\/fr\/wp-json\/wp\/v2\/pages"}],"about":[{"href":"https:\/\/stp.com\/fr\/wp-json\/wp\/v2\/types\/page"}],"author":[{"embeddable":true,"href":"https:\/\/stp.com\/fr\/wp-json\/wp\/v2\/users\/1"}],"replies":[{"embeddable":true,"href":"https:\/\/stp.com\/fr\/wp-json\/wp\/v2\/comments?post=4229"}],"version-history":[{"count":92,"href":"https:\/\/stp.com\/fr\/wp-json\/wp\/v2\/pages\/4229\/revisions"}],"predecessor-version":[{"id":8683,"href":"https:\/\/stp.com\/fr\/wp-json\/wp\/v2\/pages\/4229\/revisions\/8683"}],"up":[{"embeddable":true,"href":"https:\/\/stp.com\/fr\/wp-json\/wp\/v2\/pages\/4271"}],"wp:attachment":[{"href":"https:\/\/stp.com\/fr\/wp-json\/wp\/v2\/media?parent=4229"}],"curies":[{"name":"wp","href":"https:\/\/api.w.org\/{rel}","templated":true}]}}