{"id":4227,"date":"2025-04-01T17:18:48","date_gmt":"2025-04-01T11:48:48","guid":{"rendered":"https:\/\/c38a2c2a6e.nxcli.io\/fr\/?page_id=4227"},"modified":"2025-06-22T15:51:30","modified_gmt":"2025-06-22T10:21:30","slug":"a-propos-de-stp","status":"publish","type":"page","link":"https:\/\/stp.com\/fr\/a-propos-de-stp\/","title":{"rendered":"\u00c0 propos de STP\u00ae"},"content":{"rendered":"\t\t<div data-elementor-type=\"wp-page\" data-elementor-id=\"4227\" class=\"elementor elementor-4227\" data-elementor-post-type=\"page\">\n\t\t\t\t<div class=\"elementor-element elementor-element-dc45357 e-flex e-con-boxed e-con e-parent\" data-id=\"dc45357\" data-element_type=\"container\" data-e-type=\"container\" data-settings=\"{&quot;background_background&quot;:&quot;classic&quot;}\">\n\t\t\t\t\t<div class=\"e-con-inner\">\n\t\t\t\t<div class=\"elementor-element elementor-element-fcf9cc8 breadcrumb elementor-widget elementor-widget-breadcrumbs\" data-id=\"fcf9cc8\" data-element_type=\"widget\" data-e-type=\"widget\" data-widget_type=\"breadcrumbs.default\">\n\t\t\t\t<div class=\"elementor-widget-container\">\n\t\t\t\t\t<p id=\"breadcrumbs\"><span><span><a href=\"https:\/\/stp.com\/fr\/\">Home<\/a><\/span><\/span><\/p>\t\t\t\t<\/div>\n\t\t\t\t<\/div>\n\t\t<div class=\"elementor-element elementor-element-1682186 e-con-full e-flex e-con e-child\" data-id=\"1682186\" data-element_type=\"container\" data-e-type=\"container\">\n\t\t<div class=\"elementor-element elementor-element-f2399e3 e-con-full product__head e-flex e-con e-child\" data-id=\"f2399e3\" data-element_type=\"container\" data-e-type=\"container\">\n\t\t\t\t<div class=\"elementor-element elementor-element-2d79943 elementor-widget elementor-widget-text-editor\" data-id=\"2d79943\" data-element_type=\"widget\" data-e-type=\"widget\" data-widget_type=\"text-editor.default\">\n\t\t\t\t<div class=\"elementor-widget-container\">\n\t\t\t\t\t\t\t\t\t<p>Depuis plus de 60\u00a0ans \u2013 et plus de kilom\u00e8tres que nous ne pouvons en compter \u2013, STP\u00ae est l\u2019une des marques les plus r\u00e9put\u00e9es en mati\u00e8re d\u2019entretien automobile.<\/p><p>Que vous soyez simple amateur, m\u00e9canicien \u00e0 vos heures ou coureur professionnel, vous pouvez compter sur les additifs d\u2019huile ou d\u2019essence et les liquides de freins ou de servo-direction STP\u00ae pour que votre v\u00e9hicule fonctionne mieux et plus longtemps.<\/p><p>Le si\u00e8ge social de STP\u00ae est situ\u00e9 \u00e0 Danbury, au Connecticut, et la marque appartient \u00e0 Energizer Holdings, Inc.<\/p>\t\t\t\t\t\t\t\t<\/div>\n\t\t\t\t<\/div>\n\t\t\t\t<\/div>\n\t\t\t\t<\/div>\n\t\t\t\t\t<\/div>\n\t\t\t\t<\/div>\n\t\t<div class=\"elementor-element elementor-element-b361fa6 top-red-border e-flex e-con-boxed e-con e-parent\" data-id=\"b361fa6\" data-element_type=\"container\" data-e-type=\"container\" data-settings=\"{&quot;background_background&quot;:&quot;classic&quot;}\">\n\t\t\t\t\t<div class=\"e-con-inner\">\n\t\t<div class=\"elementor-element elementor-element-94a7626 e-con-full e-flex e-con e-child\" data-id=\"94a7626\" data-element_type=\"container\" data-e-type=\"container\">\n\t\t\t\t<div class=\"elementor-element elementor-element-4ab4f0b elementor-position-right elementor-vertical-align-middle image-text-section elementor-widget elementor-widget-global elementor-global-4620 elementor-widget-image-box\" data-id=\"4ab4f0b\" data-element_type=\"widget\" data-e-type=\"widget\" data-widget_type=\"image-box.default\">\n\t\t\t\t<div class=\"elementor-widget-container\">\n\t\t\t\t\t<div class=\"elementor-image-box-wrapper\"><figure class=\"elementor-image-box-img\"><img fetchpriority=\"high\" decoding=\"async\" width=\"762\" height=\"427\" src=\"https:\/\/stpcdnimage.imgix.net\/fr\/wp-content\/uploads\/sites\/12\/2025\/04\/test-history.jpg?auto=format%2Ccompress\" class=\"attachment-full size-full wp-image-4610\" alt=\"\" srcset=\"https:\/\/stpcdnimage.imgix.net\/fr\/wp-content\/uploads\/sites\/12\/2025\/04\/test-history.jpg?w=762 762w, https:\/\/stpcdnimage.imgix.net\/fr\/wp-content\/uploads\/sites\/12\/2025\/04\/test-history.jpg?w=300 300w\" sizes=\"(max-width: 762px) 100vw, 762px\" \/><\/figure><div class=\"elementor-image-box-content\"><h3 class=\"elementor-image-box-title\">Histoire<\/h3><p class=\"elementor-image-box-description\">Apprenez-en davantage sur l\u2019histoire de STP, soci\u00e9t\u00e9 fond\u00e9e en 1954.\n\n\n<p><a class=\"btn\" href=\"https:\/\/stp.com\/fr\/a-propos-de-stp\/histoire-de-stp\">L\u2019histoire de STP\u00ae<\/a><\/p><\/p><\/div><\/div>\t\t\t\t<\/div>\n\t\t\t\t<\/div>\n\t\t\t\t<div class=\"elementor-element elementor-element-9a0c96a elementor-position-left elementor-vertical-align-middle image-text-section left-image elementor-widget elementor-widget-global elementor-global-4630 elementor-widget-image-box\" data-id=\"9a0c96a\" data-element_type=\"widget\" data-e-type=\"widget\" data-widget_type=\"image-box.default\">\n\t\t\t\t<div class=\"elementor-widget-container\">\n\t\t\t\t\t<div class=\"elementor-image-box-wrapper\"><figure class=\"elementor-image-box-img\"><img decoding=\"async\" width=\"762\" height=\"427\" src=\"https:\/\/stpcdnimage.imgix.net\/fr\/wp-content\/uploads\/sites\/12\/2025\/04\/richardpettyhero.jpg?auto=format%2Ccompress\" class=\"attachment-full size-full wp-image-4623\" alt=\"\" srcset=\"https:\/\/stpcdnimage.imgix.net\/fr\/wp-content\/uploads\/sites\/12\/2025\/04\/richardpettyhero.jpg?w=762 762w, https:\/\/stpcdnimage.imgix.net\/fr\/wp-content\/uploads\/sites\/12\/2025\/04\/richardpettyhero.jpg?w=300 300w\" sizes=\"(max-width: 762px) 100vw, 762px\" \/><\/figure><div class=\"elementor-image-box-content\"><h3 class=\"elementor-image-box-title\">Course automobile<\/h3><p class=\"elementor-image-box-description\">Lorsque Richard Petty a remport\u00e9 la victoire sur le circuit Riverside International, lors de la premi\u00e8re course de la saison NASCAR  1972, son bolide arborait fi\u00e8rement le logo STP\u00ae et il y est toujours aujourd\u2019hui.\n\n<p><a class=\"btn\" href=\"https:\/\/stp.com\/fr\/a-propos-de-stp\/course-automobile\/\">STP\u00ae et la course automobile<\/a><\/p><\/p><\/div><\/div>\t\t\t\t<\/div>\n\t\t\t\t<\/div>\n\t\t\t\t<div class=\"elementor-element elementor-element-e049ab3 elementor-position-right elementor-vertical-align-middle image-text-section elementor-widget elementor-widget-image-box\" data-id=\"e049ab3\" data-element_type=\"widget\" data-e-type=\"widget\" data-widget_type=\"image-box.default\">\n\t\t\t\t<div class=\"elementor-widget-container\">\n\t\t\t\t\t<div class=\"elementor-image-box-wrapper\"><figure class=\"elementor-image-box-img\"><img decoding=\"async\" width=\"813\" height=\"611\" src=\"https:\/\/stpcdnimage.imgix.net\/fr\/wp-content\/uploads\/sites\/12\/2025\/04\/stp.png?auto=format%2Ccompress\" class=\"attachment-full size-full wp-image-4636\" alt=\"stp logo\" srcset=\"https:\/\/stpcdnimage.imgix.net\/fr\/wp-content\/uploads\/sites\/12\/2025\/04\/stp.png?w=813 813w, https:\/\/stpcdnimage.imgix.net\/fr\/wp-content\/uploads\/sites\/12\/2025\/04\/stp.png?w=300 300w, https:\/\/stpcdnimage.imgix.net\/fr\/wp-content\/uploads\/sites\/12\/2025\/04\/stp.png?w=768 768w\" sizes=\"(max-width: 813px) 100vw, 813px\" \/><\/figure><div class=\"elementor-image-box-content\"><h3 class=\"elementor-image-box-title\">Trouver un d\u00e9taillant<\/h3><p class=\"elementor-image-box-description\">Cliquez ici pour trouver le point de vente de produits STP le plus pr\u00e8s de chez vous.\n\n<p><a class=\"btn\" href=\"https:\/\/stp.com\/fr\/trouvez-un-detaillant-pres-de-chez-vous\/\">Trouver un d\u00e9taillant<\/a><\/p><\/p><\/div><\/div>\t\t\t\t<\/div>\n\t\t\t\t<\/div>\n\t\t\t\t<\/div>\n\t\t\t\t\t<\/div>\n\t\t\t\t<\/div>\n\t\t\t\t<\/div>\n\t\t","protected":false},"excerpt":{"rendered":"<p>Depuis plus de 60\u00a0ans \u2013 et plus de kilom\u00e8tres que nous ne pouvons en compter \u2013, STP\u00ae est l\u2019une des marques les plus r\u00e9put\u00e9es en mati\u00e8re d\u2019entretien automobile. Que vous soyez simple amateur, m\u00e9canicien \u00e0 vos heures ou coureur professionnel, vous pouvez compter sur les additifs d\u2019huile ou d\u2019essence et les liquides de freins ou [&hellip;]<\/p>\n","protected":false},"author":1,"featured_media":0,"parent":0,"menu_order":0,"comment_status":"closed","ping_status":"closed","template":"","meta":{"_acf_changed":false,"footnotes":""},"class_list":["post-4227","page","type-page","status-publish","hentry"],"acf":[],"yoast_head":"<!-- This site is optimized with the Yoast SEO plugin v27.4 - https:\/\/yoast.com\/product\/yoast-seo-wordpress\/ -->\n<title>\u00c0 propos de STP\u00ae - STP France<\/title>\n<meta name=\"robots\" content=\"index, follow, max-snippet:-1, max-image-preview:large, max-video-preview:-1\" \/>\n<link rel=\"canonical\" href=\"https:\/\/stp.com\/fr\/a-propos-de-stp\/\" \/>\n<meta property=\"og:locale\" content=\"en_US\" \/>\n<meta property=\"og:type\" content=\"article\" \/>\n<meta property=\"og:title\" content=\"\u00c0 propos de STP\u00ae - STP France\" \/>\n<meta property=\"og:description\" content=\"Depuis plus de 60\u00a0ans \u2013 et plus de kilom\u00e8tres que nous ne pouvons en compter \u2013, STP\u00ae est l\u2019une des marques les plus r\u00e9put\u00e9es en mati\u00e8re d\u2019entretien automobile. Que vous soyez simple amateur, m\u00e9canicien \u00e0 vos heures ou coureur professionnel, vous pouvez compter sur les additifs d\u2019huile ou d\u2019essence et les liquides de freins ou [&hellip;]\" \/>\n<meta property=\"og:url\" content=\"https:\/\/stp.com\/fr\/a-propos-de-stp\/\" \/>\n<meta property=\"og:site_name\" content=\"STP France\" \/>\n<meta property=\"article:modified_time\" content=\"2025-06-22T10:21:30+00:00\" \/>\n<meta property=\"og:image\" content=\"https:\/\/stp.com\/fr\/wp-content\/uploads\/sites\/12\/2025\/04\/test-history.jpg\" \/>\n<meta name=\"twitter:card\" content=\"summary_large_image\" \/>\n<meta name=\"twitter:label1\" content=\"Est. reading time\" \/>\n\t<meta name=\"twitter:data1\" content=\"2 minutes\" \/>\n<script type=\"application\/ld+json\" class=\"yoast-schema-graph\">{\"@context\":\"https:\\\/\\\/schema.org\",\"@graph\":[{\"@type\":\"WebPage\",\"@id\":\"https:\\\/\\\/stp.com\\\/fr\\\/a-propos-de-stp\\\/\",\"url\":\"https:\\\/\\\/stp.com\\\/fr\\\/a-propos-de-stp\\\/\",\"name\":\"\u00c0 propos de STP\u00ae - STP France\",\"isPartOf\":{\"@id\":\"https:\\\/\\\/c38a2c2a6e.nxcli.io\\\/fr\\\/#website\"},\"primaryImageOfPage\":{\"@id\":\"https:\\\/\\\/stp.com\\\/fr\\\/a-propos-de-stp\\\/#primaryimage\"},\"image\":{\"@id\":\"https:\\\/\\\/stp.com\\\/fr\\\/a-propos-de-stp\\\/#primaryimage\"},\"thumbnailUrl\":\"https:\\\/\\\/stp.com\\\/fr\\\/wp-content\\\/uploads\\\/sites\\\/12\\\/2025\\\/04\\\/test-history.jpg\",\"datePublished\":\"2025-04-01T11:48:48+00:00\",\"dateModified\":\"2025-06-22T10:21:30+00:00\",\"breadcrumb\":{\"@id\":\"https:\\\/\\\/stp.com\\\/fr\\\/a-propos-de-stp\\\/#breadcrumb\"},\"inLanguage\":\"en-US\",\"potentialAction\":[{\"@type\":\"ReadAction\",\"target\":[\"https:\\\/\\\/stp.com\\\/fr\\\/a-propos-de-stp\\\/\"]}]},{\"@type\":\"ImageObject\",\"inLanguage\":\"en-US\",\"@id\":\"https:\\\/\\\/stp.com\\\/fr\\\/a-propos-de-stp\\\/#primaryimage\",\"url\":\"https:\\\/\\\/stpcdnimage.imgix.net\\\/fr\\\/wp-content\\\/uploads\\\/sites\\\/12\\\/2025\\\/04\\\/test-history.jpg?auto=format%2Ccompress\",\"contentUrl\":\"https:\\\/\\\/stpcdnimage.imgix.net\\\/fr\\\/wp-content\\\/uploads\\\/sites\\\/12\\\/2025\\\/04\\\/test-history.jpg?auto=format%2Ccompress\",\"width\":762,\"height\":427},{\"@type\":\"BreadcrumbList\",\"@id\":\"https:\\\/\\\/stp.com\\\/fr\\\/a-propos-de-stp\\\/#breadcrumb\",\"itemListElement\":[{\"@type\":\"ListItem\",\"position\":1,\"name\":\"Home\",\"item\":\"https:\\\/\\\/stp.com\\\/fr\\\/\"},{\"@type\":\"ListItem\",\"position\":2,\"name\":\"\u00c0 propos de STP\u00ae\"}]},{\"@type\":\"WebSite\",\"@id\":\"https:\\\/\\\/c38a2c2a6e.nxcli.io\\\/fr\\\/#website\",\"url\":\"https:\\\/\\\/c38a2c2a6e.nxcli.io\\\/fr\\\/\",\"name\":\"STP France\",\"description\":\"Science. Technology. Performance\",\"potentialAction\":[{\"@type\":\"SearchAction\",\"target\":{\"@type\":\"EntryPoint\",\"urlTemplate\":\"https:\\\/\\\/c38a2c2a6e.nxcli.io\\\/fr\\\/?s={search_term_string}\"},\"query-input\":{\"@type\":\"PropertyValueSpecification\",\"valueRequired\":true,\"valueName\":\"search_term_string\"}}],\"inLanguage\":\"en-US\"}]}<\/script>\n<!-- \/ Yoast SEO plugin. -->","yoast_head_json":{"title":"\u00c0 propos de STP\u00ae - STP France","robots":{"index":"index","follow":"follow","max-snippet":"max-snippet:-1","max-image-preview":"max-image-preview:large","max-video-preview":"max-video-preview:-1"},"canonical":"https:\/\/stp.com\/fr\/a-propos-de-stp\/","og_locale":"en_US","og_type":"article","og_title":"\u00c0 propos de STP\u00ae - STP France","og_description":"Depuis plus de 60\u00a0ans \u2013 et plus de kilom\u00e8tres que nous ne pouvons en compter \u2013, STP\u00ae est l\u2019une des marques les plus r\u00e9put\u00e9es en mati\u00e8re d\u2019entretien automobile. Que vous soyez simple amateur, m\u00e9canicien \u00e0 vos heures ou coureur professionnel, vous pouvez compter sur les additifs d\u2019huile ou d\u2019essence et les liquides de freins ou [&hellip;]","og_url":"https:\/\/stp.com\/fr\/a-propos-de-stp\/","og_site_name":"STP France","article_modified_time":"2025-06-22T10:21:30+00:00","og_image":[{"url":"https:\/\/stp.com\/fr\/wp-content\/uploads\/sites\/12\/2025\/04\/test-history.jpg","type":"","width":"","height":""}],"twitter_card":"summary_large_image","twitter_misc":{"Est. reading time":"2 minutes"},"schema":{"@context":"https:\/\/schema.org","@graph":[{"@type":"WebPage","@id":"https:\/\/stp.com\/fr\/a-propos-de-stp\/","url":"https:\/\/stp.com\/fr\/a-propos-de-stp\/","name":"\u00c0 propos de STP\u00ae - STP France","isPartOf":{"@id":"https:\/\/c38a2c2a6e.nxcli.io\/fr\/#website"},"primaryImageOfPage":{"@id":"https:\/\/stp.com\/fr\/a-propos-de-stp\/#primaryimage"},"image":{"@id":"https:\/\/stp.com\/fr\/a-propos-de-stp\/#primaryimage"},"thumbnailUrl":"https:\/\/stp.com\/fr\/wp-content\/uploads\/sites\/12\/2025\/04\/test-history.jpg","datePublished":"2025-04-01T11:48:48+00:00","dateModified":"2025-06-22T10:21:30+00:00","breadcrumb":{"@id":"https:\/\/stp.com\/fr\/a-propos-de-stp\/#breadcrumb"},"inLanguage":"en-US","potentialAction":[{"@type":"ReadAction","target":["https:\/\/stp.com\/fr\/a-propos-de-stp\/"]}]},{"@type":"ImageObject","inLanguage":"en-US","@id":"https:\/\/stp.com\/fr\/a-propos-de-stp\/#primaryimage","url":"https:\/\/stpcdnimage.imgix.net\/fr\/wp-content\/uploads\/sites\/12\/2025\/04\/test-history.jpg?auto=format%2Ccompress","contentUrl":"https:\/\/stpcdnimage.imgix.net\/fr\/wp-content\/uploads\/sites\/12\/2025\/04\/test-history.jpg?auto=format%2Ccompress","width":762,"height":427},{"@type":"BreadcrumbList","@id":"https:\/\/stp.com\/fr\/a-propos-de-stp\/#breadcrumb","itemListElement":[{"@type":"ListItem","position":1,"name":"Home","item":"https:\/\/stp.com\/fr\/"},{"@type":"ListItem","position":2,"name":"\u00c0 propos de STP\u00ae"}]},{"@type":"WebSite","@id":"https:\/\/c38a2c2a6e.nxcli.io\/fr\/#website","url":"https:\/\/c38a2c2a6e.nxcli.io\/fr\/","name":"STP France","description":"Science. Technology. Performance","potentialAction":[{"@type":"SearchAction","target":{"@type":"EntryPoint","urlTemplate":"https:\/\/c38a2c2a6e.nxcli.io\/fr\/?s={search_term_string}"},"query-input":{"@type":"PropertyValueSpecification","valueRequired":true,"valueName":"search_term_string"}}],"inLanguage":"en-US"}]}},"_links":{"self":[{"href":"https:\/\/stp.com\/fr\/wp-json\/wp\/v2\/pages\/4227","targetHints":{"allow":["GET"]}}],"collection":[{"href":"https:\/\/stp.com\/fr\/wp-json\/wp\/v2\/pages"}],"about":[{"href":"https:\/\/stp.com\/fr\/wp-json\/wp\/v2\/types\/page"}],"author":[{"embeddable":true,"href":"https:\/\/stp.com\/fr\/wp-json\/wp\/v2\/users\/1"}],"replies":[{"embeddable":true,"href":"https:\/\/stp.com\/fr\/wp-json\/wp\/v2\/comments?post=4227"}],"version-history":[{"count":98,"href":"https:\/\/stp.com\/fr\/wp-json\/wp\/v2\/pages\/4227\/revisions"}],"predecessor-version":[{"id":8770,"href":"https:\/\/stp.com\/fr\/wp-json\/wp\/v2\/pages\/4227\/revisions\/8770"}],"wp:attachment":[{"href":"https:\/\/stp.com\/fr\/wp-json\/wp\/v2\/media?parent=4227"}],"curies":[{"name":"wp","href":"https:\/\/api.w.org\/{rel}","templated":true}]}}