{"id":6515,"date":"2025-04-07T19:03:07","date_gmt":"2025-04-07T13:33:07","guid":{"rendered":"https:\/\/c38a2c2a6e.nxcli.io\/fi\/?page_id=6515"},"modified":"2025-07-25T16:42:45","modified_gmt":"2025-07-25T11:12:45","slug":"loyda-jalleenmyyja-laheltasi","status":"publish","type":"page","link":"https:\/\/stp.com\/fi\/loyda-jalleenmyyja-laheltasi\/","title":{"rendered":"L\u00f6yd\u00e4 j\u00e4lleenmyyj\u00e4 l\u00e4helt\u00e4si"},"content":{"rendered":"\t\t<div data-elementor-type=\"wp-page\" data-elementor-id=\"6515\" class=\"elementor elementor-6515\" data-elementor-post-type=\"page\">\n\t\t\t\t<div class=\"elementor-element elementor-element-1993045 e-flex e-con-boxed e-con e-parent\" data-id=\"1993045\" data-element_type=\"container\" data-e-type=\"container\" data-settings=\"{&quot;background_background&quot;:&quot;classic&quot;}\">\n\t\t\t\t\t<div class=\"e-con-inner\">\n\t\t\t\t<div class=\"elementor-element elementor-element-7536e7d breadcrumb elementor-widget elementor-widget-breadcrumbs\" data-id=\"7536e7d\" data-element_type=\"widget\" data-e-type=\"widget\" data-widget_type=\"breadcrumbs.default\">\n\t\t\t\t<div class=\"elementor-widget-container\">\n\t\t\t\t\t<p id=\"breadcrumbs\"><span><span><a href=\"https:\/\/stp.com\/fi\/\">Home<\/a><\/span><\/span><\/p>\t\t\t\t<\/div>\n\t\t\t\t<\/div>\n\t\t<div class=\"elementor-element elementor-element-1b6750e e-con-full e-flex e-con e-child\" data-id=\"1b6750e\" data-element_type=\"container\" data-e-type=\"container\">\n\t\t<div class=\"elementor-element elementor-element-df5b016 e-con-full product__head e-flex e-con e-child\" data-id=\"df5b016\" data-element_type=\"container\" data-e-type=\"container\">\n\t\t\t\t<div class=\"elementor-element elementor-element-edeb7cb elementor-widget elementor-widget-text-editor\" data-id=\"edeb7cb\" data-element_type=\"widget\" data-e-type=\"widget\" data-widget_type=\"text-editor.default\">\n\t\t\t\t<div class=\"elementor-widget-container\">\n\t\t\t\t\t\t\t\t\t<div class=\"col\"><p>L\u00f6yd\u00e4 STP\u00ae-tuote k\u00e4ytt\u00e4m\u00e4ll\u00e4 l\u00f6yd\u00e4 j\u00e4lleenmyyj\u00e4 -hakua.<\/p><\/div>\t\t\t\t\t\t\t\t<\/div>\n\t\t\t\t<\/div>\n\t\t\t\t<\/div>\n\t\t\t\t<\/div>\n\t\t\t\t\t<\/div>\n\t\t\t\t<\/div>\n\t\t<div class=\"elementor-element elementor-element-5887ada top-red-border e-flex e-con-boxed e-con e-parent\" data-id=\"5887ada\" data-element_type=\"container\" data-e-type=\"container\" data-settings=\"{&quot;background_background&quot;:&quot;classic&quot;}\">\n\t\t\t\t\t<div class=\"e-con-inner\">\n\t\t<div class=\"elementor-element elementor-element-3812882 e-con-full e-flex e-con e-child\" data-id=\"3812882\" data-element_type=\"container\" data-e-type=\"container\" data-settings=\"{&quot;background_background&quot;:&quot;classic&quot;}\">\n\t\t\t\t<div class=\"elementor-element elementor-element-83da6d0 elementor-widget elementor-widget-heading\" data-id=\"83da6d0\" data-element_type=\"widget\" data-e-type=\"widget\" data-widget_type=\"heading.default\">\n\t\t\t\t<div class=\"elementor-widget-container\">\n\t\t\t\t\t<h2 class=\"elementor-heading-title elementor-size-default\">J\u00e4lleenmyyj\u00e4mme\n<\/h2>\t\t\t\t<\/div>\n\t\t\t\t<\/div>\n\t\t<div class=\"elementor-element elementor-element-148d875 e-grid e-con-full e-con e-child\" data-id=\"148d875\" data-element_type=\"container\" data-e-type=\"container\">\n\t\t\t\t<div class=\"elementor-element elementor-element-0ff9502 elementor-widget elementor-widget-image\" data-id=\"0ff9502\" data-element_type=\"widget\" data-e-type=\"widget\" data-widget_type=\"image.default\">\n\t\t\t\t<div class=\"elementor-widget-container\">\n\t\t\t\t\t\t\t\t\t\t\t\t\t\t\t\t<a href=\"https:\/\/www.ak24.fi\/fi\/tavarat\/0\/0\/?q=STP\" target=\"_blank\" aria-label=\"autotarvikkeet\">\n\t\t\t\t\t\t\t<img fetchpriority=\"high\" decoding=\"async\" width=\"1024\" height=\"1024\" src=\"https:\/\/stpcdnimage.imgix.net\/wp-content\/uploads\/sites\/20\/2025\/06\/AK24_Colour.avif?w=1024&amp;h=1024\" class=\"attachment-large size-large wp-image-7872\" alt=\"\" \/>\t\t\t\t\t\t\t\t<\/a>\n\t\t\t\t\t\t\t\t\t\t\t\t\t\t\t<\/div>\n\t\t\t\t<\/div>\n\t\t\t\t<div class=\"elementor-element elementor-element-44864a6 elementor-widget elementor-widget-image\" data-id=\"44864a6\" data-element_type=\"widget\" data-e-type=\"widget\" data-widget_type=\"image.default\">\n\t\t\t\t<div class=\"elementor-widget-container\">\n\t\t\t\t\t\t\t\t\t\t\t\t\t\t\t\t<a href=\"https:\/\/www.autodude.fi\/fi\/c\/search?query=STP&#038;page=0&#038;sort=popularity\" target=\"_blank\" aria-label=\"autodude\">\n\t\t\t\t\t\t\t<img decoding=\"async\" width=\"1024\" height=\"1024\" src=\"https:\/\/stpcdnimage.imgix.net\/wp-content\/uploads\/sites\/20\/2025\/06\/Autodude_Colour.avif?w=1024&amp;h=1024\" class=\"attachment-large size-large wp-image-7871\" alt=\"\" \/>\t\t\t\t\t\t\t\t<\/a>\n\t\t\t\t\t\t\t\t\t\t\t\t\t\t\t<\/div>\n\t\t\t\t<\/div>\n\t\t\t\t<div class=\"elementor-element elementor-element-23134d0 elementor-widget elementor-widget-image\" data-id=\"23134d0\" data-element_type=\"widget\" data-e-type=\"widget\" data-widget_type=\"image.default\">\n\t\t\t\t<div class=\"elementor-widget-container\">\n\t\t\t\t\t\t\t\t\t\t\t\t\t\t\t\t<a href=\"https:\/\/www.karkkainen.com\/verkkokauppa\/haku\/STP?term=STP\" target=\"_blank\" aria-label=\"karkkainen\">\n\t\t\t\t\t\t\t<img decoding=\"async\" width=\"1024\" height=\"1024\" src=\"https:\/\/stpcdnimage.imgix.net\/wp-content\/uploads\/sites\/20\/2025\/06\/Karkkainen_Colour.avif?w=1024&amp;h=1024\" class=\"attachment-large size-large wp-image-7870\" alt=\"\" \/>\t\t\t\t\t\t\t\t<\/a>\n\t\t\t\t\t\t\t\t\t\t\t\t\t\t\t<\/div>\n\t\t\t\t<\/div>\n\t\t\t\t<div class=\"elementor-element elementor-element-985d0c1 elementor-widget elementor-widget-image\" data-id=\"985d0c1\" data-element_type=\"widget\" data-e-type=\"widget\" data-widget_type=\"image.default\">\n\t\t\t\t<div class=\"elementor-widget-container\">\n\t\t\t\t\t\t\t\t\t\t\t\t\t\t\t\t<a href=\"https:\/\/www.motonet.fi\/fi\/haku?q=STP\" target=\"_blank\" aria-label=\"motonet\">\n\t\t\t\t\t\t\t<img loading=\"lazy\" decoding=\"async\" width=\"1024\" height=\"1024\" src=\"https:\/\/stpcdnimage.imgix.net\/wp-content\/uploads\/sites\/20\/2025\/06\/Motonet_Colour.avif?w=1024&amp;h=1024\" class=\"attachment-large size-large wp-image-7869\" alt=\"\" \/>\t\t\t\t\t\t\t\t<\/a>\n\t\t\t\t\t\t\t\t\t\t\t\t\t\t\t<\/div>\n\t\t\t\t<\/div>\n\t\t\t\t<div class=\"elementor-element elementor-element-3f1e3d6 elementor-widget elementor-widget-image\" data-id=\"3f1e3d6\" data-element_type=\"widget\" data-e-type=\"widget\" data-widget_type=\"image.default\">\n\t\t\t\t<div class=\"elementor-widget-container\">\n\t\t\t\t\t\t\t\t\t\t\t\t\t\t\t\t<a href=\"https:\/\/www.puuilo.fi\/catalogsearch\/result\/?q=STP\" target=\"_blank\" aria-label=\"puuilo\">\n\t\t\t\t\t\t\t<img loading=\"lazy\" decoding=\"async\" width=\"1024\" height=\"1024\" src=\"https:\/\/stpcdnimage.imgix.net\/wp-content\/uploads\/sites\/20\/2025\/06\/PUUILO_Colour.avif?w=1024&amp;h=1024\" class=\"attachment-large size-large wp-image-7868\" alt=\"\" \/>\t\t\t\t\t\t\t\t<\/a>\n\t\t\t\t\t\t\t\t\t\t\t\t\t\t\t<\/div>\n\t\t\t\t<\/div>\n\t\t\t\t<div class=\"elementor-element elementor-element-78ca36a elementor-widget elementor-widget-image\" data-id=\"78ca36a\" data-element_type=\"widget\" data-e-type=\"widget\" data-widget_type=\"image.default\">\n\t\t\t\t<div class=\"elementor-widget-container\">\n\t\t\t\t\t\t\t\t\t\t\t\t\t\t\t\t<a href=\"https:\/\/www.tokmanni.fi\/search\/?q=STP\" target=\"_blank\" aria-label=\"tokmanni\">\n\t\t\t\t\t\t\t<img loading=\"lazy\" decoding=\"async\" width=\"1024\" height=\"1024\" src=\"https:\/\/stpcdnimage.imgix.net\/wp-content\/uploads\/sites\/20\/2025\/06\/Tokmanni_Colour.avif?w=1024&amp;h=1024\" class=\"attachment-large size-large wp-image-7867\" alt=\"\" \/>\t\t\t\t\t\t\t\t<\/a>\n\t\t\t\t\t\t\t\t\t\t\t\t\t\t\t<\/div>\n\t\t\t\t<\/div>\n\t\t\t\t<\/div>\n\t\t\t\t<\/div>\n\t\t\t\t\t<\/div>\n\t\t\t\t<\/div>\n\t\t\t\t<\/div>\n\t\t","protected":false},"excerpt":{"rendered":"<p>L\u00f6yd\u00e4 STP\u00ae-tuote k\u00e4ytt\u00e4m\u00e4ll\u00e4 l\u00f6yd\u00e4 j\u00e4lleenmyyj\u00e4 -hakua. J\u00e4lleenmyyj\u00e4mme<\/p>\n","protected":false},"author":1,"featured_media":0,"parent":0,"menu_order":0,"comment_status":"closed","ping_status":"closed","template":"","meta":{"_acf_changed":false,"footnotes":""},"class_list":["post-6515","page","type-page","status-publish","hentry"],"acf":[],"yoast_head":"<!-- This site is optimized with the Yoast SEO plugin v27.4 - https:\/\/yoast.com\/product\/yoast-seo-wordpress\/ -->\n<title>L\u00f6yd\u00e4 j\u00e4lleenmyyj\u00e4 l\u00e4helt\u00e4si - STP Finland<\/title>\n<meta name=\"robots\" content=\"index, follow, max-snippet:-1, max-image-preview:large, max-video-preview:-1\" \/>\n<link rel=\"canonical\" href=\"https:\/\/stp.com\/fi\/loyda-jalleenmyyja-laheltasi\/\" \/>\n<meta property=\"og:locale\" content=\"en_US\" \/>\n<meta property=\"og:type\" content=\"article\" \/>\n<meta property=\"og:title\" content=\"L\u00f6yd\u00e4 j\u00e4lleenmyyj\u00e4 l\u00e4helt\u00e4si - STP Finland\" \/>\n<meta property=\"og:description\" content=\"L\u00f6yd\u00e4 STP\u00ae-tuote k\u00e4ytt\u00e4m\u00e4ll\u00e4 l\u00f6yd\u00e4 j\u00e4lleenmyyj\u00e4 -hakua. J\u00e4lleenmyyj\u00e4mme\" \/>\n<meta property=\"og:url\" content=\"https:\/\/stp.com\/fi\/loyda-jalleenmyyja-laheltasi\/\" \/>\n<meta property=\"og:site_name\" content=\"STP Finland\" \/>\n<meta property=\"article:modified_time\" content=\"2025-07-25T11:12:45+00:00\" \/>\n<meta name=\"twitter:card\" content=\"summary_large_image\" \/>\n<meta name=\"twitter:label1\" content=\"Est. reading time\" \/>\n\t<meta name=\"twitter:data1\" content=\"2 minutes\" \/>\n<script type=\"application\/ld+json\" class=\"yoast-schema-graph\">{\"@context\":\"https:\\\/\\\/schema.org\",\"@graph\":[{\"@type\":\"WebPage\",\"@id\":\"https:\\\/\\\/stp.com\\\/fi\\\/loyda-jalleenmyyja-laheltasi\\\/\",\"url\":\"https:\\\/\\\/stp.com\\\/fi\\\/loyda-jalleenmyyja-laheltasi\\\/\",\"name\":\"L\u00f6yd\u00e4 j\u00e4lleenmyyj\u00e4 l\u00e4helt\u00e4si - STP Finland\",\"isPartOf\":{\"@id\":\"https:\\\/\\\/c38a2c2a6e.nxcli.io\\\/fi\\\/#website\"},\"primaryImageOfPage\":{\"@id\":\"https:\\\/\\\/stp.com\\\/fi\\\/loyda-jalleenmyyja-laheltasi\\\/#primaryimage\"},\"image\":{\"@id\":\"https:\\\/\\\/stp.com\\\/fi\\\/loyda-jalleenmyyja-laheltasi\\\/#primaryimage\"},\"thumbnailUrl\":\"https:\\\/\\\/stpcdnimage.imgix.net\\\/wp-content\\\/uploads\\\/sites\\\/20\\\/2025\\\/06\\\/AK24_Colour.avif?w=1024&amp;h=1024\",\"datePublished\":\"2025-04-07T13:33:07+00:00\",\"dateModified\":\"2025-07-25T11:12:45+00:00\",\"breadcrumb\":{\"@id\":\"https:\\\/\\\/stp.com\\\/fi\\\/loyda-jalleenmyyja-laheltasi\\\/#breadcrumb\"},\"inLanguage\":\"en-US\",\"potentialAction\":[{\"@type\":\"ReadAction\",\"target\":[\"https:\\\/\\\/stp.com\\\/fi\\\/loyda-jalleenmyyja-laheltasi\\\/\"]}]},{\"@type\":\"ImageObject\",\"inLanguage\":\"en-US\",\"@id\":\"https:\\\/\\\/stp.com\\\/fi\\\/loyda-jalleenmyyja-laheltasi\\\/#primaryimage\",\"url\":\"https:\\\/\\\/stpcdnimage.imgix.net\\\/wp-content\\\/uploads\\\/sites\\\/20\\\/2025\\\/06\\\/AK24_Colour.avif?w=1024&amp;h=1024\",\"contentUrl\":\"https:\\\/\\\/stpcdnimage.imgix.net\\\/wp-content\\\/uploads\\\/sites\\\/20\\\/2025\\\/06\\\/AK24_Colour.avif?w=1024&amp;h=1024\"},{\"@type\":\"BreadcrumbList\",\"@id\":\"https:\\\/\\\/stp.com\\\/fi\\\/loyda-jalleenmyyja-laheltasi\\\/#breadcrumb\",\"itemListElement\":[{\"@type\":\"ListItem\",\"position\":1,\"name\":\"Home\",\"item\":\"https:\\\/\\\/stp.com\\\/fi\\\/\"},{\"@type\":\"ListItem\",\"position\":2,\"name\":\"L\u00f6yd\u00e4 j\u00e4lleenmyyj\u00e4 l\u00e4helt\u00e4si\"}]},{\"@type\":\"WebSite\",\"@id\":\"https:\\\/\\\/c38a2c2a6e.nxcli.io\\\/fi\\\/#website\",\"url\":\"https:\\\/\\\/c38a2c2a6e.nxcli.io\\\/fi\\\/\",\"name\":\"STP Finland\",\"description\":\"Science. Technology. Performance\",\"potentialAction\":[{\"@type\":\"SearchAction\",\"target\":{\"@type\":\"EntryPoint\",\"urlTemplate\":\"https:\\\/\\\/c38a2c2a6e.nxcli.io\\\/fi\\\/?s={search_term_string}\"},\"query-input\":{\"@type\":\"PropertyValueSpecification\",\"valueRequired\":true,\"valueName\":\"search_term_string\"}}],\"inLanguage\":\"en-US\"}]}<\/script>\n<!-- \/ Yoast SEO plugin. -->","yoast_head_json":{"title":"L\u00f6yd\u00e4 j\u00e4lleenmyyj\u00e4 l\u00e4helt\u00e4si - STP Finland","robots":{"index":"index","follow":"follow","max-snippet":"max-snippet:-1","max-image-preview":"max-image-preview:large","max-video-preview":"max-video-preview:-1"},"canonical":"https:\/\/stp.com\/fi\/loyda-jalleenmyyja-laheltasi\/","og_locale":"en_US","og_type":"article","og_title":"L\u00f6yd\u00e4 j\u00e4lleenmyyj\u00e4 l\u00e4helt\u00e4si - STP Finland","og_description":"L\u00f6yd\u00e4 STP\u00ae-tuote k\u00e4ytt\u00e4m\u00e4ll\u00e4 l\u00f6yd\u00e4 j\u00e4lleenmyyj\u00e4 -hakua. J\u00e4lleenmyyj\u00e4mme","og_url":"https:\/\/stp.com\/fi\/loyda-jalleenmyyja-laheltasi\/","og_site_name":"STP Finland","article_modified_time":"2025-07-25T11:12:45+00:00","twitter_card":"summary_large_image","twitter_misc":{"Est. reading time":"2 minutes"},"schema":{"@context":"https:\/\/schema.org","@graph":[{"@type":"WebPage","@id":"https:\/\/stp.com\/fi\/loyda-jalleenmyyja-laheltasi\/","url":"https:\/\/stp.com\/fi\/loyda-jalleenmyyja-laheltasi\/","name":"L\u00f6yd\u00e4 j\u00e4lleenmyyj\u00e4 l\u00e4helt\u00e4si - STP Finland","isPartOf":{"@id":"https:\/\/c38a2c2a6e.nxcli.io\/fi\/#website"},"primaryImageOfPage":{"@id":"https:\/\/stp.com\/fi\/loyda-jalleenmyyja-laheltasi\/#primaryimage"},"image":{"@id":"https:\/\/stp.com\/fi\/loyda-jalleenmyyja-laheltasi\/#primaryimage"},"thumbnailUrl":"https:\/\/stpcdnimage.imgix.net\/wp-content\/uploads\/sites\/20\/2025\/06\/AK24_Colour.avif?w=1024&amp;h=1024","datePublished":"2025-04-07T13:33:07+00:00","dateModified":"2025-07-25T11:12:45+00:00","breadcrumb":{"@id":"https:\/\/stp.com\/fi\/loyda-jalleenmyyja-laheltasi\/#breadcrumb"},"inLanguage":"en-US","potentialAction":[{"@type":"ReadAction","target":["https:\/\/stp.com\/fi\/loyda-jalleenmyyja-laheltasi\/"]}]},{"@type":"ImageObject","inLanguage":"en-US","@id":"https:\/\/stp.com\/fi\/loyda-jalleenmyyja-laheltasi\/#primaryimage","url":"https:\/\/stpcdnimage.imgix.net\/wp-content\/uploads\/sites\/20\/2025\/06\/AK24_Colour.avif?w=1024&amp;h=1024","contentUrl":"https:\/\/stpcdnimage.imgix.net\/wp-content\/uploads\/sites\/20\/2025\/06\/AK24_Colour.avif?w=1024&amp;h=1024"},{"@type":"BreadcrumbList","@id":"https:\/\/stp.com\/fi\/loyda-jalleenmyyja-laheltasi\/#breadcrumb","itemListElement":[{"@type":"ListItem","position":1,"name":"Home","item":"https:\/\/stp.com\/fi\/"},{"@type":"ListItem","position":2,"name":"L\u00f6yd\u00e4 j\u00e4lleenmyyj\u00e4 l\u00e4helt\u00e4si"}]},{"@type":"WebSite","@id":"https:\/\/c38a2c2a6e.nxcli.io\/fi\/#website","url":"https:\/\/c38a2c2a6e.nxcli.io\/fi\/","name":"STP Finland","description":"Science. Technology. Performance","potentialAction":[{"@type":"SearchAction","target":{"@type":"EntryPoint","urlTemplate":"https:\/\/c38a2c2a6e.nxcli.io\/fi\/?s={search_term_string}"},"query-input":{"@type":"PropertyValueSpecification","valueRequired":true,"valueName":"search_term_string"}}],"inLanguage":"en-US"}]}},"_links":{"self":[{"href":"https:\/\/stp.com\/fi\/wp-json\/wp\/v2\/pages\/6515","targetHints":{"allow":["GET"]}}],"collection":[{"href":"https:\/\/stp.com\/fi\/wp-json\/wp\/v2\/pages"}],"about":[{"href":"https:\/\/stp.com\/fi\/wp-json\/wp\/v2\/types\/page"}],"author":[{"embeddable":true,"href":"https:\/\/stp.com\/fi\/wp-json\/wp\/v2\/users\/1"}],"replies":[{"embeddable":true,"href":"https:\/\/stp.com\/fi\/wp-json\/wp\/v2\/comments?post=6515"}],"version-history":[{"count":40,"href":"https:\/\/stp.com\/fi\/wp-json\/wp\/v2\/pages\/6515\/revisions"}],"predecessor-version":[{"id":8804,"href":"https:\/\/stp.com\/fi\/wp-json\/wp\/v2\/pages\/6515\/revisions\/8804"}],"wp:attachment":[{"href":"https:\/\/stp.com\/fi\/wp-json\/wp\/v2\/media?parent=6515"}],"curies":[{"name":"wp","href":"https:\/\/api.w.org\/{rel}","templated":true}]}}