{"id":5852,"date":"2025-04-04T19:15:41","date_gmt":"2025-04-04T13:45:41","guid":{"rendered":"https:\/\/c38a2c2a6e.nxcli.io\/fi\/?page_id=5852"},"modified":"2025-06-11T14:22:35","modified_gmt":"2025-06-11T08:52:35","slug":"tehoton-ohjaustehostin","status":"publish","type":"page","link":"https:\/\/stp.com\/fi\/ongelmanratkaisu\/tehoton-ohjaustehostin\/","title":{"rendered":"TEHOTON OHJAUSTEHOSTIN"},"content":{"rendered":"\t\t<div data-elementor-type=\"wp-page\" data-elementor-id=\"5852\" class=\"elementor elementor-5852\" data-elementor-post-type=\"page\">\n\t\t\t\t<div class=\"elementor-element elementor-element-d4886c2 e-flex e-con-boxed e-con e-parent\" data-id=\"d4886c2\" data-element_type=\"container\" data-e-type=\"container\" data-settings=\"{&quot;background_background&quot;:&quot;classic&quot;}\">\n\t\t\t\t\t<div class=\"e-con-inner\">\n\t\t\t\t<div class=\"elementor-element elementor-element-6eab7ab breadcrumb elementor-widget elementor-widget-breadcrumbs\" data-id=\"6eab7ab\" data-element_type=\"widget\" data-e-type=\"widget\" data-widget_type=\"breadcrumbs.default\">\n\t\t\t\t<div class=\"elementor-widget-container\">\n\t\t\t\t\t<p id=\"breadcrumbs\"><span><span><a href=\"https:\/\/stp.com\/fi\/\">Home<\/a><\/span><\/span><\/p>\t\t\t\t<\/div>\n\t\t\t\t<\/div>\n\t\t<div class=\"elementor-element elementor-element-28a9f92 e-con-full e-flex e-con e-child\" data-id=\"28a9f92\" data-element_type=\"container\" data-e-type=\"container\">\n\t\t<div class=\"elementor-element elementor-element-9e8ee7b e-con-full product__head e-flex e-con e-child\" data-id=\"9e8ee7b\" data-element_type=\"container\" data-e-type=\"container\">\n\t\t\t\t<\/div>\n\t\t\t\t<\/div>\n\t\t\t\t\t<\/div>\n\t\t\t\t<\/div>\n\t\t<div class=\"elementor-element elementor-element-1d9f309 top-red-border e-flex e-con-boxed e-con e-parent\" data-id=\"1d9f309\" data-element_type=\"container\" data-e-type=\"container\" data-settings=\"{&quot;background_background&quot;:&quot;classic&quot;}\">\n\t\t\t\t\t<div class=\"e-con-inner\">\n\t\t<div class=\"elementor-element elementor-element-d276655 e-con-full e-flex e-con e-child\" data-id=\"d276655\" data-element_type=\"container\" data-e-type=\"container\">\n\t\t\t\t<div class=\"elementor-element elementor-element-ce3dac0 elementor-position-right elementor-vertical-align-middle image-text-section elementor-widget elementor-widget-image-box\" data-id=\"ce3dac0\" data-element_type=\"widget\" data-e-type=\"widget\" data-widget_type=\"image-box.default\">\n\t\t\t\t<div class=\"elementor-widget-container\">\n\t\t\t\t\t<div class=\"elementor-image-box-wrapper\"><figure class=\"elementor-image-box-img\"><img fetchpriority=\"high\" decoding=\"async\" width=\"2560\" height=\"1450\" src=\"https:\/\/stpcdnimage.imgix.net\/wp-content\/uploads\/sites\/20\/2025\/04\/LostPowerSteeringCrop-scaled-1.avif\" class=\"attachment-full size-full wp-image-5857\" alt=\"\" \/><\/figure><div class=\"elementor-image-box-content\"><p class=\"elementor-image-box-description\">Kuuletko rattia jyrk\u00e4sti k\u00e4\u00e4nt\u00e4ess\u00e4si murisevan \u00e4\u00e4nen? Se on merkki ohjaustehostimen tehottomuudesta, mik\u00e4 johtuu nestevuodosta.  T\u00e4m\u00e4n lis\u00e4ksi ohjaustehostimen nesteet sis\u00e4lt\u00e4v\u00e4t \u00f6ljyj\u00e4, jotka voivat hapettua. T\u00e4ll\u00f6in ohjaustehostimen nesteen kyky virrata ja suojata sis\u00e4isi\u00e4 osia vaarantuu. Tarkasta ajoneuvon ohjekirjasta, milloin ohjausneste on vaihdettava, jotta ohjauksen aikana esiintyv\u00e4 tehonmenetys korjaantuu.\n\n<\/p><\/div><\/div>\t\t\t\t<\/div>\n\t\t\t\t<\/div>\n\t\t\t\t<\/div>\n\t\t\t\t\t<\/div>\n\t\t\t\t<\/div>\n\t\t<div class=\"elementor-element elementor-element-ad2304c prod-related-container e-flex e-con-boxed e-con e-child\" data-id=\"ad2304c\" data-element_type=\"container\" data-e-type=\"container\" data-settings=\"{&quot;background_background&quot;:&quot;classic&quot;}\">\n\t\t\t\t\t<div class=\"e-con-inner\">\n\t\t\t\t<div class=\"elementor-element elementor-element-dd28a0e arm__product-related elementor-widget elementor-widget-shortcode\" data-id=\"dd28a0e\" data-element_type=\"widget\" data-e-type=\"widget\" data-widget_type=\"shortcode.default\">\n\t\t\t\t<div class=\"elementor-widget-container\">\n\t\t\t\t\t\t\t<div class=\"elementor-shortcode\">\t<div class=\"product_related\">\n\t\t\t\t\t<div class=\"section-intro section-intro--left\" id=\"anchor-intro-block_\">\n\n\t\t\t\t\t<div class=\"section-intro__content\" id=\"anchor-intro-content_\">\n\t\t\t\t\t\t<div role=\"doc-subtitle\">Pid\u00e4 ohjaustehostin hyv\u00e4ss\u00e4 kunnossa n\u00e4ill\u00e4 tuotteilla:\n<\/div>\n\t\t\t\t\t<\/div>\n\n\t\t\t\t<div class=\"section-intro__button\">\n\t\t\t\t\t\t\t\t\t<\/div>\n\t\t\t<\/div>\n\t\t\t\t<div class=\"building-block\">\n\t\t\t<div class=\"slider slider--listing\" role=\"region\" aria-roledescription=\"carousel\" aria-label=\"Featured product carousel\" data-items-0=\"1\" data-items-500=\"2\" data-items-900=\"3\" data-items-1200=\"4\" data-autoplay=\"false\">\n\t\t\t\t<div class=\"slider__controls\">\n\t\t\t\t\t\t\t\t\t\t\t\t\t\t<\/div>\n\t\t\t\t<div class=\"slider__wrapper\">\n\t\t\t\t\t<ul class=\"slider__panels\" id=\"slider-123\" class=\"carousel-items\" aria-live=\"polite\">\n\t\t\t\t\t\t \t\t\t\t\t\t\t<li class=\"slider__panel\" aria-hidden=\"false\" tabindex=\"-1\" aria-label=\"Slide 1 of 1\">\n\t\t\t\t\t\t\t\t <div class=\"grid grid-cols-4 grid-gutter-md\">\n\t\t\t\t\t\t\t\t\t\t\t\t\t\t\t\t\t\t\t<div class=\"card card--product\">\n\t\t\t\t\t\t\t\t\t\t\t<div class=\"card__image card__image--has-rollover\">\n\t\t\t\t\t\t\t\t\t\t\t\t<img decoding=\"async\" src=\"https:\/\/stpcdnimage.imgix.net\/global-media\/wp-content\/uploads\/sites\/6\/product-images\/E303203200_01.png\"  alt=\"Power Steering Fluid with Stop Leak Image 1\" class=\"\" width=\"250\" height=\"250\" \/>\n\t\t\t\t\t\t\t\t\t\t\t\t<div class=\"btn btn--solid rollover\">Katso Tuote<\/div>\n\t\t\t\t\t\t\t\t\t\t\t<\/div>\n\t\t\t\t\t\t\t\t\t\t\t<div class=\"card__pretitle\"><span class=\"card__category\">Auton nesteet<\/span><\/div>\n\t\t\t\t\t\t\t\t\t\t\t\t<h3 class=\"h3\"><a href=\"https:\/\/stp.com\/fi\/product\/power-steering-fluid-with-stop-leak\/\" class=\"cover-link card__link\">Power Steering Fluid with Stop Leak<\/a><\/h3>\n\t\t\t\t\t\t\t\t\t\t<\/div>\n\t\t\t\t\t\t\t\t\t\t\t\t\t\t\t\t\t<\/div>\n\t\t\t\t\t\t\t<\/li>\n\t\t\t\t\t\t\t\t\t\t\t<\/ul>\n\t\t\t\t<\/div>\n\t\t\t\t<div class=\"slider__nav\">\n\t\t\t\t\t\t\t\t\t\t<\/div>\n\t\t\t<\/div>\n\t\t<\/div>\n\t<\/div>\n<\/div>\n\t\t\t\t\t\t<\/div>\n\t\t\t\t<\/div>\n\t\t\t\t\t<\/div>\n\t\t\t\t<\/div>\n\t\t\t\t<\/div>\n\t\t","protected":false},"excerpt":{"rendered":"<p>Kuuletko rattia jyrk\u00e4sti k\u00e4\u00e4nt\u00e4ess\u00e4si murisevan \u00e4\u00e4nen? Se on merkki ohjaustehostimen tehottomuudesta, mik\u00e4 johtuu nestevuodosta. T\u00e4m\u00e4n lis\u00e4ksi ohjaustehostimen nesteet sis\u00e4lt\u00e4v\u00e4t \u00f6ljyj\u00e4, jotka voivat hapettua. T\u00e4ll\u00f6in ohjaustehostimen nesteen kyky virrata ja suojata sis\u00e4isi\u00e4 osia vaarantuu. Tarkasta ajoneuvon ohjekirjasta, milloin ohjausneste on vaihdettava, jotta ohjauksen aikana esiintyv\u00e4 tehonmenetys korjaantuu.<\/p>\n","protected":false},"author":1,"featured_media":0,"parent":416,"menu_order":0,"comment_status":"closed","ping_status":"closed","template":"","meta":{"_acf_changed":false,"footnotes":""},"class_list":["post-5852","page","type-page","status-publish","hentry"],"acf":[],"yoast_head":"<!-- This site is optimized with the Yoast SEO plugin v27.4 - https:\/\/yoast.com\/product\/yoast-seo-wordpress\/ -->\n<title>TEHOTON OHJAUSTEHOSTIN - STP Finland<\/title>\n<meta name=\"robots\" content=\"index, follow, max-snippet:-1, max-image-preview:large, max-video-preview:-1\" \/>\n<link rel=\"canonical\" href=\"https:\/\/stp.com\/fi\/ongelmanratkaisu\/tehoton-ohjaustehostin\/\" \/>\n<meta property=\"og:locale\" content=\"en_US\" \/>\n<meta property=\"og:type\" content=\"article\" \/>\n<meta property=\"og:title\" content=\"TEHOTON OHJAUSTEHOSTIN - STP Finland\" \/>\n<meta property=\"og:description\" content=\"Kuuletko rattia jyrk\u00e4sti k\u00e4\u00e4nt\u00e4ess\u00e4si murisevan \u00e4\u00e4nen? Se on merkki ohjaustehostimen tehottomuudesta, mik\u00e4 johtuu nestevuodosta. T\u00e4m\u00e4n lis\u00e4ksi ohjaustehostimen nesteet sis\u00e4lt\u00e4v\u00e4t \u00f6ljyj\u00e4, jotka voivat hapettua. T\u00e4ll\u00f6in ohjaustehostimen nesteen kyky virrata ja suojata sis\u00e4isi\u00e4 osia vaarantuu. Tarkasta ajoneuvon ohjekirjasta, milloin ohjausneste on vaihdettava, jotta ohjauksen aikana esiintyv\u00e4 tehonmenetys korjaantuu.\" \/>\n<meta property=\"og:url\" content=\"https:\/\/stp.com\/fi\/ongelmanratkaisu\/tehoton-ohjaustehostin\/\" \/>\n<meta property=\"og:site_name\" content=\"STP Finland\" \/>\n<meta property=\"article:modified_time\" content=\"2025-06-11T08:52:35+00:00\" \/>\n<meta property=\"og:image\" content=\"https:\/\/stp.com\/fi\/wp-content\/uploads\/sites\/20\/2025\/04\/LostPowerSteeringCrop-scaled-1.avif\" \/>\n<meta name=\"twitter:card\" content=\"summary_large_image\" \/>\n<meta name=\"twitter:label1\" content=\"Est. reading time\" \/>\n\t<meta name=\"twitter:data1\" content=\"1 minute\" \/>\n<script type=\"application\/ld+json\" class=\"yoast-schema-graph\">{\"@context\":\"https:\\\/\\\/schema.org\",\"@graph\":[{\"@type\":\"WebPage\",\"@id\":\"https:\\\/\\\/stp.com\\\/fi\\\/ongelmanratkaisu\\\/tehoton-ohjaustehostin\\\/\",\"url\":\"https:\\\/\\\/stp.com\\\/fi\\\/ongelmanratkaisu\\\/tehoton-ohjaustehostin\\\/\",\"name\":\"TEHOTON OHJAUSTEHOSTIN - STP Finland\",\"isPartOf\":{\"@id\":\"https:\\\/\\\/c38a2c2a6e.nxcli.io\\\/fi\\\/#website\"},\"primaryImageOfPage\":{\"@id\":\"https:\\\/\\\/stp.com\\\/fi\\\/ongelmanratkaisu\\\/tehoton-ohjaustehostin\\\/#primaryimage\"},\"image\":{\"@id\":\"https:\\\/\\\/stp.com\\\/fi\\\/ongelmanratkaisu\\\/tehoton-ohjaustehostin\\\/#primaryimage\"},\"thumbnailUrl\":\"https:\\\/\\\/stp.com\\\/fi\\\/wp-content\\\/uploads\\\/sites\\\/20\\\/2025\\\/04\\\/LostPowerSteeringCrop-scaled-1.avif\",\"datePublished\":\"2025-04-04T13:45:41+00:00\",\"dateModified\":\"2025-06-11T08:52:35+00:00\",\"breadcrumb\":{\"@id\":\"https:\\\/\\\/stp.com\\\/fi\\\/ongelmanratkaisu\\\/tehoton-ohjaustehostin\\\/#breadcrumb\"},\"inLanguage\":\"en-US\",\"potentialAction\":[{\"@type\":\"ReadAction\",\"target\":[\"https:\\\/\\\/stp.com\\\/fi\\\/ongelmanratkaisu\\\/tehoton-ohjaustehostin\\\/\"]}]},{\"@type\":\"ImageObject\",\"inLanguage\":\"en-US\",\"@id\":\"https:\\\/\\\/stp.com\\\/fi\\\/ongelmanratkaisu\\\/tehoton-ohjaustehostin\\\/#primaryimage\",\"url\":\"https:\\\/\\\/stpcdnimage.imgix.net\\\/wp-content\\\/uploads\\\/sites\\\/20\\\/2025\\\/04\\\/LostPowerSteeringCrop-scaled-1.avif\",\"contentUrl\":\"https:\\\/\\\/stpcdnimage.imgix.net\\\/wp-content\\\/uploads\\\/sites\\\/20\\\/2025\\\/04\\\/LostPowerSteeringCrop-scaled-1.avif\",\"width\":2560,\"height\":1450},{\"@type\":\"BreadcrumbList\",\"@id\":\"https:\\\/\\\/stp.com\\\/fi\\\/ongelmanratkaisu\\\/tehoton-ohjaustehostin\\\/#breadcrumb\",\"itemListElement\":[{\"@type\":\"ListItem\",\"position\":1,\"name\":\"Home\",\"item\":\"https:\\\/\\\/stp.com\\\/fi\\\/\"},{\"@type\":\"ListItem\",\"position\":2,\"name\":\"Ongelmanratkaisu\",\"item\":\"https:\\\/\\\/stp.com\\\/fi\\\/ongelmanratkaisu\\\/\"},{\"@type\":\"ListItem\",\"position\":3,\"name\":\"TEHOTON OHJAUSTEHOSTIN\"}]},{\"@type\":\"WebSite\",\"@id\":\"https:\\\/\\\/c38a2c2a6e.nxcli.io\\\/fi\\\/#website\",\"url\":\"https:\\\/\\\/c38a2c2a6e.nxcli.io\\\/fi\\\/\",\"name\":\"STP Finland\",\"description\":\"Science. Technology. Performance\",\"potentialAction\":[{\"@type\":\"SearchAction\",\"target\":{\"@type\":\"EntryPoint\",\"urlTemplate\":\"https:\\\/\\\/c38a2c2a6e.nxcli.io\\\/fi\\\/?s={search_term_string}\"},\"query-input\":{\"@type\":\"PropertyValueSpecification\",\"valueRequired\":true,\"valueName\":\"search_term_string\"}}],\"inLanguage\":\"en-US\"}]}<\/script>\n<!-- \/ Yoast SEO plugin. -->","yoast_head_json":{"title":"TEHOTON OHJAUSTEHOSTIN - STP Finland","robots":{"index":"index","follow":"follow","max-snippet":"max-snippet:-1","max-image-preview":"max-image-preview:large","max-video-preview":"max-video-preview:-1"},"canonical":"https:\/\/stp.com\/fi\/ongelmanratkaisu\/tehoton-ohjaustehostin\/","og_locale":"en_US","og_type":"article","og_title":"TEHOTON OHJAUSTEHOSTIN - STP Finland","og_description":"Kuuletko rattia jyrk\u00e4sti k\u00e4\u00e4nt\u00e4ess\u00e4si murisevan \u00e4\u00e4nen? Se on merkki ohjaustehostimen tehottomuudesta, mik\u00e4 johtuu nestevuodosta. T\u00e4m\u00e4n lis\u00e4ksi ohjaustehostimen nesteet sis\u00e4lt\u00e4v\u00e4t \u00f6ljyj\u00e4, jotka voivat hapettua. T\u00e4ll\u00f6in ohjaustehostimen nesteen kyky virrata ja suojata sis\u00e4isi\u00e4 osia vaarantuu. Tarkasta ajoneuvon ohjekirjasta, milloin ohjausneste on vaihdettava, jotta ohjauksen aikana esiintyv\u00e4 tehonmenetys korjaantuu.","og_url":"https:\/\/stp.com\/fi\/ongelmanratkaisu\/tehoton-ohjaustehostin\/","og_site_name":"STP Finland","article_modified_time":"2025-06-11T08:52:35+00:00","og_image":[{"url":"https:\/\/stp.com\/fi\/wp-content\/uploads\/sites\/20\/2025\/04\/LostPowerSteeringCrop-scaled-1.avif","type":"","width":"","height":""}],"twitter_card":"summary_large_image","twitter_misc":{"Est. reading time":"1 minute"},"schema":{"@context":"https:\/\/schema.org","@graph":[{"@type":"WebPage","@id":"https:\/\/stp.com\/fi\/ongelmanratkaisu\/tehoton-ohjaustehostin\/","url":"https:\/\/stp.com\/fi\/ongelmanratkaisu\/tehoton-ohjaustehostin\/","name":"TEHOTON OHJAUSTEHOSTIN - STP Finland","isPartOf":{"@id":"https:\/\/c38a2c2a6e.nxcli.io\/fi\/#website"},"primaryImageOfPage":{"@id":"https:\/\/stp.com\/fi\/ongelmanratkaisu\/tehoton-ohjaustehostin\/#primaryimage"},"image":{"@id":"https:\/\/stp.com\/fi\/ongelmanratkaisu\/tehoton-ohjaustehostin\/#primaryimage"},"thumbnailUrl":"https:\/\/stp.com\/fi\/wp-content\/uploads\/sites\/20\/2025\/04\/LostPowerSteeringCrop-scaled-1.avif","datePublished":"2025-04-04T13:45:41+00:00","dateModified":"2025-06-11T08:52:35+00:00","breadcrumb":{"@id":"https:\/\/stp.com\/fi\/ongelmanratkaisu\/tehoton-ohjaustehostin\/#breadcrumb"},"inLanguage":"en-US","potentialAction":[{"@type":"ReadAction","target":["https:\/\/stp.com\/fi\/ongelmanratkaisu\/tehoton-ohjaustehostin\/"]}]},{"@type":"ImageObject","inLanguage":"en-US","@id":"https:\/\/stp.com\/fi\/ongelmanratkaisu\/tehoton-ohjaustehostin\/#primaryimage","url":"https:\/\/stpcdnimage.imgix.net\/wp-content\/uploads\/sites\/20\/2025\/04\/LostPowerSteeringCrop-scaled-1.avif","contentUrl":"https:\/\/stpcdnimage.imgix.net\/wp-content\/uploads\/sites\/20\/2025\/04\/LostPowerSteeringCrop-scaled-1.avif","width":2560,"height":1450},{"@type":"BreadcrumbList","@id":"https:\/\/stp.com\/fi\/ongelmanratkaisu\/tehoton-ohjaustehostin\/#breadcrumb","itemListElement":[{"@type":"ListItem","position":1,"name":"Home","item":"https:\/\/stp.com\/fi\/"},{"@type":"ListItem","position":2,"name":"Ongelmanratkaisu","item":"https:\/\/stp.com\/fi\/ongelmanratkaisu\/"},{"@type":"ListItem","position":3,"name":"TEHOTON OHJAUSTEHOSTIN"}]},{"@type":"WebSite","@id":"https:\/\/c38a2c2a6e.nxcli.io\/fi\/#website","url":"https:\/\/c38a2c2a6e.nxcli.io\/fi\/","name":"STP Finland","description":"Science. Technology. Performance","potentialAction":[{"@type":"SearchAction","target":{"@type":"EntryPoint","urlTemplate":"https:\/\/c38a2c2a6e.nxcli.io\/fi\/?s={search_term_string}"},"query-input":{"@type":"PropertyValueSpecification","valueRequired":true,"valueName":"search_term_string"}}],"inLanguage":"en-US"}]}},"_links":{"self":[{"href":"https:\/\/stp.com\/fi\/wp-json\/wp\/v2\/pages\/5852","targetHints":{"allow":["GET"]}}],"collection":[{"href":"https:\/\/stp.com\/fi\/wp-json\/wp\/v2\/pages"}],"about":[{"href":"https:\/\/stp.com\/fi\/wp-json\/wp\/v2\/types\/page"}],"author":[{"embeddable":true,"href":"https:\/\/stp.com\/fi\/wp-json\/wp\/v2\/users\/1"}],"replies":[{"embeddable":true,"href":"https:\/\/stp.com\/fi\/wp-json\/wp\/v2\/comments?post=5852"}],"version-history":[{"count":20,"href":"https:\/\/stp.com\/fi\/wp-json\/wp\/v2\/pages\/5852\/revisions"}],"predecessor-version":[{"id":8366,"href":"https:\/\/stp.com\/fi\/wp-json\/wp\/v2\/pages\/5852\/revisions\/8366"}],"up":[{"embeddable":true,"href":"https:\/\/stp.com\/fi\/wp-json\/wp\/v2\/pages\/416"}],"wp:attachment":[{"href":"https:\/\/stp.com\/fi\/wp-json\/wp\/v2\/media?parent=5852"}],"curies":[{"name":"wp","href":"https:\/\/api.w.org\/{rel}","templated":true}]}}