{"id":5845,"date":"2025-04-04T19:12:11","date_gmt":"2025-04-04T13:42:11","guid":{"rendered":"https:\/\/c38a2c2a6e.nxcli.io\/fi\/?page_id=5845"},"modified":"2025-06-11T14:24:01","modified_gmt":"2025-06-11T08:54:01","slug":"vanhentunut-polttoaine","status":"publish","type":"page","link":"https:\/\/stp.com\/fi\/ongelmanratkaisu\/vanhentunut-polttoaine\/","title":{"rendered":"Vanhentunut polttoaine"},"content":{"rendered":"\t\t<div data-elementor-type=\"wp-page\" data-elementor-id=\"5845\" class=\"elementor elementor-5845\" data-elementor-post-type=\"page\">\n\t\t\t\t<div class=\"elementor-element elementor-element-a190730 e-flex e-con-boxed e-con e-parent\" data-id=\"a190730\" data-element_type=\"container\" data-e-type=\"container\" data-settings=\"{&quot;background_background&quot;:&quot;classic&quot;}\">\n\t\t\t\t\t<div class=\"e-con-inner\">\n\t\t\t\t<div class=\"elementor-element elementor-element-346e2a9 breadcrumb elementor-widget elementor-widget-breadcrumbs\" data-id=\"346e2a9\" data-element_type=\"widget\" data-e-type=\"widget\" data-widget_type=\"breadcrumbs.default\">\n\t\t\t\t<div class=\"elementor-widget-container\">\n\t\t\t\t\t<p id=\"breadcrumbs\"><span><span><a href=\"https:\/\/stp.com\/fi\/\">Home<\/a><\/span><\/span><\/p>\t\t\t\t<\/div>\n\t\t\t\t<\/div>\n\t\t<div class=\"elementor-element elementor-element-947a200 e-con-full e-flex e-con e-child\" data-id=\"947a200\" data-element_type=\"container\" data-e-type=\"container\">\n\t\t<div class=\"elementor-element elementor-element-2508f10 e-con-full product__head e-flex e-con e-child\" data-id=\"2508f10\" data-element_type=\"container\" data-e-type=\"container\">\n\t\t\t\t<\/div>\n\t\t\t\t<\/div>\n\t\t\t\t\t<\/div>\n\t\t\t\t<\/div>\n\t\t<div class=\"elementor-element elementor-element-891ac39 top-red-border e-flex e-con-boxed e-con e-parent\" data-id=\"891ac39\" data-element_type=\"container\" data-e-type=\"container\" data-settings=\"{&quot;background_background&quot;:&quot;classic&quot;}\">\n\t\t\t\t\t<div class=\"e-con-inner\">\n\t\t<div class=\"elementor-element elementor-element-e69f560 e-con-full e-flex e-con e-child\" data-id=\"e69f560\" data-element_type=\"container\" data-e-type=\"container\">\n\t\t\t\t<div class=\"elementor-element elementor-element-132f48f elementor-position-right elementor-vertical-align-middle image-text-section elementor-widget elementor-widget-image-box\" data-id=\"132f48f\" data-element_type=\"widget\" data-e-type=\"widget\" data-widget_type=\"image-box.default\">\n\t\t\t\t<div class=\"elementor-widget-container\">\n\t\t\t\t\t<div class=\"elementor-image-box-wrapper\"><figure class=\"elementor-image-box-img\"><img fetchpriority=\"high\" decoding=\"async\" width=\"1920\" height=\"1080\" src=\"https:\/\/stpcdnimage.imgix.net\/wp-content\/uploads\/sites\/20\/2025\/06\/Stale-Gas-Photo-10-resized.avif\" class=\"attachment-full size-full wp-image-7683\" alt=\"VANHENTUNUT POLTTOAINE\" \/><\/figure><div class=\"elementor-image-box-content\"><p class=\"elementor-image-box-description\">Tankkasitko polttoaineella, jota olit varastoinut, eik\u00e4 auto en\u00e4\u00e4 k\u00e4ynnisty? Polttoaine saattoi olla vanhaa. Polttoaine voi menett\u00e4\u00e4 osan tehokkuudestaan, jos se seisoo pitk\u00e4\u00e4n. Polttoainej\u00e4rjestelm\u00e4\u00e4n ker\u00e4\u00e4ntynyt kosteus ja korroosio voivat tukkia sen, mik\u00e4 saattaa aiheuttaa k\u00e4ynnistysvaikeuksia. T\u00e4m\u00e4 on tyypillist\u00e4 pienille moottoreille, joita ei k\u00e4ytet\u00e4 kovin usein. Lis\u00e4aineet, jotka s\u00e4ilytt\u00e4v\u00e4t polttoaineen tuoreuden, auttavat t\u00e4h\u00e4n ongelmaan.\n\n<\/p><\/div><\/div>\t\t\t\t<\/div>\n\t\t\t\t<\/div>\n\t\t\t\t<\/div>\n\t\t\t\t\t<\/div>\n\t\t\t\t<\/div>\n\t\t<div class=\"elementor-element elementor-element-6d2c96e prod-related-container e-flex e-con-boxed e-con e-child\" data-id=\"6d2c96e\" data-element_type=\"container\" data-e-type=\"container\" data-settings=\"{&quot;background_background&quot;:&quot;classic&quot;}\">\n\t\t\t\t\t<div class=\"e-con-inner\">\n\t\t\t\t<div class=\"elementor-element elementor-element-308944a arm__product-related elementor-widget elementor-widget-shortcode\" data-id=\"308944a\" data-element_type=\"widget\" data-e-type=\"widget\" data-widget_type=\"shortcode.default\">\n\t\t\t\t<div class=\"elementor-widget-container\">\n\t\t\t\t\t\t\t<div class=\"elementor-shortcode\">\t<div class=\"product_related\">\n\t\t\t\t\t<div class=\"section-intro section-intro--left\" id=\"anchor-intro-block_\">\n\n\t\t\t\t\t<div class=\"section-intro__content\" id=\"anchor-intro-content_\">\n\t\t\t\t\t\t<div role=\"doc-subtitle\">Pid\u00e4 polttoaine tuoreena n\u00e4ill\u00e4 tuotteilla:\n<\/div>\n\t\t\t\t\t<\/div>\n\n\t\t\t\t<div class=\"section-intro__button\">\n\t\t\t\t\t\t\t\t\t<\/div>\n\t\t\t<\/div>\n\t\t\t\t<div class=\"building-block\">\n\t\t\t<div class=\"slider slider--listing\" role=\"region\" aria-roledescription=\"carousel\" aria-label=\"Featured product carousel\" data-items-0=\"1\" data-items-500=\"2\" data-items-900=\"3\" data-items-1200=\"4\" data-autoplay=\"false\">\n\t\t\t\t<div class=\"slider__controls\">\n\t\t\t\t\t\t\t\t\t\t\t\t\t\t<\/div>\n\t\t\t\t<div class=\"slider__wrapper\">\n\t\t\t\t\t<ul class=\"slider__panels\" id=\"slider-123\" class=\"carousel-items\" aria-live=\"polite\">\n\t\t\t\t\t\t \t\t\t\t\t\t\t<li class=\"slider__panel\" aria-hidden=\"false\" tabindex=\"-1\" aria-label=\"Slide 1 of 1\">\n\t\t\t\t\t\t\t\t <div class=\"grid grid-cols-4 grid-gutter-md\">\n\t\t\t\t\t\t\t\t\t\t\t\t\t\t\t\t\t\t\t<div class=\"card card--product\">\n\t\t\t\t\t\t\t\t\t\t\t<div class=\"card__image card__image--has-rollover\">\n\t\t\t\t\t\t\t\t\t\t\t\t<img decoding=\"async\" src=\"https:\/\/stpcdnimage.imgix.net\/global-media\/wp-content\/uploads\/sites\/6\/product-images\/E301993900_01.png\"  alt=\"Complete Fuel System Cleaner \u2013 Bensin Image 1\" class=\"\" width=\"250\" height=\"250\" \/>\n\t\t\t\t\t\t\t\t\t\t\t\t<div class=\"btn btn--solid rollover\">Katso Tuote<\/div>\n\t\t\t\t\t\t\t\t\t\t\t<\/div>\n\t\t\t\t\t\t\t\t\t\t\t<div class=\"card__pretitle\"><span class=\"card__category\">Moottori ja polttoainej\u00e4rjestelm\u00e4<\/span><\/div>\n\t\t\t\t\t\t\t\t\t\t\t\t<h3 class=\"h3\"><a href=\"https:\/\/stp.com\/fi\/product\/complete-fuel-system-cleaner-bensin\/\" class=\"cover-link card__link\">Complete Fuel System Cleaner \u2013 Bensin<\/a><\/h3>\n\t\t\t\t\t\t\t\t\t\t<\/div>\n\t\t\t\t\t\t\t\t\t\t\t\t\t\t\t\t\t\t\t<div class=\"card card--product\">\n\t\t\t\t\t\t\t\t\t\t\t<div class=\"card__image card__image--has-rollover\">\n\t\t\t\t\t\t\t\t\t\t\t\t<img decoding=\"async\" src=\"https:\/\/stpcdnimage.imgix.net\/global-media\/wp-content\/uploads\/sites\/6\/product-images\/E302008501_01.png\"  alt=\"Complete System Cleaner \u2013 Diesel Image 1\" class=\"\" width=\"250\" height=\"250\" \/>\n\t\t\t\t\t\t\t\t\t\t\t\t<div class=\"btn btn--solid rollover\">Katso Tuote<\/div>\n\t\t\t\t\t\t\t\t\t\t\t<\/div>\n\t\t\t\t\t\t\t\t\t\t\t<div class=\"card__pretitle\"><span class=\"card__category\">Moottori ja polttoainej\u00e4rjestelm\u00e4<\/span><\/div>\n\t\t\t\t\t\t\t\t\t\t\t\t<h3 class=\"h3\"><a href=\"https:\/\/stp.com\/fi\/product\/complete-system-cleaner-diesel\/\" class=\"cover-link card__link\">Complete System Cleaner \u2013 Diesel<\/a><\/h3>\n\t\t\t\t\t\t\t\t\t\t<\/div>\n\t\t\t\t\t\t\t\t\t\t\t\t\t\t\t\t\t<\/div>\n\t\t\t\t\t\t\t<\/li>\n\t\t\t\t\t\t\t\t\t\t\t<\/ul>\n\t\t\t\t<\/div>\n\t\t\t\t<div class=\"slider__nav\">\n\t\t\t\t\t\t\t\t\t\t<\/div>\n\t\t\t<\/div>\n\t\t<\/div>\n\t<\/div>\n<\/div>\n\t\t\t\t\t\t<\/div>\n\t\t\t\t<\/div>\n\t\t\t\t\t<\/div>\n\t\t\t\t<\/div>\n\t\t\t\t<\/div>\n\t\t","protected":false},"excerpt":{"rendered":"<p>Tankkasitko polttoaineella, jota olit varastoinut, eik\u00e4 auto en\u00e4\u00e4 k\u00e4ynnisty? Polttoaine saattoi olla vanhaa. Polttoaine voi menett\u00e4\u00e4 osan tehokkuudestaan, jos se seisoo pitk\u00e4\u00e4n. Polttoainej\u00e4rjestelm\u00e4\u00e4n ker\u00e4\u00e4ntynyt kosteus ja korroosio voivat tukkia sen, mik\u00e4 saattaa aiheuttaa k\u00e4ynnistysvaikeuksia. T\u00e4m\u00e4 on tyypillist\u00e4 pienille moottoreille, joita ei k\u00e4ytet\u00e4 kovin usein. Lis\u00e4aineet, jotka s\u00e4ilytt\u00e4v\u00e4t polttoaineen tuoreuden, auttavat t\u00e4h\u00e4n ongelmaan.<\/p>\n","protected":false},"author":1,"featured_media":0,"parent":416,"menu_order":0,"comment_status":"closed","ping_status":"closed","template":"","meta":{"_acf_changed":false,"footnotes":""},"class_list":["post-5845","page","type-page","status-publish","hentry"],"acf":[],"yoast_head":"<!-- This site is optimized with the Yoast SEO plugin v27.4 - https:\/\/yoast.com\/product\/yoast-seo-wordpress\/ -->\n<title>Vanhentunut polttoaine - STP Finland<\/title>\n<meta name=\"robots\" content=\"index, follow, max-snippet:-1, max-image-preview:large, max-video-preview:-1\" \/>\n<link rel=\"canonical\" href=\"https:\/\/stp.com\/fi\/ongelmanratkaisu\/vanhentunut-polttoaine\/\" \/>\n<meta property=\"og:locale\" content=\"en_US\" \/>\n<meta property=\"og:type\" content=\"article\" \/>\n<meta property=\"og:title\" content=\"Vanhentunut polttoaine - STP Finland\" \/>\n<meta property=\"og:description\" content=\"Tankkasitko polttoaineella, jota olit varastoinut, eik\u00e4 auto en\u00e4\u00e4 k\u00e4ynnisty? Polttoaine saattoi olla vanhaa. Polttoaine voi menett\u00e4\u00e4 osan tehokkuudestaan, jos se seisoo pitk\u00e4\u00e4n. Polttoainej\u00e4rjestelm\u00e4\u00e4n ker\u00e4\u00e4ntynyt kosteus ja korroosio voivat tukkia sen, mik\u00e4 saattaa aiheuttaa k\u00e4ynnistysvaikeuksia. T\u00e4m\u00e4 on tyypillist\u00e4 pienille moottoreille, joita ei k\u00e4ytet\u00e4 kovin usein. Lis\u00e4aineet, jotka s\u00e4ilytt\u00e4v\u00e4t polttoaineen tuoreuden, auttavat t\u00e4h\u00e4n ongelmaan.\" \/>\n<meta property=\"og:url\" content=\"https:\/\/stp.com\/fi\/ongelmanratkaisu\/vanhentunut-polttoaine\/\" \/>\n<meta property=\"og:site_name\" content=\"STP Finland\" \/>\n<meta property=\"article:modified_time\" content=\"2025-06-11T08:54:01+00:00\" \/>\n<meta property=\"og:image\" content=\"https:\/\/stp.com\/fi\/wp-content\/uploads\/sites\/20\/2025\/06\/Stale-Gas-Photo-10-resized.avif\" \/>\n<meta name=\"twitter:card\" content=\"summary_large_image\" \/>\n<meta name=\"twitter:label1\" content=\"Est. reading time\" \/>\n\t<meta name=\"twitter:data1\" content=\"1 minute\" \/>\n<script type=\"application\/ld+json\" class=\"yoast-schema-graph\">{\"@context\":\"https:\\\/\\\/schema.org\",\"@graph\":[{\"@type\":\"WebPage\",\"@id\":\"https:\\\/\\\/stp.com\\\/fi\\\/ongelmanratkaisu\\\/vanhentunut-polttoaine\\\/\",\"url\":\"https:\\\/\\\/stp.com\\\/fi\\\/ongelmanratkaisu\\\/vanhentunut-polttoaine\\\/\",\"name\":\"Vanhentunut polttoaine - STP Finland\",\"isPartOf\":{\"@id\":\"https:\\\/\\\/c38a2c2a6e.nxcli.io\\\/fi\\\/#website\"},\"primaryImageOfPage\":{\"@id\":\"https:\\\/\\\/stp.com\\\/fi\\\/ongelmanratkaisu\\\/vanhentunut-polttoaine\\\/#primaryimage\"},\"image\":{\"@id\":\"https:\\\/\\\/stp.com\\\/fi\\\/ongelmanratkaisu\\\/vanhentunut-polttoaine\\\/#primaryimage\"},\"thumbnailUrl\":\"https:\\\/\\\/stp.com\\\/fi\\\/wp-content\\\/uploads\\\/sites\\\/20\\\/2025\\\/06\\\/Stale-Gas-Photo-10-resized.avif\",\"datePublished\":\"2025-04-04T13:42:11+00:00\",\"dateModified\":\"2025-06-11T08:54:01+00:00\",\"breadcrumb\":{\"@id\":\"https:\\\/\\\/stp.com\\\/fi\\\/ongelmanratkaisu\\\/vanhentunut-polttoaine\\\/#breadcrumb\"},\"inLanguage\":\"en-US\",\"potentialAction\":[{\"@type\":\"ReadAction\",\"target\":[\"https:\\\/\\\/stp.com\\\/fi\\\/ongelmanratkaisu\\\/vanhentunut-polttoaine\\\/\"]}]},{\"@type\":\"ImageObject\",\"inLanguage\":\"en-US\",\"@id\":\"https:\\\/\\\/stp.com\\\/fi\\\/ongelmanratkaisu\\\/vanhentunut-polttoaine\\\/#primaryimage\",\"url\":\"https:\\\/\\\/stpcdnimage.imgix.net\\\/wp-content\\\/uploads\\\/sites\\\/20\\\/2025\\\/06\\\/Stale-Gas-Photo-10-resized.avif\",\"contentUrl\":\"https:\\\/\\\/stpcdnimage.imgix.net\\\/wp-content\\\/uploads\\\/sites\\\/20\\\/2025\\\/06\\\/Stale-Gas-Photo-10-resized.avif\",\"width\":1920,\"height\":1080,\"caption\":\"VANHENTUNUT POLTTOAINE\"},{\"@type\":\"BreadcrumbList\",\"@id\":\"https:\\\/\\\/stp.com\\\/fi\\\/ongelmanratkaisu\\\/vanhentunut-polttoaine\\\/#breadcrumb\",\"itemListElement\":[{\"@type\":\"ListItem\",\"position\":1,\"name\":\"Home\",\"item\":\"https:\\\/\\\/stp.com\\\/fi\\\/\"},{\"@type\":\"ListItem\",\"position\":2,\"name\":\"Ongelmanratkaisu\",\"item\":\"https:\\\/\\\/stp.com\\\/fi\\\/ongelmanratkaisu\\\/\"},{\"@type\":\"ListItem\",\"position\":3,\"name\":\"Vanhentunut polttoaine\"}]},{\"@type\":\"WebSite\",\"@id\":\"https:\\\/\\\/c38a2c2a6e.nxcli.io\\\/fi\\\/#website\",\"url\":\"https:\\\/\\\/c38a2c2a6e.nxcli.io\\\/fi\\\/\",\"name\":\"STP Finland\",\"description\":\"Science. Technology. Performance\",\"potentialAction\":[{\"@type\":\"SearchAction\",\"target\":{\"@type\":\"EntryPoint\",\"urlTemplate\":\"https:\\\/\\\/c38a2c2a6e.nxcli.io\\\/fi\\\/?s={search_term_string}\"},\"query-input\":{\"@type\":\"PropertyValueSpecification\",\"valueRequired\":true,\"valueName\":\"search_term_string\"}}],\"inLanguage\":\"en-US\"}]}<\/script>\n<!-- \/ Yoast SEO plugin. -->","yoast_head_json":{"title":"Vanhentunut polttoaine - STP Finland","robots":{"index":"index","follow":"follow","max-snippet":"max-snippet:-1","max-image-preview":"max-image-preview:large","max-video-preview":"max-video-preview:-1"},"canonical":"https:\/\/stp.com\/fi\/ongelmanratkaisu\/vanhentunut-polttoaine\/","og_locale":"en_US","og_type":"article","og_title":"Vanhentunut polttoaine - STP Finland","og_description":"Tankkasitko polttoaineella, jota olit varastoinut, eik\u00e4 auto en\u00e4\u00e4 k\u00e4ynnisty? Polttoaine saattoi olla vanhaa. Polttoaine voi menett\u00e4\u00e4 osan tehokkuudestaan, jos se seisoo pitk\u00e4\u00e4n. Polttoainej\u00e4rjestelm\u00e4\u00e4n ker\u00e4\u00e4ntynyt kosteus ja korroosio voivat tukkia sen, mik\u00e4 saattaa aiheuttaa k\u00e4ynnistysvaikeuksia. T\u00e4m\u00e4 on tyypillist\u00e4 pienille moottoreille, joita ei k\u00e4ytet\u00e4 kovin usein. Lis\u00e4aineet, jotka s\u00e4ilytt\u00e4v\u00e4t polttoaineen tuoreuden, auttavat t\u00e4h\u00e4n ongelmaan.","og_url":"https:\/\/stp.com\/fi\/ongelmanratkaisu\/vanhentunut-polttoaine\/","og_site_name":"STP Finland","article_modified_time":"2025-06-11T08:54:01+00:00","og_image":[{"url":"https:\/\/stp.com\/fi\/wp-content\/uploads\/sites\/20\/2025\/06\/Stale-Gas-Photo-10-resized.avif","type":"","width":"","height":""}],"twitter_card":"summary_large_image","twitter_misc":{"Est. reading time":"1 minute"},"schema":{"@context":"https:\/\/schema.org","@graph":[{"@type":"WebPage","@id":"https:\/\/stp.com\/fi\/ongelmanratkaisu\/vanhentunut-polttoaine\/","url":"https:\/\/stp.com\/fi\/ongelmanratkaisu\/vanhentunut-polttoaine\/","name":"Vanhentunut polttoaine - STP Finland","isPartOf":{"@id":"https:\/\/c38a2c2a6e.nxcli.io\/fi\/#website"},"primaryImageOfPage":{"@id":"https:\/\/stp.com\/fi\/ongelmanratkaisu\/vanhentunut-polttoaine\/#primaryimage"},"image":{"@id":"https:\/\/stp.com\/fi\/ongelmanratkaisu\/vanhentunut-polttoaine\/#primaryimage"},"thumbnailUrl":"https:\/\/stp.com\/fi\/wp-content\/uploads\/sites\/20\/2025\/06\/Stale-Gas-Photo-10-resized.avif","datePublished":"2025-04-04T13:42:11+00:00","dateModified":"2025-06-11T08:54:01+00:00","breadcrumb":{"@id":"https:\/\/stp.com\/fi\/ongelmanratkaisu\/vanhentunut-polttoaine\/#breadcrumb"},"inLanguage":"en-US","potentialAction":[{"@type":"ReadAction","target":["https:\/\/stp.com\/fi\/ongelmanratkaisu\/vanhentunut-polttoaine\/"]}]},{"@type":"ImageObject","inLanguage":"en-US","@id":"https:\/\/stp.com\/fi\/ongelmanratkaisu\/vanhentunut-polttoaine\/#primaryimage","url":"https:\/\/stpcdnimage.imgix.net\/wp-content\/uploads\/sites\/20\/2025\/06\/Stale-Gas-Photo-10-resized.avif","contentUrl":"https:\/\/stpcdnimage.imgix.net\/wp-content\/uploads\/sites\/20\/2025\/06\/Stale-Gas-Photo-10-resized.avif","width":1920,"height":1080,"caption":"VANHENTUNUT POLTTOAINE"},{"@type":"BreadcrumbList","@id":"https:\/\/stp.com\/fi\/ongelmanratkaisu\/vanhentunut-polttoaine\/#breadcrumb","itemListElement":[{"@type":"ListItem","position":1,"name":"Home","item":"https:\/\/stp.com\/fi\/"},{"@type":"ListItem","position":2,"name":"Ongelmanratkaisu","item":"https:\/\/stp.com\/fi\/ongelmanratkaisu\/"},{"@type":"ListItem","position":3,"name":"Vanhentunut polttoaine"}]},{"@type":"WebSite","@id":"https:\/\/c38a2c2a6e.nxcli.io\/fi\/#website","url":"https:\/\/c38a2c2a6e.nxcli.io\/fi\/","name":"STP Finland","description":"Science. Technology. Performance","potentialAction":[{"@type":"SearchAction","target":{"@type":"EntryPoint","urlTemplate":"https:\/\/c38a2c2a6e.nxcli.io\/fi\/?s={search_term_string}"},"query-input":{"@type":"PropertyValueSpecification","valueRequired":true,"valueName":"search_term_string"}}],"inLanguage":"en-US"}]}},"_links":{"self":[{"href":"https:\/\/stp.com\/fi\/wp-json\/wp\/v2\/pages\/5845","targetHints":{"allow":["GET"]}}],"collection":[{"href":"https:\/\/stp.com\/fi\/wp-json\/wp\/v2\/pages"}],"about":[{"href":"https:\/\/stp.com\/fi\/wp-json\/wp\/v2\/types\/page"}],"author":[{"embeddable":true,"href":"https:\/\/stp.com\/fi\/wp-json\/wp\/v2\/users\/1"}],"replies":[{"embeddable":true,"href":"https:\/\/stp.com\/fi\/wp-json\/wp\/v2\/comments?post=5845"}],"version-history":[{"count":9,"href":"https:\/\/stp.com\/fi\/wp-json\/wp\/v2\/pages\/5845\/revisions"}],"predecessor-version":[{"id":8368,"href":"https:\/\/stp.com\/fi\/wp-json\/wp\/v2\/pages\/5845\/revisions\/8368"}],"up":[{"embeddable":true,"href":"https:\/\/stp.com\/fi\/wp-json\/wp\/v2\/pages\/416"}],"wp:attachment":[{"href":"https:\/\/stp.com\/fi\/wp-json\/wp\/v2\/media?parent=5845"}],"curies":[{"name":"wp","href":"https:\/\/api.w.org\/{rel}","templated":true}]}}