{"id":5782,"date":"2025-04-04T18:41:10","date_gmt":"2025-04-04T13:11:10","guid":{"rendered":"https:\/\/c38a2c2a6e.nxcli.io\/fi\/?page_id=5782"},"modified":"2025-06-11T14:21:08","modified_gmt":"2025-06-11T08:51:08","slug":"menetetty-suorituskyky-ja-teho","status":"publish","type":"page","link":"https:\/\/stp.com\/fi\/ongelmanratkaisu\/menetetty-suorituskyky-ja-teho\/","title":{"rendered":"Menetetty suorituskyky ja teho"},"content":{"rendered":"\t\t<div data-elementor-type=\"wp-page\" data-elementor-id=\"5782\" class=\"elementor elementor-5782\" data-elementor-post-type=\"page\">\n\t\t\t\t<div class=\"elementor-element elementor-element-587e2ac e-flex e-con-boxed e-con e-parent\" data-id=\"587e2ac\" data-element_type=\"container\" data-e-type=\"container\" data-settings=\"{&quot;background_background&quot;:&quot;classic&quot;}\">\n\t\t\t\t\t<div class=\"e-con-inner\">\n\t\t\t\t<div class=\"elementor-element elementor-element-2d4470c breadcrumb elementor-widget elementor-widget-breadcrumbs\" data-id=\"2d4470c\" data-element_type=\"widget\" data-e-type=\"widget\" data-widget_type=\"breadcrumbs.default\">\n\t\t\t\t<div class=\"elementor-widget-container\">\n\t\t\t\t\t<p id=\"breadcrumbs\"><span><span><a href=\"https:\/\/stp.com\/fi\/\">Home<\/a><\/span><\/span><\/p>\t\t\t\t<\/div>\n\t\t\t\t<\/div>\n\t\t<div class=\"elementor-element elementor-element-6d15aa3 e-con-full e-flex e-con e-child\" data-id=\"6d15aa3\" data-element_type=\"container\" data-e-type=\"container\">\n\t\t<div class=\"elementor-element elementor-element-3551f2e e-con-full product__head e-flex e-con e-child\" data-id=\"3551f2e\" data-element_type=\"container\" data-e-type=\"container\">\n\t\t\t\t<\/div>\n\t\t\t\t<\/div>\n\t\t\t\t\t<\/div>\n\t\t\t\t<\/div>\n\t\t<div class=\"elementor-element elementor-element-ab0a69c top-red-border e-flex e-con-boxed e-con e-parent\" data-id=\"ab0a69c\" data-element_type=\"container\" data-e-type=\"container\" data-settings=\"{&quot;background_background&quot;:&quot;classic&quot;}\">\n\t\t\t\t\t<div class=\"e-con-inner\">\n\t\t<div class=\"elementor-element elementor-element-5206de0 e-con-full e-flex e-con e-child\" data-id=\"5206de0\" data-element_type=\"container\" data-e-type=\"container\">\n\t\t\t\t<div class=\"elementor-element elementor-element-e258623 elementor-position-right elementor-vertical-align-middle image-text-section elementor-widget elementor-widget-image-box\" data-id=\"e258623\" data-element_type=\"widget\" data-e-type=\"widget\" data-widget_type=\"image-box.default\">\n\t\t\t\t<div class=\"elementor-widget-container\">\n\t\t\t\t\t<div class=\"elementor-image-box-wrapper\"><figure class=\"elementor-image-box-img\"><img fetchpriority=\"high\" decoding=\"async\" width=\"2560\" height=\"1450\" src=\"https:\/\/stpcdnimage.imgix.net\/wp-content\/uploads\/sites\/20\/2025\/04\/Lost-Performance-scaled-1.avif\" class=\"attachment-full size-full wp-image-5841\" alt=\"MENETETTY SUORITUSKYKY JA TEHO\" \/><\/figure><div class=\"elementor-image-box-content\"><p class=\"elementor-image-box-description\">Eik\u00f6 autosi k\u00e4ynnisty en\u00e4\u00e4 yht\u00e4 helposti kuin ennen? K\u00e4ynnistysvaikeuksia tai nykimist\u00e4? Eik\u00f6 autosi suostu en\u00e4\u00e4 ajon j\u00e4lkeen k\u00e4ynnistym\u00e4\u00e4n? Yksi yleisimmist\u00e4 ongelmista on karsta, joka ker\u00e4\u00e4ntyy polttoainej\u00e4rjestelm\u00e4\u00e4n ja rajoittaa polttoaineen virtausta. Suurin osa polttoaineista sis\u00e4lt\u00e4\u00e4 noin 10 % etanolia, joka voi lis\u00e4t\u00e4 polttoainej\u00e4rjestelm\u00e4n tukkivaa karstaa.\n\n<\/p><\/div><\/div>\t\t\t\t<\/div>\n\t\t\t\t<\/div>\n\t\t\t\t<\/div>\n\t\t\t\t\t<\/div>\n\t\t\t\t<\/div>\n\t\t<div class=\"elementor-element elementor-element-5ddb710 prod-related-container e-flex e-con-boxed e-con e-child\" data-id=\"5ddb710\" data-element_type=\"container\" data-e-type=\"container\" data-settings=\"{&quot;background_background&quot;:&quot;classic&quot;}\">\n\t\t\t\t\t<div class=\"e-con-inner\">\n\t\t\t\t<div class=\"elementor-element elementor-element-f1b2e92 arm__product-related elementor-widget elementor-widget-shortcode\" data-id=\"f1b2e92\" data-element_type=\"widget\" data-e-type=\"widget\" data-widget_type=\"shortcode.default\">\n\t\t\t\t<div class=\"elementor-widget-container\">\n\t\t\t\t\t\t\t<div class=\"elementor-shortcode\">\t<div class=\"product_related\">\n\t\t\t\t\t<div class=\"section-intro section-intro--left\" id=\"anchor-intro-block_\">\n\n\t\t\t\t\t<div class=\"section-intro__content\" id=\"anchor-intro-content_\">\n\t\t\t\t\t\t<div role=\"doc-subtitle\">Huolla ajoneuvoasi n\u00e4ill\u00e4 tuotteilla:\n<\/div>\n\t\t\t\t\t<\/div>\n\n\t\t\t\t<div class=\"section-intro__button\">\n\t\t\t\t\t\t\t\t\t<\/div>\n\t\t\t<\/div>\n\t\t\t\t<div class=\"building-block\">\n\t\t\t<div class=\"slider slider--listing\" role=\"region\" aria-roledescription=\"carousel\" aria-label=\"Featured product carousel\" data-items-0=\"1\" data-items-500=\"2\" data-items-900=\"3\" data-items-1200=\"4\" data-autoplay=\"false\">\n\t\t\t\t<div class=\"slider__controls\">\n\t\t\t\t\t\t\t\t\t\t\t\t\t\t<\/div>\n\t\t\t\t<div class=\"slider__wrapper\">\n\t\t\t\t\t<ul class=\"slider__panels\" id=\"slider-123\" class=\"carousel-items\" aria-live=\"polite\">\n\t\t\t\t\t\t \t\t\t\t\t\t\t<li class=\"slider__panel\" aria-hidden=\"false\" tabindex=\"-1\" aria-label=\"Slide 1 of 1\">\n\t\t\t\t\t\t\t\t <div class=\"grid grid-cols-4 grid-gutter-md\">\n\t\t\t\t\t\t\t\t\t\t\t\t\t\t\t\t\t\t\t<div class=\"card card--product\">\n\t\t\t\t\t\t\t\t\t\t\t<div class=\"card__image card__image--has-rollover\">\n\t\t\t\t\t\t\t\t\t\t\t\t<img decoding=\"async\" src=\"https:\/\/stpcdnimage.imgix.net\/global-media\/wp-content\/uploads\/sites\/6\/product-images\/E302015800_02.png\"  alt=\"ULTRA BENSIINIJ\u00c4RJESTELM\u00c4N PUHDISTAJA Image 1\" class=\"\" width=\"250\" height=\"250\" \/>\n\t\t\t\t\t\t\t\t\t\t\t\t<div class=\"btn btn--solid rollover\">Katso Tuote<\/div>\n\t\t\t\t\t\t\t\t\t\t\t<\/div>\n\t\t\t\t\t\t\t\t\t\t\t<div class=\"card__pretitle\"><span class=\"card__category\">Moottori ja polttoainej\u00e4rjestelm\u00e4<\/span><\/div>\n\t\t\t\t\t\t\t\t\t\t\t\t<h3 class=\"h3\"><a href=\"https:\/\/stp.com\/fi\/product\/ultra-bensiinijarjestelman-puhdistaja\/\" class=\"cover-link card__link\">ULTRA BENSIINIJ\u00c4RJESTELM\u00c4N PUHDISTAJA<\/a><\/h3>\n\t\t\t\t\t\t\t\t\t\t<\/div>\n\t\t\t\t\t\t\t\t\t\t\t\t\t\t\t\t\t\t\t<div class=\"card card--product\">\n\t\t\t\t\t\t\t\t\t\t\t<div class=\"card__image card__image--has-rollover\">\n\t\t\t\t\t\t\t\t\t\t\t\t<img decoding=\"async\" src=\"https:\/\/stpcdnimage.imgix.net\/global-media\/wp-content\/uploads\/sites\/6\/product-images\/E302016700_01.png\"  alt=\"ULTRA DIESELJ\u00c4RJESTELM\u00c4N PUHDISTAJA Image 1\" class=\"\" width=\"250\" height=\"250\" \/>\n\t\t\t\t\t\t\t\t\t\t\t\t<div class=\"btn btn--solid rollover\">Katso Tuote<\/div>\n\t\t\t\t\t\t\t\t\t\t\t<\/div>\n\t\t\t\t\t\t\t\t\t\t\t<div class=\"card__pretitle\"><span class=\"card__category\">Moottori ja polttoainej\u00e4rjestelm\u00e4<\/span><\/div>\n\t\t\t\t\t\t\t\t\t\t\t\t<h3 class=\"h3\"><a href=\"https:\/\/stp.com\/fi\/product\/ultra-dieseljarjestelman-puhdistaja\/\" class=\"cover-link card__link\">ULTRA DIESELJ\u00c4RJESTELM\u00c4N PUHDISTAJA<\/a><\/h3>\n\t\t\t\t\t\t\t\t\t\t<\/div>\n\t\t\t\t\t\t\t\t\t\t\t\t\t\t\t\t\t\t\t<div class=\"card card--product\">\n\t\t\t\t\t\t\t\t\t\t\t<div class=\"card__image card__image--has-rollover\">\n\t\t\t\t\t\t\t\t\t\t\t\t<img loading=\"lazy\" decoding=\"async\" src=\"https:\/\/stpcdnimage.imgix.net\/global-media\/wp-content\/uploads\/sites\/6\/product-images\/E301993900_01.png\"  alt=\"Complete Fuel System Cleaner \u2013 Bensin Image 1\" class=\"\" width=\"250\" height=\"250\" \/>\n\t\t\t\t\t\t\t\t\t\t\t\t<div class=\"btn btn--solid rollover\">Katso Tuote<\/div>\n\t\t\t\t\t\t\t\t\t\t\t<\/div>\n\t\t\t\t\t\t\t\t\t\t\t<div class=\"card__pretitle\"><span class=\"card__category\">Moottori ja polttoainej\u00e4rjestelm\u00e4<\/span><\/div>\n\t\t\t\t\t\t\t\t\t\t\t\t<h3 class=\"h3\"><a href=\"https:\/\/stp.com\/fi\/product\/complete-fuel-system-cleaner-bensin\/\" class=\"cover-link card__link\">Complete Fuel System Cleaner \u2013 Bensin<\/a><\/h3>\n\t\t\t\t\t\t\t\t\t\t<\/div>\n\t\t\t\t\t\t\t\t\t\t\t\t\t\t\t\t\t\t\t<div class=\"card card--product\">\n\t\t\t\t\t\t\t\t\t\t\t<div class=\"card__image card__image--has-rollover\">\n\t\t\t\t\t\t\t\t\t\t\t\t<img loading=\"lazy\" decoding=\"async\" src=\"https:\/\/stpcdnimage.imgix.net\/global-media\/wp-content\/uploads\/sites\/6\/product-images\/E302008501_01.png\"  alt=\"Complete System Cleaner \u2013 Diesel Image 1\" class=\"\" width=\"250\" height=\"250\" \/>\n\t\t\t\t\t\t\t\t\t\t\t\t<div class=\"btn btn--solid rollover\">Katso Tuote<\/div>\n\t\t\t\t\t\t\t\t\t\t\t<\/div>\n\t\t\t\t\t\t\t\t\t\t\t<div class=\"card__pretitle\"><span class=\"card__category\">Moottori ja polttoainej\u00e4rjestelm\u00e4<\/span><\/div>\n\t\t\t\t\t\t\t\t\t\t\t\t<h3 class=\"h3\"><a href=\"https:\/\/stp.com\/fi\/product\/complete-system-cleaner-diesel\/\" class=\"cover-link card__link\">Complete System Cleaner \u2013 Diesel<\/a><\/h3>\n\t\t\t\t\t\t\t\t\t\t<\/div>\n\t\t\t\t\t\t\t\t\t\t\t\t\t\t\t\t\t<\/div>\n\t\t\t\t\t\t\t<\/li>\n\t\t\t\t\t\t\t\t\t\t\t<\/ul>\n\t\t\t\t<\/div>\n\t\t\t\t<div class=\"slider__nav\">\n\t\t\t\t\t\t\t\t\t\t<\/div>\n\t\t\t<\/div>\n\t\t<\/div>\n\t<\/div>\n<\/div>\n\t\t\t\t\t\t<\/div>\n\t\t\t\t<\/div>\n\t\t\t\t\t<\/div>\n\t\t\t\t<\/div>\n\t\t\t\t<\/div>\n\t\t","protected":false},"excerpt":{"rendered":"<p>Eik\u00f6 autosi k\u00e4ynnisty en\u00e4\u00e4 yht\u00e4 helposti kuin ennen? K\u00e4ynnistysvaikeuksia tai nykimist\u00e4? Eik\u00f6 autosi suostu en\u00e4\u00e4 ajon j\u00e4lkeen k\u00e4ynnistym\u00e4\u00e4n? Yksi yleisimmist\u00e4 ongelmista on karsta, joka ker\u00e4\u00e4ntyy polttoainej\u00e4rjestelm\u00e4\u00e4n ja rajoittaa polttoaineen virtausta. Suurin osa polttoaineista sis\u00e4lt\u00e4\u00e4 noin 10 % etanolia, joka voi lis\u00e4t\u00e4 polttoainej\u00e4rjestelm\u00e4n tukkivaa karstaa.<\/p>\n","protected":false},"author":1,"featured_media":0,"parent":416,"menu_order":0,"comment_status":"closed","ping_status":"closed","template":"","meta":{"_acf_changed":false,"footnotes":""},"class_list":["post-5782","page","type-page","status-publish","hentry"],"acf":[],"yoast_head":"<!-- This site is optimized with the Yoast SEO plugin v27.4 - https:\/\/yoast.com\/product\/yoast-seo-wordpress\/ -->\n<title>Menetetty suorituskyky ja teho - STP Finland<\/title>\n<meta name=\"robots\" content=\"index, follow, max-snippet:-1, max-image-preview:large, max-video-preview:-1\" \/>\n<link rel=\"canonical\" href=\"https:\/\/stp.com\/fi\/ongelmanratkaisu\/menetetty-suorituskyky-ja-teho\/\" \/>\n<meta property=\"og:locale\" content=\"en_US\" \/>\n<meta property=\"og:type\" content=\"article\" \/>\n<meta property=\"og:title\" content=\"Menetetty suorituskyky ja teho - STP Finland\" \/>\n<meta property=\"og:description\" content=\"Eik\u00f6 autosi k\u00e4ynnisty en\u00e4\u00e4 yht\u00e4 helposti kuin ennen? K\u00e4ynnistysvaikeuksia tai nykimist\u00e4? Eik\u00f6 autosi suostu en\u00e4\u00e4 ajon j\u00e4lkeen k\u00e4ynnistym\u00e4\u00e4n? Yksi yleisimmist\u00e4 ongelmista on karsta, joka ker\u00e4\u00e4ntyy polttoainej\u00e4rjestelm\u00e4\u00e4n ja rajoittaa polttoaineen virtausta. Suurin osa polttoaineista sis\u00e4lt\u00e4\u00e4 noin 10 % etanolia, joka voi lis\u00e4t\u00e4 polttoainej\u00e4rjestelm\u00e4n tukkivaa karstaa.\" \/>\n<meta property=\"og:url\" content=\"https:\/\/stp.com\/fi\/ongelmanratkaisu\/menetetty-suorituskyky-ja-teho\/\" \/>\n<meta property=\"og:site_name\" content=\"STP Finland\" \/>\n<meta property=\"article:modified_time\" content=\"2025-06-11T08:51:08+00:00\" \/>\n<meta property=\"og:image\" content=\"https:\/\/stp.com\/fi\/wp-content\/uploads\/sites\/20\/2025\/04\/Lost-Performance-scaled-1.avif\" \/>\n<meta name=\"twitter:card\" content=\"summary_large_image\" \/>\n<meta name=\"twitter:label1\" content=\"Est. reading time\" \/>\n\t<meta name=\"twitter:data1\" content=\"1 minute\" \/>\n<script type=\"application\/ld+json\" class=\"yoast-schema-graph\">{\"@context\":\"https:\\\/\\\/schema.org\",\"@graph\":[{\"@type\":\"WebPage\",\"@id\":\"https:\\\/\\\/stp.com\\\/fi\\\/ongelmanratkaisu\\\/menetetty-suorituskyky-ja-teho\\\/\",\"url\":\"https:\\\/\\\/stp.com\\\/fi\\\/ongelmanratkaisu\\\/menetetty-suorituskyky-ja-teho\\\/\",\"name\":\"Menetetty suorituskyky ja teho - STP Finland\",\"isPartOf\":{\"@id\":\"https:\\\/\\\/c38a2c2a6e.nxcli.io\\\/fi\\\/#website\"},\"primaryImageOfPage\":{\"@id\":\"https:\\\/\\\/stp.com\\\/fi\\\/ongelmanratkaisu\\\/menetetty-suorituskyky-ja-teho\\\/#primaryimage\"},\"image\":{\"@id\":\"https:\\\/\\\/stp.com\\\/fi\\\/ongelmanratkaisu\\\/menetetty-suorituskyky-ja-teho\\\/#primaryimage\"},\"thumbnailUrl\":\"https:\\\/\\\/stp.com\\\/fi\\\/wp-content\\\/uploads\\\/sites\\\/20\\\/2025\\\/04\\\/Lost-Performance-scaled-1.avif\",\"datePublished\":\"2025-04-04T13:11:10+00:00\",\"dateModified\":\"2025-06-11T08:51:08+00:00\",\"breadcrumb\":{\"@id\":\"https:\\\/\\\/stp.com\\\/fi\\\/ongelmanratkaisu\\\/menetetty-suorituskyky-ja-teho\\\/#breadcrumb\"},\"inLanguage\":\"en-US\",\"potentialAction\":[{\"@type\":\"ReadAction\",\"target\":[\"https:\\\/\\\/stp.com\\\/fi\\\/ongelmanratkaisu\\\/menetetty-suorituskyky-ja-teho\\\/\"]}]},{\"@type\":\"ImageObject\",\"inLanguage\":\"en-US\",\"@id\":\"https:\\\/\\\/stp.com\\\/fi\\\/ongelmanratkaisu\\\/menetetty-suorituskyky-ja-teho\\\/#primaryimage\",\"url\":\"https:\\\/\\\/stpcdnimage.imgix.net\\\/wp-content\\\/uploads\\\/sites\\\/20\\\/2025\\\/04\\\/Lost-Performance-scaled-1.avif\",\"contentUrl\":\"https:\\\/\\\/stpcdnimage.imgix.net\\\/wp-content\\\/uploads\\\/sites\\\/20\\\/2025\\\/04\\\/Lost-Performance-scaled-1.avif\",\"width\":2560,\"height\":1450,\"caption\":\"MENETETTY SUORITUSKYKY JA TEHO\"},{\"@type\":\"BreadcrumbList\",\"@id\":\"https:\\\/\\\/stp.com\\\/fi\\\/ongelmanratkaisu\\\/menetetty-suorituskyky-ja-teho\\\/#breadcrumb\",\"itemListElement\":[{\"@type\":\"ListItem\",\"position\":1,\"name\":\"Home\",\"item\":\"https:\\\/\\\/stp.com\\\/fi\\\/\"},{\"@type\":\"ListItem\",\"position\":2,\"name\":\"Ongelmanratkaisu\",\"item\":\"https:\\\/\\\/stp.com\\\/fi\\\/ongelmanratkaisu\\\/\"},{\"@type\":\"ListItem\",\"position\":3,\"name\":\"Menetetty suorituskyky ja teho\"}]},{\"@type\":\"WebSite\",\"@id\":\"https:\\\/\\\/c38a2c2a6e.nxcli.io\\\/fi\\\/#website\",\"url\":\"https:\\\/\\\/c38a2c2a6e.nxcli.io\\\/fi\\\/\",\"name\":\"STP Finland\",\"description\":\"Science. Technology. Performance\",\"potentialAction\":[{\"@type\":\"SearchAction\",\"target\":{\"@type\":\"EntryPoint\",\"urlTemplate\":\"https:\\\/\\\/c38a2c2a6e.nxcli.io\\\/fi\\\/?s={search_term_string}\"},\"query-input\":{\"@type\":\"PropertyValueSpecification\",\"valueRequired\":true,\"valueName\":\"search_term_string\"}}],\"inLanguage\":\"en-US\"}]}<\/script>\n<!-- \/ Yoast SEO plugin. -->","yoast_head_json":{"title":"Menetetty suorituskyky ja teho - STP Finland","robots":{"index":"index","follow":"follow","max-snippet":"max-snippet:-1","max-image-preview":"max-image-preview:large","max-video-preview":"max-video-preview:-1"},"canonical":"https:\/\/stp.com\/fi\/ongelmanratkaisu\/menetetty-suorituskyky-ja-teho\/","og_locale":"en_US","og_type":"article","og_title":"Menetetty suorituskyky ja teho - STP Finland","og_description":"Eik\u00f6 autosi k\u00e4ynnisty en\u00e4\u00e4 yht\u00e4 helposti kuin ennen? K\u00e4ynnistysvaikeuksia tai nykimist\u00e4? Eik\u00f6 autosi suostu en\u00e4\u00e4 ajon j\u00e4lkeen k\u00e4ynnistym\u00e4\u00e4n? Yksi yleisimmist\u00e4 ongelmista on karsta, joka ker\u00e4\u00e4ntyy polttoainej\u00e4rjestelm\u00e4\u00e4n ja rajoittaa polttoaineen virtausta. Suurin osa polttoaineista sis\u00e4lt\u00e4\u00e4 noin 10 % etanolia, joka voi lis\u00e4t\u00e4 polttoainej\u00e4rjestelm\u00e4n tukkivaa karstaa.","og_url":"https:\/\/stp.com\/fi\/ongelmanratkaisu\/menetetty-suorituskyky-ja-teho\/","og_site_name":"STP Finland","article_modified_time":"2025-06-11T08:51:08+00:00","og_image":[{"url":"https:\/\/stp.com\/fi\/wp-content\/uploads\/sites\/20\/2025\/04\/Lost-Performance-scaled-1.avif","type":"","width":"","height":""}],"twitter_card":"summary_large_image","twitter_misc":{"Est. reading time":"1 minute"},"schema":{"@context":"https:\/\/schema.org","@graph":[{"@type":"WebPage","@id":"https:\/\/stp.com\/fi\/ongelmanratkaisu\/menetetty-suorituskyky-ja-teho\/","url":"https:\/\/stp.com\/fi\/ongelmanratkaisu\/menetetty-suorituskyky-ja-teho\/","name":"Menetetty suorituskyky ja teho - STP Finland","isPartOf":{"@id":"https:\/\/c38a2c2a6e.nxcli.io\/fi\/#website"},"primaryImageOfPage":{"@id":"https:\/\/stp.com\/fi\/ongelmanratkaisu\/menetetty-suorituskyky-ja-teho\/#primaryimage"},"image":{"@id":"https:\/\/stp.com\/fi\/ongelmanratkaisu\/menetetty-suorituskyky-ja-teho\/#primaryimage"},"thumbnailUrl":"https:\/\/stp.com\/fi\/wp-content\/uploads\/sites\/20\/2025\/04\/Lost-Performance-scaled-1.avif","datePublished":"2025-04-04T13:11:10+00:00","dateModified":"2025-06-11T08:51:08+00:00","breadcrumb":{"@id":"https:\/\/stp.com\/fi\/ongelmanratkaisu\/menetetty-suorituskyky-ja-teho\/#breadcrumb"},"inLanguage":"en-US","potentialAction":[{"@type":"ReadAction","target":["https:\/\/stp.com\/fi\/ongelmanratkaisu\/menetetty-suorituskyky-ja-teho\/"]}]},{"@type":"ImageObject","inLanguage":"en-US","@id":"https:\/\/stp.com\/fi\/ongelmanratkaisu\/menetetty-suorituskyky-ja-teho\/#primaryimage","url":"https:\/\/stpcdnimage.imgix.net\/wp-content\/uploads\/sites\/20\/2025\/04\/Lost-Performance-scaled-1.avif","contentUrl":"https:\/\/stpcdnimage.imgix.net\/wp-content\/uploads\/sites\/20\/2025\/04\/Lost-Performance-scaled-1.avif","width":2560,"height":1450,"caption":"MENETETTY SUORITUSKYKY JA TEHO"},{"@type":"BreadcrumbList","@id":"https:\/\/stp.com\/fi\/ongelmanratkaisu\/menetetty-suorituskyky-ja-teho\/#breadcrumb","itemListElement":[{"@type":"ListItem","position":1,"name":"Home","item":"https:\/\/stp.com\/fi\/"},{"@type":"ListItem","position":2,"name":"Ongelmanratkaisu","item":"https:\/\/stp.com\/fi\/ongelmanratkaisu\/"},{"@type":"ListItem","position":3,"name":"Menetetty suorituskyky ja teho"}]},{"@type":"WebSite","@id":"https:\/\/c38a2c2a6e.nxcli.io\/fi\/#website","url":"https:\/\/c38a2c2a6e.nxcli.io\/fi\/","name":"STP Finland","description":"Science. Technology. Performance","potentialAction":[{"@type":"SearchAction","target":{"@type":"EntryPoint","urlTemplate":"https:\/\/c38a2c2a6e.nxcli.io\/fi\/?s={search_term_string}"},"query-input":{"@type":"PropertyValueSpecification","valueRequired":true,"valueName":"search_term_string"}}],"inLanguage":"en-US"}]}},"_links":{"self":[{"href":"https:\/\/stp.com\/fi\/wp-json\/wp\/v2\/pages\/5782","targetHints":{"allow":["GET"]}}],"collection":[{"href":"https:\/\/stp.com\/fi\/wp-json\/wp\/v2\/pages"}],"about":[{"href":"https:\/\/stp.com\/fi\/wp-json\/wp\/v2\/types\/page"}],"author":[{"embeddable":true,"href":"https:\/\/stp.com\/fi\/wp-json\/wp\/v2\/users\/1"}],"replies":[{"embeddable":true,"href":"https:\/\/stp.com\/fi\/wp-json\/wp\/v2\/comments?post=5782"}],"version-history":[{"count":18,"href":"https:\/\/stp.com\/fi\/wp-json\/wp\/v2\/pages\/5782\/revisions"}],"predecessor-version":[{"id":8363,"href":"https:\/\/stp.com\/fi\/wp-json\/wp\/v2\/pages\/5782\/revisions\/8363"}],"up":[{"embeddable":true,"href":"https:\/\/stp.com\/fi\/wp-json\/wp\/v2\/pages\/416"}],"wp:attachment":[{"href":"https:\/\/stp.com\/fi\/wp-json\/wp\/v2\/media?parent=5782"}],"curies":[{"name":"wp","href":"https:\/\/api.w.org\/{rel}","templated":true}]}}