{"id":5006,"date":"2025-04-03T17:56:27","date_gmt":"2025-04-03T12:26:27","guid":{"rendered":"https:\/\/c38a2c2a6e.nxcli.io\/fi\/?page_id=5006"},"modified":"2025-06-09T19:25:05","modified_gmt":"2025-06-09T13:55:05","slug":"jarruneste-ja-ohjaustehostimen-oljy-usein-kysytyt-kysymykset","status":"publish","type":"page","link":"https:\/\/stp.com\/fi\/huolto-ohjeita\/usein-kysytyt-kysymykset\/jarruneste-ja-ohjaustehostimen-oljy-usein-kysytyt-kysymykset\/","title":{"rendered":"Jarruneste ja ohjaustehostimen \u00f6ljy \u2013 Usein kysytyt kysymykset"},"content":{"rendered":"\t\t<div data-elementor-type=\"wp-page\" data-elementor-id=\"5006\" class=\"elementor elementor-5006\" data-elementor-post-type=\"page\">\n\t\t\t\t<div class=\"elementor-element elementor-element-59ad9d4 e-flex e-con-boxed e-con e-parent\" data-id=\"59ad9d4\" data-element_type=\"container\" data-e-type=\"container\" data-settings=\"{&quot;background_background&quot;:&quot;classic&quot;}\">\n\t\t\t\t\t<div class=\"e-con-inner\">\n\t\t\t\t<div class=\"elementor-element elementor-element-1e212b7 breadcrumb elementor-widget elementor-widget-breadcrumbs\" data-id=\"1e212b7\" data-element_type=\"widget\" data-e-type=\"widget\" data-widget_type=\"breadcrumbs.default\">\n\t\t\t\t<div class=\"elementor-widget-container\">\n\t\t\t\t\t<p id=\"breadcrumbs\"><span><span><a href=\"https:\/\/stp.com\/fi\/\">Home<\/a><\/span><\/span><\/p>\t\t\t\t<\/div>\n\t\t\t\t<\/div>\n\t\t<div class=\"elementor-element elementor-element-4c70f01 e-con-full e-flex e-con e-child\" data-id=\"4c70f01\" data-element_type=\"container\" data-e-type=\"container\">\n\t\t<div class=\"elementor-element elementor-element-2b17daf e-con-full product__head e-flex e-con e-child\" data-id=\"2b17daf\" data-element_type=\"container\" data-e-type=\"container\">\n\t\t\t\t<\/div>\n\t\t\t\t<\/div>\n\t\t\t\t\t<\/div>\n\t\t\t\t<\/div>\n\t\t<div class=\"elementor-element elementor-element-ef9bce7 top-red-border e-flex e-con-boxed e-con e-parent\" data-id=\"ef9bce7\" data-element_type=\"container\" data-e-type=\"container\" data-settings=\"{&quot;background_background&quot;:&quot;classic&quot;}\">\n\t\t\t\t\t<div class=\"e-con-inner\">\n\t\t\t\t<div class=\"elementor-element elementor-element-00c69dc faqs-accordian elementor-widget elementor-widget-n-accordion\" data-id=\"00c69dc\" data-element_type=\"widget\" data-e-type=\"widget\" data-settings=\"{&quot;default_state&quot;:&quot;all_collapsed&quot;,&quot;n_accordion_animation_duration&quot;:{&quot;unit&quot;:&quot;ms&quot;,&quot;size&quot;:300,&quot;sizes&quot;:[]},&quot;max_items_expended&quot;:&quot;one&quot;}\" data-widget_type=\"nested-accordion.default\">\n\t\t\t\t<div class=\"elementor-widget-container\">\n\t\t\t\t\t\t\t<div class=\"e-n-accordion\" aria-label=\"Accordion. Open links with Enter or Space, close with Escape, and navigate with Arrow Keys\">\n\t\t\t\t\t\t<details id=\"e-n-accordion-item-8130\" class=\"e-n-accordion-item\" >\n\t\t\t\t<summary class=\"e-n-accordion-item-title\" data-accordion-index=\"1\" tabindex=\"0\" aria-expanded=\"false\" aria-controls=\"e-n-accordion-item-8130\" >\n\t\t\t\t\t<span class='e-n-accordion-item-title-header'><h3 class=\"e-n-accordion-item-title-text\"> Mit\u00e4 on jarruneste? <\/h3><\/span>\n\t\t\t\t\t\t\t<span class='e-n-accordion-item-title-icon'>\n\t\t\t<span class='e-opened' ><svg aria-hidden=\"true\" class=\"e-font-icon-svg e-fas-arrow-up\" viewBox=\"0 0 448 512\" xmlns=\"http:\/\/www.w3.org\/2000\/svg\"><path d=\"M34.9 289.5l-22.2-22.2c-9.4-9.4-9.4-24.6 0-33.9L207 39c9.4-9.4 24.6-9.4 33.9 0l194.3 194.3c9.4 9.4 9.4 24.6 0 33.9L413 289.4c-9.5 9.5-25 9.3-34.3-.4L264 168.6V456c0 13.3-10.7 24-24 24h-32c-13.3 0-24-10.7-24-24V168.6L69.2 289.1c-9.3 9.8-24.8 10-34.3.4z\"><\/path><\/svg><\/span>\n\t\t\t<span class='e-closed'><svg aria-hidden=\"true\" class=\"e-font-icon-svg e-fas-arrow-down\" viewBox=\"0 0 448 512\" xmlns=\"http:\/\/www.w3.org\/2000\/svg\"><path d=\"M413.1 222.5l22.2 22.2c9.4 9.4 9.4 24.6 0 33.9L241 473c-9.4 9.4-24.6 9.4-33.9 0L12.7 278.6c-9.4-9.4-9.4-24.6 0-33.9l22.2-22.2c9.5-9.5 25-9.3 34.3.4L184 343.4V56c0-13.3 10.7-24 24-24h32c13.3 0 24 10.7 24 24v287.4l114.8-120.5c9.3-9.8 24.8-10 34.3-.4z\"><\/path><\/svg><\/span>\n\t\t<\/span>\n\n\t\t\t\t\t\t<\/summary>\n\t\t\t\t<div role=\"region\" aria-labelledby=\"e-n-accordion-item-8130\" class=\"elementor-element elementor-element-c5ab1e5 e-con-full e-flex e-con e-child\" data-id=\"c5ab1e5\" data-element_type=\"container\" data-e-type=\"container\">\n\t\t\t\t<div class=\"elementor-element elementor-element-f9f26c7 elementor-widget elementor-widget-text-editor\" data-id=\"f9f26c7\" data-element_type=\"widget\" data-e-type=\"widget\" data-widget_type=\"text-editor.default\">\n\t\t\t\t<div class=\"elementor-widget-container\">\n\t\t\t\t\t\t\t\t\t<p>Jarruneste on ensisijaisesti glykolieetteri\u00e4, jossa on korroosionestoainetta. Glykolieetterin tulee olla vakaa (eli ei kiehua), kun se altistuu jarrulevyiss\u00e4 syntyv\u00e4lle l\u00e4mm\u00f6lle. Korroosionestoaine est\u00e4\u00e4 korroosiota jarrutusj\u00e4rjestelm\u00e4ss\u00e4. Korroosionestoaineen teho hiipuu ajan my\u00f6t\u00e4; siksi jarruneste kannattaa vaihtaa s\u00e4\u00e4nn\u00f6llisesti. Useimmat ajoneuvovalmistajat suosittelevat jarrunesteen vaihtoa kahden vuoden v\u00e4lein, mutta suosittelemme tarkastamaan vaihtov\u00e4lin huoltokirjasta.<\/p>\t\t\t\t\t\t\t\t<\/div>\n\t\t\t\t<\/div>\n\t\t\t\t<\/div>\n\t\t\t\t\t<\/details>\n\t\t\t\t\t\t<details id=\"e-n-accordion-item-8131\" class=\"e-n-accordion-item\" >\n\t\t\t\t<summary class=\"e-n-accordion-item-title\" data-accordion-index=\"2\" tabindex=\"-1\" aria-expanded=\"false\" aria-controls=\"e-n-accordion-item-8131\" >\n\t\t\t\t\t<span class='e-n-accordion-item-title-header'><h3 class=\"e-n-accordion-item-title-text\"> Miksi tarvitsen jarrunestett\u00e4? <\/h3><\/span>\n\t\t\t\t\t\t\t<span class='e-n-accordion-item-title-icon'>\n\t\t\t<span class='e-opened' ><svg aria-hidden=\"true\" class=\"e-font-icon-svg e-fas-arrow-up\" viewBox=\"0 0 448 512\" xmlns=\"http:\/\/www.w3.org\/2000\/svg\"><path d=\"M34.9 289.5l-22.2-22.2c-9.4-9.4-9.4-24.6 0-33.9L207 39c9.4-9.4 24.6-9.4 33.9 0l194.3 194.3c9.4 9.4 9.4 24.6 0 33.9L413 289.4c-9.5 9.5-25 9.3-34.3-.4L264 168.6V456c0 13.3-10.7 24-24 24h-32c-13.3 0-24-10.7-24-24V168.6L69.2 289.1c-9.3 9.8-24.8 10-34.3.4z\"><\/path><\/svg><\/span>\n\t\t\t<span class='e-closed'><svg aria-hidden=\"true\" class=\"e-font-icon-svg e-fas-arrow-down\" viewBox=\"0 0 448 512\" xmlns=\"http:\/\/www.w3.org\/2000\/svg\"><path d=\"M413.1 222.5l22.2 22.2c9.4 9.4 9.4 24.6 0 33.9L241 473c-9.4 9.4-24.6 9.4-33.9 0L12.7 278.6c-9.4-9.4-9.4-24.6 0-33.9l22.2-22.2c9.5-9.5 25-9.3 34.3.4L184 343.4V56c0-13.3 10.7-24 24-24h32c13.3 0 24 10.7 24 24v287.4l114.8-120.5c9.3-9.8 24.8-10 34.3-.4z\"><\/path><\/svg><\/span>\n\t\t<\/span>\n\n\t\t\t\t\t\t<\/summary>\n\t\t\t\t<div role=\"region\" aria-labelledby=\"e-n-accordion-item-8131\" class=\"elementor-element elementor-element-b731d91 e-con-full e-flex e-con e-child\" data-id=\"b731d91\" data-element_type=\"container\" data-e-type=\"container\">\n\t\t\t\t<div class=\"elementor-element elementor-element-964199b elementor-widget elementor-widget-text-editor\" data-id=\"964199b\" data-element_type=\"widget\" data-e-type=\"widget\" data-widget_type=\"text-editor.default\">\n\t\t\t\t<div class=\"elementor-widget-container\">\n\t\t\t\t\t\t\t\t\t<p>Jarrunesteen avulla jarruj\u00e4rjestelm\u00e4ss\u00e4 syntyy paine jarrutettaessa. Jarrunesteell\u00e4 on oltava korkea kiehumispiste, jotta se ei kiehu ja muutu h\u00f6yryksi korkeassa l\u00e4mp\u00f6tilassa. Jarrunesteen taso laskee, kun jarrupalat kuluvat. Nestetaso tuleekin tarkistaa jokaisen \u00f6ljynvaihdon yhteydess\u00e4 ja nestett\u00e4 on lis\u00e4tt\u00e4v\u00e4 tarvittaessa.<\/p>\t\t\t\t\t\t\t\t<\/div>\n\t\t\t\t<\/div>\n\t\t\t\t<\/div>\n\t\t\t\t\t<\/details>\n\t\t\t\t\t\t<details id=\"e-n-accordion-item-8132\" class=\"e-n-accordion-item\" >\n\t\t\t\t<summary class=\"e-n-accordion-item-title\" data-accordion-index=\"3\" tabindex=\"-1\" aria-expanded=\"false\" aria-controls=\"e-n-accordion-item-8132\" >\n\t\t\t\t\t<span class='e-n-accordion-item-title-header'><h3 class=\"e-n-accordion-item-title-text\"> Mit\u00e4 ovat ohjaustehostimen neste ja nestevuodon pys\u00e4ytt\u00e4j\u00e4? <\/h3><\/span>\n\t\t\t\t\t\t\t<span class='e-n-accordion-item-title-icon'>\n\t\t\t<span class='e-opened' ><svg aria-hidden=\"true\" class=\"e-font-icon-svg e-fas-arrow-up\" viewBox=\"0 0 448 512\" xmlns=\"http:\/\/www.w3.org\/2000\/svg\"><path d=\"M34.9 289.5l-22.2-22.2c-9.4-9.4-9.4-24.6 0-33.9L207 39c9.4-9.4 24.6-9.4 33.9 0l194.3 194.3c9.4 9.4 9.4 24.6 0 33.9L413 289.4c-9.5 9.5-25 9.3-34.3-.4L264 168.6V456c0 13.3-10.7 24-24 24h-32c-13.3 0-24-10.7-24-24V168.6L69.2 289.1c-9.3 9.8-24.8 10-34.3.4z\"><\/path><\/svg><\/span>\n\t\t\t<span class='e-closed'><svg aria-hidden=\"true\" class=\"e-font-icon-svg e-fas-arrow-down\" viewBox=\"0 0 448 512\" xmlns=\"http:\/\/www.w3.org\/2000\/svg\"><path d=\"M413.1 222.5l22.2 22.2c9.4 9.4 9.4 24.6 0 33.9L241 473c-9.4 9.4-24.6 9.4-33.9 0L12.7 278.6c-9.4-9.4-9.4-24.6 0-33.9l22.2-22.2c9.5-9.5 25-9.3 34.3.4L184 343.4V56c0-13.3 10.7-24 24-24h32c13.3 0 24 10.7 24 24v287.4l114.8-120.5c9.3-9.8 24.8-10 34.3-.4z\"><\/path><\/svg><\/span>\n\t\t<\/span>\n\n\t\t\t\t\t\t<\/summary>\n\t\t\t\t<div role=\"region\" aria-labelledby=\"e-n-accordion-item-8132\" class=\"elementor-element elementor-element-b7e5932 e-con-full e-flex e-con e-child\" data-id=\"b7e5932\" data-element_type=\"container\" data-e-type=\"container\">\n\t\t\t\t<div class=\"elementor-element elementor-element-1b37387 elementor-widget elementor-widget-text-editor\" data-id=\"1b37387\" data-element_type=\"widget\" data-e-type=\"widget\" data-widget_type=\"text-editor.default\">\n\t\t\t\t<div class=\"elementor-widget-container\">\n\t\t\t\t\t\t\t\t\t<p>Ohjaustehostimen neste on hydraulinestett\u00e4, jota k\u00e4ytet\u00e4\u00e4n siirt\u00e4m\u00e4\u00e4n ohjaustehostimen pumpun paine nykyaikaisiin \u2013 tai vanhempiin \u2013 ohjausj\u00e4rjestelmiin. Pienet vuodot voivat aiheuttaa nestetason laskun; siksi nestetaso on tarkastettava ja nestett\u00e4 t\u00e4ytett\u00e4v\u00e4 jokaisen \u00f6ljynvaihdon yhteydess\u00e4. Jos ohjaustehostinj\u00e4rjestelm\u00e4 menett\u00e4\u00e4 nestett\u00e4 kuluneista tiivisteist\u00e4 johtuen, voit k\u00e4ytt\u00e4\u00e4\u00a0STP<sup>\u00ae<\/sup>\u00a0Power Steering Fluid with Stop Leak\u00a0-tuotetta.<\/p>\t\t\t\t\t\t\t\t<\/div>\n\t\t\t\t<\/div>\n\t\t\t\t<\/div>\n\t\t\t\t\t<\/details>\n\t\t\t\t\t<\/div>\n\t\t\t\t\t\t<\/div>\n\t\t\t\t<\/div>\n\t\t\t\t\t<\/div>\n\t\t\t\t<\/div>\n\t\t\t\t<\/div>\n\t\t","protected":false},"excerpt":{"rendered":"<p>Mit\u00e4 on jarruneste? Jarruneste on ensisijaisesti glykolieetteri\u00e4, jossa on korroosionestoainetta. Glykolieetterin tulee olla vakaa (eli ei kiehua), kun se altistuu jarrulevyiss\u00e4 syntyv\u00e4lle l\u00e4mm\u00f6lle. Korroosionestoaine est\u00e4\u00e4 korroosiota jarrutusj\u00e4rjestelm\u00e4ss\u00e4. Korroosionestoaineen teho hiipuu ajan my\u00f6t\u00e4; siksi jarruneste kannattaa vaihtaa s\u00e4\u00e4nn\u00f6llisesti. Useimmat ajoneuvovalmistajat suosittelevat jarrunesteen vaihtoa kahden vuoden v\u00e4lein, mutta suosittelemme tarkastamaan vaihtov\u00e4lin huoltokirjasta. Miksi tarvitsen jarrunestett\u00e4? Jarrunesteen avulla [&hellip;]<\/p>\n","protected":false},"author":1,"featured_media":0,"parent":4911,"menu_order":0,"comment_status":"closed","ping_status":"closed","template":"","meta":{"_acf_changed":false,"footnotes":""},"class_list":["post-5006","page","type-page","status-publish","hentry"],"acf":[],"yoast_head":"<!-- This site is optimized with the Yoast SEO plugin v27.4 - https:\/\/yoast.com\/product\/yoast-seo-wordpress\/ -->\n<title>Jarruneste ja ohjaustehostimen \u00f6ljy \u2013 Usein kysytyt kysymykset - STP Finland<\/title>\n<meta name=\"robots\" content=\"index, follow, max-snippet:-1, max-image-preview:large, max-video-preview:-1\" \/>\n<link rel=\"canonical\" href=\"https:\/\/stp.com\/fi\/huolto-ohjeita\/usein-kysytyt-kysymykset\/jarruneste-ja-ohjaustehostimen-oljy-usein-kysytyt-kysymykset\/\" \/>\n<meta property=\"og:locale\" content=\"en_US\" \/>\n<meta property=\"og:type\" content=\"article\" \/>\n<meta property=\"og:title\" content=\"Jarruneste ja ohjaustehostimen \u00f6ljy \u2013 Usein kysytyt kysymykset - STP Finland\" \/>\n<meta property=\"og:description\" content=\"Mit\u00e4 on jarruneste? Jarruneste on ensisijaisesti glykolieetteri\u00e4, jossa on korroosionestoainetta. Glykolieetterin tulee olla vakaa (eli ei kiehua), kun se altistuu jarrulevyiss\u00e4 syntyv\u00e4lle l\u00e4mm\u00f6lle. Korroosionestoaine est\u00e4\u00e4 korroosiota jarrutusj\u00e4rjestelm\u00e4ss\u00e4. Korroosionestoaineen teho hiipuu ajan my\u00f6t\u00e4; siksi jarruneste kannattaa vaihtaa s\u00e4\u00e4nn\u00f6llisesti. Useimmat ajoneuvovalmistajat suosittelevat jarrunesteen vaihtoa kahden vuoden v\u00e4lein, mutta suosittelemme tarkastamaan vaihtov\u00e4lin huoltokirjasta. Miksi tarvitsen jarrunestett\u00e4? Jarrunesteen avulla [&hellip;]\" \/>\n<meta property=\"og:url\" content=\"https:\/\/stp.com\/fi\/huolto-ohjeita\/usein-kysytyt-kysymykset\/jarruneste-ja-ohjaustehostimen-oljy-usein-kysytyt-kysymykset\/\" \/>\n<meta property=\"og:site_name\" content=\"STP Finland\" \/>\n<meta property=\"article:modified_time\" content=\"2025-06-09T13:55:05+00:00\" \/>\n<meta name=\"twitter:card\" content=\"summary_large_image\" \/>\n<meta name=\"twitter:label1\" content=\"Est. reading time\" \/>\n\t<meta name=\"twitter:data1\" content=\"2 minutes\" \/>\n<script type=\"application\/ld+json\" class=\"yoast-schema-graph\">{\"@context\":\"https:\\\/\\\/schema.org\",\"@graph\":[{\"@type\":\"WebPage\",\"@id\":\"https:\\\/\\\/stp.com\\\/fi\\\/huolto-ohjeita\\\/usein-kysytyt-kysymykset\\\/jarruneste-ja-ohjaustehostimen-oljy-usein-kysytyt-kysymykset\\\/\",\"url\":\"https:\\\/\\\/stp.com\\\/fi\\\/huolto-ohjeita\\\/usein-kysytyt-kysymykset\\\/jarruneste-ja-ohjaustehostimen-oljy-usein-kysytyt-kysymykset\\\/\",\"name\":\"Jarruneste ja ohjaustehostimen \u00f6ljy \u2013 Usein kysytyt kysymykset - STP Finland\",\"isPartOf\":{\"@id\":\"https:\\\/\\\/c38a2c2a6e.nxcli.io\\\/fi\\\/#website\"},\"datePublished\":\"2025-04-03T12:26:27+00:00\",\"dateModified\":\"2025-06-09T13:55:05+00:00\",\"breadcrumb\":{\"@id\":\"https:\\\/\\\/stp.com\\\/fi\\\/huolto-ohjeita\\\/usein-kysytyt-kysymykset\\\/jarruneste-ja-ohjaustehostimen-oljy-usein-kysytyt-kysymykset\\\/#breadcrumb\"},\"inLanguage\":\"en-US\",\"potentialAction\":[{\"@type\":\"ReadAction\",\"target\":[\"https:\\\/\\\/stp.com\\\/fi\\\/huolto-ohjeita\\\/usein-kysytyt-kysymykset\\\/jarruneste-ja-ohjaustehostimen-oljy-usein-kysytyt-kysymykset\\\/\"]}]},{\"@type\":\"BreadcrumbList\",\"@id\":\"https:\\\/\\\/stp.com\\\/fi\\\/huolto-ohjeita\\\/usein-kysytyt-kysymykset\\\/jarruneste-ja-ohjaustehostimen-oljy-usein-kysytyt-kysymykset\\\/#breadcrumb\",\"itemListElement\":[{\"@type\":\"ListItem\",\"position\":1,\"name\":\"Home\",\"item\":\"https:\\\/\\\/stp.com\\\/fi\\\/\"},{\"@type\":\"ListItem\",\"position\":2,\"name\":\"Huolto-ohjeita\",\"item\":\"https:\\\/\\\/stp.com\\\/fi\\\/huolto-ohjeita\\\/\"},{\"@type\":\"ListItem\",\"position\":3,\"name\":\"Usein kysytyt kysymykset\",\"item\":\"https:\\\/\\\/stp.com\\\/fi\\\/huolto-ohjeita\\\/usein-kysytyt-kysymykset\\\/\"},{\"@type\":\"ListItem\",\"position\":4,\"name\":\"Jarruneste ja ohjaustehostimen \u00f6ljy \u2013 Usein kysytyt kysymykset\"}]},{\"@type\":\"WebSite\",\"@id\":\"https:\\\/\\\/c38a2c2a6e.nxcli.io\\\/fi\\\/#website\",\"url\":\"https:\\\/\\\/c38a2c2a6e.nxcli.io\\\/fi\\\/\",\"name\":\"STP Finland\",\"description\":\"Science. Technology. Performance\",\"potentialAction\":[{\"@type\":\"SearchAction\",\"target\":{\"@type\":\"EntryPoint\",\"urlTemplate\":\"https:\\\/\\\/c38a2c2a6e.nxcli.io\\\/fi\\\/?s={search_term_string}\"},\"query-input\":{\"@type\":\"PropertyValueSpecification\",\"valueRequired\":true,\"valueName\":\"search_term_string\"}}],\"inLanguage\":\"en-US\"}]}<\/script>\n<!-- \/ Yoast SEO plugin. -->","yoast_head_json":{"title":"Jarruneste ja ohjaustehostimen \u00f6ljy \u2013 Usein kysytyt kysymykset - STP Finland","robots":{"index":"index","follow":"follow","max-snippet":"max-snippet:-1","max-image-preview":"max-image-preview:large","max-video-preview":"max-video-preview:-1"},"canonical":"https:\/\/stp.com\/fi\/huolto-ohjeita\/usein-kysytyt-kysymykset\/jarruneste-ja-ohjaustehostimen-oljy-usein-kysytyt-kysymykset\/","og_locale":"en_US","og_type":"article","og_title":"Jarruneste ja ohjaustehostimen \u00f6ljy \u2013 Usein kysytyt kysymykset - STP Finland","og_description":"Mit\u00e4 on jarruneste? Jarruneste on ensisijaisesti glykolieetteri\u00e4, jossa on korroosionestoainetta. Glykolieetterin tulee olla vakaa (eli ei kiehua), kun se altistuu jarrulevyiss\u00e4 syntyv\u00e4lle l\u00e4mm\u00f6lle. Korroosionestoaine est\u00e4\u00e4 korroosiota jarrutusj\u00e4rjestelm\u00e4ss\u00e4. Korroosionestoaineen teho hiipuu ajan my\u00f6t\u00e4; siksi jarruneste kannattaa vaihtaa s\u00e4\u00e4nn\u00f6llisesti. Useimmat ajoneuvovalmistajat suosittelevat jarrunesteen vaihtoa kahden vuoden v\u00e4lein, mutta suosittelemme tarkastamaan vaihtov\u00e4lin huoltokirjasta. Miksi tarvitsen jarrunestett\u00e4? Jarrunesteen avulla [&hellip;]","og_url":"https:\/\/stp.com\/fi\/huolto-ohjeita\/usein-kysytyt-kysymykset\/jarruneste-ja-ohjaustehostimen-oljy-usein-kysytyt-kysymykset\/","og_site_name":"STP Finland","article_modified_time":"2025-06-09T13:55:05+00:00","twitter_card":"summary_large_image","twitter_misc":{"Est. reading time":"2 minutes"},"schema":{"@context":"https:\/\/schema.org","@graph":[{"@type":"WebPage","@id":"https:\/\/stp.com\/fi\/huolto-ohjeita\/usein-kysytyt-kysymykset\/jarruneste-ja-ohjaustehostimen-oljy-usein-kysytyt-kysymykset\/","url":"https:\/\/stp.com\/fi\/huolto-ohjeita\/usein-kysytyt-kysymykset\/jarruneste-ja-ohjaustehostimen-oljy-usein-kysytyt-kysymykset\/","name":"Jarruneste ja ohjaustehostimen \u00f6ljy \u2013 Usein kysytyt kysymykset - STP Finland","isPartOf":{"@id":"https:\/\/c38a2c2a6e.nxcli.io\/fi\/#website"},"datePublished":"2025-04-03T12:26:27+00:00","dateModified":"2025-06-09T13:55:05+00:00","breadcrumb":{"@id":"https:\/\/stp.com\/fi\/huolto-ohjeita\/usein-kysytyt-kysymykset\/jarruneste-ja-ohjaustehostimen-oljy-usein-kysytyt-kysymykset\/#breadcrumb"},"inLanguage":"en-US","potentialAction":[{"@type":"ReadAction","target":["https:\/\/stp.com\/fi\/huolto-ohjeita\/usein-kysytyt-kysymykset\/jarruneste-ja-ohjaustehostimen-oljy-usein-kysytyt-kysymykset\/"]}]},{"@type":"BreadcrumbList","@id":"https:\/\/stp.com\/fi\/huolto-ohjeita\/usein-kysytyt-kysymykset\/jarruneste-ja-ohjaustehostimen-oljy-usein-kysytyt-kysymykset\/#breadcrumb","itemListElement":[{"@type":"ListItem","position":1,"name":"Home","item":"https:\/\/stp.com\/fi\/"},{"@type":"ListItem","position":2,"name":"Huolto-ohjeita","item":"https:\/\/stp.com\/fi\/huolto-ohjeita\/"},{"@type":"ListItem","position":3,"name":"Usein kysytyt kysymykset","item":"https:\/\/stp.com\/fi\/huolto-ohjeita\/usein-kysytyt-kysymykset\/"},{"@type":"ListItem","position":4,"name":"Jarruneste ja ohjaustehostimen \u00f6ljy \u2013 Usein kysytyt kysymykset"}]},{"@type":"WebSite","@id":"https:\/\/c38a2c2a6e.nxcli.io\/fi\/#website","url":"https:\/\/c38a2c2a6e.nxcli.io\/fi\/","name":"STP Finland","description":"Science. Technology. Performance","potentialAction":[{"@type":"SearchAction","target":{"@type":"EntryPoint","urlTemplate":"https:\/\/c38a2c2a6e.nxcli.io\/fi\/?s={search_term_string}"},"query-input":{"@type":"PropertyValueSpecification","valueRequired":true,"valueName":"search_term_string"}}],"inLanguage":"en-US"}]}},"_links":{"self":[{"href":"https:\/\/stp.com\/fi\/wp-json\/wp\/v2\/pages\/5006","targetHints":{"allow":["GET"]}}],"collection":[{"href":"https:\/\/stp.com\/fi\/wp-json\/wp\/v2\/pages"}],"about":[{"href":"https:\/\/stp.com\/fi\/wp-json\/wp\/v2\/types\/page"}],"author":[{"embeddable":true,"href":"https:\/\/stp.com\/fi\/wp-json\/wp\/v2\/users\/1"}],"replies":[{"embeddable":true,"href":"https:\/\/stp.com\/fi\/wp-json\/wp\/v2\/comments?post=5006"}],"version-history":[{"count":102,"href":"https:\/\/stp.com\/fi\/wp-json\/wp\/v2\/pages\/5006\/revisions"}],"predecessor-version":[{"id":7773,"href":"https:\/\/stp.com\/fi\/wp-json\/wp\/v2\/pages\/5006\/revisions\/7773"}],"up":[{"embeddable":true,"href":"https:\/\/stp.com\/fi\/wp-json\/wp\/v2\/pages\/4911"}],"wp:attachment":[{"href":"https:\/\/stp.com\/fi\/wp-json\/wp\/v2\/media?parent=5006"}],"curies":[{"name":"wp","href":"https:\/\/api.w.org\/{rel}","templated":true}]}}