{"id":4641,"date":"2025-04-03T12:28:30","date_gmt":"2025-04-03T06:58:30","guid":{"rendered":"https:\/\/c38a2c2a6e.nxcli.io\/fi\/?page_id=4641"},"modified":"2025-06-09T19:22:11","modified_gmt":"2025-06-09T13:52:11","slug":"stp-historia","status":"publish","type":"page","link":"https:\/\/stp.com\/fi\/tietoa-stpsta\/stp-historia\/","title":{"rendered":"STP\u00ae \u2013 Historia"},"content":{"rendered":"\t\t<div data-elementor-type=\"wp-page\" data-elementor-id=\"4641\" class=\"elementor elementor-4641\" data-elementor-post-type=\"page\">\n\t\t\t\t<div class=\"elementor-element elementor-element-5e94cde e-flex e-con-boxed e-con e-parent\" data-id=\"5e94cde\" data-element_type=\"container\" data-e-type=\"container\" data-settings=\"{&quot;background_background&quot;:&quot;classic&quot;}\">\n\t\t\t\t\t<div class=\"e-con-inner\">\n\t\t\t\t<div class=\"elementor-element elementor-element-cfaea1b breadcrumb elementor-widget elementor-widget-breadcrumbs\" data-id=\"cfaea1b\" data-element_type=\"widget\" data-e-type=\"widget\" data-widget_type=\"breadcrumbs.default\">\n\t\t\t\t<div class=\"elementor-widget-container\">\n\t\t\t\t\t<p id=\"breadcrumbs\"><span><span><a href=\"https:\/\/stp.com\/fi\/\">Home<\/a><\/span><\/span><\/p>\t\t\t\t<\/div>\n\t\t\t\t<\/div>\n\t\t<div class=\"elementor-element elementor-element-9197ee0 e-con-full e-flex e-con e-child\" data-id=\"9197ee0\" data-element_type=\"container\" data-e-type=\"container\">\n\t\t<div class=\"elementor-element elementor-element-03eb06b e-con-full product__head e-flex e-con e-child\" data-id=\"03eb06b\" data-element_type=\"container\" data-e-type=\"container\">\n\t\t\t\t<div class=\"elementor-element elementor-element-cbb7f8f elementor-widget elementor-widget-text-editor\" data-id=\"cbb7f8f\" data-element_type=\"widget\" data-e-type=\"widget\" data-widget_type=\"text-editor.default\">\n\t\t\t\t<div class=\"elementor-widget-container\">\n\t\t\t\t\t\t\t\t\t<div class=\"col\"><p>Lokakuussa 1954 kolme liikemiest\u00e4, joilla oli vain 3\u00a0000 dollarin alkup\u00e4\u00e4oma, esitteliv\u00e4t ensimm\u00e4isen STP\u00ae-tuotteen St. Josephissa, Missourissa. Scientifically Treated Petroleum, joka tunnetaan paremmin nimell\u00e4 STP\u00ae, aloitti tuotteella nimelt\u00e4 STP\u00ae Oil Treatment. Tuotteen tarkoituksena oli est\u00e4\u00e4 auton moottori\u00f6ljy\u00e4 ohentumasta korkeassa l\u00e4mp\u00f6tilassa ja paineessa.<\/p><\/div>\t\t\t\t\t\t\t\t<\/div>\n\t\t\t\t<\/div>\n\t\t\t\t<\/div>\n\t\t\t\t<\/div>\n\t\t\t\t\t<\/div>\n\t\t\t\t<\/div>\n\t\t<div class=\"elementor-element elementor-element-63146c3 top-red-border e-flex e-con-boxed e-con e-parent\" data-id=\"63146c3\" data-element_type=\"container\" data-e-type=\"container\" data-settings=\"{&quot;background_background&quot;:&quot;classic&quot;}\">\n\t\t\t\t\t<div class=\"e-con-inner\">\n\t\t<div class=\"elementor-element elementor-element-a699833 e-con-full e-flex e-con e-child\" data-id=\"a699833\" data-element_type=\"container\" data-e-type=\"container\">\n\t\t\t\t<div class=\"elementor-element elementor-element-68fb698 elementor-widget elementor-widget-heading\" data-id=\"68fb698\" data-element_type=\"widget\" data-e-type=\"widget\" data-widget_type=\"heading.default\">\n\t\t\t\t<div class=\"elementor-widget-container\">\n\t\t\t\t\t<h2 class=\"elementor-heading-title elementor-size-default\">Historiamme \u2013 aikajana\n<\/h2>\t\t\t\t<\/div>\n\t\t\t\t<\/div>\n\t\t\t\t<\/div>\n\t\t<div class=\"elementor-element elementor-element-24ca1e4 e-con-full e-flex e-con e-child\" data-id=\"24ca1e4\" data-element_type=\"container\" data-e-type=\"container\">\n\t\t\t\t<div class=\"elementor-element elementor-element-1933fdc elementor-position-left elementor-vertical-align-middle image-text-section left-image elementor-widget elementor-widget-image-box\" data-id=\"1933fdc\" data-element_type=\"widget\" data-e-type=\"widget\" data-widget_type=\"image-box.default\">\n\t\t\t\t<div class=\"elementor-widget-container\">\n\t\t\t\t\t<div class=\"elementor-image-box-wrapper\"><figure class=\"elementor-image-box-img\"><img fetchpriority=\"high\" decoding=\"async\" width=\"840\" height=\"548\" src=\"https:\/\/stpcdnimage.imgix.net\/wp-content\/uploads\/sites\/20\/2025\/04\/1954-edit.avif\" class=\"attachment-full size-full wp-image-4650\" alt=\"\" \/><\/figure><div class=\"elementor-image-box-content\"><h3 class=\"elementor-image-box-title\">1954<\/h3><p class=\"elementor-image-box-description\">Charles Dwight (Doc) Liggett, Jim Hill ja Robert DeHart alkoivat pakata STP\u00ae Oil Treatment -tuotetta \u00f6isin takapihan autotallissa. He myiv\u00e4t tuotetta autojensa tavaratilasta liike- ja huvimatkoillaan.\n\n<\/p><\/div><\/div>\t\t\t\t<\/div>\n\t\t\t\t<\/div>\n\t\t\t\t<div class=\"elementor-element elementor-element-3ba3c4a elementor-position-right elementor-vertical-align-middle image-text-section elementor-widget elementor-widget-image-box\" data-id=\"3ba3c4a\" data-element_type=\"widget\" data-e-type=\"widget\" data-widget_type=\"image-box.default\">\n\t\t\t\t<div class=\"elementor-widget-container\">\n\t\t\t\t\t<div class=\"elementor-image-box-wrapper\"><figure class=\"elementor-image-box-img\"><img decoding=\"async\" width=\"840\" height=\"548\" src=\"https:\/\/stpcdnimage.imgix.net\/wp-content\/uploads\/sites\/20\/2025\/04\/1960.avif\" class=\"attachment-full size-full wp-image-4651\" alt=\"\" \/><\/figure><div class=\"elementor-image-box-content\"><h3 class=\"elementor-image-box-title\">1960-1961<\/h3><p class=\"elementor-image-box-description\">Yhti\u00f6n alkuvaiheen kasvu ja kannattavuus niittiv\u00e4t hyv\u00e4\u00e4 mainetta. Tuotemerkin yhteys kilpa-autoiluun auttoi STP:t\u00e4\u00ae tuomaan markkinoille ensimm\u00e4isen polttoaineen lis\u00e4aineen (Gas Treatment.)\n\n<\/p><\/div><\/div>\t\t\t\t<\/div>\n\t\t\t\t<\/div>\n\t\t\t\t<div class=\"elementor-element elementor-element-6ed6039 elementor-position-left elementor-vertical-align-middle image-text-section left-image elementor-widget elementor-widget-image-box\" data-id=\"6ed6039\" data-element_type=\"widget\" data-e-type=\"widget\" data-widget_type=\"image-box.default\">\n\t\t\t\t<div class=\"elementor-widget-container\">\n\t\t\t\t\t<div class=\"elementor-image-box-wrapper\"><figure class=\"elementor-image-box-img\"><img decoding=\"async\" width=\"537\" height=\"332\" src=\"https:\/\/stpcdnimage.imgix.net\/wp-content\/uploads\/sites\/20\/2025\/04\/1963.avif\" class=\"attachment-full size-full wp-image-4652\" alt=\"\" \/><\/figure><div class=\"elementor-image-box-content\"><h3 class=\"elementor-image-box-title\">1963<\/h3><p class=\"elementor-image-box-description\">Andy Granatelli nimitettiin STP:n\u00ae toimitusjohtajaksi. H\u00e4n laajensi tuotemerkin markkinointia auto- ja venekilpailujen avulla. STP\u00ae-tuotteiden jakelu kasvoi, ja pian niit\u00e4 oli saatavilla yli 200 000 huoltoasemalla ymp\u00e4ri Yhdysvaltoja.\n\n<\/p><\/div><\/div>\t\t\t\t<\/div>\n\t\t\t\t<\/div>\n\t\t\t\t<div class=\"elementor-element elementor-element-445f1e3 elementor-position-right elementor-vertical-align-middle image-text-section elementor-widget elementor-widget-image-box\" data-id=\"445f1e3\" data-element_type=\"widget\" data-e-type=\"widget\" data-widget_type=\"image-box.default\">\n\t\t\t\t<div class=\"elementor-widget-container\">\n\t\t\t\t\t<div class=\"elementor-image-box-wrapper\"><figure class=\"elementor-image-box-img\"><img loading=\"lazy\" decoding=\"async\" width=\"840\" height=\"548\" src=\"https:\/\/stpcdnimage.imgix.net\/wp-content\/uploads\/sites\/20\/2025\/04\/Late-1960.avif\" class=\"attachment-full size-full wp-image-4656\" alt=\"\" \/><\/figure><div class=\"elementor-image-box-content\"><h3 class=\"elementor-image-box-title\">1960-luvun j\u00e4lkipuoli<\/h3><p class=\"elementor-image-box-description\">Vuoden 1966 loppuun menness\u00e4 myynti oli noussut yli 43 miljoonaan dollariin. Vuonna 1969 STP:st\u00e4\u00ae tuli osakeyhti\u00f6, joka listattiin Yhdysvaltain p\u00f6rssiss\u00e4 tunnuksella \u201dSTP\u201d. STP\u00ae sponsoroi omaa Indy Car -kilpa-autotiimi\u00e4\u00e4n, joka voitti vuoden 1969 Indianapolis 500 -kilpailun Mario Andrettin johdolla.\n\n<\/p><\/div><\/div>\t\t\t\t<\/div>\n\t\t\t\t<\/div>\n\t\t\t\t<div class=\"elementor-element elementor-element-c157b41 elementor-position-left elementor-vertical-align-middle image-text-section left-image elementor-widget elementor-widget-image-box\" data-id=\"c157b41\" data-element_type=\"widget\" data-e-type=\"widget\" data-widget_type=\"image-box.default\">\n\t\t\t\t<div class=\"elementor-widget-container\">\n\t\t\t\t\t<div class=\"elementor-image-box-wrapper\"><figure class=\"elementor-image-box-img\"><img loading=\"lazy\" decoding=\"async\" width=\"330\" height=\"264\" src=\"https:\/\/stpcdnimage.imgix.net\/wp-content\/uploads\/sites\/20\/2025\/04\/richard_driving_1.avif\" class=\"attachment-full size-full wp-image-4657\" alt=\"\" \/><\/figure><div class=\"elementor-image-box-content\"><h3 class=\"elementor-image-box-title\">1970-luku<\/h3><p class=\"elementor-image-box-description\">STP\u00ae nousi otsikoihin kaikkialla maailmassa aloittamalla t\u00e4h\u00e4n p\u00e4iv\u00e4\u00e4n jatkuvan yhteisty\u00f6n legendaarisen Richard Pettyn kanssa.  Tuotteita myytiin kaikkialla Yhdysvalloissa sek\u00e4 Kanadassa, Meksikossa ja l\u00e4hes 100 muussa maassa ymp\u00e4ri maailmaa.\n\n<\/p><\/div><\/div>\t\t\t\t<\/div>\n\t\t\t\t<\/div>\n\t\t\t\t<div class=\"elementor-element elementor-element-eaf9e93 elementor-position-right elementor-vertical-align-middle image-text-section elementor-widget elementor-widget-image-box\" data-id=\"eaf9e93\" data-element_type=\"widget\" data-e-type=\"widget\" data-widget_type=\"image-box.default\">\n\t\t\t\t<div class=\"elementor-widget-container\">\n\t\t\t\t\t<div class=\"elementor-image-box-wrapper\"><figure class=\"elementor-image-box-img\"><img loading=\"lazy\" decoding=\"async\" width=\"330\" height=\"413\" src=\"https:\/\/stpcdnimage.imgix.net\/wp-content\/uploads\/sites\/20\/2025\/04\/richard-trophy.avif\" class=\"attachment-full size-full wp-image-4661\" alt=\"\" \/><\/figure><div class=\"elementor-image-box-content\"><h3 class=\"elementor-image-box-title\">1980-luku<\/h3><p class=\"elementor-image-box-description\">Vuonna 1981 Richard Petty saavutti seitsem\u00e4nnen ja viimeisen Daytona 500 -kilpailun voittonsa STP-autolla numero 43. Vuonna 1984 Petty voitti uransa 200. kilpailun.\n\n<\/p><\/div><\/div>\t\t\t\t<\/div>\n\t\t\t\t<\/div>\n\t\t\t\t<div class=\"elementor-element elementor-element-40815d4 elementor-position-left elementor-vertical-align-middle image-text-section left-image elementor-widget elementor-widget-image-box\" data-id=\"40815d4\" data-element_type=\"widget\" data-e-type=\"widget\" data-widget_type=\"image-box.default\">\n\t\t\t\t<div class=\"elementor-widget-container\">\n\t\t\t\t\t<div class=\"elementor-image-box-wrapper\"><figure class=\"elementor-image-box-img\"><img loading=\"lazy\" decoding=\"async\" width=\"420\" height=\"279\" src=\"https:\/\/stpcdnimage.imgix.net\/wp-content\/uploads\/sites\/20\/2025\/04\/1990s.avif\" class=\"attachment-full size-full wp-image-4665\" alt=\"\" \/><\/figure><div class=\"elementor-image-box-content\"><h3 class=\"elementor-image-box-title\">1990-luku<\/h3><p class=\"elementor-image-box-description\">Vuonna 1996 STP lanseerasi ensimm\u00e4isen Complete Fuel System Cleaner -tuotteen. Bobby Hamilton voitti ensimm\u00e4isen kilpailunsa Phoenixissa palauttaen auton numero 43 takaisin Victory Lanelle.\n\n\n\n<\/p><\/div><\/div>\t\t\t\t<\/div>\n\t\t\t\t<\/div>\n\t\t\t\t<div class=\"elementor-element elementor-element-7d6233d elementor-position-right elementor-vertical-align-middle image-text-section elementor-widget elementor-widget-image-box\" data-id=\"7d6233d\" data-element_type=\"widget\" data-e-type=\"widget\" data-widget_type=\"image-box.default\">\n\t\t\t\t<div class=\"elementor-widget-container\">\n\t\t\t\t\t<div class=\"elementor-image-box-wrapper\"><figure class=\"elementor-image-box-img\"><img loading=\"lazy\" decoding=\"async\" width=\"840\" height=\"548\" src=\"https:\/\/stpcdnimage.imgix.net\/wp-content\/uploads\/sites\/20\/2025\/04\/2000.avif\" class=\"attachment-full size-full wp-image-4669\" alt=\"\" \/><\/figure><div class=\"elementor-image-box-content\"><h3 class=\"elementor-image-box-title\">2000-luku<\/h3><p class=\"elementor-image-box-description\">Vuonna 2009 Richard Petty ajoi Daytona 500\u00ae -kilpailussa turva-autoa kahdensadannen voittonsa 25-vuotisp\u00e4iv\u00e4n\u00e4. STP\u00ae ja Armor All World of Outlaws\u2122 -kuljettaja Donny Schatz voitti nelj\u00e4nnen per\u00e4kk\u00e4isen Knoxvillen kansallisen mestaruutensa STP\u00ae Indy 500 Tribute -autolla.\n\n<\/p><\/div><\/div>\t\t\t\t<\/div>\n\t\t\t\t<\/div>\n\t\t\t\t<div class=\"elementor-element elementor-element-404287d elementor-position-left elementor-vertical-align-middle image-text-section left-image elementor-widget elementor-widget-image-box\" data-id=\"404287d\" data-element_type=\"widget\" data-e-type=\"widget\" data-widget_type=\"image-box.default\">\n\t\t\t\t<div class=\"elementor-widget-container\">\n\t\t\t\t\t<div class=\"elementor-image-box-wrapper\"><figure class=\"elementor-image-box-img\"><img loading=\"lazy\" decoding=\"async\" width=\"330\" height=\"200\" src=\"https:\/\/stpcdnimage.imgix.net\/wp-content\/uploads\/sites\/20\/2025\/04\/2014.avif\" class=\"attachment-full size-full wp-image-4670\" alt=\"\" \/><\/figure><div class=\"elementor-image-box-content\"><h3 class=\"elementor-image-box-title\">2014<\/h3><p class=\"elementor-image-box-description\">Vuonna 2014 STP juhlisti 60-vuotisp\u00e4iv\u00e4\u00e4ns\u00e4 julkistamalla Ultra 5-in-1 Fuel System Cleaner -tuotteen. STP is\u00e4nn\u00f6i Martinsville Speedwaylla STP 500 -kilpailua, jonka voitti Kurt Busch.\n\n<\/p><\/div><\/div>\t\t\t\t<\/div>\n\t\t\t\t<\/div>\n\t\t\t\t<div class=\"elementor-element elementor-element-d24428f elementor-position-right elementor-vertical-align-middle image-text-section elementor-widget elementor-widget-image-box\" data-id=\"d24428f\" data-element_type=\"widget\" data-e-type=\"widget\" data-widget_type=\"image-box.default\">\n\t\t\t\t<div class=\"elementor-widget-container\">\n\t\t\t\t\t<div class=\"elementor-image-box-wrapper\"><figure class=\"elementor-image-box-img\"><img loading=\"lazy\" decoding=\"async\" width=\"1350\" height=\"901\" src=\"https:\/\/stpcdnimage.imgix.net\/wp-content\/uploads\/sites\/20\/2025\/04\/2018.avif\" class=\"attachment-full size-full wp-image-4674\" alt=\"\" \/><\/figure><div class=\"elementor-image-box-content\"><h3 class=\"elementor-image-box-title\">2018<\/h3><p class=\"elementor-image-box-description\">Vuonna 2018 Richard Petty Motorsports palkkasi Darrell \u201dBubba\u201d Wallace Jr:n kilpailemaan kuuluisalla STP-autolla numero 43 NASCAR Cup -sarjassa. H\u00e4n oli ensimm\u00e4inen afroamerikkalainen NASCAR Cup -kuljettaja Wendell Scottin j\u00e4lkeen vuonna 1971. Bubba aloitti kauden 2018 vahvasti sijoittumalla toiselle sijalle Daytona 500 -sarjassa.\n\n<\/p><\/div><\/div>\t\t\t\t<\/div>\n\t\t\t\t<\/div>\n\t\t\t\t<div class=\"elementor-element elementor-element-26f4551 elementor-position-left elementor-vertical-align-middle image-text-section left-image elementor-widget elementor-widget-image-box\" data-id=\"26f4551\" data-element_type=\"widget\" data-e-type=\"widget\" data-widget_type=\"image-box.default\">\n\t\t\t\t<div class=\"elementor-widget-container\">\n\t\t\t\t\t<div class=\"elementor-image-box-wrapper\"><figure class=\"elementor-image-box-img\"><img loading=\"lazy\" decoding=\"async\" width=\"848\" height=\"477\" src=\"https:\/\/stpcdnimage.imgix.net\/wp-content\/uploads\/sites\/20\/2025\/06\/Racing-9-1.avif\" class=\"attachment-full size-full wp-image-7648\" alt=\"\" \/><\/figure><div class=\"elementor-image-box-content\"><h3 class=\"elementor-image-box-title\">2020\/21<\/h3><p class=\"elementor-image-box-description\">STP lanseerasi Ceramic Oil Treatment -tuotteen ja juhlisti 50-vuotista yhteisty\u00f6t\u00e4 Richard Petty Motorsportsin kanssa. STP jatkoi Richard Petty Motorsportsin ja kuljettaja Erik Jonesin Chevroletin numero 43 sponsorina koko NASCAR Cup -sarjan kauden ajan.\n\n<\/p><\/div><\/div>\t\t\t\t<\/div>\n\t\t\t\t<\/div>\n\t\t\t\t<\/div>\n\t\t\t\t\t<\/div>\n\t\t\t\t<\/div>\n\t\t\t\t<\/div>\n\t\t","protected":false},"excerpt":{"rendered":"<p>Lokakuussa 1954 kolme liikemiest\u00e4, joilla oli vain 3\u00a0000 dollarin alkup\u00e4\u00e4oma, esitteliv\u00e4t ensimm\u00e4isen STP\u00ae-tuotteen St. Josephissa, Missourissa. Scientifically Treated Petroleum, joka tunnetaan paremmin nimell\u00e4 STP\u00ae, aloitti tuotteella nimelt\u00e4 STP\u00ae Oil Treatment. Tuotteen tarkoituksena oli est\u00e4\u00e4 auton moottori\u00f6ljy\u00e4 ohentumasta korkeassa l\u00e4mp\u00f6tilassa ja paineessa. Historiamme \u2013 aikajana 1954 Charles Dwight (Doc) Liggett, Jim Hill ja Robert DeHart alkoivat [&hellip;]<\/p>\n","protected":false},"author":1,"featured_media":0,"parent":4227,"menu_order":0,"comment_status":"closed","ping_status":"closed","template":"","meta":{"_acf_changed":false,"footnotes":""},"class_list":["post-4641","page","type-page","status-publish","hentry"],"acf":[],"yoast_head":"<!-- This site is optimized with the Yoast SEO plugin v27.4 - https:\/\/yoast.com\/product\/yoast-seo-wordpress\/ -->\n<title>STP\u00ae \u2013 Historia - STP Finland<\/title>\n<meta name=\"robots\" content=\"index, follow, max-snippet:-1, max-image-preview:large, max-video-preview:-1\" \/>\n<link rel=\"canonical\" href=\"https:\/\/stp.com\/fi\/tietoa-stpsta\/stp-historia\/\" \/>\n<meta property=\"og:locale\" content=\"en_US\" \/>\n<meta property=\"og:type\" content=\"article\" \/>\n<meta property=\"og:title\" content=\"STP\u00ae \u2013 Historia - STP Finland\" \/>\n<meta property=\"og:description\" content=\"Lokakuussa 1954 kolme liikemiest\u00e4, joilla oli vain 3\u00a0000 dollarin alkup\u00e4\u00e4oma, esitteliv\u00e4t ensimm\u00e4isen STP\u00ae-tuotteen St. Josephissa, Missourissa. Scientifically Treated Petroleum, joka tunnetaan paremmin nimell\u00e4 STP\u00ae, aloitti tuotteella nimelt\u00e4 STP\u00ae Oil Treatment. Tuotteen tarkoituksena oli est\u00e4\u00e4 auton moottori\u00f6ljy\u00e4 ohentumasta korkeassa l\u00e4mp\u00f6tilassa ja paineessa. Historiamme \u2013 aikajana 1954 Charles Dwight (Doc) Liggett, Jim Hill ja Robert DeHart alkoivat [&hellip;]\" \/>\n<meta property=\"og:url\" content=\"https:\/\/stp.com\/fi\/tietoa-stpsta\/stp-historia\/\" \/>\n<meta property=\"og:site_name\" content=\"STP Finland\" \/>\n<meta property=\"article:modified_time\" content=\"2025-06-09T13:52:11+00:00\" \/>\n<meta property=\"og:image\" content=\"https:\/\/stp.com\/fi\/wp-content\/uploads\/sites\/20\/2025\/04\/1954-edit.avif\" \/>\n<meta name=\"twitter:card\" content=\"summary_large_image\" \/>\n<meta name=\"twitter:label1\" content=\"Est. reading time\" \/>\n\t<meta name=\"twitter:data1\" content=\"4 minutes\" \/>\n<script type=\"application\/ld+json\" class=\"yoast-schema-graph\">{\"@context\":\"https:\\\/\\\/schema.org\",\"@graph\":[{\"@type\":\"WebPage\",\"@id\":\"https:\\\/\\\/stp.com\\\/fi\\\/tietoa-stpsta\\\/stp-historia\\\/\",\"url\":\"https:\\\/\\\/stp.com\\\/fi\\\/tietoa-stpsta\\\/stp-historia\\\/\",\"name\":\"STP\u00ae \u2013 Historia - STP Finland\",\"isPartOf\":{\"@id\":\"https:\\\/\\\/c38a2c2a6e.nxcli.io\\\/fi\\\/#website\"},\"primaryImageOfPage\":{\"@id\":\"https:\\\/\\\/stp.com\\\/fi\\\/tietoa-stpsta\\\/stp-historia\\\/#primaryimage\"},\"image\":{\"@id\":\"https:\\\/\\\/stp.com\\\/fi\\\/tietoa-stpsta\\\/stp-historia\\\/#primaryimage\"},\"thumbnailUrl\":\"https:\\\/\\\/stp.com\\\/fi\\\/wp-content\\\/uploads\\\/sites\\\/20\\\/2025\\\/04\\\/1954-edit.avif\",\"datePublished\":\"2025-04-03T06:58:30+00:00\",\"dateModified\":\"2025-06-09T13:52:11+00:00\",\"breadcrumb\":{\"@id\":\"https:\\\/\\\/stp.com\\\/fi\\\/tietoa-stpsta\\\/stp-historia\\\/#breadcrumb\"},\"inLanguage\":\"en-US\",\"potentialAction\":[{\"@type\":\"ReadAction\",\"target\":[\"https:\\\/\\\/stp.com\\\/fi\\\/tietoa-stpsta\\\/stp-historia\\\/\"]}]},{\"@type\":\"ImageObject\",\"inLanguage\":\"en-US\",\"@id\":\"https:\\\/\\\/stp.com\\\/fi\\\/tietoa-stpsta\\\/stp-historia\\\/#primaryimage\",\"url\":\"https:\\\/\\\/stpcdnimage.imgix.net\\\/wp-content\\\/uploads\\\/sites\\\/20\\\/2025\\\/04\\\/1954-edit.avif\",\"contentUrl\":\"https:\\\/\\\/stpcdnimage.imgix.net\\\/wp-content\\\/uploads\\\/sites\\\/20\\\/2025\\\/04\\\/1954-edit.avif\",\"width\":840,\"height\":548},{\"@type\":\"BreadcrumbList\",\"@id\":\"https:\\\/\\\/stp.com\\\/fi\\\/tietoa-stpsta\\\/stp-historia\\\/#breadcrumb\",\"itemListElement\":[{\"@type\":\"ListItem\",\"position\":1,\"name\":\"Home\",\"item\":\"https:\\\/\\\/stp.com\\\/fi\\\/\"},{\"@type\":\"ListItem\",\"position\":2,\"name\":\"Tietoa STP\u00ae:st\u00e4\",\"item\":\"https:\\\/\\\/stp.com\\\/fi\\\/tietoa-stpsta\\\/\"},{\"@type\":\"ListItem\",\"position\":3,\"name\":\"STP\u00ae \u2013 Historia\"}]},{\"@type\":\"WebSite\",\"@id\":\"https:\\\/\\\/c38a2c2a6e.nxcli.io\\\/fi\\\/#website\",\"url\":\"https:\\\/\\\/c38a2c2a6e.nxcli.io\\\/fi\\\/\",\"name\":\"STP Finland\",\"description\":\"Science. Technology. Performance\",\"potentialAction\":[{\"@type\":\"SearchAction\",\"target\":{\"@type\":\"EntryPoint\",\"urlTemplate\":\"https:\\\/\\\/c38a2c2a6e.nxcli.io\\\/fi\\\/?s={search_term_string}\"},\"query-input\":{\"@type\":\"PropertyValueSpecification\",\"valueRequired\":true,\"valueName\":\"search_term_string\"}}],\"inLanguage\":\"en-US\"}]}<\/script>\n<!-- \/ Yoast SEO plugin. -->","yoast_head_json":{"title":"STP\u00ae \u2013 Historia - STP Finland","robots":{"index":"index","follow":"follow","max-snippet":"max-snippet:-1","max-image-preview":"max-image-preview:large","max-video-preview":"max-video-preview:-1"},"canonical":"https:\/\/stp.com\/fi\/tietoa-stpsta\/stp-historia\/","og_locale":"en_US","og_type":"article","og_title":"STP\u00ae \u2013 Historia - STP Finland","og_description":"Lokakuussa 1954 kolme liikemiest\u00e4, joilla oli vain 3\u00a0000 dollarin alkup\u00e4\u00e4oma, esitteliv\u00e4t ensimm\u00e4isen STP\u00ae-tuotteen St. Josephissa, Missourissa. Scientifically Treated Petroleum, joka tunnetaan paremmin nimell\u00e4 STP\u00ae, aloitti tuotteella nimelt\u00e4 STP\u00ae Oil Treatment. Tuotteen tarkoituksena oli est\u00e4\u00e4 auton moottori\u00f6ljy\u00e4 ohentumasta korkeassa l\u00e4mp\u00f6tilassa ja paineessa. Historiamme \u2013 aikajana 1954 Charles Dwight (Doc) Liggett, Jim Hill ja Robert DeHart alkoivat [&hellip;]","og_url":"https:\/\/stp.com\/fi\/tietoa-stpsta\/stp-historia\/","og_site_name":"STP Finland","article_modified_time":"2025-06-09T13:52:11+00:00","og_image":[{"url":"https:\/\/stp.com\/fi\/wp-content\/uploads\/sites\/20\/2025\/04\/1954-edit.avif","type":"","width":"","height":""}],"twitter_card":"summary_large_image","twitter_misc":{"Est. reading time":"4 minutes"},"schema":{"@context":"https:\/\/schema.org","@graph":[{"@type":"WebPage","@id":"https:\/\/stp.com\/fi\/tietoa-stpsta\/stp-historia\/","url":"https:\/\/stp.com\/fi\/tietoa-stpsta\/stp-historia\/","name":"STP\u00ae \u2013 Historia - STP Finland","isPartOf":{"@id":"https:\/\/c38a2c2a6e.nxcli.io\/fi\/#website"},"primaryImageOfPage":{"@id":"https:\/\/stp.com\/fi\/tietoa-stpsta\/stp-historia\/#primaryimage"},"image":{"@id":"https:\/\/stp.com\/fi\/tietoa-stpsta\/stp-historia\/#primaryimage"},"thumbnailUrl":"https:\/\/stp.com\/fi\/wp-content\/uploads\/sites\/20\/2025\/04\/1954-edit.avif","datePublished":"2025-04-03T06:58:30+00:00","dateModified":"2025-06-09T13:52:11+00:00","breadcrumb":{"@id":"https:\/\/stp.com\/fi\/tietoa-stpsta\/stp-historia\/#breadcrumb"},"inLanguage":"en-US","potentialAction":[{"@type":"ReadAction","target":["https:\/\/stp.com\/fi\/tietoa-stpsta\/stp-historia\/"]}]},{"@type":"ImageObject","inLanguage":"en-US","@id":"https:\/\/stp.com\/fi\/tietoa-stpsta\/stp-historia\/#primaryimage","url":"https:\/\/stpcdnimage.imgix.net\/wp-content\/uploads\/sites\/20\/2025\/04\/1954-edit.avif","contentUrl":"https:\/\/stpcdnimage.imgix.net\/wp-content\/uploads\/sites\/20\/2025\/04\/1954-edit.avif","width":840,"height":548},{"@type":"BreadcrumbList","@id":"https:\/\/stp.com\/fi\/tietoa-stpsta\/stp-historia\/#breadcrumb","itemListElement":[{"@type":"ListItem","position":1,"name":"Home","item":"https:\/\/stp.com\/fi\/"},{"@type":"ListItem","position":2,"name":"Tietoa STP\u00ae:st\u00e4","item":"https:\/\/stp.com\/fi\/tietoa-stpsta\/"},{"@type":"ListItem","position":3,"name":"STP\u00ae \u2013 Historia"}]},{"@type":"WebSite","@id":"https:\/\/c38a2c2a6e.nxcli.io\/fi\/#website","url":"https:\/\/c38a2c2a6e.nxcli.io\/fi\/","name":"STP Finland","description":"Science. Technology. Performance","potentialAction":[{"@type":"SearchAction","target":{"@type":"EntryPoint","urlTemplate":"https:\/\/c38a2c2a6e.nxcli.io\/fi\/?s={search_term_string}"},"query-input":{"@type":"PropertyValueSpecification","valueRequired":true,"valueName":"search_term_string"}}],"inLanguage":"en-US"}]}},"_links":{"self":[{"href":"https:\/\/stp.com\/fi\/wp-json\/wp\/v2\/pages\/4641","targetHints":{"allow":["GET"]}}],"collection":[{"href":"https:\/\/stp.com\/fi\/wp-json\/wp\/v2\/pages"}],"about":[{"href":"https:\/\/stp.com\/fi\/wp-json\/wp\/v2\/types\/page"}],"author":[{"embeddable":true,"href":"https:\/\/stp.com\/fi\/wp-json\/wp\/v2\/users\/1"}],"replies":[{"embeddable":true,"href":"https:\/\/stp.com\/fi\/wp-json\/wp\/v2\/comments?post=4641"}],"version-history":[{"count":70,"href":"https:\/\/stp.com\/fi\/wp-json\/wp\/v2\/pages\/4641\/revisions"}],"predecessor-version":[{"id":7651,"href":"https:\/\/stp.com\/fi\/wp-json\/wp\/v2\/pages\/4641\/revisions\/7651"}],"up":[{"embeddable":true,"href":"https:\/\/stp.com\/fi\/wp-json\/wp\/v2\/pages\/4227"}],"wp:attachment":[{"href":"https:\/\/stp.com\/fi\/wp-json\/wp\/v2\/media?parent=4641"}],"curies":[{"name":"wp","href":"https:\/\/api.w.org\/{rel}","templated":true}]}}