{"id":4229,"date":"2025-04-01T17:19:02","date_gmt":"2025-04-01T11:49:02","guid":{"rendered":"https:\/\/c38a2c2a6e.nxcli.io\/fi\/?page_id=4229"},"modified":"2025-06-06T11:15:18","modified_gmt":"2025-06-06T05:45:18","slug":"richard-petty","status":"publish","type":"page","link":"https:\/\/stp.com\/fi\/tietoa-stpsta\/kilpa-autoilu\/richard-petty\/","title":{"rendered":"Richard Petty"},"content":{"rendered":"\t\t<div data-elementor-type=\"wp-page\" data-elementor-id=\"4229\" class=\"elementor elementor-4229\" data-elementor-post-type=\"page\">\n\t\t\t\t<div class=\"elementor-element elementor-element-ad0d103 e-flex e-con-boxed e-con e-parent\" data-id=\"ad0d103\" data-element_type=\"container\" data-e-type=\"container\" data-settings=\"{&quot;background_background&quot;:&quot;classic&quot;}\">\n\t\t\t\t\t<div class=\"e-con-inner\">\n\t\t\t\t<div class=\"elementor-element elementor-element-800fae0 breadcrumb elementor-widget elementor-widget-breadcrumbs\" data-id=\"800fae0\" data-element_type=\"widget\" data-e-type=\"widget\" data-widget_type=\"breadcrumbs.default\">\n\t\t\t\t<div class=\"elementor-widget-container\">\n\t\t\t\t\t<p id=\"breadcrumbs\"><span><span><a href=\"https:\/\/stp.com\/fi\/\">Home<\/a><\/span><\/span><\/p>\t\t\t\t<\/div>\n\t\t\t\t<\/div>\n\t\t<div class=\"elementor-element elementor-element-3b41fe2 e-con-full e-flex e-con e-child\" data-id=\"3b41fe2\" data-element_type=\"container\" data-e-type=\"container\">\n\t\t<div class=\"elementor-element elementor-element-771f759 e-con-full product__head e-flex e-con e-child\" data-id=\"771f759\" data-element_type=\"container\" data-e-type=\"container\">\n\t\t\t\t<\/div>\n\t\t\t\t<\/div>\n\t\t\t\t\t<\/div>\n\t\t\t\t<\/div>\n\t\t<div class=\"elementor-element elementor-element-5f702f7 e-flex e-con-boxed e-con e-parent\" data-id=\"5f702f7\" data-element_type=\"container\" data-e-type=\"container\" data-settings=\"{&quot;background_background&quot;:&quot;classic&quot;}\">\n\t\t\t\t\t<div class=\"e-con-inner\">\n\t\t\t\t<div class=\"elementor-element elementor-element-4dea62b elementor-widget elementor-widget-heading\" data-id=\"4dea62b\" data-element_type=\"widget\" data-e-type=\"widget\" data-widget_type=\"heading.default\">\n\t\t\t\t<div class=\"elementor-widget-container\">\n\t\t\t\t\t<h2 class=\"elementor-heading-title elementor-size-default\">Kilpa-autoilun kuninkaallinen: \u201dThe King\u201d\n<\/h2>\t\t\t\t<\/div>\n\t\t\t\t<\/div>\n\t\t\t\t<div class=\"elementor-element elementor-element-b445cb6 elementor-widget elementor-widget-video\" data-id=\"b445cb6\" data-element_type=\"widget\" data-e-type=\"widget\" data-settings=\"{&quot;youtube_url&quot;:&quot;https:\\\/\\\/youtu.be\\\/byf_-95rUh0?feature=shared&quot;,&quot;yt_privacy&quot;:&quot;yes&quot;,&quot;video_type&quot;:&quot;youtube&quot;,&quot;controls&quot;:&quot;yes&quot;}\" data-widget_type=\"video.default\">\n\t\t\t\t<div class=\"elementor-widget-container\">\n\t\t\t\t\t\t\t<div class=\"elementor-wrapper elementor-open-inline\">\n\t\t\t<div class=\"elementor-video\"><\/div>\t\t<\/div>\n\t\t\t\t\t\t<\/div>\n\t\t\t\t<\/div>\n\t\t<div class=\"elementor-element elementor-element-451e08a e-flex e-con-boxed e-con e-child\" data-id=\"451e08a\" data-element_type=\"container\" data-e-type=\"container\">\n\t\t\t\t\t<div class=\"e-con-inner\">\n\t\t\t\t<div class=\"elementor-element elementor-element-03fdad3 elementor-widget elementor-widget-heading\" data-id=\"03fdad3\" data-element_type=\"widget\" data-e-type=\"widget\" data-widget_type=\"heading.default\">\n\t\t\t\t<div class=\"elementor-widget-container\">\n\t\t\t\t\t<h2 class=\"elementor-heading-title elementor-size-default\">Aina STP:n mies\n<\/h2>\t\t\t\t<\/div>\n\t\t\t\t<\/div>\n\t\t\t\t<div class=\"elementor-element elementor-element-efcbe6c elementor-widget elementor-widget-heading\" data-id=\"efcbe6c\" data-element_type=\"widget\" data-e-type=\"widget\" data-widget_type=\"heading.default\">\n\t\t\t\t<div class=\"elementor-widget-container\">\n\t\t\t\t\t<h3 class=\"elementor-heading-title elementor-size-default\">KIRJOITTANUT MIKE HARRIS\n<\/h3>\t\t\t\t<\/div>\n\t\t\t\t<\/div>\n\t\t\t\t<div class=\"elementor-element elementor-element-00fdab1 elementor-widget elementor-widget-text-editor\" data-id=\"00fdab1\" data-element_type=\"widget\" data-e-type=\"widget\" data-widget_type=\"text-editor.default\">\n\t\t\t\t<div class=\"elementor-widget-container\">\n\t\t\t\t\t\t\t\t\t<p>Kahden itsep\u00e4isen miehen eripura auton v\u00e4rityksest\u00e4 miltei esti k\u00e4\u00e4nteentekev\u00e4n NASCAR-sponsorointisopimuksen syntymisen.<\/p><p>Richard Petty oli tehnyt STP:n kanssa yhteisty\u00f6t\u00e4 jo vuodesta 1972, kun STP:n silloinen p\u00e4\u00e4johtaja Andy Granatelli otti h\u00e4neen yhteytt\u00e4 sopiakseen yrityksen logon sijoittamisesta kuuluisaan kilpa-autoon numero 43. Petty etsi aktiivisesti sponsoria, ja Granatelli oli jo pitk\u00e4\u00e4n ollut kiinnostunut l\u00f6yt\u00e4m\u00e4\u00e4n tien NASCARiin saavutettuaan huomattavaa menestyst\u00e4 INDY- ja KART-kilpailuissa sek\u00e4 drag-ajoissa.<\/p><p>Granatelli etsi tunnettuja kasvoja edustamaan tuotettaan, ja Petty, joka tunnettiin nimell\u00e4 \u201dThe King\u201d, sopi t\u00e4h\u00e4n t\u00e4ydellisesti, sill\u00e4 h\u00e4n viihtyi sek\u00e4 konepellin alla ett\u00e4 ratin takana. Petty taas tiesi, miten STP \u2013 sek\u00e4 sponsori ett\u00e4 tuote \u2013 voisivat edesauttaa h\u00e4nen tiimi\u00e4\u00e4n. \u201dGranatelli oli p\u00e4\u00e4tt\u00e4nyt, ett\u00e4 h\u00e4n halusi meid\u00e4t\u201d, Petty selitti. \u201dJoten kun astuimme sis\u00e4\u00e4n, h\u00e4n sanoi: \u201dT\u00e4ss\u00e4 on 250\u00a0000 dollarin sponsorointisopimus, me haluamme sinut mainoksiimme kaikkialla maassa.\u201d<\/p><p>Kaikki kuulosti Pettyn mielest\u00e4 hyv\u00e4lt\u00e4. Mutta sitten nousi esiin kysymys auton maalaussuunnitelmasta.<\/p><p>\u201dKeskustelimme Granatellin kanssa, ja kaikki n\u00e4ytti hyv\u00e4lt\u00e4. P\u00e4\u00e4simme sopimukseen, mutta kun nousimme l\u00e4hte\u00e4ksemme, h\u00e4n sanoi: \u201dMuuten, autosta tulee Day-Glo-punainen\u201d, joka on STP-v\u00e4ri. Sanoin: \u201dEi k\u00e4y. Auton on oltava Pettyn sininen.\u201d Nousin l\u00e4hte\u00e4kseni, sen verran itsep\u00e4inen olin. Mutta my\u00f6s h\u00e4n oli melko itsep\u00e4inen.\u201d Petty virnisti muistellessaan hetke\u00e4.<\/p><p>\u201dEn ollut kovinkaan fiksu sanoessani ei\u201d, h\u00e4n muisteli. \u201dMeill\u00e4 ei ollut mit\u00e4\u00e4n, ei sponsorisopimusta, ja sitten hylk\u00e4sin 250\u00a0000 dollaria tuosta vaan.\u201d<\/p><p>Granatelli kehotti Petty\u00e4 miettim\u00e4\u00e4n asiaa y\u00f6n yli, ja tunteet alkoivat j\u00e4\u00e4hty\u00e4.<\/p><p>Seuraavana aamuna p\u00e4\u00e4stiin yhteisymm\u00e4rrykseen luomalla ikoniset kilpa-autot \u2013 Day-Glo-punainen ja Pettyn sininen \u2013 joita The King, lajin suosituin kuljettaja ja stock car -kilpailemisen suurl\u00e4hettil\u00e4s, ajoi uransa loppuun saakka. Se oli eritt\u00e4in hyv\u00e4 sopimus STP:lle ja Granatellille, jotka eiv\u00e4t aiemmin olleet p\u00e4\u00e4sseet NASCARiin, sill\u00e4 Pure Oililla oli ollut yksinoikeus sarjan kanssa.<\/p><p>\u201dMeill\u00e4 oli tapana kohdata kuljettajat noin mailin p\u00e4\u00e4ss\u00e4 radalta ja antaa heille STP:n tuotteita, jotta he voisivat k\u00e4ytt\u00e4\u00e4 niit\u00e4\u201d, Granatelli kertoi.\u00a0 \u201dVaikka emme saaneet siit\u00e4 suoraa hy\u00f6ty\u00e4, kuljettajat hy\u00f6tyiv\u00e4t. Saimme heid\u00e4t tottumaan tuotteidemme k\u00e4ytt\u00f6\u00f6n.\u201d<\/p><p>Ensimm\u00e4isen sopimuksen rahasumma oli my\u00f6s merkitt\u00e4v\u00e4. STP:n sponsorointi antoi Pettylle kilpailuedun.<\/p><p>\u201d250\u00a0000 dollaria antoi meille mahdollisuuden hankkia parempia varusteita\u201d, Petty sanoi. \u201dT\u00e4st\u00e4 alkoi k\u00e4\u00e4nteentekev\u00e4 muutos, jossa ulkopuolinen rahoitus kattoi osan budjetista jo ennen kauden alkua.\u00a0 Aiemmin olimme joutuneet selvi\u00e4m\u00e4\u00e4n ilman budjettia kilpailusta kilpailuun. Piti vain p\u00e4rj\u00e4t\u00e4 jotenkin.\u201d<\/p><p>Pitk\u00e4aikainen NASCAR-johtaja Jim Hunter sanoi, ett\u00e4 STP\u2013Petty-suhteen syntyminen oli keskeinen tapahtuma urheilun historiassa.<\/p><p>\u201dPettyll\u00e4 oli elinik\u00e4inen sopimus, ja STP otti h\u00e4nest\u00e4 hy\u00f6dyn irti. Se oli markkinointiyhti\u00f6, ja he keskittiv\u00e4t kaiken mainontansa kilpa-autoiluun, erityisesti The Kingiin\u201d, Hunter sanoi. \u201dMinun n\u00e4kemykseni mukaan se oli NASCAR-sponsoroinnin korkeinta tasoa.\u201d<\/p><p>\u201dSTP oli ensimm\u00e4inen valtakunnallinen sponsori Cup-kilpailuissa\u201d, Petty sanoi. \u201dOlihan mukana aiemminkin ollut \u00e4idin ja is\u00e4n ruokakauppa, paikallinen autokorjaamo tai l\u00e4heinen j\u00e4lleenmyyj\u00e4, mutta kyse oli ollut enimm\u00e4kseen paikallisesta sponsoroinnista. Kenell\u00e4k\u00e4\u00e4n ei ollut valtakunnallista sopimusta. Se oli ensimm\u00e4inen kerta, kun Cup-kilpailut n\u00e4kyiv\u00e4t kansallisesti.\u00a0 Luulen, ett\u00e4 kun STP aloitti, Purolator tuli mukaan ja sitten monet muut seurasivat.\u201d<\/p><p>\u201dThe King\u201d allekirjoitti elinik\u00e4isen sopimuksen, joka oli voimassa niin kauan kuin Petty ajoi kilpa-autolla. Sopimusta jatkettiin jopa h\u00e4nen vuonna 1992 p\u00e4\u00e4ttyneen kuljettajan uransa j\u00e4lkeen, ja sponsorointi kesti yhteens\u00e4 yli 32 vuotta.<\/p><p>Eik\u00e4 se ole viel\u00e4k\u00e4\u00e4n ohi.<\/p><p>\u201dTeemme edelleen yhteisty\u00f6t\u00e4, emme sponsoroinnissa vaan henkil\u00f6kohtaisella tasolla. Richard Petty on ollut STP-mies vuodesta 1972 l\u00e4htien, ja sit\u00e4 h\u00e4n varmasti tulee olemaan aina\u201d, The King sanoi viel\u00e4 virnist\u00e4en.<\/p>\t\t\t\t\t\t\t\t<\/div>\n\t\t\t\t<\/div>\n\t\t\t\t\t<\/div>\n\t\t\t\t<\/div>\n\t\t\t\t\t<\/div>\n\t\t\t\t<\/div>\n\t\t\t\t<\/div>\n\t\t","protected":false},"excerpt":{"rendered":"<p>Kilpa-autoilun kuninkaallinen: \u201dThe King\u201d Aina STP:n mies KIRJOITTANUT MIKE HARRIS Kahden itsep\u00e4isen miehen eripura auton v\u00e4rityksest\u00e4 miltei esti k\u00e4\u00e4nteentekev\u00e4n NASCAR-sponsorointisopimuksen syntymisen. Richard Petty oli tehnyt STP:n kanssa yhteisty\u00f6t\u00e4 jo vuodesta 1972, kun STP:n silloinen p\u00e4\u00e4johtaja Andy Granatelli otti h\u00e4neen yhteytt\u00e4 sopiakseen yrityksen logon sijoittamisesta kuuluisaan kilpa-autoon numero 43. Petty etsi aktiivisesti sponsoria, ja Granatelli oli [&hellip;]<\/p>\n","protected":false},"author":1,"featured_media":0,"parent":4271,"menu_order":0,"comment_status":"closed","ping_status":"closed","template":"","meta":{"_acf_changed":false,"footnotes":""},"class_list":["post-4229","page","type-page","status-publish","hentry"],"acf":[],"yoast_head":"<!-- This site is optimized with the Yoast SEO plugin v27.4 - https:\/\/yoast.com\/product\/yoast-seo-wordpress\/ -->\n<title>Richard Petty - STP Finland<\/title>\n<meta name=\"robots\" content=\"index, follow, max-snippet:-1, max-image-preview:large, max-video-preview:-1\" \/>\n<link rel=\"canonical\" href=\"https:\/\/stp.com\/fi\/tietoa-stpsta\/kilpa-autoilu\/richard-petty\/\" \/>\n<meta property=\"og:locale\" content=\"en_US\" \/>\n<meta property=\"og:type\" content=\"article\" \/>\n<meta property=\"og:title\" content=\"Richard Petty - STP Finland\" \/>\n<meta property=\"og:description\" content=\"Kilpa-autoilun kuninkaallinen: \u201dThe King\u201d Aina STP:n mies KIRJOITTANUT MIKE HARRIS Kahden itsep\u00e4isen miehen eripura auton v\u00e4rityksest\u00e4 miltei esti k\u00e4\u00e4nteentekev\u00e4n NASCAR-sponsorointisopimuksen syntymisen. Richard Petty oli tehnyt STP:n kanssa yhteisty\u00f6t\u00e4 jo vuodesta 1972, kun STP:n silloinen p\u00e4\u00e4johtaja Andy Granatelli otti h\u00e4neen yhteytt\u00e4 sopiakseen yrityksen logon sijoittamisesta kuuluisaan kilpa-autoon numero 43. Petty etsi aktiivisesti sponsoria, ja Granatelli oli [&hellip;]\" \/>\n<meta property=\"og:url\" content=\"https:\/\/stp.com\/fi\/tietoa-stpsta\/kilpa-autoilu\/richard-petty\/\" \/>\n<meta property=\"og:site_name\" content=\"STP Finland\" \/>\n<meta property=\"article:modified_time\" content=\"2025-06-06T05:45:18+00:00\" \/>\n<meta name=\"twitter:card\" content=\"summary_large_image\" \/>\n<meta name=\"twitter:label1\" content=\"Est. reading time\" \/>\n\t<meta name=\"twitter:data1\" content=\"3 minutes\" \/>\n<script type=\"application\/ld+json\" class=\"yoast-schema-graph\">{\"@context\":\"https:\\\/\\\/schema.org\",\"@graph\":[{\"@type\":\"WebPage\",\"@id\":\"https:\\\/\\\/stp.com\\\/fi\\\/tietoa-stpsta\\\/kilpa-autoilu\\\/richard-petty\\\/\",\"url\":\"https:\\\/\\\/stp.com\\\/fi\\\/tietoa-stpsta\\\/kilpa-autoilu\\\/richard-petty\\\/\",\"name\":\"Richard Petty - STP Finland\",\"isPartOf\":{\"@id\":\"https:\\\/\\\/c38a2c2a6e.nxcli.io\\\/fi\\\/#website\"},\"datePublished\":\"2025-04-01T11:49:02+00:00\",\"dateModified\":\"2025-06-06T05:45:18+00:00\",\"breadcrumb\":{\"@id\":\"https:\\\/\\\/stp.com\\\/fi\\\/tietoa-stpsta\\\/kilpa-autoilu\\\/richard-petty\\\/#breadcrumb\"},\"inLanguage\":\"en-US\",\"potentialAction\":[{\"@type\":\"ReadAction\",\"target\":[\"https:\\\/\\\/stp.com\\\/fi\\\/tietoa-stpsta\\\/kilpa-autoilu\\\/richard-petty\\\/\"]}]},{\"@type\":\"BreadcrumbList\",\"@id\":\"https:\\\/\\\/stp.com\\\/fi\\\/tietoa-stpsta\\\/kilpa-autoilu\\\/richard-petty\\\/#breadcrumb\",\"itemListElement\":[{\"@type\":\"ListItem\",\"position\":1,\"name\":\"Home\",\"item\":\"https:\\\/\\\/stp.com\\\/fi\\\/\"},{\"@type\":\"ListItem\",\"position\":2,\"name\":\"Tietoa STP\u00ae:st\u00e4\",\"item\":\"https:\\\/\\\/stp.com\\\/fi\\\/tietoa-stpsta\\\/\"},{\"@type\":\"ListItem\",\"position\":3,\"name\":\"Kilpa-autoilu\",\"item\":\"https:\\\/\\\/stp.com\\\/fi\\\/tietoa-stpsta\\\/kilpa-autoilu\\\/\"},{\"@type\":\"ListItem\",\"position\":4,\"name\":\"Richard Petty\"}]},{\"@type\":\"WebSite\",\"@id\":\"https:\\\/\\\/c38a2c2a6e.nxcli.io\\\/fi\\\/#website\",\"url\":\"https:\\\/\\\/c38a2c2a6e.nxcli.io\\\/fi\\\/\",\"name\":\"STP Finland\",\"description\":\"Science. Technology. Performance\",\"potentialAction\":[{\"@type\":\"SearchAction\",\"target\":{\"@type\":\"EntryPoint\",\"urlTemplate\":\"https:\\\/\\\/c38a2c2a6e.nxcli.io\\\/fi\\\/?s={search_term_string}\"},\"query-input\":{\"@type\":\"PropertyValueSpecification\",\"valueRequired\":true,\"valueName\":\"search_term_string\"}}],\"inLanguage\":\"en-US\"}]}<\/script>\n<!-- \/ Yoast SEO plugin. -->","yoast_head_json":{"title":"Richard Petty - STP Finland","robots":{"index":"index","follow":"follow","max-snippet":"max-snippet:-1","max-image-preview":"max-image-preview:large","max-video-preview":"max-video-preview:-1"},"canonical":"https:\/\/stp.com\/fi\/tietoa-stpsta\/kilpa-autoilu\/richard-petty\/","og_locale":"en_US","og_type":"article","og_title":"Richard Petty - STP Finland","og_description":"Kilpa-autoilun kuninkaallinen: \u201dThe King\u201d Aina STP:n mies KIRJOITTANUT MIKE HARRIS Kahden itsep\u00e4isen miehen eripura auton v\u00e4rityksest\u00e4 miltei esti k\u00e4\u00e4nteentekev\u00e4n NASCAR-sponsorointisopimuksen syntymisen. Richard Petty oli tehnyt STP:n kanssa yhteisty\u00f6t\u00e4 jo vuodesta 1972, kun STP:n silloinen p\u00e4\u00e4johtaja Andy Granatelli otti h\u00e4neen yhteytt\u00e4 sopiakseen yrityksen logon sijoittamisesta kuuluisaan kilpa-autoon numero 43. Petty etsi aktiivisesti sponsoria, ja Granatelli oli [&hellip;]","og_url":"https:\/\/stp.com\/fi\/tietoa-stpsta\/kilpa-autoilu\/richard-petty\/","og_site_name":"STP Finland","article_modified_time":"2025-06-06T05:45:18+00:00","twitter_card":"summary_large_image","twitter_misc":{"Est. reading time":"3 minutes"},"schema":{"@context":"https:\/\/schema.org","@graph":[{"@type":"WebPage","@id":"https:\/\/stp.com\/fi\/tietoa-stpsta\/kilpa-autoilu\/richard-petty\/","url":"https:\/\/stp.com\/fi\/tietoa-stpsta\/kilpa-autoilu\/richard-petty\/","name":"Richard Petty - STP Finland","isPartOf":{"@id":"https:\/\/c38a2c2a6e.nxcli.io\/fi\/#website"},"datePublished":"2025-04-01T11:49:02+00:00","dateModified":"2025-06-06T05:45:18+00:00","breadcrumb":{"@id":"https:\/\/stp.com\/fi\/tietoa-stpsta\/kilpa-autoilu\/richard-petty\/#breadcrumb"},"inLanguage":"en-US","potentialAction":[{"@type":"ReadAction","target":["https:\/\/stp.com\/fi\/tietoa-stpsta\/kilpa-autoilu\/richard-petty\/"]}]},{"@type":"BreadcrumbList","@id":"https:\/\/stp.com\/fi\/tietoa-stpsta\/kilpa-autoilu\/richard-petty\/#breadcrumb","itemListElement":[{"@type":"ListItem","position":1,"name":"Home","item":"https:\/\/stp.com\/fi\/"},{"@type":"ListItem","position":2,"name":"Tietoa STP\u00ae:st\u00e4","item":"https:\/\/stp.com\/fi\/tietoa-stpsta\/"},{"@type":"ListItem","position":3,"name":"Kilpa-autoilu","item":"https:\/\/stp.com\/fi\/tietoa-stpsta\/kilpa-autoilu\/"},{"@type":"ListItem","position":4,"name":"Richard Petty"}]},{"@type":"WebSite","@id":"https:\/\/c38a2c2a6e.nxcli.io\/fi\/#website","url":"https:\/\/c38a2c2a6e.nxcli.io\/fi\/","name":"STP Finland","description":"Science. Technology. Performance","potentialAction":[{"@type":"SearchAction","target":{"@type":"EntryPoint","urlTemplate":"https:\/\/c38a2c2a6e.nxcli.io\/fi\/?s={search_term_string}"},"query-input":{"@type":"PropertyValueSpecification","valueRequired":true,"valueName":"search_term_string"}}],"inLanguage":"en-US"}]}},"_links":{"self":[{"href":"https:\/\/stp.com\/fi\/wp-json\/wp\/v2\/pages\/4229","targetHints":{"allow":["GET"]}}],"collection":[{"href":"https:\/\/stp.com\/fi\/wp-json\/wp\/v2\/pages"}],"about":[{"href":"https:\/\/stp.com\/fi\/wp-json\/wp\/v2\/types\/page"}],"author":[{"embeddable":true,"href":"https:\/\/stp.com\/fi\/wp-json\/wp\/v2\/users\/1"}],"replies":[{"embeddable":true,"href":"https:\/\/stp.com\/fi\/wp-json\/wp\/v2\/comments?post=4229"}],"version-history":[{"count":92,"href":"https:\/\/stp.com\/fi\/wp-json\/wp\/v2\/pages\/4229\/revisions"}],"predecessor-version":[{"id":7631,"href":"https:\/\/stp.com\/fi\/wp-json\/wp\/v2\/pages\/4229\/revisions\/7631"}],"up":[{"embeddable":true,"href":"https:\/\/stp.com\/fi\/wp-json\/wp\/v2\/pages\/4271"}],"wp:attachment":[{"href":"https:\/\/stp.com\/fi\/wp-json\/wp\/v2\/media?parent=4229"}],"curies":[{"name":"wp","href":"https:\/\/api.w.org\/{rel}","templated":true}]}}