{"id":3273,"date":"2022-04-12T09:31:48","date_gmt":"2022-04-12T08:31:48","guid":{"rendered":"https:\/\/es-es.uk-en.master-7rqtwti-7z4xhzo4ugydc.us-4.platformsh.site\/?post_type=product&#038;p=3273"},"modified":"2025-05-23T15:41:06","modified_gmt":"2025-05-23T10:11:06","slug":"limpia-radiadores","status":"publish","type":"product","link":"https:\/\/stp.com\/es\/product\/limpia-radiadores\/","title":{"rendered":"Limpia Radiadores"},"template":"","meta":{"_acf_changed":false},"product-category":[155,158],"product-feature":[],"retailer":[],"surface-material":[],"class_list":["post-3273","product","type-product","status-publish","hentry","product-category-liquidos-funcionales","product-category-radiador"],"acf":[],"yoast_head":"<!-- This site is optimized with the Yoast SEO plugin v27.4 - https:\/\/yoast.com\/product\/yoast-seo-wordpress\/ -->\n<title>Limpia Radiadores | L\u00edquidos funcionales | STP\u00ae<\/title>\n<meta name=\"description\" content=\"Limpia Radiadores STP\u00ae limpia el sistema de refrigeraci\u00f3n de forma r\u00e1pida y eficaz, ayudando a mantenerlo en condiciones \u00f3ptimas de funcionamiento.\" \/>\n<meta name=\"robots\" content=\"index, follow, max-snippet:-1, max-image-preview:large, max-video-preview:-1\" \/>\n<link rel=\"canonical\" href=\"https:\/\/stp.com\/es\/product\/limpia-radiadores\/\" \/>\n<meta property=\"og:locale\" content=\"en_US\" \/>\n<meta property=\"og:type\" content=\"article\" \/>\n<meta property=\"og:title\" content=\"Limpia Radiadores | L\u00edquidos funcionales | STP\u00ae\" \/>\n<meta property=\"og:description\" content=\"Limpia Radiadores STP\u00ae limpia el sistema de refrigeraci\u00f3n de forma r\u00e1pida y eficaz, ayudando a mantenerlo en condiciones \u00f3ptimas de funcionamiento.\" \/>\n<meta property=\"og:url\" content=\"https:\/\/stp.com\/es\/product\/limpia-radiadores\/\" \/>\n<meta property=\"og:site_name\" content=\"STP ES\" \/>\n<meta property=\"article:modified_time\" content=\"2025-05-23T10:11:06+00:00\" \/>\n<meta name=\"twitter:card\" content=\"summary_large_image\" \/>\n<script type=\"application\/ld+json\" class=\"yoast-schema-graph\">{\"@context\":\"https:\\\/\\\/schema.org\",\"@graph\":[{\"@type\":\"WebPage\",\"@id\":\"https:\\\/\\\/stp.com\\\/es\\\/product\\\/limpia-radiadores\\\/\",\"url\":\"https:\\\/\\\/stp.com\\\/es\\\/product\\\/limpia-radiadores\\\/\",\"name\":\"Limpia Radiadores | L\u00edquidos funcionales | STP\u00ae\",\"isPartOf\":{\"@id\":\"https:\\\/\\\/stp.com\\\/es\\\/#website\"},\"datePublished\":\"2022-04-12T08:31:48+00:00\",\"dateModified\":\"2025-05-23T10:11:06+00:00\",\"description\":\"Limpia Radiadores STP\u00ae limpia el sistema de refrigeraci\u00f3n de forma r\u00e1pida y eficaz, ayudando a mantenerlo en condiciones \u00f3ptimas de funcionamiento.\",\"breadcrumb\":{\"@id\":\"https:\\\/\\\/stp.com\\\/es\\\/product\\\/limpia-radiadores\\\/#breadcrumb\"},\"inLanguage\":\"en-US\",\"potentialAction\":[{\"@type\":\"ReadAction\",\"target\":[\"https:\\\/\\\/stp.com\\\/es\\\/product\\\/limpia-radiadores\\\/\"]}]},{\"@type\":\"BreadcrumbList\",\"@id\":\"https:\\\/\\\/stp.com\\\/es\\\/product\\\/limpia-radiadores\\\/#breadcrumb\",\"itemListElement\":[{\"@type\":\"ListItem\",\"position\":1,\"name\":\"Home\",\"item\":\"https:\\\/\\\/stp.com\\\/es\\\/\"},{\"@type\":\"ListItem\",\"position\":2,\"name\":\"Productos\",\"item\":\"https:\\\/\\\/stp.com\\\/es\\\/productos\\\/productos\\\/\"},{\"@type\":\"ListItem\",\"position\":3,\"name\":\"L\u00edquidos funcionales\",\"item\":\"https:\\\/\\\/stp.com\\\/es\\\/productos\\\/productos\\\/liquidos-funcionales\\\/\"},{\"@type\":\"ListItem\",\"position\":4,\"name\":\"Radiador\",\"item\":\"https:\\\/\\\/stp.com\\\/es\\\/productos\\\/productos\\\/liquidos-funcionales\\\/radiador\\\/\"},{\"@type\":\"ListItem\",\"position\":5,\"name\":\"Limpia Radiadores\"}]},{\"@type\":\"WebSite\",\"@id\":\"https:\\\/\\\/stp.com\\\/es\\\/#website\",\"url\":\"https:\\\/\\\/stp.com\\\/es\\\/\",\"name\":\"STP ES\",\"description\":\"Science. Technology. Performance\",\"potentialAction\":[{\"@type\":\"SearchAction\",\"target\":{\"@type\":\"EntryPoint\",\"urlTemplate\":\"https:\\\/\\\/stp.com\\\/es\\\/?s={search_term_string}\"},\"query-input\":{\"@type\":\"PropertyValueSpecification\",\"valueRequired\":true,\"valueName\":\"search_term_string\"}}],\"inLanguage\":\"en-US\"}]}<\/script>\n<!-- \/ Yoast SEO plugin. -->","yoast_head_json":{"title":"Limpia Radiadores | L\u00edquidos funcionales | STP\u00ae","description":"Limpia Radiadores STP\u00ae limpia el sistema de refrigeraci\u00f3n de forma r\u00e1pida y eficaz, ayudando a mantenerlo en condiciones \u00f3ptimas de funcionamiento.","robots":{"index":"index","follow":"follow","max-snippet":"max-snippet:-1","max-image-preview":"max-image-preview:large","max-video-preview":"max-video-preview:-1"},"canonical":"https:\/\/stp.com\/es\/product\/limpia-radiadores\/","og_locale":"en_US","og_type":"article","og_title":"Limpia Radiadores | L\u00edquidos funcionales | STP\u00ae","og_description":"Limpia Radiadores STP\u00ae limpia el sistema de refrigeraci\u00f3n de forma r\u00e1pida y eficaz, ayudando a mantenerlo en condiciones \u00f3ptimas de funcionamiento.","og_url":"https:\/\/stp.com\/es\/product\/limpia-radiadores\/","og_site_name":"STP ES","article_modified_time":"2025-05-23T10:11:06+00:00","twitter_card":"summary_large_image","schema":{"@context":"https:\/\/schema.org","@graph":[{"@type":"WebPage","@id":"https:\/\/stp.com\/es\/product\/limpia-radiadores\/","url":"https:\/\/stp.com\/es\/product\/limpia-radiadores\/","name":"Limpia Radiadores | L\u00edquidos funcionales | STP\u00ae","isPartOf":{"@id":"https:\/\/stp.com\/es\/#website"},"datePublished":"2022-04-12T08:31:48+00:00","dateModified":"2025-05-23T10:11:06+00:00","description":"Limpia Radiadores STP\u00ae limpia el sistema de refrigeraci\u00f3n de forma r\u00e1pida y eficaz, ayudando a mantenerlo en condiciones \u00f3ptimas de funcionamiento.","breadcrumb":{"@id":"https:\/\/stp.com\/es\/product\/limpia-radiadores\/#breadcrumb"},"inLanguage":"en-US","potentialAction":[{"@type":"ReadAction","target":["https:\/\/stp.com\/es\/product\/limpia-radiadores\/"]}]},{"@type":"BreadcrumbList","@id":"https:\/\/stp.com\/es\/product\/limpia-radiadores\/#breadcrumb","itemListElement":[{"@type":"ListItem","position":1,"name":"Home","item":"https:\/\/stp.com\/es\/"},{"@type":"ListItem","position":2,"name":"Productos","item":"https:\/\/stp.com\/es\/productos\/productos\/"},{"@type":"ListItem","position":3,"name":"L\u00edquidos funcionales","item":"https:\/\/stp.com\/es\/productos\/productos\/liquidos-funcionales\/"},{"@type":"ListItem","position":4,"name":"Radiador","item":"https:\/\/stp.com\/es\/productos\/productos\/liquidos-funcionales\/radiador\/"},{"@type":"ListItem","position":5,"name":"Limpia Radiadores"}]},{"@type":"WebSite","@id":"https:\/\/stp.com\/es\/#website","url":"https:\/\/stp.com\/es\/","name":"STP ES","description":"Science. Technology. Performance","potentialAction":[{"@type":"SearchAction","target":{"@type":"EntryPoint","urlTemplate":"https:\/\/stp.com\/es\/?s={search_term_string}"},"query-input":{"@type":"PropertyValueSpecification","valueRequired":true,"valueName":"search_term_string"}}],"inLanguage":"en-US"}]}},"_links":{"self":[{"href":"https:\/\/stp.com\/es\/wp-json\/wp\/v2\/product\/3273","targetHints":{"allow":["GET"]}}],"collection":[{"href":"https:\/\/stp.com\/es\/wp-json\/wp\/v2\/product"}],"about":[{"href":"https:\/\/stp.com\/es\/wp-json\/wp\/v2\/types\/product"}],"version-history":[{"count":1,"href":"https:\/\/stp.com\/es\/wp-json\/wp\/v2\/product\/3273\/revisions"}],"predecessor-version":[{"id":7679,"href":"https:\/\/stp.com\/es\/wp-json\/wp\/v2\/product\/3273\/revisions\/7679"}],"wp:attachment":[{"href":"https:\/\/stp.com\/es\/wp-json\/wp\/v2\/media?parent=3273"}],"wp:term":[{"taxonomy":"product-category","embeddable":true,"href":"https:\/\/stp.com\/es\/wp-json\/wp\/v2\/product-category?post=3273"},{"taxonomy":"product-feature","embeddable":true,"href":"https:\/\/stp.com\/es\/wp-json\/wp\/v2\/product-feature?post=3273"},{"taxonomy":"retailer","embeddable":true,"href":"https:\/\/stp.com\/es\/wp-json\/wp\/v2\/retailer?post=3273"},{"taxonomy":"surface-material","embeddable":true,"href":"https:\/\/stp.com\/es\/wp-json\/wp\/v2\/surface-material?post=3273"}],"curies":[{"name":"wp","href":"https:\/\/api.w.org\/{rel}","templated":true}]}}