{"id":3271,"date":"2022-03-12T09:13:27","date_gmt":"2022-03-12T09:13:27","guid":{"rendered":"https:\/\/es-es.uk-en.master-7rqtwti-7z4xhzo4ugydc.us-4.platformsh.site\/?post_type=product&#038;p=3271"},"modified":"2025-05-23T15:56:19","modified_gmt":"2025-05-23T10:26:19","slug":"liquido-para-direccion-hidraulica-antifugas","status":"publish","type":"product","link":"https:\/\/stp.com\/es\/product\/liquido-para-direccion-hidraulica-antifugas\/","title":{"rendered":"L\u00edquido para direcci\u00f3n hidr\u00e1ulica + antifugas"},"template":"","meta":{"_acf_changed":false},"product-category":[156,155],"product-feature":[],"retailer":[],"surface-material":[],"class_list":["post-3271","product","type-product","status-publish","hentry","product-category-direccion-hidraulica","product-category-liquidos-funcionales"],"acf":[],"yoast_head":"<!-- This site is optimized with the Yoast SEO plugin v27.4 - https:\/\/yoast.com\/product\/yoast-seo-wordpress\/ -->\n<title>L\u00edquido para Direcci\u00f3n Hidr\u00e1ulica + Antifugas | STP\u00ae<\/title>\n<meta name=\"description\" content=\"L\u00edquido para Direcci\u00f3n Hidr\u00e1ulica + Antifugas STP\u00ae es una herramienta para reducir la p\u00e9rdida de fluidos causada por las fugas de las juntas.\" \/>\n<meta name=\"robots\" content=\"index, follow, max-snippet:-1, max-image-preview:large, max-video-preview:-1\" \/>\n<link rel=\"canonical\" href=\"https:\/\/stp.com\/es\/product\/liquido-para-direccion-hidraulica-antifugas\/\" \/>\n<meta property=\"og:locale\" content=\"en_US\" \/>\n<meta property=\"og:type\" content=\"article\" \/>\n<meta property=\"og:title\" content=\"L\u00edquido para Direcci\u00f3n Hidr\u00e1ulica + Antifugas | STP\u00ae\" \/>\n<meta property=\"og:description\" content=\"L\u00edquido para Direcci\u00f3n Hidr\u00e1ulica + Antifugas STP\u00ae es una herramienta para reducir la p\u00e9rdida de fluidos causada por las fugas de las juntas.\" \/>\n<meta property=\"og:url\" content=\"https:\/\/stp.com\/es\/product\/liquido-para-direccion-hidraulica-antifugas\/\" \/>\n<meta property=\"og:site_name\" content=\"STP ES\" \/>\n<meta property=\"article:modified_time\" content=\"2025-05-23T10:26:19+00:00\" \/>\n<meta name=\"twitter:card\" content=\"summary_large_image\" \/>\n<script type=\"application\/ld+json\" class=\"yoast-schema-graph\">{\"@context\":\"https:\\\/\\\/schema.org\",\"@graph\":[{\"@type\":\"WebPage\",\"@id\":\"https:\\\/\\\/stp.com\\\/es\\\/product\\\/liquido-para-direccion-hidraulica-antifugas\\\/\",\"url\":\"https:\\\/\\\/stp.com\\\/es\\\/product\\\/liquido-para-direccion-hidraulica-antifugas\\\/\",\"name\":\"L\u00edquido para Direcci\u00f3n Hidr\u00e1ulica + Antifugas | STP\u00ae\",\"isPartOf\":{\"@id\":\"https:\\\/\\\/stp.com\\\/es\\\/#website\"},\"datePublished\":\"2022-03-12T09:13:27+00:00\",\"dateModified\":\"2025-05-23T10:26:19+00:00\",\"description\":\"L\u00edquido para Direcci\u00f3n Hidr\u00e1ulica + Antifugas STP\u00ae es una herramienta para reducir la p\u00e9rdida de fluidos causada por las fugas de las juntas.\",\"breadcrumb\":{\"@id\":\"https:\\\/\\\/stp.com\\\/es\\\/product\\\/liquido-para-direccion-hidraulica-antifugas\\\/#breadcrumb\"},\"inLanguage\":\"en-US\",\"potentialAction\":[{\"@type\":\"ReadAction\",\"target\":[\"https:\\\/\\\/stp.com\\\/es\\\/product\\\/liquido-para-direccion-hidraulica-antifugas\\\/\"]}]},{\"@type\":\"BreadcrumbList\",\"@id\":\"https:\\\/\\\/stp.com\\\/es\\\/product\\\/liquido-para-direccion-hidraulica-antifugas\\\/#breadcrumb\",\"itemListElement\":[{\"@type\":\"ListItem\",\"position\":1,\"name\":\"Home\",\"item\":\"https:\\\/\\\/stp.com\\\/es\\\/\"},{\"@type\":\"ListItem\",\"position\":2,\"name\":\"Productos\",\"item\":\"https:\\\/\\\/stp.com\\\/es\\\/productos\\\/productos\\\/\"},{\"@type\":\"ListItem\",\"position\":3,\"name\":\"L\u00edquidos funcionales\",\"item\":\"https:\\\/\\\/stp.com\\\/es\\\/productos\\\/productos\\\/liquidos-funcionales\\\/\"},{\"@type\":\"ListItem\",\"position\":4,\"name\":\"Direcci\u00f3n hidr\u00e1ulica\",\"item\":\"https:\\\/\\\/stp.com\\\/es\\\/productos\\\/productos\\\/liquidos-funcionales\\\/direccion-hidraulica\\\/\"},{\"@type\":\"ListItem\",\"position\":5,\"name\":\"L\u00edquido para direcci\u00f3n hidr\u00e1ulica + antifugas\"}]},{\"@type\":\"WebSite\",\"@id\":\"https:\\\/\\\/stp.com\\\/es\\\/#website\",\"url\":\"https:\\\/\\\/stp.com\\\/es\\\/\",\"name\":\"STP ES\",\"description\":\"Science. Technology. Performance\",\"potentialAction\":[{\"@type\":\"SearchAction\",\"target\":{\"@type\":\"EntryPoint\",\"urlTemplate\":\"https:\\\/\\\/stp.com\\\/es\\\/?s={search_term_string}\"},\"query-input\":{\"@type\":\"PropertyValueSpecification\",\"valueRequired\":true,\"valueName\":\"search_term_string\"}}],\"inLanguage\":\"en-US\"}]}<\/script>\n<!-- \/ Yoast SEO plugin. -->","yoast_head_json":{"title":"L\u00edquido para Direcci\u00f3n Hidr\u00e1ulica + Antifugas | STP\u00ae","description":"L\u00edquido para Direcci\u00f3n Hidr\u00e1ulica + Antifugas STP\u00ae es una herramienta para reducir la p\u00e9rdida de fluidos causada por las fugas de las juntas.","robots":{"index":"index","follow":"follow","max-snippet":"max-snippet:-1","max-image-preview":"max-image-preview:large","max-video-preview":"max-video-preview:-1"},"canonical":"https:\/\/stp.com\/es\/product\/liquido-para-direccion-hidraulica-antifugas\/","og_locale":"en_US","og_type":"article","og_title":"L\u00edquido para Direcci\u00f3n Hidr\u00e1ulica + Antifugas | STP\u00ae","og_description":"L\u00edquido para Direcci\u00f3n Hidr\u00e1ulica + Antifugas STP\u00ae es una herramienta para reducir la p\u00e9rdida de fluidos causada por las fugas de las juntas.","og_url":"https:\/\/stp.com\/es\/product\/liquido-para-direccion-hidraulica-antifugas\/","og_site_name":"STP ES","article_modified_time":"2025-05-23T10:26:19+00:00","twitter_card":"summary_large_image","schema":{"@context":"https:\/\/schema.org","@graph":[{"@type":"WebPage","@id":"https:\/\/stp.com\/es\/product\/liquido-para-direccion-hidraulica-antifugas\/","url":"https:\/\/stp.com\/es\/product\/liquido-para-direccion-hidraulica-antifugas\/","name":"L\u00edquido para Direcci\u00f3n Hidr\u00e1ulica + Antifugas | STP\u00ae","isPartOf":{"@id":"https:\/\/stp.com\/es\/#website"},"datePublished":"2022-03-12T09:13:27+00:00","dateModified":"2025-05-23T10:26:19+00:00","description":"L\u00edquido para Direcci\u00f3n Hidr\u00e1ulica + Antifugas STP\u00ae es una herramienta para reducir la p\u00e9rdida de fluidos causada por las fugas de las juntas.","breadcrumb":{"@id":"https:\/\/stp.com\/es\/product\/liquido-para-direccion-hidraulica-antifugas\/#breadcrumb"},"inLanguage":"en-US","potentialAction":[{"@type":"ReadAction","target":["https:\/\/stp.com\/es\/product\/liquido-para-direccion-hidraulica-antifugas\/"]}]},{"@type":"BreadcrumbList","@id":"https:\/\/stp.com\/es\/product\/liquido-para-direccion-hidraulica-antifugas\/#breadcrumb","itemListElement":[{"@type":"ListItem","position":1,"name":"Home","item":"https:\/\/stp.com\/es\/"},{"@type":"ListItem","position":2,"name":"Productos","item":"https:\/\/stp.com\/es\/productos\/productos\/"},{"@type":"ListItem","position":3,"name":"L\u00edquidos funcionales","item":"https:\/\/stp.com\/es\/productos\/productos\/liquidos-funcionales\/"},{"@type":"ListItem","position":4,"name":"Direcci\u00f3n hidr\u00e1ulica","item":"https:\/\/stp.com\/es\/productos\/productos\/liquidos-funcionales\/direccion-hidraulica\/"},{"@type":"ListItem","position":5,"name":"L\u00edquido para direcci\u00f3n hidr\u00e1ulica + antifugas"}]},{"@type":"WebSite","@id":"https:\/\/stp.com\/es\/#website","url":"https:\/\/stp.com\/es\/","name":"STP ES","description":"Science. Technology. Performance","potentialAction":[{"@type":"SearchAction","target":{"@type":"EntryPoint","urlTemplate":"https:\/\/stp.com\/es\/?s={search_term_string}"},"query-input":{"@type":"PropertyValueSpecification","valueRequired":true,"valueName":"search_term_string"}}],"inLanguage":"en-US"}]}},"_links":{"self":[{"href":"https:\/\/stp.com\/es\/wp-json\/wp\/v2\/product\/3271","targetHints":{"allow":["GET"]}}],"collection":[{"href":"https:\/\/stp.com\/es\/wp-json\/wp\/v2\/product"}],"about":[{"href":"https:\/\/stp.com\/es\/wp-json\/wp\/v2\/types\/product"}],"version-history":[{"count":1,"href":"https:\/\/stp.com\/es\/wp-json\/wp\/v2\/product\/3271\/revisions"}],"predecessor-version":[{"id":7688,"href":"https:\/\/stp.com\/es\/wp-json\/wp\/v2\/product\/3271\/revisions\/7688"}],"wp:attachment":[{"href":"https:\/\/stp.com\/es\/wp-json\/wp\/v2\/media?parent=3271"}],"wp:term":[{"taxonomy":"product-category","embeddable":true,"href":"https:\/\/stp.com\/es\/wp-json\/wp\/v2\/product-category?post=3271"},{"taxonomy":"product-feature","embeddable":true,"href":"https:\/\/stp.com\/es\/wp-json\/wp\/v2\/product-feature?post=3271"},{"taxonomy":"retailer","embeddable":true,"href":"https:\/\/stp.com\/es\/wp-json\/wp\/v2\/retailer?post=3271"},{"taxonomy":"surface-material","embeddable":true,"href":"https:\/\/stp.com\/es\/wp-json\/wp\/v2\/surface-material?post=3271"}],"curies":[{"name":"wp","href":"https:\/\/api.w.org\/{rel}","templated":true}]}}