{"id":3215,"date":"2022-05-12T10:03:28","date_gmt":"2022-05-12T09:03:28","guid":{"rendered":"https:\/\/es-es.uk-en.master-7rqtwti-7z4xhzo4ugydc.us-4.platformsh.site\/?post_type=product&#038;p=3215"},"modified":"2025-05-23T14:34:02","modified_gmt":"2025-05-23T09:04:02","slug":"limpiador-completo-del-sistema-de-alimentacion-diesel","status":"publish","type":"product","link":"https:\/\/stp.com\/es\/product\/limpiador-completo-del-sistema-de-alimentacion-diesel\/","title":{"rendered":"Limpiador Completo del Sistema de Alimentaci\u00f3n \u2013 Diesel"},"template":"","meta":{"_acf_changed":false},"product-category":[161,159],"product-feature":[],"retailer":[],"surface-material":[],"class_list":["post-3215","product","type-product","status-publish","hentry","product-category-aditivos-para-el-combustible","product-category-sistemas-de-motor-y-combustible"],"acf":[],"yoast_head":"<!-- This site is optimized with the Yoast SEO plugin v27.4 - https:\/\/yoast.com\/product\/yoast-seo-wordpress\/ -->\n<title>Limpiador Completo del Sistema de Alimentaci\u00f3n - Di\u00e9sel | STP\u00ae<\/title>\n<meta name=\"description\" content=\"El Limpiador Completo del Sistema de Alimentaci\u00f3n de STP\u00ae para di\u00e9sel protege los sistemas de combustible, reduce las emisiones y previene las vacilaciones del motor. M\u00e1s informaci\u00f3n.\" \/>\n<meta name=\"robots\" content=\"index, follow, max-snippet:-1, max-image-preview:large, max-video-preview:-1\" \/>\n<link rel=\"canonical\" href=\"https:\/\/stp.com\/es\/product\/limpiador-completo-del-sistema-de-alimentacion-diesel\/\" \/>\n<meta property=\"og:locale\" content=\"en_US\" \/>\n<meta property=\"og:type\" content=\"article\" \/>\n<meta property=\"og:title\" content=\"Limpiador Completo del Sistema de Alimentaci\u00f3n - Di\u00e9sel | STP\u00ae\" \/>\n<meta property=\"og:description\" content=\"El Limpiador Completo del Sistema de Alimentaci\u00f3n de STP\u00ae para di\u00e9sel protege los sistemas de combustible, reduce las emisiones y previene las vacilaciones del motor. M\u00e1s informaci\u00f3n.\" \/>\n<meta property=\"og:url\" content=\"https:\/\/stp.com\/es\/product\/limpiador-completo-del-sistema-de-alimentacion-diesel\/\" \/>\n<meta property=\"og:site_name\" content=\"STP ES\" \/>\n<meta property=\"article:modified_time\" content=\"2025-05-23T09:04:02+00:00\" \/>\n<meta name=\"twitter:card\" content=\"summary_large_image\" \/>\n<script type=\"application\/ld+json\" class=\"yoast-schema-graph\">{\"@context\":\"https:\\\/\\\/schema.org\",\"@graph\":[{\"@type\":\"WebPage\",\"@id\":\"https:\\\/\\\/stp.com\\\/es\\\/product\\\/limpiador-completo-del-sistema-de-alimentacion-diesel\\\/\",\"url\":\"https:\\\/\\\/stp.com\\\/es\\\/product\\\/limpiador-completo-del-sistema-de-alimentacion-diesel\\\/\",\"name\":\"Limpiador Completo del Sistema de Alimentaci\u00f3n - Di\u00e9sel | STP\u00ae\",\"isPartOf\":{\"@id\":\"https:\\\/\\\/stp.com\\\/es\\\/#website\"},\"datePublished\":\"2022-05-12T09:03:28+00:00\",\"dateModified\":\"2025-05-23T09:04:02+00:00\",\"description\":\"El Limpiador Completo del Sistema de Alimentaci\u00f3n de STP\u00ae para di\u00e9sel protege los sistemas de combustible, reduce las emisiones y previene las vacilaciones del motor. M\u00e1s informaci\u00f3n.\",\"breadcrumb\":{\"@id\":\"https:\\\/\\\/stp.com\\\/es\\\/product\\\/limpiador-completo-del-sistema-de-alimentacion-diesel\\\/#breadcrumb\"},\"inLanguage\":\"en-US\",\"potentialAction\":[{\"@type\":\"ReadAction\",\"target\":[\"https:\\\/\\\/stp.com\\\/es\\\/product\\\/limpiador-completo-del-sistema-de-alimentacion-diesel\\\/\"]}]},{\"@type\":\"BreadcrumbList\",\"@id\":\"https:\\\/\\\/stp.com\\\/es\\\/product\\\/limpiador-completo-del-sistema-de-alimentacion-diesel\\\/#breadcrumb\",\"itemListElement\":[{\"@type\":\"ListItem\",\"position\":1,\"name\":\"Home\",\"item\":\"https:\\\/\\\/stp.com\\\/es\\\/\"},{\"@type\":\"ListItem\",\"position\":2,\"name\":\"Productos\",\"item\":\"https:\\\/\\\/stp.com\\\/es\\\/productos\\\/productos\\\/\"},{\"@type\":\"ListItem\",\"position\":3,\"name\":\"Sistemas de motor y combustible\",\"item\":\"https:\\\/\\\/stp.com\\\/es\\\/productos\\\/productos\\\/sistemas-de-motor-y-combustible\\\/\"},{\"@type\":\"ListItem\",\"position\":4,\"name\":\"Aditivos para el combustible\",\"item\":\"https:\\\/\\\/stp.com\\\/es\\\/productos\\\/productos\\\/sistemas-de-motor-y-combustible\\\/aditivos-para-el-combustible\\\/\"},{\"@type\":\"ListItem\",\"position\":5,\"name\":\"Limpiador Completo del Sistema de Alimentaci\u00f3n \u2013 Diesel\"}]},{\"@type\":\"WebSite\",\"@id\":\"https:\\\/\\\/stp.com\\\/es\\\/#website\",\"url\":\"https:\\\/\\\/stp.com\\\/es\\\/\",\"name\":\"STP ES\",\"description\":\"Science. Technology. Performance\",\"potentialAction\":[{\"@type\":\"SearchAction\",\"target\":{\"@type\":\"EntryPoint\",\"urlTemplate\":\"https:\\\/\\\/stp.com\\\/es\\\/?s={search_term_string}\"},\"query-input\":{\"@type\":\"PropertyValueSpecification\",\"valueRequired\":true,\"valueName\":\"search_term_string\"}}],\"inLanguage\":\"en-US\"}]}<\/script>\n<!-- \/ Yoast SEO plugin. -->","yoast_head_json":{"title":"Limpiador Completo del Sistema de Alimentaci\u00f3n - Di\u00e9sel | STP\u00ae","description":"El Limpiador Completo del Sistema de Alimentaci\u00f3n de STP\u00ae para di\u00e9sel protege los sistemas de combustible, reduce las emisiones y previene las vacilaciones del motor. M\u00e1s informaci\u00f3n.","robots":{"index":"index","follow":"follow","max-snippet":"max-snippet:-1","max-image-preview":"max-image-preview:large","max-video-preview":"max-video-preview:-1"},"canonical":"https:\/\/stp.com\/es\/product\/limpiador-completo-del-sistema-de-alimentacion-diesel\/","og_locale":"en_US","og_type":"article","og_title":"Limpiador Completo del Sistema de Alimentaci\u00f3n - Di\u00e9sel | STP\u00ae","og_description":"El Limpiador Completo del Sistema de Alimentaci\u00f3n de STP\u00ae para di\u00e9sel protege los sistemas de combustible, reduce las emisiones y previene las vacilaciones del motor. M\u00e1s informaci\u00f3n.","og_url":"https:\/\/stp.com\/es\/product\/limpiador-completo-del-sistema-de-alimentacion-diesel\/","og_site_name":"STP ES","article_modified_time":"2025-05-23T09:04:02+00:00","twitter_card":"summary_large_image","schema":{"@context":"https:\/\/schema.org","@graph":[{"@type":"WebPage","@id":"https:\/\/stp.com\/es\/product\/limpiador-completo-del-sistema-de-alimentacion-diesel\/","url":"https:\/\/stp.com\/es\/product\/limpiador-completo-del-sistema-de-alimentacion-diesel\/","name":"Limpiador Completo del Sistema de Alimentaci\u00f3n - Di\u00e9sel | STP\u00ae","isPartOf":{"@id":"https:\/\/stp.com\/es\/#website"},"datePublished":"2022-05-12T09:03:28+00:00","dateModified":"2025-05-23T09:04:02+00:00","description":"El Limpiador Completo del Sistema de Alimentaci\u00f3n de STP\u00ae para di\u00e9sel protege los sistemas de combustible, reduce las emisiones y previene las vacilaciones del motor. M\u00e1s informaci\u00f3n.","breadcrumb":{"@id":"https:\/\/stp.com\/es\/product\/limpiador-completo-del-sistema-de-alimentacion-diesel\/#breadcrumb"},"inLanguage":"en-US","potentialAction":[{"@type":"ReadAction","target":["https:\/\/stp.com\/es\/product\/limpiador-completo-del-sistema-de-alimentacion-diesel\/"]}]},{"@type":"BreadcrumbList","@id":"https:\/\/stp.com\/es\/product\/limpiador-completo-del-sistema-de-alimentacion-diesel\/#breadcrumb","itemListElement":[{"@type":"ListItem","position":1,"name":"Home","item":"https:\/\/stp.com\/es\/"},{"@type":"ListItem","position":2,"name":"Productos","item":"https:\/\/stp.com\/es\/productos\/productos\/"},{"@type":"ListItem","position":3,"name":"Sistemas de motor y combustible","item":"https:\/\/stp.com\/es\/productos\/productos\/sistemas-de-motor-y-combustible\/"},{"@type":"ListItem","position":4,"name":"Aditivos para el combustible","item":"https:\/\/stp.com\/es\/productos\/productos\/sistemas-de-motor-y-combustible\/aditivos-para-el-combustible\/"},{"@type":"ListItem","position":5,"name":"Limpiador Completo del Sistema de Alimentaci\u00f3n \u2013 Diesel"}]},{"@type":"WebSite","@id":"https:\/\/stp.com\/es\/#website","url":"https:\/\/stp.com\/es\/","name":"STP ES","description":"Science. Technology. Performance","potentialAction":[{"@type":"SearchAction","target":{"@type":"EntryPoint","urlTemplate":"https:\/\/stp.com\/es\/?s={search_term_string}"},"query-input":{"@type":"PropertyValueSpecification","valueRequired":true,"valueName":"search_term_string"}}],"inLanguage":"en-US"}]}},"_links":{"self":[{"href":"https:\/\/stp.com\/es\/wp-json\/wp\/v2\/product\/3215","targetHints":{"allow":["GET"]}}],"collection":[{"href":"https:\/\/stp.com\/es\/wp-json\/wp\/v2\/product"}],"about":[{"href":"https:\/\/stp.com\/es\/wp-json\/wp\/v2\/types\/product"}],"version-history":[{"count":2,"href":"https:\/\/stp.com\/es\/wp-json\/wp\/v2\/product\/3215\/revisions"}],"predecessor-version":[{"id":7659,"href":"https:\/\/stp.com\/es\/wp-json\/wp\/v2\/product\/3215\/revisions\/7659"}],"wp:attachment":[{"href":"https:\/\/stp.com\/es\/wp-json\/wp\/v2\/media?parent=3215"}],"wp:term":[{"taxonomy":"product-category","embeddable":true,"href":"https:\/\/stp.com\/es\/wp-json\/wp\/v2\/product-category?post=3215"},{"taxonomy":"product-feature","embeddable":true,"href":"https:\/\/stp.com\/es\/wp-json\/wp\/v2\/product-feature?post=3215"},{"taxonomy":"retailer","embeddable":true,"href":"https:\/\/stp.com\/es\/wp-json\/wp\/v2\/retailer?post=3215"},{"taxonomy":"surface-material","embeddable":true,"href":"https:\/\/stp.com\/es\/wp-json\/wp\/v2\/surface-material?post=3215"}],"curies":[{"name":"wp","href":"https:\/\/api.w.org\/{rel}","templated":true}]}}