{"id":3211,"date":"2022-05-12T10:09:31","date_gmt":"2022-05-12T09:09:31","guid":{"rendered":"https:\/\/es-es.uk-en.master-7rqtwti-7z4xhzo4ugydc.us-4.platformsh.site\/?post_type=product&#038;p=3211"},"modified":"2025-05-23T12:28:43","modified_gmt":"2025-05-23T06:58:43","slug":"limpia-inyectores-diesel","status":"publish","type":"product","link":"https:\/\/stp.com\/es\/product\/limpia-inyectores-diesel\/","title":{"rendered":"Limpia Inyectores Diesel"},"template":"","meta":{"_acf_changed":false},"product-category":[161,159],"product-feature":[],"retailer":[],"surface-material":[],"class_list":["post-3211","product","type-product","status-publish","hentry","product-category-aditivos-para-el-combustible","product-category-sistemas-de-motor-y-combustible"],"acf":[],"yoast_head":"<!-- This site is optimized with the Yoast SEO plugin v27.4 - https:\/\/yoast.com\/product\/yoast-seo-wordpress\/ -->\n<title>Limpia Inyectores Di\u00e9sel STP\u00ae | STP\u00ae<\/title>\n<meta name=\"description\" content=\"Aumente el rendimiento con Limpia Inyectores Di\u00e9sel de STP\u00ae. Proteja los inyectores, reduzca las emisiones y evite la vacilaci\u00f3n del motor. M\u00e1s informaci\u00f3n.\" \/>\n<meta name=\"robots\" content=\"index, follow, max-snippet:-1, max-image-preview:large, max-video-preview:-1\" \/>\n<link rel=\"canonical\" href=\"https:\/\/stp.com\/es\/product\/limpia-inyectores-diesel\/\" \/>\n<meta property=\"og:locale\" content=\"en_US\" \/>\n<meta property=\"og:type\" content=\"article\" \/>\n<meta property=\"og:title\" content=\"Limpia Inyectores Di\u00e9sel STP\u00ae | STP\u00ae\" \/>\n<meta property=\"og:description\" content=\"Aumente el rendimiento con Limpia Inyectores Di\u00e9sel de STP\u00ae. Proteja los inyectores, reduzca las emisiones y evite la vacilaci\u00f3n del motor. M\u00e1s informaci\u00f3n.\" \/>\n<meta property=\"og:url\" content=\"https:\/\/stp.com\/es\/product\/limpia-inyectores-diesel\/\" \/>\n<meta property=\"og:site_name\" content=\"STP ES\" \/>\n<meta property=\"article:modified_time\" content=\"2025-05-23T06:58:43+00:00\" \/>\n<meta name=\"twitter:card\" content=\"summary_large_image\" \/>\n<script type=\"application\/ld+json\" class=\"yoast-schema-graph\">{\"@context\":\"https:\\\/\\\/schema.org\",\"@graph\":[{\"@type\":\"WebPage\",\"@id\":\"https:\\\/\\\/stp.com\\\/es\\\/product\\\/limpia-inyectores-diesel\\\/\",\"url\":\"https:\\\/\\\/stp.com\\\/es\\\/product\\\/limpia-inyectores-diesel\\\/\",\"name\":\"Limpia Inyectores Di\u00e9sel STP\u00ae | STP\u00ae\",\"isPartOf\":{\"@id\":\"https:\\\/\\\/stp.com\\\/es\\\/#website\"},\"datePublished\":\"2022-05-12T09:09:31+00:00\",\"dateModified\":\"2025-05-23T06:58:43+00:00\",\"description\":\"Aumente el rendimiento con Limpia Inyectores Di\u00e9sel de STP\u00ae. Proteja los inyectores, reduzca las emisiones y evite la vacilaci\u00f3n del motor. M\u00e1s informaci\u00f3n.\",\"breadcrumb\":{\"@id\":\"https:\\\/\\\/stp.com\\\/es\\\/product\\\/limpia-inyectores-diesel\\\/#breadcrumb\"},\"inLanguage\":\"en-US\",\"potentialAction\":[{\"@type\":\"ReadAction\",\"target\":[\"https:\\\/\\\/stp.com\\\/es\\\/product\\\/limpia-inyectores-diesel\\\/\"]}]},{\"@type\":\"BreadcrumbList\",\"@id\":\"https:\\\/\\\/stp.com\\\/es\\\/product\\\/limpia-inyectores-diesel\\\/#breadcrumb\",\"itemListElement\":[{\"@type\":\"ListItem\",\"position\":1,\"name\":\"Home\",\"item\":\"https:\\\/\\\/stp.com\\\/es\\\/\"},{\"@type\":\"ListItem\",\"position\":2,\"name\":\"Productos\",\"item\":\"https:\\\/\\\/stp.com\\\/es\\\/productos\\\/productos\\\/\"},{\"@type\":\"ListItem\",\"position\":3,\"name\":\"Sistemas de motor y combustible\",\"item\":\"https:\\\/\\\/stp.com\\\/es\\\/productos\\\/productos\\\/sistemas-de-motor-y-combustible\\\/\"},{\"@type\":\"ListItem\",\"position\":4,\"name\":\"Aditivos para el combustible\",\"item\":\"https:\\\/\\\/stp.com\\\/es\\\/productos\\\/productos\\\/sistemas-de-motor-y-combustible\\\/aditivos-para-el-combustible\\\/\"},{\"@type\":\"ListItem\",\"position\":5,\"name\":\"Limpia Inyectores Diesel\"}]},{\"@type\":\"WebSite\",\"@id\":\"https:\\\/\\\/stp.com\\\/es\\\/#website\",\"url\":\"https:\\\/\\\/stp.com\\\/es\\\/\",\"name\":\"STP ES\",\"description\":\"Science. Technology. Performance\",\"potentialAction\":[{\"@type\":\"SearchAction\",\"target\":{\"@type\":\"EntryPoint\",\"urlTemplate\":\"https:\\\/\\\/stp.com\\\/es\\\/?s={search_term_string}\"},\"query-input\":{\"@type\":\"PropertyValueSpecification\",\"valueRequired\":true,\"valueName\":\"search_term_string\"}}],\"inLanguage\":\"en-US\"}]}<\/script>\n<!-- \/ Yoast SEO plugin. -->","yoast_head_json":{"title":"Limpia Inyectores Di\u00e9sel STP\u00ae | STP\u00ae","description":"Aumente el rendimiento con Limpia Inyectores Di\u00e9sel de STP\u00ae. Proteja los inyectores, reduzca las emisiones y evite la vacilaci\u00f3n del motor. M\u00e1s informaci\u00f3n.","robots":{"index":"index","follow":"follow","max-snippet":"max-snippet:-1","max-image-preview":"max-image-preview:large","max-video-preview":"max-video-preview:-1"},"canonical":"https:\/\/stp.com\/es\/product\/limpia-inyectores-diesel\/","og_locale":"en_US","og_type":"article","og_title":"Limpia Inyectores Di\u00e9sel STP\u00ae | STP\u00ae","og_description":"Aumente el rendimiento con Limpia Inyectores Di\u00e9sel de STP\u00ae. Proteja los inyectores, reduzca las emisiones y evite la vacilaci\u00f3n del motor. M\u00e1s informaci\u00f3n.","og_url":"https:\/\/stp.com\/es\/product\/limpia-inyectores-diesel\/","og_site_name":"STP ES","article_modified_time":"2025-05-23T06:58:43+00:00","twitter_card":"summary_large_image","schema":{"@context":"https:\/\/schema.org","@graph":[{"@type":"WebPage","@id":"https:\/\/stp.com\/es\/product\/limpia-inyectores-diesel\/","url":"https:\/\/stp.com\/es\/product\/limpia-inyectores-diesel\/","name":"Limpia Inyectores Di\u00e9sel STP\u00ae | STP\u00ae","isPartOf":{"@id":"https:\/\/stp.com\/es\/#website"},"datePublished":"2022-05-12T09:09:31+00:00","dateModified":"2025-05-23T06:58:43+00:00","description":"Aumente el rendimiento con Limpia Inyectores Di\u00e9sel de STP\u00ae. Proteja los inyectores, reduzca las emisiones y evite la vacilaci\u00f3n del motor. M\u00e1s informaci\u00f3n.","breadcrumb":{"@id":"https:\/\/stp.com\/es\/product\/limpia-inyectores-diesel\/#breadcrumb"},"inLanguage":"en-US","potentialAction":[{"@type":"ReadAction","target":["https:\/\/stp.com\/es\/product\/limpia-inyectores-diesel\/"]}]},{"@type":"BreadcrumbList","@id":"https:\/\/stp.com\/es\/product\/limpia-inyectores-diesel\/#breadcrumb","itemListElement":[{"@type":"ListItem","position":1,"name":"Home","item":"https:\/\/stp.com\/es\/"},{"@type":"ListItem","position":2,"name":"Productos","item":"https:\/\/stp.com\/es\/productos\/productos\/"},{"@type":"ListItem","position":3,"name":"Sistemas de motor y combustible","item":"https:\/\/stp.com\/es\/productos\/productos\/sistemas-de-motor-y-combustible\/"},{"@type":"ListItem","position":4,"name":"Aditivos para el combustible","item":"https:\/\/stp.com\/es\/productos\/productos\/sistemas-de-motor-y-combustible\/aditivos-para-el-combustible\/"},{"@type":"ListItem","position":5,"name":"Limpia Inyectores Diesel"}]},{"@type":"WebSite","@id":"https:\/\/stp.com\/es\/#website","url":"https:\/\/stp.com\/es\/","name":"STP ES","description":"Science. Technology. Performance","potentialAction":[{"@type":"SearchAction","target":{"@type":"EntryPoint","urlTemplate":"https:\/\/stp.com\/es\/?s={search_term_string}"},"query-input":{"@type":"PropertyValueSpecification","valueRequired":true,"valueName":"search_term_string"}}],"inLanguage":"en-US"}]}},"_links":{"self":[{"href":"https:\/\/stp.com\/es\/wp-json\/wp\/v2\/product\/3211","targetHints":{"allow":["GET"]}}],"collection":[{"href":"https:\/\/stp.com\/es\/wp-json\/wp\/v2\/product"}],"about":[{"href":"https:\/\/stp.com\/es\/wp-json\/wp\/v2\/types\/product"}],"version-history":[{"count":2,"href":"https:\/\/stp.com\/es\/wp-json\/wp\/v2\/product\/3211\/revisions"}],"predecessor-version":[{"id":7646,"href":"https:\/\/stp.com\/es\/wp-json\/wp\/v2\/product\/3211\/revisions\/7646"}],"wp:attachment":[{"href":"https:\/\/stp.com\/es\/wp-json\/wp\/v2\/media?parent=3211"}],"wp:term":[{"taxonomy":"product-category","embeddable":true,"href":"https:\/\/stp.com\/es\/wp-json\/wp\/v2\/product-category?post=3211"},{"taxonomy":"product-feature","embeddable":true,"href":"https:\/\/stp.com\/es\/wp-json\/wp\/v2\/product-feature?post=3211"},{"taxonomy":"retailer","embeddable":true,"href":"https:\/\/stp.com\/es\/wp-json\/wp\/v2\/retailer?post=3211"},{"taxonomy":"surface-material","embeddable":true,"href":"https:\/\/stp.com\/es\/wp-json\/wp\/v2\/surface-material?post=3211"}],"curies":[{"name":"wp","href":"https:\/\/api.w.org\/{rel}","templated":true}]}}