{"id":5924,"date":"2025-04-04T19:32:07","date_gmt":"2025-04-04T14:02:07","guid":{"rendered":"https:\/\/c38a2c2a6e.nxcli.io\/es\/?page_id=5924"},"modified":"2025-05-26T16:58:04","modified_gmt":"2025-05-26T11:28:04","slug":"emisiones-de-gases-de-escape-y-humos","status":"publish","type":"page","link":"https:\/\/stp.com\/es\/solucionador-de-problemas\/emisiones-de-gases-de-escape-y-humos\/","title":{"rendered":"Emisiones de gases de escape y humos"},"content":{"rendered":"\t\t<div data-elementor-type=\"wp-page\" data-elementor-id=\"5924\" class=\"elementor elementor-5924\" data-elementor-post-type=\"page\">\n\t\t\t\t<div class=\"elementor-element elementor-element-2f93c9e e-flex e-con-boxed e-con e-parent\" data-id=\"2f93c9e\" data-element_type=\"container\" data-e-type=\"container\" data-settings=\"{&quot;background_background&quot;:&quot;classic&quot;}\">\n\t\t\t\t\t<div class=\"e-con-inner\">\n\t\t\t\t<div class=\"elementor-element elementor-element-6942a9b breadcrumb elementor-widget elementor-widget-breadcrumbs\" data-id=\"6942a9b\" data-element_type=\"widget\" data-e-type=\"widget\" data-widget_type=\"breadcrumbs.default\">\n\t\t\t\t<div class=\"elementor-widget-container\">\n\t\t\t\t\t<p id=\"breadcrumbs\"><span><span><a href=\"https:\/\/stp.com\/es\/\">Home<\/a><\/span><\/span><\/p>\t\t\t\t<\/div>\n\t\t\t\t<\/div>\n\t\t<div class=\"elementor-element elementor-element-e468df4 e-con-full e-flex e-con e-child\" data-id=\"e468df4\" data-element_type=\"container\" data-e-type=\"container\">\n\t\t<div class=\"elementor-element elementor-element-b1b1e67 e-con-full product__head e-flex e-con e-child\" data-id=\"b1b1e67\" data-element_type=\"container\" data-e-type=\"container\">\n\t\t\t\t<\/div>\n\t\t\t\t<\/div>\n\t\t\t\t\t<\/div>\n\t\t\t\t<\/div>\n\t\t<div class=\"elementor-element elementor-element-e200df6 top-red-border e-flex e-con-boxed e-con e-parent\" data-id=\"e200df6\" data-element_type=\"container\" data-e-type=\"container\" data-settings=\"{&quot;background_background&quot;:&quot;classic&quot;}\">\n\t\t\t\t\t<div class=\"e-con-inner\">\n\t\t<div class=\"elementor-element elementor-element-ffadb38 e-con-full e-flex e-con e-child\" data-id=\"ffadb38\" data-element_type=\"container\" data-e-type=\"container\">\n\t\t\t\t<div class=\"elementor-element elementor-element-1014e61 elementor-position-right elementor-vertical-align-middle image-text-section elementor-widget elementor-widget-image-box\" data-id=\"1014e61\" data-element_type=\"widget\" data-e-type=\"widget\" data-widget_type=\"image-box.default\">\n\t\t\t\t<div class=\"elementor-widget-container\">\n\t\t\t\t\t<div class=\"elementor-image-box-wrapper\"><figure class=\"elementor-image-box-img\"><img fetchpriority=\"high\" decoding=\"async\" width=\"1920\" height=\"1080\" src=\"https:\/\/stpcdnimage.imgix.net\/es\/wp-content\/uploads\/sites\/16\/2025\/05\/Emissions-Reducer-Photo-9-resized.png?auto=format%2Ccompress\" class=\"attachment-full size-full wp-image-8033\" alt=\"\" srcset=\"https:\/\/stpcdnimage.imgix.net\/es\/wp-content\/uploads\/sites\/16\/2025\/05\/Emissions-Reducer-Photo-9-resized.png?w=1920 1920w, https:\/\/stpcdnimage.imgix.net\/es\/wp-content\/uploads\/sites\/16\/2025\/05\/Emissions-Reducer-Photo-9-resized.png?w=300 300w, https:\/\/stpcdnimage.imgix.net\/es\/wp-content\/uploads\/sites\/16\/2025\/05\/Emissions-Reducer-Photo-9-resized.png?w=1024 1024w, https:\/\/stpcdnimage.imgix.net\/es\/wp-content\/uploads\/sites\/16\/2025\/05\/Emissions-Reducer-Photo-9-resized.png?w=768 768w, https:\/\/stpcdnimage.imgix.net\/es\/wp-content\/uploads\/sites\/16\/2025\/05\/Emissions-Reducer-Photo-9-resized.png?w=1536 1536w\" sizes=\"(max-width: 1920px) 100vw, 1920px\" \/><\/figure><div class=\"elementor-image-box-content\"><p class=\"elementor-image-box-description\">\u00bfHa salido m\u00e1s humo de lo habitual de su escape? Las emisiones de escape excesivas pueden parecer preocupantes, pero puede haber una soluci\u00f3n. La c\u00e1mara de combusti\u00f3n de su motor est\u00e1 dise\u00f1ada para quemar una mezcla de aire y combustible, eso es todo. A medida que aumentan los kil\u00f3metros recorridos, el aceite puede contaminar la c\u00e1mara de combusti\u00f3n. Este problema de escape de combusti\u00f3n de aceite, suele producirse cuando la fricci\u00f3n y el contacto de metal con metal han desgastado las piezas y han creado huecos entre las paredes del cilindro, los anillos del pist\u00f3n y las juntas de las gu\u00edas de las v\u00e1lvulas.<\/p><\/div><\/div>\t\t\t\t<\/div>\n\t\t\t\t<\/div>\n\t\t\t\t<\/div>\n\t\t\t\t\t<\/div>\n\t\t\t\t<\/div>\n\t\t<div class=\"elementor-element elementor-element-649ba20 prod-related-container e-flex e-con-boxed e-con e-child\" data-id=\"649ba20\" data-element_type=\"container\" data-e-type=\"container\" data-settings=\"{&quot;background_background&quot;:&quot;classic&quot;}\">\n\t\t\t\t\t<div class=\"e-con-inner\">\n\t\t\t\t<div class=\"elementor-element elementor-element-93593b0 arm__product-related elementor-widget elementor-widget-shortcode\" data-id=\"93593b0\" data-element_type=\"widget\" data-e-type=\"widget\" data-widget_type=\"shortcode.default\">\n\t\t\t\t<div class=\"elementor-widget-container\">\n\t\t\t\t\t\t\t<div class=\"elementor-shortcode\">\t<div class=\"product_related\">\n\t\t\t\t\t<div class=\"section-intro section-intro--left\" id=\"anchor-intro-block_\">\n\n\t\t\t\t\t<div class=\"section-intro__content\" id=\"anchor-intro-content_\">\n\t\t\t\t\t\t<div role=\"doc-subtitle\">Formulado para ayudar a:<\/div>\n\t\t\t\t\t<\/div>\n\n\t\t\t\t<div class=\"section-intro__button\">\n\t\t\t\t\t\t\t\t\t<\/div>\n\t\t\t<\/div>\n\t\t\t\t<div class=\"building-block\">\n\t\t\t<div class=\"slider slider--listing\" role=\"region\" aria-roledescription=\"carousel\" aria-label=\"Featured product carousel\" data-items-0=\"1\" data-items-500=\"2\" data-items-900=\"3\" data-items-1200=\"4\" data-autoplay=\"false\">\n\t\t\t\t<div class=\"slider__controls\">\n\t\t\t\t\t\t\t\t\t\t\t\t\t\t<\/div>\n\t\t\t\t<div class=\"slider__wrapper\">\n\t\t\t\t\t<ul class=\"slider__panels\" id=\"slider-123\" class=\"carousel-items\" aria-live=\"polite\">\n\t\t\t\t\t\t \t\t\t\t\t\t\t<li class=\"slider__panel\" aria-hidden=\"false\" tabindex=\"-1\" aria-label=\"Slide 1 of 1\">\n\t\t\t\t\t\t\t\t <div class=\"grid grid-cols-4 grid-gutter-md\">\n\t\t\t\t\t\t\t\t\t\t\t\t\t\t\t\t\t\t\t<div class=\"card card--product\">\n\t\t\t\t\t\t\t\t\t\t\t<div class=\"card__image card__image--has-rollover\">\n\t\t\t\t\t\t\t\t\t\t\t\t<img decoding=\"async\" src=\"https:\/\/stpcdnimage.imgix.net\/global-media\/wp-content\/uploads\/sites\/6\/product-images\/E302007200_01.png\"  alt=\"Tratamiento Antihumo Image 1\" class=\"\" width=\"250\" height=\"250\" \/>\n\t\t\t\t\t\t\t\t\t\t\t\t<div class=\"btn btn--solid rollover\">Ver producto<\/div>\n\t\t\t\t\t\t\t\t\t\t\t<\/div>\n\t\t\t\t\t\t\t\t\t\t\t<div class=\"card__pretitle\"><span class=\"card__category\">Aditivos para el aceite y el motor<\/span><\/div>\n\t\t\t\t\t\t\t\t\t\t\t\t<h3 class=\"h3\"><a href=\"https:\/\/stp.com\/es\/product\/tratamiento-antihumo\/\" class=\"cover-link card__link\">Tratamiento Antihumo<\/a><\/h3>\n\t\t\t\t\t\t\t\t\t\t<\/div>\n\t\t\t\t\t\t\t\t\t\t\t\t\t\t\t\t\t<\/div>\n\t\t\t\t\t\t\t<\/li>\n\t\t\t\t\t\t\t\t\t\t\t<\/ul>\n\t\t\t\t<\/div>\n\t\t\t\t<div class=\"slider__nav\">\n\t\t\t\t\t\t\t\t\t\t<\/div>\n\t\t\t<\/div>\n\t\t<\/div>\n\t<\/div>\n<\/div>\n\t\t\t\t\t\t<\/div>\n\t\t\t\t<\/div>\n\t\t\t\t\t<\/div>\n\t\t\t\t<\/div>\n\t\t\t\t<\/div>\n\t\t","protected":false},"excerpt":{"rendered":"<p>Has there been more smoke than usual coming out of your exhaust system? Excess exhaust emissions can appear concerning, but there can be a fix behind it. The combustion chamber in your engine is designed to burn a mixture of air and fuel \u2013 that\u2019s it. As your mileage increases, oil can contaminate the combustion [&hellip;]<\/p>\n","protected":false},"author":1,"featured_media":0,"parent":416,"menu_order":0,"comment_status":"closed","ping_status":"closed","template":"","meta":{"_acf_changed":false,"footnotes":""},"class_list":["post-5924","page","type-page","status-publish","hentry"],"acf":[],"yoast_head":"<!-- This site is optimized with the Yoast SEO plugin v27.4 - https:\/\/yoast.com\/product\/yoast-seo-wordpress\/ -->\n<title>Emisiones de gases de escape y humos - STP ES<\/title>\n<meta name=\"robots\" content=\"index, follow, max-snippet:-1, max-image-preview:large, max-video-preview:-1\" \/>\n<link rel=\"canonical\" href=\"https:\/\/stp.com\/es\/solucionador-de-problemas\/emisiones-de-gases-de-escape-y-humos\/\" \/>\n<meta property=\"og:locale\" content=\"en_US\" \/>\n<meta property=\"og:type\" content=\"article\" \/>\n<meta property=\"og:title\" content=\"Emisiones de gases de escape y humos - STP ES\" \/>\n<meta property=\"og:description\" content=\"Has there been more smoke than usual coming out of your exhaust system? Excess exhaust emissions can appear concerning, but there can be a fix behind it. The combustion chamber in your engine is designed to burn a mixture of air and fuel \u2013 that\u2019s it. As your mileage increases, oil can contaminate the combustion [&hellip;]\" \/>\n<meta property=\"og:url\" content=\"https:\/\/stp.com\/es\/solucionador-de-problemas\/emisiones-de-gases-de-escape-y-humos\/\" \/>\n<meta property=\"og:site_name\" content=\"STP ES\" \/>\n<meta property=\"article:modified_time\" content=\"2025-05-26T11:28:04+00:00\" \/>\n<meta property=\"og:image\" content=\"https:\/\/stp.com\/es\/wp-content\/uploads\/sites\/16\/2025\/04\/smketrtmnt_dkr-scaled-1.avif\" \/>\n<meta name=\"twitter:card\" content=\"summary_large_image\" \/>\n<meta name=\"twitter:label1\" content=\"Est. reading time\" \/>\n\t<meta name=\"twitter:data1\" content=\"1 minute\" \/>\n<script type=\"application\/ld+json\" class=\"yoast-schema-graph\">{\"@context\":\"https:\\\/\\\/schema.org\",\"@graph\":[{\"@type\":\"WebPage\",\"@id\":\"https:\\\/\\\/stp.com\\\/es\\\/solucionador-de-problemas\\\/emisiones-de-gases-de-escape-y-humos\\\/\",\"url\":\"https:\\\/\\\/stp.com\\\/es\\\/solucionador-de-problemas\\\/emisiones-de-gases-de-escape-y-humos\\\/\",\"name\":\"Emisiones de gases de escape y humos - STP ES\",\"isPartOf\":{\"@id\":\"https:\\\/\\\/stp.com\\\/es\\\/#website\"},\"primaryImageOfPage\":{\"@id\":\"https:\\\/\\\/stp.com\\\/es\\\/solucionador-de-problemas\\\/emisiones-de-gases-de-escape-y-humos\\\/#primaryimage\"},\"image\":{\"@id\":\"https:\\\/\\\/stp.com\\\/es\\\/solucionador-de-problemas\\\/emisiones-de-gases-de-escape-y-humos\\\/#primaryimage\"},\"thumbnailUrl\":\"https:\\\/\\\/stp.com\\\/es\\\/wp-content\\\/uploads\\\/sites\\\/16\\\/2025\\\/04\\\/smketrtmnt_dkr-scaled-1.avif\",\"datePublished\":\"2025-04-04T14:02:07+00:00\",\"dateModified\":\"2025-05-26T11:28:04+00:00\",\"breadcrumb\":{\"@id\":\"https:\\\/\\\/stp.com\\\/es\\\/solucionador-de-problemas\\\/emisiones-de-gases-de-escape-y-humos\\\/#breadcrumb\"},\"inLanguage\":\"en-US\",\"potentialAction\":[{\"@type\":\"ReadAction\",\"target\":[\"https:\\\/\\\/stp.com\\\/es\\\/solucionador-de-problemas\\\/emisiones-de-gases-de-escape-y-humos\\\/\"]}]},{\"@type\":\"ImageObject\",\"inLanguage\":\"en-US\",\"@id\":\"https:\\\/\\\/stp.com\\\/es\\\/solucionador-de-problemas\\\/emisiones-de-gases-de-escape-y-humos\\\/#primaryimage\",\"url\":\"https:\\\/\\\/stpcdnimage.imgix.net\\\/wp-content\\\/uploads\\\/sites\\\/16\\\/2025\\\/04\\\/smketrtmnt_dkr-scaled-1.avif\",\"contentUrl\":\"https:\\\/\\\/stpcdnimage.imgix.net\\\/wp-content\\\/uploads\\\/sites\\\/16\\\/2025\\\/04\\\/smketrtmnt_dkr-scaled-1.avif\",\"width\":2560,\"height\":1450},{\"@type\":\"BreadcrumbList\",\"@id\":\"https:\\\/\\\/stp.com\\\/es\\\/solucionador-de-problemas\\\/emisiones-de-gases-de-escape-y-humos\\\/#breadcrumb\",\"itemListElement\":[{\"@type\":\"ListItem\",\"position\":1,\"name\":\"Home\",\"item\":\"https:\\\/\\\/stp.com\\\/es\\\/\"},{\"@type\":\"ListItem\",\"position\":2,\"name\":\"Solucionador de problemas\",\"item\":\"https:\\\/\\\/stp.com\\\/es\\\/solucionador-de-problemas\\\/\"},{\"@type\":\"ListItem\",\"position\":3,\"name\":\"Emisiones de gases de escape y humos\"}]},{\"@type\":\"WebSite\",\"@id\":\"https:\\\/\\\/stp.com\\\/es\\\/#website\",\"url\":\"https:\\\/\\\/stp.com\\\/es\\\/\",\"name\":\"STP ES\",\"description\":\"Science. Technology. Performance\",\"potentialAction\":[{\"@type\":\"SearchAction\",\"target\":{\"@type\":\"EntryPoint\",\"urlTemplate\":\"https:\\\/\\\/stp.com\\\/es\\\/?s={search_term_string}\"},\"query-input\":{\"@type\":\"PropertyValueSpecification\",\"valueRequired\":true,\"valueName\":\"search_term_string\"}}],\"inLanguage\":\"en-US\"}]}<\/script>\n<!-- \/ Yoast SEO plugin. -->","yoast_head_json":{"title":"Emisiones de gases de escape y humos - STP ES","robots":{"index":"index","follow":"follow","max-snippet":"max-snippet:-1","max-image-preview":"max-image-preview:large","max-video-preview":"max-video-preview:-1"},"canonical":"https:\/\/stp.com\/es\/solucionador-de-problemas\/emisiones-de-gases-de-escape-y-humos\/","og_locale":"en_US","og_type":"article","og_title":"Emisiones de gases de escape y humos - STP ES","og_description":"Has there been more smoke than usual coming out of your exhaust system? Excess exhaust emissions can appear concerning, but there can be a fix behind it. The combustion chamber in your engine is designed to burn a mixture of air and fuel \u2013 that\u2019s it. As your mileage increases, oil can contaminate the combustion [&hellip;]","og_url":"https:\/\/stp.com\/es\/solucionador-de-problemas\/emisiones-de-gases-de-escape-y-humos\/","og_site_name":"STP ES","article_modified_time":"2025-05-26T11:28:04+00:00","og_image":[{"url":"https:\/\/stp.com\/es\/wp-content\/uploads\/sites\/16\/2025\/04\/smketrtmnt_dkr-scaled-1.avif","type":"","width":"","height":""}],"twitter_card":"summary_large_image","twitter_misc":{"Est. reading time":"1 minute"},"schema":{"@context":"https:\/\/schema.org","@graph":[{"@type":"WebPage","@id":"https:\/\/stp.com\/es\/solucionador-de-problemas\/emisiones-de-gases-de-escape-y-humos\/","url":"https:\/\/stp.com\/es\/solucionador-de-problemas\/emisiones-de-gases-de-escape-y-humos\/","name":"Emisiones de gases de escape y humos - STP ES","isPartOf":{"@id":"https:\/\/stp.com\/es\/#website"},"primaryImageOfPage":{"@id":"https:\/\/stp.com\/es\/solucionador-de-problemas\/emisiones-de-gases-de-escape-y-humos\/#primaryimage"},"image":{"@id":"https:\/\/stp.com\/es\/solucionador-de-problemas\/emisiones-de-gases-de-escape-y-humos\/#primaryimage"},"thumbnailUrl":"https:\/\/stp.com\/es\/wp-content\/uploads\/sites\/16\/2025\/04\/smketrtmnt_dkr-scaled-1.avif","datePublished":"2025-04-04T14:02:07+00:00","dateModified":"2025-05-26T11:28:04+00:00","breadcrumb":{"@id":"https:\/\/stp.com\/es\/solucionador-de-problemas\/emisiones-de-gases-de-escape-y-humos\/#breadcrumb"},"inLanguage":"en-US","potentialAction":[{"@type":"ReadAction","target":["https:\/\/stp.com\/es\/solucionador-de-problemas\/emisiones-de-gases-de-escape-y-humos\/"]}]},{"@type":"ImageObject","inLanguage":"en-US","@id":"https:\/\/stp.com\/es\/solucionador-de-problemas\/emisiones-de-gases-de-escape-y-humos\/#primaryimage","url":"https:\/\/stpcdnimage.imgix.net\/wp-content\/uploads\/sites\/16\/2025\/04\/smketrtmnt_dkr-scaled-1.avif","contentUrl":"https:\/\/stpcdnimage.imgix.net\/wp-content\/uploads\/sites\/16\/2025\/04\/smketrtmnt_dkr-scaled-1.avif","width":2560,"height":1450},{"@type":"BreadcrumbList","@id":"https:\/\/stp.com\/es\/solucionador-de-problemas\/emisiones-de-gases-de-escape-y-humos\/#breadcrumb","itemListElement":[{"@type":"ListItem","position":1,"name":"Home","item":"https:\/\/stp.com\/es\/"},{"@type":"ListItem","position":2,"name":"Solucionador de problemas","item":"https:\/\/stp.com\/es\/solucionador-de-problemas\/"},{"@type":"ListItem","position":3,"name":"Emisiones de gases de escape y humos"}]},{"@type":"WebSite","@id":"https:\/\/stp.com\/es\/#website","url":"https:\/\/stp.com\/es\/","name":"STP ES","description":"Science. Technology. Performance","potentialAction":[{"@type":"SearchAction","target":{"@type":"EntryPoint","urlTemplate":"https:\/\/stp.com\/es\/?s={search_term_string}"},"query-input":{"@type":"PropertyValueSpecification","valueRequired":true,"valueName":"search_term_string"}}],"inLanguage":"en-US"}]}},"_links":{"self":[{"href":"https:\/\/stp.com\/es\/wp-json\/wp\/v2\/pages\/5924","targetHints":{"allow":["GET"]}}],"collection":[{"href":"https:\/\/stp.com\/es\/wp-json\/wp\/v2\/pages"}],"about":[{"href":"https:\/\/stp.com\/es\/wp-json\/wp\/v2\/types\/page"}],"author":[{"embeddable":true,"href":"https:\/\/stp.com\/es\/wp-json\/wp\/v2\/users\/1"}],"replies":[{"embeddable":true,"href":"https:\/\/stp.com\/es\/wp-json\/wp\/v2\/comments?post=5924"}],"version-history":[{"count":10,"href":"https:\/\/stp.com\/es\/wp-json\/wp\/v2\/pages\/5924\/revisions"}],"predecessor-version":[{"id":8081,"href":"https:\/\/stp.com\/es\/wp-json\/wp\/v2\/pages\/5924\/revisions\/8081"}],"up":[{"embeddable":true,"href":"https:\/\/stp.com\/es\/wp-json\/wp\/v2\/pages\/416"}],"wp:attachment":[{"href":"https:\/\/stp.com\/es\/wp-json\/wp\/v2\/media?parent=5924"}],"curies":[{"name":"wp","href":"https:\/\/api.w.org\/{rel}","templated":true}]}}