{"id":5861,"date":"2025-04-04T19:17:41","date_gmt":"2025-04-04T13:47:41","guid":{"rendered":"https:\/\/c38a2c2a6e.nxcli.io\/es\/?page_id=5861"},"modified":"2025-05-26T16:50:56","modified_gmt":"2025-05-26T11:20:56","slug":"fugas-de-liquidos","status":"publish","type":"page","link":"https:\/\/stp.com\/es\/solucionador-de-problemas\/fugas-de-liquidos\/","title":{"rendered":"Fugas de l\u00edquidos"},"content":{"rendered":"\t\t<div data-elementor-type=\"wp-page\" data-elementor-id=\"5861\" class=\"elementor elementor-5861\" data-elementor-post-type=\"page\">\n\t\t\t\t<div class=\"elementor-element elementor-element-96475be e-flex e-con-boxed e-con e-parent\" data-id=\"96475be\" data-element_type=\"container\" data-e-type=\"container\" data-settings=\"{&quot;background_background&quot;:&quot;classic&quot;}\">\n\t\t\t\t\t<div class=\"e-con-inner\">\n\t\t\t\t<div class=\"elementor-element elementor-element-5c7c08a breadcrumb elementor-widget elementor-widget-breadcrumbs\" data-id=\"5c7c08a\" data-element_type=\"widget\" data-e-type=\"widget\" data-widget_type=\"breadcrumbs.default\">\n\t\t\t\t<div class=\"elementor-widget-container\">\n\t\t\t\t\t<p id=\"breadcrumbs\"><span><span><a href=\"https:\/\/stp.com\/es\/\">Home<\/a><\/span><\/span><\/p>\t\t\t\t<\/div>\n\t\t\t\t<\/div>\n\t\t<div class=\"elementor-element elementor-element-d048b43 e-con-full e-flex e-con e-child\" data-id=\"d048b43\" data-element_type=\"container\" data-e-type=\"container\">\n\t\t<div class=\"elementor-element elementor-element-161ec73 e-con-full product__head e-flex e-con e-child\" data-id=\"161ec73\" data-element_type=\"container\" data-e-type=\"container\">\n\t\t\t\t<\/div>\n\t\t\t\t<\/div>\n\t\t\t\t\t<\/div>\n\t\t\t\t<\/div>\n\t\t<div class=\"elementor-element elementor-element-abb01da top-red-border e-flex e-con-boxed e-con e-parent\" data-id=\"abb01da\" data-element_type=\"container\" data-e-type=\"container\" data-settings=\"{&quot;background_background&quot;:&quot;classic&quot;}\">\n\t\t\t\t\t<div class=\"e-con-inner\">\n\t\t<div class=\"elementor-element elementor-element-28a1db0 e-con-full e-flex e-con e-child\" data-id=\"28a1db0\" data-element_type=\"container\" data-e-type=\"container\">\n\t\t\t\t<div class=\"elementor-element elementor-element-d6223ea elementor-position-right elementor-vertical-align-middle image-text-section elementor-widget elementor-widget-image-box\" data-id=\"d6223ea\" data-element_type=\"widget\" data-e-type=\"widget\" data-widget_type=\"image-box.default\">\n\t\t\t\t<div class=\"elementor-widget-container\">\n\t\t\t\t\t<div class=\"elementor-image-box-wrapper\"><figure class=\"elementor-image-box-img\"><img fetchpriority=\"high\" decoding=\"async\" width=\"2560\" height=\"1450\" src=\"https:\/\/stpcdnimage.imgix.net\/wp-content\/uploads\/sites\/16\/2025\/04\/Fluid-Leaks-scaled-1.avif\" class=\"attachment-full size-full wp-image-5867\" alt=\"\" \/><\/figure><div class=\"elementor-image-box-content\"><p class=\"elementor-image-box-description\">\u00bfSu coche tiene ya muchos a\u00f1os? Si es as\u00ed, es posible que empiece a ver fugas de l\u00edquido rojo de su coche o manchas de l\u00edquido en el suelo debajo de donde lo aparca. Tambi\u00e9n puede notar un olor a aceite cuando el motor se calienta. Con el tiempo, las juntas y los sellos del motor se secan y pueden provocar la p\u00e9rdida de l\u00edquidos.<\/p><\/div><\/div>\t\t\t\t<\/div>\n\t\t\t\t<\/div>\n\t\t\t\t<\/div>\n\t\t\t\t\t<\/div>\n\t\t\t\t<\/div>\n\t\t<div class=\"elementor-element elementor-element-39b80c3 prod-related-container e-flex e-con-boxed e-con e-child\" data-id=\"39b80c3\" data-element_type=\"container\" data-e-type=\"container\" data-settings=\"{&quot;background_background&quot;:&quot;classic&quot;}\">\n\t\t\t\t\t<div class=\"e-con-inner\">\n\t\t\t\t<div class=\"elementor-element elementor-element-d1173a3 arm__product-related elementor-widget elementor-widget-shortcode\" data-id=\"d1173a3\" data-element_type=\"widget\" data-e-type=\"widget\" data-widget_type=\"shortcode.default\">\n\t\t\t\t<div class=\"elementor-widget-container\">\n\t\t\t\t\t\t\t<div class=\"elementor-shortcode\">\t<div class=\"product_related\">\n\t\t\t\t\t<div class=\"section-intro section-intro--left\" id=\"anchor-intro-block_\">\n\n\t\t\t\t\t<div class=\"section-intro__content\" id=\"anchor-intro-content_\">\n\t\t\t\t\t\t<div role=\"doc-subtitle\">Ayude a reacondicionar juntas y sellos con:<\/div>\n\t\t\t\t\t<\/div>\n\n\t\t\t\t<div class=\"section-intro__button\">\n\t\t\t\t\t\t\t\t\t<\/div>\n\t\t\t<\/div>\n\t\t\t\t<div class=\"building-block\">\n\t\t\t<div class=\"slider slider--listing\" role=\"region\" aria-roledescription=\"carousel\" aria-label=\"Featured product carousel\" data-items-0=\"1\" data-items-500=\"2\" data-items-900=\"3\" data-items-1200=\"4\" data-autoplay=\"false\">\n\t\t\t\t<div class=\"slider__controls\">\n\t\t\t\t\t\t\t\t\t\t\t\t\t\t<\/div>\n\t\t\t\t<div class=\"slider__wrapper\">\n\t\t\t\t\t<ul class=\"slider__panels\" id=\"slider-123\" class=\"carousel-items\" aria-live=\"polite\">\n\t\t\t\t\t\t \t\t\t\t\t\t\t<li class=\"slider__panel\" aria-hidden=\"false\" tabindex=\"-1\" aria-label=\"Slide 1 of 1\">\n\t\t\t\t\t\t\t\t <div class=\"grid grid-cols-4 grid-gutter-md\">\n\t\t\t\t\t\t\t\t\t\t\t\t\t\t\t\t\t\t\t<div class=\"card card--product\">\n\t\t\t\t\t\t\t\t\t\t\t<div class=\"card__image card__image--has-rollover\">\n\t\t\t\t\t\t\t\t\t\t\t\t<img decoding=\"async\" src=\"https:\/\/stpcdnimage.imgix.net\/global-media\/wp-content\/uploads\/sites\/6\/product-images\/E302006100_01.png\"  alt=\"Tapafugas del Motor Image 1\" class=\"\" width=\"250\" height=\"250\" \/>\n\t\t\t\t\t\t\t\t\t\t\t\t<div class=\"btn btn--solid rollover\">Ver producto<\/div>\n\t\t\t\t\t\t\t\t\t\t\t<\/div>\n\t\t\t\t\t\t\t\t\t\t\t<div class=\"card__pretitle\"><span class=\"card__category\">Aditivos para el aceite y el motor<\/span><\/div>\n\t\t\t\t\t\t\t\t\t\t\t\t<h3 class=\"h3\"><a href=\"https:\/\/stp.com\/es\/product\/tapafugas-del-motor\/\" class=\"cover-link card__link\">Tapafugas del Motor<\/a><\/h3>\n\t\t\t\t\t\t\t\t\t\t<\/div>\n\t\t\t\t\t\t\t\t\t\t\t\t\t\t\t\t\t\t\t<div class=\"card card--product\">\n\t\t\t\t\t\t\t\t\t\t\t<div class=\"card__image card__image--has-rollover\">\n\t\t\t\t\t\t\t\t\t\t\t\t<img decoding=\"async\" src=\"https:\/\/stpcdnimage.imgix.net\/global-media\/wp-content\/uploads\/sites\/6\/product-images\/E302003300_01.png\"  alt=\"Tratamiento de Aceite Gasolina Image 1\" class=\"\" width=\"250\" height=\"250\" \/>\n\t\t\t\t\t\t\t\t\t\t\t\t<div class=\"btn btn--solid rollover\">Ver producto<\/div>\n\t\t\t\t\t\t\t\t\t\t\t<\/div>\n\t\t\t\t\t\t\t\t\t\t\t<div class=\"card__pretitle\"><span class=\"card__category\">Aditivos para el aceite y el motor<\/span><\/div>\n\t\t\t\t\t\t\t\t\t\t\t\t<h3 class=\"h3\"><a href=\"https:\/\/stp.com\/es\/product\/tratamiento-de-aceite-gasolina\/\" class=\"cover-link card__link\">Tratamiento de Aceite Gasolina<\/a><\/h3>\n\t\t\t\t\t\t\t\t\t\t<\/div>\n\t\t\t\t\t\t\t\t\t\t\t\t\t\t\t\t\t\t\t<div class=\"card card--product\">\n\t\t\t\t\t\t\t\t\t\t\t<div class=\"card__image card__image--has-rollover\">\n\t\t\t\t\t\t\t\t\t\t\t\t<img loading=\"lazy\" decoding=\"async\" src=\"https:\/\/stpcdnimage.imgix.net\/global-media\/wp-content\/uploads\/sites\/6\/product-images\/E302005200_01.png\"  alt=\"Tratamiento de Aceite Diesel Image 1\" class=\"\" width=\"250\" height=\"250\" \/>\n\t\t\t\t\t\t\t\t\t\t\t\t<div class=\"btn btn--solid rollover\">Ver producto<\/div>\n\t\t\t\t\t\t\t\t\t\t\t<\/div>\n\t\t\t\t\t\t\t\t\t\t\t<div class=\"card__pretitle\"><span class=\"card__category\">Aditivos para el aceite y el motor<\/span><\/div>\n\t\t\t\t\t\t\t\t\t\t\t\t<h3 class=\"h3\"><a href=\"https:\/\/stp.com\/es\/product\/tratamiento-de-aceite-diesel\/\" class=\"cover-link card__link\">Tratamiento de Aceite Diesel<\/a><\/h3>\n\t\t\t\t\t\t\t\t\t\t<\/div>\n\t\t\t\t\t\t\t\t\t\t\t\t\t\t\t\t\t<\/div>\n\t\t\t\t\t\t\t<\/li>\n\t\t\t\t\t\t\t\t\t\t\t<\/ul>\n\t\t\t\t<\/div>\n\t\t\t\t<div class=\"slider__nav\">\n\t\t\t\t\t\t\t\t\t\t<\/div>\n\t\t\t<\/div>\n\t\t<\/div>\n\t<\/div>\n<\/div>\n\t\t\t\t\t\t<\/div>\n\t\t\t\t<\/div>\n\t\t\t\t\t<\/div>\n\t\t\t\t<\/div>\n\t\t\t\t<\/div>\n\t\t","protected":false},"excerpt":{"rendered":"<p>Is your car getting up there in years? If so, you may begin to see red fluid leaking from your car or fluid spots on the ground underneath where you park it. You may also notice an oil-like smell when the engine gets hot. Over time, engine gaskets and seals dry out, and can cause [&hellip;]<\/p>\n","protected":false},"author":1,"featured_media":0,"parent":416,"menu_order":0,"comment_status":"closed","ping_status":"closed","template":"","meta":{"_acf_changed":false,"footnotes":""},"class_list":["post-5861","page","type-page","status-publish","hentry"],"acf":[],"yoast_head":"<!-- This site is optimized with the Yoast SEO plugin v27.4 - https:\/\/yoast.com\/product\/yoast-seo-wordpress\/ -->\n<title>Fugas de l\u00edquidos - STP ES<\/title>\n<meta name=\"robots\" content=\"index, follow, max-snippet:-1, max-image-preview:large, max-video-preview:-1\" \/>\n<link rel=\"canonical\" href=\"https:\/\/stp.com\/es\/solucionador-de-problemas\/fugas-de-liquidos\/\" \/>\n<meta property=\"og:locale\" content=\"en_US\" \/>\n<meta property=\"og:type\" content=\"article\" \/>\n<meta property=\"og:title\" content=\"Fugas de l\u00edquidos - STP ES\" \/>\n<meta property=\"og:description\" content=\"Is your car getting up there in years? If so, you may begin to see red fluid leaking from your car or fluid spots on the ground underneath where you park it. You may also notice an oil-like smell when the engine gets hot. Over time, engine gaskets and seals dry out, and can cause [&hellip;]\" \/>\n<meta property=\"og:url\" content=\"https:\/\/stp.com\/es\/solucionador-de-problemas\/fugas-de-liquidos\/\" \/>\n<meta property=\"og:site_name\" content=\"STP ES\" \/>\n<meta property=\"article:modified_time\" content=\"2025-05-26T11:20:56+00:00\" \/>\n<meta property=\"og:image\" content=\"https:\/\/stp.com\/es\/wp-content\/uploads\/sites\/16\/2025\/04\/Fluid-Leaks-scaled-1.avif\" \/>\n<meta name=\"twitter:card\" content=\"summary_large_image\" \/>\n<meta name=\"twitter:label1\" content=\"Est. reading time\" \/>\n\t<meta name=\"twitter:data1\" content=\"1 minute\" \/>\n<script type=\"application\/ld+json\" class=\"yoast-schema-graph\">{\"@context\":\"https:\\\/\\\/schema.org\",\"@graph\":[{\"@type\":\"WebPage\",\"@id\":\"https:\\\/\\\/stp.com\\\/es\\\/solucionador-de-problemas\\\/fugas-de-liquidos\\\/\",\"url\":\"https:\\\/\\\/stp.com\\\/es\\\/solucionador-de-problemas\\\/fugas-de-liquidos\\\/\",\"name\":\"Fugas de l\u00edquidos - STP ES\",\"isPartOf\":{\"@id\":\"https:\\\/\\\/stp.com\\\/es\\\/#website\"},\"primaryImageOfPage\":{\"@id\":\"https:\\\/\\\/stp.com\\\/es\\\/solucionador-de-problemas\\\/fugas-de-liquidos\\\/#primaryimage\"},\"image\":{\"@id\":\"https:\\\/\\\/stp.com\\\/es\\\/solucionador-de-problemas\\\/fugas-de-liquidos\\\/#primaryimage\"},\"thumbnailUrl\":\"https:\\\/\\\/stp.com\\\/es\\\/wp-content\\\/uploads\\\/sites\\\/16\\\/2025\\\/04\\\/Fluid-Leaks-scaled-1.avif\",\"datePublished\":\"2025-04-04T13:47:41+00:00\",\"dateModified\":\"2025-05-26T11:20:56+00:00\",\"breadcrumb\":{\"@id\":\"https:\\\/\\\/stp.com\\\/es\\\/solucionador-de-problemas\\\/fugas-de-liquidos\\\/#breadcrumb\"},\"inLanguage\":\"en-US\",\"potentialAction\":[{\"@type\":\"ReadAction\",\"target\":[\"https:\\\/\\\/stp.com\\\/es\\\/solucionador-de-problemas\\\/fugas-de-liquidos\\\/\"]}]},{\"@type\":\"ImageObject\",\"inLanguage\":\"en-US\",\"@id\":\"https:\\\/\\\/stp.com\\\/es\\\/solucionador-de-problemas\\\/fugas-de-liquidos\\\/#primaryimage\",\"url\":\"https:\\\/\\\/stpcdnimage.imgix.net\\\/wp-content\\\/uploads\\\/sites\\\/16\\\/2025\\\/04\\\/Fluid-Leaks-scaled-1.avif\",\"contentUrl\":\"https:\\\/\\\/stpcdnimage.imgix.net\\\/wp-content\\\/uploads\\\/sites\\\/16\\\/2025\\\/04\\\/Fluid-Leaks-scaled-1.avif\",\"width\":2560,\"height\":1450},{\"@type\":\"BreadcrumbList\",\"@id\":\"https:\\\/\\\/stp.com\\\/es\\\/solucionador-de-problemas\\\/fugas-de-liquidos\\\/#breadcrumb\",\"itemListElement\":[{\"@type\":\"ListItem\",\"position\":1,\"name\":\"Home\",\"item\":\"https:\\\/\\\/stp.com\\\/es\\\/\"},{\"@type\":\"ListItem\",\"position\":2,\"name\":\"Solucionador de problemas\",\"item\":\"https:\\\/\\\/stp.com\\\/es\\\/solucionador-de-problemas\\\/\"},{\"@type\":\"ListItem\",\"position\":3,\"name\":\"Fugas de l\u00edquidos\"}]},{\"@type\":\"WebSite\",\"@id\":\"https:\\\/\\\/stp.com\\\/es\\\/#website\",\"url\":\"https:\\\/\\\/stp.com\\\/es\\\/\",\"name\":\"STP ES\",\"description\":\"Science. Technology. Performance\",\"potentialAction\":[{\"@type\":\"SearchAction\",\"target\":{\"@type\":\"EntryPoint\",\"urlTemplate\":\"https:\\\/\\\/stp.com\\\/es\\\/?s={search_term_string}\"},\"query-input\":{\"@type\":\"PropertyValueSpecification\",\"valueRequired\":true,\"valueName\":\"search_term_string\"}}],\"inLanguage\":\"en-US\"}]}<\/script>\n<!-- \/ Yoast SEO plugin. -->","yoast_head_json":{"title":"Fugas de l\u00edquidos - STP ES","robots":{"index":"index","follow":"follow","max-snippet":"max-snippet:-1","max-image-preview":"max-image-preview:large","max-video-preview":"max-video-preview:-1"},"canonical":"https:\/\/stp.com\/es\/solucionador-de-problemas\/fugas-de-liquidos\/","og_locale":"en_US","og_type":"article","og_title":"Fugas de l\u00edquidos - STP ES","og_description":"Is your car getting up there in years? If so, you may begin to see red fluid leaking from your car or fluid spots on the ground underneath where you park it. You may also notice an oil-like smell when the engine gets hot. Over time, engine gaskets and seals dry out, and can cause [&hellip;]","og_url":"https:\/\/stp.com\/es\/solucionador-de-problemas\/fugas-de-liquidos\/","og_site_name":"STP ES","article_modified_time":"2025-05-26T11:20:56+00:00","og_image":[{"url":"https:\/\/stp.com\/es\/wp-content\/uploads\/sites\/16\/2025\/04\/Fluid-Leaks-scaled-1.avif","type":"","width":"","height":""}],"twitter_card":"summary_large_image","twitter_misc":{"Est. reading time":"1 minute"},"schema":{"@context":"https:\/\/schema.org","@graph":[{"@type":"WebPage","@id":"https:\/\/stp.com\/es\/solucionador-de-problemas\/fugas-de-liquidos\/","url":"https:\/\/stp.com\/es\/solucionador-de-problemas\/fugas-de-liquidos\/","name":"Fugas de l\u00edquidos - STP ES","isPartOf":{"@id":"https:\/\/stp.com\/es\/#website"},"primaryImageOfPage":{"@id":"https:\/\/stp.com\/es\/solucionador-de-problemas\/fugas-de-liquidos\/#primaryimage"},"image":{"@id":"https:\/\/stp.com\/es\/solucionador-de-problemas\/fugas-de-liquidos\/#primaryimage"},"thumbnailUrl":"https:\/\/stp.com\/es\/wp-content\/uploads\/sites\/16\/2025\/04\/Fluid-Leaks-scaled-1.avif","datePublished":"2025-04-04T13:47:41+00:00","dateModified":"2025-05-26T11:20:56+00:00","breadcrumb":{"@id":"https:\/\/stp.com\/es\/solucionador-de-problemas\/fugas-de-liquidos\/#breadcrumb"},"inLanguage":"en-US","potentialAction":[{"@type":"ReadAction","target":["https:\/\/stp.com\/es\/solucionador-de-problemas\/fugas-de-liquidos\/"]}]},{"@type":"ImageObject","inLanguage":"en-US","@id":"https:\/\/stp.com\/es\/solucionador-de-problemas\/fugas-de-liquidos\/#primaryimage","url":"https:\/\/stpcdnimage.imgix.net\/wp-content\/uploads\/sites\/16\/2025\/04\/Fluid-Leaks-scaled-1.avif","contentUrl":"https:\/\/stpcdnimage.imgix.net\/wp-content\/uploads\/sites\/16\/2025\/04\/Fluid-Leaks-scaled-1.avif","width":2560,"height":1450},{"@type":"BreadcrumbList","@id":"https:\/\/stp.com\/es\/solucionador-de-problemas\/fugas-de-liquidos\/#breadcrumb","itemListElement":[{"@type":"ListItem","position":1,"name":"Home","item":"https:\/\/stp.com\/es\/"},{"@type":"ListItem","position":2,"name":"Solucionador de problemas","item":"https:\/\/stp.com\/es\/solucionador-de-problemas\/"},{"@type":"ListItem","position":3,"name":"Fugas de l\u00edquidos"}]},{"@type":"WebSite","@id":"https:\/\/stp.com\/es\/#website","url":"https:\/\/stp.com\/es\/","name":"STP ES","description":"Science. Technology. Performance","potentialAction":[{"@type":"SearchAction","target":{"@type":"EntryPoint","urlTemplate":"https:\/\/stp.com\/es\/?s={search_term_string}"},"query-input":{"@type":"PropertyValueSpecification","valueRequired":true,"valueName":"search_term_string"}}],"inLanguage":"en-US"}]}},"_links":{"self":[{"href":"https:\/\/stp.com\/es\/wp-json\/wp\/v2\/pages\/5861","targetHints":{"allow":["GET"]}}],"collection":[{"href":"https:\/\/stp.com\/es\/wp-json\/wp\/v2\/pages"}],"about":[{"href":"https:\/\/stp.com\/es\/wp-json\/wp\/v2\/types\/page"}],"author":[{"embeddable":true,"href":"https:\/\/stp.com\/es\/wp-json\/wp\/v2\/users\/1"}],"replies":[{"embeddable":true,"href":"https:\/\/stp.com\/es\/wp-json\/wp\/v2\/comments?post=5861"}],"version-history":[{"count":16,"href":"https:\/\/stp.com\/es\/wp-json\/wp\/v2\/pages\/5861\/revisions"}],"predecessor-version":[{"id":8064,"href":"https:\/\/stp.com\/es\/wp-json\/wp\/v2\/pages\/5861\/revisions\/8064"}],"up":[{"embeddable":true,"href":"https:\/\/stp.com\/es\/wp-json\/wp\/v2\/pages\/416"}],"wp:attachment":[{"href":"https:\/\/stp.com\/es\/wp-json\/wp\/v2\/media?parent=5861"}],"curies":[{"name":"wp","href":"https:\/\/api.w.org\/{rel}","templated":true}]}}