{"id":5845,"date":"2025-04-04T19:12:11","date_gmt":"2025-04-04T13:42:11","guid":{"rendered":"https:\/\/c38a2c2a6e.nxcli.io\/es\/?page_id=5845"},"modified":"2025-05-26T16:47:14","modified_gmt":"2025-05-26T11:17:14","slug":"mantenimiento-de-vehiculos-de-alto-kilometraje","status":"publish","type":"page","link":"https:\/\/stp.com\/es\/solucionador-de-problemas\/mantenimiento-de-vehiculos-de-alto-kilometraje\/","title":{"rendered":"Mantenimiento de veh\u00edculos de alto kilometraje"},"content":{"rendered":"\t\t<div data-elementor-type=\"wp-page\" data-elementor-id=\"5845\" class=\"elementor elementor-5845\" data-elementor-post-type=\"page\">\n\t\t\t\t<div class=\"elementor-element elementor-element-a190730 e-flex e-con-boxed e-con e-parent\" data-id=\"a190730\" data-element_type=\"container\" data-e-type=\"container\" data-settings=\"{&quot;background_background&quot;:&quot;classic&quot;}\">\n\t\t\t\t\t<div class=\"e-con-inner\">\n\t\t\t\t<div class=\"elementor-element elementor-element-346e2a9 breadcrumb elementor-widget elementor-widget-breadcrumbs\" data-id=\"346e2a9\" data-element_type=\"widget\" data-e-type=\"widget\" data-widget_type=\"breadcrumbs.default\">\n\t\t\t\t<div class=\"elementor-widget-container\">\n\t\t\t\t\t<p id=\"breadcrumbs\"><span><span><a href=\"https:\/\/stp.com\/es\/\">Home<\/a><\/span><\/span><\/p>\t\t\t\t<\/div>\n\t\t\t\t<\/div>\n\t\t<div class=\"elementor-element elementor-element-947a200 e-con-full e-flex e-con e-child\" data-id=\"947a200\" data-element_type=\"container\" data-e-type=\"container\">\n\t\t<div class=\"elementor-element elementor-element-2508f10 e-con-full product__head e-flex e-con e-child\" data-id=\"2508f10\" data-element_type=\"container\" data-e-type=\"container\">\n\t\t\t\t<\/div>\n\t\t\t\t<\/div>\n\t\t\t\t\t<\/div>\n\t\t\t\t<\/div>\n\t\t<div class=\"elementor-element elementor-element-891ac39 top-red-border e-flex e-con-boxed e-con e-parent\" data-id=\"891ac39\" data-element_type=\"container\" data-e-type=\"container\" data-settings=\"{&quot;background_background&quot;:&quot;classic&quot;}\">\n\t\t\t\t\t<div class=\"e-con-inner\">\n\t\t<div class=\"elementor-element elementor-element-e69f560 e-con-full e-flex e-con e-child\" data-id=\"e69f560\" data-element_type=\"container\" data-e-type=\"container\">\n\t\t\t\t<div class=\"elementor-element elementor-element-132f48f elementor-position-right elementor-vertical-align-middle image-text-section elementor-widget elementor-widget-image-box\" data-id=\"132f48f\" data-element_type=\"widget\" data-e-type=\"widget\" data-widget_type=\"image-box.default\">\n\t\t\t\t<div class=\"elementor-widget-container\">\n\t\t\t\t\t<div class=\"elementor-image-box-wrapper\"><figure class=\"elementor-image-box-img\"><img fetchpriority=\"high\" decoding=\"async\" width=\"2560\" height=\"1450\" src=\"https:\/\/stpcdnimage.imgix.net\/wp-content\/uploads\/sites\/16\/2025\/04\/HighMilageCrop-scaled-1.avif\" class=\"attachment-full size-full wp-image-5848\" alt=\"\" \/><\/figure><div class=\"elementor-image-box-content\"><p class=\"elementor-image-box-description\">\u00bfSu coche se acerca o supera los 12 000 km (75 000 millas)? Si es as\u00ed, es probable que haya notado un descenso del rendimiento. El tiempo, los kil\u00f3metros y la fricci\u00f3n interna del motor pasan factura. Incluso los sellos y las juntas del motor pueden secarse, lo que puede provocar fugas. Un mantenimiento adecuado puede ayudar a evitar estos problemas y mantener el buen funcionamiento de su coche durante a\u00f1os.<\/p><\/div><\/div>\t\t\t\t<\/div>\n\t\t\t\t<\/div>\n\t\t\t\t<\/div>\n\t\t\t\t\t<\/div>\n\t\t\t\t<\/div>\n\t\t<div class=\"elementor-element elementor-element-6d2c96e prod-related-container e-flex e-con-boxed e-con e-child\" data-id=\"6d2c96e\" data-element_type=\"container\" data-e-type=\"container\" data-settings=\"{&quot;background_background&quot;:&quot;classic&quot;}\">\n\t\t\t\t\t<div class=\"e-con-inner\">\n\t\t\t\t<div class=\"elementor-element elementor-element-308944a arm__product-related elementor-widget elementor-widget-shortcode\" data-id=\"308944a\" data-element_type=\"widget\" data-e-type=\"widget\" data-widget_type=\"shortcode.default\">\n\t\t\t\t<div class=\"elementor-widget-container\">\n\t\t\t\t\t\t\t<div class=\"elementor-shortcode\">\t<div class=\"product_related\">\n\t\t\t\t\t<div class=\"section-intro section-intro--left\" id=\"anchor-intro-block_\">\n\n\t\t\t\t\t<div class=\"section-intro__content\" id=\"anchor-intro-content_\">\n\t\t\t\t\t\t<div role=\"doc-subtitle\">Mantenga el buen funcionamiento de su veh\u00edculo con:<\/div>\n\t\t\t\t\t<\/div>\n\n\t\t\t\t<div class=\"section-intro__button\">\n\t\t\t\t\t\t\t\t\t<\/div>\n\t\t\t<\/div>\n\t\t\t\t<div class=\"building-block\">\n\t\t\t<div class=\"slider slider--listing\" role=\"region\" aria-roledescription=\"carousel\" aria-label=\"Featured product carousel\" data-items-0=\"1\" data-items-500=\"2\" data-items-900=\"3\" data-items-1200=\"4\" data-autoplay=\"false\">\n\t\t\t\t<div class=\"slider__controls\">\n\t\t\t\t\t\t\t\t\t\t\t\t\t\t<\/div>\n\t\t\t\t<div class=\"slider__wrapper\">\n\t\t\t\t\t<ul class=\"slider__panels\" id=\"slider-123\" class=\"carousel-items\" aria-live=\"polite\">\n\t\t\t\t\t\t \t\t\t\t\t\t\t<li class=\"slider__panel\" aria-hidden=\"false\" tabindex=\"-1\" aria-label=\"Slide 1 of 1\">\n\t\t\t\t\t\t\t\t <div class=\"grid grid-cols-4 grid-gutter-md\">\n\t\t\t\t\t\t\t\t\t\t\t\t\t\t\t\t\t\t\t<div class=\"card card--product\">\n\t\t\t\t\t\t\t\t\t\t\t<div class=\"card__image card__image--has-rollover\">\n\t\t\t\t\t\t\t\t\t\t\t\t<img decoding=\"async\" src=\"https:\/\/stpcdnimage.imgix.net\/global-media\/wp-content\/uploads\/sites\/6\/product-images\/E301991800_01.png\"  alt=\"Alto Kilometraje Limpia Inyectores Gasolina Image 1\" class=\"\" width=\"250\" height=\"250\" \/>\n\t\t\t\t\t\t\t\t\t\t\t\t<div class=\"btn btn--solid rollover\">Ver producto<\/div>\n\t\t\t\t\t\t\t\t\t\t\t<\/div>\n\t\t\t\t\t\t\t\t\t\t\t<div class=\"card__pretitle\"><span class=\"card__category\">Aditivos para el combustible<\/span><\/div>\n\t\t\t\t\t\t\t\t\t\t\t\t<h3 class=\"h3\"><a href=\"https:\/\/stp.com\/es\/product\/alto-kilometraje-limpia-inyectores-gasolina\/\" class=\"cover-link card__link\">Alto Kilometraje Limpia Inyectores Gasolina<\/a><\/h3>\n\t\t\t\t\t\t\t\t\t\t<\/div>\n\t\t\t\t\t\t\t\t\t\t\t\t\t\t\t\t\t\t\t<div class=\"card card--product\">\n\t\t\t\t\t\t\t\t\t\t\t<div class=\"card__image card__image--has-rollover\">\n\t\t\t\t\t\t\t\t\t\t\t\t<img decoding=\"async\" src=\"https:\/\/stpcdnimage.imgix.net\/global-media\/wp-content\/uploads\/sites\/6\/product-images\/E301992100_01.png\"  alt=\"Alto Kilometraje Limpia Inyectores Diesel Image 1\" class=\"\" width=\"250\" height=\"250\" \/>\n\t\t\t\t\t\t\t\t\t\t\t\t<div class=\"btn btn--solid rollover\">Ver producto<\/div>\n\t\t\t\t\t\t\t\t\t\t\t<\/div>\n\t\t\t\t\t\t\t\t\t\t\t<div class=\"card__pretitle\"><span class=\"card__category\">Aditivos para el combustible<\/span><\/div>\n\t\t\t\t\t\t\t\t\t\t\t\t<h3 class=\"h3\"><a href=\"https:\/\/stp.com\/es\/product\/alto-kilometraje-limpia-inyectores-diesel\/\" class=\"cover-link card__link\">Alto Kilometraje Limpia Inyectores Diesel<\/a><\/h3>\n\t\t\t\t\t\t\t\t\t\t<\/div>\n\t\t\t\t\t\t\t\t\t\t\t\t\t\t\t\t\t<\/div>\n\t\t\t\t\t\t\t<\/li>\n\t\t\t\t\t\t\t\t\t\t\t<\/ul>\n\t\t\t\t<\/div>\n\t\t\t\t<div class=\"slider__nav\">\n\t\t\t\t\t\t\t\t\t\t<\/div>\n\t\t\t<\/div>\n\t\t<\/div>\n\t<\/div>\n<\/div>\n\t\t\t\t\t\t<\/div>\n\t\t\t\t<\/div>\n\t\t\t\t\t<\/div>\n\t\t\t\t<\/div>\n\t\t\t\t<\/div>\n\t\t","protected":false},"excerpt":{"rendered":"<p>Is your car approaching or over 75,000 miles? If so, then you\u2019ve probably noticed a drop in performance. Time, miles and internal engine friction take their toll. Even your engine\u2019s seals and gaskets can dry out, which can cause leaks. Proper maintenance can help avoid these issues and keep your car in it for the [&hellip;]<\/p>\n","protected":false},"author":1,"featured_media":0,"parent":416,"menu_order":0,"comment_status":"closed","ping_status":"closed","template":"","meta":{"_acf_changed":false,"footnotes":""},"class_list":["post-5845","page","type-page","status-publish","hentry"],"acf":[],"yoast_head":"<!-- This site is optimized with the Yoast SEO plugin v27.4 - https:\/\/yoast.com\/product\/yoast-seo-wordpress\/ -->\n<title>Mantenimiento de veh\u00edculos de alto kilometraje - STP ES<\/title>\n<meta name=\"robots\" content=\"index, follow, max-snippet:-1, max-image-preview:large, max-video-preview:-1\" \/>\n<link rel=\"canonical\" href=\"https:\/\/stp.com\/es\/solucionador-de-problemas\/mantenimiento-de-vehiculos-de-alto-kilometraje\/\" \/>\n<meta property=\"og:locale\" content=\"en_US\" \/>\n<meta property=\"og:type\" content=\"article\" \/>\n<meta property=\"og:title\" content=\"Mantenimiento de veh\u00edculos de alto kilometraje - STP ES\" \/>\n<meta property=\"og:description\" content=\"Is your car approaching or over 75,000 miles? If so, then you\u2019ve probably noticed a drop in performance. Time, miles and internal engine friction take their toll. Even your engine\u2019s seals and gaskets can dry out, which can cause leaks. Proper maintenance can help avoid these issues and keep your car in it for the [&hellip;]\" \/>\n<meta property=\"og:url\" content=\"https:\/\/stp.com\/es\/solucionador-de-problemas\/mantenimiento-de-vehiculos-de-alto-kilometraje\/\" \/>\n<meta property=\"og:site_name\" content=\"STP ES\" \/>\n<meta property=\"article:modified_time\" content=\"2025-05-26T11:17:14+00:00\" \/>\n<meta property=\"og:image\" content=\"https:\/\/stp.com\/es\/wp-content\/uploads\/sites\/16\/2025\/04\/HighMilageCrop-scaled-1.avif\" \/>\n<meta name=\"twitter:card\" content=\"summary_large_image\" \/>\n<meta name=\"twitter:label1\" content=\"Est. reading time\" \/>\n\t<meta name=\"twitter:data1\" content=\"1 minute\" \/>\n<script type=\"application\/ld+json\" class=\"yoast-schema-graph\">{\"@context\":\"https:\\\/\\\/schema.org\",\"@graph\":[{\"@type\":\"WebPage\",\"@id\":\"https:\\\/\\\/stp.com\\\/es\\\/solucionador-de-problemas\\\/mantenimiento-de-vehiculos-de-alto-kilometraje\\\/\",\"url\":\"https:\\\/\\\/stp.com\\\/es\\\/solucionador-de-problemas\\\/mantenimiento-de-vehiculos-de-alto-kilometraje\\\/\",\"name\":\"Mantenimiento de veh\u00edculos de alto kilometraje - STP ES\",\"isPartOf\":{\"@id\":\"https:\\\/\\\/stp.com\\\/es\\\/#website\"},\"primaryImageOfPage\":{\"@id\":\"https:\\\/\\\/stp.com\\\/es\\\/solucionador-de-problemas\\\/mantenimiento-de-vehiculos-de-alto-kilometraje\\\/#primaryimage\"},\"image\":{\"@id\":\"https:\\\/\\\/stp.com\\\/es\\\/solucionador-de-problemas\\\/mantenimiento-de-vehiculos-de-alto-kilometraje\\\/#primaryimage\"},\"thumbnailUrl\":\"https:\\\/\\\/stp.com\\\/es\\\/wp-content\\\/uploads\\\/sites\\\/16\\\/2025\\\/04\\\/HighMilageCrop-scaled-1.avif\",\"datePublished\":\"2025-04-04T13:42:11+00:00\",\"dateModified\":\"2025-05-26T11:17:14+00:00\",\"breadcrumb\":{\"@id\":\"https:\\\/\\\/stp.com\\\/es\\\/solucionador-de-problemas\\\/mantenimiento-de-vehiculos-de-alto-kilometraje\\\/#breadcrumb\"},\"inLanguage\":\"en-US\",\"potentialAction\":[{\"@type\":\"ReadAction\",\"target\":[\"https:\\\/\\\/stp.com\\\/es\\\/solucionador-de-problemas\\\/mantenimiento-de-vehiculos-de-alto-kilometraje\\\/\"]}]},{\"@type\":\"ImageObject\",\"inLanguage\":\"en-US\",\"@id\":\"https:\\\/\\\/stp.com\\\/es\\\/solucionador-de-problemas\\\/mantenimiento-de-vehiculos-de-alto-kilometraje\\\/#primaryimage\",\"url\":\"https:\\\/\\\/stpcdnimage.imgix.net\\\/wp-content\\\/uploads\\\/sites\\\/16\\\/2025\\\/04\\\/HighMilageCrop-scaled-1.avif\",\"contentUrl\":\"https:\\\/\\\/stpcdnimage.imgix.net\\\/wp-content\\\/uploads\\\/sites\\\/16\\\/2025\\\/04\\\/HighMilageCrop-scaled-1.avif\",\"width\":2560,\"height\":1450},{\"@type\":\"BreadcrumbList\",\"@id\":\"https:\\\/\\\/stp.com\\\/es\\\/solucionador-de-problemas\\\/mantenimiento-de-vehiculos-de-alto-kilometraje\\\/#breadcrumb\",\"itemListElement\":[{\"@type\":\"ListItem\",\"position\":1,\"name\":\"Home\",\"item\":\"https:\\\/\\\/stp.com\\\/es\\\/\"},{\"@type\":\"ListItem\",\"position\":2,\"name\":\"Solucionador de problemas\",\"item\":\"https:\\\/\\\/stp.com\\\/es\\\/solucionador-de-problemas\\\/\"},{\"@type\":\"ListItem\",\"position\":3,\"name\":\"Mantenimiento de veh\u00edculos de alto kilometraje\"}]},{\"@type\":\"WebSite\",\"@id\":\"https:\\\/\\\/stp.com\\\/es\\\/#website\",\"url\":\"https:\\\/\\\/stp.com\\\/es\\\/\",\"name\":\"STP ES\",\"description\":\"Science. Technology. Performance\",\"potentialAction\":[{\"@type\":\"SearchAction\",\"target\":{\"@type\":\"EntryPoint\",\"urlTemplate\":\"https:\\\/\\\/stp.com\\\/es\\\/?s={search_term_string}\"},\"query-input\":{\"@type\":\"PropertyValueSpecification\",\"valueRequired\":true,\"valueName\":\"search_term_string\"}}],\"inLanguage\":\"en-US\"}]}<\/script>\n<!-- \/ Yoast SEO plugin. -->","yoast_head_json":{"title":"Mantenimiento de veh\u00edculos de alto kilometraje - STP ES","robots":{"index":"index","follow":"follow","max-snippet":"max-snippet:-1","max-image-preview":"max-image-preview:large","max-video-preview":"max-video-preview:-1"},"canonical":"https:\/\/stp.com\/es\/solucionador-de-problemas\/mantenimiento-de-vehiculos-de-alto-kilometraje\/","og_locale":"en_US","og_type":"article","og_title":"Mantenimiento de veh\u00edculos de alto kilometraje - STP ES","og_description":"Is your car approaching or over 75,000 miles? If so, then you\u2019ve probably noticed a drop in performance. Time, miles and internal engine friction take their toll. Even your engine\u2019s seals and gaskets can dry out, which can cause leaks. Proper maintenance can help avoid these issues and keep your car in it for the [&hellip;]","og_url":"https:\/\/stp.com\/es\/solucionador-de-problemas\/mantenimiento-de-vehiculos-de-alto-kilometraje\/","og_site_name":"STP ES","article_modified_time":"2025-05-26T11:17:14+00:00","og_image":[{"url":"https:\/\/stp.com\/es\/wp-content\/uploads\/sites\/16\/2025\/04\/HighMilageCrop-scaled-1.avif","type":"","width":"","height":""}],"twitter_card":"summary_large_image","twitter_misc":{"Est. reading time":"1 minute"},"schema":{"@context":"https:\/\/schema.org","@graph":[{"@type":"WebPage","@id":"https:\/\/stp.com\/es\/solucionador-de-problemas\/mantenimiento-de-vehiculos-de-alto-kilometraje\/","url":"https:\/\/stp.com\/es\/solucionador-de-problemas\/mantenimiento-de-vehiculos-de-alto-kilometraje\/","name":"Mantenimiento de veh\u00edculos de alto kilometraje - STP ES","isPartOf":{"@id":"https:\/\/stp.com\/es\/#website"},"primaryImageOfPage":{"@id":"https:\/\/stp.com\/es\/solucionador-de-problemas\/mantenimiento-de-vehiculos-de-alto-kilometraje\/#primaryimage"},"image":{"@id":"https:\/\/stp.com\/es\/solucionador-de-problemas\/mantenimiento-de-vehiculos-de-alto-kilometraje\/#primaryimage"},"thumbnailUrl":"https:\/\/stp.com\/es\/wp-content\/uploads\/sites\/16\/2025\/04\/HighMilageCrop-scaled-1.avif","datePublished":"2025-04-04T13:42:11+00:00","dateModified":"2025-05-26T11:17:14+00:00","breadcrumb":{"@id":"https:\/\/stp.com\/es\/solucionador-de-problemas\/mantenimiento-de-vehiculos-de-alto-kilometraje\/#breadcrumb"},"inLanguage":"en-US","potentialAction":[{"@type":"ReadAction","target":["https:\/\/stp.com\/es\/solucionador-de-problemas\/mantenimiento-de-vehiculos-de-alto-kilometraje\/"]}]},{"@type":"ImageObject","inLanguage":"en-US","@id":"https:\/\/stp.com\/es\/solucionador-de-problemas\/mantenimiento-de-vehiculos-de-alto-kilometraje\/#primaryimage","url":"https:\/\/stpcdnimage.imgix.net\/wp-content\/uploads\/sites\/16\/2025\/04\/HighMilageCrop-scaled-1.avif","contentUrl":"https:\/\/stpcdnimage.imgix.net\/wp-content\/uploads\/sites\/16\/2025\/04\/HighMilageCrop-scaled-1.avif","width":2560,"height":1450},{"@type":"BreadcrumbList","@id":"https:\/\/stp.com\/es\/solucionador-de-problemas\/mantenimiento-de-vehiculos-de-alto-kilometraje\/#breadcrumb","itemListElement":[{"@type":"ListItem","position":1,"name":"Home","item":"https:\/\/stp.com\/es\/"},{"@type":"ListItem","position":2,"name":"Solucionador de problemas","item":"https:\/\/stp.com\/es\/solucionador-de-problemas\/"},{"@type":"ListItem","position":3,"name":"Mantenimiento de veh\u00edculos de alto kilometraje"}]},{"@type":"WebSite","@id":"https:\/\/stp.com\/es\/#website","url":"https:\/\/stp.com\/es\/","name":"STP ES","description":"Science. Technology. Performance","potentialAction":[{"@type":"SearchAction","target":{"@type":"EntryPoint","urlTemplate":"https:\/\/stp.com\/es\/?s={search_term_string}"},"query-input":{"@type":"PropertyValueSpecification","valueRequired":true,"valueName":"search_term_string"}}],"inLanguage":"en-US"}]}},"_links":{"self":[{"href":"https:\/\/stp.com\/es\/wp-json\/wp\/v2\/pages\/5845","targetHints":{"allow":["GET"]}}],"collection":[{"href":"https:\/\/stp.com\/es\/wp-json\/wp\/v2\/pages"}],"about":[{"href":"https:\/\/stp.com\/es\/wp-json\/wp\/v2\/types\/page"}],"author":[{"embeddable":true,"href":"https:\/\/stp.com\/es\/wp-json\/wp\/v2\/users\/1"}],"replies":[{"embeddable":true,"href":"https:\/\/stp.com\/es\/wp-json\/wp\/v2\/comments?post=5845"}],"version-history":[{"count":10,"href":"https:\/\/stp.com\/es\/wp-json\/wp\/v2\/pages\/5845\/revisions"}],"predecessor-version":[{"id":8056,"href":"https:\/\/stp.com\/es\/wp-json\/wp\/v2\/pages\/5845\/revisions\/8056"}],"up":[{"embeddable":true,"href":"https:\/\/stp.com\/es\/wp-json\/wp\/v2\/pages\/416"}],"wp:attachment":[{"href":"https:\/\/stp.com\/es\/wp-json\/wp\/v2\/media?parent=5845"}],"curies":[{"name":"wp","href":"https:\/\/api.w.org\/{rel}","templated":true}]}}