{"id":5831,"date":"2025-04-04T19:03:14","date_gmt":"2025-04-04T13:33:14","guid":{"rendered":"https:\/\/c38a2c2a6e.nxcli.io\/es\/?page_id=5831"},"modified":"2025-05-26T16:45:46","modified_gmt":"2025-05-26T11:15:46","slug":"perdida-de-rendimiento-y-potencia","status":"publish","type":"page","link":"https:\/\/stp.com\/es\/solucionador-de-problemas\/perdida-de-rendimiento-y-potencia\/","title":{"rendered":"P\u00e9rdida de rendimiento y potencia"},"content":{"rendered":"\t\t<div data-elementor-type=\"wp-page\" data-elementor-id=\"5831\" class=\"elementor elementor-5831\" data-elementor-post-type=\"page\">\n\t\t\t\t<div class=\"elementor-element elementor-element-48974f2 e-flex e-con-boxed e-con e-parent\" data-id=\"48974f2\" data-element_type=\"container\" data-e-type=\"container\" data-settings=\"{&quot;background_background&quot;:&quot;classic&quot;}\">\n\t\t\t\t\t<div class=\"e-con-inner\">\n\t\t\t\t<div class=\"elementor-element elementor-element-6128d91 breadcrumb elementor-widget elementor-widget-breadcrumbs\" data-id=\"6128d91\" data-element_type=\"widget\" data-e-type=\"widget\" data-widget_type=\"breadcrumbs.default\">\n\t\t\t\t<div class=\"elementor-widget-container\">\n\t\t\t\t\t<p id=\"breadcrumbs\"><span><span><a href=\"https:\/\/stp.com\/es\/\">Home<\/a><\/span><\/span><\/p>\t\t\t\t<\/div>\n\t\t\t\t<\/div>\n\t\t<div class=\"elementor-element elementor-element-8815c94 e-con-full e-flex e-con e-child\" data-id=\"8815c94\" data-element_type=\"container\" data-e-type=\"container\">\n\t\t<div class=\"elementor-element elementor-element-c24dee5 e-con-full product__head e-flex e-con e-child\" data-id=\"c24dee5\" data-element_type=\"container\" data-e-type=\"container\">\n\t\t\t\t<\/div>\n\t\t\t\t<\/div>\n\t\t\t\t\t<\/div>\n\t\t\t\t<\/div>\n\t\t<div class=\"elementor-element elementor-element-4f3591f top-red-border e-flex e-con-boxed e-con e-parent\" data-id=\"4f3591f\" data-element_type=\"container\" data-e-type=\"container\" data-settings=\"{&quot;background_background&quot;:&quot;classic&quot;}\">\n\t\t\t\t\t<div class=\"e-con-inner\">\n\t\t<div class=\"elementor-element elementor-element-86313b9 e-con-full e-flex e-con e-child\" data-id=\"86313b9\" data-element_type=\"container\" data-e-type=\"container\">\n\t\t\t\t<div class=\"elementor-element elementor-element-ca7a620 elementor-position-right elementor-vertical-align-middle image-text-section elementor-widget elementor-widget-image-box\" data-id=\"ca7a620\" data-element_type=\"widget\" data-e-type=\"widget\" data-widget_type=\"image-box.default\">\n\t\t\t\t<div class=\"elementor-widget-container\">\n\t\t\t\t\t<div class=\"elementor-image-box-wrapper\"><figure class=\"elementor-image-box-img\"><img fetchpriority=\"high\" decoding=\"async\" width=\"2560\" height=\"1450\" src=\"https:\/\/stpcdnimage.imgix.net\/wp-content\/uploads\/sites\/16\/2025\/04\/Lost-Performance-scaled-1.avif\" class=\"attachment-full size-full wp-image-5841\" alt=\"\" \/><\/figure><div class=\"elementor-image-box-content\"><p class=\"elementor-image-box-description\">\u00bfSu coche ya no arranca tan bien como al principio? \u00bfLe cuesta arrancar, vacila o se cala? \u00bfHa estado conduciendo y ahora no arranca? Uno de los problemas m\u00e1s habituales son los dep\u00f3sitos que se acumulan en el circuito de combustible y restringen el flujo de este. La mayor\u00eda de la gasolina que utilizamos hoy en d\u00eda contiene aproximadamente un 10 % de etanol, y los combustibles mezclados con etanol pueden crear dep\u00f3sitos que obstruyen el circuito de combustible.<\/p><\/div><\/div>\t\t\t\t<\/div>\n\t\t\t\t<\/div>\n\t\t\t\t<\/div>\n\t\t\t\t\t<\/div>\n\t\t\t\t<\/div>\n\t\t<div class=\"elementor-element elementor-element-15789b6 prod-related-container e-flex e-con-boxed e-con e-child\" data-id=\"15789b6\" data-element_type=\"container\" data-e-type=\"container\" data-settings=\"{&quot;background_background&quot;:&quot;classic&quot;}\">\n\t\t\t\t\t<div class=\"e-con-inner\">\n\t\t\t\t<div class=\"elementor-element elementor-element-c9d9376 arm__product-related elementor-widget elementor-widget-shortcode\" data-id=\"c9d9376\" data-element_type=\"widget\" data-e-type=\"widget\" data-widget_type=\"shortcode.default\">\n\t\t\t\t<div class=\"elementor-widget-container\">\n\t\t\t\t\t\t\t<div class=\"elementor-shortcode\">\t<div class=\"product_related\">\n\t\t\t\t\t<div class=\"section-intro section-intro--left\" id=\"anchor-intro-block_\">\n\n\t\t\t\t\t<div class=\"section-intro__content\" id=\"anchor-intro-content_\">\n\t\t\t\t\t\t<div role=\"doc-subtitle\">Mantenga el buen funcionamiento de su veh\u00edculo con:\n<\/div>\n\t\t\t\t\t<\/div>\n\n\t\t\t\t<div class=\"section-intro__button\">\n\t\t\t\t\t\t\t\t\t<\/div>\n\t\t\t<\/div>\n\t\t\t\t<div class=\"building-block\">\n\t\t\t<div class=\"slider slider--listing\" role=\"region\" aria-roledescription=\"carousel\" aria-label=\"Featured product carousel\" data-items-0=\"1\" data-items-500=\"2\" data-items-900=\"3\" data-items-1200=\"4\" data-autoplay=\"false\">\n\t\t\t\t<div class=\"slider__controls\">\n\t\t\t\t\t\t\t\t\t\t\t\t\t\t<\/div>\n\t\t\t\t<div class=\"slider__wrapper\">\n\t\t\t\t\t<ul class=\"slider__panels\" id=\"slider-123\" class=\"carousel-items\" aria-live=\"polite\">\n\t\t\t\t\t\t \t\t\t\t\t\t\t<li class=\"slider__panel\" aria-hidden=\"false\" tabindex=\"-1\" aria-label=\"Slide 1 of 1\">\n\t\t\t\t\t\t\t\t <div class=\"grid grid-cols-4 grid-gutter-md\">\n\t\t\t\t\t\t\t\t\t\t\t\t\t\t\t\t\t\t\t<div class=\"card card--product\">\n\t\t\t\t\t\t\t\t\t\t\t<div class=\"card__image card__image--has-rollover\">\n\t\t\t\t\t\t\t\t\t\t\t\t<img decoding=\"async\" src=\"https:\/\/stpcdnimage.imgix.net\/global-media\/wp-content\/uploads\/sites\/6\/product-images\/E302016200_01.png\"  alt=\"Limpiador del Sistema de Gasolina Image 1\" class=\"\" width=\"250\" height=\"250\" \/>\n\t\t\t\t\t\t\t\t\t\t\t\t<div class=\"btn btn--solid rollover\">Ver producto<\/div>\n\t\t\t\t\t\t\t\t\t\t\t<\/div>\n\t\t\t\t\t\t\t\t\t\t\t<div class=\"card__pretitle\"><span class=\"card__category\">Aditivos para el combustible<\/span><\/div>\n\t\t\t\t\t\t\t\t\t\t\t\t<h3 class=\"h3\"><a href=\"https:\/\/stp.com\/es\/product\/limpiador-del-sistema-de-gasolina\/\" class=\"cover-link card__link\">Limpiador del Sistema de Gasolina<\/a><\/h3>\n\t\t\t\t\t\t\t\t\t\t<\/div>\n\t\t\t\t\t\t\t\t\t\t\t\t\t\t\t\t\t\t\t<div class=\"card card--product\">\n\t\t\t\t\t\t\t\t\t\t\t<div class=\"card__image card__image--has-rollover\">\n\t\t\t\t\t\t\t\t\t\t\t\t<img decoding=\"async\" src=\"https:\/\/stpcdnimage.imgix.net\/global-media\/wp-content\/uploads\/sites\/6\/product-images\/E301993300_01.png\"  alt=\"Limpiador Completo del Sistema de Alimentaci\u00f3n &#8211; Gasolina Image 1\" class=\"\" width=\"250\" height=\"250\" \/>\n\t\t\t\t\t\t\t\t\t\t\t\t<div class=\"btn btn--solid rollover\">Ver producto<\/div>\n\t\t\t\t\t\t\t\t\t\t\t<\/div>\n\t\t\t\t\t\t\t\t\t\t\t<div class=\"card__pretitle\"><span class=\"card__category\">Aditivos para el combustible<\/span><\/div>\n\t\t\t\t\t\t\t\t\t\t\t\t<h3 class=\"h3\"><a href=\"https:\/\/stp.com\/es\/product\/limpiador-completo-del-sistema-de-alimentacion-gasolina\/\" class=\"cover-link card__link\">Limpiador Completo del Sistema de Alimentaci\u00f3n &#8211; Gasolina<\/a><\/h3>\n\t\t\t\t\t\t\t\t\t\t<\/div>\n\t\t\t\t\t\t\t\t\t\t\t\t\t\t\t\t\t\t\t<div class=\"card card--product\">\n\t\t\t\t\t\t\t\t\t\t\t<div class=\"card__image card__image--has-rollover\">\n\t\t\t\t\t\t\t\t\t\t\t\t<img loading=\"lazy\" decoding=\"async\" src=\"https:\/\/stpcdnimage.imgix.net\/global-media\/wp-content\/uploads\/sites\/6\/product-images\/E302017100_01.png\"  alt=\"Limpiador del Sistema de Di\u00e9sel Image 1\" class=\"\" width=\"250\" height=\"250\" \/>\n\t\t\t\t\t\t\t\t\t\t\t\t<div class=\"btn btn--solid rollover\">Ver producto<\/div>\n\t\t\t\t\t\t\t\t\t\t\t<\/div>\n\t\t\t\t\t\t\t\t\t\t\t<div class=\"card__pretitle\"><span class=\"card__category\">Aditivos para el combustible<\/span><\/div>\n\t\t\t\t\t\t\t\t\t\t\t\t<h3 class=\"h3\"><a href=\"https:\/\/stp.com\/es\/product\/limpiador-del-sistema-de-diesel\/\" class=\"cover-link card__link\">Limpiador del Sistema de Di\u00e9sel<\/a><\/h3>\n\t\t\t\t\t\t\t\t\t\t<\/div>\n\t\t\t\t\t\t\t\t\t\t\t\t\t\t\t\t\t\t\t<div class=\"card card--product\">\n\t\t\t\t\t\t\t\t\t\t\t<div class=\"card__image card__image--has-rollover\">\n\t\t\t\t\t\t\t\t\t\t\t\t<img loading=\"lazy\" decoding=\"async\" src=\"https:\/\/stpcdnimage.imgix.net\/global-media\/wp-content\/uploads\/sites\/6\/product-images\/E302007300_01.png\"  alt=\"Limpiador Completo del Sistema de Alimentaci\u00f3n \u2013 Diesel Image 1\" class=\"\" width=\"250\" height=\"250\" \/>\n\t\t\t\t\t\t\t\t\t\t\t\t<div class=\"btn btn--solid rollover\">Ver producto<\/div>\n\t\t\t\t\t\t\t\t\t\t\t<\/div>\n\t\t\t\t\t\t\t\t\t\t\t<div class=\"card__pretitle\"><span class=\"card__category\">Aditivos para el combustible<\/span><\/div>\n\t\t\t\t\t\t\t\t\t\t\t\t<h3 class=\"h3\"><a href=\"https:\/\/stp.com\/es\/product\/limpiador-completo-del-sistema-de-alimentacion-diesel\/\" class=\"cover-link card__link\">Limpiador Completo del Sistema de Alimentaci\u00f3n \u2013 Diesel<\/a><\/h3>\n\t\t\t\t\t\t\t\t\t\t<\/div>\n\t\t\t\t\t\t\t\t\t\t\t\t\t\t\t\t\t<\/div>\n\t\t\t\t\t\t\t<\/li>\n\t\t\t\t\t\t\t\t\t\t\t<\/ul>\n\t\t\t\t<\/div>\n\t\t\t\t<div class=\"slider__nav\">\n\t\t\t\t\t\t\t\t\t\t<\/div>\n\t\t\t<\/div>\n\t\t<\/div>\n\t<\/div>\n<\/div>\n\t\t\t\t\t\t<\/div>\n\t\t\t\t<\/div>\n\t\t\t\t\t<\/div>\n\t\t\t\t<\/div>\n\t\t\t\t<\/div>\n\t\t","protected":false},"excerpt":{"rendered":"<p>Is your car\u2019s get-up-and-go a distant memory? Is it hard to start, hesitating and\/or stalling? Have you been out driving and now it just won\u2019t start? One of the most common issues are deposits that accumulate in your fuel system and restrict fuel flow. There is roughly 10% ethanol in most of the gas we [&hellip;]<\/p>\n","protected":false},"author":1,"featured_media":0,"parent":416,"menu_order":0,"comment_status":"closed","ping_status":"closed","template":"","meta":{"_acf_changed":false,"footnotes":""},"class_list":["post-5831","page","type-page","status-publish","hentry"],"acf":[],"yoast_head":"<!-- This site is optimized with the Yoast SEO plugin v27.4 - https:\/\/yoast.com\/product\/yoast-seo-wordpress\/ -->\n<title>P\u00e9rdida de rendimiento y potencia - STP ES<\/title>\n<meta name=\"robots\" content=\"index, follow, max-snippet:-1, max-image-preview:large, max-video-preview:-1\" \/>\n<link rel=\"canonical\" href=\"https:\/\/stp.com\/es\/solucionador-de-problemas\/perdida-de-rendimiento-y-potencia\/\" \/>\n<meta property=\"og:locale\" content=\"en_US\" \/>\n<meta property=\"og:type\" content=\"article\" \/>\n<meta property=\"og:title\" content=\"P\u00e9rdida de rendimiento y potencia - STP ES\" \/>\n<meta property=\"og:description\" content=\"Is your car\u2019s get-up-and-go a distant memory? Is it hard to start, hesitating and\/or stalling? Have you been out driving and now it just won\u2019t start? One of the most common issues are deposits that accumulate in your fuel system and restrict fuel flow. There is roughly 10% ethanol in most of the gas we [&hellip;]\" \/>\n<meta property=\"og:url\" content=\"https:\/\/stp.com\/es\/solucionador-de-problemas\/perdida-de-rendimiento-y-potencia\/\" \/>\n<meta property=\"og:site_name\" content=\"STP ES\" \/>\n<meta property=\"article:modified_time\" content=\"2025-05-26T11:15:46+00:00\" \/>\n<meta property=\"og:image\" content=\"https:\/\/stp.com\/es\/wp-content\/uploads\/sites\/16\/2025\/04\/Lost-Performance-scaled-1.avif\" \/>\n<meta name=\"twitter:card\" content=\"summary_large_image\" \/>\n<meta name=\"twitter:label1\" content=\"Est. reading time\" \/>\n\t<meta name=\"twitter:data1\" content=\"1 minute\" \/>\n<script type=\"application\/ld+json\" class=\"yoast-schema-graph\">{\"@context\":\"https:\\\/\\\/schema.org\",\"@graph\":[{\"@type\":\"WebPage\",\"@id\":\"https:\\\/\\\/stp.com\\\/es\\\/solucionador-de-problemas\\\/perdida-de-rendimiento-y-potencia\\\/\",\"url\":\"https:\\\/\\\/stp.com\\\/es\\\/solucionador-de-problemas\\\/perdida-de-rendimiento-y-potencia\\\/\",\"name\":\"P\u00e9rdida de rendimiento y potencia - STP ES\",\"isPartOf\":{\"@id\":\"https:\\\/\\\/stp.com\\\/es\\\/#website\"},\"primaryImageOfPage\":{\"@id\":\"https:\\\/\\\/stp.com\\\/es\\\/solucionador-de-problemas\\\/perdida-de-rendimiento-y-potencia\\\/#primaryimage\"},\"image\":{\"@id\":\"https:\\\/\\\/stp.com\\\/es\\\/solucionador-de-problemas\\\/perdida-de-rendimiento-y-potencia\\\/#primaryimage\"},\"thumbnailUrl\":\"https:\\\/\\\/stp.com\\\/es\\\/wp-content\\\/uploads\\\/sites\\\/16\\\/2025\\\/04\\\/Lost-Performance-scaled-1.avif\",\"datePublished\":\"2025-04-04T13:33:14+00:00\",\"dateModified\":\"2025-05-26T11:15:46+00:00\",\"breadcrumb\":{\"@id\":\"https:\\\/\\\/stp.com\\\/es\\\/solucionador-de-problemas\\\/perdida-de-rendimiento-y-potencia\\\/#breadcrumb\"},\"inLanguage\":\"en-US\",\"potentialAction\":[{\"@type\":\"ReadAction\",\"target\":[\"https:\\\/\\\/stp.com\\\/es\\\/solucionador-de-problemas\\\/perdida-de-rendimiento-y-potencia\\\/\"]}]},{\"@type\":\"ImageObject\",\"inLanguage\":\"en-US\",\"@id\":\"https:\\\/\\\/stp.com\\\/es\\\/solucionador-de-problemas\\\/perdida-de-rendimiento-y-potencia\\\/#primaryimage\",\"url\":\"https:\\\/\\\/stpcdnimage.imgix.net\\\/wp-content\\\/uploads\\\/sites\\\/16\\\/2025\\\/04\\\/Lost-Performance-scaled-1.avif\",\"contentUrl\":\"https:\\\/\\\/stpcdnimage.imgix.net\\\/wp-content\\\/uploads\\\/sites\\\/16\\\/2025\\\/04\\\/Lost-Performance-scaled-1.avif\",\"width\":2560,\"height\":1450},{\"@type\":\"BreadcrumbList\",\"@id\":\"https:\\\/\\\/stp.com\\\/es\\\/solucionador-de-problemas\\\/perdida-de-rendimiento-y-potencia\\\/#breadcrumb\",\"itemListElement\":[{\"@type\":\"ListItem\",\"position\":1,\"name\":\"Home\",\"item\":\"https:\\\/\\\/stp.com\\\/es\\\/\"},{\"@type\":\"ListItem\",\"position\":2,\"name\":\"Solucionador de problemas\",\"item\":\"https:\\\/\\\/stp.com\\\/es\\\/solucionador-de-problemas\\\/\"},{\"@type\":\"ListItem\",\"position\":3,\"name\":\"P\u00e9rdida de rendimiento y potencia\"}]},{\"@type\":\"WebSite\",\"@id\":\"https:\\\/\\\/stp.com\\\/es\\\/#website\",\"url\":\"https:\\\/\\\/stp.com\\\/es\\\/\",\"name\":\"STP ES\",\"description\":\"Science. Technology. Performance\",\"potentialAction\":[{\"@type\":\"SearchAction\",\"target\":{\"@type\":\"EntryPoint\",\"urlTemplate\":\"https:\\\/\\\/stp.com\\\/es\\\/?s={search_term_string}\"},\"query-input\":{\"@type\":\"PropertyValueSpecification\",\"valueRequired\":true,\"valueName\":\"search_term_string\"}}],\"inLanguage\":\"en-US\"}]}<\/script>\n<!-- \/ Yoast SEO plugin. -->","yoast_head_json":{"title":"P\u00e9rdida de rendimiento y potencia - STP ES","robots":{"index":"index","follow":"follow","max-snippet":"max-snippet:-1","max-image-preview":"max-image-preview:large","max-video-preview":"max-video-preview:-1"},"canonical":"https:\/\/stp.com\/es\/solucionador-de-problemas\/perdida-de-rendimiento-y-potencia\/","og_locale":"en_US","og_type":"article","og_title":"P\u00e9rdida de rendimiento y potencia - STP ES","og_description":"Is your car\u2019s get-up-and-go a distant memory? Is it hard to start, hesitating and\/or stalling? Have you been out driving and now it just won\u2019t start? One of the most common issues are deposits that accumulate in your fuel system and restrict fuel flow. There is roughly 10% ethanol in most of the gas we [&hellip;]","og_url":"https:\/\/stp.com\/es\/solucionador-de-problemas\/perdida-de-rendimiento-y-potencia\/","og_site_name":"STP ES","article_modified_time":"2025-05-26T11:15:46+00:00","og_image":[{"url":"https:\/\/stp.com\/es\/wp-content\/uploads\/sites\/16\/2025\/04\/Lost-Performance-scaled-1.avif","type":"","width":"","height":""}],"twitter_card":"summary_large_image","twitter_misc":{"Est. reading time":"1 minute"},"schema":{"@context":"https:\/\/schema.org","@graph":[{"@type":"WebPage","@id":"https:\/\/stp.com\/es\/solucionador-de-problemas\/perdida-de-rendimiento-y-potencia\/","url":"https:\/\/stp.com\/es\/solucionador-de-problemas\/perdida-de-rendimiento-y-potencia\/","name":"P\u00e9rdida de rendimiento y potencia - STP ES","isPartOf":{"@id":"https:\/\/stp.com\/es\/#website"},"primaryImageOfPage":{"@id":"https:\/\/stp.com\/es\/solucionador-de-problemas\/perdida-de-rendimiento-y-potencia\/#primaryimage"},"image":{"@id":"https:\/\/stp.com\/es\/solucionador-de-problemas\/perdida-de-rendimiento-y-potencia\/#primaryimage"},"thumbnailUrl":"https:\/\/stp.com\/es\/wp-content\/uploads\/sites\/16\/2025\/04\/Lost-Performance-scaled-1.avif","datePublished":"2025-04-04T13:33:14+00:00","dateModified":"2025-05-26T11:15:46+00:00","breadcrumb":{"@id":"https:\/\/stp.com\/es\/solucionador-de-problemas\/perdida-de-rendimiento-y-potencia\/#breadcrumb"},"inLanguage":"en-US","potentialAction":[{"@type":"ReadAction","target":["https:\/\/stp.com\/es\/solucionador-de-problemas\/perdida-de-rendimiento-y-potencia\/"]}]},{"@type":"ImageObject","inLanguage":"en-US","@id":"https:\/\/stp.com\/es\/solucionador-de-problemas\/perdida-de-rendimiento-y-potencia\/#primaryimage","url":"https:\/\/stpcdnimage.imgix.net\/wp-content\/uploads\/sites\/16\/2025\/04\/Lost-Performance-scaled-1.avif","contentUrl":"https:\/\/stpcdnimage.imgix.net\/wp-content\/uploads\/sites\/16\/2025\/04\/Lost-Performance-scaled-1.avif","width":2560,"height":1450},{"@type":"BreadcrumbList","@id":"https:\/\/stp.com\/es\/solucionador-de-problemas\/perdida-de-rendimiento-y-potencia\/#breadcrumb","itemListElement":[{"@type":"ListItem","position":1,"name":"Home","item":"https:\/\/stp.com\/es\/"},{"@type":"ListItem","position":2,"name":"Solucionador de problemas","item":"https:\/\/stp.com\/es\/solucionador-de-problemas\/"},{"@type":"ListItem","position":3,"name":"P\u00e9rdida de rendimiento y potencia"}]},{"@type":"WebSite","@id":"https:\/\/stp.com\/es\/#website","url":"https:\/\/stp.com\/es\/","name":"STP ES","description":"Science. Technology. Performance","potentialAction":[{"@type":"SearchAction","target":{"@type":"EntryPoint","urlTemplate":"https:\/\/stp.com\/es\/?s={search_term_string}"},"query-input":{"@type":"PropertyValueSpecification","valueRequired":true,"valueName":"search_term_string"}}],"inLanguage":"en-US"}]}},"_links":{"self":[{"href":"https:\/\/stp.com\/es\/wp-json\/wp\/v2\/pages\/5831","targetHints":{"allow":["GET"]}}],"collection":[{"href":"https:\/\/stp.com\/es\/wp-json\/wp\/v2\/pages"}],"about":[{"href":"https:\/\/stp.com\/es\/wp-json\/wp\/v2\/types\/page"}],"author":[{"embeddable":true,"href":"https:\/\/stp.com\/es\/wp-json\/wp\/v2\/users\/1"}],"replies":[{"embeddable":true,"href":"https:\/\/stp.com\/es\/wp-json\/wp\/v2\/comments?post=5831"}],"version-history":[{"count":13,"href":"https:\/\/stp.com\/es\/wp-json\/wp\/v2\/pages\/5831\/revisions"}],"predecessor-version":[{"id":8052,"href":"https:\/\/stp.com\/es\/wp-json\/wp\/v2\/pages\/5831\/revisions\/8052"}],"up":[{"embeddable":true,"href":"https:\/\/stp.com\/es\/wp-json\/wp\/v2\/pages\/416"}],"wp:attachment":[{"href":"https:\/\/stp.com\/es\/wp-json\/wp\/v2\/media?parent=5831"}],"curies":[{"name":"wp","href":"https:\/\/api.w.org\/{rel}","templated":true}]}}