{"id":5782,"date":"2025-04-04T18:41:10","date_gmt":"2025-04-04T13:11:10","guid":{"rendered":"https:\/\/c38a2c2a6e.nxcli.io\/es\/?page_id=5782"},"modified":"2025-05-26T16:43:34","modified_gmt":"2025-05-26T11:13:34","slug":"reduccion-del-ahorro-de-combustible","status":"publish","type":"page","link":"https:\/\/stp.com\/es\/solucionador-de-problemas\/reduccion-del-ahorro-de-combustible\/","title":{"rendered":"Reducci\u00f3n del ahorro de combustible"},"content":{"rendered":"\t\t<div data-elementor-type=\"wp-page\" data-elementor-id=\"5782\" class=\"elementor elementor-5782\" data-elementor-post-type=\"page\">\n\t\t\t\t<div class=\"elementor-element elementor-element-587e2ac e-flex e-con-boxed e-con e-parent\" data-id=\"587e2ac\" data-element_type=\"container\" data-e-type=\"container\" data-settings=\"{&quot;background_background&quot;:&quot;classic&quot;}\">\n\t\t\t\t\t<div class=\"e-con-inner\">\n\t\t\t\t<div class=\"elementor-element elementor-element-2d4470c breadcrumb elementor-widget elementor-widget-breadcrumbs\" data-id=\"2d4470c\" data-element_type=\"widget\" data-e-type=\"widget\" data-widget_type=\"breadcrumbs.default\">\n\t\t\t\t<div class=\"elementor-widget-container\">\n\t\t\t\t\t<p id=\"breadcrumbs\"><span><span><a href=\"https:\/\/stp.com\/es\/\">Home<\/a><\/span><\/span><\/p>\t\t\t\t<\/div>\n\t\t\t\t<\/div>\n\t\t<div class=\"elementor-element elementor-element-6d15aa3 e-con-full e-flex e-con e-child\" data-id=\"6d15aa3\" data-element_type=\"container\" data-e-type=\"container\">\n\t\t<div class=\"elementor-element elementor-element-3551f2e e-con-full product__head e-flex e-con e-child\" data-id=\"3551f2e\" data-element_type=\"container\" data-e-type=\"container\">\n\t\t\t\t<\/div>\n\t\t\t\t<\/div>\n\t\t\t\t\t<\/div>\n\t\t\t\t<\/div>\n\t\t<div class=\"elementor-element elementor-element-ab0a69c top-red-border e-flex e-con-boxed e-con e-parent\" data-id=\"ab0a69c\" data-element_type=\"container\" data-e-type=\"container\" data-settings=\"{&quot;background_background&quot;:&quot;classic&quot;}\">\n\t\t\t\t\t<div class=\"e-con-inner\">\n\t\t<div class=\"elementor-element elementor-element-5206de0 e-con-full e-flex e-con e-child\" data-id=\"5206de0\" data-element_type=\"container\" data-e-type=\"container\">\n\t\t\t\t<div class=\"elementor-element elementor-element-e258623 elementor-position-right elementor-vertical-align-middle image-text-section elementor-widget elementor-widget-image-box\" data-id=\"e258623\" data-element_type=\"widget\" data-e-type=\"widget\" data-widget_type=\"image-box.default\">\n\t\t\t\t<div class=\"elementor-widget-container\">\n\t\t\t\t\t<div class=\"elementor-image-box-wrapper\"><figure class=\"elementor-image-box-img\"><img fetchpriority=\"high\" decoding=\"async\" width=\"1920\" height=\"1080\" src=\"https:\/\/stpcdnimage.imgix.net\/es\/wp-content\/uploads\/sites\/16\/2025\/05\/Lost-Performance-Photo-11-resized.png?auto=format%2Ccompress\" class=\"attachment-full size-full wp-image-8006\" alt=\"\" srcset=\"https:\/\/stpcdnimage.imgix.net\/es\/wp-content\/uploads\/sites\/16\/2025\/05\/Lost-Performance-Photo-11-resized.png?w=1920 1920w, https:\/\/stpcdnimage.imgix.net\/es\/wp-content\/uploads\/sites\/16\/2025\/05\/Lost-Performance-Photo-11-resized.png?w=300 300w, https:\/\/stpcdnimage.imgix.net\/es\/wp-content\/uploads\/sites\/16\/2025\/05\/Lost-Performance-Photo-11-resized.png?w=1024 1024w, https:\/\/stpcdnimage.imgix.net\/es\/wp-content\/uploads\/sites\/16\/2025\/05\/Lost-Performance-Photo-11-resized.png?w=768 768w, https:\/\/stpcdnimage.imgix.net\/es\/wp-content\/uploads\/sites\/16\/2025\/05\/Lost-Performance-Photo-11-resized.png?w=1536 1536w\" sizes=\"(max-width: 1920px) 100vw, 1920px\" \/><\/figure><div class=\"elementor-image-box-content\"><p class=\"elementor-image-box-description\">\u00bfSe pregunta por qu\u00e9 su coche no recorre tantos kil\u00f3metros como antes con el mismo combustible? Puede haber dep\u00f3sitos que obstruyan el sistema de admisi\u00f3n de combustible. Estos dep\u00f3sitos har\u00e1n que su motor \u201ctrabaje m\u00e1s\u201d para obtener combustible, lo que a su vez perjudicar\u00e1 el rendimiento y la duraci\u00f3n de la gasolina. Mejore el kilometraje de la gasolina con nuestros productos, incluidos tratamientos y limpiadores.<\/p><\/div><\/div>\t\t\t\t<\/div>\n\t\t\t\t<\/div>\n\t\t\t\t<\/div>\n\t\t\t\t\t<\/div>\n\t\t\t\t<\/div>\n\t\t<div class=\"elementor-element elementor-element-5ddb710 prod-related-container e-flex e-con-boxed e-con e-child\" data-id=\"5ddb710\" data-element_type=\"container\" data-e-type=\"container\" data-settings=\"{&quot;background_background&quot;:&quot;classic&quot;}\">\n\t\t\t\t\t<div class=\"e-con-inner\">\n\t\t\t\t<div class=\"elementor-element elementor-element-f1b2e92 arm__product-related elementor-widget elementor-widget-shortcode\" data-id=\"f1b2e92\" data-element_type=\"widget\" data-e-type=\"widget\" data-widget_type=\"shortcode.default\">\n\t\t\t\t<div class=\"elementor-widget-container\">\n\t\t\t\t\t\t\t<div class=\"elementor-shortcode\">\t<div class=\"product_related\">\n\t\t\t\t\t<div class=\"section-intro section-intro--left\" id=\"anchor-intro-block_\">\n\n\t\t\t\t\t<div class=\"section-intro__content\" id=\"anchor-intro-content_\">\n\t\t\t\t\t\t<div role=\"doc-subtitle\">Mejorar la calidad de la gasolina con:<\/div>\n\t\t\t\t\t<\/div>\n\n\t\t\t\t<div class=\"section-intro__button\">\n\t\t\t\t\t\t\t\t\t<\/div>\n\t\t\t<\/div>\n\t\t\t\t<div class=\"building-block\">\n\t\t\t<div class=\"slider slider--listing\" role=\"region\" aria-roledescription=\"carousel\" aria-label=\"Featured product carousel\" data-items-0=\"1\" data-items-500=\"2\" data-items-900=\"3\" data-items-1200=\"4\" data-autoplay=\"false\">\n\t\t\t\t<div class=\"slider__controls\">\n\t\t\t\t\t\t\t\t\t\t\t\t\t\t<\/div>\n\t\t\t\t<div class=\"slider__wrapper\">\n\t\t\t\t\t<ul class=\"slider__panels\" id=\"slider-123\" class=\"carousel-items\" aria-live=\"polite\">\n\t\t\t\t\t\t \t\t\t\t\t\t\t<li class=\"slider__panel\" aria-hidden=\"false\" tabindex=\"-1\" aria-label=\"Slide 1 of 1\">\n\t\t\t\t\t\t\t\t <div class=\"grid grid-cols-4 grid-gutter-md\">\n\t\t\t\t\t\t\t\t\t\t\t\t\t\t\t\t\t\t\t<div class=\"card card--product\">\n\t\t\t\t\t\t\t\t\t\t\t<div class=\"card__image card__image--has-rollover\">\n\t\t\t\t\t\t\t\t\t\t\t\t<img decoding=\"async\" src=\"https:\/\/stpcdnimage.imgix.net\/global-media\/wp-content\/uploads\/sites\/6\/product-images\/E301993300_01.png\"  alt=\"Limpiador Completo del Sistema de Alimentaci\u00f3n &#8211; Gasolina Image 1\" class=\"\" width=\"250\" height=\"250\" \/>\n\t\t\t\t\t\t\t\t\t\t\t\t<div class=\"btn btn--solid rollover\">Ver producto<\/div>\n\t\t\t\t\t\t\t\t\t\t\t<\/div>\n\t\t\t\t\t\t\t\t\t\t\t<div class=\"card__pretitle\"><span class=\"card__category\">Aditivos para el combustible<\/span><\/div>\n\t\t\t\t\t\t\t\t\t\t\t\t<h3 class=\"h3\"><a href=\"https:\/\/stp.com\/es\/product\/limpiador-completo-del-sistema-de-alimentacion-gasolina\/\" class=\"cover-link card__link\">Limpiador Completo del Sistema de Alimentaci\u00f3n &#8211; Gasolina<\/a><\/h3>\n\t\t\t\t\t\t\t\t\t\t<\/div>\n\t\t\t\t\t\t\t\t\t\t\t\t\t\t\t\t\t\t\t<div class=\"card card--product\">\n\t\t\t\t\t\t\t\t\t\t\t<div class=\"card__image card__image--has-rollover\">\n\t\t\t\t\t\t\t\t\t\t\t\t<img decoding=\"async\" src=\"https:\/\/stpcdnimage.imgix.net\/global-media\/wp-content\/uploads\/sites\/6\/product-images\/E302007300_01.png\"  alt=\"Limpiador Completo del Sistema de Alimentaci\u00f3n \u2013 Diesel Image 1\" class=\"\" width=\"250\" height=\"250\" \/>\n\t\t\t\t\t\t\t\t\t\t\t\t<div class=\"btn btn--solid rollover\">Ver producto<\/div>\n\t\t\t\t\t\t\t\t\t\t\t<\/div>\n\t\t\t\t\t\t\t\t\t\t\t<div class=\"card__pretitle\"><span class=\"card__category\">Aditivos para el combustible<\/span><\/div>\n\t\t\t\t\t\t\t\t\t\t\t\t<h3 class=\"h3\"><a href=\"https:\/\/stp.com\/es\/product\/limpiador-completo-del-sistema-de-alimentacion-diesel\/\" class=\"cover-link card__link\">Limpiador Completo del Sistema de Alimentaci\u00f3n \u2013 Diesel<\/a><\/h3>\n\t\t\t\t\t\t\t\t\t\t<\/div>\n\t\t\t\t\t\t\t\t\t\t\t\t\t\t\t\t\t\t\t<div class=\"card card--product\">\n\t\t\t\t\t\t\t\t\t\t\t<div class=\"card__image card__image--has-rollover\">\n\t\t\t\t\t\t\t\t\t\t\t\t<img loading=\"lazy\" decoding=\"async\" src=\"https:\/\/stpcdnimage.imgix.net\/global-media\/wp-content\/uploads\/sites\/6\/product-images\/E302016200_01.png\"  alt=\"Limpiador del Sistema de Gasolina Image 1\" class=\"\" width=\"250\" height=\"250\" \/>\n\t\t\t\t\t\t\t\t\t\t\t\t<div class=\"btn btn--solid rollover\">Ver producto<\/div>\n\t\t\t\t\t\t\t\t\t\t\t<\/div>\n\t\t\t\t\t\t\t\t\t\t\t<div class=\"card__pretitle\"><span class=\"card__category\">Aditivos para el combustible<\/span><\/div>\n\t\t\t\t\t\t\t\t\t\t\t\t<h3 class=\"h3\"><a href=\"https:\/\/stp.com\/es\/product\/limpiador-del-sistema-de-gasolina\/\" class=\"cover-link card__link\">Limpiador del Sistema de Gasolina<\/a><\/h3>\n\t\t\t\t\t\t\t\t\t\t<\/div>\n\t\t\t\t\t\t\t\t\t\t\t\t\t\t\t\t\t\t\t<div class=\"card card--product\">\n\t\t\t\t\t\t\t\t\t\t\t<div class=\"card__image card__image--has-rollover\">\n\t\t\t\t\t\t\t\t\t\t\t\t<img loading=\"lazy\" decoding=\"async\" src=\"https:\/\/stpcdnimage.imgix.net\/global-media\/wp-content\/uploads\/sites\/6\/product-images\/E302017100_01.png\"  alt=\"Limpiador del Sistema de Di\u00e9sel Image 1\" class=\"\" width=\"250\" height=\"250\" \/>\n\t\t\t\t\t\t\t\t\t\t\t\t<div class=\"btn btn--solid rollover\">Ver producto<\/div>\n\t\t\t\t\t\t\t\t\t\t\t<\/div>\n\t\t\t\t\t\t\t\t\t\t\t<div class=\"card__pretitle\"><span class=\"card__category\">Aditivos para el combustible<\/span><\/div>\n\t\t\t\t\t\t\t\t\t\t\t\t<h3 class=\"h3\"><a href=\"https:\/\/stp.com\/es\/product\/limpiador-del-sistema-de-diesel\/\" class=\"cover-link card__link\">Limpiador del Sistema de Di\u00e9sel<\/a><\/h3>\n\t\t\t\t\t\t\t\t\t\t<\/div>\n\t\t\t\t\t\t\t\t\t\t\t\t\t\t\t\t\t<\/div>\n\t\t\t\t\t\t\t<\/li>\n\t\t\t\t\t\t\t\t\t\t\t<\/ul>\n\t\t\t\t<\/div>\n\t\t\t\t<div class=\"slider__nav\">\n\t\t\t\t\t\t\t\t\t\t<\/div>\n\t\t\t<\/div>\n\t\t<\/div>\n\t<\/div>\n<\/div>\n\t\t\t\t\t\t<\/div>\n\t\t\t\t<\/div>\n\t\t\t\t\t<\/div>\n\t\t\t\t<\/div>\n\t\t\t\t<\/div>\n\t\t","protected":false},"excerpt":{"rendered":"<p>\u00bfSe pregunta por qu\u00e9 su coche no recorre tantos kil\u00f3metros como antes con el mismo combustible? Puede haber dep\u00f3sitos que obstruyan el sistema de admisi\u00f3n de combustible. Estos dep\u00f3sitos har\u00e1n que su motor \u201ctrabaje m\u00e1s\u201d para obtener combustible, lo que a su vez perjudicar\u00e1 el rendimiento y la duraci\u00f3n de la gasolina. Mejore el kilometraje [&hellip;]<\/p>\n","protected":false},"author":1,"featured_media":0,"parent":416,"menu_order":0,"comment_status":"closed","ping_status":"closed","template":"","meta":{"_acf_changed":false,"footnotes":""},"class_list":["post-5782","page","type-page","status-publish","hentry"],"acf":[],"yoast_head":"<!-- This site is optimized with the Yoast SEO plugin v27.4 - https:\/\/yoast.com\/product\/yoast-seo-wordpress\/ -->\n<title>Reducci\u00f3n del ahorro de combustible - STP ES<\/title>\n<meta name=\"robots\" content=\"index, follow, max-snippet:-1, max-image-preview:large, max-video-preview:-1\" \/>\n<link rel=\"canonical\" href=\"https:\/\/stp.com\/es\/solucionador-de-problemas\/reduccion-del-ahorro-de-combustible\/\" \/>\n<meta property=\"og:locale\" content=\"en_US\" \/>\n<meta property=\"og:type\" content=\"article\" \/>\n<meta property=\"og:title\" content=\"Reducci\u00f3n del ahorro de combustible - STP ES\" \/>\n<meta property=\"og:description\" content=\"\u00bfSe pregunta por qu\u00e9 su coche no recorre tantos kil\u00f3metros como antes con el mismo combustible? Puede haber dep\u00f3sitos que obstruyan el sistema de admisi\u00f3n de combustible. Estos dep\u00f3sitos har\u00e1n que su motor \u201ctrabaje m\u00e1s\u201d para obtener combustible, lo que a su vez perjudicar\u00e1 el rendimiento y la duraci\u00f3n de la gasolina. Mejore el kilometraje [&hellip;]\" \/>\n<meta property=\"og:url\" content=\"https:\/\/stp.com\/es\/solucionador-de-problemas\/reduccion-del-ahorro-de-combustible\/\" \/>\n<meta property=\"og:site_name\" content=\"STP ES\" \/>\n<meta property=\"article:modified_time\" content=\"2025-05-26T11:13:34+00:00\" \/>\n<meta property=\"og:image\" content=\"https:\/\/stp.com\/es\/wp-content\/uploads\/sites\/16\/2025\/05\/Lost-Performance-Photo-11-resized.png\" \/>\n<meta name=\"twitter:card\" content=\"summary_large_image\" \/>\n<meta name=\"twitter:label1\" content=\"Est. reading time\" \/>\n\t<meta name=\"twitter:data1\" content=\"1 minute\" \/>\n<script type=\"application\/ld+json\" class=\"yoast-schema-graph\">{\"@context\":\"https:\\\/\\\/schema.org\",\"@graph\":[{\"@type\":\"WebPage\",\"@id\":\"https:\\\/\\\/stp.com\\\/es\\\/solucionador-de-problemas\\\/reduccion-del-ahorro-de-combustible\\\/\",\"url\":\"https:\\\/\\\/stp.com\\\/es\\\/solucionador-de-problemas\\\/reduccion-del-ahorro-de-combustible\\\/\",\"name\":\"Reducci\u00f3n del ahorro de combustible - STP ES\",\"isPartOf\":{\"@id\":\"https:\\\/\\\/stp.com\\\/es\\\/#website\"},\"primaryImageOfPage\":{\"@id\":\"https:\\\/\\\/stp.com\\\/es\\\/solucionador-de-problemas\\\/reduccion-del-ahorro-de-combustible\\\/#primaryimage\"},\"image\":{\"@id\":\"https:\\\/\\\/stp.com\\\/es\\\/solucionador-de-problemas\\\/reduccion-del-ahorro-de-combustible\\\/#primaryimage\"},\"thumbnailUrl\":\"https:\\\/\\\/stp.com\\\/es\\\/wp-content\\\/uploads\\\/sites\\\/16\\\/2025\\\/05\\\/Lost-Performance-Photo-11-resized.png\",\"datePublished\":\"2025-04-04T13:11:10+00:00\",\"dateModified\":\"2025-05-26T11:13:34+00:00\",\"breadcrumb\":{\"@id\":\"https:\\\/\\\/stp.com\\\/es\\\/solucionador-de-problemas\\\/reduccion-del-ahorro-de-combustible\\\/#breadcrumb\"},\"inLanguage\":\"en-US\",\"potentialAction\":[{\"@type\":\"ReadAction\",\"target\":[\"https:\\\/\\\/stp.com\\\/es\\\/solucionador-de-problemas\\\/reduccion-del-ahorro-de-combustible\\\/\"]}]},{\"@type\":\"ImageObject\",\"inLanguage\":\"en-US\",\"@id\":\"https:\\\/\\\/stp.com\\\/es\\\/solucionador-de-problemas\\\/reduccion-del-ahorro-de-combustible\\\/#primaryimage\",\"url\":\"https:\\\/\\\/stpcdnimage.imgix.net\\\/es\\\/wp-content\\\/uploads\\\/sites\\\/16\\\/2025\\\/05\\\/Lost-Performance-Photo-11-resized.png?auto=format%2Ccompress\",\"contentUrl\":\"https:\\\/\\\/stpcdnimage.imgix.net\\\/es\\\/wp-content\\\/uploads\\\/sites\\\/16\\\/2025\\\/05\\\/Lost-Performance-Photo-11-resized.png?auto=format%2Ccompress\",\"width\":1920,\"height\":1080},{\"@type\":\"BreadcrumbList\",\"@id\":\"https:\\\/\\\/stp.com\\\/es\\\/solucionador-de-problemas\\\/reduccion-del-ahorro-de-combustible\\\/#breadcrumb\",\"itemListElement\":[{\"@type\":\"ListItem\",\"position\":1,\"name\":\"Home\",\"item\":\"https:\\\/\\\/stp.com\\\/es\\\/\"},{\"@type\":\"ListItem\",\"position\":2,\"name\":\"Solucionador de problemas\",\"item\":\"https:\\\/\\\/stp.com\\\/es\\\/solucionador-de-problemas\\\/\"},{\"@type\":\"ListItem\",\"position\":3,\"name\":\"Reducci\u00f3n del ahorro de combustible\"}]},{\"@type\":\"WebSite\",\"@id\":\"https:\\\/\\\/stp.com\\\/es\\\/#website\",\"url\":\"https:\\\/\\\/stp.com\\\/es\\\/\",\"name\":\"STP ES\",\"description\":\"Science. Technology. Performance\",\"potentialAction\":[{\"@type\":\"SearchAction\",\"target\":{\"@type\":\"EntryPoint\",\"urlTemplate\":\"https:\\\/\\\/stp.com\\\/es\\\/?s={search_term_string}\"},\"query-input\":{\"@type\":\"PropertyValueSpecification\",\"valueRequired\":true,\"valueName\":\"search_term_string\"}}],\"inLanguage\":\"en-US\"}]}<\/script>\n<!-- \/ Yoast SEO plugin. -->","yoast_head_json":{"title":"Reducci\u00f3n del ahorro de combustible - STP ES","robots":{"index":"index","follow":"follow","max-snippet":"max-snippet:-1","max-image-preview":"max-image-preview:large","max-video-preview":"max-video-preview:-1"},"canonical":"https:\/\/stp.com\/es\/solucionador-de-problemas\/reduccion-del-ahorro-de-combustible\/","og_locale":"en_US","og_type":"article","og_title":"Reducci\u00f3n del ahorro de combustible - STP ES","og_description":"\u00bfSe pregunta por qu\u00e9 su coche no recorre tantos kil\u00f3metros como antes con el mismo combustible? Puede haber dep\u00f3sitos que obstruyan el sistema de admisi\u00f3n de combustible. Estos dep\u00f3sitos har\u00e1n que su motor \u201ctrabaje m\u00e1s\u201d para obtener combustible, lo que a su vez perjudicar\u00e1 el rendimiento y la duraci\u00f3n de la gasolina. Mejore el kilometraje [&hellip;]","og_url":"https:\/\/stp.com\/es\/solucionador-de-problemas\/reduccion-del-ahorro-de-combustible\/","og_site_name":"STP ES","article_modified_time":"2025-05-26T11:13:34+00:00","og_image":[{"url":"https:\/\/stp.com\/es\/wp-content\/uploads\/sites\/16\/2025\/05\/Lost-Performance-Photo-11-resized.png","type":"","width":"","height":""}],"twitter_card":"summary_large_image","twitter_misc":{"Est. reading time":"1 minute"},"schema":{"@context":"https:\/\/schema.org","@graph":[{"@type":"WebPage","@id":"https:\/\/stp.com\/es\/solucionador-de-problemas\/reduccion-del-ahorro-de-combustible\/","url":"https:\/\/stp.com\/es\/solucionador-de-problemas\/reduccion-del-ahorro-de-combustible\/","name":"Reducci\u00f3n del ahorro de combustible - STP ES","isPartOf":{"@id":"https:\/\/stp.com\/es\/#website"},"primaryImageOfPage":{"@id":"https:\/\/stp.com\/es\/solucionador-de-problemas\/reduccion-del-ahorro-de-combustible\/#primaryimage"},"image":{"@id":"https:\/\/stp.com\/es\/solucionador-de-problemas\/reduccion-del-ahorro-de-combustible\/#primaryimage"},"thumbnailUrl":"https:\/\/stp.com\/es\/wp-content\/uploads\/sites\/16\/2025\/05\/Lost-Performance-Photo-11-resized.png","datePublished":"2025-04-04T13:11:10+00:00","dateModified":"2025-05-26T11:13:34+00:00","breadcrumb":{"@id":"https:\/\/stp.com\/es\/solucionador-de-problemas\/reduccion-del-ahorro-de-combustible\/#breadcrumb"},"inLanguage":"en-US","potentialAction":[{"@type":"ReadAction","target":["https:\/\/stp.com\/es\/solucionador-de-problemas\/reduccion-del-ahorro-de-combustible\/"]}]},{"@type":"ImageObject","inLanguage":"en-US","@id":"https:\/\/stp.com\/es\/solucionador-de-problemas\/reduccion-del-ahorro-de-combustible\/#primaryimage","url":"https:\/\/stpcdnimage.imgix.net\/es\/wp-content\/uploads\/sites\/16\/2025\/05\/Lost-Performance-Photo-11-resized.png?auto=format%2Ccompress","contentUrl":"https:\/\/stpcdnimage.imgix.net\/es\/wp-content\/uploads\/sites\/16\/2025\/05\/Lost-Performance-Photo-11-resized.png?auto=format%2Ccompress","width":1920,"height":1080},{"@type":"BreadcrumbList","@id":"https:\/\/stp.com\/es\/solucionador-de-problemas\/reduccion-del-ahorro-de-combustible\/#breadcrumb","itemListElement":[{"@type":"ListItem","position":1,"name":"Home","item":"https:\/\/stp.com\/es\/"},{"@type":"ListItem","position":2,"name":"Solucionador de problemas","item":"https:\/\/stp.com\/es\/solucionador-de-problemas\/"},{"@type":"ListItem","position":3,"name":"Reducci\u00f3n del ahorro de combustible"}]},{"@type":"WebSite","@id":"https:\/\/stp.com\/es\/#website","url":"https:\/\/stp.com\/es\/","name":"STP ES","description":"Science. Technology. Performance","potentialAction":[{"@type":"SearchAction","target":{"@type":"EntryPoint","urlTemplate":"https:\/\/stp.com\/es\/?s={search_term_string}"},"query-input":{"@type":"PropertyValueSpecification","valueRequired":true,"valueName":"search_term_string"}}],"inLanguage":"en-US"}]}},"_links":{"self":[{"href":"https:\/\/stp.com\/es\/wp-json\/wp\/v2\/pages\/5782","targetHints":{"allow":["GET"]}}],"collection":[{"href":"https:\/\/stp.com\/es\/wp-json\/wp\/v2\/pages"}],"about":[{"href":"https:\/\/stp.com\/es\/wp-json\/wp\/v2\/types\/page"}],"author":[{"embeddable":true,"href":"https:\/\/stp.com\/es\/wp-json\/wp\/v2\/users\/1"}],"replies":[{"embeddable":true,"href":"https:\/\/stp.com\/es\/wp-json\/wp\/v2\/comments?post=5782"}],"version-history":[{"count":13,"href":"https:\/\/stp.com\/es\/wp-json\/wp\/v2\/pages\/5782\/revisions"}],"predecessor-version":[{"id":8048,"href":"https:\/\/stp.com\/es\/wp-json\/wp\/v2\/pages\/5782\/revisions\/8048"}],"up":[{"embeddable":true,"href":"https:\/\/stp.com\/es\/wp-json\/wp\/v2\/pages\/416"}],"wp:attachment":[{"href":"https:\/\/stp.com\/es\/wp-json\/wp\/v2\/media?parent=5782"}],"curies":[{"name":"wp","href":"https:\/\/api.w.org\/{rel}","templated":true}]}}