{"id":4271,"date":"2025-04-01T17:50:03","date_gmt":"2025-04-01T12:20:03","guid":{"rendered":"https:\/\/c38a2c2a6e.nxcli.io\/es\/?page_id=4271"},"modified":"2025-07-23T17:13:28","modified_gmt":"2025-07-23T11:43:28","slug":"carreras","status":"publish","type":"page","link":"https:\/\/stp.com\/es\/acerca-de-stp\/carreras\/","title":{"rendered":"Racing &#8211; Carreras"},"content":{"rendered":"\t\t<div data-elementor-type=\"wp-page\" data-elementor-id=\"4271\" class=\"elementor elementor-4271\" data-elementor-post-type=\"page\">\n\t\t\t\t<div class=\"elementor-element elementor-element-4e3e391 e-flex e-con-boxed e-con e-parent\" data-id=\"4e3e391\" data-element_type=\"container\" data-e-type=\"container\" data-settings=\"{&quot;background_background&quot;:&quot;classic&quot;}\">\n\t\t\t\t\t<div class=\"e-con-inner\">\n\t\t\t\t<div class=\"elementor-element elementor-element-3b4c347 breadcrumb elementor-widget elementor-widget-breadcrumbs\" data-id=\"3b4c347\" data-element_type=\"widget\" data-e-type=\"widget\" data-widget_type=\"breadcrumbs.default\">\n\t\t\t\t<div class=\"elementor-widget-container\">\n\t\t\t\t\t<p id=\"breadcrumbs\"><span><span><a href=\"https:\/\/stp.com\/es\/\">Home<\/a><\/span><\/span><\/p>\t\t\t\t<\/div>\n\t\t\t\t<\/div>\n\t\t<div class=\"elementor-element elementor-element-b1db058 e-con-full e-flex e-con e-child\" data-id=\"b1db058\" data-element_type=\"container\" data-e-type=\"container\">\n\t\t<div class=\"elementor-element elementor-element-6f5c93c e-con-full product__head e-flex e-con e-child\" data-id=\"6f5c93c\" data-element_type=\"container\" data-e-type=\"container\">\n\t\t\t\t<div class=\"elementor-element elementor-element-c668cb7 elementor-widget elementor-widget-text-editor\" data-id=\"c668cb7\" data-element_type=\"widget\" data-e-type=\"widget\" data-widget_type=\"text-editor.default\">\n\t\t\t\t<div class=\"elementor-widget-container\">\n\t\t\t\t\t\t\t\t\t<div class=\"col\"><p>Cuando Richard Petty lleg\u00f3 a Victory Lane en el Riverside International Raceway durante la apertura de la temporada de la Copa de 1972, el logotipo de STP\u00ae estaba bien colocado en su coche. A d\u00eda de hoy, estamos orgullosos de seguir ah\u00ed. Descubra m\u00e1s sobre c\u00f3mo STP\u00ae, las carreras y Richard Petty han crecido juntos.<\/p><\/div>\t\t\t\t\t\t\t\t<\/div>\n\t\t\t\t<\/div>\n\t\t\t\t<\/div>\n\t\t\t\t<\/div>\n\t\t\t\t\t<\/div>\n\t\t\t\t<\/div>\n\t\t<div class=\"elementor-element elementor-element-335f1e8 e-con-full e-flex e-con e-parent\" data-id=\"335f1e8\" data-element_type=\"container\" data-e-type=\"container\" data-settings=\"{&quot;background_background&quot;:&quot;classic&quot;}\">\n\t\t<div class=\"elementor-element elementor-element-4652ad3 e-flex e-con-boxed e-con e-child\" data-id=\"4652ad3\" data-element_type=\"container\" data-e-type=\"container\">\n\t\t\t\t\t<div class=\"e-con-inner\">\n\t\t<div class=\"elementor-element elementor-element-7f67c6a e-con-full product-box e-flex e-con e-child\" data-id=\"7f67c6a\" data-element_type=\"container\" data-e-type=\"container\">\n\t\t<div class=\"elementor-element elementor-element-cfce25e e-con-full product-box e-flex e-con e-child\" data-id=\"cfce25e\" data-element_type=\"container\" data-e-type=\"container\" data-settings=\"{&quot;background_background&quot;:&quot;classic&quot;}\">\n\t\t\t\t<div class=\"elementor-element elementor-element-5b7b11d product-box2 elementor-widget-tablet__width-inherit elementor-widget elementor-widget-heading\" data-id=\"5b7b11d\" data-element_type=\"widget\" data-e-type=\"widget\" data-widget_type=\"heading.default\">\n\t\t\t\t<div class=\"elementor-widget-container\">\n\t\t\t\t\t<h3 class=\"elementor-heading-title elementor-size-default\"><a href=\"https:\/\/stp.com\/es\/acerca-de-stp\/carreras\/richard-petty\/\">Richard Petty<\/a><\/h3>\t\t\t\t<\/div>\n\t\t\t\t<\/div>\n\t\t\t\t<div class=\"elementor-element elementor-element-71b4b9c e-transform elementor-widget elementor-widget-image\" data-id=\"71b4b9c\" data-element_type=\"widget\" data-e-type=\"widget\" data-settings=\"{&quot;_transform_scale_effect_hover&quot;:{&quot;unit&quot;:&quot;px&quot;,&quot;size&quot;:0.94999999999999996,&quot;sizes&quot;:[]},&quot;_transform_scale_effect_hover_tablet&quot;:{&quot;unit&quot;:&quot;px&quot;,&quot;size&quot;:&quot;&quot;,&quot;sizes&quot;:[]},&quot;_transform_scale_effect_hover_mobile&quot;:{&quot;unit&quot;:&quot;px&quot;,&quot;size&quot;:&quot;&quot;,&quot;sizes&quot;:[]}}\" data-widget_type=\"image.default\">\n\t\t\t\t<div class=\"elementor-widget-container\">\n\t\t\t\t\t\t\t\t\t\t\t\t\t\t\t\t<a href=\"https:\/\/stp.com\/es\/acerca-de-stp\/carreras\/richard-petty\/\">\n\t\t\t\t\t\t\t<img fetchpriority=\"high\" decoding=\"async\" width=\"2560\" height=\"1708\" src=\"https:\/\/stpcdnimage.imgix.net\/es\/wp-content\/uploads\/sites\/16\/2025\/06\/Richard-Petty-1.jpeg?auto=format%2Ccompress\" class=\"attachment-full size-full wp-image-8331\" alt=\"Richard Petty\" srcset=\"https:\/\/stpcdnimage.imgix.net\/es\/wp-content\/uploads\/sites\/16\/2025\/06\/Richard-Petty-1.jpeg?auto=format%2Ccompress&amp;w=2560 2560w, https:\/\/stpcdnimage.imgix.net\/es\/wp-content\/uploads\/sites\/16\/2025\/06\/Richard-Petty-1.jpeg?auto=format%2Ccompress&amp;w=300 300w, https:\/\/stpcdnimage.imgix.net\/es\/wp-content\/uploads\/sites\/16\/2025\/06\/Richard-Petty-1.jpeg?auto=format%2Ccompress&amp;w=1024 1024w, https:\/\/stpcdnimage.imgix.net\/es\/wp-content\/uploads\/sites\/16\/2025\/06\/Richard-Petty-1.jpeg?auto=format%2Ccompress&amp;w=768 768w, https:\/\/stpcdnimage.imgix.net\/es\/wp-content\/uploads\/sites\/16\/2025\/06\/Richard-Petty-1.jpeg?auto=format%2Ccompress&amp;w=1536 1536w, https:\/\/stpcdnimage.imgix.net\/es\/wp-content\/uploads\/sites\/16\/2025\/06\/Richard-Petty-1.jpeg?auto=format%2Ccompress&amp;w=2048 2048w\" sizes=\"(max-width: 2560px) 100vw, 2560px\" \/>\t\t\t\t\t\t\t\t<\/a>\n\t\t\t\t\t\t\t\t\t\t\t\t\t\t\t<\/div>\n\t\t\t\t<\/div>\n\t\t\t\t<\/div>\n\t\t\t\t<\/div>\n\t\t<div class=\"elementor-element elementor-element-661cde9 e-con-full product-box e-flex e-con e-child\" data-id=\"661cde9\" data-element_type=\"container\" data-e-type=\"container\">\n\t\t<div class=\"elementor-element elementor-element-527f348 e-con-full product-box e-flex e-con e-child\" data-id=\"527f348\" data-element_type=\"container\" data-e-type=\"container\" data-settings=\"{&quot;background_background&quot;:&quot;classic&quot;}\">\n\t\t\t\t<div class=\"elementor-element elementor-element-7f9e609 product-box2 elementor-widget-tablet__width-inherit elementor-widget elementor-widget-heading\" data-id=\"7f9e609\" data-element_type=\"widget\" data-e-type=\"widget\" data-widget_type=\"heading.default\">\n\t\t\t\t<div class=\"elementor-widget-container\">\n\t\t\t\t\t<h3 class=\"elementor-heading-title elementor-size-default\"><a href=\"https:\/\/stp.com\/es\/acerca-de-stp\/carreras\/petty-gms-motorsports\/\">Petty GMS Motorsports<\/a><\/h3>\t\t\t\t<\/div>\n\t\t\t\t<\/div>\n\t\t\t\t<div class=\"elementor-element elementor-element-65ee7a9 e-transform elementor-widget elementor-widget-image\" data-id=\"65ee7a9\" data-element_type=\"widget\" data-e-type=\"widget\" data-settings=\"{&quot;_transform_scale_effect_hover&quot;:{&quot;unit&quot;:&quot;px&quot;,&quot;size&quot;:0.94999999999999996,&quot;sizes&quot;:[]},&quot;_transform_scale_effect_hover_tablet&quot;:{&quot;unit&quot;:&quot;px&quot;,&quot;size&quot;:&quot;&quot;,&quot;sizes&quot;:[]},&quot;_transform_scale_effect_hover_mobile&quot;:{&quot;unit&quot;:&quot;px&quot;,&quot;size&quot;:&quot;&quot;,&quot;sizes&quot;:[]}}\" data-widget_type=\"image.default\">\n\t\t\t\t<div class=\"elementor-widget-container\">\n\t\t\t\t\t\t\t\t\t\t\t\t\t\t\t\t<a href=\"https:\/\/stp.com\/es\/acerca-de-stp\/carreras\/petty-gms-motorsports\/\">\n\t\t\t\t\t\t\t<img decoding=\"async\" width=\"1500\" height=\"1000\" src=\"https:\/\/stpcdnimage.imgix.net\/es\/wp-content\/uploads\/sites\/16\/2025\/05\/Richard-Petty-Motorsports.jpg?auto=format%2Ccompress\" class=\"attachment-full size-full wp-image-7778\" alt=\"Richard-Petty-Motorsports\" srcset=\"https:\/\/stpcdnimage.imgix.net\/es\/wp-content\/uploads\/sites\/16\/2025\/05\/Richard-Petty-Motorsports.jpg?auto=format%2Ccompress&amp;w=1500 1500w, https:\/\/stpcdnimage.imgix.net\/es\/wp-content\/uploads\/sites\/16\/2025\/05\/Richard-Petty-Motorsports.jpg?auto=format%2Ccompress&amp;w=300 300w, https:\/\/stpcdnimage.imgix.net\/es\/wp-content\/uploads\/sites\/16\/2025\/05\/Richard-Petty-Motorsports.jpg?auto=format%2Ccompress&amp;w=1024 1024w, https:\/\/stpcdnimage.imgix.net\/es\/wp-content\/uploads\/sites\/16\/2025\/05\/Richard-Petty-Motorsports.jpg?auto=format%2Ccompress&amp;w=768 768w\" sizes=\"(max-width: 1500px) 100vw, 1500px\" \/>\t\t\t\t\t\t\t\t<\/a>\n\t\t\t\t\t\t\t\t\t\t\t\t\t\t\t<\/div>\n\t\t\t\t<\/div>\n\t\t\t\t<\/div>\n\t\t\t\t<\/div>\n\t\t\t\t\t<\/div>\n\t\t\t\t<\/div>\n\t\t<div class=\"elementor-element elementor-element-3077dda e-flex e-con-boxed e-con e-child\" data-id=\"3077dda\" data-element_type=\"container\" data-e-type=\"container\">\n\t\t\t\t\t<div class=\"e-con-inner\">\n\t\t\t\t<div class=\"elementor-element elementor-element-5589c41 elementor-position-left elementor-vertical-align-middle image-text-section left-image history elementor-widget elementor-widget-image-box\" data-id=\"5589c41\" data-element_type=\"widget\" data-e-type=\"widget\" data-widget_type=\"image-box.default\">\n\t\t\t\t<div class=\"elementor-widget-container\">\n\t\t\t\t\t<div class=\"elementor-image-box-wrapper\"><figure class=\"elementor-image-box-img\"><img decoding=\"async\" width=\"762\" height=\"427\" src=\"https:\/\/stpcdnimage.imgix.net\/es\/wp-content\/uploads\/sites\/16\/2025\/05\/test-history.jpg?auto=format%2Ccompress\" class=\"attachment-full size-full wp-image-7788\" alt=\"\" srcset=\"https:\/\/stpcdnimage.imgix.net\/es\/wp-content\/uploads\/sites\/16\/2025\/05\/test-history.jpg?w=762 762w, https:\/\/stpcdnimage.imgix.net\/es\/wp-content\/uploads\/sites\/16\/2025\/05\/test-history.jpg?w=300 300w\" sizes=\"(max-width: 762px) 100vw, 762px\" \/><\/figure><div class=\"elementor-image-box-content\"><h3 class=\"elementor-image-box-title\">Historia<\/h3><p class=\"elementor-image-box-description\">Conozca la historia de STP, fundada en 1954.\n<p><a class=\"btn\" href=\"https:\/\/stp.com\/es\/acerca-de-stp\/la-historia-de-stp\/\">La historia de STP\u00ae<\/a><\/p><\/p><\/div><\/div>\t\t\t\t<\/div>\n\t\t\t\t<\/div>\n\t\t\t\t\t<\/div>\n\t\t\t\t<\/div>\n\t\t\t\t<\/div>\n\t\t\t\t<\/div>\n\t\t","protected":false},"excerpt":{"rendered":"<p>Cuando Richard Petty lleg\u00f3 a Victory Lane en el Riverside International Raceway durante la apertura de la temporada de la Copa de 1972, el logotipo de STP\u00ae estaba bien colocado en su coche. A d\u00eda de hoy, estamos orgullosos de seguir ah\u00ed. Descubra m\u00e1s sobre c\u00f3mo STP\u00ae, las carreras y Richard Petty han crecido juntos. [&hellip;]<\/p>\n","protected":false},"author":1,"featured_media":0,"parent":4227,"menu_order":0,"comment_status":"closed","ping_status":"closed","template":"","meta":{"_acf_changed":false,"footnotes":""},"class_list":["post-4271","page","type-page","status-publish","hentry"],"acf":[],"yoast_head":"<!-- This site is optimized with the Yoast SEO plugin v27.4 - https:\/\/yoast.com\/product\/yoast-seo-wordpress\/ -->\n<title>Racing - Carreras - STP ES<\/title>\n<meta name=\"robots\" content=\"index, follow, max-snippet:-1, max-image-preview:large, max-video-preview:-1\" \/>\n<link rel=\"canonical\" href=\"https:\/\/stp.com\/es\/acerca-de-stp\/carreras\/\" \/>\n<meta property=\"og:locale\" content=\"en_US\" \/>\n<meta property=\"og:type\" content=\"article\" \/>\n<meta property=\"og:title\" content=\"Racing - Carreras - STP ES\" \/>\n<meta property=\"og:description\" content=\"Cuando Richard Petty lleg\u00f3 a Victory Lane en el Riverside International Raceway durante la apertura de la temporada de la Copa de 1972, el logotipo de STP\u00ae estaba bien colocado en su coche. A d\u00eda de hoy, estamos orgullosos de seguir ah\u00ed. Descubra m\u00e1s sobre c\u00f3mo STP\u00ae, las carreras y Richard Petty han crecido juntos. [&hellip;]\" \/>\n<meta property=\"og:url\" content=\"https:\/\/stp.com\/es\/acerca-de-stp\/carreras\/\" \/>\n<meta property=\"og:site_name\" content=\"STP ES\" \/>\n<meta property=\"article:modified_time\" content=\"2025-07-23T11:43:28+00:00\" \/>\n<meta property=\"og:image\" content=\"https:\/\/stp.com\/es\/wp-content\/uploads\/sites\/16\/2025\/06\/Richard-Petty-1.jpeg\" \/>\n<meta name=\"twitter:card\" content=\"summary_large_image\" \/>\n<meta name=\"twitter:label1\" content=\"Est. reading time\" \/>\n\t<meta name=\"twitter:data1\" content=\"1 minute\" \/>\n<script type=\"application\/ld+json\" class=\"yoast-schema-graph\">{\"@context\":\"https:\\\/\\\/schema.org\",\"@graph\":[{\"@type\":\"WebPage\",\"@id\":\"https:\\\/\\\/stp.com\\\/es\\\/acerca-de-stp\\\/carreras\\\/\",\"url\":\"https:\\\/\\\/stp.com\\\/es\\\/acerca-de-stp\\\/carreras\\\/\",\"name\":\"Racing - Carreras - STP ES\",\"isPartOf\":{\"@id\":\"https:\\\/\\\/stp.com\\\/es\\\/#website\"},\"primaryImageOfPage\":{\"@id\":\"https:\\\/\\\/stp.com\\\/es\\\/acerca-de-stp\\\/carreras\\\/#primaryimage\"},\"image\":{\"@id\":\"https:\\\/\\\/stp.com\\\/es\\\/acerca-de-stp\\\/carreras\\\/#primaryimage\"},\"thumbnailUrl\":\"https:\\\/\\\/stp.com\\\/es\\\/wp-content\\\/uploads\\\/sites\\\/16\\\/2025\\\/06\\\/Richard-Petty-1.jpeg\",\"datePublished\":\"2025-04-01T12:20:03+00:00\",\"dateModified\":\"2025-07-23T11:43:28+00:00\",\"breadcrumb\":{\"@id\":\"https:\\\/\\\/stp.com\\\/es\\\/acerca-de-stp\\\/carreras\\\/#breadcrumb\"},\"inLanguage\":\"en-US\",\"potentialAction\":[{\"@type\":\"ReadAction\",\"target\":[\"https:\\\/\\\/stp.com\\\/es\\\/acerca-de-stp\\\/carreras\\\/\"]}]},{\"@type\":\"ImageObject\",\"inLanguage\":\"en-US\",\"@id\":\"https:\\\/\\\/stp.com\\\/es\\\/acerca-de-stp\\\/carreras\\\/#primaryimage\",\"url\":\"https:\\\/\\\/stpcdnimage.imgix.net\\\/es\\\/wp-content\\\/uploads\\\/sites\\\/16\\\/2025\\\/06\\\/Richard-Petty-1.jpeg?auto=format%2Ccompress\",\"contentUrl\":\"https:\\\/\\\/stpcdnimage.imgix.net\\\/es\\\/wp-content\\\/uploads\\\/sites\\\/16\\\/2025\\\/06\\\/Richard-Petty-1.jpeg?auto=format%2Ccompress\",\"width\":2560,\"height\":1708,\"caption\":\"Richard Petty\"},{\"@type\":\"BreadcrumbList\",\"@id\":\"https:\\\/\\\/stp.com\\\/es\\\/acerca-de-stp\\\/carreras\\\/#breadcrumb\",\"itemListElement\":[{\"@type\":\"ListItem\",\"position\":1,\"name\":\"Home\",\"item\":\"https:\\\/\\\/stp.com\\\/es\\\/\"},{\"@type\":\"ListItem\",\"position\":2,\"name\":\"Acerca de STP\u00ae\",\"item\":\"https:\\\/\\\/stp.com\\\/es\\\/acerca-de-stp\\\/\"},{\"@type\":\"ListItem\",\"position\":3,\"name\":\"Racing &#8211; Carreras\"}]},{\"@type\":\"WebSite\",\"@id\":\"https:\\\/\\\/stp.com\\\/es\\\/#website\",\"url\":\"https:\\\/\\\/stp.com\\\/es\\\/\",\"name\":\"STP ES\",\"description\":\"Science. Technology. Performance\",\"potentialAction\":[{\"@type\":\"SearchAction\",\"target\":{\"@type\":\"EntryPoint\",\"urlTemplate\":\"https:\\\/\\\/stp.com\\\/es\\\/?s={search_term_string}\"},\"query-input\":{\"@type\":\"PropertyValueSpecification\",\"valueRequired\":true,\"valueName\":\"search_term_string\"}}],\"inLanguage\":\"en-US\"}]}<\/script>\n<!-- \/ Yoast SEO plugin. -->","yoast_head_json":{"title":"Racing - Carreras - STP ES","robots":{"index":"index","follow":"follow","max-snippet":"max-snippet:-1","max-image-preview":"max-image-preview:large","max-video-preview":"max-video-preview:-1"},"canonical":"https:\/\/stp.com\/es\/acerca-de-stp\/carreras\/","og_locale":"en_US","og_type":"article","og_title":"Racing - Carreras - STP ES","og_description":"Cuando Richard Petty lleg\u00f3 a Victory Lane en el Riverside International Raceway durante la apertura de la temporada de la Copa de 1972, el logotipo de STP\u00ae estaba bien colocado en su coche. A d\u00eda de hoy, estamos orgullosos de seguir ah\u00ed. Descubra m\u00e1s sobre c\u00f3mo STP\u00ae, las carreras y Richard Petty han crecido juntos. [&hellip;]","og_url":"https:\/\/stp.com\/es\/acerca-de-stp\/carreras\/","og_site_name":"STP ES","article_modified_time":"2025-07-23T11:43:28+00:00","og_image":[{"url":"https:\/\/stp.com\/es\/wp-content\/uploads\/sites\/16\/2025\/06\/Richard-Petty-1.jpeg","type":"","width":"","height":""}],"twitter_card":"summary_large_image","twitter_misc":{"Est. reading time":"1 minute"},"schema":{"@context":"https:\/\/schema.org","@graph":[{"@type":"WebPage","@id":"https:\/\/stp.com\/es\/acerca-de-stp\/carreras\/","url":"https:\/\/stp.com\/es\/acerca-de-stp\/carreras\/","name":"Racing - Carreras - STP ES","isPartOf":{"@id":"https:\/\/stp.com\/es\/#website"},"primaryImageOfPage":{"@id":"https:\/\/stp.com\/es\/acerca-de-stp\/carreras\/#primaryimage"},"image":{"@id":"https:\/\/stp.com\/es\/acerca-de-stp\/carreras\/#primaryimage"},"thumbnailUrl":"https:\/\/stp.com\/es\/wp-content\/uploads\/sites\/16\/2025\/06\/Richard-Petty-1.jpeg","datePublished":"2025-04-01T12:20:03+00:00","dateModified":"2025-07-23T11:43:28+00:00","breadcrumb":{"@id":"https:\/\/stp.com\/es\/acerca-de-stp\/carreras\/#breadcrumb"},"inLanguage":"en-US","potentialAction":[{"@type":"ReadAction","target":["https:\/\/stp.com\/es\/acerca-de-stp\/carreras\/"]}]},{"@type":"ImageObject","inLanguage":"en-US","@id":"https:\/\/stp.com\/es\/acerca-de-stp\/carreras\/#primaryimage","url":"https:\/\/stpcdnimage.imgix.net\/es\/wp-content\/uploads\/sites\/16\/2025\/06\/Richard-Petty-1.jpeg?auto=format%2Ccompress","contentUrl":"https:\/\/stpcdnimage.imgix.net\/es\/wp-content\/uploads\/sites\/16\/2025\/06\/Richard-Petty-1.jpeg?auto=format%2Ccompress","width":2560,"height":1708,"caption":"Richard Petty"},{"@type":"BreadcrumbList","@id":"https:\/\/stp.com\/es\/acerca-de-stp\/carreras\/#breadcrumb","itemListElement":[{"@type":"ListItem","position":1,"name":"Home","item":"https:\/\/stp.com\/es\/"},{"@type":"ListItem","position":2,"name":"Acerca de STP\u00ae","item":"https:\/\/stp.com\/es\/acerca-de-stp\/"},{"@type":"ListItem","position":3,"name":"Racing &#8211; Carreras"}]},{"@type":"WebSite","@id":"https:\/\/stp.com\/es\/#website","url":"https:\/\/stp.com\/es\/","name":"STP ES","description":"Science. Technology. Performance","potentialAction":[{"@type":"SearchAction","target":{"@type":"EntryPoint","urlTemplate":"https:\/\/stp.com\/es\/?s={search_term_string}"},"query-input":{"@type":"PropertyValueSpecification","valueRequired":true,"valueName":"search_term_string"}}],"inLanguage":"en-US"}]}},"_links":{"self":[{"href":"https:\/\/stp.com\/es\/wp-json\/wp\/v2\/pages\/4271","targetHints":{"allow":["GET"]}}],"collection":[{"href":"https:\/\/stp.com\/es\/wp-json\/wp\/v2\/pages"}],"about":[{"href":"https:\/\/stp.com\/es\/wp-json\/wp\/v2\/types\/page"}],"author":[{"embeddable":true,"href":"https:\/\/stp.com\/es\/wp-json\/wp\/v2\/users\/1"}],"replies":[{"embeddable":true,"href":"https:\/\/stp.com\/es\/wp-json\/wp\/v2\/comments?post=4271"}],"version-history":[{"count":191,"href":"https:\/\/stp.com\/es\/wp-json\/wp\/v2\/pages\/4271\/revisions"}],"predecessor-version":[{"id":8382,"href":"https:\/\/stp.com\/es\/wp-json\/wp\/v2\/pages\/4271\/revisions\/8382"}],"up":[{"embeddable":true,"href":"https:\/\/stp.com\/es\/wp-json\/wp\/v2\/pages\/4227"}],"wp:attachment":[{"href":"https:\/\/stp.com\/es\/wp-json\/wp\/v2\/media?parent=4271"}],"curies":[{"name":"wp","href":"https:\/\/api.w.org\/{rel}","templated":true}]}}