{"id":4227,"date":"2025-04-01T17:18:48","date_gmt":"2025-04-01T11:48:48","guid":{"rendered":"https:\/\/c38a2c2a6e.nxcli.io\/es\/?page_id=4227"},"modified":"2025-06-30T16:30:06","modified_gmt":"2025-06-30T11:00:06","slug":"acerca-de-stp","status":"publish","type":"page","link":"https:\/\/stp.com\/es\/acerca-de-stp\/","title":{"rendered":"Acerca de STP\u00ae"},"content":{"rendered":"\t\t<div data-elementor-type=\"wp-page\" data-elementor-id=\"4227\" class=\"elementor elementor-4227\" data-elementor-post-type=\"page\">\n\t\t\t\t<div class=\"elementor-element elementor-element-dc45357 e-flex e-con-boxed e-con e-parent\" data-id=\"dc45357\" data-element_type=\"container\" data-e-type=\"container\" data-settings=\"{&quot;background_background&quot;:&quot;classic&quot;}\">\n\t\t\t\t\t<div class=\"e-con-inner\">\n\t\t\t\t<div class=\"elementor-element elementor-element-fcf9cc8 breadcrumb elementor-widget elementor-widget-breadcrumbs\" data-id=\"fcf9cc8\" data-element_type=\"widget\" data-e-type=\"widget\" data-widget_type=\"breadcrumbs.default\">\n\t\t\t\t<div class=\"elementor-widget-container\">\n\t\t\t\t\t<p id=\"breadcrumbs\"><span><span><a href=\"https:\/\/stp.com\/es\/\">Home<\/a><\/span><\/span><\/p>\t\t\t\t<\/div>\n\t\t\t\t<\/div>\n\t\t<div class=\"elementor-element elementor-element-1682186 e-con-full e-flex e-con e-child\" data-id=\"1682186\" data-element_type=\"container\" data-e-type=\"container\">\n\t\t<div class=\"elementor-element elementor-element-f2399e3 e-con-full product__head e-flex e-con e-child\" data-id=\"f2399e3\" data-element_type=\"container\" data-e-type=\"container\">\n\t\t\t\t<div class=\"elementor-element elementor-element-2d79943 elementor-widget elementor-widget-text-editor\" data-id=\"2d79943\" data-element_type=\"widget\" data-e-type=\"widget\" data-widget_type=\"text-editor.default\">\n\t\t\t\t<div class=\"elementor-widget-container\">\n\t\t\t\t\t\t\t\t\t<div class=\"col\"><p>Durante m\u00e1s de 60 a\u00f1os, y durante m\u00e1s kil\u00f3metros de los que se pueden contar, STP\u00ae ha sido uno de los nombres m\u00e1s fiables en el cuidado del autom\u00f3vil.<\/p><p>Los entusiastas del autom\u00f3vil, los aficionados de la mec\u00e1nica y los corredores profesionales conf\u00edan en los aditivos para aceite, los aditivos para combustible y los l\u00edquidos de frenos y de direcci\u00f3n asistida de STP\u00ae para que sus veh\u00edculos funcionen mejor y durante m\u00e1s tiempo.<\/p><p>STP\u00ae tiene su sede en Danbury, Connecticut, y forma parte de Energizer Holdings, Inc.<\/p><\/div>\t\t\t\t\t\t\t\t<\/div>\n\t\t\t\t<\/div>\n\t\t\t\t<\/div>\n\t\t\t\t<\/div>\n\t\t\t\t\t<\/div>\n\t\t\t\t<\/div>\n\t\t<div class=\"elementor-element elementor-element-b361fa6 top-red-border e-flex e-con-boxed e-con e-parent\" data-id=\"b361fa6\" data-element_type=\"container\" data-e-type=\"container\" data-settings=\"{&quot;background_background&quot;:&quot;classic&quot;}\">\n\t\t\t\t\t<div class=\"e-con-inner\">\n\t\t<div class=\"elementor-element elementor-element-94a7626 e-con-full e-flex e-con e-child\" data-id=\"94a7626\" data-element_type=\"container\" data-e-type=\"container\">\n\t\t\t\t<div class=\"elementor-element elementor-element-a74bf50 elementor-position-right elementor-vertical-align-middle image-text-section elementor-widget elementor-widget-image-box\" data-id=\"a74bf50\" data-element_type=\"widget\" data-e-type=\"widget\" data-widget_type=\"image-box.default\">\n\t\t\t\t<div class=\"elementor-widget-container\">\n\t\t\t\t\t<div class=\"elementor-image-box-wrapper\"><figure class=\"elementor-image-box-img\"><img fetchpriority=\"high\" decoding=\"async\" width=\"762\" height=\"427\" src=\"https:\/\/stpcdnimage.imgix.net\/es\/wp-content\/uploads\/sites\/16\/2025\/04\/test-history.jpg?auto=format%2Ccompress\" class=\"attachment-full size-full wp-image-4610\" alt=\"\" srcset=\"https:\/\/stpcdnimage.imgix.net\/es\/wp-content\/uploads\/sites\/16\/2025\/04\/test-history.jpg?w=762 762w, https:\/\/stpcdnimage.imgix.net\/es\/wp-content\/uploads\/sites\/16\/2025\/04\/test-history.jpg?w=300 300w\" sizes=\"(max-width: 762px) 100vw, 762px\" \/><\/figure><div class=\"elementor-image-box-content\"><h3 class=\"elementor-image-box-title\">Historia<\/h3><p class=\"elementor-image-box-description\">Conozca la historia de STP, fundada en 1954.\n\n<p><a class=\"btn\" href=\"https:\/\/stp.com\/es\/acerca-de-stp\/la-historia-de-stp\/\"> La historia de STP\u00ae <\/a><\/p><\/p><\/div><\/div>\t\t\t\t<\/div>\n\t\t\t\t<\/div>\n\t\t\t\t<div class=\"elementor-element elementor-element-3a5f59c elementor-position-left elementor-vertical-align-middle image-text-section left-image elementor-widget elementor-widget-image-box\" data-id=\"3a5f59c\" data-element_type=\"widget\" data-e-type=\"widget\" data-widget_type=\"image-box.default\">\n\t\t\t\t<div class=\"elementor-widget-container\">\n\t\t\t\t\t<div class=\"elementor-image-box-wrapper\"><figure class=\"elementor-image-box-img\"><img decoding=\"async\" width=\"762\" height=\"427\" src=\"https:\/\/stpcdnimage.imgix.net\/es\/wp-content\/uploads\/sites\/16\/2025\/04\/richardpettyhero.jpg?auto=format%2Ccompress\" class=\"attachment-full size-full wp-image-4623\" alt=\"\" srcset=\"https:\/\/stpcdnimage.imgix.net\/es\/wp-content\/uploads\/sites\/16\/2025\/04\/richardpettyhero.jpg?w=762 762w, https:\/\/stpcdnimage.imgix.net\/es\/wp-content\/uploads\/sites\/16\/2025\/04\/richardpettyhero.jpg?w=300 300w\" sizes=\"(max-width: 762px) 100vw, 762px\" \/><\/figure><div class=\"elementor-image-box-content\"><h3 class=\"elementor-image-box-title\">Carreras<\/h3><p class=\"elementor-image-box-description\">Cuando Richard Petty lleg\u00f3 a Victory Lane en el Riverside International Raceway durante la apertura de la temporada de la Copa de 1972, el logotipo de STP\u00ae estaba en el coche y hoy en d\u00eda todav\u00eda est\u00e1 en \u00e9l.\n\n<p><a class=\"btn\" href=\"https:\/\/stp.com\/es\/acerca-de-stp\/carreras\/\">STP\u00ae Racing<\/a><\/p><\/p><\/div><\/div>\t\t\t\t<\/div>\n\t\t\t\t<\/div>\n\t\t\t\t<div class=\"elementor-element elementor-element-e049ab3 elementor-position-right elementor-vertical-align-middle image-text-section elementor-widget elementor-widget-image-box\" data-id=\"e049ab3\" data-element_type=\"widget\" data-e-type=\"widget\" data-widget_type=\"image-box.default\">\n\t\t\t\t<div class=\"elementor-widget-container\">\n\t\t\t\t\t<div class=\"elementor-image-box-wrapper\"><figure class=\"elementor-image-box-img\"><img decoding=\"async\" width=\"813\" height=\"611\" src=\"https:\/\/stpcdnimage.imgix.net\/es\/wp-content\/uploads\/sites\/16\/2025\/04\/stp.png?auto=format%2Ccompress\" class=\"attachment-full size-full wp-image-4636\" alt=\"stp logo\" srcset=\"https:\/\/stpcdnimage.imgix.net\/es\/wp-content\/uploads\/sites\/16\/2025\/04\/stp.png?w=813 813w, https:\/\/stpcdnimage.imgix.net\/es\/wp-content\/uploads\/sites\/16\/2025\/04\/stp.png?w=300 300w, https:\/\/stpcdnimage.imgix.net\/es\/wp-content\/uploads\/sites\/16\/2025\/04\/stp.png?w=768 768w\" sizes=\"(max-width: 813px) 100vw, 813px\" \/><\/figure><div class=\"elementor-image-box-content\"><h3 class=\"elementor-image-box-title\">Buscar un minorista<\/h3><p class=\"elementor-image-box-description\">Haga clic aqu\u00ed para encontrar la ubicaci\u00f3n m\u00e1s pr\u00f3xima donde comprar productos STP\u00ae.\n\n\n<p><a class=\"btn\" href=\"https:\/\/stp.com\/es\/encuentre-un-distribuidor-cerca-de-usted\/\">Buscar un minorista<\/a><\/p><\/p><\/div><\/div>\t\t\t\t<\/div>\n\t\t\t\t<\/div>\n\t\t\t\t<\/div>\n\t\t\t\t\t<\/div>\n\t\t\t\t<\/div>\n\t\t\t\t<\/div>\n\t\t","protected":false},"excerpt":{"rendered":"<p>Durante m\u00e1s de 60 a\u00f1os, y durante m\u00e1s kil\u00f3metros de los que se pueden contar, STP\u00ae ha sido uno de los nombres m\u00e1s fiables en el cuidado del autom\u00f3vil. Los entusiastas del autom\u00f3vil, los aficionados de la mec\u00e1nica y los corredores profesionales conf\u00edan en los aditivos para aceite, los aditivos para combustible y los l\u00edquidos [&hellip;]<\/p>\n","protected":false},"author":1,"featured_media":0,"parent":0,"menu_order":0,"comment_status":"closed","ping_status":"closed","template":"","meta":{"_acf_changed":false,"footnotes":""},"class_list":["post-4227","page","type-page","status-publish","hentry"],"acf":[],"yoast_head":"<!-- This site is optimized with the Yoast SEO plugin v27.4 - https:\/\/yoast.com\/product\/yoast-seo-wordpress\/ -->\n<title>Acerca de STP\u00ae - STP ES<\/title>\n<meta name=\"robots\" content=\"index, follow, max-snippet:-1, max-image-preview:large, max-video-preview:-1\" \/>\n<link rel=\"canonical\" href=\"https:\/\/stp.com\/es\/acerca-de-stp\/\" \/>\n<meta property=\"og:locale\" content=\"en_US\" \/>\n<meta property=\"og:type\" content=\"article\" \/>\n<meta property=\"og:title\" content=\"Acerca de STP\u00ae - STP ES\" \/>\n<meta property=\"og:description\" content=\"Durante m\u00e1s de 60 a\u00f1os, y durante m\u00e1s kil\u00f3metros de los que se pueden contar, STP\u00ae ha sido uno de los nombres m\u00e1s fiables en el cuidado del autom\u00f3vil. Los entusiastas del autom\u00f3vil, los aficionados de la mec\u00e1nica y los corredores profesionales conf\u00edan en los aditivos para aceite, los aditivos para combustible y los l\u00edquidos [&hellip;]\" \/>\n<meta property=\"og:url\" content=\"https:\/\/stp.com\/es\/acerca-de-stp\/\" \/>\n<meta property=\"og:site_name\" content=\"STP ES\" \/>\n<meta property=\"article:modified_time\" content=\"2025-06-30T11:00:06+00:00\" \/>\n<meta property=\"og:image\" content=\"https:\/\/stp.com\/es\/wp-content\/uploads\/sites\/16\/2025\/04\/test-history.jpg\" \/>\n<meta name=\"twitter:card\" content=\"summary_large_image\" \/>\n<meta name=\"twitter:label1\" content=\"Est. reading time\" \/>\n\t<meta name=\"twitter:data1\" content=\"2 minutes\" \/>\n<script type=\"application\/ld+json\" class=\"yoast-schema-graph\">{\"@context\":\"https:\\\/\\\/schema.org\",\"@graph\":[{\"@type\":\"WebPage\",\"@id\":\"https:\\\/\\\/stp.com\\\/es\\\/acerca-de-stp\\\/\",\"url\":\"https:\\\/\\\/stp.com\\\/es\\\/acerca-de-stp\\\/\",\"name\":\"Acerca de STP\u00ae - STP ES\",\"isPartOf\":{\"@id\":\"https:\\\/\\\/stp.com\\\/es\\\/#website\"},\"primaryImageOfPage\":{\"@id\":\"https:\\\/\\\/stp.com\\\/es\\\/acerca-de-stp\\\/#primaryimage\"},\"image\":{\"@id\":\"https:\\\/\\\/stp.com\\\/es\\\/acerca-de-stp\\\/#primaryimage\"},\"thumbnailUrl\":\"https:\\\/\\\/stp.com\\\/es\\\/wp-content\\\/uploads\\\/sites\\\/16\\\/2025\\\/04\\\/test-history.jpg\",\"datePublished\":\"2025-04-01T11:48:48+00:00\",\"dateModified\":\"2025-06-30T11:00:06+00:00\",\"breadcrumb\":{\"@id\":\"https:\\\/\\\/stp.com\\\/es\\\/acerca-de-stp\\\/#breadcrumb\"},\"inLanguage\":\"en-US\",\"potentialAction\":[{\"@type\":\"ReadAction\",\"target\":[\"https:\\\/\\\/stp.com\\\/es\\\/acerca-de-stp\\\/\"]}]},{\"@type\":\"ImageObject\",\"inLanguage\":\"en-US\",\"@id\":\"https:\\\/\\\/stp.com\\\/es\\\/acerca-de-stp\\\/#primaryimage\",\"url\":\"https:\\\/\\\/stpcdnimage.imgix.net\\\/es\\\/wp-content\\\/uploads\\\/sites\\\/16\\\/2025\\\/04\\\/test-history.jpg?auto=format%2Ccompress\",\"contentUrl\":\"https:\\\/\\\/stpcdnimage.imgix.net\\\/es\\\/wp-content\\\/uploads\\\/sites\\\/16\\\/2025\\\/04\\\/test-history.jpg?auto=format%2Ccompress\",\"width\":762,\"height\":427},{\"@type\":\"BreadcrumbList\",\"@id\":\"https:\\\/\\\/stp.com\\\/es\\\/acerca-de-stp\\\/#breadcrumb\",\"itemListElement\":[{\"@type\":\"ListItem\",\"position\":1,\"name\":\"Home\",\"item\":\"https:\\\/\\\/stp.com\\\/es\\\/\"},{\"@type\":\"ListItem\",\"position\":2,\"name\":\"Acerca de STP\u00ae\"}]},{\"@type\":\"WebSite\",\"@id\":\"https:\\\/\\\/stp.com\\\/es\\\/#website\",\"url\":\"https:\\\/\\\/stp.com\\\/es\\\/\",\"name\":\"STP ES\",\"description\":\"Science. Technology. Performance\",\"potentialAction\":[{\"@type\":\"SearchAction\",\"target\":{\"@type\":\"EntryPoint\",\"urlTemplate\":\"https:\\\/\\\/stp.com\\\/es\\\/?s={search_term_string}\"},\"query-input\":{\"@type\":\"PropertyValueSpecification\",\"valueRequired\":true,\"valueName\":\"search_term_string\"}}],\"inLanguage\":\"en-US\"}]}<\/script>\n<!-- \/ Yoast SEO plugin. -->","yoast_head_json":{"title":"Acerca de STP\u00ae - STP ES","robots":{"index":"index","follow":"follow","max-snippet":"max-snippet:-1","max-image-preview":"max-image-preview:large","max-video-preview":"max-video-preview:-1"},"canonical":"https:\/\/stp.com\/es\/acerca-de-stp\/","og_locale":"en_US","og_type":"article","og_title":"Acerca de STP\u00ae - STP ES","og_description":"Durante m\u00e1s de 60 a\u00f1os, y durante m\u00e1s kil\u00f3metros de los que se pueden contar, STP\u00ae ha sido uno de los nombres m\u00e1s fiables en el cuidado del autom\u00f3vil. Los entusiastas del autom\u00f3vil, los aficionados de la mec\u00e1nica y los corredores profesionales conf\u00edan en los aditivos para aceite, los aditivos para combustible y los l\u00edquidos [&hellip;]","og_url":"https:\/\/stp.com\/es\/acerca-de-stp\/","og_site_name":"STP ES","article_modified_time":"2025-06-30T11:00:06+00:00","og_image":[{"url":"https:\/\/stp.com\/es\/wp-content\/uploads\/sites\/16\/2025\/04\/test-history.jpg","type":"","width":"","height":""}],"twitter_card":"summary_large_image","twitter_misc":{"Est. reading time":"2 minutes"},"schema":{"@context":"https:\/\/schema.org","@graph":[{"@type":"WebPage","@id":"https:\/\/stp.com\/es\/acerca-de-stp\/","url":"https:\/\/stp.com\/es\/acerca-de-stp\/","name":"Acerca de STP\u00ae - STP ES","isPartOf":{"@id":"https:\/\/stp.com\/es\/#website"},"primaryImageOfPage":{"@id":"https:\/\/stp.com\/es\/acerca-de-stp\/#primaryimage"},"image":{"@id":"https:\/\/stp.com\/es\/acerca-de-stp\/#primaryimage"},"thumbnailUrl":"https:\/\/stp.com\/es\/wp-content\/uploads\/sites\/16\/2025\/04\/test-history.jpg","datePublished":"2025-04-01T11:48:48+00:00","dateModified":"2025-06-30T11:00:06+00:00","breadcrumb":{"@id":"https:\/\/stp.com\/es\/acerca-de-stp\/#breadcrumb"},"inLanguage":"en-US","potentialAction":[{"@type":"ReadAction","target":["https:\/\/stp.com\/es\/acerca-de-stp\/"]}]},{"@type":"ImageObject","inLanguage":"en-US","@id":"https:\/\/stp.com\/es\/acerca-de-stp\/#primaryimage","url":"https:\/\/stpcdnimage.imgix.net\/es\/wp-content\/uploads\/sites\/16\/2025\/04\/test-history.jpg?auto=format%2Ccompress","contentUrl":"https:\/\/stpcdnimage.imgix.net\/es\/wp-content\/uploads\/sites\/16\/2025\/04\/test-history.jpg?auto=format%2Ccompress","width":762,"height":427},{"@type":"BreadcrumbList","@id":"https:\/\/stp.com\/es\/acerca-de-stp\/#breadcrumb","itemListElement":[{"@type":"ListItem","position":1,"name":"Home","item":"https:\/\/stp.com\/es\/"},{"@type":"ListItem","position":2,"name":"Acerca de STP\u00ae"}]},{"@type":"WebSite","@id":"https:\/\/stp.com\/es\/#website","url":"https:\/\/stp.com\/es\/","name":"STP ES","description":"Science. Technology. Performance","potentialAction":[{"@type":"SearchAction","target":{"@type":"EntryPoint","urlTemplate":"https:\/\/stp.com\/es\/?s={search_term_string}"},"query-input":{"@type":"PropertyValueSpecification","valueRequired":true,"valueName":"search_term_string"}}],"inLanguage":"en-US"}]}},"_links":{"self":[{"href":"https:\/\/stp.com\/es\/wp-json\/wp\/v2\/pages\/4227","targetHints":{"allow":["GET"]}}],"collection":[{"href":"https:\/\/stp.com\/es\/wp-json\/wp\/v2\/pages"}],"about":[{"href":"https:\/\/stp.com\/es\/wp-json\/wp\/v2\/types\/page"}],"author":[{"embeddable":true,"href":"https:\/\/stp.com\/es\/wp-json\/wp\/v2\/users\/1"}],"replies":[{"embeddable":true,"href":"https:\/\/stp.com\/es\/wp-json\/wp\/v2\/comments?post=4227"}],"version-history":[{"count":83,"href":"https:\/\/stp.com\/es\/wp-json\/wp\/v2\/pages\/4227\/revisions"}],"predecessor-version":[{"id":8369,"href":"https:\/\/stp.com\/es\/wp-json\/wp\/v2\/pages\/4227\/revisions\/8369"}],"wp:attachment":[{"href":"https:\/\/stp.com\/es\/wp-json\/wp\/v2\/media?parent=4227"}],"curies":[{"name":"wp","href":"https:\/\/api.w.org\/{rel}","templated":true}]}}